{"id":5316,"date":"2024-12-25T17:34:18","date_gmt":"2024-12-25T09:34:18","guid":{"rendered":"https:\/\/www.rkmega.com\/?post_type=product&#038;p=5316"},"modified":"2025-04-23T18:12:40","modified_gmt":"2025-04-23T10:12:40","slug":"fiber-hdv-4k60-2kt-r","status":"publish","type":"product","link":"https:\/\/www.rkmega.com\/es\/producto\/fiber-hdv-4k60-2kt-r\/","title":{"rendered":"Modelo FIBRA-HDV-4K60-2KT\/R"},"content":{"rendered":"<p>&nbsp;<\/p>\n<p><img decoding=\"async\" class=\"alignnone wp-image-5317\" src=\"https:\/\/www.rkmega.com\/wp-content\/uploads\/2024\/12\/\u56fe\u72471-3-300x209.png\" alt=\"\" width=\"208\" height=\"145\" srcset=\"https:\/\/www.rkmega.com\/wp-content\/uploads\/2024\/12\/\u56fe\u72471-3-300x209.png 300w, https:\/\/www.rkmega.com\/wp-content\/uploads\/2024\/12\/\u56fe\u72471-3-600x419.png 600w, https:\/\/www.rkmega.com\/wp-content\/uploads\/2024\/12\/\u56fe\u72471-3-1024x714.png 1024w, https:\/\/www.rkmega.com\/wp-content\/uploads\/2024\/12\/\u56fe\u72471-3-768x536.png 768w, https:\/\/www.rkmega.com\/wp-content\/uploads\/2024\/12\/\u56fe\u72471-3-18x12.png 18w, https:\/\/www.rkmega.com\/wp-content\/uploads\/2024\/12\/\u56fe\u72471-3.png 1124w\" sizes=\"(max-width: 208px) 100vw, 208px\" \/>\u00a0 \u00a0 \u00a0 \u00a0 <img decoding=\"async\" class=\"alignnone wp-image-5318\" src=\"https:\/\/www.rkmega.com\/wp-content\/uploads\/2024\/12\/\u56fe\u72472-2-300x212.png\" alt=\"\" width=\"217\" height=\"153\" srcset=\"https:\/\/www.rkmega.com\/wp-content\/uploads\/2024\/12\/\u56fe\u72472-2-300x212.png 300w, https:\/\/www.rkmega.com\/wp-content\/uploads\/2024\/12\/\u56fe\u72472-2-600x424.png 600w, https:\/\/www.rkmega.com\/wp-content\/uploads\/2024\/12\/\u56fe\u72472-2-1024x724.png 1024w, https:\/\/www.rkmega.com\/wp-content\/uploads\/2024\/12\/\u56fe\u72472-2-768x543.png 768w, https:\/\/www.rkmega.com\/wp-content\/uploads\/2024\/12\/\u56fe\u72472-2-18x12.png 18w, https:\/\/www.rkmega.com\/wp-content\/uploads\/2024\/12\/\u56fe\u72472-2.png 1051w\" sizes=\"(max-width: 217px) 100vw, 217px\" \/><\/p>\n<p>&nbsp;<\/p>\n<p>FIBER-HDV-4K60-2KT FIBER-HDV-4K60-2KR<\/p>\n<p>&nbsp;<\/p>\n<ul>\n<li>Transmite se\u00f1ales de v\u00eddeo HDMI\/VGA+LR y se\u00f1ales de audio a trav\u00e9s de un \u00fanico cable de fibra \u00f3ptica, con una distancia de transmisi\u00f3n de 2 kil\u00f3metros (fibra monomodo).<\/li>\n<li>Admite cualquier resoluci\u00f3n en modo VGA, con una compatibilidad m\u00e1xima de 1920\u00d71200@60Hz y 1080p60Hz.<\/li>\n<li>El extremo receptor admite cambios de resoluci\u00f3n, lo que permite seleccionar una salida de resoluci\u00f3n adecuada en funci\u00f3n del dispositivo de visualizaci\u00f3n.<\/li>\n<li>Admite la incrustaci\u00f3n y desconexi\u00f3n de audio, con salida de audio disponible tanto desde la interfaz de salida HDMI como desde la interfaz de 3,5 mm en el extremo receptor.<\/li>\n<li>Se adapta autom\u00e1ticamente a diversos entornos de aplicaci\u00f3n, sin necesidad de ajustes y sin degradaci\u00f3n de la se\u00f1al durante la transmisi\u00f3n de im\u00e1genes.<\/li>\n<li>El m\u00f3dulo \u00f3ptico utiliza un paquete XFP est\u00e1ndar, que puede sustituirse in situ en funci\u00f3n del entorno.<\/li>\n<\/ul>","protected":false},"excerpt":{"rendered":"<table>\n<tbody>\n<tr>\n<td><\/td>\n<td colspan=\"2\" width=\"546\"><\/td>\n<\/tr>\n<tr>\n<td><strong><b>N\u00famero de modelo<\/b><\/strong><\/td>\n<td width=\"274\"><strong><b>FIBRA-HDV-4K60-2KT (TX)<\/b><\/strong><\/td>\n<td width=\"272\"><strong><b>FIBRA-HDV-4K60-2KR (RX)<\/b><\/strong><\/td>\n<\/tr>\n<tr>\n<td>Descripci\u00f3n<\/td>\n<td width=\"274\">Transmisor de fibra monomodo HDMI 2.0<\/td>\n<td width=\"272\">Receptor de fibra monomodo HDMI 2.0<\/td>\n<\/tr>\n<tr>\n<td>Entrada<\/td>\n<td width=\"274\">1x HDMI, 1x VGA, 1x 3,5mm AUDIO<\/td>\n<td width=\"272\">1x Fibra LC<\/td>\n<\/tr>\n<tr>\n<td>Salida<\/td>\n<td width=\"274\">1x Fibra LC<\/td>\n<td width=\"272\">1x HDMI, 1x 3,5 mm AUDIO<\/td>\n<\/tr>\n<tr>\n<td>Protocolo est\u00e1ndar<\/td>\n<td colspan=\"2\" width=\"546\">Compatible con los protocolos HDMI 2.0 y HDCP 2.2, admite la gesti\u00f3n inteligente EDID<\/td>\n<\/tr>\n<tr>\n<td>Resoluci\u00f3n<\/td>\n<td colspan=\"2\" width=\"546\">640x480p@60Hz a 1920\u00d71200@60Hz (norma VESA), 480i-4K60Hz (norma HDTV)<\/td>\n<\/tr>\n<tr>\n<td>Distancia de transmisi\u00f3n<\/td>\n<td colspan=\"2\" width=\"546\">2 KM<\/td>\n<\/tr>\n<tr>\n<td>Dimensiones<\/td>\n<td colspan=\"2\" width=\"546\">152x100x27mm (Tx\/Rx)<\/td>\n<\/tr>\n<tr>\n<td>Peso<\/td>\n<td colspan=\"2\" width=\"546\">920 g (par)<\/td>\n<\/tr>\n<tr>\n<td>Fuente de alimentaci\u00f3n<\/td>\n<td colspan=\"2\" width=\"546\">CA: 110V-240V 50\/60Hz<\/p>\n<p>CC: 12 V 1,5 A<\/td>\n<\/tr>\n<tr>\n<td>Temperatura de funcionamiento<\/td>\n<td colspan=\"2\" width=\"546\">0\u00b0C a 50\u00b0C<\/td>\n<\/tr>\n<tr>\n<td>Temperatura de almacenamiento<\/td>\n<td colspan=\"2\" width=\"546\">-20\u00b0C a 55\u00b0C<\/td>\n<\/tr>\n<\/tbody>\n<\/table>","protected":false},"featured_media":5403,"comment_status":"open","ping_status":"closed","template":"","meta":{"site-sidebar-layout":"default","site-content-layout":"","ast-site-content-layout":"default","site-content-style":"default","site-sidebar-style":"default","ast-global-header-display":"","ast-banner-title-visibility":"","ast-main-header-display":"","ast-hfb-above-header-display":"","ast-hfb-below-header-display":"","ast-hfb-mobile-header-display":"","site-post-title":"","ast-breadcrumbs-content":"","ast-featured-img":"","footer-sml-layout":"","theme-transparent-header-meta":"default","adv-header-id-meta":"","stick-header-meta":"","header-above-stick-meta":"","header-main-stick-meta":"","header-below-stick-meta":"","astra-migrate-meta-layouts":"set","ast-page-background-enabled":"default","ast-page-background-meta":{"desktop":{"background-color":"","background-image":"","background-repeat":"repeat","background-position":"center center","background-size":"auto","background-attachment":"scroll","background-type":"","background-media":"","overlay-type":"","overlay-color":"","overlay-opacity":"","overlay-gradient":""},"tablet":{"background-color":"","background-image":"","background-repeat":"repeat","background-position":"center center","background-size":"auto","background-attachment":"scroll","background-type":"","background-media":"","overlay-type":"","overlay-color":"","overlay-opacity":"","overlay-gradient":""},"mobile":{"background-color":"","background-image":"","background-repeat":"repeat","background-position":"center center","background-size":"auto","background-attachment":"scroll","background-type":"","background-media":"","overlay-type":"","overlay-color":"","overlay-opacity":"","overlay-gradient":""}},"ast-content-background-meta":{"desktop":{"background-color":"var(--ast-global-color-5)","background-image":"","background-repeat":"repeat","background-position":"center center","background-size":"auto","background-attachment":"scroll","background-type":"","background-media":"","overlay-type":"","overlay-color":"","overlay-opacity":"","overlay-gradient":""},"tablet":{"background-color":"var(--ast-global-color-5)","background-image":"","background-repeat":"repeat","background-position":"center center","background-size":"auto","background-attachment":"scroll","background-type":"","background-media":"","overlay-type":"","overlay-color":"","overlay-opacity":"","overlay-gradient":""},"mobile":{"background-color":"var(--ast-global-color-5)","background-image":"","background-repeat":"repeat","background-position":"center center","background-size":"auto","background-attachment":"scroll","background-type":"","background-media":"","overlay-type":"","overlay-color":"","overlay-opacity":"","overlay-gradient":""}}},"product_cat":[88],"product_tag":[],"class_list":{"0":"post-5316","1":"product","2":"type-product","3":"status-publish","4":"has-post-thumbnail","6":"product_cat-optical-fiber","7":"desktop-align-left","8":"tablet-align-left","9":"mobile-align-left","11":"first","12":"instock","13":"shipping-taxable","14":"product-type-simple"},"yoast_head":"<!-- This site is optimized with the Yoast SEO plugin v24.9 - https:\/\/yoast.com\/wordpress\/plugins\/seo\/ -->\n<title>Model: FIBER-HDV-4K60-2KT\/R - LED Solution Provider | OEM&amp;ODM | 15+ Years<\/title>\n<meta name=\"robots\" content=\"index, follow, max-snippet:-1, max-image-preview:large, max-video-preview:-1\" \/>\n<link rel=\"canonical\" href=\"https:\/\/www.rkmega.com\/es\/producto\/fiber-hdv-4k60-2kt-r\/\" \/>\n<meta property=\"og:locale\" content=\"es_ES\" \/>\n<meta property=\"og:type\" content=\"article\" \/>\n<meta property=\"og:title\" content=\"Model: FIBER-HDV-4K60-2KT\/R - LED Solution Provider | OEM&amp;ODM | 15+ Years\" \/>\n<meta property=\"og:description\" content=\"Model Number FIBER-HDV-4K60-2KT (TX) FIBER-HDV-4K60-2KR (RX)   Description HDMI 2.0 Single-mode Fiber Transmitter HDMI 2.0 Single-mode Fiber Receiver   Input 1x HDMI, 1x VGA, 1x 3.5mm AUDIO 1x LC Fiber   Output 1x LC Fiber 1x HDMI, 1x 3.5mm AUDIO   Standard Protocol Supports HDMI 2.0 and HDCP 2.2 protocols, supports EDID intelligent management   Resolution 640x480p@60Hz to 1920x1200@60Hz (VESA Standard), 480i-4K60Hz (HDTV Standard)   Transmission Distance 2KM   Dimensions 152x100x27mm (Tx\/Rx)   Weight 920g (Pair)   Power Supply AC: 110V-240V 50\/60Hz  DC: 12V 1.5A   Operating Temperature 0\u00b0C to 50\u00b0C   Storage Temperature -20\u00b0C to 55\u00b0C\" \/>\n<meta property=\"og:url\" content=\"https:\/\/www.rkmega.com\/es\/producto\/fiber-hdv-4k60-2kt-r\/\" \/>\n<meta property=\"og:site_name\" content=\"LED Solution Provider | OEM&amp;ODM | 15+ Years\" \/>\n<meta property=\"article:modified_time\" content=\"2025-04-23T10:12:40+00:00\" \/>\n<meta property=\"og:image\" content=\"https:\/\/www.rkmega.com\/wp-content\/uploads\/2024\/12\/FIBER-HDV-4K60-2KT.jpg\" \/>\n\t<meta property=\"og:image:width\" content=\"1600\" \/>\n\t<meta property=\"og:image:height\" content=\"1200\" \/>\n\t<meta property=\"og:image:type\" content=\"image\/jpeg\" \/>\n<meta name=\"twitter:card\" content=\"summary_large_image\" \/>\n<meta name=\"twitter:label1\" content=\"Tiempo de lectura\" \/>\n\t<meta name=\"twitter:data1\" content=\"1 minuto\" \/>\n<script type=\"application\/ld+json\" class=\"yoast-schema-graph\">{\"@context\":\"https:\/\/schema.org\",\"@graph\":[{\"@type\":\"WebPage\",\"@id\":\"https:\/\/www.rkmega.com\/product\/fiber-hdv-4k60-2kt-r\/\",\"url\":\"https:\/\/www.rkmega.com\/product\/fiber-hdv-4k60-2kt-r\/\",\"name\":\"Model: FIBER-HDV-4K60-2KT\/R - LED Solution Provider | OEM&amp;ODM | 15+ Years\",\"isPartOf\":{\"@id\":\"https:\/\/www.rkmega.com\/#website\"},\"primaryImageOfPage\":{\"@id\":\"https:\/\/www.rkmega.com\/product\/fiber-hdv-4k60-2kt-r\/#primaryimage\"},\"image\":{\"@id\":\"https:\/\/www.rkmega.com\/product\/fiber-hdv-4k60-2kt-r\/#primaryimage\"},\"thumbnailUrl\":\"https:\/\/www.rkmega.com\/wp-content\/uploads\/2024\/12\/FIBER-HDV-4K60-2KT.jpg\",\"datePublished\":\"2024-12-25T09:34:18+00:00\",\"dateModified\":\"2025-04-23T10:12:40+00:00\",\"breadcrumb\":{\"@id\":\"https:\/\/www.rkmega.com\/product\/fiber-hdv-4k60-2kt-r\/#breadcrumb\"},\"inLanguage\":\"es\",\"potentialAction\":[{\"@type\":\"ReadAction\",\"target\":[\"https:\/\/www.rkmega.com\/product\/fiber-hdv-4k60-2kt-r\/\"]}]},{\"@type\":\"ImageObject\",\"inLanguage\":\"es\",\"@id\":\"https:\/\/www.rkmega.com\/product\/fiber-hdv-4k60-2kt-r\/#primaryimage\",\"url\":\"https:\/\/www.rkmega.com\/wp-content\/uploads\/2024\/12\/FIBER-HDV-4K60-2KT.jpg\",\"contentUrl\":\"https:\/\/www.rkmega.com\/wp-content\/uploads\/2024\/12\/FIBER-HDV-4K60-2KT.jpg\",\"width\":1600,\"height\":1200},{\"@type\":\"BreadcrumbList\",\"@id\":\"https:\/\/www.rkmega.com\/product\/fiber-hdv-4k60-2kt-r\/#breadcrumb\",\"itemListElement\":[{\"@type\":\"ListItem\",\"position\":1,\"name\":\"Home\",\"item\":\"https:\/\/www.rkmega.com\/\"},{\"@type\":\"ListItem\",\"position\":2,\"name\":\"Store\",\"item\":\"https:\/\/www.rkmega.com\/store\/\"},{\"@type\":\"ListItem\",\"position\":3,\"name\":\"Model: FIBER-HDV-4K60-2KT\/R\"}]},{\"@type\":\"WebSite\",\"@id\":\"https:\/\/www.rkmega.com\/#website\",\"url\":\"https:\/\/www.rkmega.com\/\",\"name\":\"LED DISPLAY\",\"description\":\"\",\"publisher\":{\"@id\":\"https:\/\/www.rkmega.com\/#organization\"},\"potentialAction\":[{\"@type\":\"SearchAction\",\"target\":{\"@type\":\"EntryPoint\",\"urlTemplate\":\"https:\/\/www.rkmega.com\/?s={search_term_string}\"},\"query-input\":{\"@type\":\"PropertyValueSpecification\",\"valueRequired\":true,\"valueName\":\"search_term_string\"}}],\"inLanguage\":\"es\"},{\"@type\":\"Organization\",\"@id\":\"https:\/\/www.rkmega.com\/#organization\",\"name\":\"RKMEGA\",\"url\":\"https:\/\/www.rkmega.com\/\",\"logo\":{\"@type\":\"ImageObject\",\"inLanguage\":\"es\",\"@id\":\"https:\/\/www.rkmega.com\/#\/schema\/logo\/image\/\",\"url\":\"https:\/\/www.rkmega.com\/wp-content\/uploads\/2024\/12\/cropped-LOGO180X60-2.png\",\"contentUrl\":\"https:\/\/www.rkmega.com\/wp-content\/uploads\/2024\/12\/cropped-LOGO180X60-2.png\",\"width\":180,\"height\":60,\"caption\":\"RKMEGA\"},\"image\":{\"@id\":\"https:\/\/www.rkmega.com\/#\/schema\/logo\/image\/\"}}]}<\/script>\n<!-- \/ Yoast SEO plugin. -->","yoast_head_json":{"title":"Model: FIBER-HDV-4K60-2KT\/R - LED Solution Provider | OEM&amp;ODM | 15+ Years","robots":{"index":"index","follow":"follow","max-snippet":"max-snippet:-1","max-image-preview":"max-image-preview:large","max-video-preview":"max-video-preview:-1"},"canonical":"https:\/\/www.rkmega.com\/es\/producto\/fiber-hdv-4k60-2kt-r\/","og_locale":"es_ES","og_type":"article","og_title":"Model: FIBER-HDV-4K60-2KT\/R - LED Solution Provider | OEM&amp;ODM | 15+ Years","og_description":"Model Number FIBER-HDV-4K60-2KT (TX) FIBER-HDV-4K60-2KR (RX)   Description HDMI 2.0 Single-mode Fiber Transmitter HDMI 2.0 Single-mode Fiber Receiver   Input 1x HDMI, 1x VGA, 1x 3.5mm AUDIO 1x LC Fiber   Output 1x LC Fiber 1x HDMI, 1x 3.5mm AUDIO   Standard Protocol Supports HDMI 2.0 and HDCP 2.2 protocols, supports EDID intelligent management   Resolution 640x480p@60Hz to 1920x1200@60Hz (VESA Standard), 480i-4K60Hz (HDTV Standard)   Transmission Distance 2KM   Dimensions 152x100x27mm (Tx\/Rx)   Weight 920g (Pair)   Power Supply AC: 110V-240V 50\/60Hz  DC: 12V 1.5A   Operating Temperature 0\u00b0C to 50\u00b0C   Storage Temperature -20\u00b0C to 55\u00b0C","og_url":"https:\/\/www.rkmega.com\/es\/producto\/fiber-hdv-4k60-2kt-r\/","og_site_name":"LED Solution Provider | OEM&amp;ODM | 15+ Years","article_modified_time":"2025-04-23T10:12:40+00:00","og_image":[{"width":1600,"height":1200,"url":"https:\/\/www.rkmega.com\/wp-content\/uploads\/2024\/12\/FIBER-HDV-4K60-2KT.jpg","type":"image\/jpeg"}],"twitter_card":"summary_large_image","twitter_misc":{"Tiempo de lectura":"1 minuto"},"schema":{"@context":"https:\/\/schema.org","@graph":[{"@type":"WebPage","@id":"https:\/\/www.rkmega.com\/product\/fiber-hdv-4k60-2kt-r\/","url":"https:\/\/www.rkmega.com\/product\/fiber-hdv-4k60-2kt-r\/","name":"Model: FIBER-HDV-4K60-2KT\/R - LED Solution Provider | OEM&amp;ODM | 15+ Years","isPartOf":{"@id":"https:\/\/www.rkmega.com\/#website"},"primaryImageOfPage":{"@id":"https:\/\/www.rkmega.com\/product\/fiber-hdv-4k60-2kt-r\/#primaryimage"},"image":{"@id":"https:\/\/www.rkmega.com\/product\/fiber-hdv-4k60-2kt-r\/#primaryimage"},"thumbnailUrl":"https:\/\/www.rkmega.com\/wp-content\/uploads\/2024\/12\/FIBER-HDV-4K60-2KT.jpg","datePublished":"2024-12-25T09:34:18+00:00","dateModified":"2025-04-23T10:12:40+00:00","breadcrumb":{"@id":"https:\/\/www.rkmega.com\/product\/fiber-hdv-4k60-2kt-r\/#breadcrumb"},"inLanguage":"es","potentialAction":[{"@type":"ReadAction","target":["https:\/\/www.rkmega.com\/product\/fiber-hdv-4k60-2kt-r\/"]}]},{"@type":"ImageObject","inLanguage":"es","@id":"https:\/\/www.rkmega.com\/product\/fiber-hdv-4k60-2kt-r\/#primaryimage","url":"https:\/\/www.rkmega.com\/wp-content\/uploads\/2024\/12\/FIBER-HDV-4K60-2KT.jpg","contentUrl":"https:\/\/www.rkmega.com\/wp-content\/uploads\/2024\/12\/FIBER-HDV-4K60-2KT.jpg","width":1600,"height":1200},{"@type":"BreadcrumbList","@id":"https:\/\/www.rkmega.com\/product\/fiber-hdv-4k60-2kt-r\/#breadcrumb","itemListElement":[{"@type":"ListItem","position":1,"name":"Home","item":"https:\/\/www.rkmega.com\/"},{"@type":"ListItem","position":2,"name":"Store","item":"https:\/\/www.rkmega.com\/store\/"},{"@type":"ListItem","position":3,"name":"Model: FIBER-HDV-4K60-2KT\/R"}]},{"@type":"WebSite","@id":"https:\/\/www.rkmega.com\/#website","url":"https:\/\/www.rkmega.com\/","name":"LED DISPLAY","description":"","publisher":{"@id":"https:\/\/www.rkmega.com\/#organization"},"potentialAction":[{"@type":"SearchAction","target":{"@type":"EntryPoint","urlTemplate":"https:\/\/www.rkmega.com\/?s={search_term_string}"},"query-input":{"@type":"PropertyValueSpecification","valueRequired":true,"valueName":"search_term_string"}}],"inLanguage":"es"},{"@type":"Organization","@id":"https:\/\/www.rkmega.com\/#organization","name":"RKMEGA","url":"https:\/\/www.rkmega.com\/","logo":{"@type":"ImageObject","inLanguage":"es","@id":"https:\/\/www.rkmega.com\/#\/schema\/logo\/image\/","url":"https:\/\/www.rkmega.com\/wp-content\/uploads\/2024\/12\/cropped-LOGO180X60-2.png","contentUrl":"https:\/\/www.rkmega.com\/wp-content\/uploads\/2024\/12\/cropped-LOGO180X60-2.png","width":180,"height":60,"caption":"RKMEGA"},"image":{"@id":"https:\/\/www.rkmega.com\/#\/schema\/logo\/image\/"}}]}},"_links":{"self":[{"href":"https:\/\/www.rkmega.com\/es\/wp-json\/wp\/v2\/product\/5316","targetHints":{"allow":["GET"]}}],"collection":[{"href":"https:\/\/www.rkmega.com\/es\/wp-json\/wp\/v2\/product"}],"about":[{"href":"https:\/\/www.rkmega.com\/es\/wp-json\/wp\/v2\/types\/product"}],"replies":[{"embeddable":true,"href":"https:\/\/www.rkmega.com\/es\/wp-json\/wp\/v2\/comments?post=5316"}],"version-history":[{"count":2,"href":"https:\/\/www.rkmega.com\/es\/wp-json\/wp\/v2\/product\/5316\/revisions"}],"predecessor-version":[{"id":6285,"href":"https:\/\/www.rkmega.com\/es\/wp-json\/wp\/v2\/product\/5316\/revisions\/6285"}],"wp:featuredmedia":[{"embeddable":true,"href":"https:\/\/www.rkmega.com\/es\/wp-json\/wp\/v2\/media\/5403"}],"wp:attachment":[{"href":"https:\/\/www.rkmega.com\/es\/wp-json\/wp\/v2\/media?parent=5316"}],"wp:term":[{"taxonomy":"product_cat","embeddable":true,"href":"https:\/\/www.rkmega.com\/es\/wp-json\/wp\/v2\/product_cat?post=5316"},{"taxonomy":"product_tag","embeddable":true,"href":"https:\/\/www.rkmega.com\/es\/wp-json\/wp\/v2\/product_tag?post=5316"}],"curies":[{"name":"wp","href":"https:\/\/api.w.org\/{rel}","templated":true}]}}