{"id":5380,"date":"2024-12-26T10:07:44","date_gmt":"2024-12-26T02:07:44","guid":{"rendered":"https:\/\/www.rkmega.com\/?post_type=product&#038;p=5380"},"modified":"2025-04-23T18:12:19","modified_gmt":"2025-04-23T10:12:19","slug":"fiber-hd-110-t-r","status":"publish","type":"product","link":"https:\/\/www.rkmega.com\/es\/producto\/fiber-hd-110-t-r\/","title":{"rendered":"Modelo FIBRA-HD-110-T\/R"},"content":{"rendered":"<p><img decoding=\"async\" class=\"alignnone size-medium wp-image-5381\" src=\"https:\/\/www.rkmega.com\/wp-content\/uploads\/2024\/12\/\u56fe\u72473-2-156x300.png\" alt=\"\" width=\"156\" height=\"300\" srcset=\"https:\/\/www.rkmega.com\/wp-content\/uploads\/2024\/12\/\u56fe\u72473-2-156x300.png 156w, https:\/\/www.rkmega.com\/wp-content\/uploads\/2024\/12\/\u56fe\u72473-2-532x1024.png 532w, https:\/\/www.rkmega.com\/wp-content\/uploads\/2024\/12\/\u56fe\u72473-2-768x1479.png 768w, https:\/\/www.rkmega.com\/wp-content\/uploads\/2024\/12\/\u56fe\u72473-2-798x1536.png 798w, https:\/\/www.rkmega.com\/wp-content\/uploads\/2024\/12\/\u56fe\u72473-2-1064x2048.png 1064w, https:\/\/www.rkmega.com\/wp-content\/uploads\/2024\/12\/\u56fe\u72473-2-6x12.png 6w, https:\/\/www.rkmega.com\/wp-content\/uploads\/2024\/12\/\u56fe\u72473-2-300x578.png 300w, https:\/\/www.rkmega.com\/wp-content\/uploads\/2024\/12\/\u56fe\u72473-2-600x1155.png 600w, https:\/\/www.rkmega.com\/wp-content\/uploads\/2024\/12\/\u56fe\u72473-2.png 1342w\" sizes=\"(max-width: 156px) 100vw, 156px\" \/>\u00a0 \u00a0 \u00a0 \u00a0 \u00a0 \u00a0 \u00a0 \u00a0 \u00a0 \u00a0 <img decoding=\"async\" class=\"alignnone size-medium wp-image-5382\" src=\"https:\/\/www.rkmega.com\/wp-content\/uploads\/2024\/12\/\u56fe\u72474-2-126x300.png\" alt=\"\" width=\"126\" height=\"300\" srcset=\"https:\/\/www.rkmega.com\/wp-content\/uploads\/2024\/12\/\u56fe\u72474-2-126x300.png 126w, https:\/\/www.rkmega.com\/wp-content\/uploads\/2024\/12\/\u56fe\u72474-2-431x1024.png 431w, https:\/\/www.rkmega.com\/wp-content\/uploads\/2024\/12\/\u56fe\u72474-2-768x1826.png 768w, https:\/\/www.rkmega.com\/wp-content\/uploads\/2024\/12\/\u56fe\u72474-2-646x1536.png 646w, https:\/\/www.rkmega.com\/wp-content\/uploads\/2024\/12\/\u56fe\u72474-2-861x2048.png 861w, https:\/\/www.rkmega.com\/wp-content\/uploads\/2024\/12\/\u56fe\u72474-2-5x12.png 5w, https:\/\/www.rkmega.com\/wp-content\/uploads\/2024\/12\/\u56fe\u72474-2-300x713.png 300w, https:\/\/www.rkmega.com\/wp-content\/uploads\/2024\/12\/\u56fe\u72474-2-600x1427.png 600w, https:\/\/www.rkmega.com\/wp-content\/uploads\/2024\/12\/\u56fe\u72474-2.png 1033w\" sizes=\"(max-width: 126px) 100vw, 126px\" \/><\/p>\n<p>FIBRA-HD-110-T FIBRA-HD-110-R<\/p>\n<ul>\n<li style=\"list-style-type: none;\">\n<ul>\n<li>Las se\u00f1ales de audio y v\u00eddeo pueden transmitirse por un \u00fanico cable de red de hasta 10 km (cable de fibra \u00f3ptica monomodo).<\/li>\n<li>Dise\u00f1o de fibra \u00f3ptica pura, sin RFI\/EMI (interferencias de radiofrecuencia\/interferencias electromagn\u00e9ticas), que consigue un verdadero aislamiento el\u00e9ctrico.<\/li>\n<li>Admite una resoluci\u00f3n de hasta 4K a 60 fotogramas por segundo.<\/li>\n<li>Se adapta autom\u00e1ticamente a diversos entornos, sin necesidad de ajustes y sin degradaci\u00f3n de la se\u00f1al durante la transmisi\u00f3n de im\u00e1genes.<\/li>\n<li>El m\u00f3dulo \u00f3ptico utiliza un paquete est\u00e1ndar SFP+ (Small Form-factor Pluggable Plus), que puede sustituirse en funci\u00f3n del entorno in situ.<\/li>\n<li>Admite funciones de incrustaci\u00f3n y desincrustaci\u00f3n de audio adaptables.<\/li>\n<\/ul>\n<\/li>\n<\/ul>","protected":false},"excerpt":{"rendered":"<table>\n<tbody>\n<tr>\n<td><\/td>\n<td colspan=\"2\" width=\"538\"><\/td>\n<\/tr>\n<tr>\n<td><strong><b>N\u00famero de modelo<\/b><\/strong><\/td>\n<td width=\"266\"><strong><b>FIBER-HD-110-T (Transmisor)<\/b><\/strong><\/td>\n<td width=\"272\"><strong><b>FIBER-HD-110-R (Receptor)<\/b><\/strong><\/td>\n<\/tr>\n<tr>\n<td>Descripci\u00f3n<\/td>\n<td width=\"266\">Transmisor de fibra monomodo Mini HDMI 1.1<\/td>\n<td width=\"272\">Receptor de fibra monomodo Mini HDMI 1.1<\/td>\n<\/tr>\n<tr>\n<td>Entrada<\/td>\n<td width=\"266\">1x HDMI, 1x CC<\/td>\n<td width=\"272\">1x fibra \u00f3ptica LC, 1x CC<\/td>\n<\/tr>\n<tr>\n<td>Salida<\/td>\n<td width=\"266\">1x LC Fibra \u00d3ptica<\/td>\n<td width=\"272\">1x HDMI<\/td>\n<\/tr>\n<tr>\n<td>Protocolo est\u00e1ndar<\/td>\n<td colspan=\"2\" width=\"538\">HDMI 1.4<\/td>\n<\/tr>\n<tr>\n<td>Resoluci\u00f3n<\/td>\n<td colspan=\"2\" width=\"538\">3840<em><i>2160\/30Hz (YUV 4:4:4) o 3840<\/i><\/em>2160\/60 Hz (YUV 4:2:0)<\/td>\n<\/tr>\n<tr>\n<td>Distancia de transmisi\u00f3n<\/td>\n<td colspan=\"2\" width=\"538\">300m<\/td>\n<\/tr>\n<tr>\n<td>Dimensiones<\/td>\n<td colspan=\"2\" width=\"538\">59,5x20x10,5 mm (Tx\/Rx)<\/td>\n<\/tr>\n<tr>\n<td>Peso<\/td>\n<td colspan=\"2\" width=\"538\">80 g (Tx\/Rx)<\/td>\n<\/tr>\n<tr>\n<td>Fuente de alimentaci\u00f3n<\/td>\n<td colspan=\"2\" width=\"538\">CA: 110V-240V 50\/60Hz<\/p>\n<p>CC: 12 V 1,5 A<\/td>\n<\/tr>\n<tr>\n<td>Temperatura de funcionamiento<\/td>\n<td colspan=\"2\" width=\"538\">0\u00b0C a 50\u00b0C<\/td>\n<\/tr>\n<tr>\n<td>Temperatura de almacenamiento<\/td>\n<td colspan=\"2\" width=\"538\">-20\u00b0C a 55\u00b0C<\/td>\n<\/tr>\n<\/tbody>\n<\/table>","protected":false},"featured_media":5404,"comment_status":"open","ping_status":"closed","template":"","meta":{"site-sidebar-layout":"default","site-content-layout":"","ast-site-content-layout":"default","site-content-style":"default","site-sidebar-style":"default","ast-global-header-display":"","ast-banner-title-visibility":"","ast-main-header-display":"","ast-hfb-above-header-display":"","ast-hfb-below-header-display":"","ast-hfb-mobile-header-display":"","site-post-title":"","ast-breadcrumbs-content":"","ast-featured-img":"","footer-sml-layout":"","theme-transparent-header-meta":"default","adv-header-id-meta":"","stick-header-meta":"","header-above-stick-meta":"","header-main-stick-meta":"","header-below-stick-meta":"","astra-migrate-meta-layouts":"set","ast-page-background-enabled":"default","ast-page-background-meta":{"desktop":{"background-color":"","background-image":"","background-repeat":"repeat","background-position":"center center","background-size":"auto","background-attachment":"scroll","background-type":"","background-media":"","overlay-type":"","overlay-color":"","overlay-opacity":"","overlay-gradient":""},"tablet":{"background-color":"","background-image":"","background-repeat":"repeat","background-position":"center center","background-size":"auto","background-attachment":"scroll","background-type":"","background-media":"","overlay-type":"","overlay-color":"","overlay-opacity":"","overlay-gradient":""},"mobile":{"background-color":"","background-image":"","background-repeat":"repeat","background-position":"center center","background-size":"auto","background-attachment":"scroll","background-type":"","background-media":"","overlay-type":"","overlay-color":"","overlay-opacity":"","overlay-gradient":""}},"ast-content-background-meta":{"desktop":{"background-color":"var(--ast-global-color-5)","background-image":"","background-repeat":"repeat","background-position":"center center","background-size":"auto","background-attachment":"scroll","background-type":"","background-media":"","overlay-type":"","overlay-color":"","overlay-opacity":"","overlay-gradient":""},"tablet":{"background-color":"var(--ast-global-color-5)","background-image":"","background-repeat":"repeat","background-position":"center center","background-size":"auto","background-attachment":"scroll","background-type":"","background-media":"","overlay-type":"","overlay-color":"","overlay-opacity":"","overlay-gradient":""},"mobile":{"background-color":"var(--ast-global-color-5)","background-image":"","background-repeat":"repeat","background-position":"center center","background-size":"auto","background-attachment":"scroll","background-type":"","background-media":"","overlay-type":"","overlay-color":"","overlay-opacity":"","overlay-gradient":""}}},"product_cat":[88],"product_tag":[],"class_list":{"0":"post-5380","1":"product","2":"type-product","3":"status-publish","4":"has-post-thumbnail","6":"product_cat-optical-fiber","7":"desktop-align-left","8":"tablet-align-left","9":"mobile-align-left","11":"first","12":"instock","13":"shipping-taxable","14":"product-type-simple"},"yoast_head":"<!-- This site is optimized with the Yoast SEO plugin v24.9 - https:\/\/yoast.com\/wordpress\/plugins\/seo\/ -->\n<title>Model: FIBER-HD-110-T\/R - LED Solution Provider | OEM&amp;ODM | 15+ Years<\/title>\n<meta name=\"robots\" content=\"index, follow, max-snippet:-1, max-image-preview:large, max-video-preview:-1\" \/>\n<link rel=\"canonical\" href=\"https:\/\/www.rkmega.com\/es\/producto\/fiber-hd-110-t-r\/\" \/>\n<meta property=\"og:locale\" content=\"es_ES\" \/>\n<meta property=\"og:type\" content=\"article\" \/>\n<meta property=\"og:title\" content=\"Model: FIBER-HD-110-T\/R - LED Solution Provider | OEM&amp;ODM | 15+ Years\" \/>\n<meta property=\"og:description\" content=\"Model Number FIBER-HD-110-T (Transmitter) FIBER-HD-110-R (Receiver)   Description Mini HDMI 1.1 Single-mode Fiber Transmitter Mini HDMI 1.1 Single-mode Fiber Receiver   Input 1x HDMI, 1x DC 1x LC Fiber Optic, 1x DC   Output 1x LC Fiber Optic 1x HDMI   Standard Protocol HDMI 1.4   Resolution 38402160\/30Hz (YUV 4:4:4) or 38402160\/60Hz (YUV 4:2:0)   Transmission Distance 300m   Dimensions 59.5x20x10.5 mm (Tx\/Rx)   Weight 80g (Tx\/Rx)   Power Supply AC: 110V-240V 50\/60Hz  DC: 12V 1.5A   Operating Temperature 0\u00b0C to 50\u00b0C   Storage Temperature -20\u00b0C to 55\u00b0C\" \/>\n<meta property=\"og:url\" content=\"https:\/\/www.rkmega.com\/es\/producto\/fiber-hd-110-t-r\/\" \/>\n<meta property=\"og:site_name\" content=\"LED Solution Provider | OEM&amp;ODM | 15+ Years\" \/>\n<meta property=\"article:modified_time\" content=\"2025-04-23T10:12:19+00:00\" \/>\n<meta property=\"og:image\" content=\"https:\/\/www.rkmega.com\/wp-content\/uploads\/2024\/12\/FIBER-HD-110-R-.jpg\" \/>\n\t<meta property=\"og:image:width\" content=\"1600\" \/>\n\t<meta property=\"og:image:height\" content=\"1200\" \/>\n\t<meta property=\"og:image:type\" content=\"image\/jpeg\" \/>\n<meta name=\"twitter:card\" content=\"summary_large_image\" \/>\n<script type=\"application\/ld+json\" class=\"yoast-schema-graph\">{\"@context\":\"https:\/\/schema.org\",\"@graph\":[{\"@type\":\"WebPage\",\"@id\":\"https:\/\/www.rkmega.com\/product\/fiber-hd-110-t-r\/\",\"url\":\"https:\/\/www.rkmega.com\/product\/fiber-hd-110-t-r\/\",\"name\":\"Model: FIBER-HD-110-T\/R - LED Solution Provider | OEM&amp;ODM | 15+ Years\",\"isPartOf\":{\"@id\":\"https:\/\/www.rkmega.com\/#website\"},\"primaryImageOfPage\":{\"@id\":\"https:\/\/www.rkmega.com\/product\/fiber-hd-110-t-r\/#primaryimage\"},\"image\":{\"@id\":\"https:\/\/www.rkmega.com\/product\/fiber-hd-110-t-r\/#primaryimage\"},\"thumbnailUrl\":\"https:\/\/www.rkmega.com\/wp-content\/uploads\/2024\/12\/FIBER-HD-110-R-.jpg\",\"datePublished\":\"2024-12-26T02:07:44+00:00\",\"dateModified\":\"2025-04-23T10:12:19+00:00\",\"breadcrumb\":{\"@id\":\"https:\/\/www.rkmega.com\/product\/fiber-hd-110-t-r\/#breadcrumb\"},\"inLanguage\":\"es\",\"potentialAction\":[{\"@type\":\"ReadAction\",\"target\":[\"https:\/\/www.rkmega.com\/product\/fiber-hd-110-t-r\/\"]}]},{\"@type\":\"ImageObject\",\"inLanguage\":\"es\",\"@id\":\"https:\/\/www.rkmega.com\/product\/fiber-hd-110-t-r\/#primaryimage\",\"url\":\"https:\/\/www.rkmega.com\/wp-content\/uploads\/2024\/12\/FIBER-HD-110-R-.jpg\",\"contentUrl\":\"https:\/\/www.rkmega.com\/wp-content\/uploads\/2024\/12\/FIBER-HD-110-R-.jpg\",\"width\":1600,\"height\":1200},{\"@type\":\"BreadcrumbList\",\"@id\":\"https:\/\/www.rkmega.com\/product\/fiber-hd-110-t-r\/#breadcrumb\",\"itemListElement\":[{\"@type\":\"ListItem\",\"position\":1,\"name\":\"Home\",\"item\":\"https:\/\/www.rkmega.com\/\"},{\"@type\":\"ListItem\",\"position\":2,\"name\":\"Store\",\"item\":\"https:\/\/www.rkmega.com\/store\/\"},{\"@type\":\"ListItem\",\"position\":3,\"name\":\"Model: FIBER-HD-110-T\/R\"}]},{\"@type\":\"WebSite\",\"@id\":\"https:\/\/www.rkmega.com\/#website\",\"url\":\"https:\/\/www.rkmega.com\/\",\"name\":\"LED DISPLAY\",\"description\":\"\",\"publisher\":{\"@id\":\"https:\/\/www.rkmega.com\/#organization\"},\"potentialAction\":[{\"@type\":\"SearchAction\",\"target\":{\"@type\":\"EntryPoint\",\"urlTemplate\":\"https:\/\/www.rkmega.com\/?s={search_term_string}\"},\"query-input\":{\"@type\":\"PropertyValueSpecification\",\"valueRequired\":true,\"valueName\":\"search_term_string\"}}],\"inLanguage\":\"es\"},{\"@type\":\"Organization\",\"@id\":\"https:\/\/www.rkmega.com\/#organization\",\"name\":\"RKMEGA\",\"url\":\"https:\/\/www.rkmega.com\/\",\"logo\":{\"@type\":\"ImageObject\",\"inLanguage\":\"es\",\"@id\":\"https:\/\/www.rkmega.com\/#\/schema\/logo\/image\/\",\"url\":\"https:\/\/www.rkmega.com\/wp-content\/uploads\/2024\/12\/cropped-LOGO180X60-2.png\",\"contentUrl\":\"https:\/\/www.rkmega.com\/wp-content\/uploads\/2024\/12\/cropped-LOGO180X60-2.png\",\"width\":180,\"height\":60,\"caption\":\"RKMEGA\"},\"image\":{\"@id\":\"https:\/\/www.rkmega.com\/#\/schema\/logo\/image\/\"}}]}<\/script>\n<!-- \/ Yoast SEO plugin. -->","yoast_head_json":{"title":"Model: FIBER-HD-110-T\/R - LED Solution Provider | OEM&amp;ODM | 15+ Years","robots":{"index":"index","follow":"follow","max-snippet":"max-snippet:-1","max-image-preview":"max-image-preview:large","max-video-preview":"max-video-preview:-1"},"canonical":"https:\/\/www.rkmega.com\/es\/producto\/fiber-hd-110-t-r\/","og_locale":"es_ES","og_type":"article","og_title":"Model: FIBER-HD-110-T\/R - LED Solution Provider | OEM&amp;ODM | 15+ Years","og_description":"Model Number FIBER-HD-110-T (Transmitter) FIBER-HD-110-R (Receiver)   Description Mini HDMI 1.1 Single-mode Fiber Transmitter Mini HDMI 1.1 Single-mode Fiber Receiver   Input 1x HDMI, 1x DC 1x LC Fiber Optic, 1x DC   Output 1x LC Fiber Optic 1x HDMI   Standard Protocol HDMI 1.4   Resolution 38402160\/30Hz (YUV 4:4:4) or 38402160\/60Hz (YUV 4:2:0)   Transmission Distance 300m   Dimensions 59.5x20x10.5 mm (Tx\/Rx)   Weight 80g (Tx\/Rx)   Power Supply AC: 110V-240V 50\/60Hz  DC: 12V 1.5A   Operating Temperature 0\u00b0C to 50\u00b0C   Storage Temperature -20\u00b0C to 55\u00b0C","og_url":"https:\/\/www.rkmega.com\/es\/producto\/fiber-hd-110-t-r\/","og_site_name":"LED Solution Provider | OEM&amp;ODM | 15+ Years","article_modified_time":"2025-04-23T10:12:19+00:00","og_image":[{"width":1600,"height":1200,"url":"https:\/\/www.rkmega.com\/wp-content\/uploads\/2024\/12\/FIBER-HD-110-R-.jpg","type":"image\/jpeg"}],"twitter_card":"summary_large_image","schema":{"@context":"https:\/\/schema.org","@graph":[{"@type":"WebPage","@id":"https:\/\/www.rkmega.com\/product\/fiber-hd-110-t-r\/","url":"https:\/\/www.rkmega.com\/product\/fiber-hd-110-t-r\/","name":"Model: FIBER-HD-110-T\/R - LED Solution Provider | OEM&amp;ODM | 15+ Years","isPartOf":{"@id":"https:\/\/www.rkmega.com\/#website"},"primaryImageOfPage":{"@id":"https:\/\/www.rkmega.com\/product\/fiber-hd-110-t-r\/#primaryimage"},"image":{"@id":"https:\/\/www.rkmega.com\/product\/fiber-hd-110-t-r\/#primaryimage"},"thumbnailUrl":"https:\/\/www.rkmega.com\/wp-content\/uploads\/2024\/12\/FIBER-HD-110-R-.jpg","datePublished":"2024-12-26T02:07:44+00:00","dateModified":"2025-04-23T10:12:19+00:00","breadcrumb":{"@id":"https:\/\/www.rkmega.com\/product\/fiber-hd-110-t-r\/#breadcrumb"},"inLanguage":"es","potentialAction":[{"@type":"ReadAction","target":["https:\/\/www.rkmega.com\/product\/fiber-hd-110-t-r\/"]}]},{"@type":"ImageObject","inLanguage":"es","@id":"https:\/\/www.rkmega.com\/product\/fiber-hd-110-t-r\/#primaryimage","url":"https:\/\/www.rkmega.com\/wp-content\/uploads\/2024\/12\/FIBER-HD-110-R-.jpg","contentUrl":"https:\/\/www.rkmega.com\/wp-content\/uploads\/2024\/12\/FIBER-HD-110-R-.jpg","width":1600,"height":1200},{"@type":"BreadcrumbList","@id":"https:\/\/www.rkmega.com\/product\/fiber-hd-110-t-r\/#breadcrumb","itemListElement":[{"@type":"ListItem","position":1,"name":"Home","item":"https:\/\/www.rkmega.com\/"},{"@type":"ListItem","position":2,"name":"Store","item":"https:\/\/www.rkmega.com\/store\/"},{"@type":"ListItem","position":3,"name":"Model: FIBER-HD-110-T\/R"}]},{"@type":"WebSite","@id":"https:\/\/www.rkmega.com\/#website","url":"https:\/\/www.rkmega.com\/","name":"LED DISPLAY","description":"","publisher":{"@id":"https:\/\/www.rkmega.com\/#organization"},"potentialAction":[{"@type":"SearchAction","target":{"@type":"EntryPoint","urlTemplate":"https:\/\/www.rkmega.com\/?s={search_term_string}"},"query-input":{"@type":"PropertyValueSpecification","valueRequired":true,"valueName":"search_term_string"}}],"inLanguage":"es"},{"@type":"Organization","@id":"https:\/\/www.rkmega.com\/#organization","name":"RKMEGA","url":"https:\/\/www.rkmega.com\/","logo":{"@type":"ImageObject","inLanguage":"es","@id":"https:\/\/www.rkmega.com\/#\/schema\/logo\/image\/","url":"https:\/\/www.rkmega.com\/wp-content\/uploads\/2024\/12\/cropped-LOGO180X60-2.png","contentUrl":"https:\/\/www.rkmega.com\/wp-content\/uploads\/2024\/12\/cropped-LOGO180X60-2.png","width":180,"height":60,"caption":"RKMEGA"},"image":{"@id":"https:\/\/www.rkmega.com\/#\/schema\/logo\/image\/"}}]}},"_links":{"self":[{"href":"https:\/\/www.rkmega.com\/es\/wp-json\/wp\/v2\/product\/5380","targetHints":{"allow":["GET"]}}],"collection":[{"href":"https:\/\/www.rkmega.com\/es\/wp-json\/wp\/v2\/product"}],"about":[{"href":"https:\/\/www.rkmega.com\/es\/wp-json\/wp\/v2\/types\/product"}],"replies":[{"embeddable":true,"href":"https:\/\/www.rkmega.com\/es\/wp-json\/wp\/v2\/comments?post=5380"}],"version-history":[{"count":2,"href":"https:\/\/www.rkmega.com\/es\/wp-json\/wp\/v2\/product\/5380\/revisions"}],"predecessor-version":[{"id":6283,"href":"https:\/\/www.rkmega.com\/es\/wp-json\/wp\/v2\/product\/5380\/revisions\/6283"}],"wp:featuredmedia":[{"embeddable":true,"href":"https:\/\/www.rkmega.com\/es\/wp-json\/wp\/v2\/media\/5404"}],"wp:attachment":[{"href":"https:\/\/www.rkmega.com\/es\/wp-json\/wp\/v2\/media?parent=5380"}],"wp:term":[{"taxonomy":"product_cat","embeddable":true,"href":"https:\/\/www.rkmega.com\/es\/wp-json\/wp\/v2\/product_cat?post=5380"},{"taxonomy":"product_tag","embeddable":true,"href":"https:\/\/www.rkmega.com\/es\/wp-json\/wp\/v2\/product_tag?post=5380"}],"curies":[{"name":"wp","href":"https:\/\/api.w.org\/{rel}","templated":true}]}}