{"id":5389,"date":"2024-12-26T10:40:03","date_gmt":"2024-12-26T02:40:03","guid":{"rendered":"https:\/\/www.rkmega.com\/?post_type=product&#038;p=5389"},"modified":"2026-04-17T07:58:11","modified_gmt":"2026-04-17T05:58:11","slug":"4k30-kvm","status":"publish","type":"product","link":"https:\/\/www.rkmega.com\/es\/producto\/4k30-kvm\/","title":{"rendered":"Modelo: 4K30 KVM"},"content":{"rendered":"<h1><strong>Conexiones topol\u00f3gicas<\/strong><\/h1>\n<p>&nbsp;<\/p>\n<p><img decoding=\"async\" class=\"alignnone size-medium wp-image-5391\" src=\"https:\/\/www.rkmega.com\/wp-content\/uploads\/2024\/12\/C4P\u65b0\u7248-300x92.png\" alt=\"\" width=\"300\" height=\"92\" srcset=\"https:\/\/www.rkmega.com\/wp-content\/uploads\/2024\/12\/C4P\u65b0\u7248-300x92.png 300w, https:\/\/www.rkmega.com\/wp-content\/uploads\/2024\/12\/C4P\u65b0\u7248-1024x313.png 1024w, https:\/\/www.rkmega.com\/wp-content\/uploads\/2024\/12\/C4P\u65b0\u7248-768x235.png 768w, https:\/\/www.rkmega.com\/wp-content\/uploads\/2024\/12\/C4P\u65b0\u7248-18x6.png 18w, https:\/\/www.rkmega.com\/wp-content\/uploads\/2024\/12\/C4P\u65b0\u7248-600x184.png 600w, https:\/\/www.rkmega.com\/wp-content\/uploads\/2024\/12\/C4P\u65b0\u7248.png 1124w\" sizes=\"(max-width: 300px) 100vw, 300px\" \/><\/p>\n<h1><img fetchpriority=\"high\" decoding=\"async\" class=\"alignnone size-full wp-image-5410\" src=\"https:\/\/www.rkmega.com\/wp-content\/uploads\/2024\/12\/\u56fe\u72474-3.png\" alt=\"\" width=\"2022\" height=\"1441\" srcset=\"https:\/\/www.rkmega.com\/wp-content\/uploads\/2024\/12\/\u56fe\u72474-3.png 2022w, https:\/\/www.rkmega.com\/wp-content\/uploads\/2024\/12\/\u56fe\u72474-3-300x214.png 300w, https:\/\/www.rkmega.com\/wp-content\/uploads\/2024\/12\/\u56fe\u72474-3-1024x730.png 1024w, https:\/\/www.rkmega.com\/wp-content\/uploads\/2024\/12\/\u56fe\u72474-3-768x547.png 768w, https:\/\/www.rkmega.com\/wp-content\/uploads\/2024\/12\/\u56fe\u72474-3-1536x1095.png 1536w, https:\/\/www.rkmega.com\/wp-content\/uploads\/2024\/12\/\u56fe\u72474-3-18x12.png 18w, https:\/\/www.rkmega.com\/wp-content\/uploads\/2024\/12\/\u56fe\u72474-3-600x428.png 600w\" sizes=\"(max-width: 2022px) 100vw, 2022px\" \/><\/h1>\n<h1><strong>\u00a0\u00a0Notas de seguridad <\/strong><\/h1>\n<ul>\n<li>Siga siempre las precauciones b\u00e1sicas de seguridad para reducir el riesgo de incendio, descarga el\u00e9ctrica y lesiones personales.<\/li>\n<li>Para evitar riesgos de incendio o descarga el\u00e9ctrica, no llueva la unidad, no la moje ni instale este producto cerca del agua.<\/li>\n<li>No salpique ning\u00fan l\u00edquido sobre o dentro de este producto.<\/li>\n<li>No introduzca ning\u00fan objeto en la abertura o ranura vac\u00eda del dispositivo de este producto por ning\u00fan medio, ya que podr\u00eda da\u00f1ar las piezas internas de la unidad.<\/li>\n<li>No conecte los cables de alimentaci\u00f3n a las superficies del edificio.<\/li>\n<li>Utilice \u00fanicamente el dispositivo de alimentaci\u00f3n incluido. No lo utilice si la fuente de alimentaci\u00f3n est\u00e1 da\u00f1ada.<\/li>\n<li>No coloque ning\u00fan objeto sobre el cable de alimentaci\u00f3n en la zona de paso de las personas.<\/li>\n<li>Para evitar que los equipos se sobrecalienten, no los apile unos encima de otros o proporcione ventilaci\u00f3n y deje espacio suficiente para que el aire circule alrededor de los equipos.<\/li>\n<\/ul>","protected":false},"excerpt":{"rendered":"<table>\n<tbody>\n<tr>\n<td width=\"170\"><strong>Interfaz de entrada de v\u00eddeo <\/strong><\/td>\n<td width=\"425\">1*HDMI<\/td>\n<\/tr>\n<tr>\n<td width=\"170\"><strong>Puerto de salida de v\u00eddeo <\/strong><\/td>\n<td width=\"425\">1*HDMI<\/td>\n<\/tr>\n<tr>\n<td width=\"170\"><strong>Introduzca la resoluci\u00f3n <\/strong><\/td>\n<td width=\"425\">3840*2160@30HZ<\/td>\n<\/tr>\n<tr>\n<td width=\"170\"><strong>Resoluci\u00f3n de salida <\/strong><\/td>\n<td width=\"425\">3840*2160@30HZ<\/td>\n<\/tr>\n<tr>\n<td width=\"170\"><strong>Entrada de audio<\/strong><strong>\u00a0<\/strong><\/td>\n<td width=\"425\">Terminales de 3,5 mm de 1 v\u00eda<\/td>\n<\/tr>\n<tr>\n<td width=\"170\"><strong>Salida de audio<\/strong><strong>\u00a0<\/strong><\/td>\n<td width=\"425\">Terminales de 3,5 mm de 1 v\u00eda<\/td>\n<\/tr>\n<tr>\n<td width=\"170\"><strong>Comunicaci\u00f3n perif\u00e9rica<\/strong><strong>\u00a0<\/strong><\/td>\n<td width=\"425\">1 v\u00eda RS232 terminal Phoenix,1 v\u00eda RS485 terminal Phoenix<\/p>\n<p>1 rel\u00e9 terminal Phoenix,2 IO terminal Phoenix<\/td>\n<\/tr>\n<tr>\n<td width=\"170\"><strong>Interfaz de red <\/strong><\/td>\n<td width=\"425\">1 interfaz RJ-45, interfaz 1000M Base-T compatible con PoE<\/p>\n<p>1 puerto SFP, 1,25 Gbps<\/td>\n<\/tr>\n<tr>\n<td width=\"170\"><strong>Fuente de alimentaci\u00f3n PoE <\/strong><\/td>\n<td width=\"425\">Ayuda<\/td>\n<\/tr>\n<tr>\n<td width=\"170\"><strong>Interfaz KVM<\/strong><strong>\u00a0<\/strong><\/td>\n<td width=\"425\">2 puertos USB2.0,<\/p>\n<p>Al codificar, soporte de interfaz de PC para conectar al ordenador;<\/td>\n<\/tr>\n<tr>\n<td width=\"170\"><strong>dimensi\u00f3n <\/strong><\/td>\n<td width=\"425\">Al descodificar, la interfaz bidireccional admite el rat\u00f3n y 210mm*113mm*30mm<\/td>\n<\/tr>\n<tr>\n<td width=\"170\"><strong>Peso <\/strong><\/td>\n<td width=\"425\">0,6 KG<\/td>\n<\/tr>\n<\/tbody>\n<\/table>","protected":false},"featured_media":5407,"comment_status":"open","ping_status":"closed","template":"","meta":{"site-sidebar-layout":"default","site-content-layout":"","ast-site-content-layout":"default","site-content-style":"default","site-sidebar-style":"default","ast-global-header-display":"","ast-banner-title-visibility":"","ast-main-header-display":"","ast-hfb-above-header-display":"","ast-hfb-below-header-display":"","ast-hfb-mobile-header-display":"","site-post-title":"","ast-breadcrumbs-content":"","ast-featured-img":"","footer-sml-layout":"","theme-transparent-header-meta":"default","adv-header-id-meta":"","stick-header-meta":"","header-above-stick-meta":"","header-main-stick-meta":"","header-below-stick-meta":"","astra-migrate-meta-layouts":"set","ast-page-background-enabled":"default","ast-page-background-meta":{"desktop":{"background-color":"","background-image":"","background-repeat":"repeat","background-position":"center center","background-size":"auto","background-attachment":"scroll","background-type":"","background-media":"","overlay-type":"","overlay-color":"","overlay-opacity":"","overlay-gradient":""},"tablet":{"background-color":"","background-image":"","background-repeat":"repeat","background-position":"center center","background-size":"auto","background-attachment":"scroll","background-type":"","background-media":"","overlay-type":"","overlay-color":"","overlay-opacity":"","overlay-gradient":""},"mobile":{"background-color":"","background-image":"","background-repeat":"repeat","background-position":"center center","background-size":"auto","background-attachment":"scroll","background-type":"","background-media":"","overlay-type":"","overlay-color":"","overlay-opacity":"","overlay-gradient":""}},"ast-content-background-meta":{"desktop":{"background-color":"var(--ast-global-color-5)","background-image":"","background-repeat":"repeat","background-position":"center center","background-size":"auto","background-attachment":"scroll","background-type":"","background-media":"","overlay-type":"","overlay-color":"","overlay-opacity":"","overlay-gradient":""},"tablet":{"background-color":"var(--ast-global-color-5)","background-image":"","background-repeat":"repeat","background-position":"center center","background-size":"auto","background-attachment":"scroll","background-type":"","background-media":"","overlay-type":"","overlay-color":"","overlay-opacity":"","overlay-gradient":""},"mobile":{"background-color":"var(--ast-global-color-5)","background-image":"","background-repeat":"repeat","background-position":"center center","background-size":"auto","background-attachment":"scroll","background-type":"","background-media":"","overlay-type":"","overlay-color":"","overlay-opacity":"","overlay-gradient":""}}},"product_cat":[73],"product_tag":[],"class_list":{"0":"post-5389","1":"product","2":"type-product","3":"status-publish","4":"has-post-thumbnail","6":"product_cat-h-264-h-265","7":"desktop-align-left","8":"tablet-align-left","9":"mobile-align-left","11":"first","12":"instock","13":"shipping-taxable","14":"product-type-simple"},"yoast_head":"<!-- This site is optimized with the Yoast SEO plugin v24.9 - https:\/\/yoast.com\/wordpress\/plugins\/seo\/ -->\n<title>Model: 4K30 KVM - LED Solution Provider | OEM&amp;ODM | 15+ Years<\/title>\n<meta name=\"robots\" content=\"index, follow, max-snippet:-1, max-image-preview:large, max-video-preview:-1\" \/>\n<link rel=\"canonical\" href=\"https:\/\/www.rkmega.com\/es\/producto\/4k30-kvm\/\" \/>\n<meta property=\"og:locale\" content=\"es_ES\" \/>\n<meta property=\"og:type\" content=\"article\" \/>\n<meta property=\"og:title\" content=\"Model: 4K30 KVM - LED Solution Provider | OEM&amp;ODM | 15+ Years\" \/>\n<meta property=\"og:description\" content=\"Video input interface  1*HDMI   Video output port  1*HDMI   Enter resolution  3840*2160@30HZ   Output resolution  3840*2160@30HZ   Input audio\u00a0 1 way 3.5mm terminals   Output audio\u00a0 1 way 3.5mm terminals   Peripheral communication\u00a0 1 way RS232 Phoenix terminal,1 way RS485 Phoenix terminal  1 relay Phoenix terminal,2 IO Phoenix terminal   Network interface  1 RJ-45 interface, 1000M Base-T interface support PoE  1 SFP port, 1.25Gbps   PoE power supply  Support   KVM interface\u00a0 2 USB2.0 ports,  When coding, PC interface support to connect to the computer;   dimension  When decoding, the 2-way interface supports the mouse and 210mm*113mm*30mm   Weight  0.6 KG\" \/>\n<meta property=\"og:url\" content=\"https:\/\/www.rkmega.com\/es\/producto\/4k30-kvm\/\" \/>\n<meta property=\"og:site_name\" content=\"LED Solution Provider | OEM&amp;ODM | 15+ Years\" \/>\n<meta property=\"article:modified_time\" content=\"2026-04-17T05:58:11+00:00\" \/>\n<meta property=\"og:image\" content=\"https:\/\/www.rkmega.com\/wp-content\/uploads\/2024\/12\/4K30KVM.jpg\" \/>\n\t<meta property=\"og:image:width\" content=\"1600\" \/>\n\t<meta property=\"og:image:height\" content=\"1200\" \/>\n\t<meta property=\"og:image:type\" content=\"image\/jpeg\" \/>\n<meta name=\"twitter:card\" content=\"summary_large_image\" \/>\n<meta name=\"twitter:label1\" content=\"Tiempo de lectura\" \/>\n\t<meta name=\"twitter:data1\" content=\"2 minutos\" \/>\n<script type=\"application\/ld+json\" class=\"yoast-schema-graph\">{\"@context\":\"https:\/\/schema.org\",\"@graph\":[{\"@type\":\"WebPage\",\"@id\":\"https:\/\/www.rkmega.com\/product\/4k30-kvm\/\",\"url\":\"https:\/\/www.rkmega.com\/product\/4k30-kvm\/\",\"name\":\"Model: 4K30 KVM - LED Solution Provider | OEM&amp;ODM | 15+ Years\",\"isPartOf\":{\"@id\":\"https:\/\/www.rkmega.com\/#website\"},\"primaryImageOfPage\":{\"@id\":\"https:\/\/www.rkmega.com\/product\/4k30-kvm\/#primaryimage\"},\"image\":{\"@id\":\"https:\/\/www.rkmega.com\/product\/4k30-kvm\/#primaryimage\"},\"thumbnailUrl\":\"https:\/\/www.rkmega.com\/wp-content\/uploads\/2024\/12\/4K30KVM.jpg\",\"datePublished\":\"2024-12-26T02:40:03+00:00\",\"dateModified\":\"2026-04-17T05:58:11+00:00\",\"breadcrumb\":{\"@id\":\"https:\/\/www.rkmega.com\/product\/4k30-kvm\/#breadcrumb\"},\"inLanguage\":\"es\",\"potentialAction\":[{\"@type\":\"ReadAction\",\"target\":[\"https:\/\/www.rkmega.com\/product\/4k30-kvm\/\"]}]},{\"@type\":\"ImageObject\",\"inLanguage\":\"es\",\"@id\":\"https:\/\/www.rkmega.com\/product\/4k30-kvm\/#primaryimage\",\"url\":\"https:\/\/www.rkmega.com\/wp-content\/uploads\/2024\/12\/4K30KVM.jpg\",\"contentUrl\":\"https:\/\/www.rkmega.com\/wp-content\/uploads\/2024\/12\/4K30KVM.jpg\",\"width\":1600,\"height\":1200},{\"@type\":\"BreadcrumbList\",\"@id\":\"https:\/\/www.rkmega.com\/product\/4k30-kvm\/#breadcrumb\",\"itemListElement\":[{\"@type\":\"ListItem\",\"position\":1,\"name\":\"Home\",\"item\":\"https:\/\/www.rkmega.com\/\"},{\"@type\":\"ListItem\",\"position\":2,\"name\":\"Store\",\"item\":\"https:\/\/www.rkmega.com\/store\/\"},{\"@type\":\"ListItem\",\"position\":3,\"name\":\"Model: 4K30 KVM\"}]},{\"@type\":\"WebSite\",\"@id\":\"https:\/\/www.rkmega.com\/#website\",\"url\":\"https:\/\/www.rkmega.com\/\",\"name\":\"LED DISPLAY\",\"description\":\"\",\"publisher\":{\"@id\":\"https:\/\/www.rkmega.com\/#organization\"},\"potentialAction\":[{\"@type\":\"SearchAction\",\"target\":{\"@type\":\"EntryPoint\",\"urlTemplate\":\"https:\/\/www.rkmega.com\/?s={search_term_string}\"},\"query-input\":{\"@type\":\"PropertyValueSpecification\",\"valueRequired\":true,\"valueName\":\"search_term_string\"}}],\"inLanguage\":\"es\"},{\"@type\":\"Organization\",\"@id\":\"https:\/\/www.rkmega.com\/#organization\",\"name\":\"RKMEGA\",\"url\":\"https:\/\/www.rkmega.com\/\",\"logo\":{\"@type\":\"ImageObject\",\"inLanguage\":\"es\",\"@id\":\"https:\/\/www.rkmega.com\/#\/schema\/logo\/image\/\",\"url\":\"https:\/\/www.rkmega.com\/wp-content\/uploads\/2024\/12\/cropped-LOGO180X60-2.png\",\"contentUrl\":\"https:\/\/www.rkmega.com\/wp-content\/uploads\/2024\/12\/cropped-LOGO180X60-2.png\",\"width\":180,\"height\":60,\"caption\":\"RKMEGA\"},\"image\":{\"@id\":\"https:\/\/www.rkmega.com\/#\/schema\/logo\/image\/\"}}]}<\/script>\n<!-- \/ Yoast SEO plugin. -->","yoast_head_json":{"title":"Model: 4K30 KVM - LED Solution Provider | OEM&amp;ODM | 15+ Years","robots":{"index":"index","follow":"follow","max-snippet":"max-snippet:-1","max-image-preview":"max-image-preview:large","max-video-preview":"max-video-preview:-1"},"canonical":"https:\/\/www.rkmega.com\/es\/producto\/4k30-kvm\/","og_locale":"es_ES","og_type":"article","og_title":"Model: 4K30 KVM - LED Solution Provider | OEM&amp;ODM | 15+ Years","og_description":"Video input interface  1*HDMI   Video output port  1*HDMI   Enter resolution  3840*2160@30HZ   Output resolution  3840*2160@30HZ   Input audio\u00a0 1 way 3.5mm terminals   Output audio\u00a0 1 way 3.5mm terminals   Peripheral communication\u00a0 1 way RS232 Phoenix terminal,1 way RS485 Phoenix terminal  1 relay Phoenix terminal,2 IO Phoenix terminal   Network interface  1 RJ-45 interface, 1000M Base-T interface support PoE  1 SFP port, 1.25Gbps   PoE power supply  Support   KVM interface\u00a0 2 USB2.0 ports,  When coding, PC interface support to connect to the computer;   dimension  When decoding, the 2-way interface supports the mouse and 210mm*113mm*30mm   Weight  0.6 KG","og_url":"https:\/\/www.rkmega.com\/es\/producto\/4k30-kvm\/","og_site_name":"LED Solution Provider | OEM&amp;ODM | 15+ Years","article_modified_time":"2026-04-17T05:58:11+00:00","og_image":[{"width":1600,"height":1200,"url":"https:\/\/www.rkmega.com\/wp-content\/uploads\/2024\/12\/4K30KVM.jpg","type":"image\/jpeg"}],"twitter_card":"summary_large_image","twitter_misc":{"Tiempo de lectura":"2 minutos"},"schema":{"@context":"https:\/\/schema.org","@graph":[{"@type":"WebPage","@id":"https:\/\/www.rkmega.com\/product\/4k30-kvm\/","url":"https:\/\/www.rkmega.com\/product\/4k30-kvm\/","name":"Model: 4K30 KVM - LED Solution Provider | OEM&amp;ODM | 15+ Years","isPartOf":{"@id":"https:\/\/www.rkmega.com\/#website"},"primaryImageOfPage":{"@id":"https:\/\/www.rkmega.com\/product\/4k30-kvm\/#primaryimage"},"image":{"@id":"https:\/\/www.rkmega.com\/product\/4k30-kvm\/#primaryimage"},"thumbnailUrl":"https:\/\/www.rkmega.com\/wp-content\/uploads\/2024\/12\/4K30KVM.jpg","datePublished":"2024-12-26T02:40:03+00:00","dateModified":"2026-04-17T05:58:11+00:00","breadcrumb":{"@id":"https:\/\/www.rkmega.com\/product\/4k30-kvm\/#breadcrumb"},"inLanguage":"es","potentialAction":[{"@type":"ReadAction","target":["https:\/\/www.rkmega.com\/product\/4k30-kvm\/"]}]},{"@type":"ImageObject","inLanguage":"es","@id":"https:\/\/www.rkmega.com\/product\/4k30-kvm\/#primaryimage","url":"https:\/\/www.rkmega.com\/wp-content\/uploads\/2024\/12\/4K30KVM.jpg","contentUrl":"https:\/\/www.rkmega.com\/wp-content\/uploads\/2024\/12\/4K30KVM.jpg","width":1600,"height":1200},{"@type":"BreadcrumbList","@id":"https:\/\/www.rkmega.com\/product\/4k30-kvm\/#breadcrumb","itemListElement":[{"@type":"ListItem","position":1,"name":"Home","item":"https:\/\/www.rkmega.com\/"},{"@type":"ListItem","position":2,"name":"Store","item":"https:\/\/www.rkmega.com\/store\/"},{"@type":"ListItem","position":3,"name":"Model: 4K30 KVM"}]},{"@type":"WebSite","@id":"https:\/\/www.rkmega.com\/#website","url":"https:\/\/www.rkmega.com\/","name":"LED DISPLAY","description":"","publisher":{"@id":"https:\/\/www.rkmega.com\/#organization"},"potentialAction":[{"@type":"SearchAction","target":{"@type":"EntryPoint","urlTemplate":"https:\/\/www.rkmega.com\/?s={search_term_string}"},"query-input":{"@type":"PropertyValueSpecification","valueRequired":true,"valueName":"search_term_string"}}],"inLanguage":"es"},{"@type":"Organization","@id":"https:\/\/www.rkmega.com\/#organization","name":"RKMEGA","url":"https:\/\/www.rkmega.com\/","logo":{"@type":"ImageObject","inLanguage":"es","@id":"https:\/\/www.rkmega.com\/#\/schema\/logo\/image\/","url":"https:\/\/www.rkmega.com\/wp-content\/uploads\/2024\/12\/cropped-LOGO180X60-2.png","contentUrl":"https:\/\/www.rkmega.com\/wp-content\/uploads\/2024\/12\/cropped-LOGO180X60-2.png","width":180,"height":60,"caption":"RKMEGA"},"image":{"@id":"https:\/\/www.rkmega.com\/#\/schema\/logo\/image\/"}}]}},"_links":{"self":[{"href":"https:\/\/www.rkmega.com\/es\/wp-json\/wp\/v2\/product\/5389","targetHints":{"allow":["GET"]}}],"collection":[{"href":"https:\/\/www.rkmega.com\/es\/wp-json\/wp\/v2\/product"}],"about":[{"href":"https:\/\/www.rkmega.com\/es\/wp-json\/wp\/v2\/types\/product"}],"replies":[{"embeddable":true,"href":"https:\/\/www.rkmega.com\/es\/wp-json\/wp\/v2\/comments?post=5389"}],"version-history":[{"count":6,"href":"https:\/\/www.rkmega.com\/es\/wp-json\/wp\/v2\/product\/5389\/revisions"}],"predecessor-version":[{"id":6381,"href":"https:\/\/www.rkmega.com\/es\/wp-json\/wp\/v2\/product\/5389\/revisions\/6381"}],"wp:featuredmedia":[{"embeddable":true,"href":"https:\/\/www.rkmega.com\/es\/wp-json\/wp\/v2\/media\/5407"}],"wp:attachment":[{"href":"https:\/\/www.rkmega.com\/es\/wp-json\/wp\/v2\/media?parent=5389"}],"wp:term":[{"taxonomy":"product_cat","embeddable":true,"href":"https:\/\/www.rkmega.com\/es\/wp-json\/wp\/v2\/product_cat?post=5389"},{"taxonomy":"product_tag","embeddable":true,"href":"https:\/\/www.rkmega.com\/es\/wp-json\/wp\/v2\/product_tag?post=5389"}],"curies":[{"name":"wp","href":"https:\/\/api.w.org\/{rel}","templated":true}]}}