{"id":5422,"date":"2024-12-26T13:47:35","date_gmt":"2024-12-26T05:47:35","guid":{"rendered":"https:\/\/www.rkmega.com\/?post_type=product&#038;p=5422"},"modified":"2025-04-23T18:06:29","modified_gmt":"2025-04-23T10:06:29","slug":"jpeg2000","status":"publish","type":"product","link":"https:\/\/www.rkmega.com\/es\/producto\/jpeg2000\/","title":{"rendered":"Modelo JPEG2000"},"content":{"rendered":"<p><strong><b>Nodo de entrada de agente de dos flujos h\u00edbridos JPEG2000 y H.264<\/b><\/strong><\/p>\n<p><img fetchpriority=\"high\" decoding=\"async\" class=\"alignnone size-full wp-image-5424\" src=\"https:\/\/www.rkmega.com\/wp-content\/uploads\/2024\/12\/\u56fe\u724711-2.png\" alt=\"\" width=\"334\" height=\"312\" srcset=\"https:\/\/www.rkmega.com\/wp-content\/uploads\/2024\/12\/\u56fe\u724711-2.png 334w, https:\/\/www.rkmega.com\/wp-content\/uploads\/2024\/12\/\u56fe\u724711-2-300x280.png 300w, https:\/\/www.rkmega.com\/wp-content\/uploads\/2024\/12\/\u56fe\u724711-2-13x12.png 13w\" sizes=\"(max-width: 334px) 100vw, 334px\" \/><\/p>\n<p>El nodo de entrada est\u00e1 conectado principalmente a la computadora, la se\u00f1al de v\u00eddeo 4K y USB2.0 de codificaci\u00f3n de la se\u00f1al y la transmisi\u00f3n, que soporta la codificaci\u00f3n mixta, JPEG2000 de alta calidad de imagen de codificaci\u00f3n se utiliza para transmitir al agente nodo de recepci\u00f3n, para llevar al usuario sin p\u00e9rdida de calidad de imagen y ultra-bajo retardo, rat\u00f3n r\u00e1pido y el funcionamiento del teclado, sin retraso; H.265 ventaja de codificaci\u00f3n es alta relaci\u00f3n de compresi\u00f3n, teniendo en cuenta el peque\u00f1o ancho de banda, el software cliente a trav\u00e9s de decodificaci\u00f3n suave, vista previa de la se\u00f1al, la operaci\u00f3n visual<sub>. <\/sub><\/p>\n<h1><strong>Caracter\u00edsticas <\/strong><\/h1>\n<ul>\n<li>4K UHD utiliza cables de red de conmutaci\u00f3n 1G o fibras \u00f3pticas.<\/li>\n<li>soportaHDMI 1.4, HDCP 1.4.<\/li>\n<li>Codificaci\u00f3n de v\u00eddeo sin p\u00e9rdidas Retardo de 1,5 fotogramas.<\/li>\n<li>Soporta puerto de red, puerto \u00f3ptico, el flujo de c\u00f3digo IP puede ser transmitido a trav\u00e9s de puerto de red o puerto \u00f3ptico, soporta red \u00f3ptica hot backup.<\/li>\n<li>El puerto de red 1G admite alimentaci\u00f3n POE.<\/li>\n<li>Admite dos entradas HDMI y una salida en bucle HDMI.<\/li>\n<li>Entrada y salida de audio anal\u00f3gico, compatible con aplicaciones de audio unembed, sincronizaci\u00f3n de audio con v\u00eddeo o conmutaci\u00f3n independiente.<\/li>\n<li>Entrada y salida de control RS232, soporta control central o PC a trav\u00e9s de la red para transmitir comandos de control a RS232.<\/li>\n<li>IR de entrada y salida, el apoyo a trav\u00e9s de la red para enviar el c\u00f3digo de control de infrarrojos al transmisor de infrarrojos, el apoyo IR recibir el aprendizaje de salida de c\u00f3digo de control de red.<\/li>\n<li>Admite la salida de tres flujos al mismo tiempo: JPEG2000 (hasta 4K@30Hz), flujo principal H.264\/H.265 (hasta 1080P@60Hz), c\u00f3digo auxiliar H.264\/H.265.<\/li>\n<li>Terminal WEB integrado Ajustes, control de configuraci\u00f3n mediante software de PC.<\/li>\n<li>O\u25fcePuerto USB 2.0.<\/li>\n<li>Botones e indicadores de se\u00f1al del panel frontal.<\/li>\n<li>Conector de alimentaci\u00f3n con bloqueo, compatible con fuente de alimentaci\u00f3n POE y fuente de alimentaci\u00f3n local de doble respaldo.<\/li>\n<li>El puerto IO se conecta a la placa base del ordenador, arranque remoto.<\/li>\n<li>Admite flujo de vista previa para el control visual del sistema.<\/li>\n<\/ul>\n<p>Estado de la pantalla LCD del panel frontal, interruptor de llave de entrada de v\u00eddeo local.<\/p>","protected":false},"excerpt":{"rendered":"<table>\n<tbody>\n<tr>\n<td width=\"293\">N\u00famero de modelo<\/td>\n<td width=\"297\"><strong>B2-H-I\/O<\/strong><strong>M VLX-TC1 <\/strong><\/td>\n<\/tr>\n<tr>\n<td width=\"293\">Tecnolog\u00eda<\/td>\n<td width=\"297\">&nbsp;<\/td>\n<\/tr>\n<tr>\n<td width=\"293\">Retraso<\/td>\n<td width=\"297\">1,5 fotogramas (25 ms)<\/td>\n<\/tr>\n<tr>\n<td width=\"293\">Entrada HDMI 1<\/td>\n<td width=\"297\">(HDMI 1.4, HDCP1.4)<\/td>\n<\/tr>\n<tr>\n<td width=\"293\">Entrada HDMI 2<\/td>\n<td width=\"297\">(HDMI 1.4, HDCP1.4)<\/td>\n<\/tr>\n<tr>\n<td width=\"293\">Salida HDMI<\/td>\n<td width=\"297\">(HDMI 1.4, HDCP1.4)<\/td>\n<\/tr>\n<tr>\n<td width=\"293\">Audio<\/td>\n<td width=\"297\">Entrada\/salida de l\u00ednea de audio anal\u00f3gico (TRS de 3,5 mm)<\/td>\n<\/tr>\n<tr>\n<td width=\"293\">Ethernet de cobre 1G<\/td>\n<td width=\"297\">RJ-45, 100 m de alcance de transmisi\u00f3n<\/td>\n<\/tr>\n<tr>\n<td width=\"293\">1G Fibra Ethernet<\/td>\n<td width=\"297\">LC monomodo, 10 km de distancia de transmisi\u00f3n<\/td>\n<\/tr>\n<tr>\n<td width=\"293\">LAN RJ-45<\/td>\n<td width=\"297\">10\/100\/1000M PoE (PD)<\/td>\n<\/tr>\n<tr>\n<td width=\"293\">Ancho de banda de v\u00eddeo<\/td>\n<td width=\"297\">340 MHz<\/td>\n<\/tr>\n<tr>\n<td width=\"293\">Ayuda a la resoluci\u00f3n<\/td>\n<td width=\"297\">4K2K 4:4:4 @30Hz<\/td>\n<\/tr>\n<tr>\n<td width=\"293\">Conmutaci\u00f3n de audio<\/td>\n<td width=\"297\">Admite conmutaci\u00f3n sincr\u00f3nica de audio y v\u00eddeo o conmutaci\u00f3n independiente de audio<\/td>\n<\/tr>\n<tr>\n<td width=\"293\">RS-232<\/td>\n<td width=\"297\">Soporta 115k baudios (terminal Phoenix)<\/td>\n<\/tr>\n<tr>\n<td width=\"293\">IR<\/td>\n<td width=\"297\">Bidireccional (3,5 mm TRS)<\/td>\n<\/tr>\n<tr>\n<td width=\"293\">Conector USB<\/td>\n<td width=\"297\">USB 2.0 Tipo A hasta el final<\/td>\n<\/tr>\n<tr>\n<td width=\"293\">Pantalla LCD<\/td>\n<td width=\"297\">0,96\" TFT 160 x 80 matriz de puntos<\/td>\n<\/tr>\n<tr>\n<td width=\"293\">Interfaz de control<\/td>\n<td width=\"297\">KEY,RS232,IR,WEB,TELNET y software para PC<\/td>\n<\/tr>\n<tr>\n<td width=\"293\">Estructura<\/td>\n<td width=\"297\">&nbsp;<\/td>\n<\/tr>\n<tr>\n<td width=\"293\">Caso<\/td>\n<td width=\"297\">Malet\u00edn de avi\u00f3n industrial<\/td>\n<\/tr>\n<tr>\n<td width=\"293\">Dimensiones [largo x ancho x alto]<\/td>\n<td width=\"297\">232x 135 x 32mm<\/td>\n<\/tr>\n<tr>\n<td width=\"293\">Peso<\/td>\n<td width=\"297\">700g<\/td>\n<\/tr>\n<tr>\n<td width=\"293\">Instale<\/td>\n<td width=\"297\">Tacos de montaje en bastidor y tacos de montaje en el fondo de la mesa<\/td>\n<\/tr>\n<tr>\n<td width=\"293\">Fuente de alimentaci\u00f3n<\/td>\n<td width=\"297\">12 V CC con bloqueo con PoE (LAN)<\/td>\n<\/tr>\n<tr>\n<td width=\"293\">Consumo de energ\u00eda<\/td>\n<td width=\"297\">8 Vatios<\/td>\n<\/tr>\n<tr>\n<td width=\"293\">Temperatura de funcionamiento<\/td>\n<td width=\"297\">0~40\u00b0C [32~104\u00b0F]<\/td>\n<\/tr>\n<tr>\n<td width=\"293\">Embalaje<\/td>\n<td width=\"297\">1x B2-H-I\/O con 1x fuente de alimentaci\u00f3n (DC 12V 2A)<\/td>\n<\/tr>\n<\/tbody>\n<\/table>","protected":false},"featured_media":5423,"comment_status":"open","ping_status":"closed","template":"","meta":{"site-sidebar-layout":"default","site-content-layout":"","ast-site-content-layout":"default","site-content-style":"default","site-sidebar-style":"default","ast-global-header-display":"","ast-banner-title-visibility":"","ast-main-header-display":"","ast-hfb-above-header-display":"","ast-hfb-below-header-display":"","ast-hfb-mobile-header-display":"","site-post-title":"","ast-breadcrumbs-content":"","ast-featured-img":"","footer-sml-layout":"","theme-transparent-header-meta":"default","adv-header-id-meta":"","stick-header-meta":"","header-above-stick-meta":"","header-main-stick-meta":"","header-below-stick-meta":"","astra-migrate-meta-layouts":"set","ast-page-background-enabled":"default","ast-page-background-meta":{"desktop":{"background-color":"","background-image":"","background-repeat":"repeat","background-position":"center center","background-size":"auto","background-attachment":"scroll","background-type":"","background-media":"","overlay-type":"","overlay-color":"","overlay-opacity":"","overlay-gradient":""},"tablet":{"background-color":"","background-image":"","background-repeat":"repeat","background-position":"center center","background-size":"auto","background-attachment":"scroll","background-type":"","background-media":"","overlay-type":"","overlay-color":"","overlay-opacity":"","overlay-gradient":""},"mobile":{"background-color":"","background-image":"","background-repeat":"repeat","background-position":"center center","background-size":"auto","background-attachment":"scroll","background-type":"","background-media":"","overlay-type":"","overlay-color":"","overlay-opacity":"","overlay-gradient":""}},"ast-content-background-meta":{"desktop":{"background-color":"var(--ast-global-color-5)","background-image":"","background-repeat":"repeat","background-position":"center center","background-size":"auto","background-attachment":"scroll","background-type":"","background-media":"","overlay-type":"","overlay-color":"","overlay-opacity":"","overlay-gradient":""},"tablet":{"background-color":"var(--ast-global-color-5)","background-image":"","background-repeat":"repeat","background-position":"center center","background-size":"auto","background-attachment":"scroll","background-type":"","background-media":"","overlay-type":"","overlay-color":"","overlay-opacity":"","overlay-gradient":""},"mobile":{"background-color":"var(--ast-global-color-5)","background-image":"","background-repeat":"repeat","background-position":"center center","background-size":"auto","background-attachment":"scroll","background-type":"","background-media":"","overlay-type":"","overlay-color":"","overlay-opacity":"","overlay-gradient":""}}},"product_cat":[74],"product_tag":[],"class_list":{"0":"post-5422","1":"product","2":"type-product","3":"status-publish","4":"has-post-thumbnail","6":"product_cat-jpeg2000","7":"desktop-align-left","8":"tablet-align-left","9":"mobile-align-left","11":"first","12":"instock","13":"shipping-taxable","14":"product-type-simple"},"yoast_head":"<!-- This site is optimized with the Yoast SEO plugin v24.9 - https:\/\/yoast.com\/wordpress\/plugins\/seo\/ -->\n<title>Model: JPEG2000 - LED Solution Provider | OEM&amp;ODM | 15+ Years<\/title>\n<meta name=\"robots\" content=\"index, follow, max-snippet:-1, max-image-preview:large, max-video-preview:-1\" \/>\n<link rel=\"canonical\" href=\"https:\/\/www.rkmega.com\/es\/producto\/jpeg2000\/\" \/>\n<meta property=\"og:locale\" content=\"es_ES\" \/>\n<meta property=\"og:type\" content=\"article\" \/>\n<meta property=\"og:title\" content=\"Model: JPEG2000 - LED Solution Provider | OEM&amp;ODM | 15+ Years\" \/>\n<meta property=\"og:description\" content=\"Model number B2-H-I\/OM VLX-TC1    Technology &nbsp;   Delay 1.5 frames\u00a0(25ms)   HDMI input\u00a01 (HDMI 1.4, HDCP1.4)   HDMI input\u00a02 (HDMI 1.4, HDCP1.4)   HDMI output (HDMI 1.4, HDCP1.4)   Audio Analog Audio Line In\/Out (3.5mm TRS)   1G Copper Ethernet RJ-45, 100 m transmission range   1G Fiber Ethernet LC single mode, 10km transmission distance   LAN RJ-45 10\/100\/1000M PoE (PD)   Video bandwidth 340MHz   Resolution support 4K2K 4:4:4 @30Hz   Audio switching Support audio and video synchronous switching, or audio independent switching   RS-232 Supports 115k\u00a0baud rate (Phoenix terminal)   IR Bidirectional (3.5mm TRS)   USB connector USB 2.0 Type A\u00a0all the way   LCD display 0.96 &quot;TFT 160 x 80 dot matrix   Control interface KEY,RS232,IR,WEB,TELNET and PC Software   Structure &nbsp;   Case Industrial aircraft case   Dimensions [length x\u00a0width x\u00a0height] 232x 135 x 32mm   Weight 700g   Install Rack mounting lugs and table bottom mounting lugs   Power Supply 12V DC with lock with\u00a0PoE (LAN)   Power Consumption 8 Watts   Operating temperature 0~40\u00b0C [32~104\u00b0F]   Packaging 1x B2-H-I\/O\u00a0with\u00a01x PSU(DC 12V 2A)\" \/>\n<meta property=\"og:url\" content=\"https:\/\/www.rkmega.com\/es\/producto\/jpeg2000\/\" \/>\n<meta property=\"og:site_name\" content=\"LED Solution Provider | OEM&amp;ODM | 15+ Years\" \/>\n<meta property=\"article:modified_time\" content=\"2025-04-23T10:06:29+00:00\" \/>\n<meta property=\"og:image\" content=\"https:\/\/www.rkmega.com\/wp-content\/uploads\/2024\/12\/JPEG2000.jpg\" \/>\n\t<meta property=\"og:image:width\" content=\"1600\" \/>\n\t<meta property=\"og:image:height\" content=\"1200\" \/>\n\t<meta property=\"og:image:type\" content=\"image\/jpeg\" \/>\n<meta name=\"twitter:card\" content=\"summary_large_image\" \/>\n<meta name=\"twitter:label1\" content=\"Tiempo de lectura\" \/>\n\t<meta name=\"twitter:data1\" content=\"1 minuto\" \/>\n<script type=\"application\/ld+json\" class=\"yoast-schema-graph\">{\"@context\":\"https:\/\/schema.org\",\"@graph\":[{\"@type\":\"WebPage\",\"@id\":\"https:\/\/www.rkmega.com\/product\/jpeg2000\/\",\"url\":\"https:\/\/www.rkmega.com\/product\/jpeg2000\/\",\"name\":\"Model: JPEG2000 - LED Solution Provider | OEM&amp;ODM | 15+ Years\",\"isPartOf\":{\"@id\":\"https:\/\/www.rkmega.com\/#website\"},\"primaryImageOfPage\":{\"@id\":\"https:\/\/www.rkmega.com\/product\/jpeg2000\/#primaryimage\"},\"image\":{\"@id\":\"https:\/\/www.rkmega.com\/product\/jpeg2000\/#primaryimage\"},\"thumbnailUrl\":\"https:\/\/www.rkmega.com\/wp-content\/uploads\/2024\/12\/JPEG2000.jpg\",\"datePublished\":\"2024-12-26T05:47:35+00:00\",\"dateModified\":\"2025-04-23T10:06:29+00:00\",\"breadcrumb\":{\"@id\":\"https:\/\/www.rkmega.com\/product\/jpeg2000\/#breadcrumb\"},\"inLanguage\":\"es\",\"potentialAction\":[{\"@type\":\"ReadAction\",\"target\":[\"https:\/\/www.rkmega.com\/product\/jpeg2000\/\"]}]},{\"@type\":\"ImageObject\",\"inLanguage\":\"es\",\"@id\":\"https:\/\/www.rkmega.com\/product\/jpeg2000\/#primaryimage\",\"url\":\"https:\/\/www.rkmega.com\/wp-content\/uploads\/2024\/12\/JPEG2000.jpg\",\"contentUrl\":\"https:\/\/www.rkmega.com\/wp-content\/uploads\/2024\/12\/JPEG2000.jpg\",\"width\":1600,\"height\":1200},{\"@type\":\"BreadcrumbList\",\"@id\":\"https:\/\/www.rkmega.com\/product\/jpeg2000\/#breadcrumb\",\"itemListElement\":[{\"@type\":\"ListItem\",\"position\":1,\"name\":\"Home\",\"item\":\"https:\/\/www.rkmega.com\/\"},{\"@type\":\"ListItem\",\"position\":2,\"name\":\"Store\",\"item\":\"https:\/\/www.rkmega.com\/store\/\"},{\"@type\":\"ListItem\",\"position\":3,\"name\":\"Model: JPEG2000\"}]},{\"@type\":\"WebSite\",\"@id\":\"https:\/\/www.rkmega.com\/#website\",\"url\":\"https:\/\/www.rkmega.com\/\",\"name\":\"LED DISPLAY\",\"description\":\"\",\"publisher\":{\"@id\":\"https:\/\/www.rkmega.com\/#organization\"},\"potentialAction\":[{\"@type\":\"SearchAction\",\"target\":{\"@type\":\"EntryPoint\",\"urlTemplate\":\"https:\/\/www.rkmega.com\/?s={search_term_string}\"},\"query-input\":{\"@type\":\"PropertyValueSpecification\",\"valueRequired\":true,\"valueName\":\"search_term_string\"}}],\"inLanguage\":\"es\"},{\"@type\":\"Organization\",\"@id\":\"https:\/\/www.rkmega.com\/#organization\",\"name\":\"RKMEGA\",\"url\":\"https:\/\/www.rkmega.com\/\",\"logo\":{\"@type\":\"ImageObject\",\"inLanguage\":\"es\",\"@id\":\"https:\/\/www.rkmega.com\/#\/schema\/logo\/image\/\",\"url\":\"https:\/\/www.rkmega.com\/wp-content\/uploads\/2024\/12\/cropped-LOGO180X60-2.png\",\"contentUrl\":\"https:\/\/www.rkmega.com\/wp-content\/uploads\/2024\/12\/cropped-LOGO180X60-2.png\",\"width\":180,\"height\":60,\"caption\":\"RKMEGA\"},\"image\":{\"@id\":\"https:\/\/www.rkmega.com\/#\/schema\/logo\/image\/\"}}]}<\/script>\n<!-- \/ Yoast SEO plugin. -->","yoast_head_json":{"title":"Model: JPEG2000 - LED Solution Provider | OEM&amp;ODM | 15+ Years","robots":{"index":"index","follow":"follow","max-snippet":"max-snippet:-1","max-image-preview":"max-image-preview:large","max-video-preview":"max-video-preview:-1"},"canonical":"https:\/\/www.rkmega.com\/es\/producto\/jpeg2000\/","og_locale":"es_ES","og_type":"article","og_title":"Model: JPEG2000 - LED Solution Provider | OEM&amp;ODM | 15+ Years","og_description":"Model number B2-H-I\/OM VLX-TC1    Technology &nbsp;   Delay 1.5 frames\u00a0(25ms)   HDMI input\u00a01 (HDMI 1.4, HDCP1.4)   HDMI input\u00a02 (HDMI 1.4, HDCP1.4)   HDMI output (HDMI 1.4, HDCP1.4)   Audio Analog Audio Line In\/Out (3.5mm TRS)   1G Copper Ethernet RJ-45, 100 m transmission range   1G Fiber Ethernet LC single mode, 10km transmission distance   LAN RJ-45 10\/100\/1000M PoE (PD)   Video bandwidth 340MHz   Resolution support 4K2K 4:4:4 @30Hz   Audio switching Support audio and video synchronous switching, or audio independent switching   RS-232 Supports 115k\u00a0baud rate (Phoenix terminal)   IR Bidirectional (3.5mm TRS)   USB connector USB 2.0 Type A\u00a0all the way   LCD display 0.96 \"TFT 160 x 80 dot matrix   Control interface KEY,RS232,IR,WEB,TELNET and PC Software   Structure &nbsp;   Case Industrial aircraft case   Dimensions [length x\u00a0width x\u00a0height] 232x 135 x 32mm   Weight 700g   Install Rack mounting lugs and table bottom mounting lugs   Power Supply 12V DC with lock with\u00a0PoE (LAN)   Power Consumption 8 Watts   Operating temperature 0~40\u00b0C [32~104\u00b0F]   Packaging 1x B2-H-I\/O\u00a0with\u00a01x PSU(DC 12V 2A)","og_url":"https:\/\/www.rkmega.com\/es\/producto\/jpeg2000\/","og_site_name":"LED Solution Provider | OEM&amp;ODM | 15+ Years","article_modified_time":"2025-04-23T10:06:29+00:00","og_image":[{"width":1600,"height":1200,"url":"https:\/\/www.rkmega.com\/wp-content\/uploads\/2024\/12\/JPEG2000.jpg","type":"image\/jpeg"}],"twitter_card":"summary_large_image","twitter_misc":{"Tiempo de lectura":"1 minuto"},"schema":{"@context":"https:\/\/schema.org","@graph":[{"@type":"WebPage","@id":"https:\/\/www.rkmega.com\/product\/jpeg2000\/","url":"https:\/\/www.rkmega.com\/product\/jpeg2000\/","name":"Model: JPEG2000 - LED Solution Provider | OEM&amp;ODM | 15+ Years","isPartOf":{"@id":"https:\/\/www.rkmega.com\/#website"},"primaryImageOfPage":{"@id":"https:\/\/www.rkmega.com\/product\/jpeg2000\/#primaryimage"},"image":{"@id":"https:\/\/www.rkmega.com\/product\/jpeg2000\/#primaryimage"},"thumbnailUrl":"https:\/\/www.rkmega.com\/wp-content\/uploads\/2024\/12\/JPEG2000.jpg","datePublished":"2024-12-26T05:47:35+00:00","dateModified":"2025-04-23T10:06:29+00:00","breadcrumb":{"@id":"https:\/\/www.rkmega.com\/product\/jpeg2000\/#breadcrumb"},"inLanguage":"es","potentialAction":[{"@type":"ReadAction","target":["https:\/\/www.rkmega.com\/product\/jpeg2000\/"]}]},{"@type":"ImageObject","inLanguage":"es","@id":"https:\/\/www.rkmega.com\/product\/jpeg2000\/#primaryimage","url":"https:\/\/www.rkmega.com\/wp-content\/uploads\/2024\/12\/JPEG2000.jpg","contentUrl":"https:\/\/www.rkmega.com\/wp-content\/uploads\/2024\/12\/JPEG2000.jpg","width":1600,"height":1200},{"@type":"BreadcrumbList","@id":"https:\/\/www.rkmega.com\/product\/jpeg2000\/#breadcrumb","itemListElement":[{"@type":"ListItem","position":1,"name":"Home","item":"https:\/\/www.rkmega.com\/"},{"@type":"ListItem","position":2,"name":"Store","item":"https:\/\/www.rkmega.com\/store\/"},{"@type":"ListItem","position":3,"name":"Model: JPEG2000"}]},{"@type":"WebSite","@id":"https:\/\/www.rkmega.com\/#website","url":"https:\/\/www.rkmega.com\/","name":"LED DISPLAY","description":"","publisher":{"@id":"https:\/\/www.rkmega.com\/#organization"},"potentialAction":[{"@type":"SearchAction","target":{"@type":"EntryPoint","urlTemplate":"https:\/\/www.rkmega.com\/?s={search_term_string}"},"query-input":{"@type":"PropertyValueSpecification","valueRequired":true,"valueName":"search_term_string"}}],"inLanguage":"es"},{"@type":"Organization","@id":"https:\/\/www.rkmega.com\/#organization","name":"RKMEGA","url":"https:\/\/www.rkmega.com\/","logo":{"@type":"ImageObject","inLanguage":"es","@id":"https:\/\/www.rkmega.com\/#\/schema\/logo\/image\/","url":"https:\/\/www.rkmega.com\/wp-content\/uploads\/2024\/12\/cropped-LOGO180X60-2.png","contentUrl":"https:\/\/www.rkmega.com\/wp-content\/uploads\/2024\/12\/cropped-LOGO180X60-2.png","width":180,"height":60,"caption":"RKMEGA"},"image":{"@id":"https:\/\/www.rkmega.com\/#\/schema\/logo\/image\/"}}]}},"_links":{"self":[{"href":"https:\/\/www.rkmega.com\/es\/wp-json\/wp\/v2\/product\/5422","targetHints":{"allow":["GET"]}}],"collection":[{"href":"https:\/\/www.rkmega.com\/es\/wp-json\/wp\/v2\/product"}],"about":[{"href":"https:\/\/www.rkmega.com\/es\/wp-json\/wp\/v2\/types\/product"}],"replies":[{"embeddable":true,"href":"https:\/\/www.rkmega.com\/es\/wp-json\/wp\/v2\/comments?post=5422"}],"version-history":[{"count":2,"href":"https:\/\/www.rkmega.com\/es\/wp-json\/wp\/v2\/product\/5422\/revisions"}],"predecessor-version":[{"id":6274,"href":"https:\/\/www.rkmega.com\/es\/wp-json\/wp\/v2\/product\/5422\/revisions\/6274"}],"wp:featuredmedia":[{"embeddable":true,"href":"https:\/\/www.rkmega.com\/es\/wp-json\/wp\/v2\/media\/5423"}],"wp:attachment":[{"href":"https:\/\/www.rkmega.com\/es\/wp-json\/wp\/v2\/media?parent=5422"}],"wp:term":[{"taxonomy":"product_cat","embeddable":true,"href":"https:\/\/www.rkmega.com\/es\/wp-json\/wp\/v2\/product_cat?post=5422"},{"taxonomy":"product_tag","embeddable":true,"href":"https:\/\/www.rkmega.com\/es\/wp-json\/wp\/v2\/product_tag?post=5422"}],"curies":[{"name":"wp","href":"https:\/\/api.w.org\/{rel}","templated":true}]}}