{"id":5426,"date":"2024-12-26T14:00:18","date_gmt":"2024-12-26T06:00:18","guid":{"rendered":"https:\/\/www.rkmega.com\/?post_type=product&#038;p=5426"},"modified":"2025-04-23T18:06:24","modified_gmt":"2025-04-23T10:06:24","slug":"sdvoe","status":"publish","type":"product","link":"https:\/\/www.rkmega.com\/es\/producto\/sdvoe\/","title":{"rendered":"Modelo SDVOE"},"content":{"rendered":"<p>SDVOE caja de nodo distribuido es la tecnolog\u00eda distribuida existente, el retraso m\u00ednimo, la mejor calidad de imagen del sistema distribuido 4K, el uso de la tecnolog\u00eda Ethernet 10GbE de v\u00eddeo en tiempo real, audio, Ethernet y otras se\u00f1ales de control para la conmutaci\u00f3n de matriz, la extensi\u00f3n y distribuci\u00f3n, resoluci\u00f3n de hasta 4K60 4:4:4HDR (ultra HD).<\/p>\n<p>El hardware de nodo distribuido SDVOE con plataforma de software, con escalabilidad flexible, versatilidad, soporta una variedad de aplicaciones diferentes, incluyendo expansi\u00f3n punto a punto, aplicaciones de matriz de conmutaci\u00f3n sin fisuras, visualizaci\u00f3n de videowall, KVM y visualizaci\u00f3n multiventana.<\/p>\n<p>La m\u00e1quina de interfaz de hardware distribuida SDVOE incluye nodo de entrada y nodo de salida, resoluci\u00f3n de hasta 4K60 (8BIT 4:4:4), 4K60 (10BIT 4:2:2), sin artefactos ni retardo de pantalla. Con el fin de obtener una mayor flexibilidad, se puede codificar una variedad de se\u00f1ales de nodo de entrada, incluyendo v\u00eddeo, audio, IR, RS-232 a trav\u00e9s de enrutamiento de conmutaci\u00f3n 10G a cualquier nodo de salida.<\/p>\n<p><img fetchpriority=\"high\" decoding=\"async\" class=\"alignnone size-full wp-image-5428\" src=\"https:\/\/www.rkmega.com\/wp-content\/uploads\/2024\/12\/\u672a\u6807\u9898-1-1.png\" alt=\"\" width=\"908\" height=\"168\" srcset=\"https:\/\/www.rkmega.com\/wp-content\/uploads\/2024\/12\/\u672a\u6807\u9898-1-1.png 908w, https:\/\/www.rkmega.com\/wp-content\/uploads\/2024\/12\/\u672a\u6807\u9898-1-1-300x56.png 300w, https:\/\/www.rkmega.com\/wp-content\/uploads\/2024\/12\/\u672a\u6807\u9898-1-1-768x142.png 768w, https:\/\/www.rkmega.com\/wp-content\/uploads\/2024\/12\/\u672a\u6807\u9898-1-1-18x3.png 18w, https:\/\/www.rkmega.com\/wp-content\/uploads\/2024\/12\/\u672a\u6807\u9898-1-1-600x111.png 600w\" sizes=\"(max-width: 908px) 100vw, 908px\" \/><\/p>\n<ul>\n<li>La se\u00f1al de audio y v\u00eddeo admite transmisi\u00f3n por puerto Ethernet;<\/li>\n<li>Utiliza un conmutador de red 10GbE para enrutar v\u00eddeo y audio, se\u00f1al de control;<\/li>\n<li>Conversi\u00f3n de se\u00f1al HDMI r\u00e1pida y sin fisuras, compatible con resoluci\u00f3n 4K60(8BIT 4:4:4), y broadcast grade 4K60 (10BIT 4:2:2);<\/li>\n<li>Soporta HDMI 2.0A, HDCP2.2;<\/li>\n<\/ul>\n<ul>\n<li>Soporta audio embebido, audio anal\u00f3gico, audio PCM multicanal est\u00e9reo h\u00edbrido, IR bidireccional, RS-232, etc;<\/li>\n<li>La salida tiene funci\u00f3n de escalado de v\u00eddeo, compatible con una variedad de salida de resoluci\u00f3n de VGA a 4K60;<\/li>\n<li>Con funciones de empalme de pared de TV, imagen en imagen, s\u00edntesis de imagen y disposici\u00f3n definida por el usuario;<\/li>\n<li>Utilizando cable apantallado CAT7, la distancia m\u00e1xima de transmisi\u00f3n es de 100 metros;<\/li>\n<li>La m\u00e1quina interfaz admite aplicaciones punto a punto, punto a varios, multipunto, multipunto a varios y otros nodos;<\/li>\n<li>Soporta la funci\u00f3n de enrutamiento RS232;<\/li>\n<li>Cuando la resoluci\u00f3n de entrada es 4K60, el ancho de banda de datos del conmutador es de unos 8Gbps, cuando es 1080P60, de unos 3,4Gbps;<\/li>\n<li>Soporta funciones independientes de entrada y salida de audio y enrutamiento;<\/li>\n<li>Aplicaci\u00f3n KVM, soporta la funci\u00f3n de interruptor agente OSD, gesti\u00f3n de derechos;<\/li>\n<li>Dos puertos USB 2.0<\/li>\n<li>Dos puertos USB1.1<\/li>\n<\/ul>","protected":false},"excerpt":{"rendered":"<table>\n<tbody>\n<tr>\n<td width=\"284\">Art\u00edculos<\/td>\n<td width=\"284\">Par\u00e1metros<\/td>\n<\/tr>\n<tr>\n<td width=\"284\">M\u00e1xima resoluci\u00f3n<\/td>\n<td width=\"284\">4096 x 2160@60Hz 4:4:4<\/td>\n<\/tr>\n<tr>\n<td width=\"284\">Retardo de transmisi\u00f3n de la se\u00f1al de v\u00eddeo<\/p>\n<p>(modo punto a punto)<\/td>\n<td width=\"284\">M\u00e1x. 1ms<\/td>\n<\/tr>\n<tr>\n<td width=\"284\">Retraso en el cambio<\/td>\n<td width=\"284\">M\u00e1x. 2 cuadros<\/td>\n<\/tr>\n<tr>\n<td width=\"284\">Requisitos del interruptor<\/td>\n<td width=\"284\">Ancho de banda de 10 Gb, sin bloqueo, IGMP de capa 2<\/td>\n<\/tr>\n<tr>\n<td width=\"284\">N\u00famero de puertos de E\/S compatibles<\/td>\n<td width=\"284\">Limitado \u00fanicamente por el n\u00famero de puertos del conmutador, puede conectarse en cascada<\/td>\n<\/tr>\n<tr>\n<td width=\"284\">Cables recomendados<\/td>\n<td width=\"284\">CAT7<\/td>\n<\/tr>\n<tr>\n<td width=\"284\">Distancia de transmisi\u00f3n<\/td>\n<td width=\"284\">CAT7 100M<\/td>\n<\/tr>\n<tr>\n<td width=\"284\">Modo de intercambio de matrices<\/td>\n<td width=\"284\">Cualquier nodo de entrada a nodo de salida de conmutaci\u00f3n de enrutamiento completo, el tama\u00f1o de la matriz de acuerdo con el tama\u00f1o y la escalabilidad del interruptor<\/td>\n<\/tr>\n<tr>\n<td width=\"284\">Modo de empalme de videowall<\/td>\n<td width=\"284\">Admite un m\u00e1ximo de 64 dispositivos de visualizaci\u00f3n<\/td>\n<\/tr>\n<tr>\n<td width=\"284\">Modo peer-to-peer<\/td>\n<td width=\"284\">Soporta la expansi\u00f3n de se\u00f1al punto a punto, utilizando cable de red apantallado CAT7 hasta<\/p>\n<p>a 100 metros<\/td>\n<\/tr>\n<tr>\n<td width=\"284\">Modo de segmentaci\u00f3n de im\u00e1genes<\/td>\n<td width=\"284\">Soporta visualizaci\u00f3n independiente en pantalla de 32 im\u00e1genes<\/td>\n<\/tr>\n<tr>\n<td width=\"284\">Alimentaci\u00f3n<\/td>\n<td width=\"284\">DC12V2A<\/td>\n<\/tr>\n<tr>\n<td width=\"284\">Consumo de energ\u00eda<\/td>\n<td width=\"284\">M\u00e1ximo 8 W para los nodos de entrada y 8,5 W para los de salida<\/td>\n<\/tr>\n<tr>\n<td width=\"284\">Adaptadores<\/td>\n<td width=\"284\">Entrada de CA 100-240 V, salida de CC 12 V\/2 A<\/td>\n<\/tr>\n<tr>\n<td width=\"284\">Construcci\u00f3n<\/td>\n<td width=\"284\">Hierro<\/td>\n<\/tr>\n<tr>\n<td width=\"284\">Talla<\/td>\n<td width=\"284\">220 mm x 136 mm x 32 mm<\/td>\n<\/tr>\n<tr>\n<td width=\"284\">peso<\/td>\n<td width=\"284\">Aprox. 0,8KG<\/td>\n<\/tr>\n<\/tbody>\n<\/table>","protected":false},"featured_media":5427,"comment_status":"open","ping_status":"closed","template":"","meta":{"site-sidebar-layout":"default","site-content-layout":"","ast-site-content-layout":"default","site-content-style":"default","site-sidebar-style":"default","ast-global-header-display":"","ast-banner-title-visibility":"","ast-main-header-display":"","ast-hfb-above-header-display":"","ast-hfb-below-header-display":"","ast-hfb-mobile-header-display":"","site-post-title":"","ast-breadcrumbs-content":"","ast-featured-img":"","footer-sml-layout":"","theme-transparent-header-meta":"default","adv-header-id-meta":"","stick-header-meta":"","header-above-stick-meta":"","header-main-stick-meta":"","header-below-stick-meta":"","astra-migrate-meta-layouts":"set","ast-page-background-enabled":"default","ast-page-background-meta":{"desktop":{"background-color":"","background-image":"","background-repeat":"repeat","background-position":"center center","background-size":"auto","background-attachment":"scroll","background-type":"","background-media":"","overlay-type":"","overlay-color":"","overlay-opacity":"","overlay-gradient":""},"tablet":{"background-color":"","background-image":"","background-repeat":"repeat","background-position":"center center","background-size":"auto","background-attachment":"scroll","background-type":"","background-media":"","overlay-type":"","overlay-color":"","overlay-opacity":"","overlay-gradient":""},"mobile":{"background-color":"","background-image":"","background-repeat":"repeat","background-position":"center center","background-size":"auto","background-attachment":"scroll","background-type":"","background-media":"","overlay-type":"","overlay-color":"","overlay-opacity":"","overlay-gradient":""}},"ast-content-background-meta":{"desktop":{"background-color":"var(--ast-global-color-5)","background-image":"","background-repeat":"repeat","background-position":"center center","background-size":"auto","background-attachment":"scroll","background-type":"","background-media":"","overlay-type":"","overlay-color":"","overlay-opacity":"","overlay-gradient":""},"tablet":{"background-color":"var(--ast-global-color-5)","background-image":"","background-repeat":"repeat","background-position":"center center","background-size":"auto","background-attachment":"scroll","background-type":"","background-media":"","overlay-type":"","overlay-color":"","overlay-opacity":"","overlay-gradient":""},"mobile":{"background-color":"var(--ast-global-color-5)","background-image":"","background-repeat":"repeat","background-position":"center center","background-size":"auto","background-attachment":"scroll","background-type":"","background-media":"","overlay-type":"","overlay-color":"","overlay-opacity":"","overlay-gradient":""}}},"product_cat":[75],"product_tag":[],"class_list":{"0":"post-5426","1":"product","2":"type-product","3":"status-publish","4":"has-post-thumbnail","6":"product_cat-sdvoe","7":"desktop-align-left","8":"tablet-align-left","9":"mobile-align-left","11":"first","12":"instock","13":"shipping-taxable","14":"product-type-simple"},"yoast_head":"<!-- This site is optimized with the Yoast SEO plugin v24.9 - https:\/\/yoast.com\/wordpress\/plugins\/seo\/ -->\n<title>Model: SDVOE - LED Solution Provider | OEM&amp;ODM | 15+ Years<\/title>\n<meta name=\"robots\" content=\"index, follow, max-snippet:-1, max-image-preview:large, max-video-preview:-1\" \/>\n<link rel=\"canonical\" href=\"https:\/\/www.rkmega.com\/es\/producto\/sdvoe\/\" \/>\n<meta property=\"og:locale\" content=\"es_ES\" \/>\n<meta property=\"og:type\" content=\"article\" \/>\n<meta property=\"og:title\" content=\"Model: SDVOE - LED Solution Provider | OEM&amp;ODM | 15+ Years\" \/>\n<meta property=\"og:description\" content=\"Items Parameters   Maximum resolution support 4096\u00a0x 2160@60Hz 4:4:4   Video signal transmission delay  (point-to-point mode) Max. 1ms   Exchange delay Max. 2 frames   Switch requirements 10Gb bandwidth, no block, Layer 2 IGMP   Number of supported I\/O ports Limited only by the number of switch ports, can be cascaded   Recommended Cables CAT7   Transmission distance CAT7 100M   Matrix Exchange mode Any input node to output node full routing switching, matrix size according to the size and scalability of the switch   Video wall splicing mode Supports a maximum of 64 display devices   Peer-to-peer mode Support point-to-point signal expansion, using CAT7 shielded network cable up to  100 meters away   Image segmentation mode Support independent screen display 32 pictures   Power supply DC12V2A   Power Consumption Maximum 8W for input nodes and 8.5W for output nodes   Adapters Ac input 100-240V, DC output 12V\/2A   Construction Iron   Size 220 mm x 136 mm x 32mm   weight Approx. 0.8KG\" \/>\n<meta property=\"og:url\" content=\"https:\/\/www.rkmega.com\/es\/producto\/sdvoe\/\" \/>\n<meta property=\"og:site_name\" content=\"LED Solution Provider | OEM&amp;ODM | 15+ Years\" \/>\n<meta property=\"article:modified_time\" content=\"2025-04-23T10:06:24+00:00\" \/>\n<meta property=\"og:image\" content=\"https:\/\/www.rkmega.com\/wp-content\/uploads\/2024\/12\/SDVOE.jpg\" \/>\n\t<meta property=\"og:image:width\" content=\"1600\" \/>\n\t<meta property=\"og:image:height\" content=\"1200\" \/>\n\t<meta property=\"og:image:type\" content=\"image\/jpeg\" \/>\n<meta name=\"twitter:card\" content=\"summary_large_image\" \/>\n<meta name=\"twitter:label1\" content=\"Tiempo de lectura\" \/>\n\t<meta name=\"twitter:data1\" content=\"1 minuto\" \/>\n<script type=\"application\/ld+json\" class=\"yoast-schema-graph\">{\"@context\":\"https:\/\/schema.org\",\"@graph\":[{\"@type\":\"WebPage\",\"@id\":\"https:\/\/www.rkmega.com\/product\/sdvoe\/\",\"url\":\"https:\/\/www.rkmega.com\/product\/sdvoe\/\",\"name\":\"Model: SDVOE - LED Solution Provider | OEM&amp;ODM | 15+ Years\",\"isPartOf\":{\"@id\":\"https:\/\/www.rkmega.com\/#website\"},\"primaryImageOfPage\":{\"@id\":\"https:\/\/www.rkmega.com\/product\/sdvoe\/#primaryimage\"},\"image\":{\"@id\":\"https:\/\/www.rkmega.com\/product\/sdvoe\/#primaryimage\"},\"thumbnailUrl\":\"https:\/\/www.rkmega.com\/wp-content\/uploads\/2024\/12\/SDVOE.jpg\",\"datePublished\":\"2024-12-26T06:00:18+00:00\",\"dateModified\":\"2025-04-23T10:06:24+00:00\",\"breadcrumb\":{\"@id\":\"https:\/\/www.rkmega.com\/product\/sdvoe\/#breadcrumb\"},\"inLanguage\":\"es\",\"potentialAction\":[{\"@type\":\"ReadAction\",\"target\":[\"https:\/\/www.rkmega.com\/product\/sdvoe\/\"]}]},{\"@type\":\"ImageObject\",\"inLanguage\":\"es\",\"@id\":\"https:\/\/www.rkmega.com\/product\/sdvoe\/#primaryimage\",\"url\":\"https:\/\/www.rkmega.com\/wp-content\/uploads\/2024\/12\/SDVOE.jpg\",\"contentUrl\":\"https:\/\/www.rkmega.com\/wp-content\/uploads\/2024\/12\/SDVOE.jpg\",\"width\":1600,\"height\":1200},{\"@type\":\"BreadcrumbList\",\"@id\":\"https:\/\/www.rkmega.com\/product\/sdvoe\/#breadcrumb\",\"itemListElement\":[{\"@type\":\"ListItem\",\"position\":1,\"name\":\"Home\",\"item\":\"https:\/\/www.rkmega.com\/\"},{\"@type\":\"ListItem\",\"position\":2,\"name\":\"Store\",\"item\":\"https:\/\/www.rkmega.com\/store\/\"},{\"@type\":\"ListItem\",\"position\":3,\"name\":\"Model: SDVOE\"}]},{\"@type\":\"WebSite\",\"@id\":\"https:\/\/www.rkmega.com\/#website\",\"url\":\"https:\/\/www.rkmega.com\/\",\"name\":\"LED DISPLAY\",\"description\":\"\",\"publisher\":{\"@id\":\"https:\/\/www.rkmega.com\/#organization\"},\"potentialAction\":[{\"@type\":\"SearchAction\",\"target\":{\"@type\":\"EntryPoint\",\"urlTemplate\":\"https:\/\/www.rkmega.com\/?s={search_term_string}\"},\"query-input\":{\"@type\":\"PropertyValueSpecification\",\"valueRequired\":true,\"valueName\":\"search_term_string\"}}],\"inLanguage\":\"es\"},{\"@type\":\"Organization\",\"@id\":\"https:\/\/www.rkmega.com\/#organization\",\"name\":\"RKMEGA\",\"url\":\"https:\/\/www.rkmega.com\/\",\"logo\":{\"@type\":\"ImageObject\",\"inLanguage\":\"es\",\"@id\":\"https:\/\/www.rkmega.com\/#\/schema\/logo\/image\/\",\"url\":\"https:\/\/www.rkmega.com\/wp-content\/uploads\/2024\/12\/cropped-LOGO180X60-2.png\",\"contentUrl\":\"https:\/\/www.rkmega.com\/wp-content\/uploads\/2024\/12\/cropped-LOGO180X60-2.png\",\"width\":180,\"height\":60,\"caption\":\"RKMEGA\"},\"image\":{\"@id\":\"https:\/\/www.rkmega.com\/#\/schema\/logo\/image\/\"}}]}<\/script>\n<!-- \/ Yoast SEO plugin. -->","yoast_head_json":{"title":"Model: SDVOE - LED Solution Provider | OEM&amp;ODM | 15+ Years","robots":{"index":"index","follow":"follow","max-snippet":"max-snippet:-1","max-image-preview":"max-image-preview:large","max-video-preview":"max-video-preview:-1"},"canonical":"https:\/\/www.rkmega.com\/es\/producto\/sdvoe\/","og_locale":"es_ES","og_type":"article","og_title":"Model: SDVOE - LED Solution Provider | OEM&amp;ODM | 15+ Years","og_description":"Items Parameters   Maximum resolution support 4096\u00a0x 2160@60Hz 4:4:4   Video signal transmission delay  (point-to-point mode) Max. 1ms   Exchange delay Max. 2 frames   Switch requirements 10Gb bandwidth, no block, Layer 2 IGMP   Number of supported I\/O ports Limited only by the number of switch ports, can be cascaded   Recommended Cables CAT7   Transmission distance CAT7 100M   Matrix Exchange mode Any input node to output node full routing switching, matrix size according to the size and scalability of the switch   Video wall splicing mode Supports a maximum of 64 display devices   Peer-to-peer mode Support point-to-point signal expansion, using CAT7 shielded network cable up to  100 meters away   Image segmentation mode Support independent screen display 32 pictures   Power supply DC12V2A   Power Consumption Maximum 8W for input nodes and 8.5W for output nodes   Adapters Ac input 100-240V, DC output 12V\/2A   Construction Iron   Size 220 mm x 136 mm x 32mm   weight Approx. 0.8KG","og_url":"https:\/\/www.rkmega.com\/es\/producto\/sdvoe\/","og_site_name":"LED Solution Provider | OEM&amp;ODM | 15+ Years","article_modified_time":"2025-04-23T10:06:24+00:00","og_image":[{"width":1600,"height":1200,"url":"https:\/\/www.rkmega.com\/wp-content\/uploads\/2024\/12\/SDVOE.jpg","type":"image\/jpeg"}],"twitter_card":"summary_large_image","twitter_misc":{"Tiempo de lectura":"1 minuto"},"schema":{"@context":"https:\/\/schema.org","@graph":[{"@type":"WebPage","@id":"https:\/\/www.rkmega.com\/product\/sdvoe\/","url":"https:\/\/www.rkmega.com\/product\/sdvoe\/","name":"Model: SDVOE - LED Solution Provider | OEM&amp;ODM | 15+ Years","isPartOf":{"@id":"https:\/\/www.rkmega.com\/#website"},"primaryImageOfPage":{"@id":"https:\/\/www.rkmega.com\/product\/sdvoe\/#primaryimage"},"image":{"@id":"https:\/\/www.rkmega.com\/product\/sdvoe\/#primaryimage"},"thumbnailUrl":"https:\/\/www.rkmega.com\/wp-content\/uploads\/2024\/12\/SDVOE.jpg","datePublished":"2024-12-26T06:00:18+00:00","dateModified":"2025-04-23T10:06:24+00:00","breadcrumb":{"@id":"https:\/\/www.rkmega.com\/product\/sdvoe\/#breadcrumb"},"inLanguage":"es","potentialAction":[{"@type":"ReadAction","target":["https:\/\/www.rkmega.com\/product\/sdvoe\/"]}]},{"@type":"ImageObject","inLanguage":"es","@id":"https:\/\/www.rkmega.com\/product\/sdvoe\/#primaryimage","url":"https:\/\/www.rkmega.com\/wp-content\/uploads\/2024\/12\/SDVOE.jpg","contentUrl":"https:\/\/www.rkmega.com\/wp-content\/uploads\/2024\/12\/SDVOE.jpg","width":1600,"height":1200},{"@type":"BreadcrumbList","@id":"https:\/\/www.rkmega.com\/product\/sdvoe\/#breadcrumb","itemListElement":[{"@type":"ListItem","position":1,"name":"Home","item":"https:\/\/www.rkmega.com\/"},{"@type":"ListItem","position":2,"name":"Store","item":"https:\/\/www.rkmega.com\/store\/"},{"@type":"ListItem","position":3,"name":"Model: SDVOE"}]},{"@type":"WebSite","@id":"https:\/\/www.rkmega.com\/#website","url":"https:\/\/www.rkmega.com\/","name":"LED DISPLAY","description":"","publisher":{"@id":"https:\/\/www.rkmega.com\/#organization"},"potentialAction":[{"@type":"SearchAction","target":{"@type":"EntryPoint","urlTemplate":"https:\/\/www.rkmega.com\/?s={search_term_string}"},"query-input":{"@type":"PropertyValueSpecification","valueRequired":true,"valueName":"search_term_string"}}],"inLanguage":"es"},{"@type":"Organization","@id":"https:\/\/www.rkmega.com\/#organization","name":"RKMEGA","url":"https:\/\/www.rkmega.com\/","logo":{"@type":"ImageObject","inLanguage":"es","@id":"https:\/\/www.rkmega.com\/#\/schema\/logo\/image\/","url":"https:\/\/www.rkmega.com\/wp-content\/uploads\/2024\/12\/cropped-LOGO180X60-2.png","contentUrl":"https:\/\/www.rkmega.com\/wp-content\/uploads\/2024\/12\/cropped-LOGO180X60-2.png","width":180,"height":60,"caption":"RKMEGA"},"image":{"@id":"https:\/\/www.rkmega.com\/#\/schema\/logo\/image\/"}}]}},"_links":{"self":[{"href":"https:\/\/www.rkmega.com\/es\/wp-json\/wp\/v2\/product\/5426","targetHints":{"allow":["GET"]}}],"collection":[{"href":"https:\/\/www.rkmega.com\/es\/wp-json\/wp\/v2\/product"}],"about":[{"href":"https:\/\/www.rkmega.com\/es\/wp-json\/wp\/v2\/types\/product"}],"replies":[{"embeddable":true,"href":"https:\/\/www.rkmega.com\/es\/wp-json\/wp\/v2\/comments?post=5426"}],"version-history":[{"count":2,"href":"https:\/\/www.rkmega.com\/es\/wp-json\/wp\/v2\/product\/5426\/revisions"}],"predecessor-version":[{"id":6273,"href":"https:\/\/www.rkmega.com\/es\/wp-json\/wp\/v2\/product\/5426\/revisions\/6273"}],"wp:featuredmedia":[{"embeddable":true,"href":"https:\/\/www.rkmega.com\/es\/wp-json\/wp\/v2\/media\/5427"}],"wp:attachment":[{"href":"https:\/\/www.rkmega.com\/es\/wp-json\/wp\/v2\/media?parent=5426"}],"wp:term":[{"taxonomy":"product_cat","embeddable":true,"href":"https:\/\/www.rkmega.com\/es\/wp-json\/wp\/v2\/product_cat?post=5426"},{"taxonomy":"product_tag","embeddable":true,"href":"https:\/\/www.rkmega.com\/es\/wp-json\/wp\/v2\/product_tag?post=5426"}],"curies":[{"name":"wp","href":"https:\/\/api.w.org\/{rel}","templated":true}]}}