{"id":5430,"date":"2024-12-26T14:12:08","date_gmt":"2024-12-26T06:12:08","guid":{"rendered":"https:\/\/www.rkmega.com\/?post_type=product&#038;p=5430"},"modified":"2025-04-23T18:06:19","modified_gmt":"2025-04-23T10:06:19","slug":"ip-matrix-switcher","status":"publish","type":"product","link":"https:\/\/www.rkmega.com\/es\/producto\/ip-matrix-switcher\/","title":{"rendered":"Modelo: Matriz de conmutaci\u00f3n IP"},"content":{"rendered":"<h1><strong>Conexi\u00f3n topol\u00f3gica <\/strong><\/h1>\n<p>&nbsp;<\/p>\n<p><img decoding=\"async\" class=\"alignnone  wp-image-5431\" src=\"https:\/\/www.rkmega.com\/wp-content\/uploads\/2024\/12\/\u56fe\u724712.png\" alt=\"\" width=\"350\" height=\"141\" srcset=\"https:\/\/www.rkmega.com\/wp-content\/uploads\/2024\/12\/\u56fe\u724712.png 585w, https:\/\/www.rkmega.com\/wp-content\/uploads\/2024\/12\/\u56fe\u724712-300x121.png 300w, https:\/\/www.rkmega.com\/wp-content\/uploads\/2024\/12\/\u56fe\u724712-18x7.png 18w\" sizes=\"(max-width: 350px) 100vw, 350px\" \/><\/p>\n<p>&nbsp;<\/p>\n<p><img fetchpriority=\"high\" decoding=\"async\" class=\"alignnone  wp-image-5432\" src=\"https:\/\/www.rkmega.com\/wp-content\/uploads\/2024\/12\/\u56fe\u724713.png\" alt=\"\" width=\"715\" height=\"656\" srcset=\"https:\/\/www.rkmega.com\/wp-content\/uploads\/2024\/12\/\u56fe\u724713.png 565w, https:\/\/www.rkmega.com\/wp-content\/uploads\/2024\/12\/\u56fe\u724713-300x275.png 300w, https:\/\/www.rkmega.com\/wp-content\/uploads\/2024\/12\/\u56fe\u724713-13x12.png 13w\" sizes=\"(max-width: 715px) 100vw, 715px\" \/><\/p>\n<h1><strong>\u00a0\u00a0Notas de seguridad <\/strong><\/h1>\n<ul>\n<li>Siga siempre las precauciones b\u00e1sicas de seguridad para reducir el riesgo de incendio, descarga el\u00e9ctrica y lesiones personales.<\/li>\n<li>Para evitar riesgos de incendio o descarga el\u00e9ctrica, no llueva la unidad, no la moje ni instale este producto cerca del agua.<\/li>\n<li>No salpique ning\u00fan l\u00edquido sobre o dentro de este producto.<\/li>\n<li>No introduzca ning\u00fan objeto en la abertura o ranura vac\u00eda del dispositivo de este producto por ning\u00fan medio, ya que podr\u00eda da\u00f1ar las piezas internas de la unidad.<\/li>\n<li>No conecte los cables de alimentaci\u00f3n a las superficies del edificio.<\/li>\n<li>Utilice \u00fanicamente el dispositivo de alimentaci\u00f3n incluido. No lo utilice si la fuente de alimentaci\u00f3n est\u00e1 da\u00f1ada.<\/li>\n<li>No coloque ning\u00fan objeto sobre el cable de alimentaci\u00f3n en la zona de paso de las personas.<\/li>\n<li>Para evitar que los equipos se sobrecalienten, no los apile unos encima de otros o proporcione ventilaci\u00f3n y deje espacio suficiente para que el aire circule alrededor de los equipos.<\/li>\n<\/ul>","protected":false},"excerpt":{"rendered":"<table>\n<tbody>\n<tr>\n<td width=\"170\"><strong>Interfaz de entrada de v\u00eddeo <\/strong><\/td>\n<td width=\"425\">1*HDMI<\/td>\n<\/tr>\n<tr>\n<td width=\"170\"><strong>Introduzca la resoluci\u00f3n <\/strong><\/td>\n<td width=\"425\">1920\u00d71080@60HZ<\/td>\n<\/tr>\n<tr>\n<td width=\"170\"><strong>Introducir audio<\/strong><strong>\u00a0<\/strong><\/td>\n<td width=\"425\">1 v\u00eda LGR Terminal Phoenix<\/td>\n<\/tr>\n<tr>\n<td width=\"170\"><strong>Comunicaci\u00f3n perif\u00e9rica<\/strong><strong>\u00a0<\/strong><\/td>\n<td width=\"425\">Terminal Phoenix RS232 de 1 v\u00eda,<\/p>\n<p>1 entrada de infrarrojos de 3,5 mm, 1 salida de infrarrojos de 3,5 mm<\/td>\n<\/tr>\n<tr>\n<td width=\"170\"><strong>Interfaz de red <\/strong><\/td>\n<td width=\"425\">1 interfaz RJ-45, interfaz 100M Base-T compatible con PoE<\/td>\n<\/tr>\n<tr>\n<td width=\"170\"><strong>PoE Fuente de alimentaci\u00f3n <\/strong><\/td>\n<td width=\"425\">Ayuda<\/td>\n<\/tr>\n<tr>\n<td width=\"170\"><strong>Alimentaci\u00f3n <\/strong><\/td>\n<td width=\"425\">12V CC 1A<\/td>\n<\/tr>\n<tr>\n<td width=\"170\"><strong>Talla <\/strong><\/td>\n<td width=\"425\">142mm*82mm*24mm<\/td>\n<\/tr>\n<tr>\n<td width=\"170\"><strong>Peso <\/strong><\/td>\n<td width=\"425\">0,3 KG<\/td>\n<\/tr>\n<tr>\n<td width=\"170\"><strong>Temperatura <\/strong><\/td>\n<td width=\"425\">- 20 \u2103 ~ + 60 \u2103<\/td>\n<\/tr>\n<\/tbody>\n<\/table>","protected":false},"featured_media":5433,"comment_status":"open","ping_status":"closed","template":"","meta":{"site-sidebar-layout":"default","site-content-layout":"","ast-site-content-layout":"default","site-content-style":"default","site-sidebar-style":"default","ast-global-header-display":"","ast-banner-title-visibility":"","ast-main-header-display":"","ast-hfb-above-header-display":"","ast-hfb-below-header-display":"","ast-hfb-mobile-header-display":"","site-post-title":"","ast-breadcrumbs-content":"","ast-featured-img":"","footer-sml-layout":"","theme-transparent-header-meta":"default","adv-header-id-meta":"","stick-header-meta":"","header-above-stick-meta":"","header-main-stick-meta":"","header-below-stick-meta":"","astra-migrate-meta-layouts":"set","ast-page-background-enabled":"default","ast-page-background-meta":{"desktop":{"background-color":"","background-image":"","background-repeat":"repeat","background-position":"center center","background-size":"auto","background-attachment":"scroll","background-type":"","background-media":"","overlay-type":"","overlay-color":"","overlay-opacity":"","overlay-gradient":""},"tablet":{"background-color":"","background-image":"","background-repeat":"repeat","background-position":"center center","background-size":"auto","background-attachment":"scroll","background-type":"","background-media":"","overlay-type":"","overlay-color":"","overlay-opacity":"","overlay-gradient":""},"mobile":{"background-color":"","background-image":"","background-repeat":"repeat","background-position":"center center","background-size":"auto","background-attachment":"scroll","background-type":"","background-media":"","overlay-type":"","overlay-color":"","overlay-opacity":"","overlay-gradient":""}},"ast-content-background-meta":{"desktop":{"background-color":"var(--ast-global-color-5)","background-image":"","background-repeat":"repeat","background-position":"center center","background-size":"auto","background-attachment":"scroll","background-type":"","background-media":"","overlay-type":"","overlay-color":"","overlay-opacity":"","overlay-gradient":""},"tablet":{"background-color":"var(--ast-global-color-5)","background-image":"","background-repeat":"repeat","background-position":"center center","background-size":"auto","background-attachment":"scroll","background-type":"","background-media":"","overlay-type":"","overlay-color":"","overlay-opacity":"","overlay-gradient":""},"mobile":{"background-color":"var(--ast-global-color-5)","background-image":"","background-repeat":"repeat","background-position":"center center","background-size":"auto","background-attachment":"scroll","background-type":"","background-media":"","overlay-type":"","overlay-color":"","overlay-opacity":"","overlay-gradient":""}}},"product_cat":[79],"product_tag":[],"class_list":{"0":"post-5430","1":"product","2":"type-product","3":"status-publish","4":"has-post-thumbnail","6":"product_cat-ip-matrix-switcher","7":"desktop-align-left","8":"tablet-align-left","9":"mobile-align-left","11":"first","12":"instock","13":"shipping-taxable","14":"product-type-simple"},"yoast_head":"<!-- This site is optimized with the Yoast SEO plugin v24.9 - https:\/\/yoast.com\/wordpress\/plugins\/seo\/ -->\n<title>Model: IP Matrix Switcher - LED Solution Provider | OEM&amp;ODM | 15+ Years<\/title>\n<meta name=\"robots\" content=\"index, follow, max-snippet:-1, max-image-preview:large, max-video-preview:-1\" \/>\n<link rel=\"canonical\" href=\"https:\/\/www.rkmega.com\/es\/producto\/ip-matrix-switcher\/\" \/>\n<meta property=\"og:locale\" content=\"es_ES\" \/>\n<meta property=\"og:type\" content=\"article\" \/>\n<meta property=\"og:title\" content=\"Model: IP Matrix Switcher - LED Solution Provider | OEM&amp;ODM | 15+ Years\" \/>\n<meta property=\"og:description\" content=\"Video input interface  1*HDMI   Enter resolution  1920x1080@60HZ   Enter audio\u00a0 1 way LGR Phoenix terminal   Peripheral communication\u00a0 1 way RS232 Phoenix terminal,  1 IR 3.5mm input, 1 IR 3.5mm output   Network interface  1 RJ-45 interface, 100M Base-T interface support PoE   PoE Power supply  Support   Power supply  12V DC 1A   Size  142mm*82mm*24mm   Weight  0.3 KG   Temperature  - 20 \u2103\u00a0~ + 60 \u2103\" \/>\n<meta property=\"og:url\" content=\"https:\/\/www.rkmega.com\/es\/producto\/ip-matrix-switcher\/\" \/>\n<meta property=\"og:site_name\" content=\"LED Solution Provider | OEM&amp;ODM | 15+ Years\" \/>\n<meta property=\"article:modified_time\" content=\"2025-04-23T10:06:19+00:00\" \/>\n<meta property=\"og:image\" content=\"https:\/\/www.rkmega.com\/wp-content\/uploads\/2024\/12\/TX-ip\u77e9\u9635.jpg\" \/>\n\t<meta property=\"og:image:width\" content=\"1600\" \/>\n\t<meta property=\"og:image:height\" content=\"1200\" \/>\n\t<meta property=\"og:image:type\" content=\"image\/jpeg\" \/>\n<meta name=\"twitter:card\" content=\"summary_large_image\" \/>\n<meta name=\"twitter:label1\" content=\"Tiempo de lectura\" \/>\n\t<meta name=\"twitter:data1\" content=\"1 minuto\" \/>\n<script type=\"application\/ld+json\" class=\"yoast-schema-graph\">{\"@context\":\"https:\/\/schema.org\",\"@graph\":[{\"@type\":\"WebPage\",\"@id\":\"https:\/\/www.rkmega.com\/product\/ip-matrix-switcher\/\",\"url\":\"https:\/\/www.rkmega.com\/product\/ip-matrix-switcher\/\",\"name\":\"Model: IP Matrix Switcher - LED Solution Provider | OEM&amp;ODM | 15+ Years\",\"isPartOf\":{\"@id\":\"https:\/\/www.rkmega.com\/#website\"},\"primaryImageOfPage\":{\"@id\":\"https:\/\/www.rkmega.com\/product\/ip-matrix-switcher\/#primaryimage\"},\"image\":{\"@id\":\"https:\/\/www.rkmega.com\/product\/ip-matrix-switcher\/#primaryimage\"},\"thumbnailUrl\":\"https:\/\/www.rkmega.com\/wp-content\/uploads\/2024\/12\/TX-ip\u77e9\u9635.jpg\",\"datePublished\":\"2024-12-26T06:12:08+00:00\",\"dateModified\":\"2025-04-23T10:06:19+00:00\",\"breadcrumb\":{\"@id\":\"https:\/\/www.rkmega.com\/product\/ip-matrix-switcher\/#breadcrumb\"},\"inLanguage\":\"es\",\"potentialAction\":[{\"@type\":\"ReadAction\",\"target\":[\"https:\/\/www.rkmega.com\/product\/ip-matrix-switcher\/\"]}]},{\"@type\":\"ImageObject\",\"inLanguage\":\"es\",\"@id\":\"https:\/\/www.rkmega.com\/product\/ip-matrix-switcher\/#primaryimage\",\"url\":\"https:\/\/www.rkmega.com\/wp-content\/uploads\/2024\/12\/TX-ip\u77e9\u9635.jpg\",\"contentUrl\":\"https:\/\/www.rkmega.com\/wp-content\/uploads\/2024\/12\/TX-ip\u77e9\u9635.jpg\",\"width\":1600,\"height\":1200},{\"@type\":\"BreadcrumbList\",\"@id\":\"https:\/\/www.rkmega.com\/product\/ip-matrix-switcher\/#breadcrumb\",\"itemListElement\":[{\"@type\":\"ListItem\",\"position\":1,\"name\":\"Home\",\"item\":\"https:\/\/www.rkmega.com\/\"},{\"@type\":\"ListItem\",\"position\":2,\"name\":\"Store\",\"item\":\"https:\/\/www.rkmega.com\/store\/\"},{\"@type\":\"ListItem\",\"position\":3,\"name\":\"Model: IP Matrix Switcher\"}]},{\"@type\":\"WebSite\",\"@id\":\"https:\/\/www.rkmega.com\/#website\",\"url\":\"https:\/\/www.rkmega.com\/\",\"name\":\"LED DISPLAY\",\"description\":\"\",\"publisher\":{\"@id\":\"https:\/\/www.rkmega.com\/#organization\"},\"potentialAction\":[{\"@type\":\"SearchAction\",\"target\":{\"@type\":\"EntryPoint\",\"urlTemplate\":\"https:\/\/www.rkmega.com\/?s={search_term_string}\"},\"query-input\":{\"@type\":\"PropertyValueSpecification\",\"valueRequired\":true,\"valueName\":\"search_term_string\"}}],\"inLanguage\":\"es\"},{\"@type\":\"Organization\",\"@id\":\"https:\/\/www.rkmega.com\/#organization\",\"name\":\"RKMEGA\",\"url\":\"https:\/\/www.rkmega.com\/\",\"logo\":{\"@type\":\"ImageObject\",\"inLanguage\":\"es\",\"@id\":\"https:\/\/www.rkmega.com\/#\/schema\/logo\/image\/\",\"url\":\"https:\/\/www.rkmega.com\/wp-content\/uploads\/2024\/12\/cropped-LOGO180X60-2.png\",\"contentUrl\":\"https:\/\/www.rkmega.com\/wp-content\/uploads\/2024\/12\/cropped-LOGO180X60-2.png\",\"width\":180,\"height\":60,\"caption\":\"RKMEGA\"},\"image\":{\"@id\":\"https:\/\/www.rkmega.com\/#\/schema\/logo\/image\/\"}}]}<\/script>\n<!-- \/ Yoast SEO plugin. -->","yoast_head_json":{"title":"Model: IP Matrix Switcher - LED Solution Provider | OEM&amp;ODM | 15+ Years","robots":{"index":"index","follow":"follow","max-snippet":"max-snippet:-1","max-image-preview":"max-image-preview:large","max-video-preview":"max-video-preview:-1"},"canonical":"https:\/\/www.rkmega.com\/es\/producto\/ip-matrix-switcher\/","og_locale":"es_ES","og_type":"article","og_title":"Model: IP Matrix Switcher - LED Solution Provider | OEM&amp;ODM | 15+ Years","og_description":"Video input interface  1*HDMI   Enter resolution  1920x1080@60HZ   Enter audio\u00a0 1 way LGR Phoenix terminal   Peripheral communication\u00a0 1 way RS232 Phoenix terminal,  1 IR 3.5mm input, 1 IR 3.5mm output   Network interface  1 RJ-45 interface, 100M Base-T interface support PoE   PoE Power supply  Support   Power supply  12V DC 1A   Size  142mm*82mm*24mm   Weight  0.3 KG   Temperature  - 20 \u2103\u00a0~ + 60 \u2103","og_url":"https:\/\/www.rkmega.com\/es\/producto\/ip-matrix-switcher\/","og_site_name":"LED Solution Provider | OEM&amp;ODM | 15+ Years","article_modified_time":"2025-04-23T10:06:19+00:00","og_image":[{"width":1600,"height":1200,"url":"https:\/\/www.rkmega.com\/wp-content\/uploads\/2024\/12\/TX-ip\u77e9\u9635.jpg","type":"image\/jpeg"}],"twitter_card":"summary_large_image","twitter_misc":{"Tiempo de lectura":"1 minuto"},"schema":{"@context":"https:\/\/schema.org","@graph":[{"@type":"WebPage","@id":"https:\/\/www.rkmega.com\/product\/ip-matrix-switcher\/","url":"https:\/\/www.rkmega.com\/product\/ip-matrix-switcher\/","name":"Model: IP Matrix Switcher - LED Solution Provider | OEM&amp;ODM | 15+ Years","isPartOf":{"@id":"https:\/\/www.rkmega.com\/#website"},"primaryImageOfPage":{"@id":"https:\/\/www.rkmega.com\/product\/ip-matrix-switcher\/#primaryimage"},"image":{"@id":"https:\/\/www.rkmega.com\/product\/ip-matrix-switcher\/#primaryimage"},"thumbnailUrl":"https:\/\/www.rkmega.com\/wp-content\/uploads\/2024\/12\/TX-ip\u77e9\u9635.jpg","datePublished":"2024-12-26T06:12:08+00:00","dateModified":"2025-04-23T10:06:19+00:00","breadcrumb":{"@id":"https:\/\/www.rkmega.com\/product\/ip-matrix-switcher\/#breadcrumb"},"inLanguage":"es","potentialAction":[{"@type":"ReadAction","target":["https:\/\/www.rkmega.com\/product\/ip-matrix-switcher\/"]}]},{"@type":"ImageObject","inLanguage":"es","@id":"https:\/\/www.rkmega.com\/product\/ip-matrix-switcher\/#primaryimage","url":"https:\/\/www.rkmega.com\/wp-content\/uploads\/2024\/12\/TX-ip\u77e9\u9635.jpg","contentUrl":"https:\/\/www.rkmega.com\/wp-content\/uploads\/2024\/12\/TX-ip\u77e9\u9635.jpg","width":1600,"height":1200},{"@type":"BreadcrumbList","@id":"https:\/\/www.rkmega.com\/product\/ip-matrix-switcher\/#breadcrumb","itemListElement":[{"@type":"ListItem","position":1,"name":"Home","item":"https:\/\/www.rkmega.com\/"},{"@type":"ListItem","position":2,"name":"Store","item":"https:\/\/www.rkmega.com\/store\/"},{"@type":"ListItem","position":3,"name":"Model: IP Matrix Switcher"}]},{"@type":"WebSite","@id":"https:\/\/www.rkmega.com\/#website","url":"https:\/\/www.rkmega.com\/","name":"LED DISPLAY","description":"","publisher":{"@id":"https:\/\/www.rkmega.com\/#organization"},"potentialAction":[{"@type":"SearchAction","target":{"@type":"EntryPoint","urlTemplate":"https:\/\/www.rkmega.com\/?s={search_term_string}"},"query-input":{"@type":"PropertyValueSpecification","valueRequired":true,"valueName":"search_term_string"}}],"inLanguage":"es"},{"@type":"Organization","@id":"https:\/\/www.rkmega.com\/#organization","name":"RKMEGA","url":"https:\/\/www.rkmega.com\/","logo":{"@type":"ImageObject","inLanguage":"es","@id":"https:\/\/www.rkmega.com\/#\/schema\/logo\/image\/","url":"https:\/\/www.rkmega.com\/wp-content\/uploads\/2024\/12\/cropped-LOGO180X60-2.png","contentUrl":"https:\/\/www.rkmega.com\/wp-content\/uploads\/2024\/12\/cropped-LOGO180X60-2.png","width":180,"height":60,"caption":"RKMEGA"},"image":{"@id":"https:\/\/www.rkmega.com\/#\/schema\/logo\/image\/"}}]}},"_links":{"self":[{"href":"https:\/\/www.rkmega.com\/es\/wp-json\/wp\/v2\/product\/5430","targetHints":{"allow":["GET"]}}],"collection":[{"href":"https:\/\/www.rkmega.com\/es\/wp-json\/wp\/v2\/product"}],"about":[{"href":"https:\/\/www.rkmega.com\/es\/wp-json\/wp\/v2\/types\/product"}],"replies":[{"embeddable":true,"href":"https:\/\/www.rkmega.com\/es\/wp-json\/wp\/v2\/comments?post=5430"}],"version-history":[{"count":2,"href":"https:\/\/www.rkmega.com\/es\/wp-json\/wp\/v2\/product\/5430\/revisions"}],"predecessor-version":[{"id":6272,"href":"https:\/\/www.rkmega.com\/es\/wp-json\/wp\/v2\/product\/5430\/revisions\/6272"}],"wp:featuredmedia":[{"embeddable":true,"href":"https:\/\/www.rkmega.com\/es\/wp-json\/wp\/v2\/media\/5433"}],"wp:attachment":[{"href":"https:\/\/www.rkmega.com\/es\/wp-json\/wp\/v2\/media?parent=5430"}],"wp:term":[{"taxonomy":"product_cat","embeddable":true,"href":"https:\/\/www.rkmega.com\/es\/wp-json\/wp\/v2\/product_cat?post=5430"},{"taxonomy":"product_tag","embeddable":true,"href":"https:\/\/www.rkmega.com\/es\/wp-json\/wp\/v2\/product_tag?post=5430"}],"curies":[{"name":"wp","href":"https:\/\/api.w.org\/{rel}","templated":true}]}}