{"id":5441,"date":"2024-12-26T14:29:06","date_gmt":"2024-12-26T06:29:06","guid":{"rendered":"https:\/\/www.rkmega.com\/?post_type=product&#038;p=5441"},"modified":"2025-04-23T18:06:08","modified_gmt":"2025-04-23T10:06:08","slug":"k2-vedio-wall-controller","status":"publish","type":"product","link":"https:\/\/www.rkmega.com\/es\/producto\/k2-vedio-wall-controller\/","title":{"rendered":"Modelo: Controlador de pared K2 vedio"},"content":{"rendered":"<h1><strong>Caracter\u00edstica principal<\/strong><\/h1>\n<p>&nbsp;<\/p>\n<p><img fetchpriority=\"high\" decoding=\"async\" class=\"alignnone size-full wp-image-5443\" src=\"https:\/\/www.rkmega.com\/wp-content\/uploads\/2024\/12\/\u56fe\u72471-5.png\" alt=\"\" width=\"279\" height=\"184\" srcset=\"https:\/\/www.rkmega.com\/wp-content\/uploads\/2024\/12\/\u56fe\u72471-5.png 279w, https:\/\/www.rkmega.com\/wp-content\/uploads\/2024\/12\/\u56fe\u72471-5-18x12.png 18w\" sizes=\"(max-width: 279px) 100vw, 279px\" \/><\/p>\n<p>&nbsp;<\/p>\n<p><img decoding=\"async\" class=\"alignnone size-full wp-image-5444\" src=\"https:\/\/www.rkmega.com\/wp-content\/uploads\/2024\/12\/\u62d3\u6251\u56fe-1.jpg\" alt=\"\" width=\"884\" height=\"671\" srcset=\"https:\/\/www.rkmega.com\/wp-content\/uploads\/2024\/12\/\u62d3\u6251\u56fe-1.jpg 884w, https:\/\/www.rkmega.com\/wp-content\/uploads\/2024\/12\/\u62d3\u6251\u56fe-1-300x228.jpg 300w, https:\/\/www.rkmega.com\/wp-content\/uploads\/2024\/12\/\u62d3\u6251\u56fe-1-768x583.jpg 768w, https:\/\/www.rkmega.com\/wp-content\/uploads\/2024\/12\/\u62d3\u6251\u56fe-1-16x12.jpg 16w, https:\/\/www.rkmega.com\/wp-content\/uploads\/2024\/12\/\u62d3\u6251\u56fe-1-600x455.jpg 600w\" sizes=\"(max-width: 884px) 100vw, 884px\" \/><\/p>\n<ul>\n<li>Entrada 4K60<\/li>\n<li>Tarjeta de dise\u00f1o modular<\/li>\n<li>Conmutaci\u00f3n fluida<\/li>\n<li>Resoluci\u00f3n de salida personalizada<\/li>\n<li>Segmentaci\u00f3n de pantallas, itinerancia<\/li>\n<li>Imagen de base HD, subt\u00edtulos desplazables<\/li>\n<li>Hasta 30 escenas guardadas para leer<\/li>\n<li>Posibilidad de roaming autom\u00e1tico<\/li>\n<li>Puede gestionar 4 grupos de grandes<\/li>\n<\/ul>\n<p>pantallas<\/p>\n<p><strong>Diagrama de aplicaci\u00f3n: Dimensiones: <\/strong><\/p>\n<p><strong>K2-2U <\/strong><\/p>\n<p>436,6 (A) * 320 * 88 (H) (D)<\/p>\n<p><strong>K2-3U <\/strong><\/p>\n<p>436,6 (A) * 320 * 132,6 (D) (H)<\/p>\n<p><strong>K2-7U <\/strong><\/p>\n<p>436,6 (W) * 320 * 311 (H) (D)<\/p>\n<h1><strong>K2-12U <\/strong><\/h1>\n<p>436,6 (W) * 320 * 534 (H) (D)<\/p>","protected":false},"excerpt":{"rendered":"<table>\n<tbody>\n<tr>\n<td width=\"79\"><\/td>\n<td width=\"79\">&nbsp;<\/td>\n<td colspan=\"4\" width=\"538\">Par\u00e1metros de especificaci\u00f3n<\/td>\n<\/tr>\n<tr>\n<td width=\"79\">&nbsp;<\/td>\n<td width=\"79\">&nbsp;<\/td>\n<td width=\"125\">K2-2U<\/td>\n<td width=\"141\">K2-3U<\/td>\n<td width=\"130\">K2-7U<\/td>\n<td width=\"140\">K2-12U<\/td>\n<\/tr>\n<tr>\n<td rowspan=\"2\" width=\"79\">Puertos<\/td>\n<td width=\"79\">N\u00famero de ruta de entrada<\/td>\n<td width=\"125\">8<\/td>\n<td width=\"141\">20<\/td>\n<td width=\"130\">36<\/td>\n<td width=\"140\">72<\/td>\n<\/tr>\n<tr>\n<td width=\"79\">Rutas de salida<\/td>\n<td width=\"125\">12<\/td>\n<td width=\"141\">16<\/td>\n<td width=\"130\">36<\/td>\n<td width=\"140\">72<\/td>\n<\/tr>\n<tr>\n<td width=\"79\">Alimentaci\u00f3n<\/td>\n<td width=\"79\">Potencia de entrada<\/td>\n<td width=\"125\">100-240 V CA<\/td>\n<td width=\"141\">100-240 V CA<\/td>\n<td width=\"130\">100-240 V CA<\/td>\n<td width=\"140\">100-240 V CA<\/td>\n<\/tr>\n<tr>\n<td width=\"79\">Par\u00e1metro f\u00edsico s<\/td>\n<td width=\"79\">Dimensi\u00f3n s<\/td>\n<td width=\"125\">436.6 (W) * 320 *<\/p>\n<p>88 (H) (D)<\/td>\n<td width=\"141\">436.6 (W) * 320 *<\/p>\n<p>132,6 (D) (H)<\/td>\n<td width=\"130\">436.6 (W) * 320 *<\/p>\n<p>311 (H) (D)<\/td>\n<td width=\"140\">436.6 (W) * 320 * 534<\/p>\n<p>(H) (D)<\/td>\n<\/tr>\n<tr>\n<td rowspan=\"2\" width=\"79\">Entorno de trabajo<\/td>\n<td width=\"79\">Temperatura de funcionamiento<\/td>\n<td colspan=\"4\" width=\"538\">0 \u2103 a 50 \u2103<\/td>\n<\/tr>\n<tr>\n<td width=\"79\">Humedad<\/td>\n<td colspan=\"4\" width=\"538\">10% &#8211; 90%.<\/td>\n<\/tr>\n<tr>\n<td rowspan=\"2\" width=\"79\">tablero<\/p>\n<p>tarjeta<\/td>\n<td width=\"79\">Entrada<\/td>\n<td colspan=\"4\" width=\"538\">Tarjeta de placa HDMI: HDMI*4<\/p>\n<p>Tarjeta DVI: DVI*4<\/p>\n<p>Tarjeta HDMI1.4: HDMI1.4*2<\/p>\n<p>Tarjeta de entrada 4K60: DP1.2*1,HDMI2.0*1(s\u00f3lo se puede utilizar una l\u00ednea al mismo tiempo)<\/p>\n<p>Tarjeta SDI: SDI*4, SDI LOOP*4<\/p>\n<p>Tarjeta VGA: VGA*2<\/p>\n<p>Tarjeta CVBSS: CVBS*4<\/td>\n<\/tr>\n<tr>\n<td width=\"79\">Salida<\/td>\n<td colspan=\"4\" width=\"538\">Tarjeta HDMI: Salida HDMI de 4 canales (ampliable a tarjeta \u00fanica de 2 canales y tarjeta \u00fanica de un canal mediante firmware)<\/p>\n<p>Tarjeta DVI: 4 salidas DVI; (se puede actualizar a tarjeta \u00fanica de 2 v\u00edas y tarjeta \u00fanica de una v\u00eda mediante firmware)<\/td>\n<\/tr>\n<\/tbody>\n<\/table>","protected":false},"featured_media":5442,"comment_status":"open","ping_status":"closed","template":"","meta":{"site-sidebar-layout":"default","site-content-layout":"","ast-site-content-layout":"default","site-content-style":"default","site-sidebar-style":"default","ast-global-header-display":"","ast-banner-title-visibility":"","ast-main-header-display":"","ast-hfb-above-header-display":"","ast-hfb-below-header-display":"","ast-hfb-mobile-header-display":"","site-post-title":"","ast-breadcrumbs-content":"","ast-featured-img":"","footer-sml-layout":"","theme-transparent-header-meta":"default","adv-header-id-meta":"","stick-header-meta":"","header-above-stick-meta":"","header-main-stick-meta":"","header-below-stick-meta":"","astra-migrate-meta-layouts":"set","ast-page-background-enabled":"default","ast-page-background-meta":{"desktop":{"background-color":"","background-image":"","background-repeat":"repeat","background-position":"center center","background-size":"auto","background-attachment":"scroll","background-type":"","background-media":"","overlay-type":"","overlay-color":"","overlay-opacity":"","overlay-gradient":""},"tablet":{"background-color":"","background-image":"","background-repeat":"repeat","background-position":"center center","background-size":"auto","background-attachment":"scroll","background-type":"","background-media":"","overlay-type":"","overlay-color":"","overlay-opacity":"","overlay-gradient":""},"mobile":{"background-color":"","background-image":"","background-repeat":"repeat","background-position":"center center","background-size":"auto","background-attachment":"scroll","background-type":"","background-media":"","overlay-type":"","overlay-color":"","overlay-opacity":"","overlay-gradient":""}},"ast-content-background-meta":{"desktop":{"background-color":"var(--ast-global-color-5)","background-image":"","background-repeat":"repeat","background-position":"center center","background-size":"auto","background-attachment":"scroll","background-type":"","background-media":"","overlay-type":"","overlay-color":"","overlay-opacity":"","overlay-gradient":""},"tablet":{"background-color":"var(--ast-global-color-5)","background-image":"","background-repeat":"repeat","background-position":"center center","background-size":"auto","background-attachment":"scroll","background-type":"","background-media":"","overlay-type":"","overlay-color":"","overlay-opacity":"","overlay-gradient":""},"mobile":{"background-color":"var(--ast-global-color-5)","background-image":"","background-repeat":"repeat","background-position":"center center","background-size":"auto","background-attachment":"scroll","background-type":"","background-media":"","overlay-type":"","overlay-color":"","overlay-opacity":"","overlay-gradient":""}}},"product_cat":[76],"product_tag":[],"class_list":{"0":"post-5441","1":"product","2":"type-product","3":"status-publish","4":"has-post-thumbnail","6":"product_cat-k2-vedio-wall-controller","7":"desktop-align-left","8":"tablet-align-left","9":"mobile-align-left","11":"first","12":"instock","13":"shipping-taxable","14":"product-type-simple"},"yoast_head":"<!-- This site is optimized with the Yoast SEO plugin v24.9 - https:\/\/yoast.com\/wordpress\/plugins\/seo\/ -->\n<title>Model: K2 vedio wall controller - LED Solution Provider | OEM&amp;ODM | 15+ Years<\/title>\n<meta name=\"robots\" content=\"index, follow, max-snippet:-1, max-image-preview:large, max-video-preview:-1\" \/>\n<link rel=\"canonical\" href=\"https:\/\/www.rkmega.com\/es\/producto\/k2-vedio-wall-controller\/\" \/>\n<meta property=\"og:locale\" content=\"es_ES\" \/>\n<meta property=\"og:type\" content=\"article\" \/>\n<meta property=\"og:title\" content=\"Model: K2 vedio wall controller - LED Solution Provider | OEM&amp;ODM | 15+ Years\" \/>\n<meta property=\"og:description\" content=\"&nbsp; Specification parameters   &nbsp; &nbsp; K2-2U K2-3U K2-7U K2-12U   Ports Input path number 8 20 36 72   Output routes 12 16 36 72   Power supply Input power 100-240V AC 100-240V AC 100-240V AC 100-240V AC   Physical parameter s Dimension s 436.6 (W) * 320 *  88 (H) (D) 436.6 (W) * 320 *  132.6 (D) (H) 436.6 (W) * 320 *  311 (H) (D) 436.6 (W) * 320 * 534  (H) (D)   Work environme nt Operating temperatu re 0 \u2103 to 50 \u2103   Humidity 10% - 90%.   board  card Input HDMI board card: HDMI*4  DVI board card: DVI*4  HDMI1.4 Board: HDMI1.4*2  4K60 input board: DP1.2*1,HDMI2.0*1(only one line can be used at the same time)  SDI board: SDI*4, SDI LOOP*4  VGA board: VGA*2  CVBSS Board: CVBS*4   Output HDMI board: 4-channel HDMI output (can be upgraded to single-card 2-channel and single-card single-channel via firmware)  DVI board: 4 DVI outputs; (can be upgraded to single card 2-way and single card single-way via firmware)\" \/>\n<meta property=\"og:url\" content=\"https:\/\/www.rkmega.com\/es\/producto\/k2-vedio-wall-controller\/\" \/>\n<meta property=\"og:site_name\" content=\"LED Solution Provider | OEM&amp;ODM | 15+ Years\" \/>\n<meta property=\"article:modified_time\" content=\"2025-04-23T10:06:08+00:00\" \/>\n<meta property=\"og:image\" content=\"https:\/\/www.rkmega.com\/wp-content\/uploads\/2024\/12\/k2.jpg\" \/>\n\t<meta property=\"og:image:width\" content=\"1600\" \/>\n\t<meta property=\"og:image:height\" content=\"1200\" \/>\n\t<meta property=\"og:image:type\" content=\"image\/jpeg\" \/>\n<meta name=\"twitter:card\" content=\"summary_large_image\" \/>\n<script type=\"application\/ld+json\" class=\"yoast-schema-graph\">{\"@context\":\"https:\/\/schema.org\",\"@graph\":[{\"@type\":\"WebPage\",\"@id\":\"https:\/\/www.rkmega.com\/product\/k2-vedio-wall-controller\/\",\"url\":\"https:\/\/www.rkmega.com\/product\/k2-vedio-wall-controller\/\",\"name\":\"Model: K2 vedio wall controller - LED Solution Provider | OEM&amp;ODM | 15+ Years\",\"isPartOf\":{\"@id\":\"https:\/\/www.rkmega.com\/#website\"},\"primaryImageOfPage\":{\"@id\":\"https:\/\/www.rkmega.com\/product\/k2-vedio-wall-controller\/#primaryimage\"},\"image\":{\"@id\":\"https:\/\/www.rkmega.com\/product\/k2-vedio-wall-controller\/#primaryimage\"},\"thumbnailUrl\":\"https:\/\/www.rkmega.com\/wp-content\/uploads\/2024\/12\/k2.jpg\",\"datePublished\":\"2024-12-26T06:29:06+00:00\",\"dateModified\":\"2025-04-23T10:06:08+00:00\",\"breadcrumb\":{\"@id\":\"https:\/\/www.rkmega.com\/product\/k2-vedio-wall-controller\/#breadcrumb\"},\"inLanguage\":\"es\",\"potentialAction\":[{\"@type\":\"ReadAction\",\"target\":[\"https:\/\/www.rkmega.com\/product\/k2-vedio-wall-controller\/\"]}]},{\"@type\":\"ImageObject\",\"inLanguage\":\"es\",\"@id\":\"https:\/\/www.rkmega.com\/product\/k2-vedio-wall-controller\/#primaryimage\",\"url\":\"https:\/\/www.rkmega.com\/wp-content\/uploads\/2024\/12\/k2.jpg\",\"contentUrl\":\"https:\/\/www.rkmega.com\/wp-content\/uploads\/2024\/12\/k2.jpg\",\"width\":1600,\"height\":1200},{\"@type\":\"BreadcrumbList\",\"@id\":\"https:\/\/www.rkmega.com\/product\/k2-vedio-wall-controller\/#breadcrumb\",\"itemListElement\":[{\"@type\":\"ListItem\",\"position\":1,\"name\":\"Home\",\"item\":\"https:\/\/www.rkmega.com\/\"},{\"@type\":\"ListItem\",\"position\":2,\"name\":\"Store\",\"item\":\"https:\/\/www.rkmega.com\/store\/\"},{\"@type\":\"ListItem\",\"position\":3,\"name\":\"Model: K2 vedio wall controller\"}]},{\"@type\":\"WebSite\",\"@id\":\"https:\/\/www.rkmega.com\/#website\",\"url\":\"https:\/\/www.rkmega.com\/\",\"name\":\"LED DISPLAY\",\"description\":\"\",\"publisher\":{\"@id\":\"https:\/\/www.rkmega.com\/#organization\"},\"potentialAction\":[{\"@type\":\"SearchAction\",\"target\":{\"@type\":\"EntryPoint\",\"urlTemplate\":\"https:\/\/www.rkmega.com\/?s={search_term_string}\"},\"query-input\":{\"@type\":\"PropertyValueSpecification\",\"valueRequired\":true,\"valueName\":\"search_term_string\"}}],\"inLanguage\":\"es\"},{\"@type\":\"Organization\",\"@id\":\"https:\/\/www.rkmega.com\/#organization\",\"name\":\"RKMEGA\",\"url\":\"https:\/\/www.rkmega.com\/\",\"logo\":{\"@type\":\"ImageObject\",\"inLanguage\":\"es\",\"@id\":\"https:\/\/www.rkmega.com\/#\/schema\/logo\/image\/\",\"url\":\"https:\/\/www.rkmega.com\/wp-content\/uploads\/2024\/12\/cropped-LOGO180X60-2.png\",\"contentUrl\":\"https:\/\/www.rkmega.com\/wp-content\/uploads\/2024\/12\/cropped-LOGO180X60-2.png\",\"width\":180,\"height\":60,\"caption\":\"RKMEGA\"},\"image\":{\"@id\":\"https:\/\/www.rkmega.com\/#\/schema\/logo\/image\/\"}}]}<\/script>\n<!-- \/ Yoast SEO plugin. -->","yoast_head_json":{"title":"Model: K2 vedio wall controller - LED Solution Provider | OEM&amp;ODM | 15+ Years","robots":{"index":"index","follow":"follow","max-snippet":"max-snippet:-1","max-image-preview":"max-image-preview:large","max-video-preview":"max-video-preview:-1"},"canonical":"https:\/\/www.rkmega.com\/es\/producto\/k2-vedio-wall-controller\/","og_locale":"es_ES","og_type":"article","og_title":"Model: K2 vedio wall controller - LED Solution Provider | OEM&amp;ODM | 15+ Years","og_description":"&nbsp; Specification parameters   &nbsp; &nbsp; K2-2U K2-3U K2-7U K2-12U   Ports Input path number 8 20 36 72   Output routes 12 16 36 72   Power supply Input power 100-240V AC 100-240V AC 100-240V AC 100-240V AC   Physical parameter s Dimension s 436.6 (W) * 320 *  88 (H) (D) 436.6 (W) * 320 *  132.6 (D) (H) 436.6 (W) * 320 *  311 (H) (D) 436.6 (W) * 320 * 534  (H) (D)   Work environme nt Operating temperatu re 0 \u2103 to 50 \u2103   Humidity 10% - 90%.   board  card Input HDMI board card: HDMI*4  DVI board card: DVI*4  HDMI1.4 Board: HDMI1.4*2  4K60 input board: DP1.2*1,HDMI2.0*1(only one line can be used at the same time)  SDI board: SDI*4, SDI LOOP*4  VGA board: VGA*2  CVBSS Board: CVBS*4   Output HDMI board: 4-channel HDMI output (can be upgraded to single-card 2-channel and single-card single-channel via firmware)  DVI board: 4 DVI outputs; (can be upgraded to single card 2-way and single card single-way via firmware)","og_url":"https:\/\/www.rkmega.com\/es\/producto\/k2-vedio-wall-controller\/","og_site_name":"LED Solution Provider | OEM&amp;ODM | 15+ Years","article_modified_time":"2025-04-23T10:06:08+00:00","og_image":[{"width":1600,"height":1200,"url":"https:\/\/www.rkmega.com\/wp-content\/uploads\/2024\/12\/k2.jpg","type":"image\/jpeg"}],"twitter_card":"summary_large_image","schema":{"@context":"https:\/\/schema.org","@graph":[{"@type":"WebPage","@id":"https:\/\/www.rkmega.com\/product\/k2-vedio-wall-controller\/","url":"https:\/\/www.rkmega.com\/product\/k2-vedio-wall-controller\/","name":"Model: K2 vedio wall controller - LED Solution Provider | OEM&amp;ODM | 15+ Years","isPartOf":{"@id":"https:\/\/www.rkmega.com\/#website"},"primaryImageOfPage":{"@id":"https:\/\/www.rkmega.com\/product\/k2-vedio-wall-controller\/#primaryimage"},"image":{"@id":"https:\/\/www.rkmega.com\/product\/k2-vedio-wall-controller\/#primaryimage"},"thumbnailUrl":"https:\/\/www.rkmega.com\/wp-content\/uploads\/2024\/12\/k2.jpg","datePublished":"2024-12-26T06:29:06+00:00","dateModified":"2025-04-23T10:06:08+00:00","breadcrumb":{"@id":"https:\/\/www.rkmega.com\/product\/k2-vedio-wall-controller\/#breadcrumb"},"inLanguage":"es","potentialAction":[{"@type":"ReadAction","target":["https:\/\/www.rkmega.com\/product\/k2-vedio-wall-controller\/"]}]},{"@type":"ImageObject","inLanguage":"es","@id":"https:\/\/www.rkmega.com\/product\/k2-vedio-wall-controller\/#primaryimage","url":"https:\/\/www.rkmega.com\/wp-content\/uploads\/2024\/12\/k2.jpg","contentUrl":"https:\/\/www.rkmega.com\/wp-content\/uploads\/2024\/12\/k2.jpg","width":1600,"height":1200},{"@type":"BreadcrumbList","@id":"https:\/\/www.rkmega.com\/product\/k2-vedio-wall-controller\/#breadcrumb","itemListElement":[{"@type":"ListItem","position":1,"name":"Home","item":"https:\/\/www.rkmega.com\/"},{"@type":"ListItem","position":2,"name":"Store","item":"https:\/\/www.rkmega.com\/store\/"},{"@type":"ListItem","position":3,"name":"Model: K2 vedio wall controller"}]},{"@type":"WebSite","@id":"https:\/\/www.rkmega.com\/#website","url":"https:\/\/www.rkmega.com\/","name":"LED DISPLAY","description":"","publisher":{"@id":"https:\/\/www.rkmega.com\/#organization"},"potentialAction":[{"@type":"SearchAction","target":{"@type":"EntryPoint","urlTemplate":"https:\/\/www.rkmega.com\/?s={search_term_string}"},"query-input":{"@type":"PropertyValueSpecification","valueRequired":true,"valueName":"search_term_string"}}],"inLanguage":"es"},{"@type":"Organization","@id":"https:\/\/www.rkmega.com\/#organization","name":"RKMEGA","url":"https:\/\/www.rkmega.com\/","logo":{"@type":"ImageObject","inLanguage":"es","@id":"https:\/\/www.rkmega.com\/#\/schema\/logo\/image\/","url":"https:\/\/www.rkmega.com\/wp-content\/uploads\/2024\/12\/cropped-LOGO180X60-2.png","contentUrl":"https:\/\/www.rkmega.com\/wp-content\/uploads\/2024\/12\/cropped-LOGO180X60-2.png","width":180,"height":60,"caption":"RKMEGA"},"image":{"@id":"https:\/\/www.rkmega.com\/#\/schema\/logo\/image\/"}}]}},"_links":{"self":[{"href":"https:\/\/www.rkmega.com\/es\/wp-json\/wp\/v2\/product\/5441","targetHints":{"allow":["GET"]}}],"collection":[{"href":"https:\/\/www.rkmega.com\/es\/wp-json\/wp\/v2\/product"}],"about":[{"href":"https:\/\/www.rkmega.com\/es\/wp-json\/wp\/v2\/types\/product"}],"replies":[{"embeddable":true,"href":"https:\/\/www.rkmega.com\/es\/wp-json\/wp\/v2\/comments?post=5441"}],"version-history":[{"count":2,"href":"https:\/\/www.rkmega.com\/es\/wp-json\/wp\/v2\/product\/5441\/revisions"}],"predecessor-version":[{"id":6270,"href":"https:\/\/www.rkmega.com\/es\/wp-json\/wp\/v2\/product\/5441\/revisions\/6270"}],"wp:featuredmedia":[{"embeddable":true,"href":"https:\/\/www.rkmega.com\/es\/wp-json\/wp\/v2\/media\/5442"}],"wp:attachment":[{"href":"https:\/\/www.rkmega.com\/es\/wp-json\/wp\/v2\/media?parent=5441"}],"wp:term":[{"taxonomy":"product_cat","embeddable":true,"href":"https:\/\/www.rkmega.com\/es\/wp-json\/wp\/v2\/product_cat?post=5441"},{"taxonomy":"product_tag","embeddable":true,"href":"https:\/\/www.rkmega.com\/es\/wp-json\/wp\/v2\/product_tag?post=5441"}],"curies":[{"name":"wp","href":"https:\/\/api.w.org\/{rel}","templated":true}]}}