{"id":5446,"date":"2024-12-26T15:02:46","date_gmt":"2024-12-26T07:02:46","guid":{"rendered":"https:\/\/www.rkmega.com\/?post_type=product&#038;p=5446"},"modified":"2025-04-23T18:06:02","modified_gmt":"2025-04-23T10:06:02","slug":"k6-vedio-wall-controller","status":"publish","type":"product","link":"https:\/\/www.rkmega.com\/es\/producto\/k6-vedio-wall-controller\/","title":{"rendered":"Modelo: Controlador de pared K6 vedio"},"content":{"rendered":"<h1>Funciones<\/h1>\n<p>&nbsp;<\/p>\n<p><img fetchpriority=\"high\" decoding=\"async\" class=\"alignnone wp-image-5447\" src=\"https:\/\/www.rkmega.com\/wp-content\/uploads\/2024\/12\/\u672a\u6807\u9898-1-2.png\" alt=\"\" width=\"595\" height=\"324\" srcset=\"https:\/\/www.rkmega.com\/wp-content\/uploads\/2024\/12\/\u672a\u6807\u9898-1-2.png 803w, https:\/\/www.rkmega.com\/wp-content\/uploads\/2024\/12\/\u672a\u6807\u9898-1-2-300x163.png 300w, https:\/\/www.rkmega.com\/wp-content\/uploads\/2024\/12\/\u672a\u6807\u9898-1-2-768x418.png 768w, https:\/\/www.rkmega.com\/wp-content\/uploads\/2024\/12\/\u672a\u6807\u9898-1-2-18x10.png 18w, https:\/\/www.rkmega.com\/wp-content\/uploads\/2024\/12\/\u672a\u6807\u9898-1-2-600x327.png 600w\" sizes=\"(max-width: 595px) 100vw, 595px\" \/><\/p>\n<p>&nbsp;<\/p>\n<p><img decoding=\"async\" class=\"alignnone size-full wp-image-5448\" src=\"https:\/\/www.rkmega.com\/wp-content\/uploads\/2024\/12\/\u62d3\u6251\u56fe-2.jpg\" alt=\"\" width=\"2043\" height=\"1023\" srcset=\"https:\/\/www.rkmega.com\/wp-content\/uploads\/2024\/12\/\u62d3\u6251\u56fe-2.jpg 2043w, https:\/\/www.rkmega.com\/wp-content\/uploads\/2024\/12\/\u62d3\u6251\u56fe-2-300x150.jpg 300w, https:\/\/www.rkmega.com\/wp-content\/uploads\/2024\/12\/\u62d3\u6251\u56fe-2-1024x513.jpg 1024w, https:\/\/www.rkmega.com\/wp-content\/uploads\/2024\/12\/\u62d3\u6251\u56fe-2-768x385.jpg 768w, https:\/\/www.rkmega.com\/wp-content\/uploads\/2024\/12\/\u62d3\u6251\u56fe-2-1536x769.jpg 1536w, https:\/\/www.rkmega.com\/wp-content\/uploads\/2024\/12\/\u62d3\u6251\u56fe-2-18x9.jpg 18w, https:\/\/www.rkmega.com\/wp-content\/uploads\/2024\/12\/\u62d3\u6251\u56fe-2-600x300.jpg 600w\" sizes=\"(max-width: 2043px) 100vw, 2043px\" \/><\/p>\n<p>&nbsp;<\/p>\n<ul>\n<li>Soporta DVI, HDMI1.3, HDMI1.4, HDMI2.0, DP1.2, VGA, 3G-SDI, 12G-SDI y otras se\u00f1ales de entrada;<\/li>\n<li>Soporta HDMI2.0, DP1.2, HDMI1.3, DVI y otras se\u00f1ales de salida;<\/li>\n<li>Soporta una sola tarjeta de 10 puertos de red de salida, compatible con la serie S completa de tarjetas receptoras<\/li>\n<li>Soporta ajuste de brillo, ajuste de marco est\u00e1tico de ventana, conmutaci\u00f3n sin fisuras;<\/li>\n<li>Soporta previsualizaci\u00f3n de la fuente de se\u00f1al;<\/li>\n<li>Soporta escena de PC, puede guardar archivo de escena;<\/li>\n<li>Cualquier capa entre todas las se\u00f1ales, itinerancia arbitraria de m\u00faltiples im\u00e1genes, escalado; \u26ab Depuraci\u00f3n de software, control de software puede acceder al control de terceros;<\/li>\n<li>Soporte para a\u00f1adir subt\u00edtulos a trav\u00e9s de im\u00e1genes;<\/li>\n<li>Admite el empalme irregular de la pantalla;<\/li>\n<li>Soporte para modificar el EDID de la interfaz de entrada;<\/li>\n<li>Soporta respaldo en caliente de la se\u00f1al de entrada;<\/li>\n<li>Soporta autodiagn\u00f3stico inteligente, f\u00e1cil soluci\u00f3n de problemas;<\/li>\n<li>Soporta temporizaci\u00f3n de escenas, rotaci\u00f3n de escenas;<\/li>\n<li>Soporta corte de fuente de se\u00f1al, amplificaci\u00f3n local;<\/li>\n<li>Soporta la funci\u00f3n de sincronizaci\u00f3n de fotogramas;<\/li>\n<li>Resoluci\u00f3n personalizable, ancho m\u00e1ximo de puerto \u00fanico 3840\/ m\u00e1ximo 3840;<\/li>\n<li>Se puede ajustar una resoluci\u00f3n diferente entre la salida;<\/li>\n<li>Soporta resoluci\u00f3n de ajuste inteligente; Soporta empalme inteligente de formas especiales;<\/li>\n<li>Admite entrada de audio HDMI;<\/li>\n<li>Soporta la visualizaci\u00f3n de la se\u00f1al de entrada;<\/li>\n<\/ul>\n<p>1<\/p>\n<ul>\n<li>Software compatible con Windows, iOS, Android, harmonyOS, Galaxy Kirin y otros sistemas operativos;<\/li>\n<li>Soporta previsualizaci\u00f3n y eco de pantalla de arquitectura C\/S;<\/li>\n<li>Soporta control central inteligente, puede controlar el medio ambiente;<\/li>\n<\/ul>","protected":false},"excerpt":{"rendered":"<p>Funci\u00f3n Caracter\u00edsticas Soporta DVI, HDMI1.3, HDMI1.4, HDMI2.0, DP1.2, VGA, 3G-SDI, 12G-SDI y otras se\u00f1ales de entrada; Soporta HDMI2.0, DP1.2, HDMI1.3, DVI y otras se\u00f1ales de salida; Soporta una sola tarjeta de salida de 10 puertos de red, compatible con la serie S serie completa de tarjetas receptoras Soporta ajuste de brillo, ajuste de marco est\u00e1tico de ventana, conmutaci\u00f3n sin fisuras; Soporta fuente de se\u00f1al [...]<\/p>","protected":false},"featured_media":5453,"comment_status":"open","ping_status":"closed","template":"","meta":{"site-sidebar-layout":"default","site-content-layout":"","ast-site-content-layout":"default","site-content-style":"default","site-sidebar-style":"default","ast-global-header-display":"","ast-banner-title-visibility":"","ast-main-header-display":"","ast-hfb-above-header-display":"","ast-hfb-below-header-display":"","ast-hfb-mobile-header-display":"","site-post-title":"","ast-breadcrumbs-content":"","ast-featured-img":"","footer-sml-layout":"","theme-transparent-header-meta":"default","adv-header-id-meta":"","stick-header-meta":"","header-above-stick-meta":"","header-main-stick-meta":"","header-below-stick-meta":"","astra-migrate-meta-layouts":"set","ast-page-background-enabled":"default","ast-page-background-meta":{"desktop":{"background-color":"","background-image":"","background-repeat":"repeat","background-position":"center center","background-size":"auto","background-attachment":"scroll","background-type":"","background-media":"","overlay-type":"","overlay-color":"","overlay-opacity":"","overlay-gradient":""},"tablet":{"background-color":"","background-image":"","background-repeat":"repeat","background-position":"center center","background-size":"auto","background-attachment":"scroll","background-type":"","background-media":"","overlay-type":"","overlay-color":"","overlay-opacity":"","overlay-gradient":""},"mobile":{"background-color":"","background-image":"","background-repeat":"repeat","background-position":"center center","background-size":"auto","background-attachment":"scroll","background-type":"","background-media":"","overlay-type":"","overlay-color":"","overlay-opacity":"","overlay-gradient":""}},"ast-content-background-meta":{"desktop":{"background-color":"var(--ast-global-color-5)","background-image":"","background-repeat":"repeat","background-position":"center center","background-size":"auto","background-attachment":"scroll","background-type":"","background-media":"","overlay-type":"","overlay-color":"","overlay-opacity":"","overlay-gradient":""},"tablet":{"background-color":"var(--ast-global-color-5)","background-image":"","background-repeat":"repeat","background-position":"center center","background-size":"auto","background-attachment":"scroll","background-type":"","background-media":"","overlay-type":"","overlay-color":"","overlay-opacity":"","overlay-gradient":""},"mobile":{"background-color":"var(--ast-global-color-5)","background-image":"","background-repeat":"repeat","background-position":"center center","background-size":"auto","background-attachment":"scroll","background-type":"","background-media":"","overlay-type":"","overlay-color":"","overlay-opacity":"","overlay-gradient":""}}},"product_cat":[77],"product_tag":[],"class_list":{"0":"post-5446","1":"product","2":"type-product","3":"status-publish","4":"has-post-thumbnail","6":"product_cat-k6-vedio-wall-controller","7":"desktop-align-left","8":"tablet-align-left","9":"mobile-align-left","11":"first","12":"instock","13":"shipping-taxable","14":"product-type-simple"},"yoast_head":"<!-- This site is optimized with the Yoast SEO plugin v24.9 - https:\/\/yoast.com\/wordpress\/plugins\/seo\/ -->\n<title>Model: K6 vedio wall controller - LED Solution Provider | OEM&amp;ODM | 15+ Years<\/title>\n<meta name=\"robots\" content=\"index, follow, max-snippet:-1, max-image-preview:large, max-video-preview:-1\" \/>\n<link rel=\"canonical\" href=\"https:\/\/www.rkmega.com\/es\/producto\/k6-vedio-wall-controller\/\" \/>\n<meta property=\"og:locale\" content=\"es_ES\" \/>\n<meta property=\"og:type\" content=\"article\" \/>\n<meta property=\"og:title\" content=\"Model: K6 vedio wall controller - LED Solution Provider | OEM&amp;ODM | 15+ Years\" \/>\n<meta property=\"og:description\" content=\"Function Features &nbsp; &nbsp; &nbsp; Support DVI, HDMI1.3, HDMI1.4, HDMI2.0, DP1.2, VGA, 3G-SDI, 12G-SDI and other input signals; Support HDMI2.0, DP1.2, HDMI1.3, DVI and other output signals; Support single card 10 network port output, compatible with S series full series of receiving cards Support brightness adjustment, window static frame setting, seamless switching; Support signal source [&hellip;]\" \/>\n<meta property=\"og:url\" content=\"https:\/\/www.rkmega.com\/es\/producto\/k6-vedio-wall-controller\/\" \/>\n<meta property=\"og:site_name\" content=\"LED Solution Provider | OEM&amp;ODM | 15+ Years\" \/>\n<meta property=\"article:modified_time\" content=\"2025-04-23T10:06:02+00:00\" \/>\n<meta property=\"og:image\" content=\"https:\/\/www.rkmega.com\/wp-content\/uploads\/2024\/12\/k6-n.jpg\" \/>\n\t<meta property=\"og:image:width\" content=\"1600\" \/>\n\t<meta property=\"og:image:height\" content=\"1200\" \/>\n\t<meta property=\"og:image:type\" content=\"image\/jpeg\" \/>\n<meta name=\"twitter:card\" content=\"summary_large_image\" \/>\n<meta name=\"twitter:label1\" content=\"Tiempo de lectura\" \/>\n\t<meta name=\"twitter:data1\" content=\"1 minuto\" \/>\n<script type=\"application\/ld+json\" class=\"yoast-schema-graph\">{\"@context\":\"https:\/\/schema.org\",\"@graph\":[{\"@type\":\"WebPage\",\"@id\":\"https:\/\/www.rkmega.com\/product\/k6-vedio-wall-controller\/\",\"url\":\"https:\/\/www.rkmega.com\/product\/k6-vedio-wall-controller\/\",\"name\":\"Model: K6 vedio wall controller - LED Solution Provider | OEM&amp;ODM | 15+ Years\",\"isPartOf\":{\"@id\":\"https:\/\/www.rkmega.com\/#website\"},\"primaryImageOfPage\":{\"@id\":\"https:\/\/www.rkmega.com\/product\/k6-vedio-wall-controller\/#primaryimage\"},\"image\":{\"@id\":\"https:\/\/www.rkmega.com\/product\/k6-vedio-wall-controller\/#primaryimage\"},\"thumbnailUrl\":\"https:\/\/www.rkmega.com\/wp-content\/uploads\/2024\/12\/k6-n.jpg\",\"datePublished\":\"2024-12-26T07:02:46+00:00\",\"dateModified\":\"2025-04-23T10:06:02+00:00\",\"breadcrumb\":{\"@id\":\"https:\/\/www.rkmega.com\/product\/k6-vedio-wall-controller\/#breadcrumb\"},\"inLanguage\":\"es\",\"potentialAction\":[{\"@type\":\"ReadAction\",\"target\":[\"https:\/\/www.rkmega.com\/product\/k6-vedio-wall-controller\/\"]}]},{\"@type\":\"ImageObject\",\"inLanguage\":\"es\",\"@id\":\"https:\/\/www.rkmega.com\/product\/k6-vedio-wall-controller\/#primaryimage\",\"url\":\"https:\/\/www.rkmega.com\/wp-content\/uploads\/2024\/12\/k6-n.jpg\",\"contentUrl\":\"https:\/\/www.rkmega.com\/wp-content\/uploads\/2024\/12\/k6-n.jpg\",\"width\":1600,\"height\":1200},{\"@type\":\"BreadcrumbList\",\"@id\":\"https:\/\/www.rkmega.com\/product\/k6-vedio-wall-controller\/#breadcrumb\",\"itemListElement\":[{\"@type\":\"ListItem\",\"position\":1,\"name\":\"Home\",\"item\":\"https:\/\/www.rkmega.com\/\"},{\"@type\":\"ListItem\",\"position\":2,\"name\":\"Store\",\"item\":\"https:\/\/www.rkmega.com\/store\/\"},{\"@type\":\"ListItem\",\"position\":3,\"name\":\"Model: K6 vedio wall controller\"}]},{\"@type\":\"WebSite\",\"@id\":\"https:\/\/www.rkmega.com\/#website\",\"url\":\"https:\/\/www.rkmega.com\/\",\"name\":\"LED DISPLAY\",\"description\":\"\",\"publisher\":{\"@id\":\"https:\/\/www.rkmega.com\/#organization\"},\"potentialAction\":[{\"@type\":\"SearchAction\",\"target\":{\"@type\":\"EntryPoint\",\"urlTemplate\":\"https:\/\/www.rkmega.com\/?s={search_term_string}\"},\"query-input\":{\"@type\":\"PropertyValueSpecification\",\"valueRequired\":true,\"valueName\":\"search_term_string\"}}],\"inLanguage\":\"es\"},{\"@type\":\"Organization\",\"@id\":\"https:\/\/www.rkmega.com\/#organization\",\"name\":\"RKMEGA\",\"url\":\"https:\/\/www.rkmega.com\/\",\"logo\":{\"@type\":\"ImageObject\",\"inLanguage\":\"es\",\"@id\":\"https:\/\/www.rkmega.com\/#\/schema\/logo\/image\/\",\"url\":\"https:\/\/www.rkmega.com\/wp-content\/uploads\/2024\/12\/cropped-LOGO180X60-2.png\",\"contentUrl\":\"https:\/\/www.rkmega.com\/wp-content\/uploads\/2024\/12\/cropped-LOGO180X60-2.png\",\"width\":180,\"height\":60,\"caption\":\"RKMEGA\"},\"image\":{\"@id\":\"https:\/\/www.rkmega.com\/#\/schema\/logo\/image\/\"}}]}<\/script>\n<!-- \/ Yoast SEO plugin. -->","yoast_head_json":{"title":"Model: K6 vedio wall controller - LED Solution Provider | OEM&amp;ODM | 15+ Years","robots":{"index":"index","follow":"follow","max-snippet":"max-snippet:-1","max-image-preview":"max-image-preview:large","max-video-preview":"max-video-preview:-1"},"canonical":"https:\/\/www.rkmega.com\/es\/producto\/k6-vedio-wall-controller\/","og_locale":"es_ES","og_type":"article","og_title":"Model: K6 vedio wall controller - LED Solution Provider | OEM&amp;ODM | 15+ Years","og_description":"Function Features &nbsp; &nbsp; &nbsp; Support DVI, HDMI1.3, HDMI1.4, HDMI2.0, DP1.2, VGA, 3G-SDI, 12G-SDI and other input signals; Support HDMI2.0, DP1.2, HDMI1.3, DVI and other output signals; Support single card 10 network port output, compatible with S series full series of receiving cards Support brightness adjustment, window static frame setting, seamless switching; Support signal source [&hellip;]","og_url":"https:\/\/www.rkmega.com\/es\/producto\/k6-vedio-wall-controller\/","og_site_name":"LED Solution Provider | OEM&amp;ODM | 15+ Years","article_modified_time":"2025-04-23T10:06:02+00:00","og_image":[{"width":1600,"height":1200,"url":"https:\/\/www.rkmega.com\/wp-content\/uploads\/2024\/12\/k6-n.jpg","type":"image\/jpeg"}],"twitter_card":"summary_large_image","twitter_misc":{"Tiempo de lectura":"1 minuto"},"schema":{"@context":"https:\/\/schema.org","@graph":[{"@type":"WebPage","@id":"https:\/\/www.rkmega.com\/product\/k6-vedio-wall-controller\/","url":"https:\/\/www.rkmega.com\/product\/k6-vedio-wall-controller\/","name":"Model: K6 vedio wall controller - LED Solution Provider | OEM&amp;ODM | 15+ Years","isPartOf":{"@id":"https:\/\/www.rkmega.com\/#website"},"primaryImageOfPage":{"@id":"https:\/\/www.rkmega.com\/product\/k6-vedio-wall-controller\/#primaryimage"},"image":{"@id":"https:\/\/www.rkmega.com\/product\/k6-vedio-wall-controller\/#primaryimage"},"thumbnailUrl":"https:\/\/www.rkmega.com\/wp-content\/uploads\/2024\/12\/k6-n.jpg","datePublished":"2024-12-26T07:02:46+00:00","dateModified":"2025-04-23T10:06:02+00:00","breadcrumb":{"@id":"https:\/\/www.rkmega.com\/product\/k6-vedio-wall-controller\/#breadcrumb"},"inLanguage":"es","potentialAction":[{"@type":"ReadAction","target":["https:\/\/www.rkmega.com\/product\/k6-vedio-wall-controller\/"]}]},{"@type":"ImageObject","inLanguage":"es","@id":"https:\/\/www.rkmega.com\/product\/k6-vedio-wall-controller\/#primaryimage","url":"https:\/\/www.rkmega.com\/wp-content\/uploads\/2024\/12\/k6-n.jpg","contentUrl":"https:\/\/www.rkmega.com\/wp-content\/uploads\/2024\/12\/k6-n.jpg","width":1600,"height":1200},{"@type":"BreadcrumbList","@id":"https:\/\/www.rkmega.com\/product\/k6-vedio-wall-controller\/#breadcrumb","itemListElement":[{"@type":"ListItem","position":1,"name":"Home","item":"https:\/\/www.rkmega.com\/"},{"@type":"ListItem","position":2,"name":"Store","item":"https:\/\/www.rkmega.com\/store\/"},{"@type":"ListItem","position":3,"name":"Model: K6 vedio wall controller"}]},{"@type":"WebSite","@id":"https:\/\/www.rkmega.com\/#website","url":"https:\/\/www.rkmega.com\/","name":"LED DISPLAY","description":"","publisher":{"@id":"https:\/\/www.rkmega.com\/#organization"},"potentialAction":[{"@type":"SearchAction","target":{"@type":"EntryPoint","urlTemplate":"https:\/\/www.rkmega.com\/?s={search_term_string}"},"query-input":{"@type":"PropertyValueSpecification","valueRequired":true,"valueName":"search_term_string"}}],"inLanguage":"es"},{"@type":"Organization","@id":"https:\/\/www.rkmega.com\/#organization","name":"RKMEGA","url":"https:\/\/www.rkmega.com\/","logo":{"@type":"ImageObject","inLanguage":"es","@id":"https:\/\/www.rkmega.com\/#\/schema\/logo\/image\/","url":"https:\/\/www.rkmega.com\/wp-content\/uploads\/2024\/12\/cropped-LOGO180X60-2.png","contentUrl":"https:\/\/www.rkmega.com\/wp-content\/uploads\/2024\/12\/cropped-LOGO180X60-2.png","width":180,"height":60,"caption":"RKMEGA"},"image":{"@id":"https:\/\/www.rkmega.com\/#\/schema\/logo\/image\/"}}]}},"_links":{"self":[{"href":"https:\/\/www.rkmega.com\/es\/wp-json\/wp\/v2\/product\/5446","targetHints":{"allow":["GET"]}}],"collection":[{"href":"https:\/\/www.rkmega.com\/es\/wp-json\/wp\/v2\/product"}],"about":[{"href":"https:\/\/www.rkmega.com\/es\/wp-json\/wp\/v2\/types\/product"}],"replies":[{"embeddable":true,"href":"https:\/\/www.rkmega.com\/es\/wp-json\/wp\/v2\/comments?post=5446"}],"version-history":[{"count":2,"href":"https:\/\/www.rkmega.com\/es\/wp-json\/wp\/v2\/product\/5446\/revisions"}],"predecessor-version":[{"id":6269,"href":"https:\/\/www.rkmega.com\/es\/wp-json\/wp\/v2\/product\/5446\/revisions\/6269"}],"wp:featuredmedia":[{"embeddable":true,"href":"https:\/\/www.rkmega.com\/es\/wp-json\/wp\/v2\/media\/5453"}],"wp:attachment":[{"href":"https:\/\/www.rkmega.com\/es\/wp-json\/wp\/v2\/media?parent=5446"}],"wp:term":[{"taxonomy":"product_cat","embeddable":true,"href":"https:\/\/www.rkmega.com\/es\/wp-json\/wp\/v2\/product_cat?post=5446"},{"taxonomy":"product_tag","embeddable":true,"href":"https:\/\/www.rkmega.com\/es\/wp-json\/wp\/v2\/product_tag?post=5446"}],"curies":[{"name":"wp","href":"https:\/\/api.w.org\/{rel}","templated":true}]}}