{"id":5585,"date":"2024-12-30T14:23:21","date_gmt":"2024-12-30T06:23:21","guid":{"rendered":"https:\/\/www.rkmega.com\/?post_type=product&#038;p=5585"},"modified":"2026-04-17T08:00:34","modified_gmt":"2026-04-17T06:00:34","slug":"x3-series","status":"publish","type":"product","link":"https:\/\/www.rkmega.com\/es\/producto\/x3-series\/","title":{"rendered":"Modelo: Serie X3"},"content":{"rendered":"<p><img decoding=\"async\" src=\"https:\/\/www.lianjinled.com\/uploadfiles\/image\/20241022\/20241022142621_4262.jpg\" \/><\/p>\n<p><img fetchpriority=\"high\" decoding=\"async\" class=\"alignnone size-full wp-image-5586\" src=\"https:\/\/www.rkmega.com\/wp-content\/uploads\/2024\/12\/202410226974.jpg\" alt=\"\" width=\"2000\" height=\"1125\" srcset=\"https:\/\/www.rkmega.com\/wp-content\/uploads\/2024\/12\/202410226974.jpg 2000w, https:\/\/www.rkmega.com\/wp-content\/uploads\/2024\/12\/202410226974-300x169.jpg 300w, https:\/\/www.rkmega.com\/wp-content\/uploads\/2024\/12\/202410226974-1024x576.jpg 1024w, https:\/\/www.rkmega.com\/wp-content\/uploads\/2024\/12\/202410226974-768x432.jpg 768w, https:\/\/www.rkmega.com\/wp-content\/uploads\/2024\/12\/202410226974-1536x864.jpg 1536w, https:\/\/www.rkmega.com\/wp-content\/uploads\/2024\/12\/202410226974-18x10.jpg 18w, https:\/\/www.rkmega.com\/wp-content\/uploads\/2024\/12\/202410226974-600x338.jpg 600w\" sizes=\"(max-width: 2000px) 100vw, 2000px\" \/><\/p>\n<p><img decoding=\"async\" class=\"alignnone size-full wp-image-5587\" src=\"https:\/\/www.rkmega.com\/wp-content\/uploads\/2024\/12\/2-2-scaled.jpg\" alt=\"\" width=\"2560\" height=\"903\" srcset=\"https:\/\/www.rkmega.com\/wp-content\/uploads\/2024\/12\/2-2-scaled.jpg 2560w, https:\/\/www.rkmega.com\/wp-content\/uploads\/2024\/12\/2-2-300x106.jpg 300w, https:\/\/www.rkmega.com\/wp-content\/uploads\/2024\/12\/2-2-1024x361.jpg 1024w, https:\/\/www.rkmega.com\/wp-content\/uploads\/2024\/12\/2-2-768x271.jpg 768w, https:\/\/www.rkmega.com\/wp-content\/uploads\/2024\/12\/2-2-1536x542.jpg 1536w, https:\/\/www.rkmega.com\/wp-content\/uploads\/2024\/12\/2-2-2048x722.jpg 2048w, https:\/\/www.rkmega.com\/wp-content\/uploads\/2024\/12\/2-2-18x6.jpg 18w, https:\/\/www.rkmega.com\/wp-content\/uploads\/2024\/12\/2-2-600x212.jpg 600w\" sizes=\"(max-width: 2560px) 100vw, 2560px\" \/><\/p>\n<p><img decoding=\"async\" class=\"alignnone size-full wp-image-5992\" src=\"https:\/\/www.rkmega.com\/wp-content\/uploads\/2024\/12\/A.jpg\" alt=\"\" width=\"2000\" height=\"1125\" srcset=\"https:\/\/www.rkmega.com\/wp-content\/uploads\/2024\/12\/A.jpg 2000w, https:\/\/www.rkmega.com\/wp-content\/uploads\/2024\/12\/A-300x169.jpg 300w, https:\/\/www.rkmega.com\/wp-content\/uploads\/2024\/12\/A-1024x576.jpg 1024w, https:\/\/www.rkmega.com\/wp-content\/uploads\/2024\/12\/A-768x432.jpg 768w, https:\/\/www.rkmega.com\/wp-content\/uploads\/2024\/12\/A-1536x864.jpg 1536w, https:\/\/www.rkmega.com\/wp-content\/uploads\/2024\/12\/A-18x10.jpg 18w, https:\/\/www.rkmega.com\/wp-content\/uploads\/2024\/12\/A-600x338.jpg 600w\" sizes=\"(max-width: 2000px) 100vw, 2000px\" \/><\/p>\n<p><img loading=\"lazy\" decoding=\"async\" class=\"alignnone size-full wp-image-5996\" src=\"https:\/\/www.rkmega.com\/wp-content\/uploads\/2024\/12\/D.jpg\" alt=\"\" width=\"2000\" height=\"1125\" srcset=\"https:\/\/www.rkmega.com\/wp-content\/uploads\/2024\/12\/D.jpg 2000w, https:\/\/www.rkmega.com\/wp-content\/uploads\/2024\/12\/D-300x169.jpg 300w, https:\/\/www.rkmega.com\/wp-content\/uploads\/2024\/12\/D-1024x576.jpg 1024w, https:\/\/www.rkmega.com\/wp-content\/uploads\/2024\/12\/D-768x432.jpg 768w, https:\/\/www.rkmega.com\/wp-content\/uploads\/2024\/12\/D-1536x864.jpg 1536w, https:\/\/www.rkmega.com\/wp-content\/uploads\/2024\/12\/D-18x10.jpg 18w, https:\/\/www.rkmega.com\/wp-content\/uploads\/2024\/12\/D-600x338.jpg 600w\" sizes=\"(max-width: 2000px) 100vw, 2000px\" \/><\/p>\n<p><img loading=\"lazy\" decoding=\"async\" class=\"alignnone size-full wp-image-5590\" src=\"https:\/\/www.rkmega.com\/wp-content\/uploads\/2024\/12\/5-2.jpg\" alt=\"\" width=\"2000\" height=\"1125\" srcset=\"https:\/\/www.rkmega.com\/wp-content\/uploads\/2024\/12\/5-2.jpg 2000w, https:\/\/www.rkmega.com\/wp-content\/uploads\/2024\/12\/5-2-300x169.jpg 300w, https:\/\/www.rkmega.com\/wp-content\/uploads\/2024\/12\/5-2-1024x576.jpg 1024w, https:\/\/www.rkmega.com\/wp-content\/uploads\/2024\/12\/5-2-768x432.jpg 768w, https:\/\/www.rkmega.com\/wp-content\/uploads\/2024\/12\/5-2-1536x864.jpg 1536w, https:\/\/www.rkmega.com\/wp-content\/uploads\/2024\/12\/5-2-18x10.jpg 18w, https:\/\/www.rkmega.com\/wp-content\/uploads\/2024\/12\/5-2-600x338.jpg 600w\" sizes=\"(max-width: 2000px) 100vw, 2000px\" \/><\/p>\n<p><img decoding=\"async\" src=\"https:\/\/www.lianjinled.com\/uploadfiles\/image\/20241022\/20241022142714_2671.jpg\" \/><\/p>\n<p><img loading=\"lazy\" decoding=\"async\" class=\"alignnone size-full wp-image-5591\" src=\"https:\/\/www.rkmega.com\/wp-content\/uploads\/2024\/12\/7.jpg\" alt=\"\" width=\"2000\" height=\"1125\" srcset=\"https:\/\/www.rkmega.com\/wp-content\/uploads\/2024\/12\/7.jpg 2000w, https:\/\/www.rkmega.com\/wp-content\/uploads\/2024\/12\/7-300x169.jpg 300w, https:\/\/www.rkmega.com\/wp-content\/uploads\/2024\/12\/7-1024x576.jpg 1024w, https:\/\/www.rkmega.com\/wp-content\/uploads\/2024\/12\/7-768x432.jpg 768w, https:\/\/www.rkmega.com\/wp-content\/uploads\/2024\/12\/7-1536x864.jpg 1536w, https:\/\/www.rkmega.com\/wp-content\/uploads\/2024\/12\/7-18x10.jpg 18w, https:\/\/www.rkmega.com\/wp-content\/uploads\/2024\/12\/7-600x338.jpg 600w\" sizes=\"(max-width: 2000px) 100vw, 2000px\" \/><\/p>\n<p><img loading=\"lazy\" decoding=\"async\" class=\"alignnone size-full wp-image-5592\" src=\"https:\/\/www.rkmega.com\/wp-content\/uploads\/2024\/12\/8.jpg\" alt=\"\" width=\"2000\" height=\"1125\" srcset=\"https:\/\/www.rkmega.com\/wp-content\/uploads\/2024\/12\/8.jpg 2000w, https:\/\/www.rkmega.com\/wp-content\/uploads\/2024\/12\/8-300x169.jpg 300w, https:\/\/www.rkmega.com\/wp-content\/uploads\/2024\/12\/8-1024x576.jpg 1024w, https:\/\/www.rkmega.com\/wp-content\/uploads\/2024\/12\/8-768x432.jpg 768w, https:\/\/www.rkmega.com\/wp-content\/uploads\/2024\/12\/8-1536x864.jpg 1536w, https:\/\/www.rkmega.com\/wp-content\/uploads\/2024\/12\/8-18x10.jpg 18w, https:\/\/www.rkmega.com\/wp-content\/uploads\/2024\/12\/8-600x338.jpg 600w\" sizes=\"(max-width: 2000px) 100vw, 2000px\" \/><\/p>\n<p><img loading=\"lazy\" decoding=\"async\" class=\"alignnone size-full wp-image-5593\" src=\"https:\/\/www.rkmega.com\/wp-content\/uploads\/2024\/12\/9.jpg\" alt=\"\" width=\"2000\" height=\"1125\" srcset=\"https:\/\/www.rkmega.com\/wp-content\/uploads\/2024\/12\/9.jpg 2000w, https:\/\/www.rkmega.com\/wp-content\/uploads\/2024\/12\/9-300x169.jpg 300w, https:\/\/www.rkmega.com\/wp-content\/uploads\/2024\/12\/9-1024x576.jpg 1024w, https:\/\/www.rkmega.com\/wp-content\/uploads\/2024\/12\/9-768x432.jpg 768w, https:\/\/www.rkmega.com\/wp-content\/uploads\/2024\/12\/9-1536x864.jpg 1536w, https:\/\/www.rkmega.com\/wp-content\/uploads\/2024\/12\/9-18x10.jpg 18w, https:\/\/www.rkmega.com\/wp-content\/uploads\/2024\/12\/9-600x338.jpg 600w\" sizes=\"(max-width: 2000px) 100vw, 2000px\" \/><\/p>\n<p><img loading=\"lazy\" decoding=\"async\" class=\"alignnone size-full wp-image-5594\" src=\"https:\/\/www.rkmega.com\/wp-content\/uploads\/2024\/12\/10.jpg\" alt=\"\" width=\"2000\" height=\"1125\" srcset=\"https:\/\/www.rkmega.com\/wp-content\/uploads\/2024\/12\/10.jpg 2000w, https:\/\/www.rkmega.com\/wp-content\/uploads\/2024\/12\/10-300x169.jpg 300w, https:\/\/www.rkmega.com\/wp-content\/uploads\/2024\/12\/10-1024x576.jpg 1024w, https:\/\/www.rkmega.com\/wp-content\/uploads\/2024\/12\/10-768x432.jpg 768w, https:\/\/www.rkmega.com\/wp-content\/uploads\/2024\/12\/10-1536x864.jpg 1536w, https:\/\/www.rkmega.com\/wp-content\/uploads\/2024\/12\/10-18x10.jpg 18w, https:\/\/www.rkmega.com\/wp-content\/uploads\/2024\/12\/10-600x338.jpg 600w\" sizes=\"(max-width: 2000px) 100vw, 2000px\" \/><\/p>\n<p><img loading=\"lazy\" decoding=\"async\" class=\"alignnone size-full wp-image-5994\" src=\"https:\/\/www.rkmega.com\/wp-content\/uploads\/2024\/12\/B.jpg\" alt=\"\" width=\"2000\" height=\"1125\" srcset=\"https:\/\/www.rkmega.com\/wp-content\/uploads\/2024\/12\/B.jpg 2000w, https:\/\/www.rkmega.com\/wp-content\/uploads\/2024\/12\/B-300x169.jpg 300w, https:\/\/www.rkmega.com\/wp-content\/uploads\/2024\/12\/B-1024x576.jpg 1024w, https:\/\/www.rkmega.com\/wp-content\/uploads\/2024\/12\/B-768x432.jpg 768w, https:\/\/www.rkmega.com\/wp-content\/uploads\/2024\/12\/B-1536x864.jpg 1536w, https:\/\/www.rkmega.com\/wp-content\/uploads\/2024\/12\/B-18x10.jpg 18w, https:\/\/www.rkmega.com\/wp-content\/uploads\/2024\/12\/B-600x338.jpg 600w\" sizes=\"(max-width: 2000px) 100vw, 2000px\" \/><\/p>\n<p>&nbsp;<\/p>\n<p><img loading=\"lazy\" decoding=\"async\" class=\"alignnone size-full wp-image-5596\" src=\"https:\/\/www.rkmega.com\/wp-content\/uploads\/2024\/12\/13.jpg\" alt=\"\" width=\"2000\" height=\"1125\" srcset=\"https:\/\/www.rkmega.com\/wp-content\/uploads\/2024\/12\/13.jpg 2000w, https:\/\/www.rkmega.com\/wp-content\/uploads\/2024\/12\/13-300x169.jpg 300w, https:\/\/www.rkmega.com\/wp-content\/uploads\/2024\/12\/13-1024x576.jpg 1024w, https:\/\/www.rkmega.com\/wp-content\/uploads\/2024\/12\/13-768x432.jpg 768w, https:\/\/www.rkmega.com\/wp-content\/uploads\/2024\/12\/13-1536x864.jpg 1536w, https:\/\/www.rkmega.com\/wp-content\/uploads\/2024\/12\/13-18x10.jpg 18w, https:\/\/www.rkmega.com\/wp-content\/uploads\/2024\/12\/13-600x338.jpg 600w\" sizes=\"(max-width: 2000px) 100vw, 2000px\" \/><\/p>\n<p><img loading=\"lazy\" decoding=\"async\" class=\"alignnone size-full wp-image-5597\" src=\"https:\/\/www.rkmega.com\/wp-content\/uploads\/2024\/12\/14.jpg\" alt=\"\" width=\"2000\" height=\"1125\" srcset=\"https:\/\/www.rkmega.com\/wp-content\/uploads\/2024\/12\/14.jpg 2000w, https:\/\/www.rkmega.com\/wp-content\/uploads\/2024\/12\/14-300x169.jpg 300w, https:\/\/www.rkmega.com\/wp-content\/uploads\/2024\/12\/14-1024x576.jpg 1024w, https:\/\/www.rkmega.com\/wp-content\/uploads\/2024\/12\/14-768x432.jpg 768w, https:\/\/www.rkmega.com\/wp-content\/uploads\/2024\/12\/14-1536x864.jpg 1536w, https:\/\/www.rkmega.com\/wp-content\/uploads\/2024\/12\/14-18x10.jpg 18w, https:\/\/www.rkmega.com\/wp-content\/uploads\/2024\/12\/14-600x338.jpg 600w\" sizes=\"(max-width: 2000px) 100vw, 2000px\" \/><\/p>\n<p><img loading=\"lazy\" decoding=\"async\" class=\"alignnone size-full wp-image-5995\" src=\"https:\/\/www.rkmega.com\/wp-content\/uploads\/2024\/12\/C.jpg\" alt=\"\" width=\"2000\" height=\"1125\" srcset=\"https:\/\/www.rkmega.com\/wp-content\/uploads\/2024\/12\/C.jpg 2000w, https:\/\/www.rkmega.com\/wp-content\/uploads\/2024\/12\/C-300x169.jpg 300w, https:\/\/www.rkmega.com\/wp-content\/uploads\/2024\/12\/C-1024x576.jpg 1024w, https:\/\/www.rkmega.com\/wp-content\/uploads\/2024\/12\/C-768x432.jpg 768w, https:\/\/www.rkmega.com\/wp-content\/uploads\/2024\/12\/C-1536x864.jpg 1536w, https:\/\/www.rkmega.com\/wp-content\/uploads\/2024\/12\/C-18x10.jpg 18w, https:\/\/www.rkmega.com\/wp-content\/uploads\/2024\/12\/C-600x338.jpg 600w\" sizes=\"(max-width: 2000px) 100vw, 2000px\" \/><\/p>","protected":false},"excerpt":{"rendered":"<p>P0.78125 \/ P0.9375 \/ P1.25 \/ P1.5625\/P1.875 \/P2.5 (600X337.5)<br \/>\n\u25b6 Ultrafino, ultraligero, el grosor total es de solo 27,5 mm.<br \/>\n\u25b6 Sin costuras, ultra alta definici\u00f3n, color m\u00e1s natural.<br \/>\n\u25b6 3840hz ultra alta frecuencia de actualizaci\u00f3n, sin sombra de arrastre, disfrutar de HD.<br \/>\nCaja de aluminio de fundici\u00f3n a presi\u00f3n a troquel de la alta precisi\u00f3n del CNC del \u25b6, dise\u00f1o libre fan silencioso estupendo.<\/p>","protected":false},"featured_media":5727,"comment_status":"open","ping_status":"closed","template":"","meta":{"site-sidebar-layout":"default","site-content-layout":"","ast-site-content-layout":"default","site-content-style":"default","site-sidebar-style":"default","ast-global-header-display":"","ast-banner-title-visibility":"","ast-main-header-display":"","ast-hfb-above-header-display":"","ast-hfb-below-header-display":"","ast-hfb-mobile-header-display":"","site-post-title":"","ast-breadcrumbs-content":"","ast-featured-img":"","footer-sml-layout":"","theme-transparent-header-meta":"default","adv-header-id-meta":"","stick-header-meta":"","header-above-stick-meta":"","header-main-stick-meta":"","header-below-stick-meta":"","astra-migrate-meta-layouts":"set","ast-page-background-enabled":"default","ast-page-background-meta":{"desktop":{"background-color":"","background-image":"","background-repeat":"repeat","background-position":"center center","background-size":"auto","background-attachment":"scroll","background-type":"","background-media":"","overlay-type":"","overlay-color":"","overlay-opacity":"","overlay-gradient":""},"tablet":{"background-color":"","background-image":"","background-repeat":"repeat","background-position":"center center","background-size":"auto","background-attachment":"scroll","background-type":"","background-media":"","overlay-type":"","overlay-color":"","overlay-opacity":"","overlay-gradient":""},"mobile":{"background-color":"","background-image":"","background-repeat":"repeat","background-position":"center center","background-size":"auto","background-attachment":"scroll","background-type":"","background-media":"","overlay-type":"","overlay-color":"","overlay-opacity":"","overlay-gradient":""}},"ast-content-background-meta":{"desktop":{"background-color":"var(--ast-global-color-5)","background-image":"","background-repeat":"repeat","background-position":"center center","background-size":"auto","background-attachment":"scroll","background-type":"","background-media":"","overlay-type":"","overlay-color":"","overlay-opacity":"","overlay-gradient":""},"tablet":{"background-color":"var(--ast-global-color-5)","background-image":"","background-repeat":"repeat","background-position":"center center","background-size":"auto","background-attachment":"scroll","background-type":"","background-media":"","overlay-type":"","overlay-color":"","overlay-opacity":"","overlay-gradient":""},"mobile":{"background-color":"var(--ast-global-color-5)","background-image":"","background-repeat":"repeat","background-position":"center center","background-size":"auto","background-attachment":"scroll","background-type":"","background-media":"","overlay-type":"","overlay-color":"","overlay-opacity":"","overlay-gradient":""}}},"product_cat":[89],"product_tag":[],"class_list":{"0":"post-5585","1":"product","2":"type-product","3":"status-publish","4":"has-post-thumbnail","6":"product_cat-x3-series","7":"desktop-align-left","8":"tablet-align-left","9":"mobile-align-left","11":"first","12":"instock","13":"shipping-taxable","14":"product-type-simple"},"yoast_head":"<!-- This site is optimized with the Yoast SEO plugin v24.9 - https:\/\/yoast.com\/wordpress\/plugins\/seo\/ -->\n<title>Model: X3 Series - LED Solution Provider | OEM&amp;ODM | 15+ Years<\/title>\n<meta name=\"robots\" content=\"index, follow, max-snippet:-1, max-image-preview:large, max-video-preview:-1\" \/>\n<link rel=\"canonical\" href=\"https:\/\/www.rkmega.com\/es\/producto\/x3-series\/\" \/>\n<meta property=\"og:locale\" content=\"es_ES\" \/>\n<meta property=\"og:type\" content=\"article\" \/>\n<meta property=\"og:title\" content=\"Model: X3 Series - LED Solution Provider | OEM&amp;ODM | 15+ Years\" \/>\n<meta property=\"og:description\" content=\"P0.78125 \/ P0.9375 \/ P1.25 \/ P1.5625\/P1.875 \/P2.5 (600X337.5) \u25b6 Ultra thin, ultra light, the overall thickness is only 27.5mm. \u25b6 No seam, ultra high definition, more natural color. \u25b6 3840hz ultra high refresh rate, no drag shadow, enjoy HD. \u25b6 CNC high-precision die-casting aluminum box, super quiet fan free design.\" \/>\n<meta property=\"og:url\" content=\"https:\/\/www.rkmega.com\/es\/producto\/x3-series\/\" \/>\n<meta property=\"og:site_name\" content=\"LED Solution Provider | OEM&amp;ODM | 15+ Years\" \/>\n<meta property=\"article:modified_time\" content=\"2026-04-17T06:00:34+00:00\" \/>\n<meta property=\"og:image\" content=\"https:\/\/www.rkmega.com\/wp-content\/uploads\/2024\/12\/X3-Series.jpg\" \/>\n\t<meta property=\"og:image:width\" content=\"1600\" \/>\n\t<meta property=\"og:image:height\" content=\"1200\" \/>\n\t<meta property=\"og:image:type\" content=\"image\/jpeg\" \/>\n<meta name=\"twitter:card\" content=\"summary_large_image\" \/>\n<script type=\"application\/ld+json\" class=\"yoast-schema-graph\">{\"@context\":\"https:\/\/schema.org\",\"@graph\":[{\"@type\":\"WebPage\",\"@id\":\"https:\/\/www.rkmega.com\/product\/x3-series\/\",\"url\":\"https:\/\/www.rkmega.com\/product\/x3-series\/\",\"name\":\"Model: X3 Series - LED Solution Provider | OEM&amp;ODM | 15+ Years\",\"isPartOf\":{\"@id\":\"https:\/\/www.rkmega.com\/#website\"},\"primaryImageOfPage\":{\"@id\":\"https:\/\/www.rkmega.com\/product\/x3-series\/#primaryimage\"},\"image\":{\"@id\":\"https:\/\/www.rkmega.com\/product\/x3-series\/#primaryimage\"},\"thumbnailUrl\":\"https:\/\/www.rkmega.com\/wp-content\/uploads\/2024\/12\/X3-Series.jpg\",\"datePublished\":\"2024-12-30T06:23:21+00:00\",\"dateModified\":\"2026-04-17T06:00:34+00:00\",\"breadcrumb\":{\"@id\":\"https:\/\/www.rkmega.com\/product\/x3-series\/#breadcrumb\"},\"inLanguage\":\"es\",\"potentialAction\":[{\"@type\":\"ReadAction\",\"target\":[\"https:\/\/www.rkmega.com\/product\/x3-series\/\"]}]},{\"@type\":\"ImageObject\",\"inLanguage\":\"es\",\"@id\":\"https:\/\/www.rkmega.com\/product\/x3-series\/#primaryimage\",\"url\":\"https:\/\/www.rkmega.com\/wp-content\/uploads\/2024\/12\/X3-Series.jpg\",\"contentUrl\":\"https:\/\/www.rkmega.com\/wp-content\/uploads\/2024\/12\/X3-Series.jpg\",\"width\":1600,\"height\":1200},{\"@type\":\"BreadcrumbList\",\"@id\":\"https:\/\/www.rkmega.com\/product\/x3-series\/#breadcrumb\",\"itemListElement\":[{\"@type\":\"ListItem\",\"position\":1,\"name\":\"Home\",\"item\":\"https:\/\/www.rkmega.com\/\"},{\"@type\":\"ListItem\",\"position\":2,\"name\":\"Store\",\"item\":\"https:\/\/www.rkmega.com\/store\/\"},{\"@type\":\"ListItem\",\"position\":3,\"name\":\"Model: X3 Series\"}]},{\"@type\":\"WebSite\",\"@id\":\"https:\/\/www.rkmega.com\/#website\",\"url\":\"https:\/\/www.rkmega.com\/\",\"name\":\"LED DISPLAY\",\"description\":\"\",\"publisher\":{\"@id\":\"https:\/\/www.rkmega.com\/#organization\"},\"potentialAction\":[{\"@type\":\"SearchAction\",\"target\":{\"@type\":\"EntryPoint\",\"urlTemplate\":\"https:\/\/www.rkmega.com\/?s={search_term_string}\"},\"query-input\":{\"@type\":\"PropertyValueSpecification\",\"valueRequired\":true,\"valueName\":\"search_term_string\"}}],\"inLanguage\":\"es\"},{\"@type\":\"Organization\",\"@id\":\"https:\/\/www.rkmega.com\/#organization\",\"name\":\"RKMEGA\",\"url\":\"https:\/\/www.rkmega.com\/\",\"logo\":{\"@type\":\"ImageObject\",\"inLanguage\":\"es\",\"@id\":\"https:\/\/www.rkmega.com\/#\/schema\/logo\/image\/\",\"url\":\"https:\/\/www.rkmega.com\/wp-content\/uploads\/2024\/12\/cropped-LOGO180X60-2.png\",\"contentUrl\":\"https:\/\/www.rkmega.com\/wp-content\/uploads\/2024\/12\/cropped-LOGO180X60-2.png\",\"width\":180,\"height\":60,\"caption\":\"RKMEGA\"},\"image\":{\"@id\":\"https:\/\/www.rkmega.com\/#\/schema\/logo\/image\/\"}}]}<\/script>\n<!-- \/ Yoast SEO plugin. -->","yoast_head_json":{"title":"Model: X3 Series - LED Solution Provider | OEM&amp;ODM | 15+ Years","robots":{"index":"index","follow":"follow","max-snippet":"max-snippet:-1","max-image-preview":"max-image-preview:large","max-video-preview":"max-video-preview:-1"},"canonical":"https:\/\/www.rkmega.com\/es\/producto\/x3-series\/","og_locale":"es_ES","og_type":"article","og_title":"Model: X3 Series - LED Solution Provider | OEM&amp;ODM | 15+ Years","og_description":"P0.78125 \/ P0.9375 \/ P1.25 \/ P1.5625\/P1.875 \/P2.5 (600X337.5) \u25b6 Ultra thin, ultra light, the overall thickness is only 27.5mm. \u25b6 No seam, ultra high definition, more natural color. \u25b6 3840hz ultra high refresh rate, no drag shadow, enjoy HD. \u25b6 CNC high-precision die-casting aluminum box, super quiet fan free design.","og_url":"https:\/\/www.rkmega.com\/es\/producto\/x3-series\/","og_site_name":"LED Solution Provider | OEM&amp;ODM | 15+ Years","article_modified_time":"2026-04-17T06:00:34+00:00","og_image":[{"width":1600,"height":1200,"url":"https:\/\/www.rkmega.com\/wp-content\/uploads\/2024\/12\/X3-Series.jpg","type":"image\/jpeg"}],"twitter_card":"summary_large_image","schema":{"@context":"https:\/\/schema.org","@graph":[{"@type":"WebPage","@id":"https:\/\/www.rkmega.com\/product\/x3-series\/","url":"https:\/\/www.rkmega.com\/product\/x3-series\/","name":"Model: X3 Series - LED Solution Provider | OEM&amp;ODM | 15+ Years","isPartOf":{"@id":"https:\/\/www.rkmega.com\/#website"},"primaryImageOfPage":{"@id":"https:\/\/www.rkmega.com\/product\/x3-series\/#primaryimage"},"image":{"@id":"https:\/\/www.rkmega.com\/product\/x3-series\/#primaryimage"},"thumbnailUrl":"https:\/\/www.rkmega.com\/wp-content\/uploads\/2024\/12\/X3-Series.jpg","datePublished":"2024-12-30T06:23:21+00:00","dateModified":"2026-04-17T06:00:34+00:00","breadcrumb":{"@id":"https:\/\/www.rkmega.com\/product\/x3-series\/#breadcrumb"},"inLanguage":"es","potentialAction":[{"@type":"ReadAction","target":["https:\/\/www.rkmega.com\/product\/x3-series\/"]}]},{"@type":"ImageObject","inLanguage":"es","@id":"https:\/\/www.rkmega.com\/product\/x3-series\/#primaryimage","url":"https:\/\/www.rkmega.com\/wp-content\/uploads\/2024\/12\/X3-Series.jpg","contentUrl":"https:\/\/www.rkmega.com\/wp-content\/uploads\/2024\/12\/X3-Series.jpg","width":1600,"height":1200},{"@type":"BreadcrumbList","@id":"https:\/\/www.rkmega.com\/product\/x3-series\/#breadcrumb","itemListElement":[{"@type":"ListItem","position":1,"name":"Home","item":"https:\/\/www.rkmega.com\/"},{"@type":"ListItem","position":2,"name":"Store","item":"https:\/\/www.rkmega.com\/store\/"},{"@type":"ListItem","position":3,"name":"Model: X3 Series"}]},{"@type":"WebSite","@id":"https:\/\/www.rkmega.com\/#website","url":"https:\/\/www.rkmega.com\/","name":"LED DISPLAY","description":"","publisher":{"@id":"https:\/\/www.rkmega.com\/#organization"},"potentialAction":[{"@type":"SearchAction","target":{"@type":"EntryPoint","urlTemplate":"https:\/\/www.rkmega.com\/?s={search_term_string}"},"query-input":{"@type":"PropertyValueSpecification","valueRequired":true,"valueName":"search_term_string"}}],"inLanguage":"es"},{"@type":"Organization","@id":"https:\/\/www.rkmega.com\/#organization","name":"RKMEGA","url":"https:\/\/www.rkmega.com\/","logo":{"@type":"ImageObject","inLanguage":"es","@id":"https:\/\/www.rkmega.com\/#\/schema\/logo\/image\/","url":"https:\/\/www.rkmega.com\/wp-content\/uploads\/2024\/12\/cropped-LOGO180X60-2.png","contentUrl":"https:\/\/www.rkmega.com\/wp-content\/uploads\/2024\/12\/cropped-LOGO180X60-2.png","width":180,"height":60,"caption":"RKMEGA"},"image":{"@id":"https:\/\/www.rkmega.com\/#\/schema\/logo\/image\/"}}]}},"_links":{"self":[{"href":"https:\/\/www.rkmega.com\/es\/wp-json\/wp\/v2\/product\/5585","targetHints":{"allow":["GET"]}}],"collection":[{"href":"https:\/\/www.rkmega.com\/es\/wp-json\/wp\/v2\/product"}],"about":[{"href":"https:\/\/www.rkmega.com\/es\/wp-json\/wp\/v2\/types\/product"}],"replies":[{"embeddable":true,"href":"https:\/\/www.rkmega.com\/es\/wp-json\/wp\/v2\/comments?post=5585"}],"version-history":[{"count":5,"href":"https:\/\/www.rkmega.com\/es\/wp-json\/wp\/v2\/product\/5585\/revisions"}],"predecessor-version":[{"id":6268,"href":"https:\/\/www.rkmega.com\/es\/wp-json\/wp\/v2\/product\/5585\/revisions\/6268"}],"wp:featuredmedia":[{"embeddable":true,"href":"https:\/\/www.rkmega.com\/es\/wp-json\/wp\/v2\/media\/5727"}],"wp:attachment":[{"href":"https:\/\/www.rkmega.com\/es\/wp-json\/wp\/v2\/media?parent=5585"}],"wp:term":[{"taxonomy":"product_cat","embeddable":true,"href":"https:\/\/www.rkmega.com\/es\/wp-json\/wp\/v2\/product_cat?post=5585"},{"taxonomy":"product_tag","embeddable":true,"href":"https:\/\/www.rkmega.com\/es\/wp-json\/wp\/v2\/product_tag?post=5585"}],"curies":[{"name":"wp","href":"https:\/\/api.w.org\/{rel}","templated":true}]}}