{"id":5603,"date":"2024-12-30T15:29:41","date_gmt":"2024-12-30T07:29:41","guid":{"rendered":"https:\/\/www.rkmega.com\/?post_type=product&#038;p=5603"},"modified":"2025-04-23T18:11:31","modified_gmt":"2025-04-23T10:11:31","slug":"ctm2-ctm4-ctm4p","status":"publish","type":"product","link":"https:\/\/www.rkmega.com\/es\/producto\/ctm2-ctm4-ctm4p\/","title":{"rendered":"Modelo: CTM2\/CTM4\/CTM4P"},"content":{"rendered":"<p><img fetchpriority=\"high\" decoding=\"async\" class=\"alignnone  wp-image-5612\" src=\"https:\/\/www.rkmega.com\/wp-content\/uploads\/2024\/12\/\u5e26\u9694\u79bb-1.png\" alt=\"\" width=\"525\" height=\"342\" srcset=\"https:\/\/www.rkmega.com\/wp-content\/uploads\/2024\/12\/\u5e26\u9694\u79bb-1.png 2500w, https:\/\/www.rkmega.com\/wp-content\/uploads\/2024\/12\/\u5e26\u9694\u79bb-1-300x196.png 300w, https:\/\/www.rkmega.com\/wp-content\/uploads\/2024\/12\/\u5e26\u9694\u79bb-1-1024x668.png 1024w, https:\/\/www.rkmega.com\/wp-content\/uploads\/2024\/12\/\u5e26\u9694\u79bb-1-768x501.png 768w, https:\/\/www.rkmega.com\/wp-content\/uploads\/2024\/12\/\u5e26\u9694\u79bb-1-1536x1001.png 1536w, https:\/\/www.rkmega.com\/wp-content\/uploads\/2024\/12\/\u5e26\u9694\u79bb-1-2048x1335.png 2048w, https:\/\/www.rkmega.com\/wp-content\/uploads\/2024\/12\/\u5e26\u9694\u79bb-1-18x12.png 18w, https:\/\/www.rkmega.com\/wp-content\/uploads\/2024\/12\/\u5e26\u9694\u79bb-1-600x391.png 600w\" sizes=\"(max-width: 525px) 100vw, 525px\" \/> <img decoding=\"async\" class=\"alignnone  wp-image-5613\" src=\"https:\/\/www.rkmega.com\/wp-content\/uploads\/2024\/12\/\u9632\u5c18\u7f5101-\u6709\u5c4f-1-scaled.jpg\" alt=\"\" width=\"389\" height=\"215\" srcset=\"https:\/\/www.rkmega.com\/wp-content\/uploads\/2024\/12\/\u9632\u5c18\u7f5101-\u6709\u5c4f-1-scaled.jpg 2560w, https:\/\/www.rkmega.com\/wp-content\/uploads\/2024\/12\/\u9632\u5c18\u7f5101-\u6709\u5c4f-1-300x166.jpg 300w, https:\/\/www.rkmega.com\/wp-content\/uploads\/2024\/12\/\u9632\u5c18\u7f5101-\u6709\u5c4f-1-1024x565.jpg 1024w, https:\/\/www.rkmega.com\/wp-content\/uploads\/2024\/12\/\u9632\u5c18\u7f5101-\u6709\u5c4f-1-768x424.jpg 768w, https:\/\/www.rkmega.com\/wp-content\/uploads\/2024\/12\/\u9632\u5c18\u7f5101-\u6709\u5c4f-1-1536x848.jpg 1536w, https:\/\/www.rkmega.com\/wp-content\/uploads\/2024\/12\/\u9632\u5c18\u7f5101-\u6709\u5c4f-1-2048x1130.jpg 2048w, https:\/\/www.rkmega.com\/wp-content\/uploads\/2024\/12\/\u9632\u5c18\u7f5101-\u6709\u5c4f-1-18x10.jpg 18w, https:\/\/www.rkmega.com\/wp-content\/uploads\/2024\/12\/\u9632\u5c18\u7f5101-\u6709\u5c4f-1-600x331.jpg 600w\" sizes=\"(max-width: 389px) 100vw, 389px\" \/><\/p>\n<p>Este servidor multimedia est\u00e1 dise\u00f1ado espec\u00edficamente para salas de exposiciones multimedia, salas de banquetes, espect\u00e1culos de alquiler y otros campos multimedia. Es un servidor de control de reproducci\u00f3n integral adaptado para la integraci\u00f3n de proyecci\u00f3n y empalme y fusi\u00f3n de LED. Este producto es potente en funciones, flexible y c\u00f3modo de manejar, y ofrece una gran estabilidad y rentabilidad.<\/p>\n<p>El servidor multimedia no s\u00f3lo es capaz de realizar funciones de visualizaci\u00f3n punto a punto de pantallas ultra grandes y de empalme y fusi\u00f3n de proyecciones, sino que tambi\u00e9n puede realizar diversas visualizaciones de pantallas con formas especiales. Cuenta con funciones de programaci\u00f3n de actuaciones esc\u00e9nicas profesionales.<\/p>","protected":false},"excerpt":{"rendered":"<p>&nbsp;<\/p>\n<table>\n<tbody>\n<tr>\n<td width=\"247\">l Gesti\u00f3n de control central<\/td>\n<td width=\"248\">l Cifrado de material<\/td>\n<td width=\"237\">l Conmutaci\u00f3n de efectos especiales<\/td>\n<\/tr>\n<tr>\n<td width=\"247\">l Avance del programa<\/td>\n<td width=\"248\">l Plantilla de m\u00e1scaras<\/td>\n<td width=\"237\">l Efectos especiales en los bordes<\/td>\n<\/tr>\n<tr>\n<td width=\"247\">l Descodificaci\u00f3n universal<\/td>\n<td width=\"248\">l Control de salida<\/td>\n<td width=\"237\">l Funci\u00f3n de corte<\/td>\n<\/tr>\n<tr>\n<td width=\"247\">l Funcionamiento multiplataforma<\/td>\n<td width=\"248\">l Sincronizaci\u00f3n de c\u00f3digos horarios<\/td>\n<td width=\"237\">l Salida Ultra HD<\/td>\n<\/tr>\n<tr>\n<td width=\"247\">l Gui\u00f3n de encendido\/apagado<\/td>\n<td width=\"248\">l Conmutaci\u00f3n de plantillas geom\u00e9tricas<\/td>\n<td width=\"237\">l Compatibilidad con m\u00e1scaras de imagen espec\u00edficas<\/td>\n<\/tr>\n<tr>\n<td width=\"247\">l Pantalla de empalme creativo<\/td>\n<td width=\"248\">l Edici\u00f3n multipantalla en tiempo real<\/td>\n<td width=\"237\">l Mapa de proyecci\u00f3n<\/td>\n<\/tr>\n<\/tbody>\n<\/table>\n<p>&nbsp;<\/p>","protected":false},"featured_media":5605,"comment_status":"open","ping_status":"closed","template":"","meta":{"site-sidebar-layout":"default","site-content-layout":"","ast-site-content-layout":"default","site-content-style":"default","site-sidebar-style":"default","ast-global-header-display":"","ast-banner-title-visibility":"","ast-main-header-display":"","ast-hfb-above-header-display":"","ast-hfb-below-header-display":"","ast-hfb-mobile-header-display":"","site-post-title":"","ast-breadcrumbs-content":"","ast-featured-img":"","footer-sml-layout":"","theme-transparent-header-meta":"default","adv-header-id-meta":"","stick-header-meta":"","header-above-stick-meta":"","header-main-stick-meta":"","header-below-stick-meta":"","astra-migrate-meta-layouts":"set","ast-page-background-enabled":"default","ast-page-background-meta":{"desktop":{"background-color":"","background-image":"","background-repeat":"repeat","background-position":"center center","background-size":"auto","background-attachment":"scroll","background-type":"","background-media":"","overlay-type":"","overlay-color":"","overlay-opacity":"","overlay-gradient":""},"tablet":{"background-color":"","background-image":"","background-repeat":"repeat","background-position":"center center","background-size":"auto","background-attachment":"scroll","background-type":"","background-media":"","overlay-type":"","overlay-color":"","overlay-opacity":"","overlay-gradient":""},"mobile":{"background-color":"","background-image":"","background-repeat":"repeat","background-position":"center center","background-size":"auto","background-attachment":"scroll","background-type":"","background-media":"","overlay-type":"","overlay-color":"","overlay-opacity":"","overlay-gradient":""}},"ast-content-background-meta":{"desktop":{"background-color":"var(--ast-global-color-5)","background-image":"","background-repeat":"repeat","background-position":"center center","background-size":"auto","background-attachment":"scroll","background-type":"","background-media":"","overlay-type":"","overlay-color":"","overlay-opacity":"","overlay-gradient":""},"tablet":{"background-color":"var(--ast-global-color-5)","background-image":"","background-repeat":"repeat","background-position":"center center","background-size":"auto","background-attachment":"scroll","background-type":"","background-media":"","overlay-type":"","overlay-color":"","overlay-opacity":"","overlay-gradient":""},"mobile":{"background-color":"var(--ast-global-color-5)","background-image":"","background-repeat":"repeat","background-position":"center center","background-size":"auto","background-attachment":"scroll","background-type":"","background-media":"","overlay-type":"","overlay-color":"","overlay-opacity":"","overlay-gradient":""}}},"product_cat":[56,80],"product_tag":[],"class_list":{"0":"post-5603","1":"product","2":"type-product","3":"status-publish","4":"has-post-thumbnail","6":"product_cat-media-server","7":"product_cat-mts","8":"desktop-align-left","9":"tablet-align-left","10":"mobile-align-left","12":"first","13":"instock","14":"shipping-taxable","15":"product-type-simple"},"yoast_head":"<!-- This site is optimized with the Yoast SEO plugin v24.9 - https:\/\/yoast.com\/wordpress\/plugins\/seo\/ -->\n<title>Model: CTM2\/CTM4\/CTM4P - LED Solution Provider | OEM&amp;ODM | 15+ Years<\/title>\n<meta name=\"robots\" content=\"index, follow, max-snippet:-1, max-image-preview:large, max-video-preview:-1\" \/>\n<link rel=\"canonical\" href=\"https:\/\/www.rkmega.com\/es\/producto\/ctm2-ctm4-ctm4p\/\" \/>\n<meta property=\"og:locale\" content=\"es_ES\" \/>\n<meta property=\"og:type\" content=\"article\" \/>\n<meta property=\"og:title\" content=\"Model: CTM2\/CTM4\/CTM4P - LED Solution Provider | OEM&amp;ODM | 15+ Years\" \/>\n<meta property=\"og:description\" content=\"&nbsp;    l\u00a0Central Control Management l\u00a0Material Encryption l\u00a0Special Effects Switching   l\u00a0Program Preview l\u00a0Mask Template l\u00a0Border Special Effects   l\u00a0Universal Decoding l\u00a0Output Control l\u00a0Slicing Function   l\u00a0Multi-platform Operation l\u00a0Time Code Synchronization l\u00a0Ultra HD Output   l\u00a0Power On\/Off Script l\u00a0Geometric Template Switching l\u00a0Support for Specific Image Masking   l\u00a0Creative Splicing Display l\u00a0Real-time Multi-screen Editing l\u00a0Projection Mapping    &nbsp;\" \/>\n<meta property=\"og:url\" content=\"https:\/\/www.rkmega.com\/es\/producto\/ctm2-ctm4-ctm4p\/\" \/>\n<meta property=\"og:site_name\" content=\"LED Solution Provider | OEM&amp;ODM | 15+ Years\" \/>\n<meta property=\"article:modified_time\" content=\"2025-04-23T10:11:31+00:00\" \/>\n<meta property=\"og:image\" content=\"https:\/\/www.rkmega.com\/wp-content\/uploads\/2024\/12\/\u4ea7\u54c1\u4e3b\u56fe\u5a92\u4f53\u670d\u52a1\u5668-1.jpg\" \/>\n\t<meta property=\"og:image:width\" content=\"1600\" \/>\n\t<meta property=\"og:image:height\" content=\"1200\" \/>\n\t<meta property=\"og:image:type\" content=\"image\/jpeg\" \/>\n<meta name=\"twitter:card\" content=\"summary_large_image\" \/>\n<script type=\"application\/ld+json\" class=\"yoast-schema-graph\">{\"@context\":\"https:\/\/schema.org\",\"@graph\":[{\"@type\":\"WebPage\",\"@id\":\"https:\/\/www.rkmega.com\/product\/ctm2-ctm4-ctm4p\/\",\"url\":\"https:\/\/www.rkmega.com\/product\/ctm2-ctm4-ctm4p\/\",\"name\":\"Model: CTM2\/CTM4\/CTM4P - LED Solution Provider | OEM&amp;ODM | 15+ Years\",\"isPartOf\":{\"@id\":\"https:\/\/www.rkmega.com\/#website\"},\"primaryImageOfPage\":{\"@id\":\"https:\/\/www.rkmega.com\/product\/ctm2-ctm4-ctm4p\/#primaryimage\"},\"image\":{\"@id\":\"https:\/\/www.rkmega.com\/product\/ctm2-ctm4-ctm4p\/#primaryimage\"},\"thumbnailUrl\":\"https:\/\/www.rkmega.com\/wp-content\/uploads\/2024\/12\/\u4ea7\u54c1\u4e3b\u56fe\u5a92\u4f53\u670d\u52a1\u5668-1.jpg\",\"datePublished\":\"2024-12-30T07:29:41+00:00\",\"dateModified\":\"2025-04-23T10:11:31+00:00\",\"breadcrumb\":{\"@id\":\"https:\/\/www.rkmega.com\/product\/ctm2-ctm4-ctm4p\/#breadcrumb\"},\"inLanguage\":\"es\",\"potentialAction\":[{\"@type\":\"ReadAction\",\"target\":[\"https:\/\/www.rkmega.com\/product\/ctm2-ctm4-ctm4p\/\"]}]},{\"@type\":\"ImageObject\",\"inLanguage\":\"es\",\"@id\":\"https:\/\/www.rkmega.com\/product\/ctm2-ctm4-ctm4p\/#primaryimage\",\"url\":\"https:\/\/www.rkmega.com\/wp-content\/uploads\/2024\/12\/\u4ea7\u54c1\u4e3b\u56fe\u5a92\u4f53\u670d\u52a1\u5668-1.jpg\",\"contentUrl\":\"https:\/\/www.rkmega.com\/wp-content\/uploads\/2024\/12\/\u4ea7\u54c1\u4e3b\u56fe\u5a92\u4f53\u670d\u52a1\u5668-1.jpg\",\"width\":1600,\"height\":1200},{\"@type\":\"BreadcrumbList\",\"@id\":\"https:\/\/www.rkmega.com\/product\/ctm2-ctm4-ctm4p\/#breadcrumb\",\"itemListElement\":[{\"@type\":\"ListItem\",\"position\":1,\"name\":\"Home\",\"item\":\"https:\/\/www.rkmega.com\/\"},{\"@type\":\"ListItem\",\"position\":2,\"name\":\"Store\",\"item\":\"https:\/\/www.rkmega.com\/store\/\"},{\"@type\":\"ListItem\",\"position\":3,\"name\":\"Model: CTM2\/CTM4\/CTM4P\"}]},{\"@type\":\"WebSite\",\"@id\":\"https:\/\/www.rkmega.com\/#website\",\"url\":\"https:\/\/www.rkmega.com\/\",\"name\":\"LED DISPLAY\",\"description\":\"\",\"publisher\":{\"@id\":\"https:\/\/www.rkmega.com\/#organization\"},\"potentialAction\":[{\"@type\":\"SearchAction\",\"target\":{\"@type\":\"EntryPoint\",\"urlTemplate\":\"https:\/\/www.rkmega.com\/?s={search_term_string}\"},\"query-input\":{\"@type\":\"PropertyValueSpecification\",\"valueRequired\":true,\"valueName\":\"search_term_string\"}}],\"inLanguage\":\"es\"},{\"@type\":\"Organization\",\"@id\":\"https:\/\/www.rkmega.com\/#organization\",\"name\":\"RKMEGA\",\"url\":\"https:\/\/www.rkmega.com\/\",\"logo\":{\"@type\":\"ImageObject\",\"inLanguage\":\"es\",\"@id\":\"https:\/\/www.rkmega.com\/#\/schema\/logo\/image\/\",\"url\":\"https:\/\/www.rkmega.com\/wp-content\/uploads\/2024\/12\/cropped-LOGO180X60-2.png\",\"contentUrl\":\"https:\/\/www.rkmega.com\/wp-content\/uploads\/2024\/12\/cropped-LOGO180X60-2.png\",\"width\":180,\"height\":60,\"caption\":\"RKMEGA\"},\"image\":{\"@id\":\"https:\/\/www.rkmega.com\/#\/schema\/logo\/image\/\"}}]}<\/script>\n<!-- \/ Yoast SEO plugin. -->","yoast_head_json":{"title":"Model: CTM2\/CTM4\/CTM4P - LED Solution Provider | OEM&amp;ODM | 15+ Years","robots":{"index":"index","follow":"follow","max-snippet":"max-snippet:-1","max-image-preview":"max-image-preview:large","max-video-preview":"max-video-preview:-1"},"canonical":"https:\/\/www.rkmega.com\/es\/producto\/ctm2-ctm4-ctm4p\/","og_locale":"es_ES","og_type":"article","og_title":"Model: CTM2\/CTM4\/CTM4P - LED Solution Provider | OEM&amp;ODM | 15+ Years","og_description":"&nbsp;    l\u00a0Central Control Management l\u00a0Material Encryption l\u00a0Special Effects Switching   l\u00a0Program Preview l\u00a0Mask Template l\u00a0Border Special Effects   l\u00a0Universal Decoding l\u00a0Output Control l\u00a0Slicing Function   l\u00a0Multi-platform Operation l\u00a0Time Code Synchronization l\u00a0Ultra HD Output   l\u00a0Power On\/Off Script l\u00a0Geometric Template Switching l\u00a0Support for Specific Image Masking   l\u00a0Creative Splicing Display l\u00a0Real-time Multi-screen Editing l\u00a0Projection Mapping    &nbsp;","og_url":"https:\/\/www.rkmega.com\/es\/producto\/ctm2-ctm4-ctm4p\/","og_site_name":"LED Solution Provider | OEM&amp;ODM | 15+ Years","article_modified_time":"2025-04-23T10:11:31+00:00","og_image":[{"width":1600,"height":1200,"url":"https:\/\/www.rkmega.com\/wp-content\/uploads\/2024\/12\/\u4ea7\u54c1\u4e3b\u56fe\u5a92\u4f53\u670d\u52a1\u5668-1.jpg","type":"image\/jpeg"}],"twitter_card":"summary_large_image","schema":{"@context":"https:\/\/schema.org","@graph":[{"@type":"WebPage","@id":"https:\/\/www.rkmega.com\/product\/ctm2-ctm4-ctm4p\/","url":"https:\/\/www.rkmega.com\/product\/ctm2-ctm4-ctm4p\/","name":"Model: CTM2\/CTM4\/CTM4P - LED Solution Provider | OEM&amp;ODM | 15+ Years","isPartOf":{"@id":"https:\/\/www.rkmega.com\/#website"},"primaryImageOfPage":{"@id":"https:\/\/www.rkmega.com\/product\/ctm2-ctm4-ctm4p\/#primaryimage"},"image":{"@id":"https:\/\/www.rkmega.com\/product\/ctm2-ctm4-ctm4p\/#primaryimage"},"thumbnailUrl":"https:\/\/www.rkmega.com\/wp-content\/uploads\/2024\/12\/\u4ea7\u54c1\u4e3b\u56fe\u5a92\u4f53\u670d\u52a1\u5668-1.jpg","datePublished":"2024-12-30T07:29:41+00:00","dateModified":"2025-04-23T10:11:31+00:00","breadcrumb":{"@id":"https:\/\/www.rkmega.com\/product\/ctm2-ctm4-ctm4p\/#breadcrumb"},"inLanguage":"es","potentialAction":[{"@type":"ReadAction","target":["https:\/\/www.rkmega.com\/product\/ctm2-ctm4-ctm4p\/"]}]},{"@type":"ImageObject","inLanguage":"es","@id":"https:\/\/www.rkmega.com\/product\/ctm2-ctm4-ctm4p\/#primaryimage","url":"https:\/\/www.rkmega.com\/wp-content\/uploads\/2024\/12\/\u4ea7\u54c1\u4e3b\u56fe\u5a92\u4f53\u670d\u52a1\u5668-1.jpg","contentUrl":"https:\/\/www.rkmega.com\/wp-content\/uploads\/2024\/12\/\u4ea7\u54c1\u4e3b\u56fe\u5a92\u4f53\u670d\u52a1\u5668-1.jpg","width":1600,"height":1200},{"@type":"BreadcrumbList","@id":"https:\/\/www.rkmega.com\/product\/ctm2-ctm4-ctm4p\/#breadcrumb","itemListElement":[{"@type":"ListItem","position":1,"name":"Home","item":"https:\/\/www.rkmega.com\/"},{"@type":"ListItem","position":2,"name":"Store","item":"https:\/\/www.rkmega.com\/store\/"},{"@type":"ListItem","position":3,"name":"Model: CTM2\/CTM4\/CTM4P"}]},{"@type":"WebSite","@id":"https:\/\/www.rkmega.com\/#website","url":"https:\/\/www.rkmega.com\/","name":"LED DISPLAY","description":"","publisher":{"@id":"https:\/\/www.rkmega.com\/#organization"},"potentialAction":[{"@type":"SearchAction","target":{"@type":"EntryPoint","urlTemplate":"https:\/\/www.rkmega.com\/?s={search_term_string}"},"query-input":{"@type":"PropertyValueSpecification","valueRequired":true,"valueName":"search_term_string"}}],"inLanguage":"es"},{"@type":"Organization","@id":"https:\/\/www.rkmega.com\/#organization","name":"RKMEGA","url":"https:\/\/www.rkmega.com\/","logo":{"@type":"ImageObject","inLanguage":"es","@id":"https:\/\/www.rkmega.com\/#\/schema\/logo\/image\/","url":"https:\/\/www.rkmega.com\/wp-content\/uploads\/2024\/12\/cropped-LOGO180X60-2.png","contentUrl":"https:\/\/www.rkmega.com\/wp-content\/uploads\/2024\/12\/cropped-LOGO180X60-2.png","width":180,"height":60,"caption":"RKMEGA"},"image":{"@id":"https:\/\/www.rkmega.com\/#\/schema\/logo\/image\/"}}]}},"_links":{"self":[{"href":"https:\/\/www.rkmega.com\/es\/wp-json\/wp\/v2\/product\/5603","targetHints":{"allow":["GET"]}}],"collection":[{"href":"https:\/\/www.rkmega.com\/es\/wp-json\/wp\/v2\/product"}],"about":[{"href":"https:\/\/www.rkmega.com\/es\/wp-json\/wp\/v2\/types\/product"}],"replies":[{"embeddable":true,"href":"https:\/\/www.rkmega.com\/es\/wp-json\/wp\/v2\/comments?post=5603"}],"version-history":[{"count":4,"href":"https:\/\/www.rkmega.com\/es\/wp-json\/wp\/v2\/product\/5603\/revisions"}],"predecessor-version":[{"id":6280,"href":"https:\/\/www.rkmega.com\/es\/wp-json\/wp\/v2\/product\/5603\/revisions\/6280"}],"wp:featuredmedia":[{"embeddable":true,"href":"https:\/\/www.rkmega.com\/es\/wp-json\/wp\/v2\/media\/5605"}],"wp:attachment":[{"href":"https:\/\/www.rkmega.com\/es\/wp-json\/wp\/v2\/media?parent=5603"}],"wp:term":[{"taxonomy":"product_cat","embeddable":true,"href":"https:\/\/www.rkmega.com\/es\/wp-json\/wp\/v2\/product_cat?post=5603"},{"taxonomy":"product_tag","embeddable":true,"href":"https:\/\/www.rkmega.com\/es\/wp-json\/wp\/v2\/product_tag?post=5603"}],"curies":[{"name":"wp","href":"https:\/\/api.w.org\/{rel}","templated":true}]}}