{"id":5620,"date":"2024-12-30T15:43:45","date_gmt":"2024-12-30T07:43:45","guid":{"rendered":"https:\/\/www.rkmega.com\/?post_type=product&#038;p=5620"},"modified":"2025-04-23T18:05:51","modified_gmt":"2025-04-23T10:05:51","slug":"rk-fb1100","status":"publish","type":"product","link":"https:\/\/www.rkmega.com\/es\/producto\/rk-fb1100\/","title":{"rendered":"Modelo: RK-FB1100"},"content":{"rendered":"<table>\n<tbody>\n<tr>\n<td><strong><b>Nombre del par\u00e1metro<\/b><\/strong><\/td>\n<td><strong><b>Par\u00e1metro Valor<\/b><\/strong><\/td>\n<\/tr>\n<tr>\n<td>Canales de entrada<\/td>\n<td>2CH-XLR\/TRS<\/td>\n<\/tr>\n<tr>\n<td>Canales de salida<\/td>\n<td>2CH-XLR\/TRS<\/td>\n<\/tr>\n<tr>\n<td>Respuesta en frecuencia<\/td>\n<td>20HZ-20KHZ<\/td>\n<\/tr>\n<tr>\n<td>Sensibilidad de entrada<\/td>\n<td>Ajustable para ser compatible con micr\u00f3fonos de condensador\/magn\u00e9ticos<\/td>\n<\/tr>\n<tr>\n<td>Impedancia de entrada<\/td>\n<td>20KOHM\/600OHM<\/td>\n<\/tr>\n<tr>\n<td>Impedancia de salida<\/td>\n<td>Ajustable 20KOHM\/100OHM<\/td>\n<\/tr>\n<tr>\n<td>Relaci\u00f3n se\u00f1al\/ruido<\/td>\n<td>&gt;105dB<\/td>\n<\/tr>\n<tr>\n<td>Mezcla autom\u00e1tica<\/td>\n<td>AUTO MIX<\/td>\n<\/tr>\n<tr>\n<td>Control de cruce<\/td>\n<td>Tipo de paso alto\/bajo\/frecuencia\/ajustable<\/td>\n<\/tr>\n<tr>\n<td>Control de ecualizaci\u00f3n<\/td>\n<td>PEG param\u00e9trico ajustable en frecuencia\/Q\/ganancia de 12 bandas<\/td>\n<\/tr>\n<tr>\n<td>Nivel de salida<\/td>\n<td>Alto\/bajo conmutable<\/td>\n<\/tr>\n<tr>\n<td>Ajustes de escena<\/td>\n<td>12 escenas almacenables y rescatables<\/td>\n<\/tr>\n<tr>\n<td>Puntos de filtro de muesca<\/td>\n<td>Doble banda de 18, est\u00e1tica\/din\u00e1mica seleccionable<\/td>\n<\/tr>\n<tr>\n<td>Velocidad de identificaci\u00f3n de la retroalimentaci\u00f3n<\/td>\n<td>Ajustable alto\/medio\/bajo<\/td>\n<\/tr>\n<tr>\n<td>Selecci\u00f3n del modo de funcionamiento<\/td>\n<td>Modo de detecci\u00f3n\/modo de funcionamiento\/modo de anulaci\u00f3n<\/td>\n<\/tr>\n<tr>\n<td>Lenguaje operativo<\/td>\n<td>Conmutable entre chino\/ingl\u00e9s<\/td>\n<\/tr>\n<tr>\n<td>Bloqueo del panel<\/td>\n<td>Bloqueo de la contrase\u00f1a del panel<\/td>\n<\/tr>\n<tr>\n<td>Mostrar<\/td>\n<td>TFT de 2,0 pulgadas en color real<\/td>\n<\/tr>\n<tr>\n<td>Protecci\u00f3n<\/td>\n<td>Protecci\u00f3n de retardo antichoque para el encendido y apagado<\/td>\n<\/tr>\n<tr>\n<td>Control del panel<\/td>\n<td>Interfaz USB, edici\u00f3n de los ajustes de la rueda<\/td>\n<\/tr>\n<tr>\n<td>Control del panel trasero<\/td>\n<td>Ajustes de sensibilidad del micr\u00f3fono<\/td>\n<\/tr>\n<tr>\n<td>Consumo de energ\u00eda<\/td>\n<td>&lt;30W<\/td>\n<\/tr>\n<tr>\n<td>Fuente de alimentaci\u00f3n<\/td>\n<td>AC90V-AC240V 50-60HZ, compatible internacionalmente<\/td>\n<\/tr>\n<tr>\n<td>Temperatura de funcionamiento<\/td>\n<td>-20\u00b0...85\u00b0<\/td>\n<\/tr>\n<tr>\n<td>Temperatura de almacenamiento<\/td>\n<td>-40\u00b0...85\u00b0<\/td>\n<\/tr>\n<tr>\n<td>Dimensiones del producto<\/td>\n<td>483<em><i>226<\/i><\/em>45MM<\/td>\n<\/tr>\n<tr>\n<td>Peso neto\/Peso bruto<\/td>\n<td>2,8KG\/3,2KG<\/td>\n<\/tr>\n<\/tbody>\n<\/table>","protected":false},"excerpt":{"rendered":"<p>Filtrado de hendidura autom\u00e1tico de alta velocidad independiente de 18 puntos y doble canal, que suprime r\u00e1pidamente las frecuencias aullantes. Software de sintonizaci\u00f3n para PC personalizable con comunicaci\u00f3n USB plug-and-play, que hace que el funcionamiento sea c\u00f3modo y f\u00e1cil de manejar. La unidad cuenta con un modo de funcionamiento de desplazamiento de frecuencia que, cuando se utiliza junto con el filtro de hendidura, proporciona una prevenci\u00f3n excepcional de aullidos.<\/p>","protected":false},"featured_media":5621,"comment_status":"open","ping_status":"closed","template":"","meta":{"site-sidebar-layout":"default","site-content-layout":"","ast-site-content-layout":"default","site-content-style":"default","site-sidebar-style":"default","ast-global-header-display":"","ast-banner-title-visibility":"","ast-main-header-display":"","ast-hfb-above-header-display":"","ast-hfb-below-header-display":"","ast-hfb-mobile-header-display":"","site-post-title":"","ast-breadcrumbs-content":"","ast-featured-img":"","footer-sml-layout":"","theme-transparent-header-meta":"default","adv-header-id-meta":"","stick-header-meta":"","header-above-stick-meta":"","header-main-stick-meta":"","header-below-stick-meta":"","astra-migrate-meta-layouts":"set","ast-page-background-enabled":"default","ast-page-background-meta":{"desktop":{"background-color":"","background-image":"","background-repeat":"repeat","background-position":"center center","background-size":"auto","background-attachment":"scroll","background-type":"","background-media":"","overlay-type":"","overlay-color":"","overlay-opacity":"","overlay-gradient":""},"tablet":{"background-color":"","background-image":"","background-repeat":"repeat","background-position":"center center","background-size":"auto","background-attachment":"scroll","background-type":"","background-media":"","overlay-type":"","overlay-color":"","overlay-opacity":"","overlay-gradient":""},"mobile":{"background-color":"","background-image":"","background-repeat":"repeat","background-position":"center center","background-size":"auto","background-attachment":"scroll","background-type":"","background-media":"","overlay-type":"","overlay-color":"","overlay-opacity":"","overlay-gradient":""}},"ast-content-background-meta":{"desktop":{"background-color":"var(--ast-global-color-5)","background-image":"","background-repeat":"repeat","background-position":"center center","background-size":"auto","background-attachment":"scroll","background-type":"","background-media":"","overlay-type":"","overlay-color":"","overlay-opacity":"","overlay-gradient":""},"tablet":{"background-color":"var(--ast-global-color-5)","background-image":"","background-repeat":"repeat","background-position":"center center","background-size":"auto","background-attachment":"scroll","background-type":"","background-media":"","overlay-type":"","overlay-color":"","overlay-opacity":"","overlay-gradient":""},"mobile":{"background-color":"var(--ast-global-color-5)","background-image":"","background-repeat":"repeat","background-position":"center center","background-size":"auto","background-attachment":"scroll","background-type":"","background-media":"","overlay-type":"","overlay-color":"","overlay-opacity":"","overlay-gradient":""}}},"product_cat":[83],"product_tag":[],"class_list":{"0":"post-5620","1":"product","2":"type-product","3":"status-publish","4":"has-post-thumbnail","6":"product_cat-feedback-suppressor","7":"desktop-align-left","8":"tablet-align-left","9":"mobile-align-left","11":"first","12":"instock","13":"shipping-taxable","14":"product-type-simple"},"yoast_head":"<!-- This site is optimized with the Yoast SEO plugin v24.9 - https:\/\/yoast.com\/wordpress\/plugins\/seo\/ -->\n<title>Model: RK-FB1100 - LED Solution Provider | OEM&amp;ODM | 15+ Years<\/title>\n<meta name=\"robots\" content=\"index, follow, max-snippet:-1, max-image-preview:large, max-video-preview:-1\" \/>\n<link rel=\"canonical\" href=\"https:\/\/www.rkmega.com\/es\/producto\/rk-fb1100\/\" \/>\n<meta property=\"og:locale\" content=\"es_ES\" \/>\n<meta property=\"og:type\" content=\"article\" \/>\n<meta property=\"og:title\" content=\"Model: RK-FB1100 - LED Solution Provider | OEM&amp;ODM | 15+ Years\" \/>\n<meta property=\"og:description\" content=\"Dual-channel 18-point independent high-speed automatic notch filtering, quickly suppressing howling frequencies. Customizable PC tuning software with USB plug-and-play communication, making operation convenient and easy to handle. The unit features a frequency-shifting operating mode, which, when used in conjunction with the notch filter, provides exceptional howling prevention.\" \/>\n<meta property=\"og:url\" content=\"https:\/\/www.rkmega.com\/es\/producto\/rk-fb1100\/\" \/>\n<meta property=\"og:site_name\" content=\"LED Solution Provider | OEM&amp;ODM | 15+ Years\" \/>\n<meta property=\"article:modified_time\" content=\"2025-04-23T10:05:51+00:00\" \/>\n<meta property=\"og:image\" content=\"https:\/\/www.rkmega.com\/wp-content\/uploads\/2024\/12\/Feedback-Suppressor-RK-FB1100.jpg\" \/>\n\t<meta property=\"og:image:width\" content=\"1600\" \/>\n\t<meta property=\"og:image:height\" content=\"1200\" \/>\n\t<meta property=\"og:image:type\" content=\"image\/jpeg\" \/>\n<meta name=\"twitter:card\" content=\"summary_large_image\" \/>\n<meta name=\"twitter:label1\" content=\"Tiempo de lectura\" \/>\n\t<meta name=\"twitter:data1\" content=\"1 minuto\" \/>\n<script type=\"application\/ld+json\" class=\"yoast-schema-graph\">{\"@context\":\"https:\/\/schema.org\",\"@graph\":[{\"@type\":\"WebPage\",\"@id\":\"https:\/\/www.rkmega.com\/product\/rk-fb1100\/\",\"url\":\"https:\/\/www.rkmega.com\/product\/rk-fb1100\/\",\"name\":\"Model: RK-FB1100 - LED Solution Provider | OEM&amp;ODM | 15+ Years\",\"isPartOf\":{\"@id\":\"https:\/\/www.rkmega.com\/#website\"},\"primaryImageOfPage\":{\"@id\":\"https:\/\/www.rkmega.com\/product\/rk-fb1100\/#primaryimage\"},\"image\":{\"@id\":\"https:\/\/www.rkmega.com\/product\/rk-fb1100\/#primaryimage\"},\"thumbnailUrl\":\"https:\/\/www.rkmega.com\/wp-content\/uploads\/2024\/12\/Feedback-Suppressor-RK-FB1100.jpg\",\"datePublished\":\"2024-12-30T07:43:45+00:00\",\"dateModified\":\"2025-04-23T10:05:51+00:00\",\"breadcrumb\":{\"@id\":\"https:\/\/www.rkmega.com\/product\/rk-fb1100\/#breadcrumb\"},\"inLanguage\":\"es\",\"potentialAction\":[{\"@type\":\"ReadAction\",\"target\":[\"https:\/\/www.rkmega.com\/product\/rk-fb1100\/\"]}]},{\"@type\":\"ImageObject\",\"inLanguage\":\"es\",\"@id\":\"https:\/\/www.rkmega.com\/product\/rk-fb1100\/#primaryimage\",\"url\":\"https:\/\/www.rkmega.com\/wp-content\/uploads\/2024\/12\/Feedback-Suppressor-RK-FB1100.jpg\",\"contentUrl\":\"https:\/\/www.rkmega.com\/wp-content\/uploads\/2024\/12\/Feedback-Suppressor-RK-FB1100.jpg\",\"width\":1600,\"height\":1200},{\"@type\":\"BreadcrumbList\",\"@id\":\"https:\/\/www.rkmega.com\/product\/rk-fb1100\/#breadcrumb\",\"itemListElement\":[{\"@type\":\"ListItem\",\"position\":1,\"name\":\"Home\",\"item\":\"https:\/\/www.rkmega.com\/\"},{\"@type\":\"ListItem\",\"position\":2,\"name\":\"Store\",\"item\":\"https:\/\/www.rkmega.com\/store\/\"},{\"@type\":\"ListItem\",\"position\":3,\"name\":\"Model: RK-FB1100\"}]},{\"@type\":\"WebSite\",\"@id\":\"https:\/\/www.rkmega.com\/#website\",\"url\":\"https:\/\/www.rkmega.com\/\",\"name\":\"LED DISPLAY\",\"description\":\"\",\"publisher\":{\"@id\":\"https:\/\/www.rkmega.com\/#organization\"},\"potentialAction\":[{\"@type\":\"SearchAction\",\"target\":{\"@type\":\"EntryPoint\",\"urlTemplate\":\"https:\/\/www.rkmega.com\/?s={search_term_string}\"},\"query-input\":{\"@type\":\"PropertyValueSpecification\",\"valueRequired\":true,\"valueName\":\"search_term_string\"}}],\"inLanguage\":\"es\"},{\"@type\":\"Organization\",\"@id\":\"https:\/\/www.rkmega.com\/#organization\",\"name\":\"RKMEGA\",\"url\":\"https:\/\/www.rkmega.com\/\",\"logo\":{\"@type\":\"ImageObject\",\"inLanguage\":\"es\",\"@id\":\"https:\/\/www.rkmega.com\/#\/schema\/logo\/image\/\",\"url\":\"https:\/\/www.rkmega.com\/wp-content\/uploads\/2024\/12\/cropped-LOGO180X60-2.png\",\"contentUrl\":\"https:\/\/www.rkmega.com\/wp-content\/uploads\/2024\/12\/cropped-LOGO180X60-2.png\",\"width\":180,\"height\":60,\"caption\":\"RKMEGA\"},\"image\":{\"@id\":\"https:\/\/www.rkmega.com\/#\/schema\/logo\/image\/\"}}]}<\/script>\n<!-- \/ Yoast SEO plugin. -->","yoast_head_json":{"title":"Model: RK-FB1100 - LED Solution Provider | OEM&amp;ODM | 15+ Years","robots":{"index":"index","follow":"follow","max-snippet":"max-snippet:-1","max-image-preview":"max-image-preview:large","max-video-preview":"max-video-preview:-1"},"canonical":"https:\/\/www.rkmega.com\/es\/producto\/rk-fb1100\/","og_locale":"es_ES","og_type":"article","og_title":"Model: RK-FB1100 - LED Solution Provider | OEM&amp;ODM | 15+ Years","og_description":"Dual-channel 18-point independent high-speed automatic notch filtering, quickly suppressing howling frequencies. Customizable PC tuning software with USB plug-and-play communication, making operation convenient and easy to handle. The unit features a frequency-shifting operating mode, which, when used in conjunction with the notch filter, provides exceptional howling prevention.","og_url":"https:\/\/www.rkmega.com\/es\/producto\/rk-fb1100\/","og_site_name":"LED Solution Provider | OEM&amp;ODM | 15+ Years","article_modified_time":"2025-04-23T10:05:51+00:00","og_image":[{"width":1600,"height":1200,"url":"https:\/\/www.rkmega.com\/wp-content\/uploads\/2024\/12\/Feedback-Suppressor-RK-FB1100.jpg","type":"image\/jpeg"}],"twitter_card":"summary_large_image","twitter_misc":{"Tiempo de lectura":"1 minuto"},"schema":{"@context":"https:\/\/schema.org","@graph":[{"@type":"WebPage","@id":"https:\/\/www.rkmega.com\/product\/rk-fb1100\/","url":"https:\/\/www.rkmega.com\/product\/rk-fb1100\/","name":"Model: RK-FB1100 - LED Solution Provider | OEM&amp;ODM | 15+ Years","isPartOf":{"@id":"https:\/\/www.rkmega.com\/#website"},"primaryImageOfPage":{"@id":"https:\/\/www.rkmega.com\/product\/rk-fb1100\/#primaryimage"},"image":{"@id":"https:\/\/www.rkmega.com\/product\/rk-fb1100\/#primaryimage"},"thumbnailUrl":"https:\/\/www.rkmega.com\/wp-content\/uploads\/2024\/12\/Feedback-Suppressor-RK-FB1100.jpg","datePublished":"2024-12-30T07:43:45+00:00","dateModified":"2025-04-23T10:05:51+00:00","breadcrumb":{"@id":"https:\/\/www.rkmega.com\/product\/rk-fb1100\/#breadcrumb"},"inLanguage":"es","potentialAction":[{"@type":"ReadAction","target":["https:\/\/www.rkmega.com\/product\/rk-fb1100\/"]}]},{"@type":"ImageObject","inLanguage":"es","@id":"https:\/\/www.rkmega.com\/product\/rk-fb1100\/#primaryimage","url":"https:\/\/www.rkmega.com\/wp-content\/uploads\/2024\/12\/Feedback-Suppressor-RK-FB1100.jpg","contentUrl":"https:\/\/www.rkmega.com\/wp-content\/uploads\/2024\/12\/Feedback-Suppressor-RK-FB1100.jpg","width":1600,"height":1200},{"@type":"BreadcrumbList","@id":"https:\/\/www.rkmega.com\/product\/rk-fb1100\/#breadcrumb","itemListElement":[{"@type":"ListItem","position":1,"name":"Home","item":"https:\/\/www.rkmega.com\/"},{"@type":"ListItem","position":2,"name":"Store","item":"https:\/\/www.rkmega.com\/store\/"},{"@type":"ListItem","position":3,"name":"Model: RK-FB1100"}]},{"@type":"WebSite","@id":"https:\/\/www.rkmega.com\/#website","url":"https:\/\/www.rkmega.com\/","name":"LED DISPLAY","description":"","publisher":{"@id":"https:\/\/www.rkmega.com\/#organization"},"potentialAction":[{"@type":"SearchAction","target":{"@type":"EntryPoint","urlTemplate":"https:\/\/www.rkmega.com\/?s={search_term_string}"},"query-input":{"@type":"PropertyValueSpecification","valueRequired":true,"valueName":"search_term_string"}}],"inLanguage":"es"},{"@type":"Organization","@id":"https:\/\/www.rkmega.com\/#organization","name":"RKMEGA","url":"https:\/\/www.rkmega.com\/","logo":{"@type":"ImageObject","inLanguage":"es","@id":"https:\/\/www.rkmega.com\/#\/schema\/logo\/image\/","url":"https:\/\/www.rkmega.com\/wp-content\/uploads\/2024\/12\/cropped-LOGO180X60-2.png","contentUrl":"https:\/\/www.rkmega.com\/wp-content\/uploads\/2024\/12\/cropped-LOGO180X60-2.png","width":180,"height":60,"caption":"RKMEGA"},"image":{"@id":"https:\/\/www.rkmega.com\/#\/schema\/logo\/image\/"}}]}},"_links":{"self":[{"href":"https:\/\/www.rkmega.com\/es\/wp-json\/wp\/v2\/product\/5620","targetHints":{"allow":["GET"]}}],"collection":[{"href":"https:\/\/www.rkmega.com\/es\/wp-json\/wp\/v2\/product"}],"about":[{"href":"https:\/\/www.rkmega.com\/es\/wp-json\/wp\/v2\/types\/product"}],"replies":[{"embeddable":true,"href":"https:\/\/www.rkmega.com\/es\/wp-json\/wp\/v2\/comments?post=5620"}],"version-history":[{"count":2,"href":"https:\/\/www.rkmega.com\/es\/wp-json\/wp\/v2\/product\/5620\/revisions"}],"predecessor-version":[{"id":6267,"href":"https:\/\/www.rkmega.com\/es\/wp-json\/wp\/v2\/product\/5620\/revisions\/6267"}],"wp:featuredmedia":[{"embeddable":true,"href":"https:\/\/www.rkmega.com\/es\/wp-json\/wp\/v2\/media\/5621"}],"wp:attachment":[{"href":"https:\/\/www.rkmega.com\/es\/wp-json\/wp\/v2\/media?parent=5620"}],"wp:term":[{"taxonomy":"product_cat","embeddable":true,"href":"https:\/\/www.rkmega.com\/es\/wp-json\/wp\/v2\/product_cat?post=5620"},{"taxonomy":"product_tag","embeddable":true,"href":"https:\/\/www.rkmega.com\/es\/wp-json\/wp\/v2\/product_tag?post=5620"}],"curies":[{"name":"wp","href":"https:\/\/api.w.org\/{rel}","templated":true}]}}