{"id":5667,"date":"2024-12-31T09:59:08","date_gmt":"2024-12-31T01:59:08","guid":{"rendered":"https:\/\/www.rkmega.com\/?post_type=product&#038;p=5667"},"modified":"2026-04-17T07:58:33","modified_gmt":"2026-04-17T05:58:33","slug":"cob-series","status":"publish","type":"product","link":"https:\/\/www.rkmega.com\/es\/producto\/cob-series\/","title":{"rendered":"Modelo: Serie COB"},"content":{"rendered":"<p><img fetchpriority=\"high\" decoding=\"async\" class=\"alignnone size-full wp-image-6790\" src=\"https:\/\/www.rkmega.com\/wp-content\/uploads\/2024\/12\/COB-Series-2-1.jpg\" alt=\"\" width=\"2560\" height=\"1440\" srcset=\"https:\/\/www.rkmega.com\/wp-content\/uploads\/2024\/12\/COB-Series-2-1.jpg 2560w, https:\/\/www.rkmega.com\/wp-content\/uploads\/2024\/12\/COB-Series-2-1-300x169.jpg 300w, https:\/\/www.rkmega.com\/wp-content\/uploads\/2024\/12\/COB-Series-2-1-1024x576.jpg 1024w, https:\/\/www.rkmega.com\/wp-content\/uploads\/2024\/12\/COB-Series-2-1-768x432.jpg 768w, https:\/\/www.rkmega.com\/wp-content\/uploads\/2024\/12\/COB-Series-2-1-1536x864.jpg 1536w, https:\/\/www.rkmega.com\/wp-content\/uploads\/2024\/12\/COB-Series-2-1-2048x1152.jpg 2048w, https:\/\/www.rkmega.com\/wp-content\/uploads\/2024\/12\/COB-Series-2-1-18x10.jpg 18w, https:\/\/www.rkmega.com\/wp-content\/uploads\/2024\/12\/COB-Series-2-1-600x338.jpg 600w\" sizes=\"(max-width: 2560px) 100vw, 2560px\" \/> <img decoding=\"async\" class=\"alignnone size-full wp-image-6791\" src=\"https:\/\/www.rkmega.com\/wp-content\/uploads\/2024\/12\/COB-Series-3-1.jpg\" alt=\"\" width=\"2560\" height=\"1440\" srcset=\"https:\/\/www.rkmega.com\/wp-content\/uploads\/2024\/12\/COB-Series-3-1.jpg 2560w, https:\/\/www.rkmega.com\/wp-content\/uploads\/2024\/12\/COB-Series-3-1-300x169.jpg 300w, https:\/\/www.rkmega.com\/wp-content\/uploads\/2024\/12\/COB-Series-3-1-1024x576.jpg 1024w, https:\/\/www.rkmega.com\/wp-content\/uploads\/2024\/12\/COB-Series-3-1-768x432.jpg 768w, https:\/\/www.rkmega.com\/wp-content\/uploads\/2024\/12\/COB-Series-3-1-1536x864.jpg 1536w, https:\/\/www.rkmega.com\/wp-content\/uploads\/2024\/12\/COB-Series-3-1-2048x1152.jpg 2048w, https:\/\/www.rkmega.com\/wp-content\/uploads\/2024\/12\/COB-Series-3-1-18x10.jpg 18w, https:\/\/www.rkmega.com\/wp-content\/uploads\/2024\/12\/COB-Series-3-1-600x338.jpg 600w\" sizes=\"(max-width: 2560px) 100vw, 2560px\" \/> <img decoding=\"async\" class=\"alignnone size-full wp-image-6792\" src=\"https:\/\/www.rkmega.com\/wp-content\/uploads\/2024\/12\/COB-Series-4-1.jpg\" alt=\"\" width=\"2560\" height=\"1440\" srcset=\"https:\/\/www.rkmega.com\/wp-content\/uploads\/2024\/12\/COB-Series-4-1.jpg 2560w, https:\/\/www.rkmega.com\/wp-content\/uploads\/2024\/12\/COB-Series-4-1-300x169.jpg 300w, https:\/\/www.rkmega.com\/wp-content\/uploads\/2024\/12\/COB-Series-4-1-1024x576.jpg 1024w, https:\/\/www.rkmega.com\/wp-content\/uploads\/2024\/12\/COB-Series-4-1-768x432.jpg 768w, https:\/\/www.rkmega.com\/wp-content\/uploads\/2024\/12\/COB-Series-4-1-1536x864.jpg 1536w, https:\/\/www.rkmega.com\/wp-content\/uploads\/2024\/12\/COB-Series-4-1-2048x1152.jpg 2048w, https:\/\/www.rkmega.com\/wp-content\/uploads\/2024\/12\/COB-Series-4-1-18x10.jpg 18w, https:\/\/www.rkmega.com\/wp-content\/uploads\/2024\/12\/COB-Series-4-1-600x338.jpg 600w\" sizes=\"(max-width: 2560px) 100vw, 2560px\" \/> <img loading=\"lazy\" decoding=\"async\" class=\"alignnone size-full wp-image-6793\" src=\"https:\/\/www.rkmega.com\/wp-content\/uploads\/2024\/12\/COB-Series-5-1.jpg\" alt=\"\" width=\"2560\" height=\"1440\" srcset=\"https:\/\/www.rkmega.com\/wp-content\/uploads\/2024\/12\/COB-Series-5-1.jpg 2560w, https:\/\/www.rkmega.com\/wp-content\/uploads\/2024\/12\/COB-Series-5-1-300x169.jpg 300w, https:\/\/www.rkmega.com\/wp-content\/uploads\/2024\/12\/COB-Series-5-1-1024x576.jpg 1024w, https:\/\/www.rkmega.com\/wp-content\/uploads\/2024\/12\/COB-Series-5-1-768x432.jpg 768w, https:\/\/www.rkmega.com\/wp-content\/uploads\/2024\/12\/COB-Series-5-1-1536x864.jpg 1536w, https:\/\/www.rkmega.com\/wp-content\/uploads\/2024\/12\/COB-Series-5-1-2048x1152.jpg 2048w, https:\/\/www.rkmega.com\/wp-content\/uploads\/2024\/12\/COB-Series-5-1-18x10.jpg 18w, https:\/\/www.rkmega.com\/wp-content\/uploads\/2024\/12\/COB-Series-5-1-600x338.jpg 600w\" sizes=\"(max-width: 2560px) 100vw, 2560px\" \/> <img loading=\"lazy\" decoding=\"async\" class=\"alignnone size-full wp-image-6794\" src=\"https:\/\/www.rkmega.com\/wp-content\/uploads\/2024\/12\/COB-Series-6-1.jpg\" alt=\"\" width=\"2560\" height=\"1440\" srcset=\"https:\/\/www.rkmega.com\/wp-content\/uploads\/2024\/12\/COB-Series-6-1.jpg 2560w, https:\/\/www.rkmega.com\/wp-content\/uploads\/2024\/12\/COB-Series-6-1-300x169.jpg 300w, https:\/\/www.rkmega.com\/wp-content\/uploads\/2024\/12\/COB-Series-6-1-1024x576.jpg 1024w, https:\/\/www.rkmega.com\/wp-content\/uploads\/2024\/12\/COB-Series-6-1-768x432.jpg 768w, https:\/\/www.rkmega.com\/wp-content\/uploads\/2024\/12\/COB-Series-6-1-1536x864.jpg 1536w, https:\/\/www.rkmega.com\/wp-content\/uploads\/2024\/12\/COB-Series-6-1-2048x1152.jpg 2048w, https:\/\/www.rkmega.com\/wp-content\/uploads\/2024\/12\/COB-Series-6-1-18x10.jpg 18w, https:\/\/www.rkmega.com\/wp-content\/uploads\/2024\/12\/COB-Series-6-1-600x338.jpg 600w\" sizes=\"(max-width: 2560px) 100vw, 2560px\" \/> <img loading=\"lazy\" decoding=\"async\" class=\"alignnone size-full wp-image-6795\" src=\"https:\/\/www.rkmega.com\/wp-content\/uploads\/2024\/12\/COB-Series-7-1.jpg\" alt=\"\" width=\"2560\" height=\"1440\" srcset=\"https:\/\/www.rkmega.com\/wp-content\/uploads\/2024\/12\/COB-Series-7-1.jpg 2560w, https:\/\/www.rkmega.com\/wp-content\/uploads\/2024\/12\/COB-Series-7-1-300x169.jpg 300w, https:\/\/www.rkmega.com\/wp-content\/uploads\/2024\/12\/COB-Series-7-1-1024x576.jpg 1024w, https:\/\/www.rkmega.com\/wp-content\/uploads\/2024\/12\/COB-Series-7-1-768x432.jpg 768w, https:\/\/www.rkmega.com\/wp-content\/uploads\/2024\/12\/COB-Series-7-1-1536x864.jpg 1536w, https:\/\/www.rkmega.com\/wp-content\/uploads\/2024\/12\/COB-Series-7-1-2048x1152.jpg 2048w, https:\/\/www.rkmega.com\/wp-content\/uploads\/2024\/12\/COB-Series-7-1-18x10.jpg 18w, https:\/\/www.rkmega.com\/wp-content\/uploads\/2024\/12\/COB-Series-7-1-600x338.jpg 600w\" sizes=\"(max-width: 2560px) 100vw, 2560px\" \/> <img loading=\"lazy\" decoding=\"async\" class=\"alignnone size-full wp-image-6796\" src=\"https:\/\/www.rkmega.com\/wp-content\/uploads\/2024\/12\/COB-Series-8-1.jpg\" alt=\"\" width=\"2560\" height=\"1440\" srcset=\"https:\/\/www.rkmega.com\/wp-content\/uploads\/2024\/12\/COB-Series-8-1.jpg 2560w, https:\/\/www.rkmega.com\/wp-content\/uploads\/2024\/12\/COB-Series-8-1-300x169.jpg 300w, https:\/\/www.rkmega.com\/wp-content\/uploads\/2024\/12\/COB-Series-8-1-1024x576.jpg 1024w, https:\/\/www.rkmega.com\/wp-content\/uploads\/2024\/12\/COB-Series-8-1-768x432.jpg 768w, https:\/\/www.rkmega.com\/wp-content\/uploads\/2024\/12\/COB-Series-8-1-1536x864.jpg 1536w, https:\/\/www.rkmega.com\/wp-content\/uploads\/2024\/12\/COB-Series-8-1-2048x1152.jpg 2048w, https:\/\/www.rkmega.com\/wp-content\/uploads\/2024\/12\/COB-Series-8-1-18x10.jpg 18w, https:\/\/www.rkmega.com\/wp-content\/uploads\/2024\/12\/COB-Series-8-1-600x338.jpg 600w\" sizes=\"(max-width: 2560px) 100vw, 2560px\" \/> <img loading=\"lazy\" decoding=\"async\" class=\"alignnone size-full wp-image-6797\" src=\"https:\/\/www.rkmega.com\/wp-content\/uploads\/2024\/12\/COB-Series-9-1.jpg\" alt=\"\" width=\"2560\" height=\"1440\" srcset=\"https:\/\/www.rkmega.com\/wp-content\/uploads\/2024\/12\/COB-Series-9-1.jpg 2560w, https:\/\/www.rkmega.com\/wp-content\/uploads\/2024\/12\/COB-Series-9-1-300x169.jpg 300w, https:\/\/www.rkmega.com\/wp-content\/uploads\/2024\/12\/COB-Series-9-1-1024x576.jpg 1024w, https:\/\/www.rkmega.com\/wp-content\/uploads\/2024\/12\/COB-Series-9-1-768x432.jpg 768w, https:\/\/www.rkmega.com\/wp-content\/uploads\/2024\/12\/COB-Series-9-1-1536x864.jpg 1536w, https:\/\/www.rkmega.com\/wp-content\/uploads\/2024\/12\/COB-Series-9-1-2048x1152.jpg 2048w, https:\/\/www.rkmega.com\/wp-content\/uploads\/2024\/12\/COB-Series-9-1-18x10.jpg 18w, https:\/\/www.rkmega.com\/wp-content\/uploads\/2024\/12\/COB-Series-9-1-600x338.jpg 600w\" sizes=\"(max-width: 2560px) 100vw, 2560px\" \/> <img loading=\"lazy\" decoding=\"async\" class=\"alignnone size-full wp-image-6798\" src=\"https:\/\/www.rkmega.com\/wp-content\/uploads\/2024\/12\/COB-Series-10-1.jpg\" alt=\"\" width=\"2560\" height=\"1440\" srcset=\"https:\/\/www.rkmega.com\/wp-content\/uploads\/2024\/12\/COB-Series-10-1.jpg 2560w, https:\/\/www.rkmega.com\/wp-content\/uploads\/2024\/12\/COB-Series-10-1-300x169.jpg 300w, https:\/\/www.rkmega.com\/wp-content\/uploads\/2024\/12\/COB-Series-10-1-1024x576.jpg 1024w, https:\/\/www.rkmega.com\/wp-content\/uploads\/2024\/12\/COB-Series-10-1-768x432.jpg 768w, https:\/\/www.rkmega.com\/wp-content\/uploads\/2024\/12\/COB-Series-10-1-1536x864.jpg 1536w, https:\/\/www.rkmega.com\/wp-content\/uploads\/2024\/12\/COB-Series-10-1-2048x1152.jpg 2048w, https:\/\/www.rkmega.com\/wp-content\/uploads\/2024\/12\/COB-Series-10-1-18x10.jpg 18w, https:\/\/www.rkmega.com\/wp-content\/uploads\/2024\/12\/COB-Series-10-1-600x338.jpg 600w\" sizes=\"(max-width: 2560px) 100vw, 2560px\" \/> <img loading=\"lazy\" decoding=\"async\" class=\"alignnone size-full wp-image-6799\" src=\"https:\/\/www.rkmega.com\/wp-content\/uploads\/2024\/12\/COB-Series-11-1.jpg\" alt=\"\" width=\"2560\" height=\"1440\" srcset=\"https:\/\/www.rkmega.com\/wp-content\/uploads\/2024\/12\/COB-Series-11-1.jpg 2560w, https:\/\/www.rkmega.com\/wp-content\/uploads\/2024\/12\/COB-Series-11-1-300x169.jpg 300w, https:\/\/www.rkmega.com\/wp-content\/uploads\/2024\/12\/COB-Series-11-1-1024x576.jpg 1024w, https:\/\/www.rkmega.com\/wp-content\/uploads\/2024\/12\/COB-Series-11-1-768x432.jpg 768w, https:\/\/www.rkmega.com\/wp-content\/uploads\/2024\/12\/COB-Series-11-1-1536x864.jpg 1536w, https:\/\/www.rkmega.com\/wp-content\/uploads\/2024\/12\/COB-Series-11-1-2048x1152.jpg 2048w, https:\/\/www.rkmega.com\/wp-content\/uploads\/2024\/12\/COB-Series-11-1-18x10.jpg 18w, https:\/\/www.rkmega.com\/wp-content\/uploads\/2024\/12\/COB-Series-11-1-600x338.jpg 600w\" sizes=\"(max-width: 2560px) 100vw, 2560px\" \/> <img loading=\"lazy\" decoding=\"async\" class=\"alignnone size-full wp-image-6800\" src=\"https:\/\/www.rkmega.com\/wp-content\/uploads\/2024\/12\/COB-Series-12-1.jpg\" alt=\"\" width=\"2560\" height=\"1440\" srcset=\"https:\/\/www.rkmega.com\/wp-content\/uploads\/2024\/12\/COB-Series-12-1.jpg 2560w, https:\/\/www.rkmega.com\/wp-content\/uploads\/2024\/12\/COB-Series-12-1-300x169.jpg 300w, https:\/\/www.rkmega.com\/wp-content\/uploads\/2024\/12\/COB-Series-12-1-1024x576.jpg 1024w, https:\/\/www.rkmega.com\/wp-content\/uploads\/2024\/12\/COB-Series-12-1-768x432.jpg 768w, https:\/\/www.rkmega.com\/wp-content\/uploads\/2024\/12\/COB-Series-12-1-1536x864.jpg 1536w, https:\/\/www.rkmega.com\/wp-content\/uploads\/2024\/12\/COB-Series-12-1-2048x1152.jpg 2048w, https:\/\/www.rkmega.com\/wp-content\/uploads\/2024\/12\/COB-Series-12-1-18x10.jpg 18w, https:\/\/www.rkmega.com\/wp-content\/uploads\/2024\/12\/COB-Series-12-1-600x338.jpg 600w\" sizes=\"(max-width: 2560px) 100vw, 2560px\" \/> <img loading=\"lazy\" decoding=\"async\" class=\"alignnone size-full wp-image-6801\" src=\"https:\/\/www.rkmega.com\/wp-content\/uploads\/2024\/12\/COB-Series-13-1.jpg\" alt=\"\" width=\"2560\" height=\"1440\" srcset=\"https:\/\/www.rkmega.com\/wp-content\/uploads\/2024\/12\/COB-Series-13-1.jpg 2560w, https:\/\/www.rkmega.com\/wp-content\/uploads\/2024\/12\/COB-Series-13-1-300x169.jpg 300w, https:\/\/www.rkmega.com\/wp-content\/uploads\/2024\/12\/COB-Series-13-1-1024x576.jpg 1024w, https:\/\/www.rkmega.com\/wp-content\/uploads\/2024\/12\/COB-Series-13-1-768x432.jpg 768w, https:\/\/www.rkmega.com\/wp-content\/uploads\/2024\/12\/COB-Series-13-1-1536x864.jpg 1536w, https:\/\/www.rkmega.com\/wp-content\/uploads\/2024\/12\/COB-Series-13-1-2048x1152.jpg 2048w, https:\/\/www.rkmega.com\/wp-content\/uploads\/2024\/12\/COB-Series-13-1-18x10.jpg 18w, https:\/\/www.rkmega.com\/wp-content\/uploads\/2024\/12\/COB-Series-13-1-600x338.jpg 600w\" sizes=\"(max-width: 2560px) 100vw, 2560px\" \/> <img loading=\"lazy\" decoding=\"async\" class=\"alignnone size-full wp-image-6802\" src=\"https:\/\/www.rkmega.com\/wp-content\/uploads\/2024\/12\/COB-Series-14-1.jpg\" alt=\"\" width=\"2560\" height=\"1440\" srcset=\"https:\/\/www.rkmega.com\/wp-content\/uploads\/2024\/12\/COB-Series-14-1.jpg 2560w, https:\/\/www.rkmega.com\/wp-content\/uploads\/2024\/12\/COB-Series-14-1-300x169.jpg 300w, https:\/\/www.rkmega.com\/wp-content\/uploads\/2024\/12\/COB-Series-14-1-1024x576.jpg 1024w, https:\/\/www.rkmega.com\/wp-content\/uploads\/2024\/12\/COB-Series-14-1-768x432.jpg 768w, https:\/\/www.rkmega.com\/wp-content\/uploads\/2024\/12\/COB-Series-14-1-1536x864.jpg 1536w, https:\/\/www.rkmega.com\/wp-content\/uploads\/2024\/12\/COB-Series-14-1-2048x1152.jpg 2048w, https:\/\/www.rkmega.com\/wp-content\/uploads\/2024\/12\/COB-Series-14-1-18x10.jpg 18w, https:\/\/www.rkmega.com\/wp-content\/uploads\/2024\/12\/COB-Series-14-1-600x338.jpg 600w\" sizes=\"(max-width: 2560px) 100vw, 2560px\" \/><\/p>","protected":false},"excerpt":{"rendered":"<p>P0.9375<\/p>\n<p>\u25b6 Ultra thin, ultra light, the overall thickness is only 37.7mm.<\/p>\n<p>\u25b6 Sin costuras, ultra alta definici\u00f3n, color m\u00e1s natural.<\/p>\n<p>\u25b6 3840hz ultra alta frecuencia de actualizaci\u00f3n, sin sombra de arrastre, disfrutar de HD.<\/p>\n<p>Caja de aluminio de fundici\u00f3n a presi\u00f3n a troquel de la alta precisi\u00f3n del CNC del \u25b6, dise\u00f1o libre fan silencioso estupendo.<\/p>","protected":false},"featured_media":6789,"comment_status":"open","ping_status":"closed","template":"","meta":{"site-sidebar-layout":"default","site-content-layout":"","ast-site-content-layout":"default","site-content-style":"default","site-sidebar-style":"default","ast-global-header-display":"","ast-banner-title-visibility":"","ast-main-header-display":"","ast-hfb-above-header-display":"","ast-hfb-below-header-display":"","ast-hfb-mobile-header-display":"","site-post-title":"","ast-breadcrumbs-content":"","ast-featured-img":"","footer-sml-layout":"","theme-transparent-header-meta":"default","adv-header-id-meta":"","stick-header-meta":"","header-above-stick-meta":"","header-main-stick-meta":"","header-below-stick-meta":"","astra-migrate-meta-layouts":"set","ast-page-background-enabled":"default","ast-page-background-meta":{"desktop":{"background-color":"","background-image":"","background-repeat":"repeat","background-position":"center center","background-size":"auto","background-attachment":"scroll","background-type":"","background-media":"","overlay-type":"","overlay-color":"","overlay-opacity":"","overlay-gradient":""},"tablet":{"background-color":"","background-image":"","background-repeat":"repeat","background-position":"center center","background-size":"auto","background-attachment":"scroll","background-type":"","background-media":"","overlay-type":"","overlay-color":"","overlay-opacity":"","overlay-gradient":""},"mobile":{"background-color":"","background-image":"","background-repeat":"repeat","background-position":"center center","background-size":"auto","background-attachment":"scroll","background-type":"","background-media":"","overlay-type":"","overlay-color":"","overlay-opacity":"","overlay-gradient":""}},"ast-content-background-meta":{"desktop":{"background-color":"var(--ast-global-color-5)","background-image":"","background-repeat":"repeat","background-position":"center center","background-size":"auto","background-attachment":"scroll","background-type":"","background-media":"","overlay-type":"","overlay-color":"","overlay-opacity":"","overlay-gradient":""},"tablet":{"background-color":"var(--ast-global-color-5)","background-image":"","background-repeat":"repeat","background-position":"center center","background-size":"auto","background-attachment":"scroll","background-type":"","background-media":"","overlay-type":"","overlay-color":"","overlay-opacity":"","overlay-gradient":""},"mobile":{"background-color":"var(--ast-global-color-5)","background-image":"","background-repeat":"repeat","background-position":"center center","background-size":"auto","background-attachment":"scroll","background-type":"","background-media":"","overlay-type":"","overlay-color":"","overlay-opacity":"","overlay-gradient":""}}},"product_cat":[91],"product_tag":[],"class_list":{"0":"post-5667","1":"product","2":"type-product","3":"status-publish","4":"has-post-thumbnail","6":"product_cat-cob-series","7":"desktop-align-left","8":"tablet-align-left","9":"mobile-align-left","11":"first","12":"instock","13":"shipping-taxable","14":"product-type-simple"},"yoast_head":"<!-- This site is optimized with the Yoast SEO plugin v24.9 - https:\/\/yoast.com\/wordpress\/plugins\/seo\/ -->\n<title>Model: COB Series - LED Solution Provider | OEM&amp;ODM | 15+ Years<\/title>\n<meta name=\"robots\" content=\"index, follow, max-snippet:-1, max-image-preview:large, max-video-preview:-1\" \/>\n<link rel=\"canonical\" href=\"https:\/\/www.rkmega.com\/es\/producto\/cob-series\/\" \/>\n<meta property=\"og:locale\" content=\"es_ES\" \/>\n<meta property=\"og:type\" content=\"article\" \/>\n<meta property=\"og:title\" content=\"Model: COB Series - LED Solution Provider | OEM&amp;ODM | 15+ Years\" \/>\n<meta property=\"og:description\" content=\"P0.9375  \u25b6 Ultra thin, ultra light, the overall thickness is only 37.7mm.  \u25b6 No seam, ultra high definition, more natural color.  \u25b6 3840hz ultra high refresh rate, no drag shadow, enjoy HD.  \u25b6 CNC high-precision die-casting aluminum box, super quiet fan free design.\" \/>\n<meta property=\"og:url\" content=\"https:\/\/www.rkmega.com\/es\/producto\/cob-series\/\" \/>\n<meta property=\"og:site_name\" content=\"LED Solution Provider | OEM&amp;ODM | 15+ Years\" \/>\n<meta property=\"article:modified_time\" content=\"2026-04-17T05:58:33+00:00\" \/>\n<meta property=\"og:image\" content=\"https:\/\/www.rkmega.com\/wp-content\/uploads\/2024\/12\/COB-Series-1-3.jpg\" \/>\n\t<meta property=\"og:image:width\" content=\"1920\" \/>\n\t<meta property=\"og:image:height\" content=\"1440\" \/>\n\t<meta property=\"og:image:type\" content=\"image\/jpeg\" \/>\n<meta name=\"twitter:card\" content=\"summary_large_image\" \/>\n<meta name=\"twitter:label1\" content=\"Tiempo de lectura\" \/>\n\t<meta name=\"twitter:data1\" content=\"3 minutos\" \/>\n<script type=\"application\/ld+json\" class=\"yoast-schema-graph\">{\"@context\":\"https:\/\/schema.org\",\"@graph\":[{\"@type\":\"WebPage\",\"@id\":\"https:\/\/www.rkmega.com\/product\/cob-series\/\",\"url\":\"https:\/\/www.rkmega.com\/product\/cob-series\/\",\"name\":\"Model: COB Series - LED Solution Provider | OEM&amp;ODM | 15+ Years\",\"isPartOf\":{\"@id\":\"https:\/\/www.rkmega.com\/#website\"},\"primaryImageOfPage\":{\"@id\":\"https:\/\/www.rkmega.com\/product\/cob-series\/#primaryimage\"},\"image\":{\"@id\":\"https:\/\/www.rkmega.com\/product\/cob-series\/#primaryimage\"},\"thumbnailUrl\":\"https:\/\/www.rkmega.com\/wp-content\/uploads\/2024\/12\/COB-Series-1-3.jpg\",\"datePublished\":\"2024-12-31T01:59:08+00:00\",\"dateModified\":\"2026-04-17T05:58:33+00:00\",\"breadcrumb\":{\"@id\":\"https:\/\/www.rkmega.com\/product\/cob-series\/#breadcrumb\"},\"inLanguage\":\"es\",\"potentialAction\":[{\"@type\":\"ReadAction\",\"target\":[\"https:\/\/www.rkmega.com\/product\/cob-series\/\"]}]},{\"@type\":\"ImageObject\",\"inLanguage\":\"es\",\"@id\":\"https:\/\/www.rkmega.com\/product\/cob-series\/#primaryimage\",\"url\":\"https:\/\/www.rkmega.com\/wp-content\/uploads\/2024\/12\/COB-Series-1-3.jpg\",\"contentUrl\":\"https:\/\/www.rkmega.com\/wp-content\/uploads\/2024\/12\/COB-Series-1-3.jpg\",\"width\":1920,\"height\":1440},{\"@type\":\"BreadcrumbList\",\"@id\":\"https:\/\/www.rkmega.com\/product\/cob-series\/#breadcrumb\",\"itemListElement\":[{\"@type\":\"ListItem\",\"position\":1,\"name\":\"Home\",\"item\":\"https:\/\/www.rkmega.com\/\"},{\"@type\":\"ListItem\",\"position\":2,\"name\":\"Store\",\"item\":\"https:\/\/www.rkmega.com\/store\/\"},{\"@type\":\"ListItem\",\"position\":3,\"name\":\"Model: COB Series\"}]},{\"@type\":\"WebSite\",\"@id\":\"https:\/\/www.rkmega.com\/#website\",\"url\":\"https:\/\/www.rkmega.com\/\",\"name\":\"LED DISPLAY\",\"description\":\"\",\"publisher\":{\"@id\":\"https:\/\/www.rkmega.com\/#organization\"},\"potentialAction\":[{\"@type\":\"SearchAction\",\"target\":{\"@type\":\"EntryPoint\",\"urlTemplate\":\"https:\/\/www.rkmega.com\/?s={search_term_string}\"},\"query-input\":{\"@type\":\"PropertyValueSpecification\",\"valueRequired\":true,\"valueName\":\"search_term_string\"}}],\"inLanguage\":\"es\"},{\"@type\":\"Organization\",\"@id\":\"https:\/\/www.rkmega.com\/#organization\",\"name\":\"RKMEGA\",\"url\":\"https:\/\/www.rkmega.com\/\",\"logo\":{\"@type\":\"ImageObject\",\"inLanguage\":\"es\",\"@id\":\"https:\/\/www.rkmega.com\/#\/schema\/logo\/image\/\",\"url\":\"https:\/\/www.rkmega.com\/wp-content\/uploads\/2024\/12\/cropped-LOGO180X60-2.png\",\"contentUrl\":\"https:\/\/www.rkmega.com\/wp-content\/uploads\/2024\/12\/cropped-LOGO180X60-2.png\",\"width\":180,\"height\":60,\"caption\":\"RKMEGA\"},\"image\":{\"@id\":\"https:\/\/www.rkmega.com\/#\/schema\/logo\/image\/\"}}]}<\/script>\n<!-- \/ Yoast SEO plugin. -->","yoast_head_json":{"title":"Model: COB Series - LED Solution Provider | OEM&amp;ODM | 15+ Years","robots":{"index":"index","follow":"follow","max-snippet":"max-snippet:-1","max-image-preview":"max-image-preview:large","max-video-preview":"max-video-preview:-1"},"canonical":"https:\/\/www.rkmega.com\/es\/producto\/cob-series\/","og_locale":"es_ES","og_type":"article","og_title":"Model: COB Series - LED Solution Provider | OEM&amp;ODM | 15+ Years","og_description":"P0.9375  \u25b6 Ultra thin, ultra light, the overall thickness is only 37.7mm.  \u25b6 No seam, ultra high definition, more natural color.  \u25b6 3840hz ultra high refresh rate, no drag shadow, enjoy HD.  \u25b6 CNC high-precision die-casting aluminum box, super quiet fan free design.","og_url":"https:\/\/www.rkmega.com\/es\/producto\/cob-series\/","og_site_name":"LED Solution Provider | OEM&amp;ODM | 15+ Years","article_modified_time":"2026-04-17T05:58:33+00:00","og_image":[{"width":1920,"height":1440,"url":"https:\/\/www.rkmega.com\/wp-content\/uploads\/2024\/12\/COB-Series-1-3.jpg","type":"image\/jpeg"}],"twitter_card":"summary_large_image","twitter_misc":{"Tiempo de lectura":"3 minutos"},"schema":{"@context":"https:\/\/schema.org","@graph":[{"@type":"WebPage","@id":"https:\/\/www.rkmega.com\/product\/cob-series\/","url":"https:\/\/www.rkmega.com\/product\/cob-series\/","name":"Model: COB Series - LED Solution Provider | OEM&amp;ODM | 15+ Years","isPartOf":{"@id":"https:\/\/www.rkmega.com\/#website"},"primaryImageOfPage":{"@id":"https:\/\/www.rkmega.com\/product\/cob-series\/#primaryimage"},"image":{"@id":"https:\/\/www.rkmega.com\/product\/cob-series\/#primaryimage"},"thumbnailUrl":"https:\/\/www.rkmega.com\/wp-content\/uploads\/2024\/12\/COB-Series-1-3.jpg","datePublished":"2024-12-31T01:59:08+00:00","dateModified":"2026-04-17T05:58:33+00:00","breadcrumb":{"@id":"https:\/\/www.rkmega.com\/product\/cob-series\/#breadcrumb"},"inLanguage":"es","potentialAction":[{"@type":"ReadAction","target":["https:\/\/www.rkmega.com\/product\/cob-series\/"]}]},{"@type":"ImageObject","inLanguage":"es","@id":"https:\/\/www.rkmega.com\/product\/cob-series\/#primaryimage","url":"https:\/\/www.rkmega.com\/wp-content\/uploads\/2024\/12\/COB-Series-1-3.jpg","contentUrl":"https:\/\/www.rkmega.com\/wp-content\/uploads\/2024\/12\/COB-Series-1-3.jpg","width":1920,"height":1440},{"@type":"BreadcrumbList","@id":"https:\/\/www.rkmega.com\/product\/cob-series\/#breadcrumb","itemListElement":[{"@type":"ListItem","position":1,"name":"Home","item":"https:\/\/www.rkmega.com\/"},{"@type":"ListItem","position":2,"name":"Store","item":"https:\/\/www.rkmega.com\/store\/"},{"@type":"ListItem","position":3,"name":"Model: COB Series"}]},{"@type":"WebSite","@id":"https:\/\/www.rkmega.com\/#website","url":"https:\/\/www.rkmega.com\/","name":"LED DISPLAY","description":"","publisher":{"@id":"https:\/\/www.rkmega.com\/#organization"},"potentialAction":[{"@type":"SearchAction","target":{"@type":"EntryPoint","urlTemplate":"https:\/\/www.rkmega.com\/?s={search_term_string}"},"query-input":{"@type":"PropertyValueSpecification","valueRequired":true,"valueName":"search_term_string"}}],"inLanguage":"es"},{"@type":"Organization","@id":"https:\/\/www.rkmega.com\/#organization","name":"RKMEGA","url":"https:\/\/www.rkmega.com\/","logo":{"@type":"ImageObject","inLanguage":"es","@id":"https:\/\/www.rkmega.com\/#\/schema\/logo\/image\/","url":"https:\/\/www.rkmega.com\/wp-content\/uploads\/2024\/12\/cropped-LOGO180X60-2.png","contentUrl":"https:\/\/www.rkmega.com\/wp-content\/uploads\/2024\/12\/cropped-LOGO180X60-2.png","width":180,"height":60,"caption":"RKMEGA"},"image":{"@id":"https:\/\/www.rkmega.com\/#\/schema\/logo\/image\/"}}]}},"_links":{"self":[{"href":"https:\/\/www.rkmega.com\/es\/wp-json\/wp\/v2\/product\/5667","targetHints":{"allow":["GET"]}}],"collection":[{"href":"https:\/\/www.rkmega.com\/es\/wp-json\/wp\/v2\/product"}],"about":[{"href":"https:\/\/www.rkmega.com\/es\/wp-json\/wp\/v2\/types\/product"}],"replies":[{"embeddable":true,"href":"https:\/\/www.rkmega.com\/es\/wp-json\/wp\/v2\/comments?post=5667"}],"version-history":[{"count":9,"href":"https:\/\/www.rkmega.com\/es\/wp-json\/wp\/v2\/product\/5667\/revisions"}],"predecessor-version":[{"id":6803,"href":"https:\/\/www.rkmega.com\/es\/wp-json\/wp\/v2\/product\/5667\/revisions\/6803"}],"wp:featuredmedia":[{"embeddable":true,"href":"https:\/\/www.rkmega.com\/es\/wp-json\/wp\/v2\/media\/6789"}],"wp:attachment":[{"href":"https:\/\/www.rkmega.com\/es\/wp-json\/wp\/v2\/media?parent=5667"}],"wp:term":[{"taxonomy":"product_cat","embeddable":true,"href":"https:\/\/www.rkmega.com\/es\/wp-json\/wp\/v2\/product_cat?post=5667"},{"taxonomy":"product_tag","embeddable":true,"href":"https:\/\/www.rkmega.com\/es\/wp-json\/wp\/v2\/product_tag?post=5667"}],"curies":[{"name":"wp","href":"https:\/\/api.w.org\/{rel}","templated":true}]}}