{"id":5729,"date":"2024-12-31T15:39:06","date_gmt":"2024-12-31T07:39:06","guid":{"rendered":"https:\/\/www.rkmega.com\/?post_type=product&#038;p=5729"},"modified":"2025-04-23T18:02:51","modified_gmt":"2025-04-23T10:02:51","slug":"rk-ma650","status":"publish","type":"product","link":"https:\/\/www.rkmega.com\/es\/producto\/rk-ma650\/","title":{"rendered":"Modelo: RK-MA650"},"content":{"rendered":"<table>\n<tbody>\n<tr>\n<td width=\"188\"><strong><b>Nombre del par\u00e1metro<\/b><\/strong><\/td>\n<td width=\"508\"><strong><b>Par\u00e1metro Valor<\/b><\/strong><\/td>\n<\/tr>\n<tr>\n<td width=\"188\">Fuente de alimentaci\u00f3n<\/td>\n<td width=\"508\">CA100~240V 50\/60Hz<\/td>\n<\/tr>\n<tr>\n<td width=\"188\">Consumo de energ\u00eda<\/td>\n<td width=\"508\">10 W est\u00e1ticos, hasta 200 W m\u00e1ximos<\/td>\n<\/tr>\n<tr>\n<td width=\"188\">Capacidad del sistema<\/td>\n<td width=\"508\">240 unidades por m\u00e1quina, ampliable a 76.800 unidades<\/td>\n<\/tr>\n<tr>\n<td width=\"188\">Interfaz de la unidad<\/td>\n<td width=\"508\">6 canales con conectores de 8 patillas y 2 puertos de red (u 8 puertos de red)<\/td>\n<\/tr>\n<tr>\n<td width=\"188\">Pantalla de visualizaci\u00f3n<\/td>\n<td width=\"508\">Pantalla t\u00e1ctil capacitiva de 4,5 pulgadas<\/td>\n<\/tr>\n<tr>\n<td width=\"188\">Men\u00fa de visualizaci\u00f3n<\/td>\n<td width=\"508\">Chino simplificado, chino tradicional, ingl\u00e9s (seleccionable)<\/td>\n<\/tr>\n<tr>\n<td width=\"188\">Respuesta en frecuencia<\/td>\n<td width=\"508\">20Hz~20KHz<\/td>\n<\/tr>\n<tr>\n<td width=\"188\">Relaci\u00f3n se\u00f1al\/ruido<\/td>\n<td width=\"508\">&gt;96 dB<\/td>\n<\/tr>\n<tr>\n<td width=\"188\">Rango din\u00e1mico<\/td>\n<td width=\"508\">106 dB<\/td>\n<\/tr>\n<tr>\n<td width=\"188\">Distorsi\u00f3n arm\u00f3nica total<\/td>\n<td width=\"508\">&lt;0,05%<\/td>\n<\/tr>\n<tr>\n<td width=\"188\">Impedancia de salida<\/td>\n<td width=\"508\">47K\u03a9<\/td>\n<\/tr>\n<tr>\n<td width=\"188\">Entrada de audio<\/td>\n<td width=\"508\">RCAx2 +20dB<\/td>\n<\/tr>\n<tr>\n<td width=\"188\">Entrada de audio<\/td>\n<td width=\"508\">XLRx1 +10dB<\/td>\n<\/tr>\n<tr>\n<td width=\"188\">Salida de audio<\/td>\n<td width=\"508\">Salida balanceada XLRx1 +10dB<\/td>\n<\/tr>\n<tr>\n<td width=\"188\">Salida de audio<\/td>\n<td width=\"508\">Salida principal RCAx2 +20dB<\/td>\n<\/tr>\n<tr>\n<td width=\"188\">Salida de audio<\/td>\n<td width=\"508\">Salida auxiliar RCAx2 +20dB<\/td>\n<\/tr>\n<tr>\n<td width=\"188\">Salida de audio<\/td>\n<td width=\"508\">Salida TRS de 6,35 mm x1 +20 dB<\/td>\n<\/tr>\n<tr>\n<td width=\"188\">Entrada de v\u00eddeo<\/td>\n<td width=\"508\">HDMIx4 ampliable<\/td>\n<\/tr>\n<tr>\n<td width=\"188\">Salida de v\u00eddeo<\/td>\n<td width=\"508\">HDMIx1 ampliable<\/td>\n<\/tr>\n<tr>\n<td width=\"188\">Ancho de banda de p\u00edxeles<\/td>\n<td width=\"508\">225 MHz<\/td>\n<\/tr>\n<tr>\n<td width=\"188\">Resoluci\u00f3n<\/td>\n<td width=\"508\">1920@1080 60Hz<\/td>\n<\/tr>\n<tr>\n<td width=\"188\">Ancho de banda de v\u00eddeo<\/td>\n<td width=\"508\">2,25 Gbps<\/td>\n<\/tr>\n<tr>\n<td width=\"188\">Control de v\u00eddeo<\/td>\n<td width=\"508\">RS-485 Conector Phoenix \/ RS-232<\/td>\n<\/tr>\n<tr>\n<td width=\"188\">Funci\u00f3n de votaci\u00f3n<\/td>\n<td width=\"508\">Seg\u00fan el modelo<\/td>\n<\/tr>\n<tr>\n<td width=\"188\">Interpretaci\u00f3n simult\u00e1nea<\/td>\n<td width=\"508\">Seg\u00fan el modelo (hasta 8\/16\/32\/64CH)<\/td>\n<\/tr>\n<tr>\n<td width=\"188\">Interfaz de control<\/td>\n<td width=\"508\">RS-232<\/td>\n<\/tr>\n<tr>\n<td width=\"188\">Protocolo Dante<\/td>\n<td width=\"508\">Ampliable<\/td>\n<\/tr>\n<tr>\n<td width=\"188\">Funci\u00f3n de grabaci\u00f3n<\/td>\n<td width=\"508\">Grabaci\u00f3n USB ampliable<\/td>\n<\/tr>\n<tr>\n<td width=\"188\">Copia de seguridad en caliente de dos m\u00e1quinas<\/td>\n<td width=\"508\">Disponible<\/td>\n<\/tr>\n<tr>\n<td width=\"188\">Color<\/td>\n<td width=\"508\">Gris oscuro<\/td>\n<\/tr>\n<tr>\n<td width=\"188\">Peso neto<\/td>\n<td width=\"508\">5.0Kg<\/td>\n<\/tr>\n<tr>\n<td width=\"188\">Dimensiones<\/td>\n<td width=\"508\">483x320x90mm<\/td>\n<\/tr>\n<tr>\n<td width=\"188\">Instalaci\u00f3n<\/td>\n<td width=\"508\">Apto para montaje en bastidor est\u00e1ndar de 19 pulgadas<\/td>\n<\/tr>\n<\/tbody>\n<\/table>","protected":false},"excerpt":{"rendered":"<p>El sistema est\u00e1 equipado con una pantalla t\u00e1ctil TFT de 4,5 pulgadas que permite configurar el sistema independientemente de un ordenador, lo que mejora la eficacia de la instalaci\u00f3n y la depuraci\u00f3n. Cuenta con un panel de aleaci\u00f3n de aluminio con un cristal t\u00e1ctil de dureza Mohs de nivel 6, y una interfaz gr\u00e1fica de usuario intuitiva para facilitar el manejo. El sistema tiene una funci\u00f3n de copia de seguridad en caliente de dos m\u00e1quinas, admite la conexi\u00f3n de 4 c\u00e1maras de alta definici\u00f3n e incluye m\u00faltiples funciones de comunicaci\u00f3n interna y servicio de conferencia. Dispone de 8 salidas para unidades, incluidas 2 interfaces de transmisi\u00f3n de red RJ45 y 6 interfaces profesionales blindadas de 8 n\u00facleos (capaces de soportar 8 conexiones RJ45), lo que permite conectar hasta 240 unidades; la capacidad del sistema es de 76.800 unidades, y admite varios m\u00e9todos de conexi\u00f3n, como conexi\u00f3n en cadena, lineal y en forma de T.<\/p>\n<p>El sistema ofrece ocho modos de reuni\u00f3n diferentes, admite el seguimiento por v\u00eddeo, tiene funciones integradas de registro y votaci\u00f3n, y permite configurar y modificar en l\u00ednea las identidades de las unidades. Las identidades de las unidades de presidente, VIP y delegados pueden reasignarse y configurarse en funci\u00f3n de las necesidades.<\/p>","protected":false},"featured_media":5730,"comment_status":"open","ping_status":"closed","template":"","meta":{"site-sidebar-layout":"default","site-content-layout":"","ast-site-content-layout":"default","site-content-style":"default","site-sidebar-style":"default","ast-global-header-display":"","ast-banner-title-visibility":"","ast-main-header-display":"","ast-hfb-above-header-display":"","ast-hfb-below-header-display":"","ast-hfb-mobile-header-display":"","site-post-title":"","ast-breadcrumbs-content":"","ast-featured-img":"","footer-sml-layout":"","theme-transparent-header-meta":"default","adv-header-id-meta":"","stick-header-meta":"","header-above-stick-meta":"","header-main-stick-meta":"","header-below-stick-meta":"","astra-migrate-meta-layouts":"set","ast-page-background-enabled":"default","ast-page-background-meta":{"desktop":{"background-color":"","background-image":"","background-repeat":"repeat","background-position":"center center","background-size":"auto","background-attachment":"scroll","background-type":"","background-media":"","overlay-type":"","overlay-color":"","overlay-opacity":"","overlay-gradient":""},"tablet":{"background-color":"","background-image":"","background-repeat":"repeat","background-position":"center center","background-size":"auto","background-attachment":"scroll","background-type":"","background-media":"","overlay-type":"","overlay-color":"","overlay-opacity":"","overlay-gradient":""},"mobile":{"background-color":"","background-image":"","background-repeat":"repeat","background-position":"center center","background-size":"auto","background-attachment":"scroll","background-type":"","background-media":"","overlay-type":"","overlay-color":"","overlay-opacity":"","overlay-gradient":""}},"ast-content-background-meta":{"desktop":{"background-color":"var(--ast-global-color-5)","background-image":"","background-repeat":"repeat","background-position":"center center","background-size":"auto","background-attachment":"scroll","background-type":"","background-media":"","overlay-type":"","overlay-color":"","overlay-opacity":"","overlay-gradient":""},"tablet":{"background-color":"var(--ast-global-color-5)","background-image":"","background-repeat":"repeat","background-position":"center center","background-size":"auto","background-attachment":"scroll","background-type":"","background-media":"","overlay-type":"","overlay-color":"","overlay-opacity":"","overlay-gradient":""},"mobile":{"background-color":"var(--ast-global-color-5)","background-image":"","background-repeat":"repeat","background-position":"center center","background-size":"auto","background-attachment":"scroll","background-type":"","background-media":"","overlay-type":"","overlay-color":"","overlay-opacity":"","overlay-gradient":""}}},"product_cat":[84],"product_tag":[],"class_list":{"0":"post-5729","1":"product","2":"type-product","3":"status-publish","4":"has-post-thumbnail","6":"product_cat-conference-host","7":"desktop-align-left","8":"tablet-align-left","9":"mobile-align-left","11":"first","12":"instock","13":"shipping-taxable","14":"product-type-simple"},"yoast_head":"<!-- This site is optimized with the Yoast SEO plugin v24.9 - https:\/\/yoast.com\/wordpress\/plugins\/seo\/ -->\n<title>Model: RK-MA650 - LED Solution Provider | OEM&amp;ODM | 15+ Years<\/title>\n<meta name=\"robots\" content=\"index, follow, max-snippet:-1, max-image-preview:large, max-video-preview:-1\" \/>\n<link rel=\"canonical\" href=\"https:\/\/www.rkmega.com\/es\/producto\/rk-ma650\/\" \/>\n<meta property=\"og:locale\" content=\"es_ES\" \/>\n<meta property=\"og:type\" content=\"article\" \/>\n<meta property=\"og:title\" content=\"Model: RK-MA650 - LED Solution Provider | OEM&amp;ODM | 15+ Years\" \/>\n<meta property=\"og:description\" content=\"The system is equipped with a 4.5-inch TFT touch screen, allowing for system configuration independent of a computer, which enhances installation and debugging efficiency. It features an aluminum alloy panel with a Mohs hardness level 6 touch glass, and an intuitive graphical user interface for easy operation. The system has a dual-machine hot backup function, supports connection to 4 high-definition cameras, and includes multiple internal communication and conference service features. It has 8 unit outputs, including 2 RJ45 network transmission interfaces and 6 professional shielded 8-core interfaces (capable of supporting 8 RJ45 connections), allowing for the connection of up to 240 units; the system capacity is 76,800 units, supporting various connection methods such as daisy-chain, linear, and T-shape.  The system offers eight different meeting modes, supports video tracking, has built-in check-in and voting functions, and allows for online configuration and modification of unit identities. The identities of the chairperson unit, VIP unit, and delegate units can be reassigned and configured according to needs.\" \/>\n<meta property=\"og:url\" content=\"https:\/\/www.rkmega.com\/es\/producto\/rk-ma650\/\" \/>\n<meta property=\"og:site_name\" content=\"LED Solution Provider | OEM&amp;ODM | 15+ Years\" \/>\n<meta property=\"article:modified_time\" content=\"2025-04-23T10:02:51+00:00\" \/>\n<meta property=\"og:image\" content=\"https:\/\/www.rkmega.com\/wp-content\/uploads\/2024\/12\/RK-MA650-Smart-Touchscreen-Meeting-System-.jpg\" \/>\n\t<meta property=\"og:image:width\" content=\"1600\" \/>\n\t<meta property=\"og:image:height\" content=\"1200\" \/>\n\t<meta property=\"og:image:type\" content=\"image\/jpeg\" \/>\n<meta name=\"twitter:card\" content=\"summary_large_image\" \/>\n<meta name=\"twitter:label1\" content=\"Tiempo de lectura\" \/>\n\t<meta name=\"twitter:data1\" content=\"1 minuto\" \/>\n<script type=\"application\/ld+json\" class=\"yoast-schema-graph\">{\"@context\":\"https:\/\/schema.org\",\"@graph\":[{\"@type\":\"WebPage\",\"@id\":\"https:\/\/www.rkmega.com\/product\/rk-ma650\/\",\"url\":\"https:\/\/www.rkmega.com\/product\/rk-ma650\/\",\"name\":\"Model: RK-MA650 - LED Solution Provider | OEM&amp;ODM | 15+ Years\",\"isPartOf\":{\"@id\":\"https:\/\/www.rkmega.com\/#website\"},\"primaryImageOfPage\":{\"@id\":\"https:\/\/www.rkmega.com\/product\/rk-ma650\/#primaryimage\"},\"image\":{\"@id\":\"https:\/\/www.rkmega.com\/product\/rk-ma650\/#primaryimage\"},\"thumbnailUrl\":\"https:\/\/www.rkmega.com\/wp-content\/uploads\/2024\/12\/RK-MA650-Smart-Touchscreen-Meeting-System-.jpg\",\"datePublished\":\"2024-12-31T07:39:06+00:00\",\"dateModified\":\"2025-04-23T10:02:51+00:00\",\"breadcrumb\":{\"@id\":\"https:\/\/www.rkmega.com\/product\/rk-ma650\/#breadcrumb\"},\"inLanguage\":\"es\",\"potentialAction\":[{\"@type\":\"ReadAction\",\"target\":[\"https:\/\/www.rkmega.com\/product\/rk-ma650\/\"]}]},{\"@type\":\"ImageObject\",\"inLanguage\":\"es\",\"@id\":\"https:\/\/www.rkmega.com\/product\/rk-ma650\/#primaryimage\",\"url\":\"https:\/\/www.rkmega.com\/wp-content\/uploads\/2024\/12\/RK-MA650-Smart-Touchscreen-Meeting-System-.jpg\",\"contentUrl\":\"https:\/\/www.rkmega.com\/wp-content\/uploads\/2024\/12\/RK-MA650-Smart-Touchscreen-Meeting-System-.jpg\",\"width\":1600,\"height\":1200},{\"@type\":\"BreadcrumbList\",\"@id\":\"https:\/\/www.rkmega.com\/product\/rk-ma650\/#breadcrumb\",\"itemListElement\":[{\"@type\":\"ListItem\",\"position\":1,\"name\":\"Home\",\"item\":\"https:\/\/www.rkmega.com\/\"},{\"@type\":\"ListItem\",\"position\":2,\"name\":\"Store\",\"item\":\"https:\/\/www.rkmega.com\/store\/\"},{\"@type\":\"ListItem\",\"position\":3,\"name\":\"Model: RK-MA650\"}]},{\"@type\":\"WebSite\",\"@id\":\"https:\/\/www.rkmega.com\/#website\",\"url\":\"https:\/\/www.rkmega.com\/\",\"name\":\"LED DISPLAY\",\"description\":\"\",\"publisher\":{\"@id\":\"https:\/\/www.rkmega.com\/#organization\"},\"potentialAction\":[{\"@type\":\"SearchAction\",\"target\":{\"@type\":\"EntryPoint\",\"urlTemplate\":\"https:\/\/www.rkmega.com\/?s={search_term_string}\"},\"query-input\":{\"@type\":\"PropertyValueSpecification\",\"valueRequired\":true,\"valueName\":\"search_term_string\"}}],\"inLanguage\":\"es\"},{\"@type\":\"Organization\",\"@id\":\"https:\/\/www.rkmega.com\/#organization\",\"name\":\"RKMEGA\",\"url\":\"https:\/\/www.rkmega.com\/\",\"logo\":{\"@type\":\"ImageObject\",\"inLanguage\":\"es\",\"@id\":\"https:\/\/www.rkmega.com\/#\/schema\/logo\/image\/\",\"url\":\"https:\/\/www.rkmega.com\/wp-content\/uploads\/2024\/12\/cropped-LOGO180X60-2.png\",\"contentUrl\":\"https:\/\/www.rkmega.com\/wp-content\/uploads\/2024\/12\/cropped-LOGO180X60-2.png\",\"width\":180,\"height\":60,\"caption\":\"RKMEGA\"},\"image\":{\"@id\":\"https:\/\/www.rkmega.com\/#\/schema\/logo\/image\/\"}}]}<\/script>\n<!-- \/ Yoast SEO plugin. -->","yoast_head_json":{"title":"Model: RK-MA650 - LED Solution Provider | OEM&amp;ODM | 15+ Years","robots":{"index":"index","follow":"follow","max-snippet":"max-snippet:-1","max-image-preview":"max-image-preview:large","max-video-preview":"max-video-preview:-1"},"canonical":"https:\/\/www.rkmega.com\/es\/producto\/rk-ma650\/","og_locale":"es_ES","og_type":"article","og_title":"Model: RK-MA650 - LED Solution Provider | OEM&amp;ODM | 15+ Years","og_description":"The system is equipped with a 4.5-inch TFT touch screen, allowing for system configuration independent of a computer, which enhances installation and debugging efficiency. It features an aluminum alloy panel with a Mohs hardness level 6 touch glass, and an intuitive graphical user interface for easy operation. The system has a dual-machine hot backup function, supports connection to 4 high-definition cameras, and includes multiple internal communication and conference service features. It has 8 unit outputs, including 2 RJ45 network transmission interfaces and 6 professional shielded 8-core interfaces (capable of supporting 8 RJ45 connections), allowing for the connection of up to 240 units; the system capacity is 76,800 units, supporting various connection methods such as daisy-chain, linear, and T-shape.  The system offers eight different meeting modes, supports video tracking, has built-in check-in and voting functions, and allows for online configuration and modification of unit identities. The identities of the chairperson unit, VIP unit, and delegate units can be reassigned and configured according to needs.","og_url":"https:\/\/www.rkmega.com\/es\/producto\/rk-ma650\/","og_site_name":"LED Solution Provider | OEM&amp;ODM | 15+ Years","article_modified_time":"2025-04-23T10:02:51+00:00","og_image":[{"width":1600,"height":1200,"url":"https:\/\/www.rkmega.com\/wp-content\/uploads\/2024\/12\/RK-MA650-Smart-Touchscreen-Meeting-System-.jpg","type":"image\/jpeg"}],"twitter_card":"summary_large_image","twitter_misc":{"Tiempo de lectura":"1 minuto"},"schema":{"@context":"https:\/\/schema.org","@graph":[{"@type":"WebPage","@id":"https:\/\/www.rkmega.com\/product\/rk-ma650\/","url":"https:\/\/www.rkmega.com\/product\/rk-ma650\/","name":"Model: RK-MA650 - LED Solution Provider | OEM&amp;ODM | 15+ Years","isPartOf":{"@id":"https:\/\/www.rkmega.com\/#website"},"primaryImageOfPage":{"@id":"https:\/\/www.rkmega.com\/product\/rk-ma650\/#primaryimage"},"image":{"@id":"https:\/\/www.rkmega.com\/product\/rk-ma650\/#primaryimage"},"thumbnailUrl":"https:\/\/www.rkmega.com\/wp-content\/uploads\/2024\/12\/RK-MA650-Smart-Touchscreen-Meeting-System-.jpg","datePublished":"2024-12-31T07:39:06+00:00","dateModified":"2025-04-23T10:02:51+00:00","breadcrumb":{"@id":"https:\/\/www.rkmega.com\/product\/rk-ma650\/#breadcrumb"},"inLanguage":"es","potentialAction":[{"@type":"ReadAction","target":["https:\/\/www.rkmega.com\/product\/rk-ma650\/"]}]},{"@type":"ImageObject","inLanguage":"es","@id":"https:\/\/www.rkmega.com\/product\/rk-ma650\/#primaryimage","url":"https:\/\/www.rkmega.com\/wp-content\/uploads\/2024\/12\/RK-MA650-Smart-Touchscreen-Meeting-System-.jpg","contentUrl":"https:\/\/www.rkmega.com\/wp-content\/uploads\/2024\/12\/RK-MA650-Smart-Touchscreen-Meeting-System-.jpg","width":1600,"height":1200},{"@type":"BreadcrumbList","@id":"https:\/\/www.rkmega.com\/product\/rk-ma650\/#breadcrumb","itemListElement":[{"@type":"ListItem","position":1,"name":"Home","item":"https:\/\/www.rkmega.com\/"},{"@type":"ListItem","position":2,"name":"Store","item":"https:\/\/www.rkmega.com\/store\/"},{"@type":"ListItem","position":3,"name":"Model: RK-MA650"}]},{"@type":"WebSite","@id":"https:\/\/www.rkmega.com\/#website","url":"https:\/\/www.rkmega.com\/","name":"LED DISPLAY","description":"","publisher":{"@id":"https:\/\/www.rkmega.com\/#organization"},"potentialAction":[{"@type":"SearchAction","target":{"@type":"EntryPoint","urlTemplate":"https:\/\/www.rkmega.com\/?s={search_term_string}"},"query-input":{"@type":"PropertyValueSpecification","valueRequired":true,"valueName":"search_term_string"}}],"inLanguage":"es"},{"@type":"Organization","@id":"https:\/\/www.rkmega.com\/#organization","name":"RKMEGA","url":"https:\/\/www.rkmega.com\/","logo":{"@type":"ImageObject","inLanguage":"es","@id":"https:\/\/www.rkmega.com\/#\/schema\/logo\/image\/","url":"https:\/\/www.rkmega.com\/wp-content\/uploads\/2024\/12\/cropped-LOGO180X60-2.png","contentUrl":"https:\/\/www.rkmega.com\/wp-content\/uploads\/2024\/12\/cropped-LOGO180X60-2.png","width":180,"height":60,"caption":"RKMEGA"},"image":{"@id":"https:\/\/www.rkmega.com\/#\/schema\/logo\/image\/"}}]}},"_links":{"self":[{"href":"https:\/\/www.rkmega.com\/es\/wp-json\/wp\/v2\/product\/5729","targetHints":{"allow":["GET"]}}],"collection":[{"href":"https:\/\/www.rkmega.com\/es\/wp-json\/wp\/v2\/product"}],"about":[{"href":"https:\/\/www.rkmega.com\/es\/wp-json\/wp\/v2\/types\/product"}],"replies":[{"embeddable":true,"href":"https:\/\/www.rkmega.com\/es\/wp-json\/wp\/v2\/comments?post=5729"}],"version-history":[{"count":2,"href":"https:\/\/www.rkmega.com\/es\/wp-json\/wp\/v2\/product\/5729\/revisions"}],"predecessor-version":[{"id":6262,"href":"https:\/\/www.rkmega.com\/es\/wp-json\/wp\/v2\/product\/5729\/revisions\/6262"}],"wp:featuredmedia":[{"embeddable":true,"href":"https:\/\/www.rkmega.com\/es\/wp-json\/wp\/v2\/media\/5730"}],"wp:attachment":[{"href":"https:\/\/www.rkmega.com\/es\/wp-json\/wp\/v2\/media?parent=5729"}],"wp:term":[{"taxonomy":"product_cat","embeddable":true,"href":"https:\/\/www.rkmega.com\/es\/wp-json\/wp\/v2\/product_cat?post=5729"},{"taxonomy":"product_tag","embeddable":true,"href":"https:\/\/www.rkmega.com\/es\/wp-json\/wp\/v2\/product_tag?post=5729"}],"curies":[{"name":"wp","href":"https:\/\/api.w.org\/{rel}","templated":true}]}}