{"id":5732,"date":"2024-12-31T15:41:36","date_gmt":"2024-12-31T07:41:36","guid":{"rendered":"https:\/\/www.rkmega.com\/?post_type=product&#038;p=5732"},"modified":"2025-04-23T18:02:35","modified_gmt":"2025-04-23T10:02:35","slug":"rk-300d","status":"publish","type":"product","link":"https:\/\/www.rkmega.com\/es\/producto\/rk-300d\/","title":{"rendered":"Modelo RK-300D"},"content":{"rendered":"<table>\n<tbody>\n<tr>\n<td><strong><b>Nombre del par\u00e1metro<\/b><\/strong><\/td>\n<td><strong><b>Par\u00e1metro Valor<\/b><\/strong><\/td>\n<\/tr>\n<tr>\n<td>Norma de cumplimiento<\/td>\n<td>Norma internacional IEC 60065<\/td>\n<\/tr>\n<tr>\n<td>Capacidad del sistema<\/td>\n<td>20 unidades por canal, ampliable a 76.800 unidades<\/td>\n<\/tr>\n<tr>\n<td>Tipo de micr\u00f3fono<\/td>\n<td>Patr\u00f3n polar cardioide electret, diafragma chapado en oro de 2*14 mm<\/td>\n<\/tr>\n<tr>\n<td>Respuesta en frecuencia<\/td>\n<td>20Hz~20KHz<\/td>\n<\/tr>\n<tr>\n<td>Relaci\u00f3n se\u00f1al\/ruido<\/td>\n<td>&gt;90 dB<\/td>\n<\/tr>\n<tr>\n<td>Rango din\u00e1mico<\/td>\n<td>&gt;98dB<\/td>\n<\/tr>\n<tr>\n<td>Distorsi\u00f3n arm\u00f3nica total<\/td>\n<td>&lt;0,05%<\/td>\n<\/tr>\n<tr>\n<td>Sensibilidad del micr\u00f3fono<\/td>\n<td>-35dB\u00b12dB<\/td>\n<\/tr>\n<tr>\n<td>Tensi\u00f3n de funcionamiento<\/td>\n<td>24V CC\u00b15%<\/td>\n<\/tr>\n<tr>\n<td>Corriente de funcionamiento<\/td>\n<td>100mA\u00b15%<\/td>\n<\/tr>\n<tr>\n<td>M\u00e9todo de conexi\u00f3n<\/td>\n<td>Cabezal tipo T, conexi\u00f3n en cadena<\/td>\n<\/tr>\n<tr>\n<td>Conector<\/td>\n<td>Puerto grande de 8 patillas (o puerto de red)<\/td>\n<\/tr>\n<tr>\n<td>N\u00famero de unidades activadas<\/td>\n<td>1\/2\/3\/4\/5\/6\/7\/8\/9 o todos<\/td>\n<\/tr>\n<tr>\n<td>Funci\u00f3n de numeraci\u00f3n<\/td>\n<td>Numeraci\u00f3n de identificaci\u00f3n personalizable<\/td>\n<\/tr>\n<tr>\n<td>Unidad Consumo<\/td>\n<td>2W<\/td>\n<\/tr>\n<tr>\n<td>Ruido equivalente<\/td>\n<td>20dBA (SPL)<\/td>\n<\/tr>\n<tr>\n<td>Nivel m\u00e1ximo de presi\u00f3n sonora<\/td>\n<td>125 dB (THD&lt;3%)<\/td>\n<\/tr>\n<tr>\n<td>Interfaz de salida de auriculares<\/td>\n<td>Clavija est\u00e9reo de 3,5 mm<\/td>\n<\/tr>\n<tr>\n<td>Carga de auriculares<\/td>\n<td>&gt;16\u03a9<\/td>\n<\/tr>\n<tr>\n<td>Volumen de los auriculares<\/td>\n<td>10mW<\/td>\n<\/tr>\n<tr>\n<td>Mostrar<\/td>\n<td>Pantalla t\u00e1ctil LCD de 3,5\u2033 y panel de cristal t\u00e1ctil<\/td>\n<\/tr>\n<tr>\n<td>N\u00famero de unidades de presidente<\/td>\n<td>150 unidades<\/td>\n<\/tr>\n<tr>\n<td>N\u00famero de Unidades VIP<\/td>\n<td>150 unidades<\/td>\n<\/tr>\n<tr>\n<td>Color<\/td>\n<td>Negro<\/td>\n<\/tr>\n<tr>\n<td>Peso<\/td>\n<td>1,05Kg<\/td>\n<\/tr>\n<tr>\n<td>Dimensiones<\/td>\n<td>130x100x55mm (excluyendo la barra del micr\u00f3fono)<\/td>\n<\/tr>\n<tr>\n<td>M\u00e9todo de instalaci\u00f3n<\/td>\n<td>De sobremesa<\/td>\n<\/tr>\n<\/tbody>\n<\/table>","protected":false},"excerpt":{"rendered":"<p>El pie de micr\u00f3fono est\u00e1 fabricado en aleaci\u00f3n de zinc y aluminio e incorpora dos c\u00e1psulas de condensador de alta fidelidad de 14 mm chapadas en oro. El pie de micr\u00f3fono est\u00e1 dise\u00f1ado con 32.500 orificios de interferencia de sonido de alta densidad con un di\u00e1metro de 0,4 mm, lo que proporciona una distancia de captaci\u00f3n efectiva de 60-100 cm. Est\u00e1 equipado con una pantalla t\u00e1ctil LCD de alta definici\u00f3n de 3,5 pulgadas totalmente laminada que puede mostrar logotipos de la unidad, informaci\u00f3n sobre los participantes, tiempo de uso de la palabra, servicios de conferencia, calendario perpetuo y datos de votaci\u00f3n. La unidad es resistente al agua y al polvo, y dispone de un temporizador de uso de la palabra y de una funci\u00f3n de uso de la palabra cronometrado, que admite la visualizaci\u00f3n din\u00e1mica del tiempo de uso de la palabra y permite establecer una cuenta atr\u00e1s para el tiempo de uso de la palabra. Dispone de tres indicadores de color: rojo para el habla normal, verde para el habla de la unidad VIP y amarillo para el estado numerado. Dispone de una toma de auriculares de 3,5 mm que permite ajustar el volumen de escucha a las preferencias individuales.<\/p>","protected":false},"featured_media":5733,"comment_status":"open","ping_status":"closed","template":"","meta":{"site-sidebar-layout":"default","site-content-layout":"","ast-site-content-layout":"default","site-content-style":"default","site-sidebar-style":"default","ast-global-header-display":"","ast-banner-title-visibility":"","ast-main-header-display":"","ast-hfb-above-header-display":"","ast-hfb-below-header-display":"","ast-hfb-mobile-header-display":"","site-post-title":"","ast-breadcrumbs-content":"","ast-featured-img":"","footer-sml-layout":"","theme-transparent-header-meta":"default","adv-header-id-meta":"","stick-header-meta":"","header-above-stick-meta":"","header-main-stick-meta":"","header-below-stick-meta":"","astra-migrate-meta-layouts":"set","ast-page-background-enabled":"default","ast-page-background-meta":{"desktop":{"background-color":"","background-image":"","background-repeat":"repeat","background-position":"center center","background-size":"auto","background-attachment":"scroll","background-type":"","background-media":"","overlay-type":"","overlay-color":"","overlay-opacity":"","overlay-gradient":""},"tablet":{"background-color":"","background-image":"","background-repeat":"repeat","background-position":"center center","background-size":"auto","background-attachment":"scroll","background-type":"","background-media":"","overlay-type":"","overlay-color":"","overlay-opacity":"","overlay-gradient":""},"mobile":{"background-color":"","background-image":"","background-repeat":"repeat","background-position":"center center","background-size":"auto","background-attachment":"scroll","background-type":"","background-media":"","overlay-type":"","overlay-color":"","overlay-opacity":"","overlay-gradient":""}},"ast-content-background-meta":{"desktop":{"background-color":"var(--ast-global-color-5)","background-image":"","background-repeat":"repeat","background-position":"center center","background-size":"auto","background-attachment":"scroll","background-type":"","background-media":"","overlay-type":"","overlay-color":"","overlay-opacity":"","overlay-gradient":""},"tablet":{"background-color":"var(--ast-global-color-5)","background-image":"","background-repeat":"repeat","background-position":"center center","background-size":"auto","background-attachment":"scroll","background-type":"","background-media":"","overlay-type":"","overlay-color":"","overlay-opacity":"","overlay-gradient":""},"mobile":{"background-color":"var(--ast-global-color-5)","background-image":"","background-repeat":"repeat","background-position":"center center","background-size":"auto","background-attachment":"scroll","background-type":"","background-media":"","overlay-type":"","overlay-color":"","overlay-opacity":"","overlay-gradient":""}}},"product_cat":[85],"product_tag":[],"class_list":{"0":"post-5732","1":"product","2":"type-product","3":"status-publish","4":"has-post-thumbnail","6":"product_cat-conference-unit","7":"desktop-align-left","8":"tablet-align-left","9":"mobile-align-left","11":"first","12":"instock","13":"shipping-taxable","14":"product-type-simple"},"yoast_head":"<!-- This site is optimized with the Yoast SEO plugin v24.9 - https:\/\/yoast.com\/wordpress\/plugins\/seo\/ -->\n<title>Model: RK-300D - LED Solution Provider | OEM&amp;ODM | 15+ Years<\/title>\n<meta name=\"robots\" content=\"index, follow, max-snippet:-1, max-image-preview:large, max-video-preview:-1\" \/>\n<link rel=\"canonical\" href=\"https:\/\/www.rkmega.com\/es\/producto\/rk-300d\/\" \/>\n<meta property=\"og:locale\" content=\"es_ES\" \/>\n<meta property=\"og:type\" content=\"article\" \/>\n<meta property=\"og:title\" content=\"Model: RK-300D - LED Solution Provider | OEM&amp;ODM | 15+ Years\" \/>\n<meta property=\"og:description\" content=\"The microphone stand is made of zinc-aluminum alloy and features two 14mm high-fidelity gold-plated condenser capsules. The microphone stand is designed with 32,500 high-density sound interference holes with a diameter of 0.4mm, providing an effective pickup distance of 60-100cm. It is equipped with a 3.5-inch high-definition LCD fully laminated touchscreen that can display unit logos, participant information, speaking time, conference services, perpetual calendar, and voting data. The unit is waterproof and dustproof, with a speaking timer and timed speaking function, supporting dynamic display of speaking time, and allowing for the setting of a countdown for speaking time. It features three color indicators: red for normal speaking, green for VIP unit speaking, and yellow for numbered status. There is one 3.5mm headphone jack, allowing for the adjustment of the listening volume to suit individual preferences.\" \/>\n<meta property=\"og:url\" content=\"https:\/\/www.rkmega.com\/es\/producto\/rk-300d\/\" \/>\n<meta property=\"og:site_name\" content=\"LED Solution Provider | OEM&amp;ODM | 15+ Years\" \/>\n<meta property=\"article:modified_time\" content=\"2025-04-23T10:02:35+00:00\" \/>\n<meta property=\"og:image\" content=\"https:\/\/www.rkmega.com\/wp-content\/uploads\/2024\/12\/Dual-Capsule-Touchscreen-Unit-RK-300D-.jpg\" \/>\n\t<meta property=\"og:image:width\" content=\"1600\" \/>\n\t<meta property=\"og:image:height\" content=\"1200\" \/>\n\t<meta property=\"og:image:type\" content=\"image\/jpeg\" \/>\n<meta name=\"twitter:card\" content=\"summary_large_image\" \/>\n<meta name=\"twitter:label1\" content=\"Tiempo de lectura\" \/>\n\t<meta name=\"twitter:data1\" content=\"1 minuto\" \/>\n<script type=\"application\/ld+json\" class=\"yoast-schema-graph\">{\"@context\":\"https:\/\/schema.org\",\"@graph\":[{\"@type\":\"WebPage\",\"@id\":\"https:\/\/www.rkmega.com\/product\/rk-300d\/\",\"url\":\"https:\/\/www.rkmega.com\/product\/rk-300d\/\",\"name\":\"Model: RK-300D - LED Solution Provider | OEM&amp;ODM | 15+ Years\",\"isPartOf\":{\"@id\":\"https:\/\/www.rkmega.com\/#website\"},\"primaryImageOfPage\":{\"@id\":\"https:\/\/www.rkmega.com\/product\/rk-300d\/#primaryimage\"},\"image\":{\"@id\":\"https:\/\/www.rkmega.com\/product\/rk-300d\/#primaryimage\"},\"thumbnailUrl\":\"https:\/\/www.rkmega.com\/wp-content\/uploads\/2024\/12\/Dual-Capsule-Touchscreen-Unit-RK-300D-.jpg\",\"datePublished\":\"2024-12-31T07:41:36+00:00\",\"dateModified\":\"2025-04-23T10:02:35+00:00\",\"breadcrumb\":{\"@id\":\"https:\/\/www.rkmega.com\/product\/rk-300d\/#breadcrumb\"},\"inLanguage\":\"es\",\"potentialAction\":[{\"@type\":\"ReadAction\",\"target\":[\"https:\/\/www.rkmega.com\/product\/rk-300d\/\"]}]},{\"@type\":\"ImageObject\",\"inLanguage\":\"es\",\"@id\":\"https:\/\/www.rkmega.com\/product\/rk-300d\/#primaryimage\",\"url\":\"https:\/\/www.rkmega.com\/wp-content\/uploads\/2024\/12\/Dual-Capsule-Touchscreen-Unit-RK-300D-.jpg\",\"contentUrl\":\"https:\/\/www.rkmega.com\/wp-content\/uploads\/2024\/12\/Dual-Capsule-Touchscreen-Unit-RK-300D-.jpg\",\"width\":1600,\"height\":1200},{\"@type\":\"BreadcrumbList\",\"@id\":\"https:\/\/www.rkmega.com\/product\/rk-300d\/#breadcrumb\",\"itemListElement\":[{\"@type\":\"ListItem\",\"position\":1,\"name\":\"Home\",\"item\":\"https:\/\/www.rkmega.com\/\"},{\"@type\":\"ListItem\",\"position\":2,\"name\":\"Store\",\"item\":\"https:\/\/www.rkmega.com\/store\/\"},{\"@type\":\"ListItem\",\"position\":3,\"name\":\"Model: RK-300D\"}]},{\"@type\":\"WebSite\",\"@id\":\"https:\/\/www.rkmega.com\/#website\",\"url\":\"https:\/\/www.rkmega.com\/\",\"name\":\"LED DISPLAY\",\"description\":\"\",\"publisher\":{\"@id\":\"https:\/\/www.rkmega.com\/#organization\"},\"potentialAction\":[{\"@type\":\"SearchAction\",\"target\":{\"@type\":\"EntryPoint\",\"urlTemplate\":\"https:\/\/www.rkmega.com\/?s={search_term_string}\"},\"query-input\":{\"@type\":\"PropertyValueSpecification\",\"valueRequired\":true,\"valueName\":\"search_term_string\"}}],\"inLanguage\":\"es\"},{\"@type\":\"Organization\",\"@id\":\"https:\/\/www.rkmega.com\/#organization\",\"name\":\"RKMEGA\",\"url\":\"https:\/\/www.rkmega.com\/\",\"logo\":{\"@type\":\"ImageObject\",\"inLanguage\":\"es\",\"@id\":\"https:\/\/www.rkmega.com\/#\/schema\/logo\/image\/\",\"url\":\"https:\/\/www.rkmega.com\/wp-content\/uploads\/2024\/12\/cropped-LOGO180X60-2.png\",\"contentUrl\":\"https:\/\/www.rkmega.com\/wp-content\/uploads\/2024\/12\/cropped-LOGO180X60-2.png\",\"width\":180,\"height\":60,\"caption\":\"RKMEGA\"},\"image\":{\"@id\":\"https:\/\/www.rkmega.com\/#\/schema\/logo\/image\/\"}}]}<\/script>\n<!-- \/ Yoast SEO plugin. -->","yoast_head_json":{"title":"Model: RK-300D - LED Solution Provider | OEM&amp;ODM | 15+ Years","robots":{"index":"index","follow":"follow","max-snippet":"max-snippet:-1","max-image-preview":"max-image-preview:large","max-video-preview":"max-video-preview:-1"},"canonical":"https:\/\/www.rkmega.com\/es\/producto\/rk-300d\/","og_locale":"es_ES","og_type":"article","og_title":"Model: RK-300D - LED Solution Provider | OEM&amp;ODM | 15+ Years","og_description":"The microphone stand is made of zinc-aluminum alloy and features two 14mm high-fidelity gold-plated condenser capsules. The microphone stand is designed with 32,500 high-density sound interference holes with a diameter of 0.4mm, providing an effective pickup distance of 60-100cm. It is equipped with a 3.5-inch high-definition LCD fully laminated touchscreen that can display unit logos, participant information, speaking time, conference services, perpetual calendar, and voting data. The unit is waterproof and dustproof, with a speaking timer and timed speaking function, supporting dynamic display of speaking time, and allowing for the setting of a countdown for speaking time. It features three color indicators: red for normal speaking, green for VIP unit speaking, and yellow for numbered status. There is one 3.5mm headphone jack, allowing for the adjustment of the listening volume to suit individual preferences.","og_url":"https:\/\/www.rkmega.com\/es\/producto\/rk-300d\/","og_site_name":"LED Solution Provider | OEM&amp;ODM | 15+ Years","article_modified_time":"2025-04-23T10:02:35+00:00","og_image":[{"width":1600,"height":1200,"url":"https:\/\/www.rkmega.com\/wp-content\/uploads\/2024\/12\/Dual-Capsule-Touchscreen-Unit-RK-300D-.jpg","type":"image\/jpeg"}],"twitter_card":"summary_large_image","twitter_misc":{"Tiempo de lectura":"1 minuto"},"schema":{"@context":"https:\/\/schema.org","@graph":[{"@type":"WebPage","@id":"https:\/\/www.rkmega.com\/product\/rk-300d\/","url":"https:\/\/www.rkmega.com\/product\/rk-300d\/","name":"Model: RK-300D - LED Solution Provider | OEM&amp;ODM | 15+ Years","isPartOf":{"@id":"https:\/\/www.rkmega.com\/#website"},"primaryImageOfPage":{"@id":"https:\/\/www.rkmega.com\/product\/rk-300d\/#primaryimage"},"image":{"@id":"https:\/\/www.rkmega.com\/product\/rk-300d\/#primaryimage"},"thumbnailUrl":"https:\/\/www.rkmega.com\/wp-content\/uploads\/2024\/12\/Dual-Capsule-Touchscreen-Unit-RK-300D-.jpg","datePublished":"2024-12-31T07:41:36+00:00","dateModified":"2025-04-23T10:02:35+00:00","breadcrumb":{"@id":"https:\/\/www.rkmega.com\/product\/rk-300d\/#breadcrumb"},"inLanguage":"es","potentialAction":[{"@type":"ReadAction","target":["https:\/\/www.rkmega.com\/product\/rk-300d\/"]}]},{"@type":"ImageObject","inLanguage":"es","@id":"https:\/\/www.rkmega.com\/product\/rk-300d\/#primaryimage","url":"https:\/\/www.rkmega.com\/wp-content\/uploads\/2024\/12\/Dual-Capsule-Touchscreen-Unit-RK-300D-.jpg","contentUrl":"https:\/\/www.rkmega.com\/wp-content\/uploads\/2024\/12\/Dual-Capsule-Touchscreen-Unit-RK-300D-.jpg","width":1600,"height":1200},{"@type":"BreadcrumbList","@id":"https:\/\/www.rkmega.com\/product\/rk-300d\/#breadcrumb","itemListElement":[{"@type":"ListItem","position":1,"name":"Home","item":"https:\/\/www.rkmega.com\/"},{"@type":"ListItem","position":2,"name":"Store","item":"https:\/\/www.rkmega.com\/store\/"},{"@type":"ListItem","position":3,"name":"Model: RK-300D"}]},{"@type":"WebSite","@id":"https:\/\/www.rkmega.com\/#website","url":"https:\/\/www.rkmega.com\/","name":"LED DISPLAY","description":"","publisher":{"@id":"https:\/\/www.rkmega.com\/#organization"},"potentialAction":[{"@type":"SearchAction","target":{"@type":"EntryPoint","urlTemplate":"https:\/\/www.rkmega.com\/?s={search_term_string}"},"query-input":{"@type":"PropertyValueSpecification","valueRequired":true,"valueName":"search_term_string"}}],"inLanguage":"es"},{"@type":"Organization","@id":"https:\/\/www.rkmega.com\/#organization","name":"RKMEGA","url":"https:\/\/www.rkmega.com\/","logo":{"@type":"ImageObject","inLanguage":"es","@id":"https:\/\/www.rkmega.com\/#\/schema\/logo\/image\/","url":"https:\/\/www.rkmega.com\/wp-content\/uploads\/2024\/12\/cropped-LOGO180X60-2.png","contentUrl":"https:\/\/www.rkmega.com\/wp-content\/uploads\/2024\/12\/cropped-LOGO180X60-2.png","width":180,"height":60,"caption":"RKMEGA"},"image":{"@id":"https:\/\/www.rkmega.com\/#\/schema\/logo\/image\/"}}]}},"_links":{"self":[{"href":"https:\/\/www.rkmega.com\/es\/wp-json\/wp\/v2\/product\/5732","targetHints":{"allow":["GET"]}}],"collection":[{"href":"https:\/\/www.rkmega.com\/es\/wp-json\/wp\/v2\/product"}],"about":[{"href":"https:\/\/www.rkmega.com\/es\/wp-json\/wp\/v2\/types\/product"}],"replies":[{"embeddable":true,"href":"https:\/\/www.rkmega.com\/es\/wp-json\/wp\/v2\/comments?post=5732"}],"version-history":[{"count":2,"href":"https:\/\/www.rkmega.com\/es\/wp-json\/wp\/v2\/product\/5732\/revisions"}],"predecessor-version":[{"id":6261,"href":"https:\/\/www.rkmega.com\/es\/wp-json\/wp\/v2\/product\/5732\/revisions\/6261"}],"wp:featuredmedia":[{"embeddable":true,"href":"https:\/\/www.rkmega.com\/es\/wp-json\/wp\/v2\/media\/5733"}],"wp:attachment":[{"href":"https:\/\/www.rkmega.com\/es\/wp-json\/wp\/v2\/media?parent=5732"}],"wp:term":[{"taxonomy":"product_cat","embeddable":true,"href":"https:\/\/www.rkmega.com\/es\/wp-json\/wp\/v2\/product_cat?post=5732"},{"taxonomy":"product_tag","embeddable":true,"href":"https:\/\/www.rkmega.com\/es\/wp-json\/wp\/v2\/product_tag?post=5732"}],"curies":[{"name":"wp","href":"https:\/\/api.w.org\/{rel}","templated":true}]}}