{"id":5735,"date":"2024-12-31T15:43:05","date_gmt":"2024-12-31T07:43:05","guid":{"rendered":"https:\/\/www.rkmega.com\/?post_type=product&#038;p=5735"},"modified":"2025-04-23T18:02:08","modified_gmt":"2025-04-23T10:02:08","slug":"rk-500d","status":"publish","type":"product","link":"https:\/\/www.rkmega.com\/es\/producto\/rk-500d\/","title":{"rendered":"Modelo RK-500D"},"content":{"rendered":"<table>\n<tbody>\n<tr>\n<td><strong><b>Nombre del par\u00e1metro<\/b><\/strong><\/td>\n<td><strong><b>Par\u00e1metro Valor<\/b><\/strong><\/td>\n<\/tr>\n<tr>\n<td>Norma de cumplimiento<\/td>\n<td>Norma internacional IEC 60065<\/td>\n<\/tr>\n<tr>\n<td>Capacidad del sistema<\/td>\n<td>20 unidades por canal, ampliable a 76.800 unidades<\/td>\n<\/tr>\n<tr>\n<td>Tipo de micr\u00f3fono<\/td>\n<td>Diafragma chapado en oro de 9,7 mm<\/td>\n<\/tr>\n<tr>\n<td>Pantalla de visualizaci\u00f3n<\/td>\n<td>Pantalla LCD de 2\u2033.<\/td>\n<\/tr>\n<tr>\n<td>Respuesta en frecuencia<\/td>\n<td>20Hz~20KHz<\/td>\n<\/tr>\n<tr>\n<td>Relaci\u00f3n se\u00f1al\/ruido<\/td>\n<td>&gt;90 dB<\/td>\n<\/tr>\n<tr>\n<td>Rango din\u00e1mico<\/td>\n<td>96 dB<\/td>\n<\/tr>\n<tr>\n<td>Distorsi\u00f3n arm\u00f3nica total<\/td>\n<td>&lt;0,05%<\/td>\n<\/tr>\n<tr>\n<td>Sensibilidad del micr\u00f3fono<\/td>\n<td>-37dB\u00b12dB<\/td>\n<\/tr>\n<tr>\n<td>Tensi\u00f3n de funcionamiento<\/td>\n<td>24V CC\u00b15%<\/td>\n<\/tr>\n<tr>\n<td>Corriente de funcionamiento<\/td>\n<td>60mA\u00b15%<\/td>\n<\/tr>\n<tr>\n<td>M\u00e9todo de conexi\u00f3n<\/td>\n<td>Caja de distribuci\u00f3n, conector tipo T, conexi\u00f3n en cadena<\/td>\n<\/tr>\n<tr>\n<td>Conector<\/td>\n<td>Puerto grande de 8 patillas (o puerto de red)<\/td>\n<\/tr>\n<tr>\n<td>N\u00famero de unidades activadas<\/td>\n<td>1\/2\/3\/4\/5\/6\/7\/8\/9 o todos<\/td>\n<\/tr>\n<tr>\n<td>Funci\u00f3n de numeraci\u00f3n<\/td>\n<td>Numeraci\u00f3n de identificaci\u00f3n personalizable<\/td>\n<\/tr>\n<tr>\n<td>Unidad Consumo<\/td>\n<td>2W<\/td>\n<\/tr>\n<tr>\n<td>Ruido equivalente<\/td>\n<td>20dBA (SPL)<\/td>\n<\/tr>\n<tr>\n<td>Nivel m\u00e1ximo de presi\u00f3n sonora<\/td>\n<td>125 dB (THD&lt;3%)<\/td>\n<\/tr>\n<tr>\n<td>Interfaz de salida de auriculares<\/td>\n<td>Clavija est\u00e9reo de 3,5 mm<\/td>\n<\/tr>\n<tr>\n<td>Carga de auriculares<\/td>\n<td>&gt;16\u03a9<\/td>\n<\/tr>\n<tr>\n<td>Volumen de los auriculares<\/td>\n<td>10mW<\/td>\n<\/tr>\n<tr>\n<td>N\u00famero de unidades de presidente<\/td>\n<td>150 unidades<\/td>\n<\/tr>\n<tr>\n<td>N\u00famero de Unidades VIP<\/td>\n<td>150 unidades<\/td>\n<\/tr>\n<tr>\n<td>Color<\/td>\n<td>Gris (con panel de cristal negro)<\/td>\n<\/tr>\n<tr>\n<td>Peso<\/td>\n<td>0,75 kg<\/td>\n<\/tr>\n<tr>\n<td>Dimensiones<\/td>\n<td>166x125x52mm (excluida la barra del micr\u00f3fono)<\/td>\n<\/tr>\n<tr>\n<td>M\u00e9todo de instalaci\u00f3n<\/td>\n<td>De sobremesa<\/td>\n<\/tr>\n<\/tbody>\n<\/table>","protected":false},"excerpt":{"rendered":"<p>El sistema cuenta con un temporizador y una funci\u00f3n de habla temporizada, que permite la visualizaci\u00f3n din\u00e1mica del tiempo de habla y la configuraci\u00f3n de una cuenta atr\u00e1s para el tiempo de habla. La respuesta en frecuencia puede alcanzar 20 Hz-20 kHz. Dispone de tres indicadores de color: rojo para habla normal, verde para habla de unidad VIP y amarillo para estado numerado. Admite la conexi\u00f3n en cadena y ofrece ocho modos de reuni\u00f3n: limitaci\u00f3n cuantitativa, primero en entrar, primero en salir, \u00faltimo en entrar, permiso del presidente (solicitud de palabra), inicio activado por voz, palabra con l\u00edmite de tiempo, palabra en cola y debate libre.<\/p>\n<p>El l\u00edmite del n\u00famero de oradores es 1\/2\/3\/4\/5\/6\/7\/8\/9, sin l\u00edmite para presidentes y VIP, y sin l\u00edmite en el modo de debate libre, lo que permite que todos se activen. Utiliza direccionamiento por ID digital. Admite seguimiento por v\u00eddeo y puede conectarse a 150 unidades de presidente, con un modo de presidente dedicado y tres niveles de derechos de acceso. Admite la aplicaci\u00f3n en l\u00ednea para modificar las identidades de las unidades, lo que permite reconfigurar y asignar identidades de presidente, VIP y delegado.<\/p>\n<p>El sistema cuenta con una funci\u00f3n de detecci\u00f3n autom\u00e1tica que puede identificar el n\u00famero de unidades de presidente, VIP y delegado en l\u00ednea, lo que proporciona una visi\u00f3n clara del estado operativo del sistema. Tambi\u00e9n dispone de una funci\u00f3n de \"intercambio en caliente\" con alimentaci\u00f3n en la l\u00ednea, que admite la detecci\u00f3n autom\u00e1tica de fallos y su r\u00e1pida localizaci\u00f3n sin afectar al funcionamiento de otros dispositivos.<\/p>","protected":false},"featured_media":5736,"comment_status":"open","ping_status":"closed","template":"","meta":{"site-sidebar-layout":"default","site-content-layout":"","ast-site-content-layout":"default","site-content-style":"default","site-sidebar-style":"default","ast-global-header-display":"","ast-banner-title-visibility":"","ast-main-header-display":"","ast-hfb-above-header-display":"","ast-hfb-below-header-display":"","ast-hfb-mobile-header-display":"","site-post-title":"","ast-breadcrumbs-content":"","ast-featured-img":"","footer-sml-layout":"","theme-transparent-header-meta":"default","adv-header-id-meta":"","stick-header-meta":"","header-above-stick-meta":"","header-main-stick-meta":"","header-below-stick-meta":"","astra-migrate-meta-layouts":"set","ast-page-background-enabled":"default","ast-page-background-meta":{"desktop":{"background-color":"","background-image":"","background-repeat":"repeat","background-position":"center center","background-size":"auto","background-attachment":"scroll","background-type":"","background-media":"","overlay-type":"","overlay-color":"","overlay-opacity":"","overlay-gradient":""},"tablet":{"background-color":"","background-image":"","background-repeat":"repeat","background-position":"center center","background-size":"auto","background-attachment":"scroll","background-type":"","background-media":"","overlay-type":"","overlay-color":"","overlay-opacity":"","overlay-gradient":""},"mobile":{"background-color":"","background-image":"","background-repeat":"repeat","background-position":"center center","background-size":"auto","background-attachment":"scroll","background-type":"","background-media":"","overlay-type":"","overlay-color":"","overlay-opacity":"","overlay-gradient":""}},"ast-content-background-meta":{"desktop":{"background-color":"var(--ast-global-color-5)","background-image":"","background-repeat":"repeat","background-position":"center center","background-size":"auto","background-attachment":"scroll","background-type":"","background-media":"","overlay-type":"","overlay-color":"","overlay-opacity":"","overlay-gradient":""},"tablet":{"background-color":"var(--ast-global-color-5)","background-image":"","background-repeat":"repeat","background-position":"center center","background-size":"auto","background-attachment":"scroll","background-type":"","background-media":"","overlay-type":"","overlay-color":"","overlay-opacity":"","overlay-gradient":""},"mobile":{"background-color":"var(--ast-global-color-5)","background-image":"","background-repeat":"repeat","background-position":"center center","background-size":"auto","background-attachment":"scroll","background-type":"","background-media":"","overlay-type":"","overlay-color":"","overlay-opacity":"","overlay-gradient":""}}},"product_cat":[15],"product_tag":[],"class_list":{"0":"post-5735","1":"product","2":"type-product","3":"status-publish","4":"has-post-thumbnail","6":"product_cat-product","7":"desktop-align-left","8":"tablet-align-left","9":"mobile-align-left","11":"first","12":"instock","13":"shipping-taxable","14":"product-type-simple"},"yoast_head":"<!-- This site is optimized with the Yoast SEO plugin v24.9 - https:\/\/yoast.com\/wordpress\/plugins\/seo\/ -->\n<title>Model: RK-500D - LED Solution Provider | OEM&amp;ODM | 15+ Years<\/title>\n<meta name=\"robots\" content=\"index, follow, max-snippet:-1, max-image-preview:large, max-video-preview:-1\" \/>\n<link rel=\"canonical\" href=\"https:\/\/www.rkmega.com\/es\/producto\/rk-500d\/\" \/>\n<meta property=\"og:locale\" content=\"es_ES\" \/>\n<meta property=\"og:type\" content=\"article\" \/>\n<meta property=\"og:title\" content=\"Model: RK-500D - LED Solution Provider | OEM&amp;ODM | 15+ Years\" \/>\n<meta property=\"og:description\" content=\"The system features a speaking timer and timed speaking function, supporting dynamic display of speaking time, and allowing for the setting of a countdown for speaking time. The frequency response can reach 20Hz-20KHz. It has three color indicators: red for normal speaking, green for VIP unit speaking, and yellow for numbered status. It supports &quot;daisy-chain&quot; connection and offers eight meeting modes including quantity limitation, first-in-first-out, last-in-first-out, chairperson permission (application to speak), voice-activated start, time-limited speaking, queued speaking, and free discussion.  The limit on the number of speakers is 1\/2\/3\/4\/5\/6\/7\/8\/9, with no limit for chairpersons and VIPs, and no limit in free discussion mode, allowing all to be activated. It uses digital ID addressing. It supports video tracking and can connect to 150 chairperson units, with a dedicated chairperson mode and three levels of access rights. It supports online application to modify unit identities, allowing for the reconfiguration and allocation of chairperson, VIP, and delegate identities.  The system has an automatic detection function that can identify the number of online chairperson, VIP, and delegate units, providing a clear view of the system&#039;s operational status. It also has a &quot;hot swapping&quot; feature with power on the line, supporting automatic fault detection and rapid location without affecting the operation of other devices.\" \/>\n<meta property=\"og:url\" content=\"https:\/\/www.rkmega.com\/es\/producto\/rk-500d\/\" \/>\n<meta property=\"og:site_name\" content=\"LED Solution Provider | OEM&amp;ODM | 15+ Years\" \/>\n<meta property=\"article:modified_time\" content=\"2025-04-23T10:02:08+00:00\" \/>\n<meta property=\"og:image\" content=\"https:\/\/www.rkmega.com\/wp-content\/uploads\/2024\/12\/Dual-Capsule-Touchscreen-Unit-RK-500D-.jpg\" \/>\n\t<meta property=\"og:image:width\" content=\"1600\" \/>\n\t<meta property=\"og:image:height\" content=\"1200\" \/>\n\t<meta property=\"og:image:type\" content=\"image\/jpeg\" \/>\n<meta name=\"twitter:card\" content=\"summary_large_image\" \/>\n<meta name=\"twitter:label1\" content=\"Tiempo de lectura\" \/>\n\t<meta name=\"twitter:data1\" content=\"1 minuto\" \/>\n<script type=\"application\/ld+json\" class=\"yoast-schema-graph\">{\"@context\":\"https:\/\/schema.org\",\"@graph\":[{\"@type\":\"WebPage\",\"@id\":\"https:\/\/www.rkmega.com\/product\/rk-500d\/\",\"url\":\"https:\/\/www.rkmega.com\/product\/rk-500d\/\",\"name\":\"Model: RK-500D - LED Solution Provider | OEM&amp;ODM | 15+ Years\",\"isPartOf\":{\"@id\":\"https:\/\/www.rkmega.com\/#website\"},\"primaryImageOfPage\":{\"@id\":\"https:\/\/www.rkmega.com\/product\/rk-500d\/#primaryimage\"},\"image\":{\"@id\":\"https:\/\/www.rkmega.com\/product\/rk-500d\/#primaryimage\"},\"thumbnailUrl\":\"https:\/\/www.rkmega.com\/wp-content\/uploads\/2024\/12\/Dual-Capsule-Touchscreen-Unit-RK-500D-.jpg\",\"datePublished\":\"2024-12-31T07:43:05+00:00\",\"dateModified\":\"2025-04-23T10:02:08+00:00\",\"breadcrumb\":{\"@id\":\"https:\/\/www.rkmega.com\/product\/rk-500d\/#breadcrumb\"},\"inLanguage\":\"es\",\"potentialAction\":[{\"@type\":\"ReadAction\",\"target\":[\"https:\/\/www.rkmega.com\/product\/rk-500d\/\"]}]},{\"@type\":\"ImageObject\",\"inLanguage\":\"es\",\"@id\":\"https:\/\/www.rkmega.com\/product\/rk-500d\/#primaryimage\",\"url\":\"https:\/\/www.rkmega.com\/wp-content\/uploads\/2024\/12\/Dual-Capsule-Touchscreen-Unit-RK-500D-.jpg\",\"contentUrl\":\"https:\/\/www.rkmega.com\/wp-content\/uploads\/2024\/12\/Dual-Capsule-Touchscreen-Unit-RK-500D-.jpg\",\"width\":1600,\"height\":1200},{\"@type\":\"BreadcrumbList\",\"@id\":\"https:\/\/www.rkmega.com\/product\/rk-500d\/#breadcrumb\",\"itemListElement\":[{\"@type\":\"ListItem\",\"position\":1,\"name\":\"Home\",\"item\":\"https:\/\/www.rkmega.com\/\"},{\"@type\":\"ListItem\",\"position\":2,\"name\":\"Store\",\"item\":\"https:\/\/www.rkmega.com\/store\/\"},{\"@type\":\"ListItem\",\"position\":3,\"name\":\"Model: RK-500D\"}]},{\"@type\":\"WebSite\",\"@id\":\"https:\/\/www.rkmega.com\/#website\",\"url\":\"https:\/\/www.rkmega.com\/\",\"name\":\"LED DISPLAY\",\"description\":\"\",\"publisher\":{\"@id\":\"https:\/\/www.rkmega.com\/#organization\"},\"potentialAction\":[{\"@type\":\"SearchAction\",\"target\":{\"@type\":\"EntryPoint\",\"urlTemplate\":\"https:\/\/www.rkmega.com\/?s={search_term_string}\"},\"query-input\":{\"@type\":\"PropertyValueSpecification\",\"valueRequired\":true,\"valueName\":\"search_term_string\"}}],\"inLanguage\":\"es\"},{\"@type\":\"Organization\",\"@id\":\"https:\/\/www.rkmega.com\/#organization\",\"name\":\"RKMEGA\",\"url\":\"https:\/\/www.rkmega.com\/\",\"logo\":{\"@type\":\"ImageObject\",\"inLanguage\":\"es\",\"@id\":\"https:\/\/www.rkmega.com\/#\/schema\/logo\/image\/\",\"url\":\"https:\/\/www.rkmega.com\/wp-content\/uploads\/2024\/12\/cropped-LOGO180X60-2.png\",\"contentUrl\":\"https:\/\/www.rkmega.com\/wp-content\/uploads\/2024\/12\/cropped-LOGO180X60-2.png\",\"width\":180,\"height\":60,\"caption\":\"RKMEGA\"},\"image\":{\"@id\":\"https:\/\/www.rkmega.com\/#\/schema\/logo\/image\/\"}}]}<\/script>\n<!-- \/ Yoast SEO plugin. -->","yoast_head_json":{"title":"Model: RK-500D - LED Solution Provider | OEM&amp;ODM | 15+ Years","robots":{"index":"index","follow":"follow","max-snippet":"max-snippet:-1","max-image-preview":"max-image-preview:large","max-video-preview":"max-video-preview:-1"},"canonical":"https:\/\/www.rkmega.com\/es\/producto\/rk-500d\/","og_locale":"es_ES","og_type":"article","og_title":"Model: RK-500D - LED Solution Provider | OEM&amp;ODM | 15+ Years","og_description":"The system features a speaking timer and timed speaking function, supporting dynamic display of speaking time, and allowing for the setting of a countdown for speaking time. The frequency response can reach 20Hz-20KHz. It has three color indicators: red for normal speaking, green for VIP unit speaking, and yellow for numbered status. It supports \"daisy-chain\" connection and offers eight meeting modes including quantity limitation, first-in-first-out, last-in-first-out, chairperson permission (application to speak), voice-activated start, time-limited speaking, queued speaking, and free discussion.  The limit on the number of speakers is 1\/2\/3\/4\/5\/6\/7\/8\/9, with no limit for chairpersons and VIPs, and no limit in free discussion mode, allowing all to be activated. It uses digital ID addressing. It supports video tracking and can connect to 150 chairperson units, with a dedicated chairperson mode and three levels of access rights. It supports online application to modify unit identities, allowing for the reconfiguration and allocation of chairperson, VIP, and delegate identities.  The system has an automatic detection function that can identify the number of online chairperson, VIP, and delegate units, providing a clear view of the system's operational status. It also has a \"hot swapping\" feature with power on the line, supporting automatic fault detection and rapid location without affecting the operation of other devices.","og_url":"https:\/\/www.rkmega.com\/es\/producto\/rk-500d\/","og_site_name":"LED Solution Provider | OEM&amp;ODM | 15+ Years","article_modified_time":"2025-04-23T10:02:08+00:00","og_image":[{"width":1600,"height":1200,"url":"https:\/\/www.rkmega.com\/wp-content\/uploads\/2024\/12\/Dual-Capsule-Touchscreen-Unit-RK-500D-.jpg","type":"image\/jpeg"}],"twitter_card":"summary_large_image","twitter_misc":{"Tiempo de lectura":"1 minuto"},"schema":{"@context":"https:\/\/schema.org","@graph":[{"@type":"WebPage","@id":"https:\/\/www.rkmega.com\/product\/rk-500d\/","url":"https:\/\/www.rkmega.com\/product\/rk-500d\/","name":"Model: RK-500D - LED Solution Provider | OEM&amp;ODM | 15+ Years","isPartOf":{"@id":"https:\/\/www.rkmega.com\/#website"},"primaryImageOfPage":{"@id":"https:\/\/www.rkmega.com\/product\/rk-500d\/#primaryimage"},"image":{"@id":"https:\/\/www.rkmega.com\/product\/rk-500d\/#primaryimage"},"thumbnailUrl":"https:\/\/www.rkmega.com\/wp-content\/uploads\/2024\/12\/Dual-Capsule-Touchscreen-Unit-RK-500D-.jpg","datePublished":"2024-12-31T07:43:05+00:00","dateModified":"2025-04-23T10:02:08+00:00","breadcrumb":{"@id":"https:\/\/www.rkmega.com\/product\/rk-500d\/#breadcrumb"},"inLanguage":"es","potentialAction":[{"@type":"ReadAction","target":["https:\/\/www.rkmega.com\/product\/rk-500d\/"]}]},{"@type":"ImageObject","inLanguage":"es","@id":"https:\/\/www.rkmega.com\/product\/rk-500d\/#primaryimage","url":"https:\/\/www.rkmega.com\/wp-content\/uploads\/2024\/12\/Dual-Capsule-Touchscreen-Unit-RK-500D-.jpg","contentUrl":"https:\/\/www.rkmega.com\/wp-content\/uploads\/2024\/12\/Dual-Capsule-Touchscreen-Unit-RK-500D-.jpg","width":1600,"height":1200},{"@type":"BreadcrumbList","@id":"https:\/\/www.rkmega.com\/product\/rk-500d\/#breadcrumb","itemListElement":[{"@type":"ListItem","position":1,"name":"Home","item":"https:\/\/www.rkmega.com\/"},{"@type":"ListItem","position":2,"name":"Store","item":"https:\/\/www.rkmega.com\/store\/"},{"@type":"ListItem","position":3,"name":"Model: RK-500D"}]},{"@type":"WebSite","@id":"https:\/\/www.rkmega.com\/#website","url":"https:\/\/www.rkmega.com\/","name":"LED DISPLAY","description":"","publisher":{"@id":"https:\/\/www.rkmega.com\/#organization"},"potentialAction":[{"@type":"SearchAction","target":{"@type":"EntryPoint","urlTemplate":"https:\/\/www.rkmega.com\/?s={search_term_string}"},"query-input":{"@type":"PropertyValueSpecification","valueRequired":true,"valueName":"search_term_string"}}],"inLanguage":"es"},{"@type":"Organization","@id":"https:\/\/www.rkmega.com\/#organization","name":"RKMEGA","url":"https:\/\/www.rkmega.com\/","logo":{"@type":"ImageObject","inLanguage":"es","@id":"https:\/\/www.rkmega.com\/#\/schema\/logo\/image\/","url":"https:\/\/www.rkmega.com\/wp-content\/uploads\/2024\/12\/cropped-LOGO180X60-2.png","contentUrl":"https:\/\/www.rkmega.com\/wp-content\/uploads\/2024\/12\/cropped-LOGO180X60-2.png","width":180,"height":60,"caption":"RKMEGA"},"image":{"@id":"https:\/\/www.rkmega.com\/#\/schema\/logo\/image\/"}}]}},"_links":{"self":[{"href":"https:\/\/www.rkmega.com\/es\/wp-json\/wp\/v2\/product\/5735","targetHints":{"allow":["GET"]}}],"collection":[{"href":"https:\/\/www.rkmega.com\/es\/wp-json\/wp\/v2\/product"}],"about":[{"href":"https:\/\/www.rkmega.com\/es\/wp-json\/wp\/v2\/types\/product"}],"replies":[{"embeddable":true,"href":"https:\/\/www.rkmega.com\/es\/wp-json\/wp\/v2\/comments?post=5735"}],"version-history":[{"count":2,"href":"https:\/\/www.rkmega.com\/es\/wp-json\/wp\/v2\/product\/5735\/revisions"}],"predecessor-version":[{"id":6260,"href":"https:\/\/www.rkmega.com\/es\/wp-json\/wp\/v2\/product\/5735\/revisions\/6260"}],"wp:featuredmedia":[{"embeddable":true,"href":"https:\/\/www.rkmega.com\/es\/wp-json\/wp\/v2\/media\/5736"}],"wp:attachment":[{"href":"https:\/\/www.rkmega.com\/es\/wp-json\/wp\/v2\/media?parent=5735"}],"wp:term":[{"taxonomy":"product_cat","embeddable":true,"href":"https:\/\/www.rkmega.com\/es\/wp-json\/wp\/v2\/product_cat?post=5735"},{"taxonomy":"product_tag","embeddable":true,"href":"https:\/\/www.rkmega.com\/es\/wp-json\/wp\/v2\/product_tag?post=5735"}],"curies":[{"name":"wp","href":"https:\/\/api.w.org\/{rel}","templated":true}]}}