{"id":5756,"date":"2024-12-31T15:57:14","date_gmt":"2024-12-31T07:57:14","guid":{"rendered":"https:\/\/www.rkmega.com\/?post_type=product&#038;p=5756"},"modified":"2025-04-23T17:58:38","modified_gmt":"2025-04-23T09:58:38","slug":"audio-processor","status":"publish","type":"product","link":"https:\/\/www.rkmega.com\/es\/producto\/audio-processor\/","title":{"rendered":"Modelo: Procesador de audio"},"content":{"rendered":"<table>\n<tbody>\n<tr>\n<td width=\"107\"><\/td>\n<td colspan=\"5\" width=\"918\"><\/td>\n<\/tr>\n<tr>\n<td width=\"107\"><strong><b>Categor\u00eda de par\u00e1metros<\/b><\/strong><\/td>\n<td width=\"135\"><strong><b>Nombre del par\u00e1metro<\/b><\/strong><\/td>\n<td width=\"191\"><strong><b>U<\/b><\/strong><strong><b>0404<\/b><\/strong><\/td>\n<td width=\"198\"><strong><b>U0808<\/b><\/strong><\/td>\n<td width=\"198\"><strong><b>U1212<\/b><\/strong><\/td>\n<td width=\"194\"><strong><b>U1616<\/b><\/strong><\/td>\n<\/tr>\n<tr>\n<td rowspan=\"10\" width=\"107\">Par\u00e1metros de la unidad principal<\/td>\n<td width=\"135\">Canales de entrada<\/td>\n<td width=\"191\">4 entradas de micr\u00f3fono\/l\u00ednea balanceadas, con conectores Phoenix<\/td>\n<td width=\"198\">8 entradas de micr\u00f3fono\/l\u00ednea balanceadas, con conectores Phoenix<\/td>\n<td width=\"198\">12 entradas de micr\u00f3fono\/l\u00ednea balanceadas, con conectores Phoenix<\/td>\n<td width=\"194\">16 entradas de micr\u00f3fono\/l\u00ednea balanceadas, con conectores Phoenix<\/td>\n<\/tr>\n<tr>\n<td width=\"135\">Canales de salida<\/td>\n<td width=\"191\">4 salidas balanceadas, con conectores Phoenix<\/td>\n<td width=\"198\">8 salidas balanceadas, con conectores Phoenix<\/td>\n<td width=\"198\">12 salidas balanceadas, con conectores Phoenix<\/td>\n<td width=\"194\">16 salidas balanceadas, con conectores Phoenix<\/td>\n<\/tr>\n<tr>\n<td width=\"135\">Impedancia de entrada<\/td>\n<td colspan=\"4\" width=\"782\">Equilibrado 20k\u03a9, no equilibrado 10k\u03a9<\/td>\n<\/tr>\n<tr>\n<td width=\"135\">Impedancia de salida<\/td>\n<td colspan=\"4\" width=\"782\">Equilibrado 100\u03a9, no equilibrado 50\u03a9<\/td>\n<\/tr>\n<tr>\n<td width=\"135\">Relaci\u00f3n de rechazo en modo com\u00fan de entrada<\/td>\n<td colspan=\"4\" width=\"782\">\u226578dB (1kHz)<\/td>\n<\/tr>\n<tr>\n<td width=\"135\">Rango din\u00e1mico de salida<\/td>\n<td colspan=\"4\" width=\"782\">112dBu<\/td>\n<\/tr>\n<tr>\n<td width=\"135\">Respuesta en frecuencia<\/td>\n<td colspan=\"4\" width=\"782\">20 Hz-20 kHz (\u00b10,5 dB)<\/td>\n<\/tr>\n<tr>\n<td width=\"135\">Relaci\u00f3n se\u00f1al\/ruido<\/td>\n<td colspan=\"4\" width=\"782\">&gt;90dB@1kHz 0dBu<\/td>\n<\/tr>\n<tr>\n<td width=\"135\">Distorsi\u00f3n arm\u00f3nica total<\/td>\n<td colspan=\"4\" width=\"782\">&lt;0,002% SALIDA (THD+N=0dBu\/1kHz)<\/td>\n<\/tr>\n<tr>\n<td width=\"135\">Separaci\u00f3n de canales<\/td>\n<td colspan=\"4\" width=\"782\">&gt;100dB (1kHz)<\/td>\n<\/tr>\n<tr>\n<td rowspan=\"4\" width=\"107\">Par\u00e1metros f\u00edsicos<\/td>\n<td width=\"135\">Consumo de energ\u00eda<\/td>\n<td colspan=\"4\" width=\"782\">\u226445W<\/td>\n<\/tr>\n<tr>\n<td width=\"135\">Fuente de alimentaci\u00f3n<\/td>\n<td colspan=\"4\" width=\"782\">AC110V\/220V 50\/60Hz<\/td>\n<\/tr>\n<tr>\n<td width=\"135\">Dimensiones del producto (Anchura x Profundidad x Altura)<\/td>\n<td colspan=\"4\" width=\"782\">482 mm x 260 mm x 44 mm<\/td>\n<\/tr>\n<tr>\n<td width=\"135\">Peso neto<\/td>\n<td colspan=\"4\" width=\"782\">2.2KG<\/td>\n<\/tr>\n<\/tbody>\n<\/table>","protected":false},"excerpt":{"rendered":"<ul>\n<li>Funci\u00f3n de visualizaci\u00f3n de aullidos con retroalimentaci\u00f3n visual, que suprime eficazmente la formaci\u00f3n de m\u00e1s puntos de aullidos.<\/li>\n<li>Generador de c\u00f3digo de control centralizado incorporado, sin necesidad de aplicar f\u00f3rmulas manualmente para editar el c\u00f3digo.<\/li>\n<li>Funci\u00f3n completa de mezcla de matrices, con una funci\u00f3n \u00fanica de ajuste de matrices basada en componentes.<\/li>\n<li>Generador de se\u00f1al incorporado, mezcla autom\u00e1tica (AM), control autom\u00e1tico de ganancia (AGC), supresi\u00f3n de realimentaci\u00f3n (AFC), cancelaci\u00f3n de eco (AEC) y cancelaci\u00f3n de ruido (ANC) como algoritmos principales.<\/li>\n<li>Por canal de entrada: preamplificaci\u00f3n, generador de se\u00f1al, expansor, compresor, ecualizaci\u00f3n param\u00e9trica de 5 bandas.<\/li>\n<li>Por canal de salida: Ecualizador gr\u00e1fico de 31 bandas con ecualizaci\u00f3n param\u00e9trica completa de 8 bandas conmutable, unidad de retardo, crossover, limitador.<\/li>\n<li>Funci\u00f3n de seguimiento autom\u00e1tico de la c\u00e1mara incorporada para facilitar las videoconferencias; admite funciones de preajuste de escenas; memoria de protecci\u00f3n autom\u00e1tica en caso de corte del suministro el\u00e9ctrico.<\/li>\n<li>Interfaz de control serie bidireccional RS-485; capaz de controlar otros dispositivos externos como matrices de v\u00eddeo, c\u00e1maras y otros dispositivos RS-485, o de recibir el control RS-485 de terceros.<\/li>\n<li>Puede conectarse a dispositivos de control a trav\u00e9s de interfaces USB, WiFi, TCP\/IP, y cada entrada proporciona alimentaci\u00f3n fantasma de +48 V CC y 10 mA.<\/li>\n<li>Admite entrada\/salida l\u00f3gica de 8 canales, control de entrada de tensi\u00f3n de 4 canales (compatible con rel\u00e9s o potenci\u00f3metros variables anal\u00f3gicos) mediante interfaz de control GPIO.<\/li>\n<\/ul>","protected":false},"featured_media":5757,"comment_status":"open","ping_status":"closed","template":"","meta":{"site-sidebar-layout":"default","site-content-layout":"","ast-site-content-layout":"default","site-content-style":"default","site-sidebar-style":"default","ast-global-header-display":"","ast-banner-title-visibility":"","ast-main-header-display":"","ast-hfb-above-header-display":"","ast-hfb-below-header-display":"","ast-hfb-mobile-header-display":"","site-post-title":"","ast-breadcrumbs-content":"","ast-featured-img":"","footer-sml-layout":"","theme-transparent-header-meta":"default","adv-header-id-meta":"","stick-header-meta":"","header-above-stick-meta":"","header-main-stick-meta":"","header-below-stick-meta":"","astra-migrate-meta-layouts":"set","ast-page-background-enabled":"default","ast-page-background-meta":{"desktop":{"background-color":"","background-image":"","background-repeat":"repeat","background-position":"center center","background-size":"auto","background-attachment":"scroll","background-type":"","background-media":"","overlay-type":"","overlay-color":"","overlay-opacity":"","overlay-gradient":""},"tablet":{"background-color":"","background-image":"","background-repeat":"repeat","background-position":"center center","background-size":"auto","background-attachment":"scroll","background-type":"","background-media":"","overlay-type":"","overlay-color":"","overlay-opacity":"","overlay-gradient":""},"mobile":{"background-color":"","background-image":"","background-repeat":"repeat","background-position":"center center","background-size":"auto","background-attachment":"scroll","background-type":"","background-media":"","overlay-type":"","overlay-color":"","overlay-opacity":"","overlay-gradient":""}},"ast-content-background-meta":{"desktop":{"background-color":"var(--ast-global-color-5)","background-image":"","background-repeat":"repeat","background-position":"center center","background-size":"auto","background-attachment":"scroll","background-type":"","background-media":"","overlay-type":"","overlay-color":"","overlay-opacity":"","overlay-gradient":""},"tablet":{"background-color":"var(--ast-global-color-5)","background-image":"","background-repeat":"repeat","background-position":"center center","background-size":"auto","background-attachment":"scroll","background-type":"","background-media":"","overlay-type":"","overlay-color":"","overlay-opacity":"","overlay-gradient":""},"mobile":{"background-color":"var(--ast-global-color-5)","background-image":"","background-repeat":"repeat","background-position":"center center","background-size":"auto","background-attachment":"scroll","background-type":"","background-media":"","overlay-type":"","overlay-color":"","overlay-opacity":"","overlay-gradient":""}}},"product_cat":[81],"product_tag":[],"class_list":{"0":"post-5756","1":"product","2":"type-product","3":"status-publish","4":"has-post-thumbnail","6":"product_cat-audio-processor","7":"desktop-align-left","8":"tablet-align-left","9":"mobile-align-left","11":"first","12":"instock","13":"shipping-taxable","14":"product-type-simple"},"yoast_head":"<!-- This site is optimized with the Yoast SEO plugin v24.9 - https:\/\/yoast.com\/wordpress\/plugins\/seo\/ -->\n<title>Model: Audio processor - LED Solution Provider | OEM&amp;ODM | 15+ Years<\/title>\n<meta name=\"robots\" content=\"index, follow, max-snippet:-1, max-image-preview:large, max-video-preview:-1\" \/>\n<link rel=\"canonical\" href=\"https:\/\/www.rkmega.com\/es\/producto\/audio-processor\/\" \/>\n<meta property=\"og:locale\" content=\"es_ES\" \/>\n<meta property=\"og:type\" content=\"article\" \/>\n<meta property=\"og:title\" content=\"Model: Audio processor - LED Solution Provider | OEM&amp;ODM | 15+ Years\" \/>\n<meta property=\"og:description\" content=\"Visual feedback howling display function, effectively suppressing the formation of more howling points.  Built-in central control code generator, no need to manually apply formulas to edit code.  Full-featured matrix mixing function, with a unique component-based matrix adjustment function.  Built-in signal generator, automatic mixing (AM), automatic gain control (AGC), feedback suppression (AFC), echo cancellation (AEC), and noise cancellation (ANC) as main algorithms.  Per input channel: preamplification, signal generator, expander, compressor, 5-band parametric equalization.  Per output channel: 31-band graphic equalizer with switchable 8-band full parametric equalization, delay unit, crossover, limiter.  Built-in automatic camera tracking function for easy video conferencing; supports scene preset functions; automatic protection memory in case of power failure.  RS-485 bidirectional serial control interface; capable of controlling other external devices such as video matrices, cameras, and other RS-485 devices, or receiving third-party RS-485 control.  Can connect to control devices via USB, WiFi, TCP\/IP interfaces, and each input provides +48 VDC 10 mA phantom power.  Supports 8-channel logic input\/output, 4-channel voltage input control (compatible with relays or analog variable potentiometers) through GPIO control interface.\" \/>\n<meta property=\"og:url\" content=\"https:\/\/www.rkmega.com\/es\/producto\/audio-processor\/\" \/>\n<meta property=\"og:site_name\" content=\"LED Solution Provider | OEM&amp;ODM | 15+ Years\" \/>\n<meta property=\"article:modified_time\" content=\"2025-04-23T09:58:38+00:00\" \/>\n<meta property=\"og:image\" content=\"https:\/\/www.rkmega.com\/wp-content\/uploads\/2024\/12\/Audio-processor-.jpg\" \/>\n\t<meta property=\"og:image:width\" content=\"1600\" \/>\n\t<meta property=\"og:image:height\" content=\"1200\" \/>\n\t<meta property=\"og:image:type\" content=\"image\/jpeg\" \/>\n<meta name=\"twitter:card\" content=\"summary_large_image\" \/>\n<meta name=\"twitter:label1\" content=\"Tiempo de lectura\" \/>\n\t<meta name=\"twitter:data1\" content=\"1 minuto\" \/>\n<script type=\"application\/ld+json\" class=\"yoast-schema-graph\">{\"@context\":\"https:\/\/schema.org\",\"@graph\":[{\"@type\":\"WebPage\",\"@id\":\"https:\/\/www.rkmega.com\/product\/audio-processor\/\",\"url\":\"https:\/\/www.rkmega.com\/product\/audio-processor\/\",\"name\":\"Model: Audio processor - LED Solution Provider | OEM&amp;ODM | 15+ Years\",\"isPartOf\":{\"@id\":\"https:\/\/www.rkmega.com\/#website\"},\"primaryImageOfPage\":{\"@id\":\"https:\/\/www.rkmega.com\/product\/audio-processor\/#primaryimage\"},\"image\":{\"@id\":\"https:\/\/www.rkmega.com\/product\/audio-processor\/#primaryimage\"},\"thumbnailUrl\":\"https:\/\/www.rkmega.com\/wp-content\/uploads\/2024\/12\/Audio-processor-.jpg\",\"datePublished\":\"2024-12-31T07:57:14+00:00\",\"dateModified\":\"2025-04-23T09:58:38+00:00\",\"breadcrumb\":{\"@id\":\"https:\/\/www.rkmega.com\/product\/audio-processor\/#breadcrumb\"},\"inLanguage\":\"es\",\"potentialAction\":[{\"@type\":\"ReadAction\",\"target\":[\"https:\/\/www.rkmega.com\/product\/audio-processor\/\"]}]},{\"@type\":\"ImageObject\",\"inLanguage\":\"es\",\"@id\":\"https:\/\/www.rkmega.com\/product\/audio-processor\/#primaryimage\",\"url\":\"https:\/\/www.rkmega.com\/wp-content\/uploads\/2024\/12\/Audio-processor-.jpg\",\"contentUrl\":\"https:\/\/www.rkmega.com\/wp-content\/uploads\/2024\/12\/Audio-processor-.jpg\",\"width\":1600,\"height\":1200},{\"@type\":\"BreadcrumbList\",\"@id\":\"https:\/\/www.rkmega.com\/product\/audio-processor\/#breadcrumb\",\"itemListElement\":[{\"@type\":\"ListItem\",\"position\":1,\"name\":\"Home\",\"item\":\"https:\/\/www.rkmega.com\/\"},{\"@type\":\"ListItem\",\"position\":2,\"name\":\"Store\",\"item\":\"https:\/\/www.rkmega.com\/store\/\"},{\"@type\":\"ListItem\",\"position\":3,\"name\":\"Model: Audio processor\"}]},{\"@type\":\"WebSite\",\"@id\":\"https:\/\/www.rkmega.com\/#website\",\"url\":\"https:\/\/www.rkmega.com\/\",\"name\":\"LED DISPLAY\",\"description\":\"\",\"publisher\":{\"@id\":\"https:\/\/www.rkmega.com\/#organization\"},\"potentialAction\":[{\"@type\":\"SearchAction\",\"target\":{\"@type\":\"EntryPoint\",\"urlTemplate\":\"https:\/\/www.rkmega.com\/?s={search_term_string}\"},\"query-input\":{\"@type\":\"PropertyValueSpecification\",\"valueRequired\":true,\"valueName\":\"search_term_string\"}}],\"inLanguage\":\"es\"},{\"@type\":\"Organization\",\"@id\":\"https:\/\/www.rkmega.com\/#organization\",\"name\":\"RKMEGA\",\"url\":\"https:\/\/www.rkmega.com\/\",\"logo\":{\"@type\":\"ImageObject\",\"inLanguage\":\"es\",\"@id\":\"https:\/\/www.rkmega.com\/#\/schema\/logo\/image\/\",\"url\":\"https:\/\/www.rkmega.com\/wp-content\/uploads\/2024\/12\/cropped-LOGO180X60-2.png\",\"contentUrl\":\"https:\/\/www.rkmega.com\/wp-content\/uploads\/2024\/12\/cropped-LOGO180X60-2.png\",\"width\":180,\"height\":60,\"caption\":\"RKMEGA\"},\"image\":{\"@id\":\"https:\/\/www.rkmega.com\/#\/schema\/logo\/image\/\"}}]}<\/script>\n<!-- \/ Yoast SEO plugin. -->","yoast_head_json":{"title":"Model: Audio processor - LED Solution Provider | OEM&amp;ODM | 15+ Years","robots":{"index":"index","follow":"follow","max-snippet":"max-snippet:-1","max-image-preview":"max-image-preview:large","max-video-preview":"max-video-preview:-1"},"canonical":"https:\/\/www.rkmega.com\/es\/producto\/audio-processor\/","og_locale":"es_ES","og_type":"article","og_title":"Model: Audio processor - LED Solution Provider | OEM&amp;ODM | 15+ Years","og_description":"Visual feedback howling display function, effectively suppressing the formation of more howling points.  Built-in central control code generator, no need to manually apply formulas to edit code.  Full-featured matrix mixing function, with a unique component-based matrix adjustment function.  Built-in signal generator, automatic mixing (AM), automatic gain control (AGC), feedback suppression (AFC), echo cancellation (AEC), and noise cancellation (ANC) as main algorithms.  Per input channel: preamplification, signal generator, expander, compressor, 5-band parametric equalization.  Per output channel: 31-band graphic equalizer with switchable 8-band full parametric equalization, delay unit, crossover, limiter.  Built-in automatic camera tracking function for easy video conferencing; supports scene preset functions; automatic protection memory in case of power failure.  RS-485 bidirectional serial control interface; capable of controlling other external devices such as video matrices, cameras, and other RS-485 devices, or receiving third-party RS-485 control.  Can connect to control devices via USB, WiFi, TCP\/IP interfaces, and each input provides +48 VDC 10 mA phantom power.  Supports 8-channel logic input\/output, 4-channel voltage input control (compatible with relays or analog variable potentiometers) through GPIO control interface.","og_url":"https:\/\/www.rkmega.com\/es\/producto\/audio-processor\/","og_site_name":"LED Solution Provider | OEM&amp;ODM | 15+ Years","article_modified_time":"2025-04-23T09:58:38+00:00","og_image":[{"width":1600,"height":1200,"url":"https:\/\/www.rkmega.com\/wp-content\/uploads\/2024\/12\/Audio-processor-.jpg","type":"image\/jpeg"}],"twitter_card":"summary_large_image","twitter_misc":{"Tiempo de lectura":"1 minuto"},"schema":{"@context":"https:\/\/schema.org","@graph":[{"@type":"WebPage","@id":"https:\/\/www.rkmega.com\/product\/audio-processor\/","url":"https:\/\/www.rkmega.com\/product\/audio-processor\/","name":"Model: Audio processor - LED Solution Provider | OEM&amp;ODM | 15+ Years","isPartOf":{"@id":"https:\/\/www.rkmega.com\/#website"},"primaryImageOfPage":{"@id":"https:\/\/www.rkmega.com\/product\/audio-processor\/#primaryimage"},"image":{"@id":"https:\/\/www.rkmega.com\/product\/audio-processor\/#primaryimage"},"thumbnailUrl":"https:\/\/www.rkmega.com\/wp-content\/uploads\/2024\/12\/Audio-processor-.jpg","datePublished":"2024-12-31T07:57:14+00:00","dateModified":"2025-04-23T09:58:38+00:00","breadcrumb":{"@id":"https:\/\/www.rkmega.com\/product\/audio-processor\/#breadcrumb"},"inLanguage":"es","potentialAction":[{"@type":"ReadAction","target":["https:\/\/www.rkmega.com\/product\/audio-processor\/"]}]},{"@type":"ImageObject","inLanguage":"es","@id":"https:\/\/www.rkmega.com\/product\/audio-processor\/#primaryimage","url":"https:\/\/www.rkmega.com\/wp-content\/uploads\/2024\/12\/Audio-processor-.jpg","contentUrl":"https:\/\/www.rkmega.com\/wp-content\/uploads\/2024\/12\/Audio-processor-.jpg","width":1600,"height":1200},{"@type":"BreadcrumbList","@id":"https:\/\/www.rkmega.com\/product\/audio-processor\/#breadcrumb","itemListElement":[{"@type":"ListItem","position":1,"name":"Home","item":"https:\/\/www.rkmega.com\/"},{"@type":"ListItem","position":2,"name":"Store","item":"https:\/\/www.rkmega.com\/store\/"},{"@type":"ListItem","position":3,"name":"Model: Audio processor"}]},{"@type":"WebSite","@id":"https:\/\/www.rkmega.com\/#website","url":"https:\/\/www.rkmega.com\/","name":"LED DISPLAY","description":"","publisher":{"@id":"https:\/\/www.rkmega.com\/#organization"},"potentialAction":[{"@type":"SearchAction","target":{"@type":"EntryPoint","urlTemplate":"https:\/\/www.rkmega.com\/?s={search_term_string}"},"query-input":{"@type":"PropertyValueSpecification","valueRequired":true,"valueName":"search_term_string"}}],"inLanguage":"es"},{"@type":"Organization","@id":"https:\/\/www.rkmega.com\/#organization","name":"RKMEGA","url":"https:\/\/www.rkmega.com\/","logo":{"@type":"ImageObject","inLanguage":"es","@id":"https:\/\/www.rkmega.com\/#\/schema\/logo\/image\/","url":"https:\/\/www.rkmega.com\/wp-content\/uploads\/2024\/12\/cropped-LOGO180X60-2.png","contentUrl":"https:\/\/www.rkmega.com\/wp-content\/uploads\/2024\/12\/cropped-LOGO180X60-2.png","width":180,"height":60,"caption":"RKMEGA"},"image":{"@id":"https:\/\/www.rkmega.com\/#\/schema\/logo\/image\/"}}]}},"_links":{"self":[{"href":"https:\/\/www.rkmega.com\/es\/wp-json\/wp\/v2\/product\/5756","targetHints":{"allow":["GET"]}}],"collection":[{"href":"https:\/\/www.rkmega.com\/es\/wp-json\/wp\/v2\/product"}],"about":[{"href":"https:\/\/www.rkmega.com\/es\/wp-json\/wp\/v2\/types\/product"}],"replies":[{"embeddable":true,"href":"https:\/\/www.rkmega.com\/es\/wp-json\/wp\/v2\/comments?post=5756"}],"version-history":[{"count":2,"href":"https:\/\/www.rkmega.com\/es\/wp-json\/wp\/v2\/product\/5756\/revisions"}],"predecessor-version":[{"id":6252,"href":"https:\/\/www.rkmega.com\/es\/wp-json\/wp\/v2\/product\/5756\/revisions\/6252"}],"wp:featuredmedia":[{"embeddable":true,"href":"https:\/\/www.rkmega.com\/es\/wp-json\/wp\/v2\/media\/5757"}],"wp:attachment":[{"href":"https:\/\/www.rkmega.com\/es\/wp-json\/wp\/v2\/media?parent=5756"}],"wp:term":[{"taxonomy":"product_cat","embeddable":true,"href":"https:\/\/www.rkmega.com\/es\/wp-json\/wp\/v2\/product_cat?post=5756"},{"taxonomy":"product_tag","embeddable":true,"href":"https:\/\/www.rkmega.com\/es\/wp-json\/wp\/v2\/product_tag?post=5756"}],"curies":[{"name":"wp","href":"https:\/\/api.w.org\/{rel}","templated":true}]}}