{"id":5766,"date":"2024-12-31T16:04:36","date_gmt":"2024-12-31T08:04:36","guid":{"rendered":"https:\/\/www.rkmega.com\/?post_type=product&#038;p=5766"},"modified":"2025-04-23T17:57:57","modified_gmt":"2025-04-23T09:57:57","slug":"rk-a2800","status":"publish","type":"product","link":"https:\/\/www.rkmega.com\/es\/producto\/rk-a2800\/","title":{"rendered":"Modelo: RK-A2800"},"content":{"rendered":"<table>\n<tbody>\n<tr>\n<td><strong><b>Nombre del par\u00e1metro<\/b><\/strong><\/td>\n<td><strong><b>Par\u00e1metro Valor<\/b><\/strong><\/td>\n<\/tr>\n<tr>\n<td>Potencia nominal a 8\u03a9<\/td>\n<td>2x800W<\/td>\n<\/tr>\n<tr>\n<td>Potencia nominal a 4\u03a9<\/td>\n<td>2x1300W<\/td>\n<\/tr>\n<tr>\n<td>Puente 8\u03a9<\/td>\n<td>2600W<\/td>\n<\/tr>\n<tr>\n<td>Respuesta en frecuencia<\/td>\n<td>20 Hz-20 kHz: +\/-1dB<\/td>\n<\/tr>\n<tr>\n<td>Distorsi\u00f3n arm\u00f3nica<\/td>\n<td>&lt;0,1%<\/td>\n<\/tr>\n<tr>\n<td>Velocidad de giro<\/td>\n<td>25 V\/us<\/td>\n<\/tr>\n<tr>\n<td>Factor de amortiguaci\u00f3n<\/td>\n<td>\u2265300 (1kHz, 8\u03a9)<\/td>\n<\/tr>\n<tr>\n<td>Sensibilidad de entrada<\/td>\n<td>0,775V\/1,0V\/1,2V\/1,4V, se acepta una amplia gama de entradas de fuentes de se\u00f1al<\/td>\n<\/tr>\n<tr>\n<td>Impedancia de entrada<\/td>\n<td>20k\u03a9 balanceado \/ 10k\u03a9 no balanceado<\/td>\n<\/tr>\n<tr>\n<td>Relaci\u00f3n se\u00f1al\/ruido<\/td>\n<td>\u2265100 dB (ponderaci\u00f3n A)<\/td>\n<\/tr>\n<tr>\n<td>Conector de entrada<\/td>\n<td>XLR macho y hembra<\/td>\n<\/tr>\n<tr>\n<td>Conector de salida<\/td>\n<td>Speakon y bornes de conexi\u00f3n<\/td>\n<\/tr>\n<tr>\n<td>Requisitos de potencia<\/td>\n<td>AC220V ~ 50-60Hz<\/td>\n<\/tr>\n<tr>\n<td>Rango de tensi\u00f3n<\/td>\n<td>AC190-250V ~ 50-60Hz<\/td>\n<\/tr>\n<tr>\n<td>Interruptor de elevaci\u00f3n de tierra<\/td>\n<td>Toma de tierra del conector de entrada y control de elevaci\u00f3n<\/td>\n<\/tr>\n<tr>\n<td>Circuito de protecci\u00f3n<\/td>\n<td>Arranque suave, protecci\u00f3n de CC, protecci\u00f3n contra cortocircuito\/sobrecarga, antiimpacto y limitaci\u00f3n<\/td>\n<\/tr>\n<tr>\n<td>Dimensiones de la m\u00e1quina<\/td>\n<td>482mm x 346mm (incluyendo asa 375mm) x 88mm<\/td>\n<\/tr>\n<tr>\n<td>Peso neto<\/td>\n<td>16Kg<\/td>\n<\/tr>\n<\/tbody>\n<\/table>","protected":false},"excerpt":{"rendered":"<p>Esta unidad utiliza la tecnolog\u00eda de circuitos de topolog\u00eda de clase AB, que ofrece una conversi\u00f3n de potencia de alta eficiencia y un exquisito dise\u00f1o de circuitos.<\/p>\n<p>Cuenta con un dise\u00f1o de transformador de potencia toroidal de potencia ultraelevada fabricado con materiales de n\u00facleo importados, y est\u00e1 equipado con un condensador electrol\u00edtico de capacidad ultraelevada de 10000\u03bcF para proporcionar al amplificador energ\u00eda estable y suficiente, garantizando una salida de potencia continua y una alta densidad de potencia.<\/p>\n<p>La refrigeraci\u00f3n es muy eficiente, con un sistema interno de conducci\u00f3n del aire que va de delante hacia atr\u00e1s, y la velocidad del ventilador aumenta autom\u00e1ticamente con el aumento de la temperatura interna para mejorar la disipaci\u00f3n del calor.<\/p>\n<p>Entre las completas funciones de protecci\u00f3n se incluyen: arranque suave, protecci\u00f3n contra corriente continua, protecci\u00f3n contra sobrecalentamiento y sobrecarga, antiimpacto y limitaci\u00f3n.<\/p>\n<p>El panel frontal est\u00e1 equipado con mandos de control de volumen precisos y tiene indicadores luminosos de fallo, recorte, se\u00f1al y estado de la alimentaci\u00f3n.<\/p>","protected":false},"featured_media":5767,"comment_status":"open","ping_status":"closed","template":"","meta":{"site-sidebar-layout":"default","site-content-layout":"","ast-site-content-layout":"default","site-content-style":"default","site-sidebar-style":"default","ast-global-header-display":"","ast-banner-title-visibility":"","ast-main-header-display":"","ast-hfb-above-header-display":"","ast-hfb-below-header-display":"","ast-hfb-mobile-header-display":"","site-post-title":"","ast-breadcrumbs-content":"","ast-featured-img":"","footer-sml-layout":"","theme-transparent-header-meta":"default","adv-header-id-meta":"","stick-header-meta":"","header-above-stick-meta":"","header-main-stick-meta":"","header-below-stick-meta":"","astra-migrate-meta-layouts":"set","ast-page-background-enabled":"default","ast-page-background-meta":{"desktop":{"background-color":"","background-image":"","background-repeat":"repeat","background-position":"center center","background-size":"auto","background-attachment":"scroll","background-type":"","background-media":"","overlay-type":"","overlay-color":"","overlay-opacity":"","overlay-gradient":""},"tablet":{"background-color":"","background-image":"","background-repeat":"repeat","background-position":"center center","background-size":"auto","background-attachment":"scroll","background-type":"","background-media":"","overlay-type":"","overlay-color":"","overlay-opacity":"","overlay-gradient":""},"mobile":{"background-color":"","background-image":"","background-repeat":"repeat","background-position":"center center","background-size":"auto","background-attachment":"scroll","background-type":"","background-media":"","overlay-type":"","overlay-color":"","overlay-opacity":"","overlay-gradient":""}},"ast-content-background-meta":{"desktop":{"background-color":"var(--ast-global-color-5)","background-image":"","background-repeat":"repeat","background-position":"center center","background-size":"auto","background-attachment":"scroll","background-type":"","background-media":"","overlay-type":"","overlay-color":"","overlay-opacity":"","overlay-gradient":""},"tablet":{"background-color":"var(--ast-global-color-5)","background-image":"","background-repeat":"repeat","background-position":"center center","background-size":"auto","background-attachment":"scroll","background-type":"","background-media":"","overlay-type":"","overlay-color":"","overlay-opacity":"","overlay-gradient":""},"mobile":{"background-color":"var(--ast-global-color-5)","background-image":"","background-repeat":"repeat","background-position":"center center","background-size":"auto","background-attachment":"scroll","background-type":"","background-media":"","overlay-type":"","overlay-color":"","overlay-opacity":"","overlay-gradient":""}}},"product_cat":[86],"product_tag":[],"class_list":{"0":"post-5766","1":"product","2":"type-product","3":"status-publish","4":"has-post-thumbnail","6":"product_cat-sound-system","7":"desktop-align-left","8":"tablet-align-left","9":"mobile-align-left","11":"first","12":"instock","13":"shipping-taxable","14":"product-type-simple"},"yoast_head":"<!-- This site is optimized with the Yoast SEO plugin v24.9 - https:\/\/yoast.com\/wordpress\/plugins\/seo\/ -->\n<title>Model: RK-A2800 - LED Solution Provider | OEM&amp;ODM | 15+ Years<\/title>\n<meta name=\"robots\" content=\"index, follow, max-snippet:-1, max-image-preview:large, max-video-preview:-1\" \/>\n<link rel=\"canonical\" href=\"https:\/\/www.rkmega.com\/es\/producto\/rk-a2800\/\" \/>\n<meta property=\"og:locale\" content=\"es_ES\" \/>\n<meta property=\"og:type\" content=\"article\" \/>\n<meta property=\"og:title\" content=\"Model: RK-A2800 - LED Solution Provider | OEM&amp;ODM | 15+ Years\" \/>\n<meta property=\"og:description\" content=\"This unit utilizes Class AB topology circuit technology, offering high-efficiency power conversion and exquisite circuit layout.  It features an ultra-high power toroidal power transformer design produced with imported core materials, and is equipped with a 10000\u03bcF ultra-high capacity electrolytic capacitor to provide the amplifier with stable and sufficient energy, ensuring continuous power output and high power density.  The cooling is highly efficient, with an internal air guidance system that runs from front to back, and the fan speed increases automatically with the rise in internal temperature to enhance heat dissipation.  Comprehensive protection features include: soft start, direct current protection, overheating and overload protection, anti-impact, and limiting.  The front panel is equipped with precise volume control knobs, and has indicator lights for fault, clipping, signal, and power status.\" \/>\n<meta property=\"og:url\" content=\"https:\/\/www.rkmega.com\/es\/producto\/rk-a2800\/\" \/>\n<meta property=\"og:site_name\" content=\"LED Solution Provider | OEM&amp;ODM | 15+ Years\" \/>\n<meta property=\"article:modified_time\" content=\"2025-04-23T09:57:57+00:00\" \/>\n<meta property=\"og:image\" content=\"https:\/\/www.rkmega.com\/wp-content\/uploads\/2024\/12\/Dual-Channel-Amp-800W-RK-A2800-.jpg\" \/>\n\t<meta property=\"og:image:width\" content=\"1600\" \/>\n\t<meta property=\"og:image:height\" content=\"1200\" \/>\n\t<meta property=\"og:image:type\" content=\"image\/jpeg\" \/>\n<meta name=\"twitter:card\" content=\"summary_large_image\" \/>\n<meta name=\"twitter:label1\" content=\"Tiempo de lectura\" \/>\n\t<meta name=\"twitter:data1\" content=\"1 minuto\" \/>\n<script type=\"application\/ld+json\" class=\"yoast-schema-graph\">{\"@context\":\"https:\/\/schema.org\",\"@graph\":[{\"@type\":\"WebPage\",\"@id\":\"https:\/\/www.rkmega.com\/product\/rk-a2800\/\",\"url\":\"https:\/\/www.rkmega.com\/product\/rk-a2800\/\",\"name\":\"Model: RK-A2800 - LED Solution Provider | OEM&amp;ODM | 15+ Years\",\"isPartOf\":{\"@id\":\"https:\/\/www.rkmega.com\/#website\"},\"primaryImageOfPage\":{\"@id\":\"https:\/\/www.rkmega.com\/product\/rk-a2800\/#primaryimage\"},\"image\":{\"@id\":\"https:\/\/www.rkmega.com\/product\/rk-a2800\/#primaryimage\"},\"thumbnailUrl\":\"https:\/\/www.rkmega.com\/wp-content\/uploads\/2024\/12\/Dual-Channel-Amp-800W-RK-A2800-.jpg\",\"datePublished\":\"2024-12-31T08:04:36+00:00\",\"dateModified\":\"2025-04-23T09:57:57+00:00\",\"breadcrumb\":{\"@id\":\"https:\/\/www.rkmega.com\/product\/rk-a2800\/#breadcrumb\"},\"inLanguage\":\"es\",\"potentialAction\":[{\"@type\":\"ReadAction\",\"target\":[\"https:\/\/www.rkmega.com\/product\/rk-a2800\/\"]}]},{\"@type\":\"ImageObject\",\"inLanguage\":\"es\",\"@id\":\"https:\/\/www.rkmega.com\/product\/rk-a2800\/#primaryimage\",\"url\":\"https:\/\/www.rkmega.com\/wp-content\/uploads\/2024\/12\/Dual-Channel-Amp-800W-RK-A2800-.jpg\",\"contentUrl\":\"https:\/\/www.rkmega.com\/wp-content\/uploads\/2024\/12\/Dual-Channel-Amp-800W-RK-A2800-.jpg\",\"width\":1600,\"height\":1200},{\"@type\":\"BreadcrumbList\",\"@id\":\"https:\/\/www.rkmega.com\/product\/rk-a2800\/#breadcrumb\",\"itemListElement\":[{\"@type\":\"ListItem\",\"position\":1,\"name\":\"Home\",\"item\":\"https:\/\/www.rkmega.com\/\"},{\"@type\":\"ListItem\",\"position\":2,\"name\":\"Store\",\"item\":\"https:\/\/www.rkmega.com\/store\/\"},{\"@type\":\"ListItem\",\"position\":3,\"name\":\"Model: RK-A2800\"}]},{\"@type\":\"WebSite\",\"@id\":\"https:\/\/www.rkmega.com\/#website\",\"url\":\"https:\/\/www.rkmega.com\/\",\"name\":\"LED DISPLAY\",\"description\":\"\",\"publisher\":{\"@id\":\"https:\/\/www.rkmega.com\/#organization\"},\"potentialAction\":[{\"@type\":\"SearchAction\",\"target\":{\"@type\":\"EntryPoint\",\"urlTemplate\":\"https:\/\/www.rkmega.com\/?s={search_term_string}\"},\"query-input\":{\"@type\":\"PropertyValueSpecification\",\"valueRequired\":true,\"valueName\":\"search_term_string\"}}],\"inLanguage\":\"es\"},{\"@type\":\"Organization\",\"@id\":\"https:\/\/www.rkmega.com\/#organization\",\"name\":\"RKMEGA\",\"url\":\"https:\/\/www.rkmega.com\/\",\"logo\":{\"@type\":\"ImageObject\",\"inLanguage\":\"es\",\"@id\":\"https:\/\/www.rkmega.com\/#\/schema\/logo\/image\/\",\"url\":\"https:\/\/www.rkmega.com\/wp-content\/uploads\/2024\/12\/cropped-LOGO180X60-2.png\",\"contentUrl\":\"https:\/\/www.rkmega.com\/wp-content\/uploads\/2024\/12\/cropped-LOGO180X60-2.png\",\"width\":180,\"height\":60,\"caption\":\"RKMEGA\"},\"image\":{\"@id\":\"https:\/\/www.rkmega.com\/#\/schema\/logo\/image\/\"}}]}<\/script>\n<!-- \/ Yoast SEO plugin. -->","yoast_head_json":{"title":"Model: RK-A2800 - LED Solution Provider | OEM&amp;ODM | 15+ Years","robots":{"index":"index","follow":"follow","max-snippet":"max-snippet:-1","max-image-preview":"max-image-preview:large","max-video-preview":"max-video-preview:-1"},"canonical":"https:\/\/www.rkmega.com\/es\/producto\/rk-a2800\/","og_locale":"es_ES","og_type":"article","og_title":"Model: RK-A2800 - LED Solution Provider | OEM&amp;ODM | 15+ Years","og_description":"This unit utilizes Class AB topology circuit technology, offering high-efficiency power conversion and exquisite circuit layout.  It features an ultra-high power toroidal power transformer design produced with imported core materials, and is equipped with a 10000\u03bcF ultra-high capacity electrolytic capacitor to provide the amplifier with stable and sufficient energy, ensuring continuous power output and high power density.  The cooling is highly efficient, with an internal air guidance system that runs from front to back, and the fan speed increases automatically with the rise in internal temperature to enhance heat dissipation.  Comprehensive protection features include: soft start, direct current protection, overheating and overload protection, anti-impact, and limiting.  The front panel is equipped with precise volume control knobs, and has indicator lights for fault, clipping, signal, and power status.","og_url":"https:\/\/www.rkmega.com\/es\/producto\/rk-a2800\/","og_site_name":"LED Solution Provider | OEM&amp;ODM | 15+ Years","article_modified_time":"2025-04-23T09:57:57+00:00","og_image":[{"width":1600,"height":1200,"url":"https:\/\/www.rkmega.com\/wp-content\/uploads\/2024\/12\/Dual-Channel-Amp-800W-RK-A2800-.jpg","type":"image\/jpeg"}],"twitter_card":"summary_large_image","twitter_misc":{"Tiempo de lectura":"1 minuto"},"schema":{"@context":"https:\/\/schema.org","@graph":[{"@type":"WebPage","@id":"https:\/\/www.rkmega.com\/product\/rk-a2800\/","url":"https:\/\/www.rkmega.com\/product\/rk-a2800\/","name":"Model: RK-A2800 - LED Solution Provider | OEM&amp;ODM | 15+ Years","isPartOf":{"@id":"https:\/\/www.rkmega.com\/#website"},"primaryImageOfPage":{"@id":"https:\/\/www.rkmega.com\/product\/rk-a2800\/#primaryimage"},"image":{"@id":"https:\/\/www.rkmega.com\/product\/rk-a2800\/#primaryimage"},"thumbnailUrl":"https:\/\/www.rkmega.com\/wp-content\/uploads\/2024\/12\/Dual-Channel-Amp-800W-RK-A2800-.jpg","datePublished":"2024-12-31T08:04:36+00:00","dateModified":"2025-04-23T09:57:57+00:00","breadcrumb":{"@id":"https:\/\/www.rkmega.com\/product\/rk-a2800\/#breadcrumb"},"inLanguage":"es","potentialAction":[{"@type":"ReadAction","target":["https:\/\/www.rkmega.com\/product\/rk-a2800\/"]}]},{"@type":"ImageObject","inLanguage":"es","@id":"https:\/\/www.rkmega.com\/product\/rk-a2800\/#primaryimage","url":"https:\/\/www.rkmega.com\/wp-content\/uploads\/2024\/12\/Dual-Channel-Amp-800W-RK-A2800-.jpg","contentUrl":"https:\/\/www.rkmega.com\/wp-content\/uploads\/2024\/12\/Dual-Channel-Amp-800W-RK-A2800-.jpg","width":1600,"height":1200},{"@type":"BreadcrumbList","@id":"https:\/\/www.rkmega.com\/product\/rk-a2800\/#breadcrumb","itemListElement":[{"@type":"ListItem","position":1,"name":"Home","item":"https:\/\/www.rkmega.com\/"},{"@type":"ListItem","position":2,"name":"Store","item":"https:\/\/www.rkmega.com\/store\/"},{"@type":"ListItem","position":3,"name":"Model: RK-A2800"}]},{"@type":"WebSite","@id":"https:\/\/www.rkmega.com\/#website","url":"https:\/\/www.rkmega.com\/","name":"LED DISPLAY","description":"","publisher":{"@id":"https:\/\/www.rkmega.com\/#organization"},"potentialAction":[{"@type":"SearchAction","target":{"@type":"EntryPoint","urlTemplate":"https:\/\/www.rkmega.com\/?s={search_term_string}"},"query-input":{"@type":"PropertyValueSpecification","valueRequired":true,"valueName":"search_term_string"}}],"inLanguage":"es"},{"@type":"Organization","@id":"https:\/\/www.rkmega.com\/#organization","name":"RKMEGA","url":"https:\/\/www.rkmega.com\/","logo":{"@type":"ImageObject","inLanguage":"es","@id":"https:\/\/www.rkmega.com\/#\/schema\/logo\/image\/","url":"https:\/\/www.rkmega.com\/wp-content\/uploads\/2024\/12\/cropped-LOGO180X60-2.png","contentUrl":"https:\/\/www.rkmega.com\/wp-content\/uploads\/2024\/12\/cropped-LOGO180X60-2.png","width":180,"height":60,"caption":"RKMEGA"},"image":{"@id":"https:\/\/www.rkmega.com\/#\/schema\/logo\/image\/"}}]}},"_links":{"self":[{"href":"https:\/\/www.rkmega.com\/es\/wp-json\/wp\/v2\/product\/5766","targetHints":{"allow":["GET"]}}],"collection":[{"href":"https:\/\/www.rkmega.com\/es\/wp-json\/wp\/v2\/product"}],"about":[{"href":"https:\/\/www.rkmega.com\/es\/wp-json\/wp\/v2\/types\/product"}],"replies":[{"embeddable":true,"href":"https:\/\/www.rkmega.com\/es\/wp-json\/wp\/v2\/comments?post=5766"}],"version-history":[{"count":2,"href":"https:\/\/www.rkmega.com\/es\/wp-json\/wp\/v2\/product\/5766\/revisions"}],"predecessor-version":[{"id":6249,"href":"https:\/\/www.rkmega.com\/es\/wp-json\/wp\/v2\/product\/5766\/revisions\/6249"}],"wp:featuredmedia":[{"embeddable":true,"href":"https:\/\/www.rkmega.com\/es\/wp-json\/wp\/v2\/media\/5767"}],"wp:attachment":[{"href":"https:\/\/www.rkmega.com\/es\/wp-json\/wp\/v2\/media?parent=5766"}],"wp:term":[{"taxonomy":"product_cat","embeddable":true,"href":"https:\/\/www.rkmega.com\/es\/wp-json\/wp\/v2\/product_cat?post=5766"},{"taxonomy":"product_tag","embeddable":true,"href":"https:\/\/www.rkmega.com\/es\/wp-json\/wp\/v2\/product_tag?post=5766"}],"curies":[{"name":"wp","href":"https:\/\/api.w.org\/{rel}","templated":true}]}}