{"id":5769,"date":"2024-12-31T16:05:55","date_gmt":"2024-12-31T08:05:55","guid":{"rendered":"https:\/\/www.rkmega.com\/?post_type=product&#038;p=5769"},"modified":"2025-04-23T17:57:46","modified_gmt":"2025-04-23T09:57:46","slug":"rk-a4800","status":"publish","type":"product","link":"https:\/\/www.rkmega.com\/es\/producto\/rk-a4800\/","title":{"rendered":"Modelo: RK-A4800"},"content":{"rendered":"<table>\n<tbody>\n<tr>\n<td><strong><b>Nombre del par\u00e1metro<\/b><\/strong><\/td>\n<td><strong><b>Par\u00e1metro Valor<\/b><\/strong><\/td>\n<\/tr>\n<tr>\n<td>Potencia nominal a 8\u03a9<\/td>\n<td>4x800W<\/td>\n<\/tr>\n<tr>\n<td>Potencia nominal a 4\u03a9<\/td>\n<td>4x1300W<\/td>\n<\/tr>\n<tr>\n<td>Potencia nominal (puente 8\u03a9)<\/td>\n<td>2x2400W<\/td>\n<\/tr>\n<tr>\n<td>Sensibilidad de entrada<\/td>\n<td>0.775V\/1.0V\/1.2V\/1.4V<\/td>\n<\/tr>\n<tr>\n<td>Respuesta en frecuencia<\/td>\n<td>15Hz-30kHz: +\/-1dB<\/td>\n<\/tr>\n<tr>\n<td>Impedancia de entrada<\/td>\n<td>20k\u03a9 (BALANCEADO) \/ 10k\u03a9 (DESBALANCEADO)<\/td>\n<\/tr>\n<tr>\n<td>Distorsi\u00f3n (THD+N)<\/td>\n<td>&lt;0,1% a 8\u03a9 1kHz<\/td>\n<\/tr>\n<tr>\n<td>Aislamiento de canales (1 kHz)<\/td>\n<td>50 dB (8\u03a9\/1kHz)<\/td>\n<\/tr>\n<tr>\n<td>Tensi\u00f3n de funcionamiento<\/td>\n<td>220V\/50HZ\/60HZ<\/td>\n<\/tr>\n<tr>\n<td>Velocidad de giro<\/td>\n<td>28V\/us<\/td>\n<\/tr>\n<tr>\n<td>Factor de amortiguaci\u00f3n<\/td>\n<td>Superior a 350\/8\u03a9<\/td>\n<\/tr>\n<tr>\n<td>Fusible de alimentaci\u00f3n<\/td>\n<td>15A<\/td>\n<\/tr>\n<tr>\n<td>Relaci\u00f3n se\u00f1al\/ruido (ponderaci\u00f3n A)<\/td>\n<td>100 dB<\/td>\n<\/tr>\n<tr>\n<td>Dimensiones de la m\u00e1quina<\/td>\n<td>482 mm x 265 mm (300 mm, incluida la empu\u00f1adura) x 88 mm<\/td>\n<\/tr>\n<tr>\n<td>Peso neto<\/td>\n<td>9.3KG<\/td>\n<\/tr>\n<\/tbody>\n<\/table>","protected":false},"excerpt":{"rendered":"<p>El uso de materiales magn\u00e9ticos avanzados importados proporciona una fuerte resistencia a la saturaci\u00f3n magn\u00e9tica, con una alta eficiencia de salida, una salida potente y un funcionamiento estable.<\/p>\n<p>La disposici\u00f3n interna de toda la unidad est\u00e1 cient\u00edficamente dise\u00f1ada para el flujo de aire, con disipadores t\u00e9rmicos de aluminio de alta eficiencia y ventiladores de refrigeraci\u00f3n de velocidad variable para garantizar que el amplificador funcione a temperaturas m\u00e1s bajas.<\/p>\n<p>Un circuito de protecci\u00f3n integral garantiza la seguridad del equipo, incluida la protecci\u00f3n de salida de CC, la protecci\u00f3n contra sobrecargas, la protecci\u00f3n contra cortocircuitos y la protecci\u00f3n contra sobrecalentamiento.<\/p>\n<p>Presenta un dise\u00f1o con circuitos limitadores de distorsi\u00f3n de baja distorsi\u00f3n, banda ancha de frecuencias, bajo ruido y recorte.<\/p>\n<p>El uso de un avanzado sistema de alimentaci\u00f3n conmutada de puente completo con un circuito de protecci\u00f3n integral.<\/p>","protected":false},"featured_media":5770,"comment_status":"open","ping_status":"closed","template":"","meta":{"site-sidebar-layout":"default","site-content-layout":"","ast-site-content-layout":"default","site-content-style":"default","site-sidebar-style":"default","ast-global-header-display":"","ast-banner-title-visibility":"","ast-main-header-display":"","ast-hfb-above-header-display":"","ast-hfb-below-header-display":"","ast-hfb-mobile-header-display":"","site-post-title":"","ast-breadcrumbs-content":"","ast-featured-img":"","footer-sml-layout":"","theme-transparent-header-meta":"default","adv-header-id-meta":"","stick-header-meta":"","header-above-stick-meta":"","header-main-stick-meta":"","header-below-stick-meta":"","astra-migrate-meta-layouts":"set","ast-page-background-enabled":"default","ast-page-background-meta":{"desktop":{"background-color":"","background-image":"","background-repeat":"repeat","background-position":"center center","background-size":"auto","background-attachment":"scroll","background-type":"","background-media":"","overlay-type":"","overlay-color":"","overlay-opacity":"","overlay-gradient":""},"tablet":{"background-color":"","background-image":"","background-repeat":"repeat","background-position":"center center","background-size":"auto","background-attachment":"scroll","background-type":"","background-media":"","overlay-type":"","overlay-color":"","overlay-opacity":"","overlay-gradient":""},"mobile":{"background-color":"","background-image":"","background-repeat":"repeat","background-position":"center center","background-size":"auto","background-attachment":"scroll","background-type":"","background-media":"","overlay-type":"","overlay-color":"","overlay-opacity":"","overlay-gradient":""}},"ast-content-background-meta":{"desktop":{"background-color":"var(--ast-global-color-5)","background-image":"","background-repeat":"repeat","background-position":"center center","background-size":"auto","background-attachment":"scroll","background-type":"","background-media":"","overlay-type":"","overlay-color":"","overlay-opacity":"","overlay-gradient":""},"tablet":{"background-color":"var(--ast-global-color-5)","background-image":"","background-repeat":"repeat","background-position":"center center","background-size":"auto","background-attachment":"scroll","background-type":"","background-media":"","overlay-type":"","overlay-color":"","overlay-opacity":"","overlay-gradient":""},"mobile":{"background-color":"var(--ast-global-color-5)","background-image":"","background-repeat":"repeat","background-position":"center center","background-size":"auto","background-attachment":"scroll","background-type":"","background-media":"","overlay-type":"","overlay-color":"","overlay-opacity":"","overlay-gradient":""}}},"product_cat":[86],"product_tag":[],"class_list":{"0":"post-5769","1":"product","2":"type-product","3":"status-publish","4":"has-post-thumbnail","6":"product_cat-sound-system","7":"desktop-align-left","8":"tablet-align-left","9":"mobile-align-left","11":"first","12":"instock","13":"shipping-taxable","14":"product-type-simple"},"yoast_head":"<!-- This site is optimized with the Yoast SEO plugin v24.9 - https:\/\/yoast.com\/wordpress\/plugins\/seo\/ -->\n<title>Model: RK-A4800 - LED Solution Provider | OEM&amp;ODM | 15+ Years<\/title>\n<meta name=\"robots\" content=\"index, follow, max-snippet:-1, max-image-preview:large, max-video-preview:-1\" \/>\n<link rel=\"canonical\" href=\"https:\/\/www.rkmega.com\/es\/producto\/rk-a4800\/\" \/>\n<meta property=\"og:locale\" content=\"es_ES\" \/>\n<meta property=\"og:type\" content=\"article\" \/>\n<meta property=\"og:title\" content=\"Model: RK-A4800 - LED Solution Provider | OEM&amp;ODM | 15+ Years\" \/>\n<meta property=\"og:description\" content=\"The use of imported advanced magnetic materials provides strong resistance to magnetic saturation, with high output efficiency, powerful output, and stable operation.  The internal layout of the entire unit is scientifically designed for air flow, with high-efficiency aluminum heat sinks and variable-speed cooling fans to ensure the amplifier operates at lower temperatures.  A comprehensive protection circuit ensures the safety of the equipment, including DC output protection, overload protection, short circuit protection, and overheating protection.  It features a design with low distortion, wide frequency band, low noise, and clipping distortion limiting circuits.  The use of an advanced full-bridge switch-mode power supply system with a comprehensive protection circuit.\" \/>\n<meta property=\"og:url\" content=\"https:\/\/www.rkmega.com\/es\/producto\/rk-a4800\/\" \/>\n<meta property=\"og:site_name\" content=\"LED Solution Provider | OEM&amp;ODM | 15+ Years\" \/>\n<meta property=\"article:modified_time\" content=\"2025-04-23T09:57:46+00:00\" \/>\n<meta property=\"og:image\" content=\"https:\/\/www.rkmega.com\/wp-content\/uploads\/2024\/12\/Quad-Channel-Amp-800W-RK-A4800-.jpg\" \/>\n\t<meta property=\"og:image:width\" content=\"1600\" \/>\n\t<meta property=\"og:image:height\" content=\"1200\" \/>\n\t<meta property=\"og:image:type\" content=\"image\/jpeg\" \/>\n<meta name=\"twitter:card\" content=\"summary_large_image\" \/>\n<script type=\"application\/ld+json\" class=\"yoast-schema-graph\">{\"@context\":\"https:\/\/schema.org\",\"@graph\":[{\"@type\":\"WebPage\",\"@id\":\"https:\/\/www.rkmega.com\/product\/rk-a4800\/\",\"url\":\"https:\/\/www.rkmega.com\/product\/rk-a4800\/\",\"name\":\"Model: RK-A4800 - LED Solution Provider | OEM&amp;ODM | 15+ Years\",\"isPartOf\":{\"@id\":\"https:\/\/www.rkmega.com\/#website\"},\"primaryImageOfPage\":{\"@id\":\"https:\/\/www.rkmega.com\/product\/rk-a4800\/#primaryimage\"},\"image\":{\"@id\":\"https:\/\/www.rkmega.com\/product\/rk-a4800\/#primaryimage\"},\"thumbnailUrl\":\"https:\/\/www.rkmega.com\/wp-content\/uploads\/2024\/12\/Quad-Channel-Amp-800W-RK-A4800-.jpg\",\"datePublished\":\"2024-12-31T08:05:55+00:00\",\"dateModified\":\"2025-04-23T09:57:46+00:00\",\"breadcrumb\":{\"@id\":\"https:\/\/www.rkmega.com\/product\/rk-a4800\/#breadcrumb\"},\"inLanguage\":\"es\",\"potentialAction\":[{\"@type\":\"ReadAction\",\"target\":[\"https:\/\/www.rkmega.com\/product\/rk-a4800\/\"]}]},{\"@type\":\"ImageObject\",\"inLanguage\":\"es\",\"@id\":\"https:\/\/www.rkmega.com\/product\/rk-a4800\/#primaryimage\",\"url\":\"https:\/\/www.rkmega.com\/wp-content\/uploads\/2024\/12\/Quad-Channel-Amp-800W-RK-A4800-.jpg\",\"contentUrl\":\"https:\/\/www.rkmega.com\/wp-content\/uploads\/2024\/12\/Quad-Channel-Amp-800W-RK-A4800-.jpg\",\"width\":1600,\"height\":1200},{\"@type\":\"BreadcrumbList\",\"@id\":\"https:\/\/www.rkmega.com\/product\/rk-a4800\/#breadcrumb\",\"itemListElement\":[{\"@type\":\"ListItem\",\"position\":1,\"name\":\"Home\",\"item\":\"https:\/\/www.rkmega.com\/\"},{\"@type\":\"ListItem\",\"position\":2,\"name\":\"Store\",\"item\":\"https:\/\/www.rkmega.com\/store\/\"},{\"@type\":\"ListItem\",\"position\":3,\"name\":\"Model: RK-A4800\"}]},{\"@type\":\"WebSite\",\"@id\":\"https:\/\/www.rkmega.com\/#website\",\"url\":\"https:\/\/www.rkmega.com\/\",\"name\":\"LED DISPLAY\",\"description\":\"\",\"publisher\":{\"@id\":\"https:\/\/www.rkmega.com\/#organization\"},\"potentialAction\":[{\"@type\":\"SearchAction\",\"target\":{\"@type\":\"EntryPoint\",\"urlTemplate\":\"https:\/\/www.rkmega.com\/?s={search_term_string}\"},\"query-input\":{\"@type\":\"PropertyValueSpecification\",\"valueRequired\":true,\"valueName\":\"search_term_string\"}}],\"inLanguage\":\"es\"},{\"@type\":\"Organization\",\"@id\":\"https:\/\/www.rkmega.com\/#organization\",\"name\":\"RKMEGA\",\"url\":\"https:\/\/www.rkmega.com\/\",\"logo\":{\"@type\":\"ImageObject\",\"inLanguage\":\"es\",\"@id\":\"https:\/\/www.rkmega.com\/#\/schema\/logo\/image\/\",\"url\":\"https:\/\/www.rkmega.com\/wp-content\/uploads\/2024\/12\/cropped-LOGO180X60-2.png\",\"contentUrl\":\"https:\/\/www.rkmega.com\/wp-content\/uploads\/2024\/12\/cropped-LOGO180X60-2.png\",\"width\":180,\"height\":60,\"caption\":\"RKMEGA\"},\"image\":{\"@id\":\"https:\/\/www.rkmega.com\/#\/schema\/logo\/image\/\"}}]}<\/script>\n<!-- \/ Yoast SEO plugin. -->","yoast_head_json":{"title":"Model: RK-A4800 - LED Solution Provider | OEM&amp;ODM | 15+ Years","robots":{"index":"index","follow":"follow","max-snippet":"max-snippet:-1","max-image-preview":"max-image-preview:large","max-video-preview":"max-video-preview:-1"},"canonical":"https:\/\/www.rkmega.com\/es\/producto\/rk-a4800\/","og_locale":"es_ES","og_type":"article","og_title":"Model: RK-A4800 - LED Solution Provider | OEM&amp;ODM | 15+ Years","og_description":"The use of imported advanced magnetic materials provides strong resistance to magnetic saturation, with high output efficiency, powerful output, and stable operation.  The internal layout of the entire unit is scientifically designed for air flow, with high-efficiency aluminum heat sinks and variable-speed cooling fans to ensure the amplifier operates at lower temperatures.  A comprehensive protection circuit ensures the safety of the equipment, including DC output protection, overload protection, short circuit protection, and overheating protection.  It features a design with low distortion, wide frequency band, low noise, and clipping distortion limiting circuits.  The use of an advanced full-bridge switch-mode power supply system with a comprehensive protection circuit.","og_url":"https:\/\/www.rkmega.com\/es\/producto\/rk-a4800\/","og_site_name":"LED Solution Provider | OEM&amp;ODM | 15+ Years","article_modified_time":"2025-04-23T09:57:46+00:00","og_image":[{"width":1600,"height":1200,"url":"https:\/\/www.rkmega.com\/wp-content\/uploads\/2024\/12\/Quad-Channel-Amp-800W-RK-A4800-.jpg","type":"image\/jpeg"}],"twitter_card":"summary_large_image","schema":{"@context":"https:\/\/schema.org","@graph":[{"@type":"WebPage","@id":"https:\/\/www.rkmega.com\/product\/rk-a4800\/","url":"https:\/\/www.rkmega.com\/product\/rk-a4800\/","name":"Model: RK-A4800 - LED Solution Provider | OEM&amp;ODM | 15+ Years","isPartOf":{"@id":"https:\/\/www.rkmega.com\/#website"},"primaryImageOfPage":{"@id":"https:\/\/www.rkmega.com\/product\/rk-a4800\/#primaryimage"},"image":{"@id":"https:\/\/www.rkmega.com\/product\/rk-a4800\/#primaryimage"},"thumbnailUrl":"https:\/\/www.rkmega.com\/wp-content\/uploads\/2024\/12\/Quad-Channel-Amp-800W-RK-A4800-.jpg","datePublished":"2024-12-31T08:05:55+00:00","dateModified":"2025-04-23T09:57:46+00:00","breadcrumb":{"@id":"https:\/\/www.rkmega.com\/product\/rk-a4800\/#breadcrumb"},"inLanguage":"es","potentialAction":[{"@type":"ReadAction","target":["https:\/\/www.rkmega.com\/product\/rk-a4800\/"]}]},{"@type":"ImageObject","inLanguage":"es","@id":"https:\/\/www.rkmega.com\/product\/rk-a4800\/#primaryimage","url":"https:\/\/www.rkmega.com\/wp-content\/uploads\/2024\/12\/Quad-Channel-Amp-800W-RK-A4800-.jpg","contentUrl":"https:\/\/www.rkmega.com\/wp-content\/uploads\/2024\/12\/Quad-Channel-Amp-800W-RK-A4800-.jpg","width":1600,"height":1200},{"@type":"BreadcrumbList","@id":"https:\/\/www.rkmega.com\/product\/rk-a4800\/#breadcrumb","itemListElement":[{"@type":"ListItem","position":1,"name":"Home","item":"https:\/\/www.rkmega.com\/"},{"@type":"ListItem","position":2,"name":"Store","item":"https:\/\/www.rkmega.com\/store\/"},{"@type":"ListItem","position":3,"name":"Model: RK-A4800"}]},{"@type":"WebSite","@id":"https:\/\/www.rkmega.com\/#website","url":"https:\/\/www.rkmega.com\/","name":"LED DISPLAY","description":"","publisher":{"@id":"https:\/\/www.rkmega.com\/#organization"},"potentialAction":[{"@type":"SearchAction","target":{"@type":"EntryPoint","urlTemplate":"https:\/\/www.rkmega.com\/?s={search_term_string}"},"query-input":{"@type":"PropertyValueSpecification","valueRequired":true,"valueName":"search_term_string"}}],"inLanguage":"es"},{"@type":"Organization","@id":"https:\/\/www.rkmega.com\/#organization","name":"RKMEGA","url":"https:\/\/www.rkmega.com\/","logo":{"@type":"ImageObject","inLanguage":"es","@id":"https:\/\/www.rkmega.com\/#\/schema\/logo\/image\/","url":"https:\/\/www.rkmega.com\/wp-content\/uploads\/2024\/12\/cropped-LOGO180X60-2.png","contentUrl":"https:\/\/www.rkmega.com\/wp-content\/uploads\/2024\/12\/cropped-LOGO180X60-2.png","width":180,"height":60,"caption":"RKMEGA"},"image":{"@id":"https:\/\/www.rkmega.com\/#\/schema\/logo\/image\/"}}]}},"_links":{"self":[{"href":"https:\/\/www.rkmega.com\/es\/wp-json\/wp\/v2\/product\/5769","targetHints":{"allow":["GET"]}}],"collection":[{"href":"https:\/\/www.rkmega.com\/es\/wp-json\/wp\/v2\/product"}],"about":[{"href":"https:\/\/www.rkmega.com\/es\/wp-json\/wp\/v2\/types\/product"}],"replies":[{"embeddable":true,"href":"https:\/\/www.rkmega.com\/es\/wp-json\/wp\/v2\/comments?post=5769"}],"version-history":[{"count":2,"href":"https:\/\/www.rkmega.com\/es\/wp-json\/wp\/v2\/product\/5769\/revisions"}],"predecessor-version":[{"id":6248,"href":"https:\/\/www.rkmega.com\/es\/wp-json\/wp\/v2\/product\/5769\/revisions\/6248"}],"wp:featuredmedia":[{"embeddable":true,"href":"https:\/\/www.rkmega.com\/es\/wp-json\/wp\/v2\/media\/5770"}],"wp:attachment":[{"href":"https:\/\/www.rkmega.com\/es\/wp-json\/wp\/v2\/media?parent=5769"}],"wp:term":[{"taxonomy":"product_cat","embeddable":true,"href":"https:\/\/www.rkmega.com\/es\/wp-json\/wp\/v2\/product_cat?post=5769"},{"taxonomy":"product_tag","embeddable":true,"href":"https:\/\/www.rkmega.com\/es\/wp-json\/wp\/v2\/product_tag?post=5769"}],"curies":[{"name":"wp","href":"https:\/\/api.w.org\/{rel}","templated":true}]}}