{"id":5787,"date":"2024-12-31T16:13:41","date_gmt":"2024-12-31T08:13:41","guid":{"rendered":"https:\/\/www.rkmega.com\/?post_type=product&#038;p=5787"},"modified":"2025-04-23T17:56:14","modified_gmt":"2025-04-23T09:56:14","slug":"rk-qf08","status":"publish","type":"product","link":"https:\/\/www.rkmega.com\/es\/producto\/rk-qf08\/","title":{"rendered":"Modelo: RK-QF08"},"content":{"rendered":"<table>\n<tbody>\n<tr>\n<td><strong><b>Tipo de sistema<\/b><\/strong><\/td>\n<td><strong><b>Reflejo de graves con cruce de 2 v\u00edas<\/b><\/strong><\/td>\n<\/tr>\n<tr>\n<td>Modo cruzado<\/td>\n<td>Crossover integrado<\/td>\n<\/tr>\n<tr>\n<td>Aplicaci\u00f3n del producto<\/td>\n<td>Salas polivalentes, salones de banquetes, salas de conferencias, clubes de espect\u00e1culos, sistemas de audio educativos y otros recintos<\/td>\n<\/tr>\n<tr>\n<td>Configuraci\u00f3n del controlador<\/td>\n<td>Conductor de baja frecuencia de ferrita 8\u2033x1, conductor de alta frecuencia de ferrita 1\u2033x1<\/td>\n<\/tr>\n<tr>\n<td>Gama de frecuencias (-10 dB)<\/td>\n<td>50 Hz-20 KHz<\/td>\n<\/tr>\n<tr>\n<td>Respuesta en frecuencia (\u00b13 dB)<\/td>\n<td>85 Hz-20 KHz<\/td>\n<\/tr>\n<tr>\n<td>Potencia nominal<\/td>\n<td>120 W\/240 W\/480 W (se\u00f1al continua\/m\u00fasica\/pico)<\/td>\n<\/tr>\n<tr>\n<td>Impedancia nominal<\/td>\n<td>8\u03a9<\/td>\n<\/tr>\n<tr>\n<td>Sensibilidad<\/td>\n<td>92 dB<\/td>\n<\/tr>\n<tr>\n<td>Directividad<\/td>\n<td>70\u00b0x100\u00b0 (HxV)<\/td>\n<\/tr>\n<tr>\n<td>Nivel m\u00e1ximo de presi\u00f3n sonora<\/td>\n<td>113dB@120w (116dB@240w)<\/td>\n<\/tr>\n<tr>\n<td>Conector<\/td>\n<td>Altavoz NL4X2<\/td>\n<\/tr>\n<tr>\n<td>Tratamiento de superficies<\/td>\n<td>Pintura al agua negra<\/td>\n<\/tr>\n<tr>\n<td>Peso (cada uno)<\/td>\n<td>7,6 kg<\/td>\n<\/tr>\n<tr>\n<td>Dimensiones de la caja (Al x An x Fo)<\/td>\n<td>430 mm x 218(160) mm x 210 mm<\/td>\n<\/tr>\n<\/tbody>\n<\/table>","protected":false},"excerpt":{"rendered":"<p>El altavoz cuenta con un robusto recinto trapezoidal de baja resonancia con una textura dura y pesada, que ofrece excelentes caracter\u00edsticas de amortiguaci\u00f3n de las bajas frecuencias, baja coloraci\u00f3n del sonido y mejora significativamente la pureza del sonido.<\/p>\n<p>Utiliza un transductor de baja frecuencia de ferrita que mantiene la delicadeza original del sonido a la vez que permite una salida de baja frecuencia m\u00e1s potente.<\/p>\n<p>La alta eficiencia de conversi\u00f3n facilita la combinaci\u00f3n con amplificadores de potencia, resolviendo f\u00e1cilmente los problemas de conducci\u00f3n.<\/p>\n<p>Dispone de un circuito de cruce integrado de dise\u00f1o riguroso con un excelente rendimiento de divisi\u00f3n de la frecuencia de la se\u00f1al.<\/p>\n<p>Equipado con un circuito de protecci\u00f3n din\u00e1mica de alta frecuencia, proporciona una protecci\u00f3n eficaz para el altavoz en condiciones de alto rendimiento continuo.<\/p>","protected":false},"featured_media":5788,"comment_status":"open","ping_status":"closed","template":"","meta":{"site-sidebar-layout":"default","site-content-layout":"","ast-site-content-layout":"default","site-content-style":"default","site-sidebar-style":"default","ast-global-header-display":"","ast-banner-title-visibility":"","ast-main-header-display":"","ast-hfb-above-header-display":"","ast-hfb-below-header-display":"","ast-hfb-mobile-header-display":"","site-post-title":"","ast-breadcrumbs-content":"","ast-featured-img":"","footer-sml-layout":"","theme-transparent-header-meta":"default","adv-header-id-meta":"","stick-header-meta":"","header-above-stick-meta":"","header-main-stick-meta":"","header-below-stick-meta":"","astra-migrate-meta-layouts":"set","ast-page-background-enabled":"default","ast-page-background-meta":{"desktop":{"background-color":"","background-image":"","background-repeat":"repeat","background-position":"center center","background-size":"auto","background-attachment":"scroll","background-type":"","background-media":"","overlay-type":"","overlay-color":"","overlay-opacity":"","overlay-gradient":""},"tablet":{"background-color":"","background-image":"","background-repeat":"repeat","background-position":"center center","background-size":"auto","background-attachment":"scroll","background-type":"","background-media":"","overlay-type":"","overlay-color":"","overlay-opacity":"","overlay-gradient":""},"mobile":{"background-color":"","background-image":"","background-repeat":"repeat","background-position":"center center","background-size":"auto","background-attachment":"scroll","background-type":"","background-media":"","overlay-type":"","overlay-color":"","overlay-opacity":"","overlay-gradient":""}},"ast-content-background-meta":{"desktop":{"background-color":"var(--ast-global-color-5)","background-image":"","background-repeat":"repeat","background-position":"center center","background-size":"auto","background-attachment":"scroll","background-type":"","background-media":"","overlay-type":"","overlay-color":"","overlay-opacity":"","overlay-gradient":""},"tablet":{"background-color":"var(--ast-global-color-5)","background-image":"","background-repeat":"repeat","background-position":"center center","background-size":"auto","background-attachment":"scroll","background-type":"","background-media":"","overlay-type":"","overlay-color":"","overlay-opacity":"","overlay-gradient":""},"mobile":{"background-color":"var(--ast-global-color-5)","background-image":"","background-repeat":"repeat","background-position":"center center","background-size":"auto","background-attachment":"scroll","background-type":"","background-media":"","overlay-type":"","overlay-color":"","overlay-opacity":"","overlay-gradient":""}}},"product_cat":[86],"product_tag":[],"class_list":{"0":"post-5787","1":"product","2":"type-product","3":"status-publish","4":"has-post-thumbnail","6":"product_cat-sound-system","7":"desktop-align-left","8":"tablet-align-left","9":"mobile-align-left","11":"first","12":"instock","13":"shipping-taxable","14":"product-type-simple"},"yoast_head":"<!-- This site is optimized with the Yoast SEO plugin v24.9 - https:\/\/yoast.com\/wordpress\/plugins\/seo\/ -->\n<title>Model: RK-QF08 - LED Solution Provider | OEM&amp;ODM | 15+ Years<\/title>\n<meta name=\"robots\" content=\"index, follow, max-snippet:-1, max-image-preview:large, max-video-preview:-1\" \/>\n<link rel=\"canonical\" href=\"https:\/\/www.rkmega.com\/es\/producto\/rk-qf08\/\" \/>\n<meta property=\"og:locale\" content=\"es_ES\" \/>\n<meta property=\"og:type\" content=\"article\" \/>\n<meta property=\"og:title\" content=\"Model: RK-QF08 - LED Solution Provider | OEM&amp;ODM | 15+ Years\" \/>\n<meta property=\"og:description\" content=\"The speaker features a robust, low-resonance trapezoidal enclosure with a hard and heavy texture, offering excellent low-frequency damping characteristics, low sound coloration, and significantly enhancing the purity of the sound.  It uses a ferrite low-frequency driver that maintains the original delicacy of the sound while allowing for more powerful low-frequency output.  The high conversion efficiency makes it easier to match with power amplifiers, easily resolving driving issues.  It has a rigorously designed built-in crossover circuit with excellent signal frequency division performance.  Equipped with a high-frequency dynamic protection circuit, it provides effective protection for the speaker under continuous high-output conditions.\" \/>\n<meta property=\"og:url\" content=\"https:\/\/www.rkmega.com\/es\/producto\/rk-qf08\/\" \/>\n<meta property=\"og:site_name\" content=\"LED Solution Provider | OEM&amp;ODM | 15+ Years\" \/>\n<meta property=\"article:modified_time\" content=\"2025-04-23T09:56:14+00:00\" \/>\n<meta property=\"og:image\" content=\"https:\/\/www.rkmega.com\/wp-content\/uploads\/2024\/12\/8-inch-Full-Range-Speaker-RK-QF08.jpg\" \/>\n\t<meta property=\"og:image:width\" content=\"1600\" \/>\n\t<meta property=\"og:image:height\" content=\"1200\" \/>\n\t<meta property=\"og:image:type\" content=\"image\/jpeg\" \/>\n<meta name=\"twitter:card\" content=\"summary_large_image\" \/>\n<script type=\"application\/ld+json\" class=\"yoast-schema-graph\">{\"@context\":\"https:\/\/schema.org\",\"@graph\":[{\"@type\":\"WebPage\",\"@id\":\"https:\/\/www.rkmega.com\/product\/rk-qf08\/\",\"url\":\"https:\/\/www.rkmega.com\/product\/rk-qf08\/\",\"name\":\"Model: RK-QF08 - LED Solution Provider | OEM&amp;ODM | 15+ Years\",\"isPartOf\":{\"@id\":\"https:\/\/www.rkmega.com\/#website\"},\"primaryImageOfPage\":{\"@id\":\"https:\/\/www.rkmega.com\/product\/rk-qf08\/#primaryimage\"},\"image\":{\"@id\":\"https:\/\/www.rkmega.com\/product\/rk-qf08\/#primaryimage\"},\"thumbnailUrl\":\"https:\/\/www.rkmega.com\/wp-content\/uploads\/2024\/12\/8-inch-Full-Range-Speaker-RK-QF08.jpg\",\"datePublished\":\"2024-12-31T08:13:41+00:00\",\"dateModified\":\"2025-04-23T09:56:14+00:00\",\"breadcrumb\":{\"@id\":\"https:\/\/www.rkmega.com\/product\/rk-qf08\/#breadcrumb\"},\"inLanguage\":\"es\",\"potentialAction\":[{\"@type\":\"ReadAction\",\"target\":[\"https:\/\/www.rkmega.com\/product\/rk-qf08\/\"]}]},{\"@type\":\"ImageObject\",\"inLanguage\":\"es\",\"@id\":\"https:\/\/www.rkmega.com\/product\/rk-qf08\/#primaryimage\",\"url\":\"https:\/\/www.rkmega.com\/wp-content\/uploads\/2024\/12\/8-inch-Full-Range-Speaker-RK-QF08.jpg\",\"contentUrl\":\"https:\/\/www.rkmega.com\/wp-content\/uploads\/2024\/12\/8-inch-Full-Range-Speaker-RK-QF08.jpg\",\"width\":1600,\"height\":1200},{\"@type\":\"BreadcrumbList\",\"@id\":\"https:\/\/www.rkmega.com\/product\/rk-qf08\/#breadcrumb\",\"itemListElement\":[{\"@type\":\"ListItem\",\"position\":1,\"name\":\"Home\",\"item\":\"https:\/\/www.rkmega.com\/\"},{\"@type\":\"ListItem\",\"position\":2,\"name\":\"Store\",\"item\":\"https:\/\/www.rkmega.com\/store\/\"},{\"@type\":\"ListItem\",\"position\":3,\"name\":\"Model: RK-QF08\"}]},{\"@type\":\"WebSite\",\"@id\":\"https:\/\/www.rkmega.com\/#website\",\"url\":\"https:\/\/www.rkmega.com\/\",\"name\":\"LED DISPLAY\",\"description\":\"\",\"publisher\":{\"@id\":\"https:\/\/www.rkmega.com\/#organization\"},\"potentialAction\":[{\"@type\":\"SearchAction\",\"target\":{\"@type\":\"EntryPoint\",\"urlTemplate\":\"https:\/\/www.rkmega.com\/?s={search_term_string}\"},\"query-input\":{\"@type\":\"PropertyValueSpecification\",\"valueRequired\":true,\"valueName\":\"search_term_string\"}}],\"inLanguage\":\"es\"},{\"@type\":\"Organization\",\"@id\":\"https:\/\/www.rkmega.com\/#organization\",\"name\":\"RKMEGA\",\"url\":\"https:\/\/www.rkmega.com\/\",\"logo\":{\"@type\":\"ImageObject\",\"inLanguage\":\"es\",\"@id\":\"https:\/\/www.rkmega.com\/#\/schema\/logo\/image\/\",\"url\":\"https:\/\/www.rkmega.com\/wp-content\/uploads\/2024\/12\/cropped-LOGO180X60-2.png\",\"contentUrl\":\"https:\/\/www.rkmega.com\/wp-content\/uploads\/2024\/12\/cropped-LOGO180X60-2.png\",\"width\":180,\"height\":60,\"caption\":\"RKMEGA\"},\"image\":{\"@id\":\"https:\/\/www.rkmega.com\/#\/schema\/logo\/image\/\"}}]}<\/script>\n<!-- \/ Yoast SEO plugin. -->","yoast_head_json":{"title":"Model: RK-QF08 - LED Solution Provider | OEM&amp;ODM | 15+ Years","robots":{"index":"index","follow":"follow","max-snippet":"max-snippet:-1","max-image-preview":"max-image-preview:large","max-video-preview":"max-video-preview:-1"},"canonical":"https:\/\/www.rkmega.com\/es\/producto\/rk-qf08\/","og_locale":"es_ES","og_type":"article","og_title":"Model: RK-QF08 - LED Solution Provider | OEM&amp;ODM | 15+ Years","og_description":"The speaker features a robust, low-resonance trapezoidal enclosure with a hard and heavy texture, offering excellent low-frequency damping characteristics, low sound coloration, and significantly enhancing the purity of the sound.  It uses a ferrite low-frequency driver that maintains the original delicacy of the sound while allowing for more powerful low-frequency output.  The high conversion efficiency makes it easier to match with power amplifiers, easily resolving driving issues.  It has a rigorously designed built-in crossover circuit with excellent signal frequency division performance.  Equipped with a high-frequency dynamic protection circuit, it provides effective protection for the speaker under continuous high-output conditions.","og_url":"https:\/\/www.rkmega.com\/es\/producto\/rk-qf08\/","og_site_name":"LED Solution Provider | OEM&amp;ODM | 15+ Years","article_modified_time":"2025-04-23T09:56:14+00:00","og_image":[{"width":1600,"height":1200,"url":"https:\/\/www.rkmega.com\/wp-content\/uploads\/2024\/12\/8-inch-Full-Range-Speaker-RK-QF08.jpg","type":"image\/jpeg"}],"twitter_card":"summary_large_image","schema":{"@context":"https:\/\/schema.org","@graph":[{"@type":"WebPage","@id":"https:\/\/www.rkmega.com\/product\/rk-qf08\/","url":"https:\/\/www.rkmega.com\/product\/rk-qf08\/","name":"Model: RK-QF08 - LED Solution Provider | OEM&amp;ODM | 15+ Years","isPartOf":{"@id":"https:\/\/www.rkmega.com\/#website"},"primaryImageOfPage":{"@id":"https:\/\/www.rkmega.com\/product\/rk-qf08\/#primaryimage"},"image":{"@id":"https:\/\/www.rkmega.com\/product\/rk-qf08\/#primaryimage"},"thumbnailUrl":"https:\/\/www.rkmega.com\/wp-content\/uploads\/2024\/12\/8-inch-Full-Range-Speaker-RK-QF08.jpg","datePublished":"2024-12-31T08:13:41+00:00","dateModified":"2025-04-23T09:56:14+00:00","breadcrumb":{"@id":"https:\/\/www.rkmega.com\/product\/rk-qf08\/#breadcrumb"},"inLanguage":"es","potentialAction":[{"@type":"ReadAction","target":["https:\/\/www.rkmega.com\/product\/rk-qf08\/"]}]},{"@type":"ImageObject","inLanguage":"es","@id":"https:\/\/www.rkmega.com\/product\/rk-qf08\/#primaryimage","url":"https:\/\/www.rkmega.com\/wp-content\/uploads\/2024\/12\/8-inch-Full-Range-Speaker-RK-QF08.jpg","contentUrl":"https:\/\/www.rkmega.com\/wp-content\/uploads\/2024\/12\/8-inch-Full-Range-Speaker-RK-QF08.jpg","width":1600,"height":1200},{"@type":"BreadcrumbList","@id":"https:\/\/www.rkmega.com\/product\/rk-qf08\/#breadcrumb","itemListElement":[{"@type":"ListItem","position":1,"name":"Home","item":"https:\/\/www.rkmega.com\/"},{"@type":"ListItem","position":2,"name":"Store","item":"https:\/\/www.rkmega.com\/store\/"},{"@type":"ListItem","position":3,"name":"Model: RK-QF08"}]},{"@type":"WebSite","@id":"https:\/\/www.rkmega.com\/#website","url":"https:\/\/www.rkmega.com\/","name":"LED DISPLAY","description":"","publisher":{"@id":"https:\/\/www.rkmega.com\/#organization"},"potentialAction":[{"@type":"SearchAction","target":{"@type":"EntryPoint","urlTemplate":"https:\/\/www.rkmega.com\/?s={search_term_string}"},"query-input":{"@type":"PropertyValueSpecification","valueRequired":true,"valueName":"search_term_string"}}],"inLanguage":"es"},{"@type":"Organization","@id":"https:\/\/www.rkmega.com\/#organization","name":"RKMEGA","url":"https:\/\/www.rkmega.com\/","logo":{"@type":"ImageObject","inLanguage":"es","@id":"https:\/\/www.rkmega.com\/#\/schema\/logo\/image\/","url":"https:\/\/www.rkmega.com\/wp-content\/uploads\/2024\/12\/cropped-LOGO180X60-2.png","contentUrl":"https:\/\/www.rkmega.com\/wp-content\/uploads\/2024\/12\/cropped-LOGO180X60-2.png","width":180,"height":60,"caption":"RKMEGA"},"image":{"@id":"https:\/\/www.rkmega.com\/#\/schema\/logo\/image\/"}}]}},"_links":{"self":[{"href":"https:\/\/www.rkmega.com\/es\/wp-json\/wp\/v2\/product\/5787","targetHints":{"allow":["GET"]}}],"collection":[{"href":"https:\/\/www.rkmega.com\/es\/wp-json\/wp\/v2\/product"}],"about":[{"href":"https:\/\/www.rkmega.com\/es\/wp-json\/wp\/v2\/types\/product"}],"replies":[{"embeddable":true,"href":"https:\/\/www.rkmega.com\/es\/wp-json\/wp\/v2\/comments?post=5787"}],"version-history":[{"count":2,"href":"https:\/\/www.rkmega.com\/es\/wp-json\/wp\/v2\/product\/5787\/revisions"}],"predecessor-version":[{"id":6242,"href":"https:\/\/www.rkmega.com\/es\/wp-json\/wp\/v2\/product\/5787\/revisions\/6242"}],"wp:featuredmedia":[{"embeddable":true,"href":"https:\/\/www.rkmega.com\/es\/wp-json\/wp\/v2\/media\/5788"}],"wp:attachment":[{"href":"https:\/\/www.rkmega.com\/es\/wp-json\/wp\/v2\/media?parent=5787"}],"wp:term":[{"taxonomy":"product_cat","embeddable":true,"href":"https:\/\/www.rkmega.com\/es\/wp-json\/wp\/v2\/product_cat?post=5787"},{"taxonomy":"product_tag","embeddable":true,"href":"https:\/\/www.rkmega.com\/es\/wp-json\/wp\/v2\/product_tag?post=5787"}],"curies":[{"name":"wp","href":"https:\/\/api.w.org\/{rel}","templated":true}]}}