{"id":6436,"date":"2025-06-12T16:43:17","date_gmt":"2025-06-12T08:43:17","guid":{"rendered":"https:\/\/www.rkmega.com\/?page_id=6436"},"modified":"2025-06-12T19:08:07","modified_gmt":"2025-06-12T11:08:07","slug":"cob-rental-display-xr","status":"publish","type":"page","link":"https:\/\/www.rkmega.com\/pt\/cob-rental-display-xr\/","title":{"rendered":"Display de aluguel COB-XR"},"content":{"rendered":"<div data-elementor-type=\"wp-page\" data-elementor-id=\"6436\" class=\"elementor elementor-6436\" data-elementor-post-type=\"page\">\n\t\t\t\t<div class=\"elementor-element elementor-element-edebe84 e-con-full e-flex e-con e-parent\" data-id=\"edebe84\" data-element_type=\"container\">\n\t\t\t\t<div class=\"elementor-element elementor-element-d2908fb elementor-widget elementor-widget-image\" data-id=\"d2908fb\" data-element_type=\"widget\" data-widget_type=\"image.default\">\n\t\t\t\t<div class=\"elementor-widget-container\">\n\t\t\t\t\t\t\t\t\t\t\t\t\t\t\t<img fetchpriority=\"high\" decoding=\"async\" width=\"1536\" height=\"608\" src=\"https:\/\/www.rkmega.com\/wp-content\/uploads\/2025\/06\/XR-\u5927\u56fe-1536x608.jpg\" class=\"attachment-1536x1536 size-1536x1536 wp-image-6496\" alt=\"\" srcset=\"https:\/\/www.rkmega.com\/wp-content\/uploads\/2025\/06\/XR-\u5927\u56fe-1536x608.jpg 1536w, https:\/\/www.rkmega.com\/wp-content\/uploads\/2025\/06\/XR-\u5927\u56fe-300x119.jpg 300w, https:\/\/www.rkmega.com\/wp-content\/uploads\/2025\/06\/XR-\u5927\u56fe-1024x405.jpg 1024w, https:\/\/www.rkmega.com\/wp-content\/uploads\/2025\/06\/XR-\u5927\u56fe-768x304.jpg 768w, https:\/\/www.rkmega.com\/wp-content\/uploads\/2025\/06\/XR-\u5927\u56fe-18x7.jpg 18w, https:\/\/www.rkmega.com\/wp-content\/uploads\/2025\/06\/XR-\u5927\u56fe-600x238.jpg 600w, https:\/\/www.rkmega.com\/wp-content\/uploads\/2025\/06\/XR-\u5927\u56fe.jpg 1920w\" sizes=\"(max-width: 1536px) 100vw, 1536px\" \/>\t\t\t\t\t\t\t\t\t\t\t\t\t\t\t<\/div>\n\t\t\t\t<\/div>\n\t\t\t\t<\/div>\n\t\t\t\t<section class=\"elementor-section elementor-top-section elementor-element elementor-element-da0592a elementor-section-content-middle elementor-section-boxed elementor-section-height-default elementor-section-height-default\" data-id=\"da0592a\" data-element_type=\"section\" data-settings=\"{&quot;background_background&quot;:&quot;classic&quot;}\">\n\t\t\t\t\t\t\t<div class=\"elementor-background-overlay\"><\/div>\n\t\t\t\t\t\t\t<div class=\"elementor-container elementor-column-gap-no\">\n\t\t\t\t\t<div class=\"elementor-column elementor-col-50 elementor-top-column elementor-element elementor-element-4cc3e98\" data-id=\"4cc3e98\" data-element_type=\"column\">\n\t\t\t<div class=\"elementor-widget-wrap elementor-element-populated\">\n\t\t\t\t\t\t<div class=\"elementor-element elementor-element-68e90ff elementor-widget__width-initial elementor-widget elementor-widget-image\" data-id=\"68e90ff\" data-element_type=\"widget\" data-widget_type=\"image.default\">\n\t\t\t\t<div class=\"elementor-widget-container\">\n\t\t\t\t\t\t\t\t\t\t\t\t\t\t\t<img decoding=\"async\" width=\"171\" height=\"300\" src=\"https:\/\/www.rkmega.com\/wp-content\/uploads\/2025\/06\/\u5fae\u4fe1\u56fe\u7247_20250611162428_7466-171x300.jpg\" class=\"elementor-animation-pulse-grow attachment-medium size-medium wp-image-6410\" alt=\"\" srcset=\"https:\/\/www.rkmega.com\/wp-content\/uploads\/2025\/06\/\u5fae\u4fe1\u56fe\u7247_20250611162428_7466-171x300.jpg 171w, https:\/\/www.rkmega.com\/wp-content\/uploads\/2025\/06\/\u5fae\u4fe1\u56fe\u7247_20250611162428_7466-582x1024.jpg 582w, https:\/\/www.rkmega.com\/wp-content\/uploads\/2025\/06\/\u5fae\u4fe1\u56fe\u7247_20250611162428_7466-768x1350.jpg 768w, https:\/\/www.rkmega.com\/wp-content\/uploads\/2025\/06\/\u5fae\u4fe1\u56fe\u7247_20250611162428_7466-7x12.jpg 7w, https:\/\/www.rkmega.com\/wp-content\/uploads\/2025\/06\/\u5fae\u4fe1\u56fe\u7247_20250611162428_7466-300x527.jpg 300w, https:\/\/www.rkmega.com\/wp-content\/uploads\/2025\/06\/\u5fae\u4fe1\u56fe\u7247_20250611162428_7466-600x1055.jpg 600w, https:\/\/www.rkmega.com\/wp-content\/uploads\/2025\/06\/\u5fae\u4fe1\u56fe\u7247_20250611162428_7466.jpg 819w\" sizes=\"(max-width: 171px) 100vw, 171px\" \/>\t\t\t\t\t\t\t\t\t\t\t\t\t\t\t<\/div>\n\t\t\t\t<\/div>\n\t\t\t\t\t<\/div>\n\t\t<\/div>\n\t\t\t\t<div class=\"elementor-column elementor-col-50 elementor-top-column elementor-element elementor-element-0267344\" data-id=\"0267344\" data-element_type=\"column\">\n\t\t\t<div class=\"elementor-widget-wrap elementor-element-populated\">\n\t\t\t\t\t\t<div class=\"elementor-element elementor-element-77962a3 elementor-widget elementor-widget-text-editor\" data-id=\"77962a3\" data-element_type=\"widget\" data-widget_type=\"text-editor.default\">\n\t\t\t\t<div class=\"elementor-widget-container\">\n\t\t\t\t\t\t\t\t\t<h3><strong>1\u3001<\/strong>Integra\u00e7\u00e3o perfeita da c\u00e2mera.<\/h3><p class=\"MsoNormal\">As altas taxas de atualiza\u00e7\u00e3o (\u22653.840Hz) e as finas dist\u00e2ncias entre os pixels (P1.2-P2.6) eliminam os padr\u00f5es moir\u00e9 e os artefatos de cintila\u00e7\u00e3o durante a captura da c\u00e2mera, permitindo uma cinematografia sem artefatos e sem corre\u00e7\u00f5es na p\u00f3s-produ\u00e7\u00e3o.<\/p>\t\t\t\t\t\t\t\t<\/div>\n\t\t\t\t<\/div>\n\t\t\t\t\t<\/div>\n\t\t<\/div>\n\t\t\t\t\t<\/div>\n\t\t<\/section>\n\t\t\t\t<section class=\"elementor-section elementor-top-section elementor-element elementor-element-6e49ef5 elementor-section-content-middle elementor-section-boxed elementor-section-height-default elementor-section-height-default\" data-id=\"6e49ef5\" data-element_type=\"section\" data-settings=\"{&quot;background_background&quot;:&quot;classic&quot;}\">\n\t\t\t\t\t\t\t<div class=\"elementor-background-overlay\"><\/div>\n\t\t\t\t\t\t\t<div class=\"elementor-container elementor-column-gap-no\">\n\t\t\t\t\t<div class=\"elementor-column elementor-col-50 elementor-top-column elementor-element elementor-element-b0a7008\" data-id=\"b0a7008\" data-element_type=\"column\">\n\t\t\t<div class=\"elementor-widget-wrap elementor-element-populated\">\n\t\t\t\t\t\t<div class=\"elementor-element elementor-element-5ab5350 elementor-widget elementor-widget-text-editor\" data-id=\"5ab5350\" data-element_type=\"widget\" data-widget_type=\"text-editor.default\">\n\t\t\t\t<div class=\"elementor-widget-container\">\n\t\t\t\t\t\t\t\t\t<h3><strong>2\u3001<\/strong>Calibra\u00e7\u00e3o de cores unificada<strong style=\"color: var(--ast-global-color-2); font-size: 1.625rem; font-style: inherit;\">.<\/strong><\/h3><p>O alto desempenho em escala de cinza e o brilho elevado (1.500 a 2.000 nits), combinados com a gama de cores NTSC de n\u00edvel de transmiss\u00e3o (\u2265110%), proporcionam imagens requintadas e realistas que atendem plenamente aos exigentes requisitos de captura de efeitos visuais para a produ\u00e7\u00e3o virtual XR...<\/p>\t\t\t\t\t\t\t\t<\/div>\n\t\t\t\t<\/div>\n\t\t\t\t\t<\/div>\n\t\t<\/div>\n\t\t\t\t<div class=\"elementor-column elementor-col-50 elementor-top-column elementor-element elementor-element-5f21e76\" data-id=\"5f21e76\" data-element_type=\"column\">\n\t\t\t<div class=\"elementor-widget-wrap elementor-element-populated\">\n\t\t\t\t\t\t<div class=\"elementor-element elementor-element-fe0f91f elementor-widget__width-initial elementor-widget elementor-widget-image\" data-id=\"fe0f91f\" data-element_type=\"widget\" data-widget_type=\"image.default\">\n\t\t\t\t<div class=\"elementor-widget-container\">\n\t\t\t\t\t\t\t\t\t\t\t\t\t\t\t<img decoding=\"async\" width=\"554\" height=\"226\" src=\"https:\/\/www.rkmega.com\/wp-content\/uploads\/2025\/06\/XR\u62cd\u6444\u7f51\u7ad9\u63a8\u5e7f666.png\" class=\"elementor-animation-pulse-grow attachment-full size-full wp-image-6453\" alt=\"\" srcset=\"https:\/\/www.rkmega.com\/wp-content\/uploads\/2025\/06\/XR\u62cd\u6444\u7f51\u7ad9\u63a8\u5e7f666.png 554w, https:\/\/www.rkmega.com\/wp-content\/uploads\/2025\/06\/XR\u62cd\u6444\u7f51\u7ad9\u63a8\u5e7f666-300x122.png 300w, https:\/\/www.rkmega.com\/wp-content\/uploads\/2025\/06\/XR\u62cd\u6444\u7f51\u7ad9\u63a8\u5e7f666-18x7.png 18w\" sizes=\"(max-width: 554px) 100vw, 554px\" \/>\t\t\t\t\t\t\t\t\t\t\t\t\t\t\t<\/div>\n\t\t\t\t<\/div>\n\t\t\t\t\t<\/div>\n\t\t<\/div>\n\t\t\t\t\t<\/div>\n\t\t<\/section>\n\t\t\t\t<section class=\"elementor-section elementor-top-section elementor-element elementor-element-90245f8 elementor-section-content-middle elementor-section-boxed elementor-section-height-default elementor-section-height-default\" data-id=\"90245f8\" data-element_type=\"section\" data-settings=\"{&quot;background_background&quot;:&quot;classic&quot;}\">\n\t\t\t\t\t\t\t<div class=\"elementor-background-overlay\"><\/div>\n\t\t\t\t\t\t\t<div class=\"elementor-container elementor-column-gap-no\">\n\t\t\t\t\t<div class=\"elementor-column elementor-col-50 elementor-top-column elementor-element elementor-element-8eed8cf\" data-id=\"8eed8cf\" data-element_type=\"column\">\n\t\t\t<div class=\"elementor-widget-wrap elementor-element-populated\">\n\t\t\t\t\t\t<div class=\"elementor-element elementor-element-59380a8 elementor-widget__width-initial elementor-widget elementor-widget-image\" data-id=\"59380a8\" data-element_type=\"widget\" data-widget_type=\"image.default\">\n\t\t\t\t<div class=\"elementor-widget-container\">\n\t\t\t\t\t\t\t\t\t\t\t\t\t\t\t<img loading=\"lazy\" decoding=\"async\" width=\"554\" height=\"356\" src=\"https:\/\/www.rkmega.com\/wp-content\/uploads\/2025\/06\/XR\u62cd\u6444\u7f51\u7ad9\u63a8\u5e7f828.png\" class=\"elementor-animation-pulse-grow attachment-full size-full wp-image-6454\" alt=\"\" srcset=\"https:\/\/www.rkmega.com\/wp-content\/uploads\/2025\/06\/XR\u62cd\u6444\u7f51\u7ad9\u63a8\u5e7f828.png 554w, https:\/\/www.rkmega.com\/wp-content\/uploads\/2025\/06\/XR\u62cd\u6444\u7f51\u7ad9\u63a8\u5e7f828-300x193.png 300w, https:\/\/www.rkmega.com\/wp-content\/uploads\/2025\/06\/XR\u62cd\u6444\u7f51\u7ad9\u63a8\u5e7f828-18x12.png 18w\" sizes=\"(max-width: 554px) 100vw, 554px\" \/>\t\t\t\t\t\t\t\t\t\t\t\t\t\t\t<\/div>\n\t\t\t\t<\/div>\n\t\t\t\t\t<\/div>\n\t\t<\/div>\n\t\t\t\t<div class=\"elementor-column elementor-col-50 elementor-top-column elementor-element elementor-element-9f68bc9\" data-id=\"9f68bc9\" data-element_type=\"column\">\n\t\t\t<div class=\"elementor-widget-wrap elementor-element-populated\">\n\t\t\t\t\t\t<div class=\"elementor-element elementor-element-75e6416 elementor-widget elementor-widget-text-editor\" data-id=\"75e6416\" data-element_type=\"widget\" data-widget_type=\"text-editor.default\">\n\t\t\t\t<div class=\"elementor-widget-container\">\n\t\t\t\t\t\t\t\t\t<h3><strong>3\u3001<\/strong>Flexibilidade criativa aprimorada.<\/h3><p>O gabinete permite configura\u00e7\u00f5es curvas e configura\u00e7\u00f5es h\u00edbridas em pisos\/tetos\/paredes.<\/p>\t\t\t\t\t\t\t\t<\/div>\n\t\t\t\t<\/div>\n\t\t\t\t\t<\/div>\n\t\t<\/div>\n\t\t\t\t\t<\/div>\n\t\t<\/section>\n\t\t\t\t<section class=\"elementor-section elementor-top-section elementor-element elementor-element-c21a366 elementor-section-content-middle elementor-section-boxed elementor-section-height-default elementor-section-height-default\" data-id=\"c21a366\" data-element_type=\"section\" data-settings=\"{&quot;background_background&quot;:&quot;classic&quot;}\">\n\t\t\t\t\t\t\t<div class=\"elementor-background-overlay\"><\/div>\n\t\t\t\t\t\t\t<div class=\"elementor-container elementor-column-gap-no\">\n\t\t\t\t\t<div class=\"elementor-column elementor-col-50 elementor-top-column elementor-element elementor-element-6bb41ab\" data-id=\"6bb41ab\" data-element_type=\"column\">\n\t\t\t<div class=\"elementor-widget-wrap elementor-element-populated\">\n\t\t\t\t\t\t<div class=\"elementor-element elementor-element-b9ce402 elementor-widget elementor-widget-text-editor\" data-id=\"b9ce402\" data-element_type=\"widget\" data-widget_type=\"text-editor.default\">\n\t\t\t\t<div class=\"elementor-widget-container\">\n\t\t\t\t\t\t\t\t\t<h3><strong>4\u3001<\/strong>Renderiza\u00e7\u00e3o de ambiente em tempo real.<strong style=\"color: var(--ast-global-color-2); font-size: 1.625rem; font-style: inherit;\"><br \/><\/strong><\/h3><p>Os monitores LED s\u00e3o sincronizados com sistemas de rastreamento de c\u00e2mera para ajustar dinamicamente a perspectiva e a paralaxe, criando ambientes 3D imersivos que respondem instantaneamente ao movimento da c\u00e2mera.<\/p>\t\t\t\t\t\t\t\t<\/div>\n\t\t\t\t<\/div>\n\t\t\t\t\t<\/div>\n\t\t<\/div>\n\t\t\t\t<div class=\"elementor-column elementor-col-50 elementor-top-column elementor-element elementor-element-2e8da9f\" data-id=\"2e8da9f\" data-element_type=\"column\">\n\t\t\t<div class=\"elementor-widget-wrap elementor-element-populated\">\n\t\t\t\t\t\t<div class=\"elementor-element elementor-element-7e8729d elementor-widget__width-initial elementor-widget elementor-widget-image\" data-id=\"7e8729d\" data-element_type=\"widget\" data-widget_type=\"image.default\">\n\t\t\t\t<div class=\"elementor-widget-container\">\n\t\t\t\t\t\t\t\t\t\t\t\t\t\t\t<img loading=\"lazy\" decoding=\"async\" width=\"554\" height=\"356\" src=\"https:\/\/www.rkmega.com\/wp-content\/uploads\/2025\/06\/XR\u62cd\u6444\u7f51\u7ad9\u63a8\u5e7f1074.png\" class=\"elementor-animation-pulse-grow attachment-full size-full wp-image-6459\" alt=\"\" srcset=\"https:\/\/www.rkmega.com\/wp-content\/uploads\/2025\/06\/XR\u62cd\u6444\u7f51\u7ad9\u63a8\u5e7f1074.png 554w, https:\/\/www.rkmega.com\/wp-content\/uploads\/2025\/06\/XR\u62cd\u6444\u7f51\u7ad9\u63a8\u5e7f1074-300x193.png 300w, https:\/\/www.rkmega.com\/wp-content\/uploads\/2025\/06\/XR\u62cd\u6444\u7f51\u7ad9\u63a8\u5e7f1074-18x12.png 18w\" sizes=\"(max-width: 554px) 100vw, 554px\" \/>\t\t\t\t\t\t\t\t\t\t\t\t\t\t\t<\/div>\n\t\t\t\t<\/div>\n\t\t\t\t\t<\/div>\n\t\t<\/div>\n\t\t\t\t\t<\/div>\n\t\t<\/section>\n\t\t\t\t<section class=\"elementor-section elementor-top-section elementor-element elementor-element-7731910 elementor-section-content-middle elementor-section-boxed elementor-section-height-default elementor-section-height-default\" data-id=\"7731910\" data-element_type=\"section\" data-settings=\"{&quot;background_background&quot;:&quot;classic&quot;}\">\n\t\t\t\t\t\t\t<div class=\"elementor-background-overlay\"><\/div>\n\t\t\t\t\t\t\t<div class=\"elementor-container elementor-column-gap-no\">\n\t\t\t\t\t<div class=\"elementor-column elementor-col-50 elementor-top-column elementor-element elementor-element-ab6d499\" data-id=\"ab6d499\" data-element_type=\"column\">\n\t\t\t<div class=\"elementor-widget-wrap elementor-element-populated\">\n\t\t\t\t\t\t<div class=\"elementor-element elementor-element-a473daf elementor-widget__width-initial elementor-widget elementor-widget-image\" data-id=\"a473daf\" data-element_type=\"widget\" data-widget_type=\"image.default\">\n\t\t\t\t<div class=\"elementor-widget-container\">\n\t\t\t\t\t\t\t\t\t\t\t\t\t\t\t<img loading=\"lazy\" decoding=\"async\" width=\"554\" height=\"312\" src=\"https:\/\/www.rkmega.com\/wp-content\/uploads\/2025\/06\/XR\u62cd\u6444\u7f51\u7ad9\u63a8\u5e7f1083.png\" class=\"elementor-animation-pulse-grow attachment-large size-large wp-image-6467\" alt=\"\" srcset=\"https:\/\/www.rkmega.com\/wp-content\/uploads\/2025\/06\/XR\u62cd\u6444\u7f51\u7ad9\u63a8\u5e7f1083.png 554w, https:\/\/www.rkmega.com\/wp-content\/uploads\/2025\/06\/XR\u62cd\u6444\u7f51\u7ad9\u63a8\u5e7f1083-300x169.png 300w, https:\/\/www.rkmega.com\/wp-content\/uploads\/2025\/06\/XR\u62cd\u6444\u7f51\u7ad9\u63a8\u5e7f1083-18x10.png 18w\" sizes=\"(max-width: 554px) 100vw, 554px\" \/>\t\t\t\t\t\t\t\t\t\t\t\t\t\t\t<\/div>\n\t\t\t\t<\/div>\n\t\t\t\t\t<\/div>\n\t\t<\/div>\n\t\t\t\t<div class=\"elementor-column elementor-col-50 elementor-top-column elementor-element elementor-element-797f8ee\" data-id=\"797f8ee\" data-element_type=\"column\">\n\t\t\t<div class=\"elementor-widget-wrap elementor-element-populated\">\n\t\t\t\t\t\t<div class=\"elementor-element elementor-element-c8a35c2 elementor-widget elementor-widget-text-editor\" data-id=\"c8a35c2\" data-element_type=\"widget\" data-widget_type=\"text-editor.default\">\n\t\t\t\t<div class=\"elementor-widget-container\">\n\t\t\t\t\t\t\t\t\t<h3><strong>5\u3001Casos de projetos<\/strong>.<\/h3><p>Estudos de caso ricos oferecem a voc\u00ea mais op\u00e7\u00f5es.<\/p>\t\t\t\t\t\t\t\t<\/div>\n\t\t\t\t<\/div>\n\t\t\t\t\t<\/div>\n\t\t<\/div>\n\t\t\t\t\t<\/div>\n\t\t<\/section>\n\t\t\t\t<\/div>","protected":false},"excerpt":{"rendered":"<p>1\u3001Seamless Camera Integration. High refresh rates (\u22653,840Hz) and fine pixel pitches (P1.2-P2.6) eliminate moire patterns and flicker artifacts during camera capture, enabling artifact-free cinematography without post-production fixes. 2\u3001Unified Color Calibration. High grayscale performance and elevated brightness (1,500-2,000 nits), combined with broadcast-grade NTSC color gamut (\u2265110%), deliver exquisite and true-to-life visuals that fully meet the demanding [&hellip;]<\/p>","protected":false},"author":1,"featured_media":0,"parent":0,"menu_order":0,"comment_status":"closed","ping_status":"closed","template":"","meta":{"site-sidebar-layout":"no-sidebar","site-content-layout":"page-builder","ast-site-content-layout":"full-width-container","site-content-style":"default","site-sidebar-style":"default","ast-global-header-display":"","ast-banner-title-visibility":"","ast-main-header-display":"","ast-hfb-above-header-display":"","ast-hfb-below-header-display":"","ast-hfb-mobile-header-display":"","site-post-title":"disabled","ast-breadcrumbs-content":"","ast-featured-img":"disabled","footer-sml-layout":"","theme-transparent-header-meta":"","adv-header-id-meta":"","stick-header-meta":"","header-above-stick-meta":"","header-main-stick-meta":"","header-below-stick-meta":"","astra-migrate-meta-layouts":"set","ast-page-background-enabled":"default","ast-page-background-meta":{"desktop":{"background-color":"","background-image":"","background-repeat":"repeat","background-position":"center center","background-size":"auto","background-attachment":"scroll","background-type":"","background-media":"","overlay-type":"","overlay-color":"","overlay-opacity":"","overlay-gradient":""},"tablet":{"background-color":"","background-image":"","background-repeat":"repeat","background-position":"center center","background-size":"auto","background-attachment":"scroll","background-type":"","background-media":"","overlay-type":"","overlay-color":"","overlay-opacity":"","overlay-gradient":""},"mobile":{"background-color":"","background-image":"","background-repeat":"repeat","background-position":"center center","background-size":"auto","background-attachment":"scroll","background-type":"","background-media":"","overlay-type":"","overlay-color":"","overlay-opacity":"","overlay-gradient":""}},"ast-content-background-meta":{"desktop":{"background-color":"var(--ast-global-color-5)","background-image":"","background-repeat":"repeat","background-position":"center center","background-size":"auto","background-attachment":"scroll","background-type":"","background-media":"","overlay-type":"","overlay-color":"","overlay-opacity":"","overlay-gradient":""},"tablet":{"background-color":"var(--ast-global-color-5)","background-image":"","background-repeat":"repeat","background-position":"center center","background-size":"auto","background-attachment":"scroll","background-type":"","background-media":"","overlay-type":"","overlay-color":"","overlay-opacity":"","overlay-gradient":""},"mobile":{"background-color":"var(--ast-global-color-5)","background-image":"","background-repeat":"repeat","background-position":"center center","background-size":"auto","background-attachment":"scroll","background-type":"","background-media":"","overlay-type":"","overlay-color":"","overlay-opacity":"","overlay-gradient":""}},"footnotes":""},"class_list":["post-6436","page","type-page","status-publish","hentry"],"yoast_head":"<!-- This site is optimized with the Yoast SEO plugin v24.9 - https:\/\/yoast.com\/wordpress\/plugins\/seo\/ -->\n<title>COB Rental Display-XR - LED Solution Provider | OEM&amp;ODM | 15+ Years<\/title>\n<meta name=\"robots\" content=\"index, follow, max-snippet:-1, max-image-preview:large, max-video-preview:-1\" \/>\n<link rel=\"canonical\" href=\"https:\/\/www.rkmega.com\/pt\/cob-rental-display-xr\/\" \/>\n<meta property=\"og:locale\" content=\"pt_BR\" \/>\n<meta property=\"og:type\" content=\"article\" \/>\n<meta property=\"og:title\" content=\"COB Rental Display-XR - LED Solution Provider | OEM&amp;ODM | 15+ Years\" \/>\n<meta property=\"og:description\" content=\"1\u3001Seamless Camera Integration. High refresh rates (\u22653,840Hz) and fine pixel pitches (P1.2-P2.6) eliminate moire patterns and flicker artifacts during camera capture, enabling artifact-free cinematography without post-production fixes. 2\u3001Unified Color Calibration. High grayscale performance and elevated brightness (1,500-2,000 nits), combined with broadcast-grade NTSC color gamut (\u2265110%), deliver exquisite and true-to-life visuals that fully meet the demanding [&hellip;]\" \/>\n<meta property=\"og:url\" content=\"https:\/\/www.rkmega.com\/pt\/cob-rental-display-xr\/\" \/>\n<meta property=\"og:site_name\" content=\"LED Solution Provider | OEM&amp;ODM | 15+ Years\" \/>\n<meta property=\"article:modified_time\" content=\"2025-06-12T11:08:07+00:00\" \/>\n<meta name=\"twitter:card\" content=\"summary_large_image\" \/>\n<meta name=\"twitter:label1\" content=\"Est. tempo de leitura\" \/>\n\t<meta name=\"twitter:data1\" content=\"2 minutos\" \/>\n<script type=\"application\/ld+json\" class=\"yoast-schema-graph\">{\"@context\":\"https:\/\/schema.org\",\"@graph\":[{\"@type\":\"WebPage\",\"@id\":\"https:\/\/www.rkmega.com\/cob-rental-display-xr\/\",\"url\":\"https:\/\/www.rkmega.com\/cob-rental-display-xr\/\",\"name\":\"COB Rental Display-XR - LED Solution Provider | OEM&amp;ODM | 15+ Years\",\"isPartOf\":{\"@id\":\"https:\/\/www.rkmega.com\/#website\"},\"datePublished\":\"2025-06-12T08:43:17+00:00\",\"dateModified\":\"2025-06-12T11:08:07+00:00\",\"breadcrumb\":{\"@id\":\"https:\/\/www.rkmega.com\/cob-rental-display-xr\/#breadcrumb\"},\"inLanguage\":\"pt-BR\",\"potentialAction\":[{\"@type\":\"ReadAction\",\"target\":[\"https:\/\/www.rkmega.com\/cob-rental-display-xr\/\"]}]},{\"@type\":\"BreadcrumbList\",\"@id\":\"https:\/\/www.rkmega.com\/cob-rental-display-xr\/#breadcrumb\",\"itemListElement\":[{\"@type\":\"ListItem\",\"position\":1,\"name\":\"Home\",\"item\":\"https:\/\/www.rkmega.com\/\"},{\"@type\":\"ListItem\",\"position\":2,\"name\":\"COB Rental Display-XR\"}]},{\"@type\":\"WebSite\",\"@id\":\"https:\/\/www.rkmega.com\/#website\",\"url\":\"https:\/\/www.rkmega.com\/\",\"name\":\"LED DISPLAY\",\"description\":\"\",\"publisher\":{\"@id\":\"https:\/\/www.rkmega.com\/#organization\"},\"potentialAction\":[{\"@type\":\"SearchAction\",\"target\":{\"@type\":\"EntryPoint\",\"urlTemplate\":\"https:\/\/www.rkmega.com\/?s={search_term_string}\"},\"query-input\":{\"@type\":\"PropertyValueSpecification\",\"valueRequired\":true,\"valueName\":\"search_term_string\"}}],\"inLanguage\":\"pt-BR\"},{\"@type\":\"Organization\",\"@id\":\"https:\/\/www.rkmega.com\/#organization\",\"name\":\"RKMEGA\",\"url\":\"https:\/\/www.rkmega.com\/\",\"logo\":{\"@type\":\"ImageObject\",\"inLanguage\":\"pt-BR\",\"@id\":\"https:\/\/www.rkmega.com\/#\/schema\/logo\/image\/\",\"url\":\"https:\/\/www.rkmega.com\/wp-content\/uploads\/2024\/12\/cropped-LOGO180X60-2.png\",\"contentUrl\":\"https:\/\/www.rkmega.com\/wp-content\/uploads\/2024\/12\/cropped-LOGO180X60-2.png\",\"width\":180,\"height\":60,\"caption\":\"RKMEGA\"},\"image\":{\"@id\":\"https:\/\/www.rkmega.com\/#\/schema\/logo\/image\/\"}}]}<\/script>\n<!-- \/ Yoast SEO plugin. -->","yoast_head_json":{"title":"COB Rental Display-XR - LED Solution Provider | OEM&amp;ODM | 15+ Years","robots":{"index":"index","follow":"follow","max-snippet":"max-snippet:-1","max-image-preview":"max-image-preview:large","max-video-preview":"max-video-preview:-1"},"canonical":"https:\/\/www.rkmega.com\/pt\/cob-rental-display-xr\/","og_locale":"pt_BR","og_type":"article","og_title":"COB Rental Display-XR - LED Solution Provider | OEM&amp;ODM | 15+ Years","og_description":"1\u3001Seamless Camera Integration. High refresh rates (\u22653,840Hz) and fine pixel pitches (P1.2-P2.6) eliminate moire patterns and flicker artifacts during camera capture, enabling artifact-free cinematography without post-production fixes. 2\u3001Unified Color Calibration. High grayscale performance and elevated brightness (1,500-2,000 nits), combined with broadcast-grade NTSC color gamut (\u2265110%), deliver exquisite and true-to-life visuals that fully meet the demanding [&hellip;]","og_url":"https:\/\/www.rkmega.com\/pt\/cob-rental-display-xr\/","og_site_name":"LED Solution Provider | OEM&amp;ODM | 15+ Years","article_modified_time":"2025-06-12T11:08:07+00:00","twitter_card":"summary_large_image","twitter_misc":{"Est. tempo de leitura":"2 minutos"},"schema":{"@context":"https:\/\/schema.org","@graph":[{"@type":"WebPage","@id":"https:\/\/www.rkmega.com\/cob-rental-display-xr\/","url":"https:\/\/www.rkmega.com\/cob-rental-display-xr\/","name":"COB Rental Display-XR - LED Solution Provider | OEM&amp;ODM | 15+ Years","isPartOf":{"@id":"https:\/\/www.rkmega.com\/#website"},"datePublished":"2025-06-12T08:43:17+00:00","dateModified":"2025-06-12T11:08:07+00:00","breadcrumb":{"@id":"https:\/\/www.rkmega.com\/cob-rental-display-xr\/#breadcrumb"},"inLanguage":"pt-BR","potentialAction":[{"@type":"ReadAction","target":["https:\/\/www.rkmega.com\/cob-rental-display-xr\/"]}]},{"@type":"BreadcrumbList","@id":"https:\/\/www.rkmega.com\/cob-rental-display-xr\/#breadcrumb","itemListElement":[{"@type":"ListItem","position":1,"name":"Home","item":"https:\/\/www.rkmega.com\/"},{"@type":"ListItem","position":2,"name":"COB Rental Display-XR"}]},{"@type":"WebSite","@id":"https:\/\/www.rkmega.com\/#website","url":"https:\/\/www.rkmega.com\/","name":"LED DISPLAY","description":"","publisher":{"@id":"https:\/\/www.rkmega.com\/#organization"},"potentialAction":[{"@type":"SearchAction","target":{"@type":"EntryPoint","urlTemplate":"https:\/\/www.rkmega.com\/?s={search_term_string}"},"query-input":{"@type":"PropertyValueSpecification","valueRequired":true,"valueName":"search_term_string"}}],"inLanguage":"pt-BR"},{"@type":"Organization","@id":"https:\/\/www.rkmega.com\/#organization","name":"RKMEGA","url":"https:\/\/www.rkmega.com\/","logo":{"@type":"ImageObject","inLanguage":"pt-BR","@id":"https:\/\/www.rkmega.com\/#\/schema\/logo\/image\/","url":"https:\/\/www.rkmega.com\/wp-content\/uploads\/2024\/12\/cropped-LOGO180X60-2.png","contentUrl":"https:\/\/www.rkmega.com\/wp-content\/uploads\/2024\/12\/cropped-LOGO180X60-2.png","width":180,"height":60,"caption":"RKMEGA"},"image":{"@id":"https:\/\/www.rkmega.com\/#\/schema\/logo\/image\/"}}]}},"_links":{"self":[{"href":"https:\/\/www.rkmega.com\/pt\/wp-json\/wp\/v2\/pages\/6436","targetHints":{"allow":["GET"]}}],"collection":[{"href":"https:\/\/www.rkmega.com\/pt\/wp-json\/wp\/v2\/pages"}],"about":[{"href":"https:\/\/www.rkmega.com\/pt\/wp-json\/wp\/v2\/types\/page"}],"author":[{"embeddable":true,"href":"https:\/\/www.rkmega.com\/pt\/wp-json\/wp\/v2\/users\/1"}],"replies":[{"embeddable":true,"href":"https:\/\/www.rkmega.com\/pt\/wp-json\/wp\/v2\/comments?post=6436"}],"version-history":[{"count":32,"href":"https:\/\/www.rkmega.com\/pt\/wp-json\/wp\/v2\/pages\/6436\/revisions"}],"predecessor-version":[{"id":6509,"href":"https:\/\/www.rkmega.com\/pt\/wp-json\/wp\/v2\/pages\/6436\/revisions\/6509"}],"wp:attachment":[{"href":"https:\/\/www.rkmega.com\/pt\/wp-json\/wp\/v2\/media?parent=6436"}],"curies":[{"name":"wp","href":"https:\/\/api.w.org\/{rel}","templated":true}]}}