{"id":5320,"date":"2024-12-25T17:50:25","date_gmt":"2024-12-25T09:50:25","guid":{"rendered":"https:\/\/www.rkmega.com\/?post_type=product&#038;p=5320"},"modified":"2025-04-23T18:12:30","modified_gmt":"2025-04-23T10:12:30","slug":"rk-hd-100t-r-ae","status":"publish","type":"product","link":"https:\/\/www.rkmega.com\/pt\/produto\/rk-hd-100t-r-ae\/","title":{"rendered":"Modelo: RK-HD-100T\/R-AE"},"content":{"rendered":"<p><img decoding=\"async\" class=\"alignnone wp-image-5322\" src=\"https:\/\/www.rkmega.com\/wp-content\/uploads\/2024\/12\/\u56fe\u72475-1-300x185.png\" alt=\"\" width=\"201\" height=\"124\" srcset=\"https:\/\/www.rkmega.com\/wp-content\/uploads\/2024\/12\/\u56fe\u72475-1-300x185.png 300w, https:\/\/www.rkmega.com\/wp-content\/uploads\/2024\/12\/\u56fe\u72475-1-600x370.png 600w, https:\/\/www.rkmega.com\/wp-content\/uploads\/2024\/12\/\u56fe\u72475-1-1024x632.png 1024w, https:\/\/www.rkmega.com\/wp-content\/uploads\/2024\/12\/\u56fe\u72475-1-768x474.png 768w, https:\/\/www.rkmega.com\/wp-content\/uploads\/2024\/12\/\u56fe\u72475-1-1536x948.png 1536w, https:\/\/www.rkmega.com\/wp-content\/uploads\/2024\/12\/\u56fe\u72475-1-2048x1265.png 2048w, https:\/\/www.rkmega.com\/wp-content\/uploads\/2024\/12\/\u56fe\u72475-1-18x12.png 18w\" sizes=\"(max-width: 201px) 100vw, 201px\" \/>\u00a0 \u00a0 \u00a0 \u00a0 \u00a0 \u00a0 \u00a0 \u00a0 <img decoding=\"async\" class=\"alignnone wp-image-5323\" src=\"https:\/\/www.rkmega.com\/wp-content\/uploads\/2024\/12\/\u56fe\u72476-1-300x188.png\" alt=\"\" width=\"189\" height=\"118\" srcset=\"https:\/\/www.rkmega.com\/wp-content\/uploads\/2024\/12\/\u56fe\u72476-1-300x188.png 300w, https:\/\/www.rkmega.com\/wp-content\/uploads\/2024\/12\/\u56fe\u72476-1-600x376.png 600w, https:\/\/www.rkmega.com\/wp-content\/uploads\/2024\/12\/\u56fe\u72476-1-1024x642.png 1024w, https:\/\/www.rkmega.com\/wp-content\/uploads\/2024\/12\/\u56fe\u72476-1-768x481.png 768w, https:\/\/www.rkmega.com\/wp-content\/uploads\/2024\/12\/\u56fe\u72476-1-1536x963.png 1536w, https:\/\/www.rkmega.com\/wp-content\/uploads\/2024\/12\/\u56fe\u72476-1-2048x1284.png 2048w, https:\/\/www.rkmega.com\/wp-content\/uploads\/2024\/12\/\u56fe\u72476-1-18x12.png 18w\" sizes=\"(max-width: 189px) 100vw, 189px\" \/><\/p>\n<p>&nbsp;<\/p>\n<p><strong><b>\u00a0 \u00a0 \u00a0 RK-HD-100T-AE RK-HD-100R-AE<\/b><\/strong><\/p>\n<ul>\n<li>Suporta transmiss\u00e3o de sinal 4K de alt\u00edssima defini\u00e7\u00e3o com uma largura de banda de at\u00e9 10,2 Gbps, em conformidade com os padr\u00f5es HDMI 1.4a.<\/li>\n<li>Suporta a fun\u00e7\u00e3o de incorpora\u00e7\u00e3o de \u00e1udio na extremidade do transmissor, permitindo que os sinais de \u00e1udio sejam combinados com sinais de v\u00eddeo para transmiss\u00e3o.<\/li>\n<li>Suporta a fun\u00e7\u00e3o de desmembramento de \u00e1udio na extremidade do receptor, que extrai sinais de \u00e1udio do sinal de v\u00eddeo para sa\u00edda de \u00e1udio separada.<\/li>\n<li>Oferece suporte \u00e0 fun\u00e7\u00e3o de gerenciamento EDID (Extended Display Identification Data) na extremidade do transmissor, permitindo que o dispositivo se comunique com o monitor e otimize a sa\u00edda de v\u00eddeo.<\/li>\n<li>Transmite sinais IR (infravermelho) bidirecionais, o que permite o controle remoto de dispositivos em ambas as extremidades da transmiss\u00e3o.<\/li>\n<li>Transmite sinais de controle RS232 bidirecionais, permitindo a comunica\u00e7\u00e3o serial para fins de controle.<\/li>\n<li>Suporta Power over Cable (POC) bidirecional para transmiss\u00e3o de energia, permitindo que uma fonte de alimenta\u00e7\u00e3o de 12 V seja enviada do transmissor para o receptor ou vice-versa.<\/li>\n<\/ul>","protected":false},"excerpt":{"rendered":"<table>\n<tbody>\n<tr>\n<td><\/td>\n<td colspan=\"2\" width=\"554\"><\/td>\n<\/tr>\n<tr>\n<td><strong><b>N\u00famero do modelo<\/b><\/strong><\/td>\n<td width=\"282\"><strong><b>RK-HD-100T-AE (transmissor)<\/b><\/strong><\/td>\n<td width=\"272\"><strong><b>RK-HD-100R-AE (Receptor)<\/b><\/strong><\/td>\n<\/tr>\n<tr>\n<td>Descri\u00e7\u00e3o<\/td>\n<td width=\"282\">Transmissor HDMI sobre HDBaseT para 100 m<\/td>\n<td width=\"272\">Receptor HDMI sobre HDBaseT para 100 m<\/td>\n<\/tr>\n<tr>\n<td>Entrada<\/td>\n<td width=\"282\">1x HDMI, 1x \u00e1udio de 3,5 mm, 1x CC, 1x IR-Rx, 1x IR-Tx, 1x RS232<\/td>\n<td width=\"272\">1x HDBaseT<\/td>\n<\/tr>\n<tr>\n<td>Sa\u00edda<\/td>\n<td width=\"282\">1x HDBaseT<\/td>\n<td width=\"272\">1x HDMI, 1x \u00e1udio de 3,5 mm, 1x CC, 1x IR-Rx, 1x IR-Tx, 1x RS232<\/td>\n<\/tr>\n<tr>\n<td>Protocolo padr\u00e3o<\/td>\n<td colspan=\"2\" width=\"554\">Suporta HDCP 1.4a, gerenciamento de EDID<\/td>\n<\/tr>\n<tr>\n<td>Resolu\u00e7\u00e3o<\/td>\n<td colspan=\"2\" width=\"554\">480i, 576i, 480p, 576p, 720p, 1080i, 1920 x 1080p at\u00e9 60Hz, 3840\/4096 x 2160 at\u00e9 30Hz<\/td>\n<\/tr>\n<tr>\n<td>Taxa de dados<\/td>\n<td colspan=\"2\" width=\"554\">10 Gbps<\/td>\n<\/tr>\n<tr>\n<td>Dist\u00e2ncia de transmiss\u00e3o<\/td>\n<td colspan=\"2\" width=\"554\">CAT6: 1080P60Hz at\u00e9 100m, 4K30Hz at\u00e9 35\/70m<\/td>\n<\/tr>\n<tr>\n<td>Dimens\u00f5es<\/td>\n<td colspan=\"2\" width=\"554\">152x100x27mm (Tx\/Rx)<\/td>\n<\/tr>\n<tr>\n<td>Peso<\/td>\n<td colspan=\"2\" width=\"554\">200g (Tx\/Rx)<\/td>\n<\/tr>\n<tr>\n<td>Fonte de alimenta\u00e7\u00e3o<\/td>\n<td colspan=\"2\" width=\"554\">CA: 100-240V 50\/60Hz, CC: 12V 1,5A<\/td>\n<\/tr>\n<tr>\n<td>Consumo de energia<\/td>\n<td colspan=\"2\" width=\"554\">\u226411W<\/td>\n<\/tr>\n<tr>\n<td>Temperatura operacional<\/td>\n<td colspan=\"2\" width=\"554\">0\u00b0C a 50\u00b0C<\/td>\n<\/tr>\n<tr>\n<td>Temperatura de armazenamento<\/td>\n<td colspan=\"2\" width=\"554\">-20\u00b0C a 55\u00b0C<\/td>\n<\/tr>\n<\/tbody>\n<\/table>","protected":false},"featured_media":5405,"comment_status":"open","ping_status":"closed","template":"","meta":{"site-sidebar-layout":"default","site-content-layout":"","ast-site-content-layout":"default","site-content-style":"default","site-sidebar-style":"default","ast-global-header-display":"","ast-banner-title-visibility":"","ast-main-header-display":"","ast-hfb-above-header-display":"","ast-hfb-below-header-display":"","ast-hfb-mobile-header-display":"","site-post-title":"","ast-breadcrumbs-content":"","ast-featured-img":"","footer-sml-layout":"","theme-transparent-header-meta":"default","adv-header-id-meta":"","stick-header-meta":"","header-above-stick-meta":"","header-main-stick-meta":"","header-below-stick-meta":"","astra-migrate-meta-layouts":"set","ast-page-background-enabled":"default","ast-page-background-meta":{"desktop":{"background-color":"","background-image":"","background-repeat":"repeat","background-position":"center center","background-size":"auto","background-attachment":"scroll","background-type":"","background-media":"","overlay-type":"","overlay-color":"","overlay-opacity":"","overlay-gradient":""},"tablet":{"background-color":"","background-image":"","background-repeat":"repeat","background-position":"center center","background-size":"auto","background-attachment":"scroll","background-type":"","background-media":"","overlay-type":"","overlay-color":"","overlay-opacity":"","overlay-gradient":""},"mobile":{"background-color":"","background-image":"","background-repeat":"repeat","background-position":"center center","background-size":"auto","background-attachment":"scroll","background-type":"","background-media":"","overlay-type":"","overlay-color":"","overlay-opacity":"","overlay-gradient":""}},"ast-content-background-meta":{"desktop":{"background-color":"var(--ast-global-color-5)","background-image":"","background-repeat":"repeat","background-position":"center center","background-size":"auto","background-attachment":"scroll","background-type":"","background-media":"","overlay-type":"","overlay-color":"","overlay-opacity":"","overlay-gradient":""},"tablet":{"background-color":"var(--ast-global-color-5)","background-image":"","background-repeat":"repeat","background-position":"center center","background-size":"auto","background-attachment":"scroll","background-type":"","background-media":"","overlay-type":"","overlay-color":"","overlay-opacity":"","overlay-gradient":""},"mobile":{"background-color":"var(--ast-global-color-5)","background-image":"","background-repeat":"repeat","background-position":"center center","background-size":"auto","background-attachment":"scroll","background-type":"","background-media":"","overlay-type":"","overlay-color":"","overlay-opacity":"","overlay-gradient":""}}},"product_cat":[87],"product_tag":[],"class_list":{"0":"post-5320","1":"product","2":"type-product","3":"status-publish","4":"has-post-thumbnail","6":"product_cat-hdbaset-cable-transport","7":"desktop-align-left","8":"tablet-align-left","9":"mobile-align-left","11":"first","12":"instock","13":"shipping-taxable","14":"product-type-simple"},"yoast_head":"<!-- This site is optimized with the Yoast SEO plugin v24.9 - https:\/\/yoast.com\/wordpress\/plugins\/seo\/ -->\n<title>Model: RK-HD-100T\/R-AE - LED Solution Provider | OEM&amp;ODM | 15+ Years<\/title>\n<meta name=\"robots\" content=\"index, follow, max-snippet:-1, max-image-preview:large, max-video-preview:-1\" \/>\n<link rel=\"canonical\" href=\"https:\/\/www.rkmega.com\/pt\/produto\/rk-hd-100t-r-ae\/\" \/>\n<meta property=\"og:locale\" content=\"pt_BR\" \/>\n<meta property=\"og:type\" content=\"article\" \/>\n<meta property=\"og:title\" content=\"Model: RK-HD-100T\/R-AE - LED Solution Provider | OEM&amp;ODM | 15+ Years\" \/>\n<meta property=\"og:description\" content=\"Model Number RK-HD-100T-AE (Transmitter) RK-HD-100R-AE (Receiver)   Description HDMI over HDBaseT Transmitter for 100m HDMI over HDBaseT Receiver for 100m   Input 1x HDMI, 1x 3.5mm audio, 1x DC, 1x IR-Rx, 1x IR-Tx, 1x RS232 1x HDBaseT   Output 1x HDBaseT 1x HDMI, 1x 3.5mm audio, 1x DC, 1x IR-Rx, 1x IR-Tx, 1x RS232   Standard Protocol Supports HDCP 1.4a, EDID Management   Resolution 480i, 576i, 480p, 576p, 720p, 1080i, 1920 x 1080p up to 60Hz, 3840\/4096 x 2160 up to 30Hz   Data Rate 10Gbps   Transmission Distance CAT6: 1080P60Hz up to 100m, 4K30Hz up to 35\/70m   Dimensions 152x100x27mm (Tx\/Rx)   Weight 200g (Tx\/Rx)   Power Supply AC: 100-240V 50\/60Hz, DC: 12V 1.5A   Power Consumption \u226411W   Operating Temperature 0\u00b0C to 50\u00b0C   Storage Temperature -20\u00b0C to 55\u00b0C\" \/>\n<meta property=\"og:url\" content=\"https:\/\/www.rkmega.com\/pt\/produto\/rk-hd-100t-r-ae\/\" \/>\n<meta property=\"og:site_name\" content=\"LED Solution Provider | OEM&amp;ODM | 15+ Years\" \/>\n<meta property=\"article:modified_time\" content=\"2025-04-23T10:12:30+00:00\" \/>\n<meta property=\"og:image\" content=\"https:\/\/www.rkmega.com\/wp-content\/uploads\/2024\/12\/RK-HD-100T-AE.jpg\" \/>\n\t<meta property=\"og:image:width\" content=\"1600\" \/>\n\t<meta property=\"og:image:height\" content=\"1200\" \/>\n\t<meta property=\"og:image:type\" content=\"image\/jpeg\" \/>\n<meta name=\"twitter:card\" content=\"summary_large_image\" \/>\n<meta name=\"twitter:label1\" content=\"Est. tempo de leitura\" \/>\n\t<meta name=\"twitter:data1\" content=\"1 minuto\" \/>\n<script type=\"application\/ld+json\" class=\"yoast-schema-graph\">{\"@context\":\"https:\/\/schema.org\",\"@graph\":[{\"@type\":\"WebPage\",\"@id\":\"https:\/\/www.rkmega.com\/product\/rk-hd-100t-r-ae\/\",\"url\":\"https:\/\/www.rkmega.com\/product\/rk-hd-100t-r-ae\/\",\"name\":\"Model: RK-HD-100T\/R-AE - LED Solution Provider | OEM&amp;ODM | 15+ Years\",\"isPartOf\":{\"@id\":\"https:\/\/www.rkmega.com\/#website\"},\"primaryImageOfPage\":{\"@id\":\"https:\/\/www.rkmega.com\/product\/rk-hd-100t-r-ae\/#primaryimage\"},\"image\":{\"@id\":\"https:\/\/www.rkmega.com\/product\/rk-hd-100t-r-ae\/#primaryimage\"},\"thumbnailUrl\":\"https:\/\/www.rkmega.com\/wp-content\/uploads\/2024\/12\/RK-HD-100T-AE.jpg\",\"datePublished\":\"2024-12-25T09:50:25+00:00\",\"dateModified\":\"2025-04-23T10:12:30+00:00\",\"breadcrumb\":{\"@id\":\"https:\/\/www.rkmega.com\/product\/rk-hd-100t-r-ae\/#breadcrumb\"},\"inLanguage\":\"pt-BR\",\"potentialAction\":[{\"@type\":\"ReadAction\",\"target\":[\"https:\/\/www.rkmega.com\/product\/rk-hd-100t-r-ae\/\"]}]},{\"@type\":\"ImageObject\",\"inLanguage\":\"pt-BR\",\"@id\":\"https:\/\/www.rkmega.com\/product\/rk-hd-100t-r-ae\/#primaryimage\",\"url\":\"https:\/\/www.rkmega.com\/wp-content\/uploads\/2024\/12\/RK-HD-100T-AE.jpg\",\"contentUrl\":\"https:\/\/www.rkmega.com\/wp-content\/uploads\/2024\/12\/RK-HD-100T-AE.jpg\",\"width\":1600,\"height\":1200},{\"@type\":\"BreadcrumbList\",\"@id\":\"https:\/\/www.rkmega.com\/product\/rk-hd-100t-r-ae\/#breadcrumb\",\"itemListElement\":[{\"@type\":\"ListItem\",\"position\":1,\"name\":\"Home\",\"item\":\"https:\/\/www.rkmega.com\/\"},{\"@type\":\"ListItem\",\"position\":2,\"name\":\"Store\",\"item\":\"https:\/\/www.rkmega.com\/store\/\"},{\"@type\":\"ListItem\",\"position\":3,\"name\":\"Model: RK-HD-100T\/R-AE\"}]},{\"@type\":\"WebSite\",\"@id\":\"https:\/\/www.rkmega.com\/#website\",\"url\":\"https:\/\/www.rkmega.com\/\",\"name\":\"LED DISPLAY\",\"description\":\"\",\"publisher\":{\"@id\":\"https:\/\/www.rkmega.com\/#organization\"},\"potentialAction\":[{\"@type\":\"SearchAction\",\"target\":{\"@type\":\"EntryPoint\",\"urlTemplate\":\"https:\/\/www.rkmega.com\/?s={search_term_string}\"},\"query-input\":{\"@type\":\"PropertyValueSpecification\",\"valueRequired\":true,\"valueName\":\"search_term_string\"}}],\"inLanguage\":\"pt-BR\"},{\"@type\":\"Organization\",\"@id\":\"https:\/\/www.rkmega.com\/#organization\",\"name\":\"RKMEGA\",\"url\":\"https:\/\/www.rkmega.com\/\",\"logo\":{\"@type\":\"ImageObject\",\"inLanguage\":\"pt-BR\",\"@id\":\"https:\/\/www.rkmega.com\/#\/schema\/logo\/image\/\",\"url\":\"https:\/\/www.rkmega.com\/wp-content\/uploads\/2024\/12\/cropped-LOGO180X60-2.png\",\"contentUrl\":\"https:\/\/www.rkmega.com\/wp-content\/uploads\/2024\/12\/cropped-LOGO180X60-2.png\",\"width\":180,\"height\":60,\"caption\":\"RKMEGA\"},\"image\":{\"@id\":\"https:\/\/www.rkmega.com\/#\/schema\/logo\/image\/\"}}]}<\/script>\n<!-- \/ Yoast SEO plugin. -->","yoast_head_json":{"title":"Model: RK-HD-100T\/R-AE - LED Solution Provider | OEM&amp;ODM | 15+ Years","robots":{"index":"index","follow":"follow","max-snippet":"max-snippet:-1","max-image-preview":"max-image-preview:large","max-video-preview":"max-video-preview:-1"},"canonical":"https:\/\/www.rkmega.com\/pt\/produto\/rk-hd-100t-r-ae\/","og_locale":"pt_BR","og_type":"article","og_title":"Model: RK-HD-100T\/R-AE - LED Solution Provider | OEM&amp;ODM | 15+ Years","og_description":"Model Number RK-HD-100T-AE (Transmitter) RK-HD-100R-AE (Receiver)   Description HDMI over HDBaseT Transmitter for 100m HDMI over HDBaseT Receiver for 100m   Input 1x HDMI, 1x 3.5mm audio, 1x DC, 1x IR-Rx, 1x IR-Tx, 1x RS232 1x HDBaseT   Output 1x HDBaseT 1x HDMI, 1x 3.5mm audio, 1x DC, 1x IR-Rx, 1x IR-Tx, 1x RS232   Standard Protocol Supports HDCP 1.4a, EDID Management   Resolution 480i, 576i, 480p, 576p, 720p, 1080i, 1920 x 1080p up to 60Hz, 3840\/4096 x 2160 up to 30Hz   Data Rate 10Gbps   Transmission Distance CAT6: 1080P60Hz up to 100m, 4K30Hz up to 35\/70m   Dimensions 152x100x27mm (Tx\/Rx)   Weight 200g (Tx\/Rx)   Power Supply AC: 100-240V 50\/60Hz, DC: 12V 1.5A   Power Consumption \u226411W   Operating Temperature 0\u00b0C to 50\u00b0C   Storage Temperature -20\u00b0C to 55\u00b0C","og_url":"https:\/\/www.rkmega.com\/pt\/produto\/rk-hd-100t-r-ae\/","og_site_name":"LED Solution Provider | OEM&amp;ODM | 15+ Years","article_modified_time":"2025-04-23T10:12:30+00:00","og_image":[{"width":1600,"height":1200,"url":"https:\/\/www.rkmega.com\/wp-content\/uploads\/2024\/12\/RK-HD-100T-AE.jpg","type":"image\/jpeg"}],"twitter_card":"summary_large_image","twitter_misc":{"Est. tempo de leitura":"1 minuto"},"schema":{"@context":"https:\/\/schema.org","@graph":[{"@type":"WebPage","@id":"https:\/\/www.rkmega.com\/product\/rk-hd-100t-r-ae\/","url":"https:\/\/www.rkmega.com\/product\/rk-hd-100t-r-ae\/","name":"Model: RK-HD-100T\/R-AE - LED Solution Provider | OEM&amp;ODM | 15+ Years","isPartOf":{"@id":"https:\/\/www.rkmega.com\/#website"},"primaryImageOfPage":{"@id":"https:\/\/www.rkmega.com\/product\/rk-hd-100t-r-ae\/#primaryimage"},"image":{"@id":"https:\/\/www.rkmega.com\/product\/rk-hd-100t-r-ae\/#primaryimage"},"thumbnailUrl":"https:\/\/www.rkmega.com\/wp-content\/uploads\/2024\/12\/RK-HD-100T-AE.jpg","datePublished":"2024-12-25T09:50:25+00:00","dateModified":"2025-04-23T10:12:30+00:00","breadcrumb":{"@id":"https:\/\/www.rkmega.com\/product\/rk-hd-100t-r-ae\/#breadcrumb"},"inLanguage":"pt-BR","potentialAction":[{"@type":"ReadAction","target":["https:\/\/www.rkmega.com\/product\/rk-hd-100t-r-ae\/"]}]},{"@type":"ImageObject","inLanguage":"pt-BR","@id":"https:\/\/www.rkmega.com\/product\/rk-hd-100t-r-ae\/#primaryimage","url":"https:\/\/www.rkmega.com\/wp-content\/uploads\/2024\/12\/RK-HD-100T-AE.jpg","contentUrl":"https:\/\/www.rkmega.com\/wp-content\/uploads\/2024\/12\/RK-HD-100T-AE.jpg","width":1600,"height":1200},{"@type":"BreadcrumbList","@id":"https:\/\/www.rkmega.com\/product\/rk-hd-100t-r-ae\/#breadcrumb","itemListElement":[{"@type":"ListItem","position":1,"name":"Home","item":"https:\/\/www.rkmega.com\/"},{"@type":"ListItem","position":2,"name":"Store","item":"https:\/\/www.rkmega.com\/store\/"},{"@type":"ListItem","position":3,"name":"Model: RK-HD-100T\/R-AE"}]},{"@type":"WebSite","@id":"https:\/\/www.rkmega.com\/#website","url":"https:\/\/www.rkmega.com\/","name":"LED DISPLAY","description":"","publisher":{"@id":"https:\/\/www.rkmega.com\/#organization"},"potentialAction":[{"@type":"SearchAction","target":{"@type":"EntryPoint","urlTemplate":"https:\/\/www.rkmega.com\/?s={search_term_string}"},"query-input":{"@type":"PropertyValueSpecification","valueRequired":true,"valueName":"search_term_string"}}],"inLanguage":"pt-BR"},{"@type":"Organization","@id":"https:\/\/www.rkmega.com\/#organization","name":"RKMEGA","url":"https:\/\/www.rkmega.com\/","logo":{"@type":"ImageObject","inLanguage":"pt-BR","@id":"https:\/\/www.rkmega.com\/#\/schema\/logo\/image\/","url":"https:\/\/www.rkmega.com\/wp-content\/uploads\/2024\/12\/cropped-LOGO180X60-2.png","contentUrl":"https:\/\/www.rkmega.com\/wp-content\/uploads\/2024\/12\/cropped-LOGO180X60-2.png","width":180,"height":60,"caption":"RKMEGA"},"image":{"@id":"https:\/\/www.rkmega.com\/#\/schema\/logo\/image\/"}}]}},"_links":{"self":[{"href":"https:\/\/www.rkmega.com\/pt\/wp-json\/wp\/v2\/product\/5320","targetHints":{"allow":["GET"]}}],"collection":[{"href":"https:\/\/www.rkmega.com\/pt\/wp-json\/wp\/v2\/product"}],"about":[{"href":"https:\/\/www.rkmega.com\/pt\/wp-json\/wp\/v2\/types\/product"}],"replies":[{"embeddable":true,"href":"https:\/\/www.rkmega.com\/pt\/wp-json\/wp\/v2\/comments?post=5320"}],"version-history":[{"count":2,"href":"https:\/\/www.rkmega.com\/pt\/wp-json\/wp\/v2\/product\/5320\/revisions"}],"predecessor-version":[{"id":6284,"href":"https:\/\/www.rkmega.com\/pt\/wp-json\/wp\/v2\/product\/5320\/revisions\/6284"}],"wp:featuredmedia":[{"embeddable":true,"href":"https:\/\/www.rkmega.com\/pt\/wp-json\/wp\/v2\/media\/5405"}],"wp:attachment":[{"href":"https:\/\/www.rkmega.com\/pt\/wp-json\/wp\/v2\/media?parent=5320"}],"wp:term":[{"taxonomy":"product_cat","embeddable":true,"href":"https:\/\/www.rkmega.com\/pt\/wp-json\/wp\/v2\/product_cat?post=5320"},{"taxonomy":"product_tag","embeddable":true,"href":"https:\/\/www.rkmega.com\/pt\/wp-json\/wp\/v2\/product_tag?post=5320"}],"curies":[{"name":"wp","href":"https:\/\/api.w.org\/{rel}","templated":true}]}}