{"id":5385,"date":"2024-12-26T10:15:22","date_gmt":"2024-12-26T02:15:22","guid":{"rendered":"https:\/\/www.rkmega.com\/?post_type=product&#038;p=5385"},"modified":"2025-04-23T18:12:09","modified_gmt":"2025-04-23T10:12:09","slug":"rk-hd-70tr-4k60","status":"publish","type":"product","link":"https:\/\/www.rkmega.com\/pt\/produto\/rk-hd-70tr-4k60\/","title":{"rendered":"Modelo: RK-HD-70TR-4K60"},"content":{"rendered":"<p><img decoding=\"async\" class=\"alignnone wp-image-5386\" src=\"https:\/\/www.rkmega.com\/wp-content\/uploads\/2024\/12\/RK-HD-70T-4K60-300x179.png\" alt=\"\" width=\"226\" height=\"135\" srcset=\"https:\/\/www.rkmega.com\/wp-content\/uploads\/2024\/12\/RK-HD-70T-4K60-300x179.png 300w, https:\/\/www.rkmega.com\/wp-content\/uploads\/2024\/12\/RK-HD-70T-4K60-1024x612.png 1024w, https:\/\/www.rkmega.com\/wp-content\/uploads\/2024\/12\/RK-HD-70T-4K60-768x459.png 768w, https:\/\/www.rkmega.com\/wp-content\/uploads\/2024\/12\/RK-HD-70T-4K60-1536x918.png 1536w, https:\/\/www.rkmega.com\/wp-content\/uploads\/2024\/12\/RK-HD-70T-4K60-2048x1224.png 2048w, https:\/\/www.rkmega.com\/wp-content\/uploads\/2024\/12\/RK-HD-70T-4K60-18x12.png 18w, https:\/\/www.rkmega.com\/wp-content\/uploads\/2024\/12\/RK-HD-70T-4K60-600x359.png 600w\" sizes=\"(max-width: 226px) 100vw, 226px\" \/>\u00a0 \u00a0 \u00a0 \u00a0 \u00a0 \u00a0 \u00a0 \u00a0 \u00a0 \u00a0 \u00a0 \u00a0 <img decoding=\"async\" class=\"alignnone wp-image-5387\" src=\"https:\/\/www.rkmega.com\/wp-content\/uploads\/2024\/12\/RK-HD-70R-4K60-300x187.png\" alt=\"\" width=\"216\" height=\"135\" srcset=\"https:\/\/www.rkmega.com\/wp-content\/uploads\/2024\/12\/RK-HD-70R-4K60-300x187.png 300w, https:\/\/www.rkmega.com\/wp-content\/uploads\/2024\/12\/RK-HD-70R-4K60-1024x638.png 1024w, https:\/\/www.rkmega.com\/wp-content\/uploads\/2024\/12\/RK-HD-70R-4K60-768x478.png 768w, https:\/\/www.rkmega.com\/wp-content\/uploads\/2024\/12\/RK-HD-70R-4K60-1536x956.png 1536w, https:\/\/www.rkmega.com\/wp-content\/uploads\/2024\/12\/RK-HD-70R-4K60-2048x1275.png 2048w, https:\/\/www.rkmega.com\/wp-content\/uploads\/2024\/12\/RK-HD-70R-4K60-18x12.png 18w, https:\/\/www.rkmega.com\/wp-content\/uploads\/2024\/12\/RK-HD-70R-4K60-600x374.png 600w\" sizes=\"(max-width: 216px) 100vw, 216px\" \/><\/p>\n<p>&nbsp;<\/p>\n<p><strong><b>RK-HD-70T-4K60 RK-HD-70R-4K60<\/b><\/strong><\/p>\n<ul>\n<li>Suporta transmiss\u00e3o de sinal de ultra-alta defini\u00e7\u00e3o 4K a 60 quadros por segundo (4K60) com uma largura de banda de at\u00e9 18 Gbps, em conformidade com os padr\u00f5es HDMI 2.0.<\/li>\n<li>Suporta a fun\u00e7\u00e3o de incorpora\u00e7\u00e3o de \u00e1udio na extremidade do transmissor, o que permite que os sinais de \u00e1udio sejam combinados com o sinal de v\u00eddeo para transmiss\u00e3o.<\/li>\n<li>Suporta a fun\u00e7\u00e3o de desmembramento de \u00e1udio na extremidade do receptor, que extrai os sinais de \u00e1udio do sinal de v\u00eddeo para uma sa\u00edda de \u00e1udio separada.<\/li>\n<li>Suporta a fun\u00e7\u00e3o de gerenciamento EDID (Extended Display Identification Data) na extremidade do transmissor, o que aumenta a compatibilidade com dispositivos de exibi\u00e7\u00e3o, permitindo que o transmissor se comunique e ajuste a sa\u00edda de v\u00eddeo para corresponder aos recursos do monitor.<\/li>\n<li>Capaz de transmitir sinais IR (infravermelho) bidirecionais, permitindo a funcionalidade de controle remoto para dispositivos nas extremidades do transmissor e do receptor.<\/li>\n<li>Capaz de transmitir sinais de controle RS232 bidirecionais, permitindo a comunica\u00e7\u00e3o serial e o controle de dispositivos conectados.<\/li>\n<li>Apresenta Power over Cable (POC) bidirecional para transmiss\u00e3o de energia, o que permite que uma fonte de alimenta\u00e7\u00e3o de 12 V seja enviada do transmissor para o receptor ou do receptor para o transmissor, simplificando a configura\u00e7\u00e3o de energia e reduzindo a necessidade de cabos de alimenta\u00e7\u00e3o adicionais.<\/li>\n<\/ul>","protected":false},"excerpt":{"rendered":"<table>\n<tbody>\n<tr>\n<td><\/td>\n<td colspan=\"2\" width=\"554\"><\/td>\n<\/tr>\n<tr>\n<td><strong><b>N\u00famero do modelo<\/b><\/strong><\/td>\n<td width=\"272\"><strong><b>RK-HD-70T-4K60 (transmissor)<\/b><\/strong><\/td>\n<td width=\"281\"><strong><b>RK-HD-70R-4K60 (Receptor)<\/b><\/strong><\/td>\n<\/tr>\n<tr>\n<td>Descri\u00e7\u00e3o<\/td>\n<td width=\"272\">Transmissor HDMI+VGA para 40\/70 m<\/td>\n<td width=\"281\">Receptor HDMI para 40\/70 m<\/td>\n<\/tr>\n<tr>\n<td>Entrada<\/td>\n<td width=\"272\">1x HDMI, 1x VGA, 1x \u00e1udio de 3,5 mm, 1x CC, 1x IR-Rx, 1x IR-Tx, 1x RS232<\/td>\n<td width=\"281\">1x HDBaseT<\/td>\n<\/tr>\n<tr>\n<td>Sa\u00edda<\/td>\n<td width=\"272\">1x HDBaseT<\/td>\n<td width=\"281\">1x HDMI, 1x \u00e1udio de 3,5 mm, 1x CC, 1x IR-Rx, 1x IR-Tx, 1x RS232<\/td>\n<\/tr>\n<tr>\n<td>Protocolo padr\u00e3o<\/td>\n<td colspan=\"2\" width=\"554\">Suporta HDCP, gerenciamento de EDID<\/td>\n<\/tr>\n<tr>\n<td>Resolu\u00e7\u00e3o<\/td>\n<td colspan=\"2\" width=\"554\">480i, 576i, 480p, 576p, 720p, 1080i, 1920 x 1080p at\u00e9 30Hz, 3840\/4096 x 2160 at\u00e9 60Hz<\/td>\n<\/tr>\n<tr>\n<td>Taxa de dados<\/td>\n<td colspan=\"2\" width=\"554\">18 Gbps<\/td>\n<\/tr>\n<tr>\n<td>Dist\u00e2ncia de transmiss\u00e3o<\/td>\n<td colspan=\"2\" width=\"554\">Dist\u00e2ncia de transmiss\u00e3o de 4K60Hz de 35 metros<\/td>\n<\/tr>\n<tr>\n<td>Dimens\u00f5es<\/td>\n<td colspan=\"2\" width=\"554\">152x100x27mm (Tx\/Rx)<\/td>\n<\/tr>\n<tr>\n<td>Peso<\/td>\n<td colspan=\"2\" width=\"554\">900g (par)<\/td>\n<\/tr>\n<tr>\n<td>Fonte de alimenta\u00e7\u00e3o<\/td>\n<td colspan=\"2\" width=\"554\">CA: 100-240V 50\/60Hz, CC: 12V 1,5A<\/td>\n<\/tr>\n<tr>\n<td>Consumo de energia<\/td>\n<td colspan=\"2\" width=\"554\">\u226439W<\/td>\n<\/tr>\n<tr>\n<td>Temperatura operacional<\/td>\n<td colspan=\"2\" width=\"554\">0\u00b0C a 50\u00b0C<\/td>\n<\/tr>\n<tr>\n<td>Temperatura de armazenamento<\/td>\n<td colspan=\"2\" width=\"554\">-20\u00b0C a 55\u00b0C<\/td>\n<\/tr>\n<\/tbody>\n<\/table>","protected":false},"featured_media":5405,"comment_status":"open","ping_status":"closed","template":"","meta":{"site-sidebar-layout":"default","site-content-layout":"","ast-site-content-layout":"default","site-content-style":"default","site-sidebar-style":"default","ast-global-header-display":"","ast-banner-title-visibility":"","ast-main-header-display":"","ast-hfb-above-header-display":"","ast-hfb-below-header-display":"","ast-hfb-mobile-header-display":"","site-post-title":"","ast-breadcrumbs-content":"","ast-featured-img":"","footer-sml-layout":"","theme-transparent-header-meta":"default","adv-header-id-meta":"","stick-header-meta":"","header-above-stick-meta":"","header-main-stick-meta":"","header-below-stick-meta":"","astra-migrate-meta-layouts":"set","ast-page-background-enabled":"default","ast-page-background-meta":{"desktop":{"background-color":"","background-image":"","background-repeat":"repeat","background-position":"center center","background-size":"auto","background-attachment":"scroll","background-type":"","background-media":"","overlay-type":"","overlay-color":"","overlay-opacity":"","overlay-gradient":""},"tablet":{"background-color":"","background-image":"","background-repeat":"repeat","background-position":"center center","background-size":"auto","background-attachment":"scroll","background-type":"","background-media":"","overlay-type":"","overlay-color":"","overlay-opacity":"","overlay-gradient":""},"mobile":{"background-color":"","background-image":"","background-repeat":"repeat","background-position":"center center","background-size":"auto","background-attachment":"scroll","background-type":"","background-media":"","overlay-type":"","overlay-color":"","overlay-opacity":"","overlay-gradient":""}},"ast-content-background-meta":{"desktop":{"background-color":"var(--ast-global-color-5)","background-image":"","background-repeat":"repeat","background-position":"center center","background-size":"auto","background-attachment":"scroll","background-type":"","background-media":"","overlay-type":"","overlay-color":"","overlay-opacity":"","overlay-gradient":""},"tablet":{"background-color":"var(--ast-global-color-5)","background-image":"","background-repeat":"repeat","background-position":"center center","background-size":"auto","background-attachment":"scroll","background-type":"","background-media":"","overlay-type":"","overlay-color":"","overlay-opacity":"","overlay-gradient":""},"mobile":{"background-color":"var(--ast-global-color-5)","background-image":"","background-repeat":"repeat","background-position":"center center","background-size":"auto","background-attachment":"scroll","background-type":"","background-media":"","overlay-type":"","overlay-color":"","overlay-opacity":"","overlay-gradient":""}}},"product_cat":[87],"product_tag":[],"class_list":{"0":"post-5385","1":"product","2":"type-product","3":"status-publish","4":"has-post-thumbnail","6":"product_cat-hdbaset-cable-transport","7":"desktop-align-left","8":"tablet-align-left","9":"mobile-align-left","11":"first","12":"instock","13":"shipping-taxable","14":"product-type-simple"},"yoast_head":"<!-- This site is optimized with the Yoast SEO plugin v24.9 - https:\/\/yoast.com\/wordpress\/plugins\/seo\/ -->\n<title>Model: RK-HD-70TR-4K60 - LED Solution Provider | OEM&amp;ODM | 15+ Years<\/title>\n<meta name=\"robots\" content=\"index, follow, max-snippet:-1, max-image-preview:large, max-video-preview:-1\" \/>\n<link rel=\"canonical\" href=\"https:\/\/www.rkmega.com\/pt\/produto\/rk-hd-70tr-4k60\/\" \/>\n<meta property=\"og:locale\" content=\"pt_BR\" \/>\n<meta property=\"og:type\" content=\"article\" \/>\n<meta property=\"og:title\" content=\"Model: RK-HD-70TR-4K60 - LED Solution Provider | OEM&amp;ODM | 15+ Years\" \/>\n<meta property=\"og:description\" content=\"Model Number RK-HD-70T-4K60 (Transmitter) RK-HD-70R-4K60 (Receiver)   Description HDMI+VGA Transmitter for 40\/70m HDMI Receiver for 40\/70m   Input 1x HDMI, 1x VGA, 1x 3.5mm audio, 1x DC, 1x IR-Rx, 1x IR-Tx, 1x RS232 1x HDBaseT   Output 1x HDBaseT 1x HDMI, 1x 3.5mm audio, 1x DC, 1x IR-Rx, 1x IR-Tx, 1x RS232   Standard Protocol Supports HDCP, EDID Management   Resolution 480i, 576i, 480p, 576p, 720p, 1080i, 1920 x 1080p up to 30Hz, 3840\/4096 x 2160 up to 60Hz   Data Rate 18Gbps   Transmission Distance 4K60Hz transmission distance of 35 meters   Dimensions 152x100x27mm (Tx\/Rx)   Weight 900g (Pair)   Power Supply AC: 100-240V 50\/60Hz, DC: 12V 1.5A   Power Consumption \u226439W   Operating Temperature 0\u00b0C to 50\u00b0C   Storage Temperature -20\u00b0C to 55\u00b0C\" \/>\n<meta property=\"og:url\" content=\"https:\/\/www.rkmega.com\/pt\/produto\/rk-hd-70tr-4k60\/\" \/>\n<meta property=\"og:site_name\" content=\"LED Solution Provider | OEM&amp;ODM | 15+ Years\" \/>\n<meta property=\"article:modified_time\" content=\"2025-04-23T10:12:09+00:00\" \/>\n<meta property=\"og:image\" content=\"https:\/\/www.rkmega.com\/wp-content\/uploads\/2024\/12\/RK-HD-100T-AE.jpg\" \/>\n\t<meta property=\"og:image:width\" content=\"1600\" \/>\n\t<meta property=\"og:image:height\" content=\"1200\" \/>\n\t<meta property=\"og:image:type\" content=\"image\/jpeg\" \/>\n<meta name=\"twitter:card\" content=\"summary_large_image\" \/>\n<meta name=\"twitter:label1\" content=\"Est. tempo de leitura\" \/>\n\t<meta name=\"twitter:data1\" content=\"1 minuto\" \/>\n<script type=\"application\/ld+json\" class=\"yoast-schema-graph\">{\"@context\":\"https:\/\/schema.org\",\"@graph\":[{\"@type\":\"WebPage\",\"@id\":\"https:\/\/www.rkmega.com\/product\/rk-hd-70tr-4k60\/\",\"url\":\"https:\/\/www.rkmega.com\/product\/rk-hd-70tr-4k60\/\",\"name\":\"Model: RK-HD-70TR-4K60 - LED Solution Provider | OEM&amp;ODM | 15+ Years\",\"isPartOf\":{\"@id\":\"https:\/\/www.rkmega.com\/#website\"},\"primaryImageOfPage\":{\"@id\":\"https:\/\/www.rkmega.com\/product\/rk-hd-70tr-4k60\/#primaryimage\"},\"image\":{\"@id\":\"https:\/\/www.rkmega.com\/product\/rk-hd-70tr-4k60\/#primaryimage\"},\"thumbnailUrl\":\"https:\/\/www.rkmega.com\/wp-content\/uploads\/2024\/12\/RK-HD-100T-AE.jpg\",\"datePublished\":\"2024-12-26T02:15:22+00:00\",\"dateModified\":\"2025-04-23T10:12:09+00:00\",\"breadcrumb\":{\"@id\":\"https:\/\/www.rkmega.com\/product\/rk-hd-70tr-4k60\/#breadcrumb\"},\"inLanguage\":\"pt-BR\",\"potentialAction\":[{\"@type\":\"ReadAction\",\"target\":[\"https:\/\/www.rkmega.com\/product\/rk-hd-70tr-4k60\/\"]}]},{\"@type\":\"ImageObject\",\"inLanguage\":\"pt-BR\",\"@id\":\"https:\/\/www.rkmega.com\/product\/rk-hd-70tr-4k60\/#primaryimage\",\"url\":\"https:\/\/www.rkmega.com\/wp-content\/uploads\/2024\/12\/RK-HD-100T-AE.jpg\",\"contentUrl\":\"https:\/\/www.rkmega.com\/wp-content\/uploads\/2024\/12\/RK-HD-100T-AE.jpg\",\"width\":1600,\"height\":1200},{\"@type\":\"BreadcrumbList\",\"@id\":\"https:\/\/www.rkmega.com\/product\/rk-hd-70tr-4k60\/#breadcrumb\",\"itemListElement\":[{\"@type\":\"ListItem\",\"position\":1,\"name\":\"Home\",\"item\":\"https:\/\/www.rkmega.com\/\"},{\"@type\":\"ListItem\",\"position\":2,\"name\":\"Store\",\"item\":\"https:\/\/www.rkmega.com\/store\/\"},{\"@type\":\"ListItem\",\"position\":3,\"name\":\"Model: RK-HD-70TR-4K60\"}]},{\"@type\":\"WebSite\",\"@id\":\"https:\/\/www.rkmega.com\/#website\",\"url\":\"https:\/\/www.rkmega.com\/\",\"name\":\"LED DISPLAY\",\"description\":\"\",\"publisher\":{\"@id\":\"https:\/\/www.rkmega.com\/#organization\"},\"potentialAction\":[{\"@type\":\"SearchAction\",\"target\":{\"@type\":\"EntryPoint\",\"urlTemplate\":\"https:\/\/www.rkmega.com\/?s={search_term_string}\"},\"query-input\":{\"@type\":\"PropertyValueSpecification\",\"valueRequired\":true,\"valueName\":\"search_term_string\"}}],\"inLanguage\":\"pt-BR\"},{\"@type\":\"Organization\",\"@id\":\"https:\/\/www.rkmega.com\/#organization\",\"name\":\"RKMEGA\",\"url\":\"https:\/\/www.rkmega.com\/\",\"logo\":{\"@type\":\"ImageObject\",\"inLanguage\":\"pt-BR\",\"@id\":\"https:\/\/www.rkmega.com\/#\/schema\/logo\/image\/\",\"url\":\"https:\/\/www.rkmega.com\/wp-content\/uploads\/2024\/12\/cropped-LOGO180X60-2.png\",\"contentUrl\":\"https:\/\/www.rkmega.com\/wp-content\/uploads\/2024\/12\/cropped-LOGO180X60-2.png\",\"width\":180,\"height\":60,\"caption\":\"RKMEGA\"},\"image\":{\"@id\":\"https:\/\/www.rkmega.com\/#\/schema\/logo\/image\/\"}}]}<\/script>\n<!-- \/ Yoast SEO plugin. -->","yoast_head_json":{"title":"Model: RK-HD-70TR-4K60 - LED Solution Provider | OEM&amp;ODM | 15+ Years","robots":{"index":"index","follow":"follow","max-snippet":"max-snippet:-1","max-image-preview":"max-image-preview:large","max-video-preview":"max-video-preview:-1"},"canonical":"https:\/\/www.rkmega.com\/pt\/produto\/rk-hd-70tr-4k60\/","og_locale":"pt_BR","og_type":"article","og_title":"Model: RK-HD-70TR-4K60 - LED Solution Provider | OEM&amp;ODM | 15+ Years","og_description":"Model Number RK-HD-70T-4K60 (Transmitter) RK-HD-70R-4K60 (Receiver)   Description HDMI+VGA Transmitter for 40\/70m HDMI Receiver for 40\/70m   Input 1x HDMI, 1x VGA, 1x 3.5mm audio, 1x DC, 1x IR-Rx, 1x IR-Tx, 1x RS232 1x HDBaseT   Output 1x HDBaseT 1x HDMI, 1x 3.5mm audio, 1x DC, 1x IR-Rx, 1x IR-Tx, 1x RS232   Standard Protocol Supports HDCP, EDID Management   Resolution 480i, 576i, 480p, 576p, 720p, 1080i, 1920 x 1080p up to 30Hz, 3840\/4096 x 2160 up to 60Hz   Data Rate 18Gbps   Transmission Distance 4K60Hz transmission distance of 35 meters   Dimensions 152x100x27mm (Tx\/Rx)   Weight 900g (Pair)   Power Supply AC: 100-240V 50\/60Hz, DC: 12V 1.5A   Power Consumption \u226439W   Operating Temperature 0\u00b0C to 50\u00b0C   Storage Temperature -20\u00b0C to 55\u00b0C","og_url":"https:\/\/www.rkmega.com\/pt\/produto\/rk-hd-70tr-4k60\/","og_site_name":"LED Solution Provider | OEM&amp;ODM | 15+ Years","article_modified_time":"2025-04-23T10:12:09+00:00","og_image":[{"width":1600,"height":1200,"url":"https:\/\/www.rkmega.com\/wp-content\/uploads\/2024\/12\/RK-HD-100T-AE.jpg","type":"image\/jpeg"}],"twitter_card":"summary_large_image","twitter_misc":{"Est. tempo de leitura":"1 minuto"},"schema":{"@context":"https:\/\/schema.org","@graph":[{"@type":"WebPage","@id":"https:\/\/www.rkmega.com\/product\/rk-hd-70tr-4k60\/","url":"https:\/\/www.rkmega.com\/product\/rk-hd-70tr-4k60\/","name":"Model: RK-HD-70TR-4K60 - LED Solution Provider | OEM&amp;ODM | 15+ Years","isPartOf":{"@id":"https:\/\/www.rkmega.com\/#website"},"primaryImageOfPage":{"@id":"https:\/\/www.rkmega.com\/product\/rk-hd-70tr-4k60\/#primaryimage"},"image":{"@id":"https:\/\/www.rkmega.com\/product\/rk-hd-70tr-4k60\/#primaryimage"},"thumbnailUrl":"https:\/\/www.rkmega.com\/wp-content\/uploads\/2024\/12\/RK-HD-100T-AE.jpg","datePublished":"2024-12-26T02:15:22+00:00","dateModified":"2025-04-23T10:12:09+00:00","breadcrumb":{"@id":"https:\/\/www.rkmega.com\/product\/rk-hd-70tr-4k60\/#breadcrumb"},"inLanguage":"pt-BR","potentialAction":[{"@type":"ReadAction","target":["https:\/\/www.rkmega.com\/product\/rk-hd-70tr-4k60\/"]}]},{"@type":"ImageObject","inLanguage":"pt-BR","@id":"https:\/\/www.rkmega.com\/product\/rk-hd-70tr-4k60\/#primaryimage","url":"https:\/\/www.rkmega.com\/wp-content\/uploads\/2024\/12\/RK-HD-100T-AE.jpg","contentUrl":"https:\/\/www.rkmega.com\/wp-content\/uploads\/2024\/12\/RK-HD-100T-AE.jpg","width":1600,"height":1200},{"@type":"BreadcrumbList","@id":"https:\/\/www.rkmega.com\/product\/rk-hd-70tr-4k60\/#breadcrumb","itemListElement":[{"@type":"ListItem","position":1,"name":"Home","item":"https:\/\/www.rkmega.com\/"},{"@type":"ListItem","position":2,"name":"Store","item":"https:\/\/www.rkmega.com\/store\/"},{"@type":"ListItem","position":3,"name":"Model: RK-HD-70TR-4K60"}]},{"@type":"WebSite","@id":"https:\/\/www.rkmega.com\/#website","url":"https:\/\/www.rkmega.com\/","name":"LED DISPLAY","description":"","publisher":{"@id":"https:\/\/www.rkmega.com\/#organization"},"potentialAction":[{"@type":"SearchAction","target":{"@type":"EntryPoint","urlTemplate":"https:\/\/www.rkmega.com\/?s={search_term_string}"},"query-input":{"@type":"PropertyValueSpecification","valueRequired":true,"valueName":"search_term_string"}}],"inLanguage":"pt-BR"},{"@type":"Organization","@id":"https:\/\/www.rkmega.com\/#organization","name":"RKMEGA","url":"https:\/\/www.rkmega.com\/","logo":{"@type":"ImageObject","inLanguage":"pt-BR","@id":"https:\/\/www.rkmega.com\/#\/schema\/logo\/image\/","url":"https:\/\/www.rkmega.com\/wp-content\/uploads\/2024\/12\/cropped-LOGO180X60-2.png","contentUrl":"https:\/\/www.rkmega.com\/wp-content\/uploads\/2024\/12\/cropped-LOGO180X60-2.png","width":180,"height":60,"caption":"RKMEGA"},"image":{"@id":"https:\/\/www.rkmega.com\/#\/schema\/logo\/image\/"}}]}},"_links":{"self":[{"href":"https:\/\/www.rkmega.com\/pt\/wp-json\/wp\/v2\/product\/5385","targetHints":{"allow":["GET"]}}],"collection":[{"href":"https:\/\/www.rkmega.com\/pt\/wp-json\/wp\/v2\/product"}],"about":[{"href":"https:\/\/www.rkmega.com\/pt\/wp-json\/wp\/v2\/types\/product"}],"replies":[{"embeddable":true,"href":"https:\/\/www.rkmega.com\/pt\/wp-json\/wp\/v2\/comments?post=5385"}],"version-history":[{"count":2,"href":"https:\/\/www.rkmega.com\/pt\/wp-json\/wp\/v2\/product\/5385\/revisions"}],"predecessor-version":[{"id":6282,"href":"https:\/\/www.rkmega.com\/pt\/wp-json\/wp\/v2\/product\/5385\/revisions\/6282"}],"wp:featuredmedia":[{"embeddable":true,"href":"https:\/\/www.rkmega.com\/pt\/wp-json\/wp\/v2\/media\/5405"}],"wp:attachment":[{"href":"https:\/\/www.rkmega.com\/pt\/wp-json\/wp\/v2\/media?parent=5385"}],"wp:term":[{"taxonomy":"product_cat","embeddable":true,"href":"https:\/\/www.rkmega.com\/pt\/wp-json\/wp\/v2\/product_cat?post=5385"},{"taxonomy":"product_tag","embeddable":true,"href":"https:\/\/www.rkmega.com\/pt\/wp-json\/wp\/v2\/product_tag?post=5385"}],"curies":[{"name":"wp","href":"https:\/\/api.w.org\/{rel}","templated":true}]}}