{"id":5389,"date":"2024-12-26T10:40:03","date_gmt":"2024-12-26T02:40:03","guid":{"rendered":"https:\/\/www.rkmega.com\/?post_type=product&#038;p=5389"},"modified":"2026-04-17T07:58:11","modified_gmt":"2026-04-17T05:58:11","slug":"4k30-kvm","status":"publish","type":"product","link":"https:\/\/www.rkmega.com\/pt\/produto\/4k30-kvm\/","title":{"rendered":"Modelo: 4K30 KVM"},"content":{"rendered":"<h1><strong>Conex\u00f5es topol\u00f3gicas<\/strong><\/h1>\n<p>&nbsp;<\/p>\n<p><img decoding=\"async\" class=\"alignnone size-medium wp-image-5391\" src=\"https:\/\/www.rkmega.com\/wp-content\/uploads\/2024\/12\/C4P\u65b0\u7248-300x92.png\" alt=\"\" width=\"300\" height=\"92\" srcset=\"https:\/\/www.rkmega.com\/wp-content\/uploads\/2024\/12\/C4P\u65b0\u7248-300x92.png 300w, https:\/\/www.rkmega.com\/wp-content\/uploads\/2024\/12\/C4P\u65b0\u7248-1024x313.png 1024w, https:\/\/www.rkmega.com\/wp-content\/uploads\/2024\/12\/C4P\u65b0\u7248-768x235.png 768w, https:\/\/www.rkmega.com\/wp-content\/uploads\/2024\/12\/C4P\u65b0\u7248-18x6.png 18w, https:\/\/www.rkmega.com\/wp-content\/uploads\/2024\/12\/C4P\u65b0\u7248-600x184.png 600w, https:\/\/www.rkmega.com\/wp-content\/uploads\/2024\/12\/C4P\u65b0\u7248.png 1124w\" sizes=\"(max-width: 300px) 100vw, 300px\" \/><\/p>\n<h1><img fetchpriority=\"high\" decoding=\"async\" class=\"alignnone size-full wp-image-5410\" src=\"https:\/\/www.rkmega.com\/wp-content\/uploads\/2024\/12\/\u56fe\u72474-3.png\" alt=\"\" width=\"2022\" height=\"1441\" srcset=\"https:\/\/www.rkmega.com\/wp-content\/uploads\/2024\/12\/\u56fe\u72474-3.png 2022w, https:\/\/www.rkmega.com\/wp-content\/uploads\/2024\/12\/\u56fe\u72474-3-300x214.png 300w, https:\/\/www.rkmega.com\/wp-content\/uploads\/2024\/12\/\u56fe\u72474-3-1024x730.png 1024w, https:\/\/www.rkmega.com\/wp-content\/uploads\/2024\/12\/\u56fe\u72474-3-768x547.png 768w, https:\/\/www.rkmega.com\/wp-content\/uploads\/2024\/12\/\u56fe\u72474-3-1536x1095.png 1536w, https:\/\/www.rkmega.com\/wp-content\/uploads\/2024\/12\/\u56fe\u72474-3-18x12.png 18w, https:\/\/www.rkmega.com\/wp-content\/uploads\/2024\/12\/\u56fe\u72474-3-600x428.png 600w\" sizes=\"(max-width: 2022px) 100vw, 2022px\" \/><\/h1>\n<h1><strong>\u00a0\u00a0Observa\u00e7\u00f5es de seguran\u00e7a <\/strong><\/h1>\n<ul>\n<li>Sempre siga as precau\u00e7\u00f5es b\u00e1sicas de seguran\u00e7a para reduzir o risco de inc\u00eandio, choque el\u00e9trico e les\u00f5es pessoais.<\/li>\n<li>Para evitar riscos de inc\u00eandio ou choque el\u00e9trico, n\u00e3o deixe a unidade chover, n\u00e3o a molhe e n\u00e3o a instale perto de \u00e1gua.<\/li>\n<li>N\u00e3o espirre nenhum l\u00edquido sobre ou dentro deste produto.<\/li>\n<li>N\u00e3o enfie nenhum objeto na abertura ou no slot vazio do dispositivo deste produto de forma alguma, pois isso pode danificar as partes internas da unidade.<\/li>\n<li>N\u00e3o conecte os cabos de alimenta\u00e7\u00e3o \u00e0s superf\u00edcies do pr\u00e9dio.<\/li>\n<li>Use somente o dispositivo de fonte de alimenta\u00e7\u00e3o inclu\u00eddo. N\u00e3o use se a fonte de alimenta\u00e7\u00e3o estiver danificada.<\/li>\n<li>N\u00e3o coloque nenhum item no cabo de alimenta\u00e7\u00e3o dentro ou sobre a cal\u00e7ada onde as pessoas andam.<\/li>\n<li>Para evitar o superaquecimento do equipamento, n\u00e3o empilhe todos os equipamentos uns sobre os outros ou forne\u00e7a ventila\u00e7\u00e3o e deixe espa\u00e7o suficiente para que o ar circule ao redor do equipamento<\/li>\n<\/ul>","protected":false},"excerpt":{"rendered":"<table>\n<tbody>\n<tr>\n<td width=\"170\"><strong>Interface de entrada de v\u00eddeo <\/strong><\/td>\n<td width=\"425\">1*HDMI<\/td>\n<\/tr>\n<tr>\n<td width=\"170\"><strong>Porta de sa\u00edda de v\u00eddeo <\/strong><\/td>\n<td width=\"425\">1*HDMI<\/td>\n<\/tr>\n<tr>\n<td width=\"170\"><strong>Inserir resolu\u00e7\u00e3o <\/strong><\/td>\n<td width=\"425\">3840*2160@30HZ<\/td>\n<\/tr>\n<tr>\n<td width=\"170\"><strong>Resolu\u00e7\u00e3o de sa\u00edda <\/strong><\/td>\n<td width=\"425\">3840*2160@30HZ<\/td>\n<\/tr>\n<tr>\n<td width=\"170\"><strong>\u00c1udio de entrada<\/strong><strong>\u00a0<\/strong><\/td>\n<td width=\"425\">Terminais de 3,5 mm de 1 via<\/td>\n<\/tr>\n<tr>\n<td width=\"170\"><strong>Sa\u00edda de \u00e1udio<\/strong><strong>\u00a0<\/strong><\/td>\n<td width=\"425\">Terminais de 3,5 mm de 1 via<\/td>\n<\/tr>\n<tr>\n<td width=\"170\"><strong>Comunica\u00e7\u00e3o perif\u00e9rica<\/strong><strong>\u00a0<\/strong><\/td>\n<td width=\"425\">Terminal Phoenix RS232 de 1 via, terminal Phoenix RS485 de 1 via<\/p>\n<p>1 terminal Phoenix de rel\u00e9,2 terminal Phoenix de IO<\/td>\n<\/tr>\n<tr>\n<td width=\"170\"><strong>Interface de rede <\/strong><\/td>\n<td width=\"425\">1 interface RJ-45, interface 1000M Base-T com suporte a PoE<\/p>\n<p>1 porta SFP, 1,25 Gbps<\/td>\n<\/tr>\n<tr>\n<td width=\"170\"><strong>Fonte de alimenta\u00e7\u00e3o PoE <\/strong><\/td>\n<td width=\"425\">Suporte<\/td>\n<\/tr>\n<tr>\n<td width=\"170\"><strong>Interface KVM<\/strong><strong>\u00a0<\/strong><\/td>\n<td width=\"425\">2 portas USB2.0,<\/p>\n<p>Durante a codifica\u00e7\u00e3o, suporte \u00e0 interface do PC para conex\u00e3o com o computador;<\/td>\n<\/tr>\n<tr>\n<td width=\"170\"><strong>dimens\u00e3o <\/strong><\/td>\n<td width=\"425\">Ao decodificar, a interface bidirecional suporta o mouse e 210 mm*113 mm*30 mm<\/td>\n<\/tr>\n<tr>\n<td width=\"170\"><strong>Peso <\/strong><\/td>\n<td width=\"425\">0,6 KG<\/td>\n<\/tr>\n<\/tbody>\n<\/table>","protected":false},"featured_media":5407,"comment_status":"open","ping_status":"closed","template":"","meta":{"site-sidebar-layout":"default","site-content-layout":"","ast-site-content-layout":"default","site-content-style":"default","site-sidebar-style":"default","ast-global-header-display":"","ast-banner-title-visibility":"","ast-main-header-display":"","ast-hfb-above-header-display":"","ast-hfb-below-header-display":"","ast-hfb-mobile-header-display":"","site-post-title":"","ast-breadcrumbs-content":"","ast-featured-img":"","footer-sml-layout":"","theme-transparent-header-meta":"default","adv-header-id-meta":"","stick-header-meta":"","header-above-stick-meta":"","header-main-stick-meta":"","header-below-stick-meta":"","astra-migrate-meta-layouts":"set","ast-page-background-enabled":"default","ast-page-background-meta":{"desktop":{"background-color":"","background-image":"","background-repeat":"repeat","background-position":"center center","background-size":"auto","background-attachment":"scroll","background-type":"","background-media":"","overlay-type":"","overlay-color":"","overlay-opacity":"","overlay-gradient":""},"tablet":{"background-color":"","background-image":"","background-repeat":"repeat","background-position":"center center","background-size":"auto","background-attachment":"scroll","background-type":"","background-media":"","overlay-type":"","overlay-color":"","overlay-opacity":"","overlay-gradient":""},"mobile":{"background-color":"","background-image":"","background-repeat":"repeat","background-position":"center center","background-size":"auto","background-attachment":"scroll","background-type":"","background-media":"","overlay-type":"","overlay-color":"","overlay-opacity":"","overlay-gradient":""}},"ast-content-background-meta":{"desktop":{"background-color":"var(--ast-global-color-5)","background-image":"","background-repeat":"repeat","background-position":"center center","background-size":"auto","background-attachment":"scroll","background-type":"","background-media":"","overlay-type":"","overlay-color":"","overlay-opacity":"","overlay-gradient":""},"tablet":{"background-color":"var(--ast-global-color-5)","background-image":"","background-repeat":"repeat","background-position":"center center","background-size":"auto","background-attachment":"scroll","background-type":"","background-media":"","overlay-type":"","overlay-color":"","overlay-opacity":"","overlay-gradient":""},"mobile":{"background-color":"var(--ast-global-color-5)","background-image":"","background-repeat":"repeat","background-position":"center center","background-size":"auto","background-attachment":"scroll","background-type":"","background-media":"","overlay-type":"","overlay-color":"","overlay-opacity":"","overlay-gradient":""}}},"product_cat":[73],"product_tag":[],"class_list":{"0":"post-5389","1":"product","2":"type-product","3":"status-publish","4":"has-post-thumbnail","6":"product_cat-h-264-h-265","7":"desktop-align-left","8":"tablet-align-left","9":"mobile-align-left","11":"first","12":"instock","13":"shipping-taxable","14":"product-type-simple"},"yoast_head":"<!-- This site is optimized with the Yoast SEO plugin v24.9 - https:\/\/yoast.com\/wordpress\/plugins\/seo\/ -->\n<title>Model: 4K30 KVM - LED Solution Provider | OEM&amp;ODM | 15+ Years<\/title>\n<meta name=\"robots\" content=\"index, follow, max-snippet:-1, max-image-preview:large, max-video-preview:-1\" \/>\n<link rel=\"canonical\" href=\"https:\/\/www.rkmega.com\/pt\/produto\/4k30-kvm\/\" \/>\n<meta property=\"og:locale\" content=\"pt_BR\" \/>\n<meta property=\"og:type\" content=\"article\" \/>\n<meta property=\"og:title\" content=\"Model: 4K30 KVM - LED Solution Provider | OEM&amp;ODM | 15+ Years\" \/>\n<meta property=\"og:description\" content=\"Video input interface  1*HDMI   Video output port  1*HDMI   Enter resolution  3840*2160@30HZ   Output resolution  3840*2160@30HZ   Input audio\u00a0 1 way 3.5mm terminals   Output audio\u00a0 1 way 3.5mm terminals   Peripheral communication\u00a0 1 way RS232 Phoenix terminal,1 way RS485 Phoenix terminal  1 relay Phoenix terminal,2 IO Phoenix terminal   Network interface  1 RJ-45 interface, 1000M Base-T interface support PoE  1 SFP port, 1.25Gbps   PoE power supply  Support   KVM interface\u00a0 2 USB2.0 ports,  When coding, PC interface support to connect to the computer;   dimension  When decoding, the 2-way interface supports the mouse and 210mm*113mm*30mm   Weight  0.6 KG\" \/>\n<meta property=\"og:url\" content=\"https:\/\/www.rkmega.com\/pt\/produto\/4k30-kvm\/\" \/>\n<meta property=\"og:site_name\" content=\"LED Solution Provider | OEM&amp;ODM | 15+ Years\" \/>\n<meta property=\"article:modified_time\" content=\"2026-04-17T05:58:11+00:00\" \/>\n<meta property=\"og:image\" content=\"https:\/\/www.rkmega.com\/wp-content\/uploads\/2024\/12\/4K30KVM.jpg\" \/>\n\t<meta property=\"og:image:width\" content=\"1600\" \/>\n\t<meta property=\"og:image:height\" content=\"1200\" \/>\n\t<meta property=\"og:image:type\" content=\"image\/jpeg\" \/>\n<meta name=\"twitter:card\" content=\"summary_large_image\" \/>\n<meta name=\"twitter:label1\" content=\"Est. tempo de leitura\" \/>\n\t<meta name=\"twitter:data1\" content=\"2 minutos\" \/>\n<script type=\"application\/ld+json\" class=\"yoast-schema-graph\">{\"@context\":\"https:\/\/schema.org\",\"@graph\":[{\"@type\":\"WebPage\",\"@id\":\"https:\/\/www.rkmega.com\/product\/4k30-kvm\/\",\"url\":\"https:\/\/www.rkmega.com\/product\/4k30-kvm\/\",\"name\":\"Model: 4K30 KVM - LED Solution Provider | OEM&amp;ODM | 15+ Years\",\"isPartOf\":{\"@id\":\"https:\/\/www.rkmega.com\/#website\"},\"primaryImageOfPage\":{\"@id\":\"https:\/\/www.rkmega.com\/product\/4k30-kvm\/#primaryimage\"},\"image\":{\"@id\":\"https:\/\/www.rkmega.com\/product\/4k30-kvm\/#primaryimage\"},\"thumbnailUrl\":\"https:\/\/www.rkmega.com\/wp-content\/uploads\/2024\/12\/4K30KVM.jpg\",\"datePublished\":\"2024-12-26T02:40:03+00:00\",\"dateModified\":\"2026-04-17T05:58:11+00:00\",\"breadcrumb\":{\"@id\":\"https:\/\/www.rkmega.com\/product\/4k30-kvm\/#breadcrumb\"},\"inLanguage\":\"pt-BR\",\"potentialAction\":[{\"@type\":\"ReadAction\",\"target\":[\"https:\/\/www.rkmega.com\/product\/4k30-kvm\/\"]}]},{\"@type\":\"ImageObject\",\"inLanguage\":\"pt-BR\",\"@id\":\"https:\/\/www.rkmega.com\/product\/4k30-kvm\/#primaryimage\",\"url\":\"https:\/\/www.rkmega.com\/wp-content\/uploads\/2024\/12\/4K30KVM.jpg\",\"contentUrl\":\"https:\/\/www.rkmega.com\/wp-content\/uploads\/2024\/12\/4K30KVM.jpg\",\"width\":1600,\"height\":1200},{\"@type\":\"BreadcrumbList\",\"@id\":\"https:\/\/www.rkmega.com\/product\/4k30-kvm\/#breadcrumb\",\"itemListElement\":[{\"@type\":\"ListItem\",\"position\":1,\"name\":\"Home\",\"item\":\"https:\/\/www.rkmega.com\/\"},{\"@type\":\"ListItem\",\"position\":2,\"name\":\"Store\",\"item\":\"https:\/\/www.rkmega.com\/store\/\"},{\"@type\":\"ListItem\",\"position\":3,\"name\":\"Model: 4K30 KVM\"}]},{\"@type\":\"WebSite\",\"@id\":\"https:\/\/www.rkmega.com\/#website\",\"url\":\"https:\/\/www.rkmega.com\/\",\"name\":\"LED DISPLAY\",\"description\":\"\",\"publisher\":{\"@id\":\"https:\/\/www.rkmega.com\/#organization\"},\"potentialAction\":[{\"@type\":\"SearchAction\",\"target\":{\"@type\":\"EntryPoint\",\"urlTemplate\":\"https:\/\/www.rkmega.com\/?s={search_term_string}\"},\"query-input\":{\"@type\":\"PropertyValueSpecification\",\"valueRequired\":true,\"valueName\":\"search_term_string\"}}],\"inLanguage\":\"pt-BR\"},{\"@type\":\"Organization\",\"@id\":\"https:\/\/www.rkmega.com\/#organization\",\"name\":\"RKMEGA\",\"url\":\"https:\/\/www.rkmega.com\/\",\"logo\":{\"@type\":\"ImageObject\",\"inLanguage\":\"pt-BR\",\"@id\":\"https:\/\/www.rkmega.com\/#\/schema\/logo\/image\/\",\"url\":\"https:\/\/www.rkmega.com\/wp-content\/uploads\/2024\/12\/cropped-LOGO180X60-2.png\",\"contentUrl\":\"https:\/\/www.rkmega.com\/wp-content\/uploads\/2024\/12\/cropped-LOGO180X60-2.png\",\"width\":180,\"height\":60,\"caption\":\"RKMEGA\"},\"image\":{\"@id\":\"https:\/\/www.rkmega.com\/#\/schema\/logo\/image\/\"}}]}<\/script>\n<!-- \/ Yoast SEO plugin. -->","yoast_head_json":{"title":"Model: 4K30 KVM - LED Solution Provider | OEM&amp;ODM | 15+ Years","robots":{"index":"index","follow":"follow","max-snippet":"max-snippet:-1","max-image-preview":"max-image-preview:large","max-video-preview":"max-video-preview:-1"},"canonical":"https:\/\/www.rkmega.com\/pt\/produto\/4k30-kvm\/","og_locale":"pt_BR","og_type":"article","og_title":"Model: 4K30 KVM - LED Solution Provider | OEM&amp;ODM | 15+ Years","og_description":"Video input interface  1*HDMI   Video output port  1*HDMI   Enter resolution  3840*2160@30HZ   Output resolution  3840*2160@30HZ   Input audio\u00a0 1 way 3.5mm terminals   Output audio\u00a0 1 way 3.5mm terminals   Peripheral communication\u00a0 1 way RS232 Phoenix terminal,1 way RS485 Phoenix terminal  1 relay Phoenix terminal,2 IO Phoenix terminal   Network interface  1 RJ-45 interface, 1000M Base-T interface support PoE  1 SFP port, 1.25Gbps   PoE power supply  Support   KVM interface\u00a0 2 USB2.0 ports,  When coding, PC interface support to connect to the computer;   dimension  When decoding, the 2-way interface supports the mouse and 210mm*113mm*30mm   Weight  0.6 KG","og_url":"https:\/\/www.rkmega.com\/pt\/produto\/4k30-kvm\/","og_site_name":"LED Solution Provider | OEM&amp;ODM | 15+ Years","article_modified_time":"2026-04-17T05:58:11+00:00","og_image":[{"width":1600,"height":1200,"url":"https:\/\/www.rkmega.com\/wp-content\/uploads\/2024\/12\/4K30KVM.jpg","type":"image\/jpeg"}],"twitter_card":"summary_large_image","twitter_misc":{"Est. tempo de leitura":"2 minutos"},"schema":{"@context":"https:\/\/schema.org","@graph":[{"@type":"WebPage","@id":"https:\/\/www.rkmega.com\/product\/4k30-kvm\/","url":"https:\/\/www.rkmega.com\/product\/4k30-kvm\/","name":"Model: 4K30 KVM - LED Solution Provider | OEM&amp;ODM | 15+ Years","isPartOf":{"@id":"https:\/\/www.rkmega.com\/#website"},"primaryImageOfPage":{"@id":"https:\/\/www.rkmega.com\/product\/4k30-kvm\/#primaryimage"},"image":{"@id":"https:\/\/www.rkmega.com\/product\/4k30-kvm\/#primaryimage"},"thumbnailUrl":"https:\/\/www.rkmega.com\/wp-content\/uploads\/2024\/12\/4K30KVM.jpg","datePublished":"2024-12-26T02:40:03+00:00","dateModified":"2026-04-17T05:58:11+00:00","breadcrumb":{"@id":"https:\/\/www.rkmega.com\/product\/4k30-kvm\/#breadcrumb"},"inLanguage":"pt-BR","potentialAction":[{"@type":"ReadAction","target":["https:\/\/www.rkmega.com\/product\/4k30-kvm\/"]}]},{"@type":"ImageObject","inLanguage":"pt-BR","@id":"https:\/\/www.rkmega.com\/product\/4k30-kvm\/#primaryimage","url":"https:\/\/www.rkmega.com\/wp-content\/uploads\/2024\/12\/4K30KVM.jpg","contentUrl":"https:\/\/www.rkmega.com\/wp-content\/uploads\/2024\/12\/4K30KVM.jpg","width":1600,"height":1200},{"@type":"BreadcrumbList","@id":"https:\/\/www.rkmega.com\/product\/4k30-kvm\/#breadcrumb","itemListElement":[{"@type":"ListItem","position":1,"name":"Home","item":"https:\/\/www.rkmega.com\/"},{"@type":"ListItem","position":2,"name":"Store","item":"https:\/\/www.rkmega.com\/store\/"},{"@type":"ListItem","position":3,"name":"Model: 4K30 KVM"}]},{"@type":"WebSite","@id":"https:\/\/www.rkmega.com\/#website","url":"https:\/\/www.rkmega.com\/","name":"LED DISPLAY","description":"","publisher":{"@id":"https:\/\/www.rkmega.com\/#organization"},"potentialAction":[{"@type":"SearchAction","target":{"@type":"EntryPoint","urlTemplate":"https:\/\/www.rkmega.com\/?s={search_term_string}"},"query-input":{"@type":"PropertyValueSpecification","valueRequired":true,"valueName":"search_term_string"}}],"inLanguage":"pt-BR"},{"@type":"Organization","@id":"https:\/\/www.rkmega.com\/#organization","name":"RKMEGA","url":"https:\/\/www.rkmega.com\/","logo":{"@type":"ImageObject","inLanguage":"pt-BR","@id":"https:\/\/www.rkmega.com\/#\/schema\/logo\/image\/","url":"https:\/\/www.rkmega.com\/wp-content\/uploads\/2024\/12\/cropped-LOGO180X60-2.png","contentUrl":"https:\/\/www.rkmega.com\/wp-content\/uploads\/2024\/12\/cropped-LOGO180X60-2.png","width":180,"height":60,"caption":"RKMEGA"},"image":{"@id":"https:\/\/www.rkmega.com\/#\/schema\/logo\/image\/"}}]}},"_links":{"self":[{"href":"https:\/\/www.rkmega.com\/pt\/wp-json\/wp\/v2\/product\/5389","targetHints":{"allow":["GET"]}}],"collection":[{"href":"https:\/\/www.rkmega.com\/pt\/wp-json\/wp\/v2\/product"}],"about":[{"href":"https:\/\/www.rkmega.com\/pt\/wp-json\/wp\/v2\/types\/product"}],"replies":[{"embeddable":true,"href":"https:\/\/www.rkmega.com\/pt\/wp-json\/wp\/v2\/comments?post=5389"}],"version-history":[{"count":6,"href":"https:\/\/www.rkmega.com\/pt\/wp-json\/wp\/v2\/product\/5389\/revisions"}],"predecessor-version":[{"id":6381,"href":"https:\/\/www.rkmega.com\/pt\/wp-json\/wp\/v2\/product\/5389\/revisions\/6381"}],"wp:featuredmedia":[{"embeddable":true,"href":"https:\/\/www.rkmega.com\/pt\/wp-json\/wp\/v2\/media\/5407"}],"wp:attachment":[{"href":"https:\/\/www.rkmega.com\/pt\/wp-json\/wp\/v2\/media?parent=5389"}],"wp:term":[{"taxonomy":"product_cat","embeddable":true,"href":"https:\/\/www.rkmega.com\/pt\/wp-json\/wp\/v2\/product_cat?post=5389"},{"taxonomy":"product_tag","embeddable":true,"href":"https:\/\/www.rkmega.com\/pt\/wp-json\/wp\/v2\/product_tag?post=5389"}],"curies":[{"name":"wp","href":"https:\/\/api.w.org\/{rel}","templated":true}]}}