{"id":5422,"date":"2024-12-26T13:47:35","date_gmt":"2024-12-26T05:47:35","guid":{"rendered":"https:\/\/www.rkmega.com\/?post_type=product&#038;p=5422"},"modified":"2025-04-23T18:06:29","modified_gmt":"2025-04-23T10:06:29","slug":"jpeg2000","status":"publish","type":"product","link":"https:\/\/www.rkmega.com\/pt\/produto\/jpeg2000\/","title":{"rendered":"Modelo: JPEG2000"},"content":{"rendered":"<p><strong><b>N\u00f3 de entrada de agente de dois fluxos h\u00edbrido JPEG2000 e H.264<\/b><\/strong><\/p>\n<p><img fetchpriority=\"high\" decoding=\"async\" class=\"alignnone size-full wp-image-5424\" src=\"https:\/\/www.rkmega.com\/wp-content\/uploads\/2024\/12\/\u56fe\u724711-2.png\" alt=\"\" width=\"334\" height=\"312\" srcset=\"https:\/\/www.rkmega.com\/wp-content\/uploads\/2024\/12\/\u56fe\u724711-2.png 334w, https:\/\/www.rkmega.com\/wp-content\/uploads\/2024\/12\/\u56fe\u724711-2-300x280.png 300w, https:\/\/www.rkmega.com\/wp-content\/uploads\/2024\/12\/\u56fe\u724711-2-13x12.png 13w\" sizes=\"(max-width: 334px) 100vw, 334px\" \/><\/p>\n<p>O n\u00f3 de entrada \u00e9 conectado principalmente ao computador, o sinal de v\u00eddeo 4K e a codifica\u00e7\u00e3o e transmiss\u00e3o do sinal USB2.0, ele suporta codifica\u00e7\u00e3o mista, a codifica\u00e7\u00e3o de alta qualidade de imagem JPEG2000 \u00e9 usada para transmitir para o n\u00f3 de recep\u00e7\u00e3o do agente, para oferecer ao usu\u00e1rio qualidade de imagem sem perdas e atraso ultrabaixo, opera\u00e7\u00e3o r\u00e1pida do mouse e do teclado, sem atraso; a vantagem da codifica\u00e7\u00e3o H.265 \u00e9 a alta taxa de compacta\u00e7\u00e3o, que considera a largura de banda pequena, o software cliente por meio de decodifica\u00e7\u00e3o suave, visualiza\u00e7\u00e3o do sinal, opera\u00e7\u00e3o visual<sub>. <\/sub><\/p>\n<h1><strong>Recursos <\/strong><\/h1>\n<ul>\n<li>O 4K UHD usa cabos de rede de switch 1G ou fibras \u00f3pticas.<\/li>\n<li>suporteHDMI 1.4, HDCP 1.4.<\/li>\n<li>Codifica\u00e7\u00e3o de v\u00eddeo sem perdas com atraso de 1,5 quadro.<\/li>\n<li>Suporte a porta de rede, porta \u00f3ptica, fluxo de c\u00f3digo IP pode ser transmitido por meio de porta de rede ou porta \u00f3ptica, suporte a backup quente de rede \u00f3ptica.<\/li>\n<li>A porta de rede 1G suporta fonte de alimenta\u00e7\u00e3o POE.<\/li>\n<li>Suporta duas entradas HDMI e uma sa\u00edda de loop HDMI.<\/li>\n<li>Entrada e sa\u00edda de \u00e1udio anal\u00f3gico, compat\u00edvel com \u00e1udio n\u00e3o incorporado, sincroniza\u00e7\u00e3o de \u00e1udio com v\u00eddeo ou aplicativos de comuta\u00e7\u00e3o independentes.<\/li>\n<li>Entrada e sa\u00edda de controle RS232, suporte a controle central ou PC por meio da rede para transmitir comandos de controle para RS232.<\/li>\n<li>Entrada e sa\u00edda de infravermelho, suporte por meio da rede para enviar o c\u00f3digo de controle de infravermelho para o transmissor de infravermelho, suporte para sa\u00edda de rede de c\u00f3digo de controle de aprendizagem de recebimento de infravermelho.<\/li>\n<li>Suporta a sa\u00edda de tr\u00eas fluxos ao mesmo tempo: JPEG2000 (at\u00e9 4K@30Hz), fluxo principal H.264\/H.265 (at\u00e9 1080P@60Hz), c\u00f3digo auxiliar H.264\/H.265.<\/li>\n<li>Terminal WEB integrado Configura\u00e7\u00f5es, controle de configura\u00e7\u00e3o do software para PC.<\/li>\n<li>O\u25fcePorta USB 2.0.<\/li>\n<li>Bot\u00f5es e indicadores de sinal no painel frontal.<\/li>\n<li>Conector de alimenta\u00e7\u00e3o com trava, compat\u00edvel com fonte de alimenta\u00e7\u00e3o POE e backup duplo de fonte de alimenta\u00e7\u00e3o local.<\/li>\n<li>A porta IO se conecta \u00e0 placa-m\u00e3e do computador, inicializa\u00e7\u00e3o remota.<\/li>\n<li>Suporta fluxo de visualiza\u00e7\u00e3o para controle visual do sistema.<\/li>\n<\/ul>\n<p>Status do visor LCD do painel frontal, interruptor de chave de entrada de v\u00eddeo local.<\/p>","protected":false},"excerpt":{"rendered":"<table>\n<tbody>\n<tr>\n<td width=\"293\">N\u00famero do modelo<\/td>\n<td width=\"297\"><strong>B2-H-I\/O<\/strong><strong>M VLX-TC1 <\/strong><\/td>\n<\/tr>\n<tr>\n<td width=\"293\">Tecnologia<\/td>\n<td width=\"297\">&nbsp;<\/td>\n<\/tr>\n<tr>\n<td width=\"293\">Atraso<\/td>\n<td width=\"297\">1,5 quadros (25 ms)<\/td>\n<\/tr>\n<tr>\n<td width=\"293\">Entrada HDMI 1<\/td>\n<td width=\"297\">(HDMI 1.4, HDCP1.4)<\/td>\n<\/tr>\n<tr>\n<td width=\"293\">Entrada HDMI 2<\/td>\n<td width=\"297\">(HDMI 1.4, HDCP1.4)<\/td>\n<\/tr>\n<tr>\n<td width=\"293\">Sa\u00edda HDMI<\/td>\n<td width=\"297\">(HDMI 1.4, HDCP1.4)<\/td>\n<\/tr>\n<tr>\n<td width=\"293\">\u00c1udio<\/td>\n<td width=\"297\">Entrada\/sa\u00edda de linha de \u00e1udio anal\u00f3gico (TRS de 3,5 mm)<\/td>\n<\/tr>\n<tr>\n<td width=\"293\">Ethernet de cobre 1G<\/td>\n<td width=\"297\">RJ-45, alcance de transmiss\u00e3o de 100 m<\/td>\n<\/tr>\n<tr>\n<td width=\"293\">Ethernet de fibra 1G<\/td>\n<td width=\"297\">Modo \u00fanico LC, dist\u00e2ncia de transmiss\u00e3o de 10 km<\/td>\n<\/tr>\n<tr>\n<td width=\"293\">LAN RJ-45<\/td>\n<td width=\"297\">10\/100\/1000M PoE (PD)<\/td>\n<\/tr>\n<tr>\n<td width=\"293\">Largura de banda de v\u00eddeo<\/td>\n<td width=\"297\">340MHz<\/td>\n<\/tr>\n<tr>\n<td width=\"293\">Suporte \u00e0 resolu\u00e7\u00e3o<\/td>\n<td width=\"297\">4K2K 4:4:4 @30Hz<\/td>\n<\/tr>\n<tr>\n<td width=\"293\">Comuta\u00e7\u00e3o de \u00e1udio<\/td>\n<td width=\"297\">Suporte a comuta\u00e7\u00e3o s\u00edncrona de \u00e1udio e v\u00eddeo ou comuta\u00e7\u00e3o independente de \u00e1udio<\/td>\n<\/tr>\n<tr>\n<td width=\"293\">RS-232<\/td>\n<td width=\"297\">Suporta taxa de transmiss\u00e3o de 115k (terminal Phoenix)<\/td>\n<\/tr>\n<tr>\n<td width=\"293\">IR<\/td>\n<td width=\"297\">Bidirecional (TRS de 3,5 mm)<\/td>\n<\/tr>\n<tr>\n<td width=\"293\">Conector USB<\/td>\n<td width=\"297\">USB 2.0 Tipo A at\u00e9 o fim<\/td>\n<\/tr>\n<tr>\n<td width=\"293\">Tela LCD<\/td>\n<td width=\"297\">TFT de 0,96\" com matriz de pontos de 160 x 80<\/td>\n<\/tr>\n<tr>\n<td width=\"293\">Interface de controle<\/td>\n<td width=\"297\">KEY, RS232, IR, WEB, TELNET e software para PC<\/td>\n<\/tr>\n<tr>\n<td width=\"293\">Estrutura<\/td>\n<td width=\"297\">&nbsp;<\/td>\n<\/tr>\n<tr>\n<td width=\"293\">Caso<\/td>\n<td width=\"297\">Estojo industrial para aeronaves<\/td>\n<\/tr>\n<tr>\n<td width=\"293\">Dimens\u00f5es [comprimento x largura x altura]<\/td>\n<td width=\"297\">232 x 135 x 32 mm<\/td>\n<\/tr>\n<tr>\n<td width=\"293\">Peso<\/td>\n<td width=\"297\">700g<\/td>\n<\/tr>\n<tr>\n<td width=\"293\">Instalar<\/td>\n<td width=\"297\">Terminais de montagem em rack e terminais de montagem na base da mesa<\/td>\n<\/tr>\n<tr>\n<td width=\"293\">Fonte de alimenta\u00e7\u00e3o<\/td>\n<td width=\"297\">12V CC com trava com PoE (LAN)<\/td>\n<\/tr>\n<tr>\n<td width=\"293\">Consumo de energia<\/td>\n<td width=\"297\">8 Watts<\/td>\n<\/tr>\n<tr>\n<td width=\"293\">Temperatura operacional<\/td>\n<td width=\"297\">0~40\u00b0C [32~104\u00b0F]<\/td>\n<\/tr>\n<tr>\n<td width=\"293\">Embalagem<\/td>\n<td width=\"297\">1x B2-H-I\/O com 1x PSU (DC 12V 2A)<\/td>\n<\/tr>\n<\/tbody>\n<\/table>","protected":false},"featured_media":5423,"comment_status":"open","ping_status":"closed","template":"","meta":{"site-sidebar-layout":"default","site-content-layout":"","ast-site-content-layout":"default","site-content-style":"default","site-sidebar-style":"default","ast-global-header-display":"","ast-banner-title-visibility":"","ast-main-header-display":"","ast-hfb-above-header-display":"","ast-hfb-below-header-display":"","ast-hfb-mobile-header-display":"","site-post-title":"","ast-breadcrumbs-content":"","ast-featured-img":"","footer-sml-layout":"","theme-transparent-header-meta":"default","adv-header-id-meta":"","stick-header-meta":"","header-above-stick-meta":"","header-main-stick-meta":"","header-below-stick-meta":"","astra-migrate-meta-layouts":"set","ast-page-background-enabled":"default","ast-page-background-meta":{"desktop":{"background-color":"","background-image":"","background-repeat":"repeat","background-position":"center center","background-size":"auto","background-attachment":"scroll","background-type":"","background-media":"","overlay-type":"","overlay-color":"","overlay-opacity":"","overlay-gradient":""},"tablet":{"background-color":"","background-image":"","background-repeat":"repeat","background-position":"center center","background-size":"auto","background-attachment":"scroll","background-type":"","background-media":"","overlay-type":"","overlay-color":"","overlay-opacity":"","overlay-gradient":""},"mobile":{"background-color":"","background-image":"","background-repeat":"repeat","background-position":"center center","background-size":"auto","background-attachment":"scroll","background-type":"","background-media":"","overlay-type":"","overlay-color":"","overlay-opacity":"","overlay-gradient":""}},"ast-content-background-meta":{"desktop":{"background-color":"var(--ast-global-color-5)","background-image":"","background-repeat":"repeat","background-position":"center center","background-size":"auto","background-attachment":"scroll","background-type":"","background-media":"","overlay-type":"","overlay-color":"","overlay-opacity":"","overlay-gradient":""},"tablet":{"background-color":"var(--ast-global-color-5)","background-image":"","background-repeat":"repeat","background-position":"center center","background-size":"auto","background-attachment":"scroll","background-type":"","background-media":"","overlay-type":"","overlay-color":"","overlay-opacity":"","overlay-gradient":""},"mobile":{"background-color":"var(--ast-global-color-5)","background-image":"","background-repeat":"repeat","background-position":"center center","background-size":"auto","background-attachment":"scroll","background-type":"","background-media":"","overlay-type":"","overlay-color":"","overlay-opacity":"","overlay-gradient":""}}},"product_cat":[74],"product_tag":[],"class_list":{"0":"post-5422","1":"product","2":"type-product","3":"status-publish","4":"has-post-thumbnail","6":"product_cat-jpeg2000","7":"desktop-align-left","8":"tablet-align-left","9":"mobile-align-left","11":"first","12":"instock","13":"shipping-taxable","14":"product-type-simple"},"yoast_head":"<!-- This site is optimized with the Yoast SEO plugin v24.9 - https:\/\/yoast.com\/wordpress\/plugins\/seo\/ -->\n<title>Model: JPEG2000 - LED Solution Provider | OEM&amp;ODM | 15+ Years<\/title>\n<meta name=\"robots\" content=\"index, follow, max-snippet:-1, max-image-preview:large, max-video-preview:-1\" \/>\n<link rel=\"canonical\" href=\"https:\/\/www.rkmega.com\/pt\/produto\/jpeg2000\/\" \/>\n<meta property=\"og:locale\" content=\"pt_BR\" \/>\n<meta property=\"og:type\" content=\"article\" \/>\n<meta property=\"og:title\" content=\"Model: JPEG2000 - LED Solution Provider | OEM&amp;ODM | 15+ Years\" \/>\n<meta property=\"og:description\" content=\"Model number B2-H-I\/OM VLX-TC1    Technology &nbsp;   Delay 1.5 frames\u00a0(25ms)   HDMI input\u00a01 (HDMI 1.4, HDCP1.4)   HDMI input\u00a02 (HDMI 1.4, HDCP1.4)   HDMI output (HDMI 1.4, HDCP1.4)   Audio Analog Audio Line In\/Out (3.5mm TRS)   1G Copper Ethernet RJ-45, 100 m transmission range   1G Fiber Ethernet LC single mode, 10km transmission distance   LAN RJ-45 10\/100\/1000M PoE (PD)   Video bandwidth 340MHz   Resolution support 4K2K 4:4:4 @30Hz   Audio switching Support audio and video synchronous switching, or audio independent switching   RS-232 Supports 115k\u00a0baud rate (Phoenix terminal)   IR Bidirectional (3.5mm TRS)   USB connector USB 2.0 Type A\u00a0all the way   LCD display 0.96 &quot;TFT 160 x 80 dot matrix   Control interface KEY,RS232,IR,WEB,TELNET and PC Software   Structure &nbsp;   Case Industrial aircraft case   Dimensions [length x\u00a0width x\u00a0height] 232x 135 x 32mm   Weight 700g   Install Rack mounting lugs and table bottom mounting lugs   Power Supply 12V DC with lock with\u00a0PoE (LAN)   Power Consumption 8 Watts   Operating temperature 0~40\u00b0C [32~104\u00b0F]   Packaging 1x B2-H-I\/O\u00a0with\u00a01x PSU(DC 12V 2A)\" \/>\n<meta property=\"og:url\" content=\"https:\/\/www.rkmega.com\/pt\/produto\/jpeg2000\/\" \/>\n<meta property=\"og:site_name\" content=\"LED Solution Provider | OEM&amp;ODM | 15+ Years\" \/>\n<meta property=\"article:modified_time\" content=\"2025-04-23T10:06:29+00:00\" \/>\n<meta property=\"og:image\" content=\"https:\/\/www.rkmega.com\/wp-content\/uploads\/2024\/12\/JPEG2000.jpg\" \/>\n\t<meta property=\"og:image:width\" content=\"1600\" \/>\n\t<meta property=\"og:image:height\" content=\"1200\" \/>\n\t<meta property=\"og:image:type\" content=\"image\/jpeg\" \/>\n<meta name=\"twitter:card\" content=\"summary_large_image\" \/>\n<meta name=\"twitter:label1\" content=\"Est. tempo de leitura\" \/>\n\t<meta name=\"twitter:data1\" content=\"1 minuto\" \/>\n<script type=\"application\/ld+json\" class=\"yoast-schema-graph\">{\"@context\":\"https:\/\/schema.org\",\"@graph\":[{\"@type\":\"WebPage\",\"@id\":\"https:\/\/www.rkmega.com\/product\/jpeg2000\/\",\"url\":\"https:\/\/www.rkmega.com\/product\/jpeg2000\/\",\"name\":\"Model: JPEG2000 - LED Solution Provider | OEM&amp;ODM | 15+ Years\",\"isPartOf\":{\"@id\":\"https:\/\/www.rkmega.com\/#website\"},\"primaryImageOfPage\":{\"@id\":\"https:\/\/www.rkmega.com\/product\/jpeg2000\/#primaryimage\"},\"image\":{\"@id\":\"https:\/\/www.rkmega.com\/product\/jpeg2000\/#primaryimage\"},\"thumbnailUrl\":\"https:\/\/www.rkmega.com\/wp-content\/uploads\/2024\/12\/JPEG2000.jpg\",\"datePublished\":\"2024-12-26T05:47:35+00:00\",\"dateModified\":\"2025-04-23T10:06:29+00:00\",\"breadcrumb\":{\"@id\":\"https:\/\/www.rkmega.com\/product\/jpeg2000\/#breadcrumb\"},\"inLanguage\":\"pt-BR\",\"potentialAction\":[{\"@type\":\"ReadAction\",\"target\":[\"https:\/\/www.rkmega.com\/product\/jpeg2000\/\"]}]},{\"@type\":\"ImageObject\",\"inLanguage\":\"pt-BR\",\"@id\":\"https:\/\/www.rkmega.com\/product\/jpeg2000\/#primaryimage\",\"url\":\"https:\/\/www.rkmega.com\/wp-content\/uploads\/2024\/12\/JPEG2000.jpg\",\"contentUrl\":\"https:\/\/www.rkmega.com\/wp-content\/uploads\/2024\/12\/JPEG2000.jpg\",\"width\":1600,\"height\":1200},{\"@type\":\"BreadcrumbList\",\"@id\":\"https:\/\/www.rkmega.com\/product\/jpeg2000\/#breadcrumb\",\"itemListElement\":[{\"@type\":\"ListItem\",\"position\":1,\"name\":\"Home\",\"item\":\"https:\/\/www.rkmega.com\/\"},{\"@type\":\"ListItem\",\"position\":2,\"name\":\"Store\",\"item\":\"https:\/\/www.rkmega.com\/store\/\"},{\"@type\":\"ListItem\",\"position\":3,\"name\":\"Model: JPEG2000\"}]},{\"@type\":\"WebSite\",\"@id\":\"https:\/\/www.rkmega.com\/#website\",\"url\":\"https:\/\/www.rkmega.com\/\",\"name\":\"LED DISPLAY\",\"description\":\"\",\"publisher\":{\"@id\":\"https:\/\/www.rkmega.com\/#organization\"},\"potentialAction\":[{\"@type\":\"SearchAction\",\"target\":{\"@type\":\"EntryPoint\",\"urlTemplate\":\"https:\/\/www.rkmega.com\/?s={search_term_string}\"},\"query-input\":{\"@type\":\"PropertyValueSpecification\",\"valueRequired\":true,\"valueName\":\"search_term_string\"}}],\"inLanguage\":\"pt-BR\"},{\"@type\":\"Organization\",\"@id\":\"https:\/\/www.rkmega.com\/#organization\",\"name\":\"RKMEGA\",\"url\":\"https:\/\/www.rkmega.com\/\",\"logo\":{\"@type\":\"ImageObject\",\"inLanguage\":\"pt-BR\",\"@id\":\"https:\/\/www.rkmega.com\/#\/schema\/logo\/image\/\",\"url\":\"https:\/\/www.rkmega.com\/wp-content\/uploads\/2024\/12\/cropped-LOGO180X60-2.png\",\"contentUrl\":\"https:\/\/www.rkmega.com\/wp-content\/uploads\/2024\/12\/cropped-LOGO180X60-2.png\",\"width\":180,\"height\":60,\"caption\":\"RKMEGA\"},\"image\":{\"@id\":\"https:\/\/www.rkmega.com\/#\/schema\/logo\/image\/\"}}]}<\/script>\n<!-- \/ Yoast SEO plugin. -->","yoast_head_json":{"title":"Model: JPEG2000 - LED Solution Provider | OEM&amp;ODM | 15+ Years","robots":{"index":"index","follow":"follow","max-snippet":"max-snippet:-1","max-image-preview":"max-image-preview:large","max-video-preview":"max-video-preview:-1"},"canonical":"https:\/\/www.rkmega.com\/pt\/produto\/jpeg2000\/","og_locale":"pt_BR","og_type":"article","og_title":"Model: JPEG2000 - LED Solution Provider | OEM&amp;ODM | 15+ Years","og_description":"Model number B2-H-I\/OM VLX-TC1    Technology &nbsp;   Delay 1.5 frames\u00a0(25ms)   HDMI input\u00a01 (HDMI 1.4, HDCP1.4)   HDMI input\u00a02 (HDMI 1.4, HDCP1.4)   HDMI output (HDMI 1.4, HDCP1.4)   Audio Analog Audio Line In\/Out (3.5mm TRS)   1G Copper Ethernet RJ-45, 100 m transmission range   1G Fiber Ethernet LC single mode, 10km transmission distance   LAN RJ-45 10\/100\/1000M PoE (PD)   Video bandwidth 340MHz   Resolution support 4K2K 4:4:4 @30Hz   Audio switching Support audio and video synchronous switching, or audio independent switching   RS-232 Supports 115k\u00a0baud rate (Phoenix terminal)   IR Bidirectional (3.5mm TRS)   USB connector USB 2.0 Type A\u00a0all the way   LCD display 0.96 \"TFT 160 x 80 dot matrix   Control interface KEY,RS232,IR,WEB,TELNET and PC Software   Structure &nbsp;   Case Industrial aircraft case   Dimensions [length x\u00a0width x\u00a0height] 232x 135 x 32mm   Weight 700g   Install Rack mounting lugs and table bottom mounting lugs   Power Supply 12V DC with lock with\u00a0PoE (LAN)   Power Consumption 8 Watts   Operating temperature 0~40\u00b0C [32~104\u00b0F]   Packaging 1x B2-H-I\/O\u00a0with\u00a01x PSU(DC 12V 2A)","og_url":"https:\/\/www.rkmega.com\/pt\/produto\/jpeg2000\/","og_site_name":"LED Solution Provider | OEM&amp;ODM | 15+ Years","article_modified_time":"2025-04-23T10:06:29+00:00","og_image":[{"width":1600,"height":1200,"url":"https:\/\/www.rkmega.com\/wp-content\/uploads\/2024\/12\/JPEG2000.jpg","type":"image\/jpeg"}],"twitter_card":"summary_large_image","twitter_misc":{"Est. tempo de leitura":"1 minuto"},"schema":{"@context":"https:\/\/schema.org","@graph":[{"@type":"WebPage","@id":"https:\/\/www.rkmega.com\/product\/jpeg2000\/","url":"https:\/\/www.rkmega.com\/product\/jpeg2000\/","name":"Model: JPEG2000 - LED Solution Provider | OEM&amp;ODM | 15+ Years","isPartOf":{"@id":"https:\/\/www.rkmega.com\/#website"},"primaryImageOfPage":{"@id":"https:\/\/www.rkmega.com\/product\/jpeg2000\/#primaryimage"},"image":{"@id":"https:\/\/www.rkmega.com\/product\/jpeg2000\/#primaryimage"},"thumbnailUrl":"https:\/\/www.rkmega.com\/wp-content\/uploads\/2024\/12\/JPEG2000.jpg","datePublished":"2024-12-26T05:47:35+00:00","dateModified":"2025-04-23T10:06:29+00:00","breadcrumb":{"@id":"https:\/\/www.rkmega.com\/product\/jpeg2000\/#breadcrumb"},"inLanguage":"pt-BR","potentialAction":[{"@type":"ReadAction","target":["https:\/\/www.rkmega.com\/product\/jpeg2000\/"]}]},{"@type":"ImageObject","inLanguage":"pt-BR","@id":"https:\/\/www.rkmega.com\/product\/jpeg2000\/#primaryimage","url":"https:\/\/www.rkmega.com\/wp-content\/uploads\/2024\/12\/JPEG2000.jpg","contentUrl":"https:\/\/www.rkmega.com\/wp-content\/uploads\/2024\/12\/JPEG2000.jpg","width":1600,"height":1200},{"@type":"BreadcrumbList","@id":"https:\/\/www.rkmega.com\/product\/jpeg2000\/#breadcrumb","itemListElement":[{"@type":"ListItem","position":1,"name":"Home","item":"https:\/\/www.rkmega.com\/"},{"@type":"ListItem","position":2,"name":"Store","item":"https:\/\/www.rkmega.com\/store\/"},{"@type":"ListItem","position":3,"name":"Model: JPEG2000"}]},{"@type":"WebSite","@id":"https:\/\/www.rkmega.com\/#website","url":"https:\/\/www.rkmega.com\/","name":"LED DISPLAY","description":"","publisher":{"@id":"https:\/\/www.rkmega.com\/#organization"},"potentialAction":[{"@type":"SearchAction","target":{"@type":"EntryPoint","urlTemplate":"https:\/\/www.rkmega.com\/?s={search_term_string}"},"query-input":{"@type":"PropertyValueSpecification","valueRequired":true,"valueName":"search_term_string"}}],"inLanguage":"pt-BR"},{"@type":"Organization","@id":"https:\/\/www.rkmega.com\/#organization","name":"RKMEGA","url":"https:\/\/www.rkmega.com\/","logo":{"@type":"ImageObject","inLanguage":"pt-BR","@id":"https:\/\/www.rkmega.com\/#\/schema\/logo\/image\/","url":"https:\/\/www.rkmega.com\/wp-content\/uploads\/2024\/12\/cropped-LOGO180X60-2.png","contentUrl":"https:\/\/www.rkmega.com\/wp-content\/uploads\/2024\/12\/cropped-LOGO180X60-2.png","width":180,"height":60,"caption":"RKMEGA"},"image":{"@id":"https:\/\/www.rkmega.com\/#\/schema\/logo\/image\/"}}]}},"_links":{"self":[{"href":"https:\/\/www.rkmega.com\/pt\/wp-json\/wp\/v2\/product\/5422","targetHints":{"allow":["GET"]}}],"collection":[{"href":"https:\/\/www.rkmega.com\/pt\/wp-json\/wp\/v2\/product"}],"about":[{"href":"https:\/\/www.rkmega.com\/pt\/wp-json\/wp\/v2\/types\/product"}],"replies":[{"embeddable":true,"href":"https:\/\/www.rkmega.com\/pt\/wp-json\/wp\/v2\/comments?post=5422"}],"version-history":[{"count":2,"href":"https:\/\/www.rkmega.com\/pt\/wp-json\/wp\/v2\/product\/5422\/revisions"}],"predecessor-version":[{"id":6274,"href":"https:\/\/www.rkmega.com\/pt\/wp-json\/wp\/v2\/product\/5422\/revisions\/6274"}],"wp:featuredmedia":[{"embeddable":true,"href":"https:\/\/www.rkmega.com\/pt\/wp-json\/wp\/v2\/media\/5423"}],"wp:attachment":[{"href":"https:\/\/www.rkmega.com\/pt\/wp-json\/wp\/v2\/media?parent=5422"}],"wp:term":[{"taxonomy":"product_cat","embeddable":true,"href":"https:\/\/www.rkmega.com\/pt\/wp-json\/wp\/v2\/product_cat?post=5422"},{"taxonomy":"product_tag","embeddable":true,"href":"https:\/\/www.rkmega.com\/pt\/wp-json\/wp\/v2\/product_tag?post=5422"}],"curies":[{"name":"wp","href":"https:\/\/api.w.org\/{rel}","templated":true}]}}