{"id":5426,"date":"2024-12-26T14:00:18","date_gmt":"2024-12-26T06:00:18","guid":{"rendered":"https:\/\/www.rkmega.com\/?post_type=product&#038;p=5426"},"modified":"2025-04-23T18:06:24","modified_gmt":"2025-04-23T10:06:24","slug":"sdvoe","status":"publish","type":"product","link":"https:\/\/www.rkmega.com\/pt\/produto\/sdvoe\/","title":{"rendered":"Modelo: SDVOE"},"content":{"rendered":"<p>A caixa de n\u00f3 distribu\u00eddo SDVOE \u00e9 a tecnologia distribu\u00edda existente, o atraso m\u00ednimo, a melhor qualidade de imagem do sistema distribu\u00eddo 4K, o uso da tecnologia Ethernet 10GbE de v\u00eddeo em tempo real, \u00e1udio, Ethernet e outros sinais de controle para comuta\u00e7\u00e3o de matriz, extens\u00e3o e distribui\u00e7\u00e3o, resolu\u00e7\u00e3o de at\u00e9 4K60 4:4:4HDR (ultra HD).<\/p>\n<p>O hardware de n\u00f3 distribu\u00eddo SDVOE com plataforma de software, com escalabilidade flex\u00edvel, versatilidade, suporta uma variedade de aplicativos diferentes, incluindo expans\u00e3o ponto a ponto, aplicativos de matriz de comuta\u00e7\u00e3o cont\u00ednua, exibi\u00e7\u00e3o de v\u00eddeo wall, KVM e exibi\u00e7\u00e3o de v\u00e1rias janelas.<\/p>\n<p>A m\u00e1quina de interface de hardware distribu\u00edda SDVOE inclui n\u00f3 de entrada e n\u00f3 de sa\u00edda, resolu\u00e7\u00e3o de at\u00e9 4K60 (8BIT 4:4:4), 4K60 (10BIT 4:2:2), sem artefatos e atraso de tela. Para obter maior flexibilidade, v\u00e1rios sinais de n\u00f3s de entrada, incluindo v\u00eddeo, \u00e1udio, IR e RS-232, podem ser codificados por meio de roteamento de switch 10G para qualquer n\u00f3 de sa\u00edda.<\/p>\n<p><img fetchpriority=\"high\" decoding=\"async\" class=\"alignnone size-full wp-image-5428\" src=\"https:\/\/www.rkmega.com\/wp-content\/uploads\/2024\/12\/\u672a\u6807\u9898-1-1.png\" alt=\"\" width=\"908\" height=\"168\" srcset=\"https:\/\/www.rkmega.com\/wp-content\/uploads\/2024\/12\/\u672a\u6807\u9898-1-1.png 908w, https:\/\/www.rkmega.com\/wp-content\/uploads\/2024\/12\/\u672a\u6807\u9898-1-1-300x56.png 300w, https:\/\/www.rkmega.com\/wp-content\/uploads\/2024\/12\/\u672a\u6807\u9898-1-1-768x142.png 768w, https:\/\/www.rkmega.com\/wp-content\/uploads\/2024\/12\/\u672a\u6807\u9898-1-1-18x3.png 18w, https:\/\/www.rkmega.com\/wp-content\/uploads\/2024\/12\/\u672a\u6807\u9898-1-1-600x111.png 600w\" sizes=\"(max-width: 908px) 100vw, 908px\" \/><\/p>\n<ul>\n<li>O sinal de \u00e1udio e v\u00eddeo suporta a transmiss\u00e3o pela porta Ethernet;<\/li>\n<li>Use o switch de rede 10GbE para rotear v\u00eddeo e \u00e1udio, sinal de controle;<\/li>\n<li>Convers\u00e3o r\u00e1pida e cont\u00ednua do sinal HDMI, suporte \u00e0 resolu\u00e7\u00e3o 4K60 (8BIT 4:4:4) e grau de transmiss\u00e3o 4K60 (10BIT 4:2:2);<\/li>\n<li>Suporte a HDMI 2.0A, HDCP2.2;<\/li>\n<\/ul>\n<ul>\n<li>Suporta \u00e1udio incorporado, \u00e1udio anal\u00f3gico, \u00e1udio PCM multicanal est\u00e9reo h\u00edbrido, IR bidirecional, RS-232, etc;<\/li>\n<li>A sa\u00edda tem fun\u00e7\u00e3o de escala de v\u00eddeo, suportando uma variedade de resolu\u00e7\u00f5es de sa\u00edda de VGA a 4K60;<\/li>\n<li>Com fun\u00e7\u00f5es de emenda de TV na parede, imagem em imagem, s\u00edntese de imagem e layout definido pelo usu\u00e1rio;<\/li>\n<li>Usando o cabo blindado CAT7, a maior dist\u00e2ncia pode ser transmitida a 100 metros;<\/li>\n<li>A m\u00e1quina de interface \u00e9 compat\u00edvel com aplicativos de n\u00f3 ponto a ponto, ponto a muitos, multiponto, multi-muitos e outros;<\/li>\n<li>Suporte \u00e0 fun\u00e7\u00e3o de roteamento RS232;<\/li>\n<li>Quando a resolu\u00e7\u00e3o de entrada \u00e9 4K60, a largura de banda de dados do switch \u00e9 de cerca de 8 Gbps, quando \u00e9 1080P60, cerca de 3,4 Gbps;<\/li>\n<li>Suporta entrada e sa\u00edda de \u00e1udio independentes e fun\u00e7\u00f5es de roteamento;<\/li>\n<li>Aplicativo KVM, suporte \u00e0 fun\u00e7\u00e3o de switch de agente OSD, gerenciamento de direitos;<\/li>\n<li>Duas portas USB2.0<\/li>\n<li>Duas portas USB1.1<\/li>\n<\/ul>","protected":false},"excerpt":{"rendered":"<table>\n<tbody>\n<tr>\n<td width=\"284\">Itens<\/td>\n<td width=\"284\">Par\u00e2metros<\/td>\n<\/tr>\n<tr>\n<td width=\"284\">Suporte \u00e0 resolu\u00e7\u00e3o m\u00e1xima<\/td>\n<td width=\"284\">4096 x 2160@60Hz 4:4:4<\/td>\n<\/tr>\n<tr>\n<td width=\"284\">Atraso na transmiss\u00e3o do sinal de v\u00eddeo<\/p>\n<p>(modo ponto a ponto)<\/td>\n<td width=\"284\">M\u00e1x. 1ms<\/td>\n<\/tr>\n<tr>\n<td width=\"284\">Atraso no c\u00e2mbio<\/td>\n<td width=\"284\">M\u00e1x. 2 quadros<\/td>\n<\/tr>\n<tr>\n<td width=\"284\">Requisitos do switch<\/td>\n<td width=\"284\">Largura de banda de 10 Gb, sem bloqueio, IGMP de camada 2<\/td>\n<\/tr>\n<tr>\n<td width=\"284\">N\u00famero de portas de E\/S suportadas<\/td>\n<td width=\"284\">Limitado apenas pelo n\u00famero de portas do switch, pode ser colocado em cascata<\/td>\n<\/tr>\n<tr>\n<td width=\"284\">Cabos recomendados<\/td>\n<td width=\"284\">CAT7<\/td>\n<\/tr>\n<tr>\n<td width=\"284\">Dist\u00e2ncia de transmiss\u00e3o<\/td>\n<td width=\"284\">CAT7 100M<\/td>\n<\/tr>\n<tr>\n<td width=\"284\">Modo Matrix Exchange<\/td>\n<td width=\"284\">Qualquer n\u00f3 de entrada para n\u00f3 de sa\u00edda comuta\u00e7\u00e3o completa de roteamento, tamanho da matriz de acordo com o tamanho e a escalabilidade do switch<\/td>\n<\/tr>\n<tr>\n<td width=\"284\">Modo de emenda de v\u00eddeo wall<\/td>\n<td width=\"284\">Suporta um m\u00e1ximo de 64 dispositivos de exibi\u00e7\u00e3o<\/td>\n<\/tr>\n<tr>\n<td width=\"284\">Modo ponto a ponto<\/td>\n<td width=\"284\">Suporte \u00e0 expans\u00e3o de sinal ponto a ponto, usando cabo de rede blindado CAT7 de at\u00e9<\/p>\n<p>100 metros de dist\u00e2ncia<\/td>\n<\/tr>\n<tr>\n<td width=\"284\">Modo de segmenta\u00e7\u00e3o de imagem<\/td>\n<td width=\"284\">Suporte \u00e0 exibi\u00e7\u00e3o independente de 32 imagens na tela<\/td>\n<\/tr>\n<tr>\n<td width=\"284\">Fonte de alimenta\u00e7\u00e3o<\/td>\n<td width=\"284\">DC12V2A<\/td>\n<\/tr>\n<tr>\n<td width=\"284\">Consumo de energia<\/td>\n<td width=\"284\">M\u00e1ximo de 8 W para n\u00f3s de entrada e 8,5 W para n\u00f3s de sa\u00edda<\/td>\n<\/tr>\n<tr>\n<td width=\"284\">Adaptadores<\/td>\n<td width=\"284\">Entrada CA 100-240V, sa\u00edda CC 12V\/2A<\/td>\n<\/tr>\n<tr>\n<td width=\"284\">Constru\u00e7\u00e3o<\/td>\n<td width=\"284\">Ferro<\/td>\n<\/tr>\n<tr>\n<td width=\"284\">Tamanho<\/td>\n<td width=\"284\">220 mm x 136 mm x 32 mm<\/td>\n<\/tr>\n<tr>\n<td width=\"284\">peso<\/td>\n<td width=\"284\">Aprox. 0,8 kg<\/td>\n<\/tr>\n<\/tbody>\n<\/table>","protected":false},"featured_media":5427,"comment_status":"open","ping_status":"closed","template":"","meta":{"site-sidebar-layout":"default","site-content-layout":"","ast-site-content-layout":"default","site-content-style":"default","site-sidebar-style":"default","ast-global-header-display":"","ast-banner-title-visibility":"","ast-main-header-display":"","ast-hfb-above-header-display":"","ast-hfb-below-header-display":"","ast-hfb-mobile-header-display":"","site-post-title":"","ast-breadcrumbs-content":"","ast-featured-img":"","footer-sml-layout":"","theme-transparent-header-meta":"default","adv-header-id-meta":"","stick-header-meta":"","header-above-stick-meta":"","header-main-stick-meta":"","header-below-stick-meta":"","astra-migrate-meta-layouts":"set","ast-page-background-enabled":"default","ast-page-background-meta":{"desktop":{"background-color":"","background-image":"","background-repeat":"repeat","background-position":"center center","background-size":"auto","background-attachment":"scroll","background-type":"","background-media":"","overlay-type":"","overlay-color":"","overlay-opacity":"","overlay-gradient":""},"tablet":{"background-color":"","background-image":"","background-repeat":"repeat","background-position":"center center","background-size":"auto","background-attachment":"scroll","background-type":"","background-media":"","overlay-type":"","overlay-color":"","overlay-opacity":"","overlay-gradient":""},"mobile":{"background-color":"","background-image":"","background-repeat":"repeat","background-position":"center center","background-size":"auto","background-attachment":"scroll","background-type":"","background-media":"","overlay-type":"","overlay-color":"","overlay-opacity":"","overlay-gradient":""}},"ast-content-background-meta":{"desktop":{"background-color":"var(--ast-global-color-5)","background-image":"","background-repeat":"repeat","background-position":"center center","background-size":"auto","background-attachment":"scroll","background-type":"","background-media":"","overlay-type":"","overlay-color":"","overlay-opacity":"","overlay-gradient":""},"tablet":{"background-color":"var(--ast-global-color-5)","background-image":"","background-repeat":"repeat","background-position":"center center","background-size":"auto","background-attachment":"scroll","background-type":"","background-media":"","overlay-type":"","overlay-color":"","overlay-opacity":"","overlay-gradient":""},"mobile":{"background-color":"var(--ast-global-color-5)","background-image":"","background-repeat":"repeat","background-position":"center center","background-size":"auto","background-attachment":"scroll","background-type":"","background-media":"","overlay-type":"","overlay-color":"","overlay-opacity":"","overlay-gradient":""}}},"product_cat":[75],"product_tag":[],"class_list":{"0":"post-5426","1":"product","2":"type-product","3":"status-publish","4":"has-post-thumbnail","6":"product_cat-sdvoe","7":"desktop-align-left","8":"tablet-align-left","9":"mobile-align-left","11":"first","12":"instock","13":"shipping-taxable","14":"product-type-simple"},"yoast_head":"<!-- This site is optimized with the Yoast SEO plugin v24.9 - https:\/\/yoast.com\/wordpress\/plugins\/seo\/ -->\n<title>Model: SDVOE - LED Solution Provider | OEM&amp;ODM | 15+ Years<\/title>\n<meta name=\"robots\" content=\"index, follow, max-snippet:-1, max-image-preview:large, max-video-preview:-1\" \/>\n<link rel=\"canonical\" href=\"https:\/\/www.rkmega.com\/pt\/produto\/sdvoe\/\" \/>\n<meta property=\"og:locale\" content=\"pt_BR\" \/>\n<meta property=\"og:type\" content=\"article\" \/>\n<meta property=\"og:title\" content=\"Model: SDVOE - LED Solution Provider | OEM&amp;ODM | 15+ Years\" \/>\n<meta property=\"og:description\" content=\"Items Parameters   Maximum resolution support 4096\u00a0x 2160@60Hz 4:4:4   Video signal transmission delay  (point-to-point mode) Max. 1ms   Exchange delay Max. 2 frames   Switch requirements 10Gb bandwidth, no block, Layer 2 IGMP   Number of supported I\/O ports Limited only by the number of switch ports, can be cascaded   Recommended Cables CAT7   Transmission distance CAT7 100M   Matrix Exchange mode Any input node to output node full routing switching, matrix size according to the size and scalability of the switch   Video wall splicing mode Supports a maximum of 64 display devices   Peer-to-peer mode Support point-to-point signal expansion, using CAT7 shielded network cable up to  100 meters away   Image segmentation mode Support independent screen display 32 pictures   Power supply DC12V2A   Power Consumption Maximum 8W for input nodes and 8.5W for output nodes   Adapters Ac input 100-240V, DC output 12V\/2A   Construction Iron   Size 220 mm x 136 mm x 32mm   weight Approx. 0.8KG\" \/>\n<meta property=\"og:url\" content=\"https:\/\/www.rkmega.com\/pt\/produto\/sdvoe\/\" \/>\n<meta property=\"og:site_name\" content=\"LED Solution Provider | OEM&amp;ODM | 15+ Years\" \/>\n<meta property=\"article:modified_time\" content=\"2025-04-23T10:06:24+00:00\" \/>\n<meta property=\"og:image\" content=\"https:\/\/www.rkmega.com\/wp-content\/uploads\/2024\/12\/SDVOE.jpg\" \/>\n\t<meta property=\"og:image:width\" content=\"1600\" \/>\n\t<meta property=\"og:image:height\" content=\"1200\" \/>\n\t<meta property=\"og:image:type\" content=\"image\/jpeg\" \/>\n<meta name=\"twitter:card\" content=\"summary_large_image\" \/>\n<meta name=\"twitter:label1\" content=\"Est. tempo de leitura\" \/>\n\t<meta name=\"twitter:data1\" content=\"1 minuto\" \/>\n<script type=\"application\/ld+json\" class=\"yoast-schema-graph\">{\"@context\":\"https:\/\/schema.org\",\"@graph\":[{\"@type\":\"WebPage\",\"@id\":\"https:\/\/www.rkmega.com\/product\/sdvoe\/\",\"url\":\"https:\/\/www.rkmega.com\/product\/sdvoe\/\",\"name\":\"Model: SDVOE - LED Solution Provider | OEM&amp;ODM | 15+ Years\",\"isPartOf\":{\"@id\":\"https:\/\/www.rkmega.com\/#website\"},\"primaryImageOfPage\":{\"@id\":\"https:\/\/www.rkmega.com\/product\/sdvoe\/#primaryimage\"},\"image\":{\"@id\":\"https:\/\/www.rkmega.com\/product\/sdvoe\/#primaryimage\"},\"thumbnailUrl\":\"https:\/\/www.rkmega.com\/wp-content\/uploads\/2024\/12\/SDVOE.jpg\",\"datePublished\":\"2024-12-26T06:00:18+00:00\",\"dateModified\":\"2025-04-23T10:06:24+00:00\",\"breadcrumb\":{\"@id\":\"https:\/\/www.rkmega.com\/product\/sdvoe\/#breadcrumb\"},\"inLanguage\":\"pt-BR\",\"potentialAction\":[{\"@type\":\"ReadAction\",\"target\":[\"https:\/\/www.rkmega.com\/product\/sdvoe\/\"]}]},{\"@type\":\"ImageObject\",\"inLanguage\":\"pt-BR\",\"@id\":\"https:\/\/www.rkmega.com\/product\/sdvoe\/#primaryimage\",\"url\":\"https:\/\/www.rkmega.com\/wp-content\/uploads\/2024\/12\/SDVOE.jpg\",\"contentUrl\":\"https:\/\/www.rkmega.com\/wp-content\/uploads\/2024\/12\/SDVOE.jpg\",\"width\":1600,\"height\":1200},{\"@type\":\"BreadcrumbList\",\"@id\":\"https:\/\/www.rkmega.com\/product\/sdvoe\/#breadcrumb\",\"itemListElement\":[{\"@type\":\"ListItem\",\"position\":1,\"name\":\"Home\",\"item\":\"https:\/\/www.rkmega.com\/\"},{\"@type\":\"ListItem\",\"position\":2,\"name\":\"Store\",\"item\":\"https:\/\/www.rkmega.com\/store\/\"},{\"@type\":\"ListItem\",\"position\":3,\"name\":\"Model: SDVOE\"}]},{\"@type\":\"WebSite\",\"@id\":\"https:\/\/www.rkmega.com\/#website\",\"url\":\"https:\/\/www.rkmega.com\/\",\"name\":\"LED DISPLAY\",\"description\":\"\",\"publisher\":{\"@id\":\"https:\/\/www.rkmega.com\/#organization\"},\"potentialAction\":[{\"@type\":\"SearchAction\",\"target\":{\"@type\":\"EntryPoint\",\"urlTemplate\":\"https:\/\/www.rkmega.com\/?s={search_term_string}\"},\"query-input\":{\"@type\":\"PropertyValueSpecification\",\"valueRequired\":true,\"valueName\":\"search_term_string\"}}],\"inLanguage\":\"pt-BR\"},{\"@type\":\"Organization\",\"@id\":\"https:\/\/www.rkmega.com\/#organization\",\"name\":\"RKMEGA\",\"url\":\"https:\/\/www.rkmega.com\/\",\"logo\":{\"@type\":\"ImageObject\",\"inLanguage\":\"pt-BR\",\"@id\":\"https:\/\/www.rkmega.com\/#\/schema\/logo\/image\/\",\"url\":\"https:\/\/www.rkmega.com\/wp-content\/uploads\/2024\/12\/cropped-LOGO180X60-2.png\",\"contentUrl\":\"https:\/\/www.rkmega.com\/wp-content\/uploads\/2024\/12\/cropped-LOGO180X60-2.png\",\"width\":180,\"height\":60,\"caption\":\"RKMEGA\"},\"image\":{\"@id\":\"https:\/\/www.rkmega.com\/#\/schema\/logo\/image\/\"}}]}<\/script>\n<!-- \/ Yoast SEO plugin. -->","yoast_head_json":{"title":"Model: SDVOE - LED Solution Provider | OEM&amp;ODM | 15+ Years","robots":{"index":"index","follow":"follow","max-snippet":"max-snippet:-1","max-image-preview":"max-image-preview:large","max-video-preview":"max-video-preview:-1"},"canonical":"https:\/\/www.rkmega.com\/pt\/produto\/sdvoe\/","og_locale":"pt_BR","og_type":"article","og_title":"Model: SDVOE - LED Solution Provider | OEM&amp;ODM | 15+ Years","og_description":"Items Parameters   Maximum resolution support 4096\u00a0x 2160@60Hz 4:4:4   Video signal transmission delay  (point-to-point mode) Max. 1ms   Exchange delay Max. 2 frames   Switch requirements 10Gb bandwidth, no block, Layer 2 IGMP   Number of supported I\/O ports Limited only by the number of switch ports, can be cascaded   Recommended Cables CAT7   Transmission distance CAT7 100M   Matrix Exchange mode Any input node to output node full routing switching, matrix size according to the size and scalability of the switch   Video wall splicing mode Supports a maximum of 64 display devices   Peer-to-peer mode Support point-to-point signal expansion, using CAT7 shielded network cable up to  100 meters away   Image segmentation mode Support independent screen display 32 pictures   Power supply DC12V2A   Power Consumption Maximum 8W for input nodes and 8.5W for output nodes   Adapters Ac input 100-240V, DC output 12V\/2A   Construction Iron   Size 220 mm x 136 mm x 32mm   weight Approx. 0.8KG","og_url":"https:\/\/www.rkmega.com\/pt\/produto\/sdvoe\/","og_site_name":"LED Solution Provider | OEM&amp;ODM | 15+ Years","article_modified_time":"2025-04-23T10:06:24+00:00","og_image":[{"width":1600,"height":1200,"url":"https:\/\/www.rkmega.com\/wp-content\/uploads\/2024\/12\/SDVOE.jpg","type":"image\/jpeg"}],"twitter_card":"summary_large_image","twitter_misc":{"Est. tempo de leitura":"1 minuto"},"schema":{"@context":"https:\/\/schema.org","@graph":[{"@type":"WebPage","@id":"https:\/\/www.rkmega.com\/product\/sdvoe\/","url":"https:\/\/www.rkmega.com\/product\/sdvoe\/","name":"Model: SDVOE - LED Solution Provider | OEM&amp;ODM | 15+ Years","isPartOf":{"@id":"https:\/\/www.rkmega.com\/#website"},"primaryImageOfPage":{"@id":"https:\/\/www.rkmega.com\/product\/sdvoe\/#primaryimage"},"image":{"@id":"https:\/\/www.rkmega.com\/product\/sdvoe\/#primaryimage"},"thumbnailUrl":"https:\/\/www.rkmega.com\/wp-content\/uploads\/2024\/12\/SDVOE.jpg","datePublished":"2024-12-26T06:00:18+00:00","dateModified":"2025-04-23T10:06:24+00:00","breadcrumb":{"@id":"https:\/\/www.rkmega.com\/product\/sdvoe\/#breadcrumb"},"inLanguage":"pt-BR","potentialAction":[{"@type":"ReadAction","target":["https:\/\/www.rkmega.com\/product\/sdvoe\/"]}]},{"@type":"ImageObject","inLanguage":"pt-BR","@id":"https:\/\/www.rkmega.com\/product\/sdvoe\/#primaryimage","url":"https:\/\/www.rkmega.com\/wp-content\/uploads\/2024\/12\/SDVOE.jpg","contentUrl":"https:\/\/www.rkmega.com\/wp-content\/uploads\/2024\/12\/SDVOE.jpg","width":1600,"height":1200},{"@type":"BreadcrumbList","@id":"https:\/\/www.rkmega.com\/product\/sdvoe\/#breadcrumb","itemListElement":[{"@type":"ListItem","position":1,"name":"Home","item":"https:\/\/www.rkmega.com\/"},{"@type":"ListItem","position":2,"name":"Store","item":"https:\/\/www.rkmega.com\/store\/"},{"@type":"ListItem","position":3,"name":"Model: SDVOE"}]},{"@type":"WebSite","@id":"https:\/\/www.rkmega.com\/#website","url":"https:\/\/www.rkmega.com\/","name":"LED DISPLAY","description":"","publisher":{"@id":"https:\/\/www.rkmega.com\/#organization"},"potentialAction":[{"@type":"SearchAction","target":{"@type":"EntryPoint","urlTemplate":"https:\/\/www.rkmega.com\/?s={search_term_string}"},"query-input":{"@type":"PropertyValueSpecification","valueRequired":true,"valueName":"search_term_string"}}],"inLanguage":"pt-BR"},{"@type":"Organization","@id":"https:\/\/www.rkmega.com\/#organization","name":"RKMEGA","url":"https:\/\/www.rkmega.com\/","logo":{"@type":"ImageObject","inLanguage":"pt-BR","@id":"https:\/\/www.rkmega.com\/#\/schema\/logo\/image\/","url":"https:\/\/www.rkmega.com\/wp-content\/uploads\/2024\/12\/cropped-LOGO180X60-2.png","contentUrl":"https:\/\/www.rkmega.com\/wp-content\/uploads\/2024\/12\/cropped-LOGO180X60-2.png","width":180,"height":60,"caption":"RKMEGA"},"image":{"@id":"https:\/\/www.rkmega.com\/#\/schema\/logo\/image\/"}}]}},"_links":{"self":[{"href":"https:\/\/www.rkmega.com\/pt\/wp-json\/wp\/v2\/product\/5426","targetHints":{"allow":["GET"]}}],"collection":[{"href":"https:\/\/www.rkmega.com\/pt\/wp-json\/wp\/v2\/product"}],"about":[{"href":"https:\/\/www.rkmega.com\/pt\/wp-json\/wp\/v2\/types\/product"}],"replies":[{"embeddable":true,"href":"https:\/\/www.rkmega.com\/pt\/wp-json\/wp\/v2\/comments?post=5426"}],"version-history":[{"count":2,"href":"https:\/\/www.rkmega.com\/pt\/wp-json\/wp\/v2\/product\/5426\/revisions"}],"predecessor-version":[{"id":6273,"href":"https:\/\/www.rkmega.com\/pt\/wp-json\/wp\/v2\/product\/5426\/revisions\/6273"}],"wp:featuredmedia":[{"embeddable":true,"href":"https:\/\/www.rkmega.com\/pt\/wp-json\/wp\/v2\/media\/5427"}],"wp:attachment":[{"href":"https:\/\/www.rkmega.com\/pt\/wp-json\/wp\/v2\/media?parent=5426"}],"wp:term":[{"taxonomy":"product_cat","embeddable":true,"href":"https:\/\/www.rkmega.com\/pt\/wp-json\/wp\/v2\/product_cat?post=5426"},{"taxonomy":"product_tag","embeddable":true,"href":"https:\/\/www.rkmega.com\/pt\/wp-json\/wp\/v2\/product_tag?post=5426"}],"curies":[{"name":"wp","href":"https:\/\/api.w.org\/{rel}","templated":true}]}}