{"id":5430,"date":"2024-12-26T14:12:08","date_gmt":"2024-12-26T06:12:08","guid":{"rendered":"https:\/\/www.rkmega.com\/?post_type=product&#038;p=5430"},"modified":"2025-04-23T18:06:19","modified_gmt":"2025-04-23T10:06:19","slug":"ip-matrix-switcher","status":"publish","type":"product","link":"https:\/\/www.rkmega.com\/pt\/produto\/ip-matrix-switcher\/","title":{"rendered":"Modelo: Switcher de matriz IP"},"content":{"rendered":"<h1><strong>Conex\u00e3o topol\u00f3gica <\/strong><\/h1>\n<p>&nbsp;<\/p>\n<p><img decoding=\"async\" class=\"alignnone  wp-image-5431\" src=\"https:\/\/www.rkmega.com\/wp-content\/uploads\/2024\/12\/\u56fe\u724712.png\" alt=\"\" width=\"350\" height=\"141\" srcset=\"https:\/\/www.rkmega.com\/wp-content\/uploads\/2024\/12\/\u56fe\u724712.png 585w, https:\/\/www.rkmega.com\/wp-content\/uploads\/2024\/12\/\u56fe\u724712-300x121.png 300w, https:\/\/www.rkmega.com\/wp-content\/uploads\/2024\/12\/\u56fe\u724712-18x7.png 18w\" sizes=\"(max-width: 350px) 100vw, 350px\" \/><\/p>\n<p>&nbsp;<\/p>\n<p><img fetchpriority=\"high\" decoding=\"async\" class=\"alignnone  wp-image-5432\" src=\"https:\/\/www.rkmega.com\/wp-content\/uploads\/2024\/12\/\u56fe\u724713.png\" alt=\"\" width=\"715\" height=\"656\" srcset=\"https:\/\/www.rkmega.com\/wp-content\/uploads\/2024\/12\/\u56fe\u724713.png 565w, https:\/\/www.rkmega.com\/wp-content\/uploads\/2024\/12\/\u56fe\u724713-300x275.png 300w, https:\/\/www.rkmega.com\/wp-content\/uploads\/2024\/12\/\u56fe\u724713-13x12.png 13w\" sizes=\"(max-width: 715px) 100vw, 715px\" \/><\/p>\n<h1><strong>\u00a0\u00a0Observa\u00e7\u00f5es de seguran\u00e7a <\/strong><\/h1>\n<ul>\n<li>Sempre siga as precau\u00e7\u00f5es b\u00e1sicas de seguran\u00e7a para reduzir o risco de inc\u00eandio, choque el\u00e9trico e les\u00f5es pessoais.<\/li>\n<li>Para evitar riscos de inc\u00eandio ou choque el\u00e9trico, n\u00e3o deixe a unidade chover, n\u00e3o a molhe e n\u00e3o a instale perto de \u00e1gua.<\/li>\n<li>N\u00e3o espirre nenhum l\u00edquido sobre ou dentro deste produto.<\/li>\n<li>N\u00e3o enfie nenhum objeto na abertura ou no slot vazio do dispositivo deste produto de forma alguma, pois isso pode danificar as partes internas da unidade.<\/li>\n<li>N\u00e3o conecte os cabos de alimenta\u00e7\u00e3o \u00e0s superf\u00edcies do pr\u00e9dio.<\/li>\n<li>Use somente o dispositivo de fonte de alimenta\u00e7\u00e3o inclu\u00eddo. N\u00e3o use se a fonte de alimenta\u00e7\u00e3o estiver danificada.<\/li>\n<li>N\u00e3o coloque nenhum item no cabo de alimenta\u00e7\u00e3o dentro ou sobre a cal\u00e7ada onde as pessoas andam.<\/li>\n<li>Para evitar o superaquecimento do equipamento, n\u00e3o empilhe todos os equipamentos uns sobre os outros ou forne\u00e7a ventila\u00e7\u00e3o e deixe espa\u00e7o suficiente para que o ar circule ao redor do equipamento<\/li>\n<\/ul>","protected":false},"excerpt":{"rendered":"<table>\n<tbody>\n<tr>\n<td width=\"170\"><strong>Interface de entrada de v\u00eddeo <\/strong><\/td>\n<td width=\"425\">1*HDMI<\/td>\n<\/tr>\n<tr>\n<td width=\"170\"><strong>Inserir resolu\u00e7\u00e3o <\/strong><\/td>\n<td width=\"425\">1920\u00d71080@60HZ<\/td>\n<\/tr>\n<tr>\n<td width=\"170\"><strong>Inserir \u00e1udio<\/strong><strong>\u00a0<\/strong><\/td>\n<td width=\"425\">Terminal LGR Phoenix de 1 via<\/td>\n<\/tr>\n<tr>\n<td width=\"170\"><strong>Comunica\u00e7\u00e3o perif\u00e9rica<\/strong><strong>\u00a0<\/strong><\/td>\n<td width=\"425\">Terminal RS232 Phoenix de 1 via,<\/p>\n<p>1 entrada IR de 3,5 mm, 1 sa\u00edda IR de 3,5 mm<\/td>\n<\/tr>\n<tr>\n<td width=\"170\"><strong>Interface de rede <\/strong><\/td>\n<td width=\"425\">1 interface RJ-45, interface 100M Base-T com suporte a PoE<\/td>\n<\/tr>\n<tr>\n<td width=\"170\"><strong>Fonte de alimenta\u00e7\u00e3o PoE <\/strong><\/td>\n<td width=\"425\">Suporte<\/td>\n<\/tr>\n<tr>\n<td width=\"170\"><strong>Fonte de alimenta\u00e7\u00e3o <\/strong><\/td>\n<td width=\"425\">12V DC 1A<\/td>\n<\/tr>\n<tr>\n<td width=\"170\"><strong>Tamanho <\/strong><\/td>\n<td width=\"425\">142 mm*82 mm*24 mm<\/td>\n<\/tr>\n<tr>\n<td width=\"170\"><strong>Peso <\/strong><\/td>\n<td width=\"425\">0,3 KG<\/td>\n<\/tr>\n<tr>\n<td width=\"170\"><strong>Temperatura <\/strong><\/td>\n<td width=\"425\">- 20 \u2103 ~ + 60 \u2103<\/td>\n<\/tr>\n<\/tbody>\n<\/table>","protected":false},"featured_media":5433,"comment_status":"open","ping_status":"closed","template":"","meta":{"site-sidebar-layout":"default","site-content-layout":"","ast-site-content-layout":"default","site-content-style":"default","site-sidebar-style":"default","ast-global-header-display":"","ast-banner-title-visibility":"","ast-main-header-display":"","ast-hfb-above-header-display":"","ast-hfb-below-header-display":"","ast-hfb-mobile-header-display":"","site-post-title":"","ast-breadcrumbs-content":"","ast-featured-img":"","footer-sml-layout":"","theme-transparent-header-meta":"default","adv-header-id-meta":"","stick-header-meta":"","header-above-stick-meta":"","header-main-stick-meta":"","header-below-stick-meta":"","astra-migrate-meta-layouts":"set","ast-page-background-enabled":"default","ast-page-background-meta":{"desktop":{"background-color":"","background-image":"","background-repeat":"repeat","background-position":"center center","background-size":"auto","background-attachment":"scroll","background-type":"","background-media":"","overlay-type":"","overlay-color":"","overlay-opacity":"","overlay-gradient":""},"tablet":{"background-color":"","background-image":"","background-repeat":"repeat","background-position":"center center","background-size":"auto","background-attachment":"scroll","background-type":"","background-media":"","overlay-type":"","overlay-color":"","overlay-opacity":"","overlay-gradient":""},"mobile":{"background-color":"","background-image":"","background-repeat":"repeat","background-position":"center center","background-size":"auto","background-attachment":"scroll","background-type":"","background-media":"","overlay-type":"","overlay-color":"","overlay-opacity":"","overlay-gradient":""}},"ast-content-background-meta":{"desktop":{"background-color":"var(--ast-global-color-5)","background-image":"","background-repeat":"repeat","background-position":"center center","background-size":"auto","background-attachment":"scroll","background-type":"","background-media":"","overlay-type":"","overlay-color":"","overlay-opacity":"","overlay-gradient":""},"tablet":{"background-color":"var(--ast-global-color-5)","background-image":"","background-repeat":"repeat","background-position":"center center","background-size":"auto","background-attachment":"scroll","background-type":"","background-media":"","overlay-type":"","overlay-color":"","overlay-opacity":"","overlay-gradient":""},"mobile":{"background-color":"var(--ast-global-color-5)","background-image":"","background-repeat":"repeat","background-position":"center center","background-size":"auto","background-attachment":"scroll","background-type":"","background-media":"","overlay-type":"","overlay-color":"","overlay-opacity":"","overlay-gradient":""}}},"product_cat":[79],"product_tag":[],"class_list":{"0":"post-5430","1":"product","2":"type-product","3":"status-publish","4":"has-post-thumbnail","6":"product_cat-ip-matrix-switcher","7":"desktop-align-left","8":"tablet-align-left","9":"mobile-align-left","11":"first","12":"instock","13":"shipping-taxable","14":"product-type-simple"},"yoast_head":"<!-- This site is optimized with the Yoast SEO plugin v24.9 - https:\/\/yoast.com\/wordpress\/plugins\/seo\/ -->\n<title>Model: IP Matrix Switcher - LED Solution Provider | OEM&amp;ODM | 15+ Years<\/title>\n<meta name=\"robots\" content=\"index, follow, max-snippet:-1, max-image-preview:large, max-video-preview:-1\" \/>\n<link rel=\"canonical\" href=\"https:\/\/www.rkmega.com\/pt\/produto\/ip-matrix-switcher\/\" \/>\n<meta property=\"og:locale\" content=\"pt_BR\" \/>\n<meta property=\"og:type\" content=\"article\" \/>\n<meta property=\"og:title\" content=\"Model: IP Matrix Switcher - LED Solution Provider | OEM&amp;ODM | 15+ Years\" \/>\n<meta property=\"og:description\" content=\"Video input interface  1*HDMI   Enter resolution  1920x1080@60HZ   Enter audio\u00a0 1 way LGR Phoenix terminal   Peripheral communication\u00a0 1 way RS232 Phoenix terminal,  1 IR 3.5mm input, 1 IR 3.5mm output   Network interface  1 RJ-45 interface, 100M Base-T interface support PoE   PoE Power supply  Support   Power supply  12V DC 1A   Size  142mm*82mm*24mm   Weight  0.3 KG   Temperature  - 20 \u2103\u00a0~ + 60 \u2103\" \/>\n<meta property=\"og:url\" content=\"https:\/\/www.rkmega.com\/pt\/produto\/ip-matrix-switcher\/\" \/>\n<meta property=\"og:site_name\" content=\"LED Solution Provider | OEM&amp;ODM | 15+ Years\" \/>\n<meta property=\"article:modified_time\" content=\"2025-04-23T10:06:19+00:00\" \/>\n<meta property=\"og:image\" content=\"https:\/\/www.rkmega.com\/wp-content\/uploads\/2024\/12\/TX-ip\u77e9\u9635.jpg\" \/>\n\t<meta property=\"og:image:width\" content=\"1600\" \/>\n\t<meta property=\"og:image:height\" content=\"1200\" \/>\n\t<meta property=\"og:image:type\" content=\"image\/jpeg\" \/>\n<meta name=\"twitter:card\" content=\"summary_large_image\" \/>\n<meta name=\"twitter:label1\" content=\"Est. tempo de leitura\" \/>\n\t<meta name=\"twitter:data1\" content=\"1 minuto\" \/>\n<script type=\"application\/ld+json\" class=\"yoast-schema-graph\">{\"@context\":\"https:\/\/schema.org\",\"@graph\":[{\"@type\":\"WebPage\",\"@id\":\"https:\/\/www.rkmega.com\/product\/ip-matrix-switcher\/\",\"url\":\"https:\/\/www.rkmega.com\/product\/ip-matrix-switcher\/\",\"name\":\"Model: IP Matrix Switcher - LED Solution Provider | OEM&amp;ODM | 15+ Years\",\"isPartOf\":{\"@id\":\"https:\/\/www.rkmega.com\/#website\"},\"primaryImageOfPage\":{\"@id\":\"https:\/\/www.rkmega.com\/product\/ip-matrix-switcher\/#primaryimage\"},\"image\":{\"@id\":\"https:\/\/www.rkmega.com\/product\/ip-matrix-switcher\/#primaryimage\"},\"thumbnailUrl\":\"https:\/\/www.rkmega.com\/wp-content\/uploads\/2024\/12\/TX-ip\u77e9\u9635.jpg\",\"datePublished\":\"2024-12-26T06:12:08+00:00\",\"dateModified\":\"2025-04-23T10:06:19+00:00\",\"breadcrumb\":{\"@id\":\"https:\/\/www.rkmega.com\/product\/ip-matrix-switcher\/#breadcrumb\"},\"inLanguage\":\"pt-BR\",\"potentialAction\":[{\"@type\":\"ReadAction\",\"target\":[\"https:\/\/www.rkmega.com\/product\/ip-matrix-switcher\/\"]}]},{\"@type\":\"ImageObject\",\"inLanguage\":\"pt-BR\",\"@id\":\"https:\/\/www.rkmega.com\/product\/ip-matrix-switcher\/#primaryimage\",\"url\":\"https:\/\/www.rkmega.com\/wp-content\/uploads\/2024\/12\/TX-ip\u77e9\u9635.jpg\",\"contentUrl\":\"https:\/\/www.rkmega.com\/wp-content\/uploads\/2024\/12\/TX-ip\u77e9\u9635.jpg\",\"width\":1600,\"height\":1200},{\"@type\":\"BreadcrumbList\",\"@id\":\"https:\/\/www.rkmega.com\/product\/ip-matrix-switcher\/#breadcrumb\",\"itemListElement\":[{\"@type\":\"ListItem\",\"position\":1,\"name\":\"Home\",\"item\":\"https:\/\/www.rkmega.com\/\"},{\"@type\":\"ListItem\",\"position\":2,\"name\":\"Store\",\"item\":\"https:\/\/www.rkmega.com\/store\/\"},{\"@type\":\"ListItem\",\"position\":3,\"name\":\"Model: IP Matrix Switcher\"}]},{\"@type\":\"WebSite\",\"@id\":\"https:\/\/www.rkmega.com\/#website\",\"url\":\"https:\/\/www.rkmega.com\/\",\"name\":\"LED DISPLAY\",\"description\":\"\",\"publisher\":{\"@id\":\"https:\/\/www.rkmega.com\/#organization\"},\"potentialAction\":[{\"@type\":\"SearchAction\",\"target\":{\"@type\":\"EntryPoint\",\"urlTemplate\":\"https:\/\/www.rkmega.com\/?s={search_term_string}\"},\"query-input\":{\"@type\":\"PropertyValueSpecification\",\"valueRequired\":true,\"valueName\":\"search_term_string\"}}],\"inLanguage\":\"pt-BR\"},{\"@type\":\"Organization\",\"@id\":\"https:\/\/www.rkmega.com\/#organization\",\"name\":\"RKMEGA\",\"url\":\"https:\/\/www.rkmega.com\/\",\"logo\":{\"@type\":\"ImageObject\",\"inLanguage\":\"pt-BR\",\"@id\":\"https:\/\/www.rkmega.com\/#\/schema\/logo\/image\/\",\"url\":\"https:\/\/www.rkmega.com\/wp-content\/uploads\/2024\/12\/cropped-LOGO180X60-2.png\",\"contentUrl\":\"https:\/\/www.rkmega.com\/wp-content\/uploads\/2024\/12\/cropped-LOGO180X60-2.png\",\"width\":180,\"height\":60,\"caption\":\"RKMEGA\"},\"image\":{\"@id\":\"https:\/\/www.rkmega.com\/#\/schema\/logo\/image\/\"}}]}<\/script>\n<!-- \/ Yoast SEO plugin. -->","yoast_head_json":{"title":"Model: IP Matrix Switcher - LED Solution Provider | OEM&amp;ODM | 15+ Years","robots":{"index":"index","follow":"follow","max-snippet":"max-snippet:-1","max-image-preview":"max-image-preview:large","max-video-preview":"max-video-preview:-1"},"canonical":"https:\/\/www.rkmega.com\/pt\/produto\/ip-matrix-switcher\/","og_locale":"pt_BR","og_type":"article","og_title":"Model: IP Matrix Switcher - LED Solution Provider | OEM&amp;ODM | 15+ Years","og_description":"Video input interface  1*HDMI   Enter resolution  1920x1080@60HZ   Enter audio\u00a0 1 way LGR Phoenix terminal   Peripheral communication\u00a0 1 way RS232 Phoenix terminal,  1 IR 3.5mm input, 1 IR 3.5mm output   Network interface  1 RJ-45 interface, 100M Base-T interface support PoE   PoE Power supply  Support   Power supply  12V DC 1A   Size  142mm*82mm*24mm   Weight  0.3 KG   Temperature  - 20 \u2103\u00a0~ + 60 \u2103","og_url":"https:\/\/www.rkmega.com\/pt\/produto\/ip-matrix-switcher\/","og_site_name":"LED Solution Provider | OEM&amp;ODM | 15+ Years","article_modified_time":"2025-04-23T10:06:19+00:00","og_image":[{"width":1600,"height":1200,"url":"https:\/\/www.rkmega.com\/wp-content\/uploads\/2024\/12\/TX-ip\u77e9\u9635.jpg","type":"image\/jpeg"}],"twitter_card":"summary_large_image","twitter_misc":{"Est. tempo de leitura":"1 minuto"},"schema":{"@context":"https:\/\/schema.org","@graph":[{"@type":"WebPage","@id":"https:\/\/www.rkmega.com\/product\/ip-matrix-switcher\/","url":"https:\/\/www.rkmega.com\/product\/ip-matrix-switcher\/","name":"Model: IP Matrix Switcher - LED Solution Provider | OEM&amp;ODM | 15+ Years","isPartOf":{"@id":"https:\/\/www.rkmega.com\/#website"},"primaryImageOfPage":{"@id":"https:\/\/www.rkmega.com\/product\/ip-matrix-switcher\/#primaryimage"},"image":{"@id":"https:\/\/www.rkmega.com\/product\/ip-matrix-switcher\/#primaryimage"},"thumbnailUrl":"https:\/\/www.rkmega.com\/wp-content\/uploads\/2024\/12\/TX-ip\u77e9\u9635.jpg","datePublished":"2024-12-26T06:12:08+00:00","dateModified":"2025-04-23T10:06:19+00:00","breadcrumb":{"@id":"https:\/\/www.rkmega.com\/product\/ip-matrix-switcher\/#breadcrumb"},"inLanguage":"pt-BR","potentialAction":[{"@type":"ReadAction","target":["https:\/\/www.rkmega.com\/product\/ip-matrix-switcher\/"]}]},{"@type":"ImageObject","inLanguage":"pt-BR","@id":"https:\/\/www.rkmega.com\/product\/ip-matrix-switcher\/#primaryimage","url":"https:\/\/www.rkmega.com\/wp-content\/uploads\/2024\/12\/TX-ip\u77e9\u9635.jpg","contentUrl":"https:\/\/www.rkmega.com\/wp-content\/uploads\/2024\/12\/TX-ip\u77e9\u9635.jpg","width":1600,"height":1200},{"@type":"BreadcrumbList","@id":"https:\/\/www.rkmega.com\/product\/ip-matrix-switcher\/#breadcrumb","itemListElement":[{"@type":"ListItem","position":1,"name":"Home","item":"https:\/\/www.rkmega.com\/"},{"@type":"ListItem","position":2,"name":"Store","item":"https:\/\/www.rkmega.com\/store\/"},{"@type":"ListItem","position":3,"name":"Model: IP Matrix Switcher"}]},{"@type":"WebSite","@id":"https:\/\/www.rkmega.com\/#website","url":"https:\/\/www.rkmega.com\/","name":"LED DISPLAY","description":"","publisher":{"@id":"https:\/\/www.rkmega.com\/#organization"},"potentialAction":[{"@type":"SearchAction","target":{"@type":"EntryPoint","urlTemplate":"https:\/\/www.rkmega.com\/?s={search_term_string}"},"query-input":{"@type":"PropertyValueSpecification","valueRequired":true,"valueName":"search_term_string"}}],"inLanguage":"pt-BR"},{"@type":"Organization","@id":"https:\/\/www.rkmega.com\/#organization","name":"RKMEGA","url":"https:\/\/www.rkmega.com\/","logo":{"@type":"ImageObject","inLanguage":"pt-BR","@id":"https:\/\/www.rkmega.com\/#\/schema\/logo\/image\/","url":"https:\/\/www.rkmega.com\/wp-content\/uploads\/2024\/12\/cropped-LOGO180X60-2.png","contentUrl":"https:\/\/www.rkmega.com\/wp-content\/uploads\/2024\/12\/cropped-LOGO180X60-2.png","width":180,"height":60,"caption":"RKMEGA"},"image":{"@id":"https:\/\/www.rkmega.com\/#\/schema\/logo\/image\/"}}]}},"_links":{"self":[{"href":"https:\/\/www.rkmega.com\/pt\/wp-json\/wp\/v2\/product\/5430","targetHints":{"allow":["GET"]}}],"collection":[{"href":"https:\/\/www.rkmega.com\/pt\/wp-json\/wp\/v2\/product"}],"about":[{"href":"https:\/\/www.rkmega.com\/pt\/wp-json\/wp\/v2\/types\/product"}],"replies":[{"embeddable":true,"href":"https:\/\/www.rkmega.com\/pt\/wp-json\/wp\/v2\/comments?post=5430"}],"version-history":[{"count":2,"href":"https:\/\/www.rkmega.com\/pt\/wp-json\/wp\/v2\/product\/5430\/revisions"}],"predecessor-version":[{"id":6272,"href":"https:\/\/www.rkmega.com\/pt\/wp-json\/wp\/v2\/product\/5430\/revisions\/6272"}],"wp:featuredmedia":[{"embeddable":true,"href":"https:\/\/www.rkmega.com\/pt\/wp-json\/wp\/v2\/media\/5433"}],"wp:attachment":[{"href":"https:\/\/www.rkmega.com\/pt\/wp-json\/wp\/v2\/media?parent=5430"}],"wp:term":[{"taxonomy":"product_cat","embeddable":true,"href":"https:\/\/www.rkmega.com\/pt\/wp-json\/wp\/v2\/product_cat?post=5430"},{"taxonomy":"product_tag","embeddable":true,"href":"https:\/\/www.rkmega.com\/pt\/wp-json\/wp\/v2\/product_tag?post=5430"}],"curies":[{"name":"wp","href":"https:\/\/api.w.org\/{rel}","templated":true}]}}