{"id":5435,"date":"2024-12-26T14:20:43","date_gmt":"2024-12-26T06:20:43","guid":{"rendered":"https:\/\/www.rkmega.com\/?post_type=product&#038;p=5435"},"modified":"2026-04-17T08:00:15","modified_gmt":"2026-04-17T06:00:15","slug":"mx0808-616-3636-av-matrix-switcher","status":"publish","type":"product","link":"https:\/\/www.rkmega.com\/pt\/produto\/mx0808-616-3636-av-matrix-switcher\/","title":{"rendered":"Modelo: MX0808\/616\/3636 - Comutador de matriz AV"},"content":{"rendered":"<p><img fetchpriority=\"high\" decoding=\"async\" class=\"alignnone  wp-image-5437\" src=\"https:\/\/www.rkmega.com\/wp-content\/uploads\/2024\/12\/01.png\" alt=\"\" width=\"373\" height=\"186\" srcset=\"https:\/\/www.rkmega.com\/wp-content\/uploads\/2024\/12\/01.png 4262w, https:\/\/www.rkmega.com\/wp-content\/uploads\/2024\/12\/01-300x150.png 300w, https:\/\/www.rkmega.com\/wp-content\/uploads\/2024\/12\/01-1024x511.png 1024w, https:\/\/www.rkmega.com\/wp-content\/uploads\/2024\/12\/01-768x383.png 768w, https:\/\/www.rkmega.com\/wp-content\/uploads\/2024\/12\/01-1536x766.png 1536w, https:\/\/www.rkmega.com\/wp-content\/uploads\/2024\/12\/01-2048x1021.png 2048w, https:\/\/www.rkmega.com\/wp-content\/uploads\/2024\/12\/01-18x9.png 18w, https:\/\/www.rkmega.com\/wp-content\/uploads\/2024\/12\/01-600x299.png 600w\" sizes=\"(max-width: 373px) 100vw, 373px\" \/><\/p>\n<p>&nbsp;<\/p>\n<p><img decoding=\"async\" class=\"alignnone size-full wp-image-5438\" src=\"https:\/\/www.rkmega.com\/wp-content\/uploads\/2024\/12\/\u8fde\u63a5\u793a\u610f\u56fe.jpg\" alt=\"\" width=\"1192\" height=\"666\" srcset=\"https:\/\/www.rkmega.com\/wp-content\/uploads\/2024\/12\/\u8fde\u63a5\u793a\u610f\u56fe.jpg 1192w, https:\/\/www.rkmega.com\/wp-content\/uploads\/2024\/12\/\u8fde\u63a5\u793a\u610f\u56fe-300x168.jpg 300w, https:\/\/www.rkmega.com\/wp-content\/uploads\/2024\/12\/\u8fde\u63a5\u793a\u610f\u56fe-1024x572.jpg 1024w, https:\/\/www.rkmega.com\/wp-content\/uploads\/2024\/12\/\u8fde\u63a5\u793a\u610f\u56fe-768x429.jpg 768w, https:\/\/www.rkmega.com\/wp-content\/uploads\/2024\/12\/\u8fde\u63a5\u793a\u610f\u56fe-18x10.jpg 18w, https:\/\/www.rkmega.com\/wp-content\/uploads\/2024\/12\/\u8fde\u63a5\u793a\u610f\u56fe-600x335.jpg 600w\" sizes=\"(max-width: 1192px) 100vw, 1192px\" \/><\/p>\n<ul>\n<li>Design modular, com um design de um cart\u00e3o e quatro canais.<\/li>\n<li>Oferece suporte ao design de redund\u00e2ncia de fonte de alimenta\u00e7\u00e3o dupla, prote\u00e7\u00e3o autom\u00e1tica do armazenamento em caso de falha de energia e recupera\u00e7\u00e3o autom\u00e1tica da mem\u00f3ria na inicializa\u00e7\u00e3o.<\/li>\n<li>Suporta a leitura autom\u00e1tica de EDID (Extended Display Identification Data).<\/li>\n<li>Suporta controle por meio da tela sens\u00edvel ao toque do painel frontal, RS232 duplo + LAN e outros m\u00e9todos de controle.<\/li>\n<\/ul>","protected":false},"excerpt":{"rendered":"<table width=\"790\">\n<tbody>\n<tr>\n<td width=\"176\">Nome<\/td>\n<td width=\"155\">8x8Matrix<\/td>\n<td width=\"153\">16x16Matrix<\/td>\n<td width=\"154\">Matriz 36x36<\/td>\n<td width=\"152\">Matriz 80x80<\/td>\n<\/tr>\n<tr>\n<td>\u00a0Modelo<\/td>\n<td>MX0808<\/td>\n<td>MX1616<\/td>\n<td>MX3636<\/td>\n<td>MX8080<\/td>\n<\/tr>\n<tr>\n<td>\u00a0Tipo de entrada<\/td>\n<td colspan=\"4\">Compat\u00edvel com DVI\/HDMI\/VGA\/CVBS\/YPbPr\/SDI\/HDBaseT\/Fibra e outras entradas de sinal<\/td>\n<\/tr>\n<tr>\n<td>\u00a0Tipo de sa\u00edda<\/td>\n<td colspan=\"4\">Suporta DVI\/HDMI\/VGA\/CVBS\/YPbPr\/SDI\/HDBaseT\/Fibra e outras sa\u00eddas de sinal<\/td>\n<\/tr>\n<tr>\n<td>\u00a0Padr\u00e3o de protocolo<\/td>\n<td colspan=\"4\">Suporta os protocolos HDMI2.0 e DVI1.0, suporta as fun\u00e7\u00f5es HDCP e EDID<\/td>\n<\/tr>\n<tr>\n<td>Espa\u00e7o de cores<\/td>\n<td colspan=\"4\">Suporta espa\u00e7os de cores RGB444, YUV444, YUV422, suporta expans\u00e3o do padr\u00e3o x.v.Color<\/td>\n<\/tr>\n<tr>\n<td>\u00a0Resolu\u00e7\u00e3o<\/td>\n<td colspan=\"4\" width=\"614\">Suporta resolu\u00e7\u00e3o de 4K60Hz com compatibilidade descendente<\/td>\n<\/tr>\n<tr>\n<td>Dist\u00e2ncia de transmiss\u00e3o<\/td>\n<td colspan=\"4\" width=\"614\">70 m (cabo de categoria 6), 500 m (fibra multimodo), 10 km (fibra monomodo), 30 m (cabo digital)<\/td>\n<\/tr>\n<tr>\n<td>M\u00e9todo de controle<\/td>\n<td colspan=\"4\">WEB\/APP\/bot\u00f5es de n\u00edvel de transmiss\u00e3o no painel frontal\/m\u00e9todos de controle RS232+LAN duplos<\/td>\n<\/tr>\n<tr>\n<td>Fonte de alimenta\u00e7\u00e3o<\/td>\n<td colspan=\"4\">CA: 110V-260V 50\/60Hz<\/td>\n<\/tr>\n<tr>\n<td>Consumo de energia<\/td>\n<td>17W\uff08sem cart\u00e3o)<\/td>\n<td>21\uff08sem cart\u00e3o)<\/td>\n<td>30\uff08sem cart\u00e3o)<\/td>\n<td>180W (sem cart\u00e3o)<\/td>\n<\/tr>\n<tr>\n<td>\u00a0Dimens\u00f5es<\/td>\n<td>482\u00d7390\u00d788(mm)<\/td>\n<td>482\u00d7390\u00d7178(mm)<\/td>\n<td>482\u00d7390\u00d7355(mm)<\/td>\n<td>482\u00d7390\u00d7711(mm)<\/td>\n<\/tr>\n<tr>\n<td>\u00a0Peso<\/td>\n<td>6kg\uff08sem cart\u00e3o\uff09<\/td>\n<td>13kg\uff08sem cart\u00e3o\uff09<\/td>\n<td>25kg\uff08sem cart\u00e3o\uff09<\/td>\n<td>28 kg\uff08sem cart\u00e3o\uff09<\/td>\n<\/tr>\n<tr>\n<td>Temperatura operacional<\/td>\n<td colspan=\"4\">0\u2103~ 50\u2103<\/td>\n<\/tr>\n<\/tbody>\n<\/table>","protected":false},"featured_media":5436,"comment_status":"open","ping_status":"closed","template":"","meta":{"site-sidebar-layout":"default","site-content-layout":"","ast-site-content-layout":"default","site-content-style":"default","site-sidebar-style":"default","ast-global-header-display":"","ast-banner-title-visibility":"","ast-main-header-display":"","ast-hfb-above-header-display":"","ast-hfb-below-header-display":"","ast-hfb-mobile-header-display":"","site-post-title":"","ast-breadcrumbs-content":"","ast-featured-img":"","footer-sml-layout":"","theme-transparent-header-meta":"default","adv-header-id-meta":"","stick-header-meta":"","header-above-stick-meta":"","header-main-stick-meta":"","header-below-stick-meta":"","astra-migrate-meta-layouts":"set","ast-page-background-enabled":"default","ast-page-background-meta":{"desktop":{"background-color":"","background-image":"","background-repeat":"repeat","background-position":"center center","background-size":"auto","background-attachment":"scroll","background-type":"","background-media":"","overlay-type":"","overlay-color":"","overlay-opacity":"","overlay-gradient":""},"tablet":{"background-color":"","background-image":"","background-repeat":"repeat","background-position":"center center","background-size":"auto","background-attachment":"scroll","background-type":"","background-media":"","overlay-type":"","overlay-color":"","overlay-opacity":"","overlay-gradient":""},"mobile":{"background-color":"","background-image":"","background-repeat":"repeat","background-position":"center center","background-size":"auto","background-attachment":"scroll","background-type":"","background-media":"","overlay-type":"","overlay-color":"","overlay-opacity":"","overlay-gradient":""}},"ast-content-background-meta":{"desktop":{"background-color":"var(--ast-global-color-5)","background-image":"","background-repeat":"repeat","background-position":"center center","background-size":"auto","background-attachment":"scroll","background-type":"","background-media":"","overlay-type":"","overlay-color":"","overlay-opacity":"","overlay-gradient":""},"tablet":{"background-color":"var(--ast-global-color-5)","background-image":"","background-repeat":"repeat","background-position":"center center","background-size":"auto","background-attachment":"scroll","background-type":"","background-media":"","overlay-type":"","overlay-color":"","overlay-opacity":"","overlay-gradient":""},"mobile":{"background-color":"var(--ast-global-color-5)","background-image":"","background-repeat":"repeat","background-position":"center center","background-size":"auto","background-attachment":"scroll","background-type":"","background-media":"","overlay-type":"","overlay-color":"","overlay-opacity":"","overlay-gradient":""}}},"product_cat":[78],"product_tag":[],"class_list":{"0":"post-5435","1":"product","2":"type-product","3":"status-publish","4":"has-post-thumbnail","6":"product_cat-mx0808-616-3636-av-matrix-switcher","7":"desktop-align-left","8":"tablet-align-left","9":"mobile-align-left","11":"first","12":"instock","13":"shipping-taxable","14":"product-type-simple"},"yoast_head":"<!-- This site is optimized with the Yoast SEO plugin v24.9 - https:\/\/yoast.com\/wordpress\/plugins\/seo\/ -->\n<title>Model: MX0808\/616\/3636 AV Matrix Switcher - LED Solution Provider | OEM&amp;ODM | 15+ Years<\/title>\n<meta name=\"robots\" content=\"index, follow, max-snippet:-1, max-image-preview:large, max-video-preview:-1\" \/>\n<link rel=\"canonical\" href=\"https:\/\/www.rkmega.com\/pt\/produto\/mx0808-616-3636-av-matrix-switcher\/\" \/>\n<meta property=\"og:locale\" content=\"pt_BR\" \/>\n<meta property=\"og:type\" content=\"article\" \/>\n<meta property=\"og:title\" content=\"Model: MX0808\/616\/3636 AV Matrix Switcher - LED Solution Provider | OEM&amp;ODM | 15+ Years\" \/>\n<meta property=\"og:description\" content=\"Name 8x8Matrix 16x16Matrix 36x36Matrix 80x80Matrix   \u00a0Model MX0808 MX1616 MX3636 MX8080   \u00a0Input Typel Supports DVI\/HDMI\/VGA\/CVBS\/YPbPr\/SDI\/HDBaseT\/Fiber and other signal inputs   \u00a0Output Type Supports DVI\/HDMI\/VGA\/CVBS\/YPbPr\/SDI\/HDBaseT\/Fiber and other signal outputs   \u00a0Protocol Standard Supports HDMI2.0 and DVI1.0 protocols, supports HDCP, EDID functions   Color Space Supports RGB444, YUV444, YUV422 color spaces, supports x.v.Color standard expansion   \u00a0Resolution Supports 4K60Hz resolution with downward compatibility   Transmission Distance 70m (Category 6 cable), 500m (multi-mode fiber), 10km (single-mode fiber), 30m (digital cable)   Control Method WEB\/APP\/Front panel broadcast-level buttons\/dual RS232+LAN control methods   Power Supply AC: 110V\u2014260V 50\/60Hz   Power Consumption 17W\uff08no card) 21\uff08no card) 30\uff08no card) 180W\uff08no card)   \u00a0Dimensions 482\u00d7390\u00d788(mm) 482\u00d7390\u00d7178(mm) 482\u00d7390\u00d7355(mm) 482\u00d7390\u00d7711(mm)   \u00a0Weight 6kg\uff08no card\uff09 13kg\uff08no card\uff09 25kg\uff08no card\uff09 28kg\uff08no card\uff09   Operating Temperature 0\u2103~ 50\u2103\" \/>\n<meta property=\"og:url\" content=\"https:\/\/www.rkmega.com\/pt\/produto\/mx0808-616-3636-av-matrix-switcher\/\" \/>\n<meta property=\"og:site_name\" content=\"LED Solution Provider | OEM&amp;ODM | 15+ Years\" \/>\n<meta property=\"article:modified_time\" content=\"2026-04-17T06:00:15+00:00\" \/>\n<meta property=\"og:image\" content=\"https:\/\/www.rkmega.com\/wp-content\/uploads\/2024\/12\/\u5e38\u89c4\u77e9\u9635.jpg\" \/>\n\t<meta property=\"og:image:width\" content=\"1600\" \/>\n\t<meta property=\"og:image:height\" content=\"1200\" \/>\n\t<meta property=\"og:image:type\" content=\"image\/jpeg\" \/>\n<meta name=\"twitter:card\" content=\"summary_large_image\" \/>\n<script type=\"application\/ld+json\" class=\"yoast-schema-graph\">{\"@context\":\"https:\/\/schema.org\",\"@graph\":[{\"@type\":\"WebPage\",\"@id\":\"https:\/\/www.rkmega.com\/product\/mx0808-616-3636-av-matrix-switcher\/\",\"url\":\"https:\/\/www.rkmega.com\/product\/mx0808-616-3636-av-matrix-switcher\/\",\"name\":\"Model: MX0808\/616\/3636 AV Matrix Switcher - LED Solution Provider | OEM&amp;ODM | 15+ Years\",\"isPartOf\":{\"@id\":\"https:\/\/www.rkmega.com\/#website\"},\"primaryImageOfPage\":{\"@id\":\"https:\/\/www.rkmega.com\/product\/mx0808-616-3636-av-matrix-switcher\/#primaryimage\"},\"image\":{\"@id\":\"https:\/\/www.rkmega.com\/product\/mx0808-616-3636-av-matrix-switcher\/#primaryimage\"},\"thumbnailUrl\":\"https:\/\/www.rkmega.com\/wp-content\/uploads\/2024\/12\/\u5e38\u89c4\u77e9\u9635.jpg\",\"datePublished\":\"2024-12-26T06:20:43+00:00\",\"dateModified\":\"2026-04-17T06:00:15+00:00\",\"breadcrumb\":{\"@id\":\"https:\/\/www.rkmega.com\/product\/mx0808-616-3636-av-matrix-switcher\/#breadcrumb\"},\"inLanguage\":\"pt-BR\",\"potentialAction\":[{\"@type\":\"ReadAction\",\"target\":[\"https:\/\/www.rkmega.com\/product\/mx0808-616-3636-av-matrix-switcher\/\"]}]},{\"@type\":\"ImageObject\",\"inLanguage\":\"pt-BR\",\"@id\":\"https:\/\/www.rkmega.com\/product\/mx0808-616-3636-av-matrix-switcher\/#primaryimage\",\"url\":\"https:\/\/www.rkmega.com\/wp-content\/uploads\/2024\/12\/\u5e38\u89c4\u77e9\u9635.jpg\",\"contentUrl\":\"https:\/\/www.rkmega.com\/wp-content\/uploads\/2024\/12\/\u5e38\u89c4\u77e9\u9635.jpg\",\"width\":1600,\"height\":1200},{\"@type\":\"BreadcrumbList\",\"@id\":\"https:\/\/www.rkmega.com\/product\/mx0808-616-3636-av-matrix-switcher\/#breadcrumb\",\"itemListElement\":[{\"@type\":\"ListItem\",\"position\":1,\"name\":\"Home\",\"item\":\"https:\/\/www.rkmega.com\/\"},{\"@type\":\"ListItem\",\"position\":2,\"name\":\"Store\",\"item\":\"https:\/\/www.rkmega.com\/store\/\"},{\"@type\":\"ListItem\",\"position\":3,\"name\":\"Model: MX0808\/616\/3636 AV Matrix Switcher\"}]},{\"@type\":\"WebSite\",\"@id\":\"https:\/\/www.rkmega.com\/#website\",\"url\":\"https:\/\/www.rkmega.com\/\",\"name\":\"LED DISPLAY\",\"description\":\"\",\"publisher\":{\"@id\":\"https:\/\/www.rkmega.com\/#organization\"},\"potentialAction\":[{\"@type\":\"SearchAction\",\"target\":{\"@type\":\"EntryPoint\",\"urlTemplate\":\"https:\/\/www.rkmega.com\/?s={search_term_string}\"},\"query-input\":{\"@type\":\"PropertyValueSpecification\",\"valueRequired\":true,\"valueName\":\"search_term_string\"}}],\"inLanguage\":\"pt-BR\"},{\"@type\":\"Organization\",\"@id\":\"https:\/\/www.rkmega.com\/#organization\",\"name\":\"RKMEGA\",\"url\":\"https:\/\/www.rkmega.com\/\",\"logo\":{\"@type\":\"ImageObject\",\"inLanguage\":\"pt-BR\",\"@id\":\"https:\/\/www.rkmega.com\/#\/schema\/logo\/image\/\",\"url\":\"https:\/\/www.rkmega.com\/wp-content\/uploads\/2024\/12\/cropped-LOGO180X60-2.png\",\"contentUrl\":\"https:\/\/www.rkmega.com\/wp-content\/uploads\/2024\/12\/cropped-LOGO180X60-2.png\",\"width\":180,\"height\":60,\"caption\":\"RKMEGA\"},\"image\":{\"@id\":\"https:\/\/www.rkmega.com\/#\/schema\/logo\/image\/\"}}]}<\/script>\n<!-- \/ Yoast SEO plugin. -->","yoast_head_json":{"title":"Model: MX0808\/616\/3636 AV Matrix Switcher - LED Solution Provider | OEM&amp;ODM | 15+ Years","robots":{"index":"index","follow":"follow","max-snippet":"max-snippet:-1","max-image-preview":"max-image-preview:large","max-video-preview":"max-video-preview:-1"},"canonical":"https:\/\/www.rkmega.com\/pt\/produto\/mx0808-616-3636-av-matrix-switcher\/","og_locale":"pt_BR","og_type":"article","og_title":"Model: MX0808\/616\/3636 AV Matrix Switcher - LED Solution Provider | OEM&amp;ODM | 15+ Years","og_description":"Name 8x8Matrix 16x16Matrix 36x36Matrix 80x80Matrix   \u00a0Model MX0808 MX1616 MX3636 MX8080   \u00a0Input Typel Supports DVI\/HDMI\/VGA\/CVBS\/YPbPr\/SDI\/HDBaseT\/Fiber and other signal inputs   \u00a0Output Type Supports DVI\/HDMI\/VGA\/CVBS\/YPbPr\/SDI\/HDBaseT\/Fiber and other signal outputs   \u00a0Protocol Standard Supports HDMI2.0 and DVI1.0 protocols, supports HDCP, EDID functions   Color Space Supports RGB444, YUV444, YUV422 color spaces, supports x.v.Color standard expansion   \u00a0Resolution Supports 4K60Hz resolution with downward compatibility   Transmission Distance 70m (Category 6 cable), 500m (multi-mode fiber), 10km (single-mode fiber), 30m (digital cable)   Control Method WEB\/APP\/Front panel broadcast-level buttons\/dual RS232+LAN control methods   Power Supply AC: 110V\u2014260V 50\/60Hz   Power Consumption 17W\uff08no card) 21\uff08no card) 30\uff08no card) 180W\uff08no card)   \u00a0Dimensions 482\u00d7390\u00d788(mm) 482\u00d7390\u00d7178(mm) 482\u00d7390\u00d7355(mm) 482\u00d7390\u00d7711(mm)   \u00a0Weight 6kg\uff08no card\uff09 13kg\uff08no card\uff09 25kg\uff08no card\uff09 28kg\uff08no card\uff09   Operating Temperature 0\u2103~ 50\u2103","og_url":"https:\/\/www.rkmega.com\/pt\/produto\/mx0808-616-3636-av-matrix-switcher\/","og_site_name":"LED Solution Provider | OEM&amp;ODM | 15+ Years","article_modified_time":"2026-04-17T06:00:15+00:00","og_image":[{"width":1600,"height":1200,"url":"https:\/\/www.rkmega.com\/wp-content\/uploads\/2024\/12\/\u5e38\u89c4\u77e9\u9635.jpg","type":"image\/jpeg"}],"twitter_card":"summary_large_image","schema":{"@context":"https:\/\/schema.org","@graph":[{"@type":"WebPage","@id":"https:\/\/www.rkmega.com\/product\/mx0808-616-3636-av-matrix-switcher\/","url":"https:\/\/www.rkmega.com\/product\/mx0808-616-3636-av-matrix-switcher\/","name":"Model: MX0808\/616\/3636 AV Matrix Switcher - LED Solution Provider | OEM&amp;ODM | 15+ Years","isPartOf":{"@id":"https:\/\/www.rkmega.com\/#website"},"primaryImageOfPage":{"@id":"https:\/\/www.rkmega.com\/product\/mx0808-616-3636-av-matrix-switcher\/#primaryimage"},"image":{"@id":"https:\/\/www.rkmega.com\/product\/mx0808-616-3636-av-matrix-switcher\/#primaryimage"},"thumbnailUrl":"https:\/\/www.rkmega.com\/wp-content\/uploads\/2024\/12\/\u5e38\u89c4\u77e9\u9635.jpg","datePublished":"2024-12-26T06:20:43+00:00","dateModified":"2026-04-17T06:00:15+00:00","breadcrumb":{"@id":"https:\/\/www.rkmega.com\/product\/mx0808-616-3636-av-matrix-switcher\/#breadcrumb"},"inLanguage":"pt-BR","potentialAction":[{"@type":"ReadAction","target":["https:\/\/www.rkmega.com\/product\/mx0808-616-3636-av-matrix-switcher\/"]}]},{"@type":"ImageObject","inLanguage":"pt-BR","@id":"https:\/\/www.rkmega.com\/product\/mx0808-616-3636-av-matrix-switcher\/#primaryimage","url":"https:\/\/www.rkmega.com\/wp-content\/uploads\/2024\/12\/\u5e38\u89c4\u77e9\u9635.jpg","contentUrl":"https:\/\/www.rkmega.com\/wp-content\/uploads\/2024\/12\/\u5e38\u89c4\u77e9\u9635.jpg","width":1600,"height":1200},{"@type":"BreadcrumbList","@id":"https:\/\/www.rkmega.com\/product\/mx0808-616-3636-av-matrix-switcher\/#breadcrumb","itemListElement":[{"@type":"ListItem","position":1,"name":"Home","item":"https:\/\/www.rkmega.com\/"},{"@type":"ListItem","position":2,"name":"Store","item":"https:\/\/www.rkmega.com\/store\/"},{"@type":"ListItem","position":3,"name":"Model: MX0808\/616\/3636 AV Matrix Switcher"}]},{"@type":"WebSite","@id":"https:\/\/www.rkmega.com\/#website","url":"https:\/\/www.rkmega.com\/","name":"LED DISPLAY","description":"","publisher":{"@id":"https:\/\/www.rkmega.com\/#organization"},"potentialAction":[{"@type":"SearchAction","target":{"@type":"EntryPoint","urlTemplate":"https:\/\/www.rkmega.com\/?s={search_term_string}"},"query-input":{"@type":"PropertyValueSpecification","valueRequired":true,"valueName":"search_term_string"}}],"inLanguage":"pt-BR"},{"@type":"Organization","@id":"https:\/\/www.rkmega.com\/#organization","name":"RKMEGA","url":"https:\/\/www.rkmega.com\/","logo":{"@type":"ImageObject","inLanguage":"pt-BR","@id":"https:\/\/www.rkmega.com\/#\/schema\/logo\/image\/","url":"https:\/\/www.rkmega.com\/wp-content\/uploads\/2024\/12\/cropped-LOGO180X60-2.png","contentUrl":"https:\/\/www.rkmega.com\/wp-content\/uploads\/2024\/12\/cropped-LOGO180X60-2.png","width":180,"height":60,"caption":"RKMEGA"},"image":{"@id":"https:\/\/www.rkmega.com\/#\/schema\/logo\/image\/"}}]}},"_links":{"self":[{"href":"https:\/\/www.rkmega.com\/pt\/wp-json\/wp\/v2\/product\/5435","targetHints":{"allow":["GET"]}}],"collection":[{"href":"https:\/\/www.rkmega.com\/pt\/wp-json\/wp\/v2\/product"}],"about":[{"href":"https:\/\/www.rkmega.com\/pt\/wp-json\/wp\/v2\/types\/product"}],"replies":[{"embeddable":true,"href":"https:\/\/www.rkmega.com\/pt\/wp-json\/wp\/v2\/comments?post=5435"}],"version-history":[{"count":2,"href":"https:\/\/www.rkmega.com\/pt\/wp-json\/wp\/v2\/product\/5435\/revisions"}],"predecessor-version":[{"id":6271,"href":"https:\/\/www.rkmega.com\/pt\/wp-json\/wp\/v2\/product\/5435\/revisions\/6271"}],"wp:featuredmedia":[{"embeddable":true,"href":"https:\/\/www.rkmega.com\/pt\/wp-json\/wp\/v2\/media\/5436"}],"wp:attachment":[{"href":"https:\/\/www.rkmega.com\/pt\/wp-json\/wp\/v2\/media?parent=5435"}],"wp:term":[{"taxonomy":"product_cat","embeddable":true,"href":"https:\/\/www.rkmega.com\/pt\/wp-json\/wp\/v2\/product_cat?post=5435"},{"taxonomy":"product_tag","embeddable":true,"href":"https:\/\/www.rkmega.com\/pt\/wp-json\/wp\/v2\/product_tag?post=5435"}],"curies":[{"name":"wp","href":"https:\/\/api.w.org\/{rel}","templated":true}]}}