{"id":5617,"date":"2024-12-30T15:41:19","date_gmt":"2024-12-30T07:41:19","guid":{"rendered":"https:\/\/www.rkmega.com\/?post_type=product&#038;p=5617"},"modified":"2025-04-23T18:10:20","modified_gmt":"2025-04-23T10:10:20","slug":"rk-mix8","status":"publish","type":"product","link":"https:\/\/www.rkmega.com\/pt\/produto\/rk-mix8\/","title":{"rendered":"Modelo: RK-MIX8"},"content":{"rendered":"<table>\n<tbody>\n<tr>\n<td width=\"226\"><strong><b>Nome do par\u00e2metro<\/b><\/strong><\/td>\n<td width=\"387\"><strong><b>Valor do par\u00e2metro<\/b><\/strong><\/td>\n<\/tr>\n<tr>\n<td width=\"226\">Sa\u00edda de ganho de tens\u00e3o<\/td>\n<td width=\"387\">34dB<\/td>\n<\/tr>\n<tr>\n<td width=\"226\">Imped\u00e2ncia de sa\u00edda<\/td>\n<td width=\"387\">600\u03a9<\/td>\n<\/tr>\n<tr>\n<td width=\"226\">Imped\u00e2ncia de entrada<\/td>\n<td width=\"387\">&gt;2k\u03a9<\/td>\n<\/tr>\n<tr>\n<td width=\"226\">Distor\u00e7\u00e3o harm\u00f4nica total<\/td>\n<td width=\"387\">&lt;0,1% em um n\u00edvel de sa\u00edda de +18 dBV<\/td>\n<\/tr>\n<tr>\n<td width=\"226\">Taxa de rejei\u00e7\u00e3o de modo comum (CMRR)<\/td>\n<td width=\"387\">&gt;70 dB a 1 kHz<\/td>\n<\/tr>\n<tr>\n<td width=\"226\">Rela\u00e7\u00e3o sinal-ru\u00eddo<\/td>\n<td width=\"387\">90 dB a 1 kHz<\/td>\n<\/tr>\n<tr>\n<td width=\"226\">Resposta de frequ\u00eancia<\/td>\n<td width=\"387\">20Hz-20kHz<\/td>\n<\/tr>\n<tr>\n<td width=\"226\">Equaliza\u00e7\u00e3o de baixa frequ\u00eancia<\/td>\n<td width=\"387\">20Hz-300Hz<\/td>\n<\/tr>\n<tr>\n<td width=\"226\">Equaliza\u00e7\u00e3o de alta frequ\u00eancia<\/td>\n<td width=\"387\">3kHz-20kHz<\/td>\n<\/tr>\n<tr>\n<td width=\"226\">Tens\u00e3o operacional<\/td>\n<td width=\"387\">100-240V~50\/60Hz<\/td>\n<\/tr>\n<tr>\n<td width=\"226\">Peso da unidade principal<\/td>\n<td width=\"387\">4 kg<\/td>\n<\/tr>\n<tr>\n<td width=\"226\">Dimens\u00f5es do chassi (LxPxA)<\/td>\n<td width=\"387\">482 mm x 300 mm x 44 mm<\/td>\n<\/tr>\n<\/tbody>\n<\/table>","protected":false},"excerpt":{"rendered":"<p>Ajusta-se automaticamente para acomodar a r\u00e1pida inicializa\u00e7\u00e3o da sele\u00e7\u00e3o de microfone sem ru\u00eddo que se adapta \u00e0s mudan\u00e7as no ru\u00eddo de fundo interno. Cada canal permite o ajuste da equaliza\u00e7\u00e3o de inclina\u00e7\u00e3o de alta frequ\u00eancia e de redu\u00e7\u00e3o de baixa frequ\u00eancia. Possui um limitador de sa\u00edda de resposta de pico com limite ajust\u00e1vel e luzes indicadoras de LED. O sistema pode ser colocado em cascata para conectar at\u00e9 512 microfones.<\/p>","protected":false},"featured_media":5618,"comment_status":"open","ping_status":"closed","template":"","meta":{"site-sidebar-layout":"default","site-content-layout":"","ast-site-content-layout":"default","site-content-style":"default","site-sidebar-style":"default","ast-global-header-display":"","ast-banner-title-visibility":"","ast-main-header-display":"","ast-hfb-above-header-display":"","ast-hfb-below-header-display":"","ast-hfb-mobile-header-display":"","site-post-title":"","ast-breadcrumbs-content":"","ast-featured-img":"","footer-sml-layout":"","theme-transparent-header-meta":"default","adv-header-id-meta":"","stick-header-meta":"","header-above-stick-meta":"","header-main-stick-meta":"","header-below-stick-meta":"","astra-migrate-meta-layouts":"set","ast-page-background-enabled":"default","ast-page-background-meta":{"desktop":{"background-color":"","background-image":"","background-repeat":"repeat","background-position":"center center","background-size":"auto","background-attachment":"scroll","background-type":"","background-media":"","overlay-type":"","overlay-color":"","overlay-opacity":"","overlay-gradient":""},"tablet":{"background-color":"","background-image":"","background-repeat":"repeat","background-position":"center center","background-size":"auto","background-attachment":"scroll","background-type":"","background-media":"","overlay-type":"","overlay-color":"","overlay-opacity":"","overlay-gradient":""},"mobile":{"background-color":"","background-image":"","background-repeat":"repeat","background-position":"center center","background-size":"auto","background-attachment":"scroll","background-type":"","background-media":"","overlay-type":"","overlay-color":"","overlay-opacity":"","overlay-gradient":""}},"ast-content-background-meta":{"desktop":{"background-color":"var(--ast-global-color-5)","background-image":"","background-repeat":"repeat","background-position":"center center","background-size":"auto","background-attachment":"scroll","background-type":"","background-media":"","overlay-type":"","overlay-color":"","overlay-opacity":"","overlay-gradient":""},"tablet":{"background-color":"var(--ast-global-color-5)","background-image":"","background-repeat":"repeat","background-position":"center center","background-size":"auto","background-attachment":"scroll","background-type":"","background-media":"","overlay-type":"","overlay-color":"","overlay-opacity":"","overlay-gradient":""},"mobile":{"background-color":"var(--ast-global-color-5)","background-image":"","background-repeat":"repeat","background-position":"center center","background-size":"auto","background-attachment":"scroll","background-type":"","background-media":"","overlay-type":"","overlay-color":"","overlay-opacity":"","overlay-gradient":""}}},"product_cat":[83],"product_tag":[],"class_list":{"0":"post-5617","1":"product","2":"type-product","3":"status-publish","4":"has-post-thumbnail","6":"product_cat-feedback-suppressor","7":"desktop-align-left","8":"tablet-align-left","9":"mobile-align-left","11":"first","12":"instock","13":"shipping-taxable","14":"product-type-simple"},"yoast_head":"<!-- This site is optimized with the Yoast SEO plugin v24.9 - https:\/\/yoast.com\/wordpress\/plugins\/seo\/ -->\n<title>Model: RK-MIX8 - LED Solution Provider | OEM&amp;ODM | 15+ Years<\/title>\n<meta name=\"robots\" content=\"index, follow, max-snippet:-1, max-image-preview:large, max-video-preview:-1\" \/>\n<link rel=\"canonical\" href=\"https:\/\/www.rkmega.com\/pt\/produto\/rk-mix8\/\" \/>\n<meta property=\"og:locale\" content=\"pt_BR\" \/>\n<meta property=\"og:type\" content=\"article\" \/>\n<meta property=\"og:title\" content=\"Model: RK-MIX8 - LED Solution Provider | OEM&amp;ODM | 15+ Years\" \/>\n<meta property=\"og:description\" content=\"Automatically adjusts to accommodate rapid startup of noiseless microphone selection that adapts to changes in indoor background noise. Each channel allows for adjustment of low-frequency roll-off and high-frequency tilt equalization. Features a peak response output limiter with adjustable threshold and LED indicator lights. The system can be cascaded to connect up to 512 microphones.\" \/>\n<meta property=\"og:url\" content=\"https:\/\/www.rkmega.com\/pt\/produto\/rk-mix8\/\" \/>\n<meta property=\"og:site_name\" content=\"LED Solution Provider | OEM&amp;ODM | 15+ Years\" \/>\n<meta property=\"article:modified_time\" content=\"2025-04-23T10:10:20+00:00\" \/>\n<meta property=\"og:image\" content=\"https:\/\/www.rkmega.com\/wp-content\/uploads\/2024\/12\/Automatic-Intelligent-MixerRK-MIX8-.jpg\" \/>\n\t<meta property=\"og:image:width\" content=\"1600\" \/>\n\t<meta property=\"og:image:height\" content=\"1200\" \/>\n\t<meta property=\"og:image:type\" content=\"image\/jpeg\" \/>\n<meta name=\"twitter:card\" content=\"summary_large_image\" \/>\n<script type=\"application\/ld+json\" class=\"yoast-schema-graph\">{\"@context\":\"https:\/\/schema.org\",\"@graph\":[{\"@type\":\"WebPage\",\"@id\":\"https:\/\/www.rkmega.com\/product\/rk-mix8\/\",\"url\":\"https:\/\/www.rkmega.com\/product\/rk-mix8\/\",\"name\":\"Model: RK-MIX8 - LED Solution Provider | OEM&amp;ODM | 15+ Years\",\"isPartOf\":{\"@id\":\"https:\/\/www.rkmega.com\/#website\"},\"primaryImageOfPage\":{\"@id\":\"https:\/\/www.rkmega.com\/product\/rk-mix8\/#primaryimage\"},\"image\":{\"@id\":\"https:\/\/www.rkmega.com\/product\/rk-mix8\/#primaryimage\"},\"thumbnailUrl\":\"https:\/\/www.rkmega.com\/wp-content\/uploads\/2024\/12\/Automatic-Intelligent-MixerRK-MIX8-.jpg\",\"datePublished\":\"2024-12-30T07:41:19+00:00\",\"dateModified\":\"2025-04-23T10:10:20+00:00\",\"breadcrumb\":{\"@id\":\"https:\/\/www.rkmega.com\/product\/rk-mix8\/#breadcrumb\"},\"inLanguage\":\"pt-BR\",\"potentialAction\":[{\"@type\":\"ReadAction\",\"target\":[\"https:\/\/www.rkmega.com\/product\/rk-mix8\/\"]}]},{\"@type\":\"ImageObject\",\"inLanguage\":\"pt-BR\",\"@id\":\"https:\/\/www.rkmega.com\/product\/rk-mix8\/#primaryimage\",\"url\":\"https:\/\/www.rkmega.com\/wp-content\/uploads\/2024\/12\/Automatic-Intelligent-MixerRK-MIX8-.jpg\",\"contentUrl\":\"https:\/\/www.rkmega.com\/wp-content\/uploads\/2024\/12\/Automatic-Intelligent-MixerRK-MIX8-.jpg\",\"width\":1600,\"height\":1200},{\"@type\":\"BreadcrumbList\",\"@id\":\"https:\/\/www.rkmega.com\/product\/rk-mix8\/#breadcrumb\",\"itemListElement\":[{\"@type\":\"ListItem\",\"position\":1,\"name\":\"Home\",\"item\":\"https:\/\/www.rkmega.com\/\"},{\"@type\":\"ListItem\",\"position\":2,\"name\":\"Store\",\"item\":\"https:\/\/www.rkmega.com\/store\/\"},{\"@type\":\"ListItem\",\"position\":3,\"name\":\"Model: RK-MIX8\"}]},{\"@type\":\"WebSite\",\"@id\":\"https:\/\/www.rkmega.com\/#website\",\"url\":\"https:\/\/www.rkmega.com\/\",\"name\":\"LED DISPLAY\",\"description\":\"\",\"publisher\":{\"@id\":\"https:\/\/www.rkmega.com\/#organization\"},\"potentialAction\":[{\"@type\":\"SearchAction\",\"target\":{\"@type\":\"EntryPoint\",\"urlTemplate\":\"https:\/\/www.rkmega.com\/?s={search_term_string}\"},\"query-input\":{\"@type\":\"PropertyValueSpecification\",\"valueRequired\":true,\"valueName\":\"search_term_string\"}}],\"inLanguage\":\"pt-BR\"},{\"@type\":\"Organization\",\"@id\":\"https:\/\/www.rkmega.com\/#organization\",\"name\":\"RKMEGA\",\"url\":\"https:\/\/www.rkmega.com\/\",\"logo\":{\"@type\":\"ImageObject\",\"inLanguage\":\"pt-BR\",\"@id\":\"https:\/\/www.rkmega.com\/#\/schema\/logo\/image\/\",\"url\":\"https:\/\/www.rkmega.com\/wp-content\/uploads\/2024\/12\/cropped-LOGO180X60-2.png\",\"contentUrl\":\"https:\/\/www.rkmega.com\/wp-content\/uploads\/2024\/12\/cropped-LOGO180X60-2.png\",\"width\":180,\"height\":60,\"caption\":\"RKMEGA\"},\"image\":{\"@id\":\"https:\/\/www.rkmega.com\/#\/schema\/logo\/image\/\"}}]}<\/script>\n<!-- \/ Yoast SEO plugin. -->","yoast_head_json":{"title":"Model: RK-MIX8 - LED Solution Provider | OEM&amp;ODM | 15+ Years","robots":{"index":"index","follow":"follow","max-snippet":"max-snippet:-1","max-image-preview":"max-image-preview:large","max-video-preview":"max-video-preview:-1"},"canonical":"https:\/\/www.rkmega.com\/pt\/produto\/rk-mix8\/","og_locale":"pt_BR","og_type":"article","og_title":"Model: RK-MIX8 - LED Solution Provider | OEM&amp;ODM | 15+ Years","og_description":"Automatically adjusts to accommodate rapid startup of noiseless microphone selection that adapts to changes in indoor background noise. Each channel allows for adjustment of low-frequency roll-off and high-frequency tilt equalization. Features a peak response output limiter with adjustable threshold and LED indicator lights. The system can be cascaded to connect up to 512 microphones.","og_url":"https:\/\/www.rkmega.com\/pt\/produto\/rk-mix8\/","og_site_name":"LED Solution Provider | OEM&amp;ODM | 15+ Years","article_modified_time":"2025-04-23T10:10:20+00:00","og_image":[{"width":1600,"height":1200,"url":"https:\/\/www.rkmega.com\/wp-content\/uploads\/2024\/12\/Automatic-Intelligent-MixerRK-MIX8-.jpg","type":"image\/jpeg"}],"twitter_card":"summary_large_image","schema":{"@context":"https:\/\/schema.org","@graph":[{"@type":"WebPage","@id":"https:\/\/www.rkmega.com\/product\/rk-mix8\/","url":"https:\/\/www.rkmega.com\/product\/rk-mix8\/","name":"Model: RK-MIX8 - LED Solution Provider | OEM&amp;ODM | 15+ Years","isPartOf":{"@id":"https:\/\/www.rkmega.com\/#website"},"primaryImageOfPage":{"@id":"https:\/\/www.rkmega.com\/product\/rk-mix8\/#primaryimage"},"image":{"@id":"https:\/\/www.rkmega.com\/product\/rk-mix8\/#primaryimage"},"thumbnailUrl":"https:\/\/www.rkmega.com\/wp-content\/uploads\/2024\/12\/Automatic-Intelligent-MixerRK-MIX8-.jpg","datePublished":"2024-12-30T07:41:19+00:00","dateModified":"2025-04-23T10:10:20+00:00","breadcrumb":{"@id":"https:\/\/www.rkmega.com\/product\/rk-mix8\/#breadcrumb"},"inLanguage":"pt-BR","potentialAction":[{"@type":"ReadAction","target":["https:\/\/www.rkmega.com\/product\/rk-mix8\/"]}]},{"@type":"ImageObject","inLanguage":"pt-BR","@id":"https:\/\/www.rkmega.com\/product\/rk-mix8\/#primaryimage","url":"https:\/\/www.rkmega.com\/wp-content\/uploads\/2024\/12\/Automatic-Intelligent-MixerRK-MIX8-.jpg","contentUrl":"https:\/\/www.rkmega.com\/wp-content\/uploads\/2024\/12\/Automatic-Intelligent-MixerRK-MIX8-.jpg","width":1600,"height":1200},{"@type":"BreadcrumbList","@id":"https:\/\/www.rkmega.com\/product\/rk-mix8\/#breadcrumb","itemListElement":[{"@type":"ListItem","position":1,"name":"Home","item":"https:\/\/www.rkmega.com\/"},{"@type":"ListItem","position":2,"name":"Store","item":"https:\/\/www.rkmega.com\/store\/"},{"@type":"ListItem","position":3,"name":"Model: RK-MIX8"}]},{"@type":"WebSite","@id":"https:\/\/www.rkmega.com\/#website","url":"https:\/\/www.rkmega.com\/","name":"LED DISPLAY","description":"","publisher":{"@id":"https:\/\/www.rkmega.com\/#organization"},"potentialAction":[{"@type":"SearchAction","target":{"@type":"EntryPoint","urlTemplate":"https:\/\/www.rkmega.com\/?s={search_term_string}"},"query-input":{"@type":"PropertyValueSpecification","valueRequired":true,"valueName":"search_term_string"}}],"inLanguage":"pt-BR"},{"@type":"Organization","@id":"https:\/\/www.rkmega.com\/#organization","name":"RKMEGA","url":"https:\/\/www.rkmega.com\/","logo":{"@type":"ImageObject","inLanguage":"pt-BR","@id":"https:\/\/www.rkmega.com\/#\/schema\/logo\/image\/","url":"https:\/\/www.rkmega.com\/wp-content\/uploads\/2024\/12\/cropped-LOGO180X60-2.png","contentUrl":"https:\/\/www.rkmega.com\/wp-content\/uploads\/2024\/12\/cropped-LOGO180X60-2.png","width":180,"height":60,"caption":"RKMEGA"},"image":{"@id":"https:\/\/www.rkmega.com\/#\/schema\/logo\/image\/"}}]}},"_links":{"self":[{"href":"https:\/\/www.rkmega.com\/pt\/wp-json\/wp\/v2\/product\/5617","targetHints":{"allow":["GET"]}}],"collection":[{"href":"https:\/\/www.rkmega.com\/pt\/wp-json\/wp\/v2\/product"}],"about":[{"href":"https:\/\/www.rkmega.com\/pt\/wp-json\/wp\/v2\/types\/product"}],"replies":[{"embeddable":true,"href":"https:\/\/www.rkmega.com\/pt\/wp-json\/wp\/v2\/comments?post=5617"}],"version-history":[{"count":2,"href":"https:\/\/www.rkmega.com\/pt\/wp-json\/wp\/v2\/product\/5617\/revisions"}],"predecessor-version":[{"id":6279,"href":"https:\/\/www.rkmega.com\/pt\/wp-json\/wp\/v2\/product\/5617\/revisions\/6279"}],"wp:featuredmedia":[{"embeddable":true,"href":"https:\/\/www.rkmega.com\/pt\/wp-json\/wp\/v2\/media\/5618"}],"wp:attachment":[{"href":"https:\/\/www.rkmega.com\/pt\/wp-json\/wp\/v2\/media?parent=5617"}],"wp:term":[{"taxonomy":"product_cat","embeddable":true,"href":"https:\/\/www.rkmega.com\/pt\/wp-json\/wp\/v2\/product_cat?post=5617"},{"taxonomy":"product_tag","embeddable":true,"href":"https:\/\/www.rkmega.com\/pt\/wp-json\/wp\/v2\/product_tag?post=5617"}],"curies":[{"name":"wp","href":"https:\/\/api.w.org\/{rel}","templated":true}]}}