{"id":5623,"date":"2024-12-30T16:19:43","date_gmt":"2024-12-30T08:19:43","guid":{"rendered":"https:\/\/www.rkmega.com\/?post_type=product&#038;p=5623"},"modified":"2026-04-17T07:59:45","modified_gmt":"2026-04-17T05:59:45","slug":"mi-pro-series","status":"publish","type":"product","link":"https:\/\/www.rkmega.com\/pt\/produto\/mi-pro-series\/","title":{"rendered":"Modelo: S\u00e9rie Mi-Pro"},"content":{"rendered":"<p><img decoding=\"async\" src=\"https:\/\/www.lianjinled.com\/uploadfiles\/image\/20241015\/20241015180513_0518.png\" \/><\/p>\n<p><img fetchpriority=\"high\" decoding=\"async\" class=\"alignnone size-full wp-image-5626\" src=\"https:\/\/www.rkmega.com\/wp-content\/uploads\/2024\/12\/17-1-scaled.jpg\" alt=\"\" width=\"2560\" height=\"1440\" srcset=\"https:\/\/www.rkmega.com\/wp-content\/uploads\/2024\/12\/17-1-scaled.jpg 2560w, https:\/\/www.rkmega.com\/wp-content\/uploads\/2024\/12\/17-1-300x169.jpg 300w, https:\/\/www.rkmega.com\/wp-content\/uploads\/2024\/12\/17-1-1024x576.jpg 1024w, https:\/\/www.rkmega.com\/wp-content\/uploads\/2024\/12\/17-1-768x432.jpg 768w, https:\/\/www.rkmega.com\/wp-content\/uploads\/2024\/12\/17-1-1536x864.jpg 1536w, https:\/\/www.rkmega.com\/wp-content\/uploads\/2024\/12\/17-1-2048x1152.jpg 2048w, https:\/\/www.rkmega.com\/wp-content\/uploads\/2024\/12\/17-1-18x10.jpg 18w, https:\/\/www.rkmega.com\/wp-content\/uploads\/2024\/12\/17-1-600x338.jpg 600w\" sizes=\"(max-width: 2560px) 100vw, 2560px\" \/><\/p>\n<p><img decoding=\"async\" class=\"alignnone size-full wp-image-5628\" src=\"https:\/\/www.rkmega.com\/wp-content\/uploads\/2024\/12\/19-scaled.jpg\" alt=\"\" width=\"2560\" height=\"1440\" srcset=\"https:\/\/www.rkmega.com\/wp-content\/uploads\/2024\/12\/19-scaled.jpg 2560w, https:\/\/www.rkmega.com\/wp-content\/uploads\/2024\/12\/19-300x169.jpg 300w, https:\/\/www.rkmega.com\/wp-content\/uploads\/2024\/12\/19-1024x576.jpg 1024w, https:\/\/www.rkmega.com\/wp-content\/uploads\/2024\/12\/19-768x432.jpg 768w, https:\/\/www.rkmega.com\/wp-content\/uploads\/2024\/12\/19-1536x864.jpg 1536w, https:\/\/www.rkmega.com\/wp-content\/uploads\/2024\/12\/19-2048x1152.jpg 2048w, https:\/\/www.rkmega.com\/wp-content\/uploads\/2024\/12\/19-18x10.jpg 18w, https:\/\/www.rkmega.com\/wp-content\/uploads\/2024\/12\/19-600x338.jpg 600w\" sizes=\"(max-width: 2560px) 100vw, 2560px\" \/><\/p>\n<p><img decoding=\"async\" class=\"alignnone size-full wp-image-5643\" src=\"https:\/\/www.rkmega.com\/wp-content\/uploads\/2024\/12\/31-scaled.jpg\" alt=\"\" width=\"2560\" height=\"1440\" srcset=\"https:\/\/www.rkmega.com\/wp-content\/uploads\/2024\/12\/31-scaled.jpg 2560w, https:\/\/www.rkmega.com\/wp-content\/uploads\/2024\/12\/31-300x169.jpg 300w, https:\/\/www.rkmega.com\/wp-content\/uploads\/2024\/12\/31-1024x576.jpg 1024w, https:\/\/www.rkmega.com\/wp-content\/uploads\/2024\/12\/31-768x432.jpg 768w, https:\/\/www.rkmega.com\/wp-content\/uploads\/2024\/12\/31-1536x864.jpg 1536w, https:\/\/www.rkmega.com\/wp-content\/uploads\/2024\/12\/31-2048x1152.jpg 2048w, https:\/\/www.rkmega.com\/wp-content\/uploads\/2024\/12\/31-18x10.jpg 18w, https:\/\/www.rkmega.com\/wp-content\/uploads\/2024\/12\/31-600x338.jpg 600w\" sizes=\"(max-width: 2560px) 100vw, 2560px\" \/> \u00a0<img loading=\"lazy\" decoding=\"async\" class=\"alignnone size-full wp-image-5630\" src=\"https:\/\/www.rkmega.com\/wp-content\/uploads\/2024\/12\/21-scaled.jpg\" alt=\"\" width=\"2560\" height=\"1440\" srcset=\"https:\/\/www.rkmega.com\/wp-content\/uploads\/2024\/12\/21-scaled.jpg 2560w, https:\/\/www.rkmega.com\/wp-content\/uploads\/2024\/12\/21-300x169.jpg 300w, https:\/\/www.rkmega.com\/wp-content\/uploads\/2024\/12\/21-1024x576.jpg 1024w, https:\/\/www.rkmega.com\/wp-content\/uploads\/2024\/12\/21-768x432.jpg 768w, https:\/\/www.rkmega.com\/wp-content\/uploads\/2024\/12\/21-1536x864.jpg 1536w, https:\/\/www.rkmega.com\/wp-content\/uploads\/2024\/12\/21-2048x1152.jpg 2048w, https:\/\/www.rkmega.com\/wp-content\/uploads\/2024\/12\/21-18x10.jpg 18w, https:\/\/www.rkmega.com\/wp-content\/uploads\/2024\/12\/21-600x338.jpg 600w\" sizes=\"(max-width: 2560px) 100vw, 2560px\" \/> <img loading=\"lazy\" decoding=\"async\" class=\"alignnone size-full wp-image-5632\" src=\"https:\/\/www.rkmega.com\/wp-content\/uploads\/2024\/12\/22-2-scaled.jpg\" alt=\"\" width=\"2560\" height=\"1440\" srcset=\"https:\/\/www.rkmega.com\/wp-content\/uploads\/2024\/12\/22-2-scaled.jpg 2560w, https:\/\/www.rkmega.com\/wp-content\/uploads\/2024\/12\/22-2-300x169.jpg 300w, https:\/\/www.rkmega.com\/wp-content\/uploads\/2024\/12\/22-2-1024x576.jpg 1024w, https:\/\/www.rkmega.com\/wp-content\/uploads\/2024\/12\/22-2-768x432.jpg 768w, https:\/\/www.rkmega.com\/wp-content\/uploads\/2024\/12\/22-2-1536x864.jpg 1536w, https:\/\/www.rkmega.com\/wp-content\/uploads\/2024\/12\/22-2-2048x1152.jpg 2048w, https:\/\/www.rkmega.com\/wp-content\/uploads\/2024\/12\/22-2-18x10.jpg 18w, https:\/\/www.rkmega.com\/wp-content\/uploads\/2024\/12\/22-2-600x338.jpg 600w\" sizes=\"(max-width: 2560px) 100vw, 2560px\" \/> <img loading=\"lazy\" decoding=\"async\" class=\"alignnone size-full wp-image-5633\" src=\"https:\/\/www.rkmega.com\/wp-content\/uploads\/2024\/12\/23-scaled.jpg\" alt=\"\" width=\"2560\" height=\"1440\" srcset=\"https:\/\/www.rkmega.com\/wp-content\/uploads\/2024\/12\/23-scaled.jpg 2560w, https:\/\/www.rkmega.com\/wp-content\/uploads\/2024\/12\/23-300x169.jpg 300w, https:\/\/www.rkmega.com\/wp-content\/uploads\/2024\/12\/23-1024x576.jpg 1024w, https:\/\/www.rkmega.com\/wp-content\/uploads\/2024\/12\/23-768x432.jpg 768w, https:\/\/www.rkmega.com\/wp-content\/uploads\/2024\/12\/23-1536x864.jpg 1536w, https:\/\/www.rkmega.com\/wp-content\/uploads\/2024\/12\/23-2048x1152.jpg 2048w, https:\/\/www.rkmega.com\/wp-content\/uploads\/2024\/12\/23-18x10.jpg 18w, https:\/\/www.rkmega.com\/wp-content\/uploads\/2024\/12\/23-600x338.jpg 600w\" sizes=\"(max-width: 2560px) 100vw, 2560px\" \/> <img loading=\"lazy\" decoding=\"async\" class=\"alignnone size-full wp-image-5634\" src=\"https:\/\/www.rkmega.com\/wp-content\/uploads\/2024\/12\/24-scaled.jpg\" alt=\"\" width=\"2560\" height=\"1440\" srcset=\"https:\/\/www.rkmega.com\/wp-content\/uploads\/2024\/12\/24-scaled.jpg 2560w, https:\/\/www.rkmega.com\/wp-content\/uploads\/2024\/12\/24-300x169.jpg 300w, https:\/\/www.rkmega.com\/wp-content\/uploads\/2024\/12\/24-1024x576.jpg 1024w, https:\/\/www.rkmega.com\/wp-content\/uploads\/2024\/12\/24-768x432.jpg 768w, https:\/\/www.rkmega.com\/wp-content\/uploads\/2024\/12\/24-1536x864.jpg 1536w, https:\/\/www.rkmega.com\/wp-content\/uploads\/2024\/12\/24-2048x1152.jpg 2048w, https:\/\/www.rkmega.com\/wp-content\/uploads\/2024\/12\/24-18x10.jpg 18w, https:\/\/www.rkmega.com\/wp-content\/uploads\/2024\/12\/24-600x338.jpg 600w\" sizes=\"(max-width: 2560px) 100vw, 2560px\" \/> <img loading=\"lazy\" decoding=\"async\" class=\"alignnone size-full wp-image-5635\" src=\"https:\/\/www.rkmega.com\/wp-content\/uploads\/2024\/12\/25-scaled.jpg\" alt=\"\" width=\"2560\" height=\"1440\" srcset=\"https:\/\/www.rkmega.com\/wp-content\/uploads\/2024\/12\/25-scaled.jpg 2560w, https:\/\/www.rkmega.com\/wp-content\/uploads\/2024\/12\/25-300x169.jpg 300w, https:\/\/www.rkmega.com\/wp-content\/uploads\/2024\/12\/25-1024x576.jpg 1024w, https:\/\/www.rkmega.com\/wp-content\/uploads\/2024\/12\/25-768x432.jpg 768w, https:\/\/www.rkmega.com\/wp-content\/uploads\/2024\/12\/25-1536x864.jpg 1536w, https:\/\/www.rkmega.com\/wp-content\/uploads\/2024\/12\/25-2048x1152.jpg 2048w, https:\/\/www.rkmega.com\/wp-content\/uploads\/2024\/12\/25-18x10.jpg 18w, https:\/\/www.rkmega.com\/wp-content\/uploads\/2024\/12\/25-600x338.jpg 600w\" sizes=\"(max-width: 2560px) 100vw, 2560px\" \/> <img loading=\"lazy\" decoding=\"async\" class=\"alignnone size-full wp-image-5636\" src=\"https:\/\/www.rkmega.com\/wp-content\/uploads\/2024\/12\/26-scaled.jpg\" alt=\"\" width=\"2560\" height=\"1440\" srcset=\"https:\/\/www.rkmega.com\/wp-content\/uploads\/2024\/12\/26-scaled.jpg 2560w, https:\/\/www.rkmega.com\/wp-content\/uploads\/2024\/12\/26-300x169.jpg 300w, https:\/\/www.rkmega.com\/wp-content\/uploads\/2024\/12\/26-1024x576.jpg 1024w, https:\/\/www.rkmega.com\/wp-content\/uploads\/2024\/12\/26-768x432.jpg 768w, https:\/\/www.rkmega.com\/wp-content\/uploads\/2024\/12\/26-1536x864.jpg 1536w, https:\/\/www.rkmega.com\/wp-content\/uploads\/2024\/12\/26-2048x1152.jpg 2048w, https:\/\/www.rkmega.com\/wp-content\/uploads\/2024\/12\/26-18x10.jpg 18w, https:\/\/www.rkmega.com\/wp-content\/uploads\/2024\/12\/26-600x338.jpg 600w\" sizes=\"(max-width: 2560px) 100vw, 2560px\" \/><\/p>\n<p><img loading=\"lazy\" decoding=\"async\" class=\"alignnone size-full wp-image-5639\" src=\"https:\/\/www.rkmega.com\/wp-content\/uploads\/2024\/12\/27-scaled.jpg\" alt=\"\" width=\"2560\" height=\"1440\" srcset=\"https:\/\/www.rkmega.com\/wp-content\/uploads\/2024\/12\/27-scaled.jpg 2560w, https:\/\/www.rkmega.com\/wp-content\/uploads\/2024\/12\/27-300x169.jpg 300w, https:\/\/www.rkmega.com\/wp-content\/uploads\/2024\/12\/27-1024x576.jpg 1024w, https:\/\/www.rkmega.com\/wp-content\/uploads\/2024\/12\/27-768x432.jpg 768w, https:\/\/www.rkmega.com\/wp-content\/uploads\/2024\/12\/27-1536x864.jpg 1536w, https:\/\/www.rkmega.com\/wp-content\/uploads\/2024\/12\/27-2048x1152.jpg 2048w, https:\/\/www.rkmega.com\/wp-content\/uploads\/2024\/12\/27-18x10.jpg 18w, https:\/\/www.rkmega.com\/wp-content\/uploads\/2024\/12\/27-600x338.jpg 600w\" sizes=\"(max-width: 2560px) 100vw, 2560px\" \/><\/p>\n<p><img loading=\"lazy\" decoding=\"async\" class=\"alignnone size-full wp-image-5640\" src=\"https:\/\/www.rkmega.com\/wp-content\/uploads\/2024\/12\/28-scaled.jpg\" alt=\"\" width=\"2560\" height=\"1440\" srcset=\"https:\/\/www.rkmega.com\/wp-content\/uploads\/2024\/12\/28-scaled.jpg 2560w, https:\/\/www.rkmega.com\/wp-content\/uploads\/2024\/12\/28-300x169.jpg 300w, https:\/\/www.rkmega.com\/wp-content\/uploads\/2024\/12\/28-1024x576.jpg 1024w, https:\/\/www.rkmega.com\/wp-content\/uploads\/2024\/12\/28-768x432.jpg 768w, https:\/\/www.rkmega.com\/wp-content\/uploads\/2024\/12\/28-1536x864.jpg 1536w, https:\/\/www.rkmega.com\/wp-content\/uploads\/2024\/12\/28-2048x1152.jpg 2048w, https:\/\/www.rkmega.com\/wp-content\/uploads\/2024\/12\/28-18x10.jpg 18w, https:\/\/www.rkmega.com\/wp-content\/uploads\/2024\/12\/28-600x338.jpg 600w\" sizes=\"(max-width: 2560px) 100vw, 2560px\" \/><\/p>\n<p><img loading=\"lazy\" decoding=\"async\" class=\"alignnone size-full wp-image-5641\" src=\"https:\/\/www.rkmega.com\/wp-content\/uploads\/2024\/12\/29-scaled.jpg\" alt=\"\" width=\"2560\" height=\"1440\" srcset=\"https:\/\/www.rkmega.com\/wp-content\/uploads\/2024\/12\/29-scaled.jpg 2560w, https:\/\/www.rkmega.com\/wp-content\/uploads\/2024\/12\/29-300x169.jpg 300w, https:\/\/www.rkmega.com\/wp-content\/uploads\/2024\/12\/29-1024x576.jpg 1024w, https:\/\/www.rkmega.com\/wp-content\/uploads\/2024\/12\/29-768x432.jpg 768w, https:\/\/www.rkmega.com\/wp-content\/uploads\/2024\/12\/29-1536x864.jpg 1536w, https:\/\/www.rkmega.com\/wp-content\/uploads\/2024\/12\/29-2048x1152.jpg 2048w, https:\/\/www.rkmega.com\/wp-content\/uploads\/2024\/12\/29-18x10.jpg 18w, https:\/\/www.rkmega.com\/wp-content\/uploads\/2024\/12\/29-600x338.jpg 600w\" sizes=\"(max-width: 2560px) 100vw, 2560px\" \/> <img loading=\"lazy\" decoding=\"async\" class=\"alignnone size-full wp-image-5642\" src=\"https:\/\/www.rkmega.com\/wp-content\/uploads\/2024\/12\/30-scaled.jpg\" alt=\"\" width=\"2560\" height=\"1440\" srcset=\"https:\/\/www.rkmega.com\/wp-content\/uploads\/2024\/12\/30-scaled.jpg 2560w, https:\/\/www.rkmega.com\/wp-content\/uploads\/2024\/12\/30-300x169.jpg 300w, https:\/\/www.rkmega.com\/wp-content\/uploads\/2024\/12\/30-1024x576.jpg 1024w, https:\/\/www.rkmega.com\/wp-content\/uploads\/2024\/12\/30-768x432.jpg 768w, https:\/\/www.rkmega.com\/wp-content\/uploads\/2024\/12\/30-1536x864.jpg 1536w, https:\/\/www.rkmega.com\/wp-content\/uploads\/2024\/12\/30-2048x1152.jpg 2048w, https:\/\/www.rkmega.com\/wp-content\/uploads\/2024\/12\/30-18x10.jpg 18w, https:\/\/www.rkmega.com\/wp-content\/uploads\/2024\/12\/30-600x338.jpg 600w\" sizes=\"(max-width: 2560px) 100vw, 2560px\" \/><\/p>","protected":false},"excerpt":{"rendered":"<p>P0,9375 \/ P1,25 \/ P1,5625\/P1,875 \/P2,5<\/p>\n<p>Ultrafino, ultraleve, a espessura total \u00e9 de apenas 48 mm.<\/p>\n<p>Sem costura, ultra alta defini\u00e7\u00e3o, cor mais natural.<\/p>\n<p>Taxa de atualiza\u00e7\u00e3o ultra-alta de 3840 Hz, sem sombra de arrasto, aproveite a alta defini\u00e7\u00e3o.<\/p>\n<p>Caixa de alum\u00ednio fundido de alta precis\u00e3o CNC, design super silencioso sem ventilador.<\/p>","protected":false},"featured_media":5728,"comment_status":"open","ping_status":"closed","template":"","meta":{"site-sidebar-layout":"default","site-content-layout":"","ast-site-content-layout":"default","site-content-style":"default","site-sidebar-style":"default","ast-global-header-display":"","ast-banner-title-visibility":"","ast-main-header-display":"","ast-hfb-above-header-display":"","ast-hfb-below-header-display":"","ast-hfb-mobile-header-display":"","site-post-title":"","ast-breadcrumbs-content":"","ast-featured-img":"","footer-sml-layout":"","theme-transparent-header-meta":"default","adv-header-id-meta":"","stick-header-meta":"","header-above-stick-meta":"","header-main-stick-meta":"","header-below-stick-meta":"","astra-migrate-meta-layouts":"set","ast-page-background-enabled":"default","ast-page-background-meta":{"desktop":{"background-color":"","background-image":"","background-repeat":"repeat","background-position":"center center","background-size":"auto","background-attachment":"scroll","background-type":"","background-media":"","overlay-type":"","overlay-color":"","overlay-opacity":"","overlay-gradient":""},"tablet":{"background-color":"","background-image":"","background-repeat":"repeat","background-position":"center center","background-size":"auto","background-attachment":"scroll","background-type":"","background-media":"","overlay-type":"","overlay-color":"","overlay-opacity":"","overlay-gradient":""},"mobile":{"background-color":"","background-image":"","background-repeat":"repeat","background-position":"center center","background-size":"auto","background-attachment":"scroll","background-type":"","background-media":"","overlay-type":"","overlay-color":"","overlay-opacity":"","overlay-gradient":""}},"ast-content-background-meta":{"desktop":{"background-color":"var(--ast-global-color-5)","background-image":"","background-repeat":"repeat","background-position":"center center","background-size":"auto","background-attachment":"scroll","background-type":"","background-media":"","overlay-type":"","overlay-color":"","overlay-opacity":"","overlay-gradient":""},"tablet":{"background-color":"var(--ast-global-color-5)","background-image":"","background-repeat":"repeat","background-position":"center center","background-size":"auto","background-attachment":"scroll","background-type":"","background-media":"","overlay-type":"","overlay-color":"","overlay-opacity":"","overlay-gradient":""},"mobile":{"background-color":"var(--ast-global-color-5)","background-image":"","background-repeat":"repeat","background-position":"center center","background-size":"auto","background-attachment":"scroll","background-type":"","background-media":"","overlay-type":"","overlay-color":"","overlay-opacity":"","overlay-gradient":""}}},"product_cat":[90],"product_tag":[],"class_list":{"0":"post-5623","1":"product","2":"type-product","3":"status-publish","4":"has-post-thumbnail","6":"product_cat-mi-pro-series","7":"desktop-align-left","8":"tablet-align-left","9":"mobile-align-left","11":"first","12":"instock","13":"shipping-taxable","14":"product-type-simple"},"yoast_head":"<!-- This site is optimized with the Yoast SEO plugin v24.9 - https:\/\/yoast.com\/wordpress\/plugins\/seo\/ -->\n<title>Model: Mi-Pro Series - LED Solution Provider | OEM&amp;ODM | 15+ Years<\/title>\n<meta name=\"robots\" content=\"index, follow, max-snippet:-1, max-image-preview:large, max-video-preview:-1\" \/>\n<link rel=\"canonical\" href=\"https:\/\/www.rkmega.com\/pt\/produto\/mi-pro-series\/\" \/>\n<meta property=\"og:locale\" content=\"pt_BR\" \/>\n<meta property=\"og:type\" content=\"article\" \/>\n<meta property=\"og:title\" content=\"Model: Mi-Pro Series - LED Solution Provider | OEM&amp;ODM | 15+ Years\" \/>\n<meta property=\"og:description\" content=\"P0.9375 \/ P1.25 \/ P1.5625\/P1.875 \/P2.5  \u25b6 Ultra thin, ultra light, the overall thickness is only 48mm.  \u25b6 No seam, ultra high definition, more natural color.  \u25b6 3840hz ultra high refresh rate, no drag shadow, enjoy HD.  \u25b6 CNC high-precision die-casting aluminum box, super quiet fan free design.\" \/>\n<meta property=\"og:url\" content=\"https:\/\/www.rkmega.com\/pt\/produto\/mi-pro-series\/\" \/>\n<meta property=\"og:site_name\" content=\"LED Solution Provider | OEM&amp;ODM | 15+ Years\" \/>\n<meta property=\"article:modified_time\" content=\"2026-04-17T05:59:45+00:00\" \/>\n<meta property=\"og:image\" content=\"https:\/\/www.rkmega.com\/wp-content\/uploads\/2024\/12\/Mi-Pro-Series.jpg\" \/>\n\t<meta property=\"og:image:width\" content=\"1600\" \/>\n\t<meta property=\"og:image:height\" content=\"1200\" \/>\n\t<meta property=\"og:image:type\" content=\"image\/jpeg\" \/>\n<meta name=\"twitter:card\" content=\"summary_large_image\" \/>\n<script type=\"application\/ld+json\" class=\"yoast-schema-graph\">{\"@context\":\"https:\/\/schema.org\",\"@graph\":[{\"@type\":\"WebPage\",\"@id\":\"https:\/\/www.rkmega.com\/product\/mi-pro-series\/\",\"url\":\"https:\/\/www.rkmega.com\/product\/mi-pro-series\/\",\"name\":\"Model: Mi-Pro Series - LED Solution Provider | OEM&amp;ODM | 15+ Years\",\"isPartOf\":{\"@id\":\"https:\/\/www.rkmega.com\/#website\"},\"primaryImageOfPage\":{\"@id\":\"https:\/\/www.rkmega.com\/product\/mi-pro-series\/#primaryimage\"},\"image\":{\"@id\":\"https:\/\/www.rkmega.com\/product\/mi-pro-series\/#primaryimage\"},\"thumbnailUrl\":\"https:\/\/www.rkmega.com\/wp-content\/uploads\/2024\/12\/Mi-Pro-Series.jpg\",\"datePublished\":\"2024-12-30T08:19:43+00:00\",\"dateModified\":\"2026-04-17T05:59:45+00:00\",\"breadcrumb\":{\"@id\":\"https:\/\/www.rkmega.com\/product\/mi-pro-series\/#breadcrumb\"},\"inLanguage\":\"pt-BR\",\"potentialAction\":[{\"@type\":\"ReadAction\",\"target\":[\"https:\/\/www.rkmega.com\/product\/mi-pro-series\/\"]}]},{\"@type\":\"ImageObject\",\"inLanguage\":\"pt-BR\",\"@id\":\"https:\/\/www.rkmega.com\/product\/mi-pro-series\/#primaryimage\",\"url\":\"https:\/\/www.rkmega.com\/wp-content\/uploads\/2024\/12\/Mi-Pro-Series.jpg\",\"contentUrl\":\"https:\/\/www.rkmega.com\/wp-content\/uploads\/2024\/12\/Mi-Pro-Series.jpg\",\"width\":1600,\"height\":1200},{\"@type\":\"BreadcrumbList\",\"@id\":\"https:\/\/www.rkmega.com\/product\/mi-pro-series\/#breadcrumb\",\"itemListElement\":[{\"@type\":\"ListItem\",\"position\":1,\"name\":\"Home\",\"item\":\"https:\/\/www.rkmega.com\/\"},{\"@type\":\"ListItem\",\"position\":2,\"name\":\"Store\",\"item\":\"https:\/\/www.rkmega.com\/store\/\"},{\"@type\":\"ListItem\",\"position\":3,\"name\":\"Model: Mi-Pro Series\"}]},{\"@type\":\"WebSite\",\"@id\":\"https:\/\/www.rkmega.com\/#website\",\"url\":\"https:\/\/www.rkmega.com\/\",\"name\":\"LED DISPLAY\",\"description\":\"\",\"publisher\":{\"@id\":\"https:\/\/www.rkmega.com\/#organization\"},\"potentialAction\":[{\"@type\":\"SearchAction\",\"target\":{\"@type\":\"EntryPoint\",\"urlTemplate\":\"https:\/\/www.rkmega.com\/?s={search_term_string}\"},\"query-input\":{\"@type\":\"PropertyValueSpecification\",\"valueRequired\":true,\"valueName\":\"search_term_string\"}}],\"inLanguage\":\"pt-BR\"},{\"@type\":\"Organization\",\"@id\":\"https:\/\/www.rkmega.com\/#organization\",\"name\":\"RKMEGA\",\"url\":\"https:\/\/www.rkmega.com\/\",\"logo\":{\"@type\":\"ImageObject\",\"inLanguage\":\"pt-BR\",\"@id\":\"https:\/\/www.rkmega.com\/#\/schema\/logo\/image\/\",\"url\":\"https:\/\/www.rkmega.com\/wp-content\/uploads\/2024\/12\/cropped-LOGO180X60-2.png\",\"contentUrl\":\"https:\/\/www.rkmega.com\/wp-content\/uploads\/2024\/12\/cropped-LOGO180X60-2.png\",\"width\":180,\"height\":60,\"caption\":\"RKMEGA\"},\"image\":{\"@id\":\"https:\/\/www.rkmega.com\/#\/schema\/logo\/image\/\"}}]}<\/script>\n<!-- \/ Yoast SEO plugin. -->","yoast_head_json":{"title":"Model: Mi-Pro Series - LED Solution Provider | OEM&amp;ODM | 15+ Years","robots":{"index":"index","follow":"follow","max-snippet":"max-snippet:-1","max-image-preview":"max-image-preview:large","max-video-preview":"max-video-preview:-1"},"canonical":"https:\/\/www.rkmega.com\/pt\/produto\/mi-pro-series\/","og_locale":"pt_BR","og_type":"article","og_title":"Model: Mi-Pro Series - LED Solution Provider | OEM&amp;ODM | 15+ Years","og_description":"P0.9375 \/ P1.25 \/ P1.5625\/P1.875 \/P2.5  \u25b6 Ultra thin, ultra light, the overall thickness is only 48mm.  \u25b6 No seam, ultra high definition, more natural color.  \u25b6 3840hz ultra high refresh rate, no drag shadow, enjoy HD.  \u25b6 CNC high-precision die-casting aluminum box, super quiet fan free design.","og_url":"https:\/\/www.rkmega.com\/pt\/produto\/mi-pro-series\/","og_site_name":"LED Solution Provider | OEM&amp;ODM | 15+ Years","article_modified_time":"2026-04-17T05:59:45+00:00","og_image":[{"width":1600,"height":1200,"url":"https:\/\/www.rkmega.com\/wp-content\/uploads\/2024\/12\/Mi-Pro-Series.jpg","type":"image\/jpeg"}],"twitter_card":"summary_large_image","schema":{"@context":"https:\/\/schema.org","@graph":[{"@type":"WebPage","@id":"https:\/\/www.rkmega.com\/product\/mi-pro-series\/","url":"https:\/\/www.rkmega.com\/product\/mi-pro-series\/","name":"Model: Mi-Pro Series - LED Solution Provider | OEM&amp;ODM | 15+ Years","isPartOf":{"@id":"https:\/\/www.rkmega.com\/#website"},"primaryImageOfPage":{"@id":"https:\/\/www.rkmega.com\/product\/mi-pro-series\/#primaryimage"},"image":{"@id":"https:\/\/www.rkmega.com\/product\/mi-pro-series\/#primaryimage"},"thumbnailUrl":"https:\/\/www.rkmega.com\/wp-content\/uploads\/2024\/12\/Mi-Pro-Series.jpg","datePublished":"2024-12-30T08:19:43+00:00","dateModified":"2026-04-17T05:59:45+00:00","breadcrumb":{"@id":"https:\/\/www.rkmega.com\/product\/mi-pro-series\/#breadcrumb"},"inLanguage":"pt-BR","potentialAction":[{"@type":"ReadAction","target":["https:\/\/www.rkmega.com\/product\/mi-pro-series\/"]}]},{"@type":"ImageObject","inLanguage":"pt-BR","@id":"https:\/\/www.rkmega.com\/product\/mi-pro-series\/#primaryimage","url":"https:\/\/www.rkmega.com\/wp-content\/uploads\/2024\/12\/Mi-Pro-Series.jpg","contentUrl":"https:\/\/www.rkmega.com\/wp-content\/uploads\/2024\/12\/Mi-Pro-Series.jpg","width":1600,"height":1200},{"@type":"BreadcrumbList","@id":"https:\/\/www.rkmega.com\/product\/mi-pro-series\/#breadcrumb","itemListElement":[{"@type":"ListItem","position":1,"name":"Home","item":"https:\/\/www.rkmega.com\/"},{"@type":"ListItem","position":2,"name":"Store","item":"https:\/\/www.rkmega.com\/store\/"},{"@type":"ListItem","position":3,"name":"Model: Mi-Pro Series"}]},{"@type":"WebSite","@id":"https:\/\/www.rkmega.com\/#website","url":"https:\/\/www.rkmega.com\/","name":"LED DISPLAY","description":"","publisher":{"@id":"https:\/\/www.rkmega.com\/#organization"},"potentialAction":[{"@type":"SearchAction","target":{"@type":"EntryPoint","urlTemplate":"https:\/\/www.rkmega.com\/?s={search_term_string}"},"query-input":{"@type":"PropertyValueSpecification","valueRequired":true,"valueName":"search_term_string"}}],"inLanguage":"pt-BR"},{"@type":"Organization","@id":"https:\/\/www.rkmega.com\/#organization","name":"RKMEGA","url":"https:\/\/www.rkmega.com\/","logo":{"@type":"ImageObject","inLanguage":"pt-BR","@id":"https:\/\/www.rkmega.com\/#\/schema\/logo\/image\/","url":"https:\/\/www.rkmega.com\/wp-content\/uploads\/2024\/12\/cropped-LOGO180X60-2.png","contentUrl":"https:\/\/www.rkmega.com\/wp-content\/uploads\/2024\/12\/cropped-LOGO180X60-2.png","width":180,"height":60,"caption":"RKMEGA"},"image":{"@id":"https:\/\/www.rkmega.com\/#\/schema\/logo\/image\/"}}]}},"_links":{"self":[{"href":"https:\/\/www.rkmega.com\/pt\/wp-json\/wp\/v2\/product\/5623","targetHints":{"allow":["GET"]}}],"collection":[{"href":"https:\/\/www.rkmega.com\/pt\/wp-json\/wp\/v2\/product"}],"about":[{"href":"https:\/\/www.rkmega.com\/pt\/wp-json\/wp\/v2\/types\/product"}],"replies":[{"embeddable":true,"href":"https:\/\/www.rkmega.com\/pt\/wp-json\/wp\/v2\/comments?post=5623"}],"version-history":[{"count":5,"href":"https:\/\/www.rkmega.com\/pt\/wp-json\/wp\/v2\/product\/5623\/revisions"}],"predecessor-version":[{"id":6266,"href":"https:\/\/www.rkmega.com\/pt\/wp-json\/wp\/v2\/product\/5623\/revisions\/6266"}],"wp:featuredmedia":[{"embeddable":true,"href":"https:\/\/www.rkmega.com\/pt\/wp-json\/wp\/v2\/media\/5728"}],"wp:attachment":[{"href":"https:\/\/www.rkmega.com\/pt\/wp-json\/wp\/v2\/media?parent=5623"}],"wp:term":[{"taxonomy":"product_cat","embeddable":true,"href":"https:\/\/www.rkmega.com\/pt\/wp-json\/wp\/v2\/product_cat?post=5623"},{"taxonomy":"product_tag","embeddable":true,"href":"https:\/\/www.rkmega.com\/pt\/wp-json\/wp\/v2\/product_tag?post=5623"}],"curies":[{"name":"wp","href":"https:\/\/api.w.org\/{rel}","templated":true}]}}