{"id":5729,"date":"2024-12-31T15:39:06","date_gmt":"2024-12-31T07:39:06","guid":{"rendered":"https:\/\/www.rkmega.com\/?post_type=product&#038;p=5729"},"modified":"2025-04-23T18:02:51","modified_gmt":"2025-04-23T10:02:51","slug":"rk-ma650","status":"publish","type":"product","link":"https:\/\/www.rkmega.com\/pt\/produto\/rk-ma650\/","title":{"rendered":"Modelo: RK-MA650"},"content":{"rendered":"<table>\n<tbody>\n<tr>\n<td width=\"188\"><strong><b>Nome do par\u00e2metro<\/b><\/strong><\/td>\n<td width=\"508\"><strong><b>Valor do par\u00e2metro<\/b><\/strong><\/td>\n<\/tr>\n<tr>\n<td width=\"188\">Fonte de alimenta\u00e7\u00e3o<\/td>\n<td width=\"508\">AC100~240V 50\/60Hz<\/td>\n<\/tr>\n<tr>\n<td width=\"188\">Consumo de energia<\/td>\n<td width=\"508\">10W est\u00e1tico, at\u00e9 200W m\u00e1ximo<\/td>\n<\/tr>\n<tr>\n<td width=\"188\">Capacidade do sistema<\/td>\n<td width=\"508\">240 unidades por m\u00e1quina, expans\u00edvel at\u00e9 76.800 unidades<\/td>\n<\/tr>\n<tr>\n<td width=\"188\">Interface da unidade<\/td>\n<td width=\"508\">6 canais com conectores de 8 pinos e 2 portas de rede (ou 8 portas de rede)<\/td>\n<\/tr>\n<tr>\n<td width=\"188\">Tela de exibi\u00e7\u00e3o<\/td>\n<td width=\"508\">Tela sens\u00edvel ao toque capacitiva de 4,5 polegadas<\/td>\n<\/tr>\n<tr>\n<td width=\"188\">Menu Exibir<\/td>\n<td width=\"508\">Chin\u00eas simplificado, chin\u00eas tradicional, ingl\u00eas (selecion\u00e1vel)<\/td>\n<\/tr>\n<tr>\n<td width=\"188\">Resposta de frequ\u00eancia<\/td>\n<td width=\"508\">20Hz~20KHz<\/td>\n<\/tr>\n<tr>\n<td width=\"188\">Rela\u00e7\u00e3o sinal-ru\u00eddo<\/td>\n<td width=\"508\">&gt;96 dB<\/td>\n<\/tr>\n<tr>\n<td width=\"188\">Faixa din\u00e2mica<\/td>\n<td width=\"508\">106dB<\/td>\n<\/tr>\n<tr>\n<td width=\"188\">Distor\u00e7\u00e3o harm\u00f4nica total<\/td>\n<td width=\"508\">&lt;0,05%<\/td>\n<\/tr>\n<tr>\n<td width=\"188\">Imped\u00e2ncia de sa\u00edda<\/td>\n<td width=\"508\">47K\u03a9<\/td>\n<\/tr>\n<tr>\n<td width=\"188\">Entrada de \u00e1udio<\/td>\n<td width=\"508\">RCAx2 +20dB<\/td>\n<\/tr>\n<tr>\n<td width=\"188\">Entrada de \u00e1udio<\/td>\n<td width=\"508\">XLRx1 +10dB<\/td>\n<\/tr>\n<tr>\n<td width=\"188\">Sa\u00edda de \u00e1udio<\/td>\n<td width=\"508\">Sa\u00edda balanceada XLRx1 +10dB<\/td>\n<\/tr>\n<tr>\n<td width=\"188\">Sa\u00edda de \u00e1udio<\/td>\n<td width=\"508\">Sa\u00edda principal RCAx2 +20dB<\/td>\n<\/tr>\n<tr>\n<td width=\"188\">Sa\u00edda de \u00e1udio<\/td>\n<td width=\"508\">Sa\u00edda auxiliar RCAx2 +20dB<\/td>\n<\/tr>\n<tr>\n<td width=\"188\">Sa\u00edda de \u00e1udio<\/td>\n<td width=\"508\">Sa\u00edda TRS de 6,35 mm x1 +20dB<\/td>\n<\/tr>\n<tr>\n<td width=\"188\">Entrada de v\u00eddeo<\/td>\n<td width=\"508\">HDMIx4 expans\u00edvel<\/td>\n<\/tr>\n<tr>\n<td width=\"188\">Sa\u00edda de v\u00eddeo<\/td>\n<td width=\"508\">HDMIx1 expans\u00edvel<\/td>\n<\/tr>\n<tr>\n<td width=\"188\">Largura de banda do pixel<\/td>\n<td width=\"508\">225MHz<\/td>\n<\/tr>\n<tr>\n<td width=\"188\">Resolu\u00e7\u00e3o<\/td>\n<td width=\"508\">1920@1080 60Hz<\/td>\n<\/tr>\n<tr>\n<td width=\"188\">Largura de banda de v\u00eddeo<\/td>\n<td width=\"508\">2,25 Gbps<\/td>\n<\/tr>\n<tr>\n<td width=\"188\">Controle de v\u00eddeo<\/td>\n<td width=\"508\">Conector Phoenix RS-485 \/ RS-232<\/td>\n<\/tr>\n<tr>\n<td width=\"188\">Fun\u00e7\u00e3o de vota\u00e7\u00e3o<\/td>\n<td width=\"508\">Dependendo do modelo<\/td>\n<\/tr>\n<tr>\n<td width=\"188\">Interpreta\u00e7\u00e3o simult\u00e2nea<\/td>\n<td width=\"508\">Dependendo do modelo (at\u00e9 8\/16\/32\/64CH)<\/td>\n<\/tr>\n<tr>\n<td width=\"188\">Interface de controle<\/td>\n<td width=\"508\">RS-232<\/td>\n<\/tr>\n<tr>\n<td width=\"188\">Protocolo Dante<\/td>\n<td width=\"508\">Expans\u00edvel<\/td>\n<\/tr>\n<tr>\n<td width=\"188\">Fun\u00e7\u00e3o de grava\u00e7\u00e3o<\/td>\n<td width=\"508\">Grava\u00e7\u00e3o USB expans\u00edvel<\/td>\n<\/tr>\n<tr>\n<td width=\"188\">Backup a quente de m\u00e1quina dupla<\/td>\n<td width=\"508\">Dispon\u00edvel<\/td>\n<\/tr>\n<tr>\n<td width=\"188\">Cor<\/td>\n<td width=\"508\">Cinza escuro<\/td>\n<\/tr>\n<tr>\n<td width=\"188\">Peso l\u00edquido<\/td>\n<td width=\"508\">5,0 kg<\/td>\n<\/tr>\n<tr>\n<td width=\"188\">Dimens\u00f5es<\/td>\n<td width=\"508\">483x320x90mm<\/td>\n<\/tr>\n<tr>\n<td width=\"188\">Instala\u00e7\u00e3o<\/td>\n<td width=\"508\">Adequado para montagem em rack padr\u00e3o de 19 polegadas<\/td>\n<\/tr>\n<\/tbody>\n<\/table>","protected":false},"excerpt":{"rendered":"<p>O sistema \u00e9 equipado com uma tela de toque TFT de 4,5 polegadas, que permite a configura\u00e7\u00e3o do sistema independentemente de um computador, o que aumenta a efici\u00eancia da instala\u00e7\u00e3o e da depura\u00e7\u00e3o. Ele apresenta um painel de liga de alum\u00ednio com vidro sens\u00edvel ao toque de n\u00edvel 6 de dureza Mohs e uma interface gr\u00e1fica de usu\u00e1rio intuitiva para facilitar a opera\u00e7\u00e3o. O sistema tem uma fun\u00e7\u00e3o de hot backup de m\u00e1quina dupla, suporta a conex\u00e3o com 4 c\u00e2meras de alta defini\u00e7\u00e3o e inclui v\u00e1rios recursos de comunica\u00e7\u00e3o interna e servi\u00e7o de confer\u00eancia. Ele tem 8 sa\u00eddas de unidade, incluindo 2 interfaces de transmiss\u00e3o de rede RJ45 e 6 interfaces profissionais blindadas de 8 n\u00facleos (capazes de suportar 8 conex\u00f5es RJ45), permitindo a conex\u00e3o de at\u00e9 240 unidades; a capacidade do sistema \u00e9 de 76.800 unidades, com suporte a v\u00e1rios m\u00e9todos de conex\u00e3o, como daisy-chain, linear e em forma de T.<\/p>\n<p>O sistema oferece oito modos de reuni\u00e3o diferentes, suporta rastreamento de v\u00eddeo, tem fun\u00e7\u00f5es integradas de check-in e vota\u00e7\u00e3o e permite a configura\u00e7\u00e3o e a modifica\u00e7\u00e3o on-line das identidades das unidades. As identidades da unidade do presidente, da unidade VIP e das unidades delegadas podem ser reatribu\u00eddas e configuradas de acordo com as necessidades.<\/p>","protected":false},"featured_media":5730,"comment_status":"open","ping_status":"closed","template":"","meta":{"site-sidebar-layout":"default","site-content-layout":"","ast-site-content-layout":"default","site-content-style":"default","site-sidebar-style":"default","ast-global-header-display":"","ast-banner-title-visibility":"","ast-main-header-display":"","ast-hfb-above-header-display":"","ast-hfb-below-header-display":"","ast-hfb-mobile-header-display":"","site-post-title":"","ast-breadcrumbs-content":"","ast-featured-img":"","footer-sml-layout":"","theme-transparent-header-meta":"default","adv-header-id-meta":"","stick-header-meta":"","header-above-stick-meta":"","header-main-stick-meta":"","header-below-stick-meta":"","astra-migrate-meta-layouts":"set","ast-page-background-enabled":"default","ast-page-background-meta":{"desktop":{"background-color":"","background-image":"","background-repeat":"repeat","background-position":"center center","background-size":"auto","background-attachment":"scroll","background-type":"","background-media":"","overlay-type":"","overlay-color":"","overlay-opacity":"","overlay-gradient":""},"tablet":{"background-color":"","background-image":"","background-repeat":"repeat","background-position":"center center","background-size":"auto","background-attachment":"scroll","background-type":"","background-media":"","overlay-type":"","overlay-color":"","overlay-opacity":"","overlay-gradient":""},"mobile":{"background-color":"","background-image":"","background-repeat":"repeat","background-position":"center center","background-size":"auto","background-attachment":"scroll","background-type":"","background-media":"","overlay-type":"","overlay-color":"","overlay-opacity":"","overlay-gradient":""}},"ast-content-background-meta":{"desktop":{"background-color":"var(--ast-global-color-5)","background-image":"","background-repeat":"repeat","background-position":"center center","background-size":"auto","background-attachment":"scroll","background-type":"","background-media":"","overlay-type":"","overlay-color":"","overlay-opacity":"","overlay-gradient":""},"tablet":{"background-color":"var(--ast-global-color-5)","background-image":"","background-repeat":"repeat","background-position":"center center","background-size":"auto","background-attachment":"scroll","background-type":"","background-media":"","overlay-type":"","overlay-color":"","overlay-opacity":"","overlay-gradient":""},"mobile":{"background-color":"var(--ast-global-color-5)","background-image":"","background-repeat":"repeat","background-position":"center center","background-size":"auto","background-attachment":"scroll","background-type":"","background-media":"","overlay-type":"","overlay-color":"","overlay-opacity":"","overlay-gradient":""}}},"product_cat":[84],"product_tag":[],"class_list":{"0":"post-5729","1":"product","2":"type-product","3":"status-publish","4":"has-post-thumbnail","6":"product_cat-conference-host","7":"desktop-align-left","8":"tablet-align-left","9":"mobile-align-left","11":"first","12":"instock","13":"shipping-taxable","14":"product-type-simple"},"yoast_head":"<!-- This site is optimized with the Yoast SEO plugin v24.9 - https:\/\/yoast.com\/wordpress\/plugins\/seo\/ -->\n<title>Model: RK-MA650 - LED Solution Provider | OEM&amp;ODM | 15+ Years<\/title>\n<meta name=\"robots\" content=\"index, follow, max-snippet:-1, max-image-preview:large, max-video-preview:-1\" \/>\n<link rel=\"canonical\" href=\"https:\/\/www.rkmega.com\/pt\/produto\/rk-ma650\/\" \/>\n<meta property=\"og:locale\" content=\"pt_BR\" \/>\n<meta property=\"og:type\" content=\"article\" \/>\n<meta property=\"og:title\" content=\"Model: RK-MA650 - LED Solution Provider | OEM&amp;ODM | 15+ Years\" \/>\n<meta property=\"og:description\" content=\"The system is equipped with a 4.5-inch TFT touch screen, allowing for system configuration independent of a computer, which enhances installation and debugging efficiency. It features an aluminum alloy panel with a Mohs hardness level 6 touch glass, and an intuitive graphical user interface for easy operation. The system has a dual-machine hot backup function, supports connection to 4 high-definition cameras, and includes multiple internal communication and conference service features. It has 8 unit outputs, including 2 RJ45 network transmission interfaces and 6 professional shielded 8-core interfaces (capable of supporting 8 RJ45 connections), allowing for the connection of up to 240 units; the system capacity is 76,800 units, supporting various connection methods such as daisy-chain, linear, and T-shape.  The system offers eight different meeting modes, supports video tracking, has built-in check-in and voting functions, and allows for online configuration and modification of unit identities. The identities of the chairperson unit, VIP unit, and delegate units can be reassigned and configured according to needs.\" \/>\n<meta property=\"og:url\" content=\"https:\/\/www.rkmega.com\/pt\/produto\/rk-ma650\/\" \/>\n<meta property=\"og:site_name\" content=\"LED Solution Provider | OEM&amp;ODM | 15+ Years\" \/>\n<meta property=\"article:modified_time\" content=\"2025-04-23T10:02:51+00:00\" \/>\n<meta property=\"og:image\" content=\"https:\/\/www.rkmega.com\/wp-content\/uploads\/2024\/12\/RK-MA650-Smart-Touchscreen-Meeting-System-.jpg\" \/>\n\t<meta property=\"og:image:width\" content=\"1600\" \/>\n\t<meta property=\"og:image:height\" content=\"1200\" \/>\n\t<meta property=\"og:image:type\" content=\"image\/jpeg\" \/>\n<meta name=\"twitter:card\" content=\"summary_large_image\" \/>\n<meta name=\"twitter:label1\" content=\"Est. tempo de leitura\" \/>\n\t<meta name=\"twitter:data1\" content=\"1 minuto\" \/>\n<script type=\"application\/ld+json\" class=\"yoast-schema-graph\">{\"@context\":\"https:\/\/schema.org\",\"@graph\":[{\"@type\":\"WebPage\",\"@id\":\"https:\/\/www.rkmega.com\/product\/rk-ma650\/\",\"url\":\"https:\/\/www.rkmega.com\/product\/rk-ma650\/\",\"name\":\"Model: RK-MA650 - LED Solution Provider | OEM&amp;ODM | 15+ Years\",\"isPartOf\":{\"@id\":\"https:\/\/www.rkmega.com\/#website\"},\"primaryImageOfPage\":{\"@id\":\"https:\/\/www.rkmega.com\/product\/rk-ma650\/#primaryimage\"},\"image\":{\"@id\":\"https:\/\/www.rkmega.com\/product\/rk-ma650\/#primaryimage\"},\"thumbnailUrl\":\"https:\/\/www.rkmega.com\/wp-content\/uploads\/2024\/12\/RK-MA650-Smart-Touchscreen-Meeting-System-.jpg\",\"datePublished\":\"2024-12-31T07:39:06+00:00\",\"dateModified\":\"2025-04-23T10:02:51+00:00\",\"breadcrumb\":{\"@id\":\"https:\/\/www.rkmega.com\/product\/rk-ma650\/#breadcrumb\"},\"inLanguage\":\"pt-BR\",\"potentialAction\":[{\"@type\":\"ReadAction\",\"target\":[\"https:\/\/www.rkmega.com\/product\/rk-ma650\/\"]}]},{\"@type\":\"ImageObject\",\"inLanguage\":\"pt-BR\",\"@id\":\"https:\/\/www.rkmega.com\/product\/rk-ma650\/#primaryimage\",\"url\":\"https:\/\/www.rkmega.com\/wp-content\/uploads\/2024\/12\/RK-MA650-Smart-Touchscreen-Meeting-System-.jpg\",\"contentUrl\":\"https:\/\/www.rkmega.com\/wp-content\/uploads\/2024\/12\/RK-MA650-Smart-Touchscreen-Meeting-System-.jpg\",\"width\":1600,\"height\":1200},{\"@type\":\"BreadcrumbList\",\"@id\":\"https:\/\/www.rkmega.com\/product\/rk-ma650\/#breadcrumb\",\"itemListElement\":[{\"@type\":\"ListItem\",\"position\":1,\"name\":\"Home\",\"item\":\"https:\/\/www.rkmega.com\/\"},{\"@type\":\"ListItem\",\"position\":2,\"name\":\"Store\",\"item\":\"https:\/\/www.rkmega.com\/store\/\"},{\"@type\":\"ListItem\",\"position\":3,\"name\":\"Model: RK-MA650\"}]},{\"@type\":\"WebSite\",\"@id\":\"https:\/\/www.rkmega.com\/#website\",\"url\":\"https:\/\/www.rkmega.com\/\",\"name\":\"LED DISPLAY\",\"description\":\"\",\"publisher\":{\"@id\":\"https:\/\/www.rkmega.com\/#organization\"},\"potentialAction\":[{\"@type\":\"SearchAction\",\"target\":{\"@type\":\"EntryPoint\",\"urlTemplate\":\"https:\/\/www.rkmega.com\/?s={search_term_string}\"},\"query-input\":{\"@type\":\"PropertyValueSpecification\",\"valueRequired\":true,\"valueName\":\"search_term_string\"}}],\"inLanguage\":\"pt-BR\"},{\"@type\":\"Organization\",\"@id\":\"https:\/\/www.rkmega.com\/#organization\",\"name\":\"RKMEGA\",\"url\":\"https:\/\/www.rkmega.com\/\",\"logo\":{\"@type\":\"ImageObject\",\"inLanguage\":\"pt-BR\",\"@id\":\"https:\/\/www.rkmega.com\/#\/schema\/logo\/image\/\",\"url\":\"https:\/\/www.rkmega.com\/wp-content\/uploads\/2024\/12\/cropped-LOGO180X60-2.png\",\"contentUrl\":\"https:\/\/www.rkmega.com\/wp-content\/uploads\/2024\/12\/cropped-LOGO180X60-2.png\",\"width\":180,\"height\":60,\"caption\":\"RKMEGA\"},\"image\":{\"@id\":\"https:\/\/www.rkmega.com\/#\/schema\/logo\/image\/\"}}]}<\/script>\n<!-- \/ Yoast SEO plugin. -->","yoast_head_json":{"title":"Model: RK-MA650 - LED Solution Provider | OEM&amp;ODM | 15+ Years","robots":{"index":"index","follow":"follow","max-snippet":"max-snippet:-1","max-image-preview":"max-image-preview:large","max-video-preview":"max-video-preview:-1"},"canonical":"https:\/\/www.rkmega.com\/pt\/produto\/rk-ma650\/","og_locale":"pt_BR","og_type":"article","og_title":"Model: RK-MA650 - LED Solution Provider | OEM&amp;ODM | 15+ Years","og_description":"The system is equipped with a 4.5-inch TFT touch screen, allowing for system configuration independent of a computer, which enhances installation and debugging efficiency. It features an aluminum alloy panel with a Mohs hardness level 6 touch glass, and an intuitive graphical user interface for easy operation. The system has a dual-machine hot backup function, supports connection to 4 high-definition cameras, and includes multiple internal communication and conference service features. It has 8 unit outputs, including 2 RJ45 network transmission interfaces and 6 professional shielded 8-core interfaces (capable of supporting 8 RJ45 connections), allowing for the connection of up to 240 units; the system capacity is 76,800 units, supporting various connection methods such as daisy-chain, linear, and T-shape.  The system offers eight different meeting modes, supports video tracking, has built-in check-in and voting functions, and allows for online configuration and modification of unit identities. The identities of the chairperson unit, VIP unit, and delegate units can be reassigned and configured according to needs.","og_url":"https:\/\/www.rkmega.com\/pt\/produto\/rk-ma650\/","og_site_name":"LED Solution Provider | OEM&amp;ODM | 15+ Years","article_modified_time":"2025-04-23T10:02:51+00:00","og_image":[{"width":1600,"height":1200,"url":"https:\/\/www.rkmega.com\/wp-content\/uploads\/2024\/12\/RK-MA650-Smart-Touchscreen-Meeting-System-.jpg","type":"image\/jpeg"}],"twitter_card":"summary_large_image","twitter_misc":{"Est. tempo de leitura":"1 minuto"},"schema":{"@context":"https:\/\/schema.org","@graph":[{"@type":"WebPage","@id":"https:\/\/www.rkmega.com\/product\/rk-ma650\/","url":"https:\/\/www.rkmega.com\/product\/rk-ma650\/","name":"Model: RK-MA650 - LED Solution Provider | OEM&amp;ODM | 15+ Years","isPartOf":{"@id":"https:\/\/www.rkmega.com\/#website"},"primaryImageOfPage":{"@id":"https:\/\/www.rkmega.com\/product\/rk-ma650\/#primaryimage"},"image":{"@id":"https:\/\/www.rkmega.com\/product\/rk-ma650\/#primaryimage"},"thumbnailUrl":"https:\/\/www.rkmega.com\/wp-content\/uploads\/2024\/12\/RK-MA650-Smart-Touchscreen-Meeting-System-.jpg","datePublished":"2024-12-31T07:39:06+00:00","dateModified":"2025-04-23T10:02:51+00:00","breadcrumb":{"@id":"https:\/\/www.rkmega.com\/product\/rk-ma650\/#breadcrumb"},"inLanguage":"pt-BR","potentialAction":[{"@type":"ReadAction","target":["https:\/\/www.rkmega.com\/product\/rk-ma650\/"]}]},{"@type":"ImageObject","inLanguage":"pt-BR","@id":"https:\/\/www.rkmega.com\/product\/rk-ma650\/#primaryimage","url":"https:\/\/www.rkmega.com\/wp-content\/uploads\/2024\/12\/RK-MA650-Smart-Touchscreen-Meeting-System-.jpg","contentUrl":"https:\/\/www.rkmega.com\/wp-content\/uploads\/2024\/12\/RK-MA650-Smart-Touchscreen-Meeting-System-.jpg","width":1600,"height":1200},{"@type":"BreadcrumbList","@id":"https:\/\/www.rkmega.com\/product\/rk-ma650\/#breadcrumb","itemListElement":[{"@type":"ListItem","position":1,"name":"Home","item":"https:\/\/www.rkmega.com\/"},{"@type":"ListItem","position":2,"name":"Store","item":"https:\/\/www.rkmega.com\/store\/"},{"@type":"ListItem","position":3,"name":"Model: RK-MA650"}]},{"@type":"WebSite","@id":"https:\/\/www.rkmega.com\/#website","url":"https:\/\/www.rkmega.com\/","name":"LED DISPLAY","description":"","publisher":{"@id":"https:\/\/www.rkmega.com\/#organization"},"potentialAction":[{"@type":"SearchAction","target":{"@type":"EntryPoint","urlTemplate":"https:\/\/www.rkmega.com\/?s={search_term_string}"},"query-input":{"@type":"PropertyValueSpecification","valueRequired":true,"valueName":"search_term_string"}}],"inLanguage":"pt-BR"},{"@type":"Organization","@id":"https:\/\/www.rkmega.com\/#organization","name":"RKMEGA","url":"https:\/\/www.rkmega.com\/","logo":{"@type":"ImageObject","inLanguage":"pt-BR","@id":"https:\/\/www.rkmega.com\/#\/schema\/logo\/image\/","url":"https:\/\/www.rkmega.com\/wp-content\/uploads\/2024\/12\/cropped-LOGO180X60-2.png","contentUrl":"https:\/\/www.rkmega.com\/wp-content\/uploads\/2024\/12\/cropped-LOGO180X60-2.png","width":180,"height":60,"caption":"RKMEGA"},"image":{"@id":"https:\/\/www.rkmega.com\/#\/schema\/logo\/image\/"}}]}},"_links":{"self":[{"href":"https:\/\/www.rkmega.com\/pt\/wp-json\/wp\/v2\/product\/5729","targetHints":{"allow":["GET"]}}],"collection":[{"href":"https:\/\/www.rkmega.com\/pt\/wp-json\/wp\/v2\/product"}],"about":[{"href":"https:\/\/www.rkmega.com\/pt\/wp-json\/wp\/v2\/types\/product"}],"replies":[{"embeddable":true,"href":"https:\/\/www.rkmega.com\/pt\/wp-json\/wp\/v2\/comments?post=5729"}],"version-history":[{"count":2,"href":"https:\/\/www.rkmega.com\/pt\/wp-json\/wp\/v2\/product\/5729\/revisions"}],"predecessor-version":[{"id":6262,"href":"https:\/\/www.rkmega.com\/pt\/wp-json\/wp\/v2\/product\/5729\/revisions\/6262"}],"wp:featuredmedia":[{"embeddable":true,"href":"https:\/\/www.rkmega.com\/pt\/wp-json\/wp\/v2\/media\/5730"}],"wp:attachment":[{"href":"https:\/\/www.rkmega.com\/pt\/wp-json\/wp\/v2\/media?parent=5729"}],"wp:term":[{"taxonomy":"product_cat","embeddable":true,"href":"https:\/\/www.rkmega.com\/pt\/wp-json\/wp\/v2\/product_cat?post=5729"},{"taxonomy":"product_tag","embeddable":true,"href":"https:\/\/www.rkmega.com\/pt\/wp-json\/wp\/v2\/product_tag?post=5729"}],"curies":[{"name":"wp","href":"https:\/\/api.w.org\/{rel}","templated":true}]}}