{"id":5732,"date":"2024-12-31T15:41:36","date_gmt":"2024-12-31T07:41:36","guid":{"rendered":"https:\/\/www.rkmega.com\/?post_type=product&#038;p=5732"},"modified":"2025-04-23T18:02:35","modified_gmt":"2025-04-23T10:02:35","slug":"rk-300d","status":"publish","type":"product","link":"https:\/\/www.rkmega.com\/pt\/produto\/rk-300d\/","title":{"rendered":"Modelo: RK-300D"},"content":{"rendered":"<table>\n<tbody>\n<tr>\n<td><strong><b>Nome do par\u00e2metro<\/b><\/strong><\/td>\n<td><strong><b>Valor do par\u00e2metro<\/b><\/strong><\/td>\n<\/tr>\n<tr>\n<td>Padr\u00e3o de conformidade<\/td>\n<td>Norma internacional IEC 60065<\/td>\n<\/tr>\n<tr>\n<td>Capacidade do sistema<\/td>\n<td>20 unidades por canal, expans\u00edvel at\u00e9 76.800 unidades<\/td>\n<\/tr>\n<tr>\n<td>Tipo de microfone<\/td>\n<td>Eletreto de padr\u00e3o polar cardioide, diafragma banhado a ouro de 2*14 mm<\/td>\n<\/tr>\n<tr>\n<td>Resposta de frequ\u00eancia<\/td>\n<td>20Hz~20KHz<\/td>\n<\/tr>\n<tr>\n<td>Rela\u00e7\u00e3o sinal-ru\u00eddo<\/td>\n<td>&gt;90dB<\/td>\n<\/tr>\n<tr>\n<td>Faixa din\u00e2mica<\/td>\n<td>&gt;98dB<\/td>\n<\/tr>\n<tr>\n<td>Distor\u00e7\u00e3o harm\u00f4nica total<\/td>\n<td>&lt;0,05%<\/td>\n<\/tr>\n<tr>\n<td>Sensibilidade do microfone<\/td>\n<td>-35dB\u00b12dB<\/td>\n<\/tr>\n<tr>\n<td>Tens\u00e3o operacional<\/td>\n<td>24V CC\u00b15%<\/td>\n<\/tr>\n<tr>\n<td>Corrente operacional<\/td>\n<td>100mA\u00b15%<\/td>\n<\/tr>\n<tr>\n<td>M\u00e9todo de conex\u00e3o<\/td>\n<td>Cabe\u00e7ote tipo T, daisy-chain<\/td>\n<\/tr>\n<tr>\n<td>Conector<\/td>\n<td>Porta grande de 8 pinos (ou porta de rede)<\/td>\n<\/tr>\n<tr>\n<td>N\u00famero de unidades ativadas<\/td>\n<td>1\/2\/3\/4\/5\/6\/7\/8\/9 ou todos<\/td>\n<\/tr>\n<tr>\n<td>Fun\u00e7\u00e3o de numera\u00e7\u00e3o<\/td>\n<td>Numera\u00e7\u00e3o de ID personaliz\u00e1vel<\/td>\n<\/tr>\n<tr>\n<td>Unidade Consumo de energia<\/td>\n<td>2W<\/td>\n<\/tr>\n<tr>\n<td>Ru\u00eddo equivalente<\/td>\n<td>20dBA (SPL)<\/td>\n<\/tr>\n<tr>\n<td>N\u00edvel m\u00e1ximo de press\u00e3o sonora<\/td>\n<td>125dB (THD&lt;3%)<\/td>\n<\/tr>\n<tr>\n<td>Interface de sa\u00edda de fone de ouvido<\/td>\n<td>Conector est\u00e9reo de 3,5 mm<\/td>\n<\/tr>\n<tr>\n<td>Carga do fone de ouvido<\/td>\n<td>&gt;16\u03a9<\/td>\n<\/tr>\n<tr>\n<td>Volume do fone de ouvido<\/td>\n<td>10mW<\/td>\n<\/tr>\n<tr>\n<td>Tela<\/td>\n<td>Tela LCD sens\u00edvel ao toque de 3,5\u2033 e painel de vidro sens\u00edvel ao toque<\/td>\n<\/tr>\n<tr>\n<td>N\u00famero de unidades de assessores<\/td>\n<td>150 unidades<\/td>\n<\/tr>\n<tr>\n<td>N\u00famero de unidades VIP<\/td>\n<td>150 unidades<\/td>\n<\/tr>\n<tr>\n<td>Cor<\/td>\n<td>Preto<\/td>\n<\/tr>\n<tr>\n<td>Peso<\/td>\n<td>1,05 kg<\/td>\n<\/tr>\n<tr>\n<td>Dimens\u00f5es<\/td>\n<td>130x100x55mm (excluindo a barra do microfone)<\/td>\n<\/tr>\n<tr>\n<td>M\u00e9todo de instala\u00e7\u00e3o<\/td>\n<td>Estilo desktop<\/td>\n<\/tr>\n<\/tbody>\n<\/table>","protected":false},"excerpt":{"rendered":"<p>O pedestal do microfone \u00e9 feito de liga de zinco-alum\u00ednio e possui duas c\u00e1psulas condensadoras de alta fidelidade de 14 mm banhadas a ouro. O pedestal do microfone foi projetado com 32.500 orif\u00edcios de interfer\u00eancia sonora de alta densidade com um di\u00e2metro de 0,4 mm, proporcionando uma dist\u00e2ncia de capta\u00e7\u00e3o efetiva de 60 a 100 cm. Ele \u00e9 equipado com uma tela de toque LCD de alta defini\u00e7\u00e3o de 3,5 polegadas totalmente laminada que pode exibir logotipos da unidade, informa\u00e7\u00f5es dos participantes, tempo de fala, servi\u00e7os de confer\u00eancia, calend\u00e1rio perp\u00e9tuo e dados de vota\u00e7\u00e3o. A unidade \u00e9 \u00e0 prova d'\u00e1gua e de poeira, com um cron\u00f4metro de fala e fun\u00e7\u00e3o de fala cronometrada, suportando a exibi\u00e7\u00e3o din\u00e2mica do tempo de fala e permitindo a configura\u00e7\u00e3o de uma contagem regressiva para o tempo de fala. Ela apresenta tr\u00eas indicadores coloridos: vermelho para fala normal, verde para fala da unidade VIP e amarelo para status numerado. H\u00e1 um conector de fone de ouvido de 3,5 mm, que permite o ajuste do volume de audi\u00e7\u00e3o de acordo com as prefer\u00eancias individuais.<\/p>","protected":false},"featured_media":5733,"comment_status":"open","ping_status":"closed","template":"","meta":{"site-sidebar-layout":"default","site-content-layout":"","ast-site-content-layout":"default","site-content-style":"default","site-sidebar-style":"default","ast-global-header-display":"","ast-banner-title-visibility":"","ast-main-header-display":"","ast-hfb-above-header-display":"","ast-hfb-below-header-display":"","ast-hfb-mobile-header-display":"","site-post-title":"","ast-breadcrumbs-content":"","ast-featured-img":"","footer-sml-layout":"","theme-transparent-header-meta":"default","adv-header-id-meta":"","stick-header-meta":"","header-above-stick-meta":"","header-main-stick-meta":"","header-below-stick-meta":"","astra-migrate-meta-layouts":"set","ast-page-background-enabled":"default","ast-page-background-meta":{"desktop":{"background-color":"","background-image":"","background-repeat":"repeat","background-position":"center center","background-size":"auto","background-attachment":"scroll","background-type":"","background-media":"","overlay-type":"","overlay-color":"","overlay-opacity":"","overlay-gradient":""},"tablet":{"background-color":"","background-image":"","background-repeat":"repeat","background-position":"center center","background-size":"auto","background-attachment":"scroll","background-type":"","background-media":"","overlay-type":"","overlay-color":"","overlay-opacity":"","overlay-gradient":""},"mobile":{"background-color":"","background-image":"","background-repeat":"repeat","background-position":"center center","background-size":"auto","background-attachment":"scroll","background-type":"","background-media":"","overlay-type":"","overlay-color":"","overlay-opacity":"","overlay-gradient":""}},"ast-content-background-meta":{"desktop":{"background-color":"var(--ast-global-color-5)","background-image":"","background-repeat":"repeat","background-position":"center center","background-size":"auto","background-attachment":"scroll","background-type":"","background-media":"","overlay-type":"","overlay-color":"","overlay-opacity":"","overlay-gradient":""},"tablet":{"background-color":"var(--ast-global-color-5)","background-image":"","background-repeat":"repeat","background-position":"center center","background-size":"auto","background-attachment":"scroll","background-type":"","background-media":"","overlay-type":"","overlay-color":"","overlay-opacity":"","overlay-gradient":""},"mobile":{"background-color":"var(--ast-global-color-5)","background-image":"","background-repeat":"repeat","background-position":"center center","background-size":"auto","background-attachment":"scroll","background-type":"","background-media":"","overlay-type":"","overlay-color":"","overlay-opacity":"","overlay-gradient":""}}},"product_cat":[85],"product_tag":[],"class_list":{"0":"post-5732","1":"product","2":"type-product","3":"status-publish","4":"has-post-thumbnail","6":"product_cat-conference-unit","7":"desktop-align-left","8":"tablet-align-left","9":"mobile-align-left","11":"first","12":"instock","13":"shipping-taxable","14":"product-type-simple"},"yoast_head":"<!-- This site is optimized with the Yoast SEO plugin v24.9 - https:\/\/yoast.com\/wordpress\/plugins\/seo\/ -->\n<title>Model: RK-300D - LED Solution Provider | OEM&amp;ODM | 15+ Years<\/title>\n<meta name=\"robots\" content=\"index, follow, max-snippet:-1, max-image-preview:large, max-video-preview:-1\" \/>\n<link rel=\"canonical\" href=\"https:\/\/www.rkmega.com\/pt\/produto\/rk-300d\/\" \/>\n<meta property=\"og:locale\" content=\"pt_BR\" \/>\n<meta property=\"og:type\" content=\"article\" \/>\n<meta property=\"og:title\" content=\"Model: RK-300D - LED Solution Provider | OEM&amp;ODM | 15+ Years\" \/>\n<meta property=\"og:description\" content=\"The microphone stand is made of zinc-aluminum alloy and features two 14mm high-fidelity gold-plated condenser capsules. The microphone stand is designed with 32,500 high-density sound interference holes with a diameter of 0.4mm, providing an effective pickup distance of 60-100cm. It is equipped with a 3.5-inch high-definition LCD fully laminated touchscreen that can display unit logos, participant information, speaking time, conference services, perpetual calendar, and voting data. The unit is waterproof and dustproof, with a speaking timer and timed speaking function, supporting dynamic display of speaking time, and allowing for the setting of a countdown for speaking time. It features three color indicators: red for normal speaking, green for VIP unit speaking, and yellow for numbered status. There is one 3.5mm headphone jack, allowing for the adjustment of the listening volume to suit individual preferences.\" \/>\n<meta property=\"og:url\" content=\"https:\/\/www.rkmega.com\/pt\/produto\/rk-300d\/\" \/>\n<meta property=\"og:site_name\" content=\"LED Solution Provider | OEM&amp;ODM | 15+ Years\" \/>\n<meta property=\"article:modified_time\" content=\"2025-04-23T10:02:35+00:00\" \/>\n<meta property=\"og:image\" content=\"https:\/\/www.rkmega.com\/wp-content\/uploads\/2024\/12\/Dual-Capsule-Touchscreen-Unit-RK-300D-.jpg\" \/>\n\t<meta property=\"og:image:width\" content=\"1600\" \/>\n\t<meta property=\"og:image:height\" content=\"1200\" \/>\n\t<meta property=\"og:image:type\" content=\"image\/jpeg\" \/>\n<meta name=\"twitter:card\" content=\"summary_large_image\" \/>\n<meta name=\"twitter:label1\" content=\"Est. tempo de leitura\" \/>\n\t<meta name=\"twitter:data1\" content=\"1 minuto\" \/>\n<script type=\"application\/ld+json\" class=\"yoast-schema-graph\">{\"@context\":\"https:\/\/schema.org\",\"@graph\":[{\"@type\":\"WebPage\",\"@id\":\"https:\/\/www.rkmega.com\/product\/rk-300d\/\",\"url\":\"https:\/\/www.rkmega.com\/product\/rk-300d\/\",\"name\":\"Model: RK-300D - LED Solution Provider | OEM&amp;ODM | 15+ Years\",\"isPartOf\":{\"@id\":\"https:\/\/www.rkmega.com\/#website\"},\"primaryImageOfPage\":{\"@id\":\"https:\/\/www.rkmega.com\/product\/rk-300d\/#primaryimage\"},\"image\":{\"@id\":\"https:\/\/www.rkmega.com\/product\/rk-300d\/#primaryimage\"},\"thumbnailUrl\":\"https:\/\/www.rkmega.com\/wp-content\/uploads\/2024\/12\/Dual-Capsule-Touchscreen-Unit-RK-300D-.jpg\",\"datePublished\":\"2024-12-31T07:41:36+00:00\",\"dateModified\":\"2025-04-23T10:02:35+00:00\",\"breadcrumb\":{\"@id\":\"https:\/\/www.rkmega.com\/product\/rk-300d\/#breadcrumb\"},\"inLanguage\":\"pt-BR\",\"potentialAction\":[{\"@type\":\"ReadAction\",\"target\":[\"https:\/\/www.rkmega.com\/product\/rk-300d\/\"]}]},{\"@type\":\"ImageObject\",\"inLanguage\":\"pt-BR\",\"@id\":\"https:\/\/www.rkmega.com\/product\/rk-300d\/#primaryimage\",\"url\":\"https:\/\/www.rkmega.com\/wp-content\/uploads\/2024\/12\/Dual-Capsule-Touchscreen-Unit-RK-300D-.jpg\",\"contentUrl\":\"https:\/\/www.rkmega.com\/wp-content\/uploads\/2024\/12\/Dual-Capsule-Touchscreen-Unit-RK-300D-.jpg\",\"width\":1600,\"height\":1200},{\"@type\":\"BreadcrumbList\",\"@id\":\"https:\/\/www.rkmega.com\/product\/rk-300d\/#breadcrumb\",\"itemListElement\":[{\"@type\":\"ListItem\",\"position\":1,\"name\":\"Home\",\"item\":\"https:\/\/www.rkmega.com\/\"},{\"@type\":\"ListItem\",\"position\":2,\"name\":\"Store\",\"item\":\"https:\/\/www.rkmega.com\/store\/\"},{\"@type\":\"ListItem\",\"position\":3,\"name\":\"Model: RK-300D\"}]},{\"@type\":\"WebSite\",\"@id\":\"https:\/\/www.rkmega.com\/#website\",\"url\":\"https:\/\/www.rkmega.com\/\",\"name\":\"LED DISPLAY\",\"description\":\"\",\"publisher\":{\"@id\":\"https:\/\/www.rkmega.com\/#organization\"},\"potentialAction\":[{\"@type\":\"SearchAction\",\"target\":{\"@type\":\"EntryPoint\",\"urlTemplate\":\"https:\/\/www.rkmega.com\/?s={search_term_string}\"},\"query-input\":{\"@type\":\"PropertyValueSpecification\",\"valueRequired\":true,\"valueName\":\"search_term_string\"}}],\"inLanguage\":\"pt-BR\"},{\"@type\":\"Organization\",\"@id\":\"https:\/\/www.rkmega.com\/#organization\",\"name\":\"RKMEGA\",\"url\":\"https:\/\/www.rkmega.com\/\",\"logo\":{\"@type\":\"ImageObject\",\"inLanguage\":\"pt-BR\",\"@id\":\"https:\/\/www.rkmega.com\/#\/schema\/logo\/image\/\",\"url\":\"https:\/\/www.rkmega.com\/wp-content\/uploads\/2024\/12\/cropped-LOGO180X60-2.png\",\"contentUrl\":\"https:\/\/www.rkmega.com\/wp-content\/uploads\/2024\/12\/cropped-LOGO180X60-2.png\",\"width\":180,\"height\":60,\"caption\":\"RKMEGA\"},\"image\":{\"@id\":\"https:\/\/www.rkmega.com\/#\/schema\/logo\/image\/\"}}]}<\/script>\n<!-- \/ Yoast SEO plugin. -->","yoast_head_json":{"title":"Model: RK-300D - LED Solution Provider | OEM&amp;ODM | 15+ Years","robots":{"index":"index","follow":"follow","max-snippet":"max-snippet:-1","max-image-preview":"max-image-preview:large","max-video-preview":"max-video-preview:-1"},"canonical":"https:\/\/www.rkmega.com\/pt\/produto\/rk-300d\/","og_locale":"pt_BR","og_type":"article","og_title":"Model: RK-300D - LED Solution Provider | OEM&amp;ODM | 15+ Years","og_description":"The microphone stand is made of zinc-aluminum alloy and features two 14mm high-fidelity gold-plated condenser capsules. The microphone stand is designed with 32,500 high-density sound interference holes with a diameter of 0.4mm, providing an effective pickup distance of 60-100cm. It is equipped with a 3.5-inch high-definition LCD fully laminated touchscreen that can display unit logos, participant information, speaking time, conference services, perpetual calendar, and voting data. The unit is waterproof and dustproof, with a speaking timer and timed speaking function, supporting dynamic display of speaking time, and allowing for the setting of a countdown for speaking time. It features three color indicators: red for normal speaking, green for VIP unit speaking, and yellow for numbered status. There is one 3.5mm headphone jack, allowing for the adjustment of the listening volume to suit individual preferences.","og_url":"https:\/\/www.rkmega.com\/pt\/produto\/rk-300d\/","og_site_name":"LED Solution Provider | OEM&amp;ODM | 15+ Years","article_modified_time":"2025-04-23T10:02:35+00:00","og_image":[{"width":1600,"height":1200,"url":"https:\/\/www.rkmega.com\/wp-content\/uploads\/2024\/12\/Dual-Capsule-Touchscreen-Unit-RK-300D-.jpg","type":"image\/jpeg"}],"twitter_card":"summary_large_image","twitter_misc":{"Est. tempo de leitura":"1 minuto"},"schema":{"@context":"https:\/\/schema.org","@graph":[{"@type":"WebPage","@id":"https:\/\/www.rkmega.com\/product\/rk-300d\/","url":"https:\/\/www.rkmega.com\/product\/rk-300d\/","name":"Model: RK-300D - LED Solution Provider | OEM&amp;ODM | 15+ Years","isPartOf":{"@id":"https:\/\/www.rkmega.com\/#website"},"primaryImageOfPage":{"@id":"https:\/\/www.rkmega.com\/product\/rk-300d\/#primaryimage"},"image":{"@id":"https:\/\/www.rkmega.com\/product\/rk-300d\/#primaryimage"},"thumbnailUrl":"https:\/\/www.rkmega.com\/wp-content\/uploads\/2024\/12\/Dual-Capsule-Touchscreen-Unit-RK-300D-.jpg","datePublished":"2024-12-31T07:41:36+00:00","dateModified":"2025-04-23T10:02:35+00:00","breadcrumb":{"@id":"https:\/\/www.rkmega.com\/product\/rk-300d\/#breadcrumb"},"inLanguage":"pt-BR","potentialAction":[{"@type":"ReadAction","target":["https:\/\/www.rkmega.com\/product\/rk-300d\/"]}]},{"@type":"ImageObject","inLanguage":"pt-BR","@id":"https:\/\/www.rkmega.com\/product\/rk-300d\/#primaryimage","url":"https:\/\/www.rkmega.com\/wp-content\/uploads\/2024\/12\/Dual-Capsule-Touchscreen-Unit-RK-300D-.jpg","contentUrl":"https:\/\/www.rkmega.com\/wp-content\/uploads\/2024\/12\/Dual-Capsule-Touchscreen-Unit-RK-300D-.jpg","width":1600,"height":1200},{"@type":"BreadcrumbList","@id":"https:\/\/www.rkmega.com\/product\/rk-300d\/#breadcrumb","itemListElement":[{"@type":"ListItem","position":1,"name":"Home","item":"https:\/\/www.rkmega.com\/"},{"@type":"ListItem","position":2,"name":"Store","item":"https:\/\/www.rkmega.com\/store\/"},{"@type":"ListItem","position":3,"name":"Model: RK-300D"}]},{"@type":"WebSite","@id":"https:\/\/www.rkmega.com\/#website","url":"https:\/\/www.rkmega.com\/","name":"LED DISPLAY","description":"","publisher":{"@id":"https:\/\/www.rkmega.com\/#organization"},"potentialAction":[{"@type":"SearchAction","target":{"@type":"EntryPoint","urlTemplate":"https:\/\/www.rkmega.com\/?s={search_term_string}"},"query-input":{"@type":"PropertyValueSpecification","valueRequired":true,"valueName":"search_term_string"}}],"inLanguage":"pt-BR"},{"@type":"Organization","@id":"https:\/\/www.rkmega.com\/#organization","name":"RKMEGA","url":"https:\/\/www.rkmega.com\/","logo":{"@type":"ImageObject","inLanguage":"pt-BR","@id":"https:\/\/www.rkmega.com\/#\/schema\/logo\/image\/","url":"https:\/\/www.rkmega.com\/wp-content\/uploads\/2024\/12\/cropped-LOGO180X60-2.png","contentUrl":"https:\/\/www.rkmega.com\/wp-content\/uploads\/2024\/12\/cropped-LOGO180X60-2.png","width":180,"height":60,"caption":"RKMEGA"},"image":{"@id":"https:\/\/www.rkmega.com\/#\/schema\/logo\/image\/"}}]}},"_links":{"self":[{"href":"https:\/\/www.rkmega.com\/pt\/wp-json\/wp\/v2\/product\/5732","targetHints":{"allow":["GET"]}}],"collection":[{"href":"https:\/\/www.rkmega.com\/pt\/wp-json\/wp\/v2\/product"}],"about":[{"href":"https:\/\/www.rkmega.com\/pt\/wp-json\/wp\/v2\/types\/product"}],"replies":[{"embeddable":true,"href":"https:\/\/www.rkmega.com\/pt\/wp-json\/wp\/v2\/comments?post=5732"}],"version-history":[{"count":2,"href":"https:\/\/www.rkmega.com\/pt\/wp-json\/wp\/v2\/product\/5732\/revisions"}],"predecessor-version":[{"id":6261,"href":"https:\/\/www.rkmega.com\/pt\/wp-json\/wp\/v2\/product\/5732\/revisions\/6261"}],"wp:featuredmedia":[{"embeddable":true,"href":"https:\/\/www.rkmega.com\/pt\/wp-json\/wp\/v2\/media\/5733"}],"wp:attachment":[{"href":"https:\/\/www.rkmega.com\/pt\/wp-json\/wp\/v2\/media?parent=5732"}],"wp:term":[{"taxonomy":"product_cat","embeddable":true,"href":"https:\/\/www.rkmega.com\/pt\/wp-json\/wp\/v2\/product_cat?post=5732"},{"taxonomy":"product_tag","embeddable":true,"href":"https:\/\/www.rkmega.com\/pt\/wp-json\/wp\/v2\/product_tag?post=5732"}],"curies":[{"name":"wp","href":"https:\/\/api.w.org\/{rel}","templated":true}]}}