{"id":5738,"date":"2024-12-31T15:45:07","date_gmt":"2024-12-31T07:45:07","guid":{"rendered":"https:\/\/www.rkmega.com\/?post_type=product&#038;p=5738"},"modified":"2025-04-23T18:01:58","modified_gmt":"2025-04-23T10:01:58","slug":"rk-m240","status":"publish","type":"product","link":"https:\/\/www.rkmega.com\/pt\/produto\/rk-m240\/","title":{"rendered":"Modelo: RK-M240"},"content":{"rendered":"<table>\n<tbody>\n<tr>\n<td><strong><b>Nome do par\u00e2metro<\/b><\/strong><\/td>\n<td><strong><b>Valor do par\u00e2metro<\/b><\/strong><\/td>\n<\/tr>\n<tr>\n<td>M\u00e9todo de comunica\u00e7\u00e3o<\/td>\n<td>Sem fio<\/td>\n<\/tr>\n<tr>\n<td>N\u00famero de canais<\/td>\n<td>4 canais<\/td>\n<\/tr>\n<tr>\n<td>Frequ\u00eancia da portadora<\/td>\n<td>2.4GHz (2400-2483MHz)<\/td>\n<\/tr>\n<tr>\n<td>M\u00e9todo Spread Spectrum<\/td>\n<td>Espectro de propaga\u00e7\u00e3o de salto de frequ\u00eancia adapt\u00e1vel, 1.000 saltos por segundo<\/td>\n<\/tr>\n<tr>\n<td>Pot\u00eancia de transmiss\u00e3o<\/td>\n<td>&lt;20dBm<\/td>\n<\/tr>\n<tr>\n<td>Sensibilidade de recep\u00e7\u00e3o<\/td>\n<td>-83dBm<\/td>\n<\/tr>\n<tr>\n<td>Rela\u00e7\u00e3o sinal-ru\u00eddo<\/td>\n<td>95dB<\/td>\n<\/tr>\n<tr>\n<td>Resposta de frequ\u00eancia<\/td>\n<td>50Hz-15kHz<\/td>\n<\/tr>\n<tr>\n<td>Consumo de energia<\/td>\n<td>7W<\/td>\n<\/tr>\n<tr>\n<td>Temperatura operacional<\/td>\n<td>0-40\u2103<\/td>\n<\/tr>\n<tr>\n<td>Fonte de alimenta\u00e7\u00e3o<\/td>\n<td>AC110~220V, 50~60Hz<\/td>\n<\/tr>\n<tr>\n<td>Dimens\u00f5es LxPxA<\/td>\n<td>484 mm x 377 mm x 85 mm<\/td>\n<\/tr>\n<tr>\n<td>Peso<\/td>\n<td>4,45 kg<\/td>\n<\/tr>\n<\/tbody>\n<\/table>","protected":false},"excerpt":{"rendered":"<p>A tecnologia de transmiss\u00e3o sem fio com salto de frequ\u00eancia de criptografia digital garante boa confidencialidade do conte\u00fado da fala, alta fidelidade e uma alta rela\u00e7\u00e3o sinal-ru\u00eddo. O uso de uma nova e exclusiva c\u00e1psula de microfone condensador de alta sensibilidade e dire\u00e7\u00e3o \u00fanica anti-choque torna o som da confer\u00eancia quase perfeito. Ele opera na banda ISM 2.4G dispon\u00edvel globalmente (2400-2483MHz), permitindo a livre movimenta\u00e7\u00e3o dentro da \u00e1rea de cobertura do sinal. O algoritmo de comunica\u00e7\u00e3o de dados desenvolvido de forma independente garante que a velocidade de resposta do sistema dentro da faixa de sinal n\u00e3o seja afetada pelo n\u00famero de unidades participantes. Os usu\u00e1rios podem adicionar ou remover unidades participantes de forma flex\u00edvel, com um m\u00e1ximo de 250 unidades de microfone dispon\u00edveis, incluindo um n\u00famero de unidades de presidente que n\u00e3o exceda 250. Ele apresenta v\u00e1rios modos de fala em reuni\u00f5es, como round-robin 1-2-3, 1-2-3 restrito e modos exclusivos do presidente. A unidade de controle principal pode ser conectada a uma unidade de controle de v\u00eddeo externa para obter o rastreamento de v\u00eddeo das unidades participantes na sala de confer\u00eancia.<\/p>","protected":false},"featured_media":5739,"comment_status":"open","ping_status":"closed","template":"","meta":{"site-sidebar-layout":"default","site-content-layout":"","ast-site-content-layout":"default","site-content-style":"default","site-sidebar-style":"default","ast-global-header-display":"","ast-banner-title-visibility":"","ast-main-header-display":"","ast-hfb-above-header-display":"","ast-hfb-below-header-display":"","ast-hfb-mobile-header-display":"","site-post-title":"","ast-breadcrumbs-content":"","ast-featured-img":"","footer-sml-layout":"","theme-transparent-header-meta":"default","adv-header-id-meta":"","stick-header-meta":"","header-above-stick-meta":"","header-main-stick-meta":"","header-below-stick-meta":"","astra-migrate-meta-layouts":"set","ast-page-background-enabled":"default","ast-page-background-meta":{"desktop":{"background-color":"","background-image":"","background-repeat":"repeat","background-position":"center center","background-size":"auto","background-attachment":"scroll","background-type":"","background-media":"","overlay-type":"","overlay-color":"","overlay-opacity":"","overlay-gradient":""},"tablet":{"background-color":"","background-image":"","background-repeat":"repeat","background-position":"center center","background-size":"auto","background-attachment":"scroll","background-type":"","background-media":"","overlay-type":"","overlay-color":"","overlay-opacity":"","overlay-gradient":""},"mobile":{"background-color":"","background-image":"","background-repeat":"repeat","background-position":"center center","background-size":"auto","background-attachment":"scroll","background-type":"","background-media":"","overlay-type":"","overlay-color":"","overlay-opacity":"","overlay-gradient":""}},"ast-content-background-meta":{"desktop":{"background-color":"var(--ast-global-color-5)","background-image":"","background-repeat":"repeat","background-position":"center center","background-size":"auto","background-attachment":"scroll","background-type":"","background-media":"","overlay-type":"","overlay-color":"","overlay-opacity":"","overlay-gradient":""},"tablet":{"background-color":"var(--ast-global-color-5)","background-image":"","background-repeat":"repeat","background-position":"center center","background-size":"auto","background-attachment":"scroll","background-type":"","background-media":"","overlay-type":"","overlay-color":"","overlay-opacity":"","overlay-gradient":""},"mobile":{"background-color":"var(--ast-global-color-5)","background-image":"","background-repeat":"repeat","background-position":"center center","background-size":"auto","background-attachment":"scroll","background-type":"","background-media":"","overlay-type":"","overlay-color":"","overlay-opacity":"","overlay-gradient":""}}},"product_cat":[84],"product_tag":[],"class_list":{"0":"post-5738","1":"product","2":"type-product","3":"status-publish","4":"has-post-thumbnail","6":"product_cat-conference-host","7":"desktop-align-left","8":"tablet-align-left","9":"mobile-align-left","11":"first","12":"instock","13":"shipping-taxable","14":"product-type-simple"},"yoast_head":"<!-- This site is optimized with the Yoast SEO plugin v24.9 - https:\/\/yoast.com\/wordpress\/plugins\/seo\/ -->\n<title>Model: RK-M240 - LED Solution Provider | OEM&amp;ODM | 15+ Years<\/title>\n<meta name=\"robots\" content=\"index, follow, max-snippet:-1, max-image-preview:large, max-video-preview:-1\" \/>\n<link rel=\"canonical\" href=\"https:\/\/www.rkmega.com\/pt\/produto\/rk-m240\/\" \/>\n<meta property=\"og:locale\" content=\"pt_BR\" \/>\n<meta property=\"og:type\" content=\"article\" \/>\n<meta property=\"og:title\" content=\"Model: RK-M240 - LED Solution Provider | OEM&amp;ODM | 15+ Years\" \/>\n<meta property=\"og:description\" content=\"Digital encryption frequency-hopping wireless transmission technology ensures good confidentiality of the speaking content, high fidelity, and a high signal-to-noise ratio. The use of a unique new anti-howling single-direction high-sensitivity condenser microphone capsule makes the conference sound nearly perfect. It operates on the globally available 2.4G ISM band (2400-2483MHz), allowing for free movement within the signal coverage area. The independently developed data communication algorithm ensures that the system response speed within the signal range is not affected by the number of participating units. Users can flexibly add or remove participating units, with a maximum of 250 microphone units available, including a number of chairperson units not exceeding 250. It features various meeting speaking modes such as round-robin 1-2-3, restricted 1-2-3, and chairperson-exclusive modes. The main control unit can be connected to an external video control unit to achieve video tracking of the participating units in the conference room.\" \/>\n<meta property=\"og:url\" content=\"https:\/\/www.rkmega.com\/pt\/produto\/rk-m240\/\" \/>\n<meta property=\"og:site_name\" content=\"LED Solution Provider | OEM&amp;ODM | 15+ Years\" \/>\n<meta property=\"article:modified_time\" content=\"2025-04-23T10:01:58+00:00\" \/>\n<meta property=\"og:image\" content=\"https:\/\/www.rkmega.com\/wp-content\/uploads\/2024\/12\/2.4GHz-Wireless-Meeting-System-RK-M240-.jpg\" \/>\n\t<meta property=\"og:image:width\" content=\"1600\" \/>\n\t<meta property=\"og:image:height\" content=\"1200\" \/>\n\t<meta property=\"og:image:type\" content=\"image\/jpeg\" \/>\n<meta name=\"twitter:card\" content=\"summary_large_image\" \/>\n<script type=\"application\/ld+json\" class=\"yoast-schema-graph\">{\"@context\":\"https:\/\/schema.org\",\"@graph\":[{\"@type\":\"WebPage\",\"@id\":\"https:\/\/www.rkmega.com\/product\/rk-m240\/\",\"url\":\"https:\/\/www.rkmega.com\/product\/rk-m240\/\",\"name\":\"Model: RK-M240 - LED Solution Provider | OEM&amp;ODM | 15+ Years\",\"isPartOf\":{\"@id\":\"https:\/\/www.rkmega.com\/#website\"},\"primaryImageOfPage\":{\"@id\":\"https:\/\/www.rkmega.com\/product\/rk-m240\/#primaryimage\"},\"image\":{\"@id\":\"https:\/\/www.rkmega.com\/product\/rk-m240\/#primaryimage\"},\"thumbnailUrl\":\"https:\/\/www.rkmega.com\/wp-content\/uploads\/2024\/12\/2.4GHz-Wireless-Meeting-System-RK-M240-.jpg\",\"datePublished\":\"2024-12-31T07:45:07+00:00\",\"dateModified\":\"2025-04-23T10:01:58+00:00\",\"breadcrumb\":{\"@id\":\"https:\/\/www.rkmega.com\/product\/rk-m240\/#breadcrumb\"},\"inLanguage\":\"pt-BR\",\"potentialAction\":[{\"@type\":\"ReadAction\",\"target\":[\"https:\/\/www.rkmega.com\/product\/rk-m240\/\"]}]},{\"@type\":\"ImageObject\",\"inLanguage\":\"pt-BR\",\"@id\":\"https:\/\/www.rkmega.com\/product\/rk-m240\/#primaryimage\",\"url\":\"https:\/\/www.rkmega.com\/wp-content\/uploads\/2024\/12\/2.4GHz-Wireless-Meeting-System-RK-M240-.jpg\",\"contentUrl\":\"https:\/\/www.rkmega.com\/wp-content\/uploads\/2024\/12\/2.4GHz-Wireless-Meeting-System-RK-M240-.jpg\",\"width\":1600,\"height\":1200},{\"@type\":\"BreadcrumbList\",\"@id\":\"https:\/\/www.rkmega.com\/product\/rk-m240\/#breadcrumb\",\"itemListElement\":[{\"@type\":\"ListItem\",\"position\":1,\"name\":\"Home\",\"item\":\"https:\/\/www.rkmega.com\/\"},{\"@type\":\"ListItem\",\"position\":2,\"name\":\"Store\",\"item\":\"https:\/\/www.rkmega.com\/store\/\"},{\"@type\":\"ListItem\",\"position\":3,\"name\":\"Model: RK-M240\"}]},{\"@type\":\"WebSite\",\"@id\":\"https:\/\/www.rkmega.com\/#website\",\"url\":\"https:\/\/www.rkmega.com\/\",\"name\":\"LED DISPLAY\",\"description\":\"\",\"publisher\":{\"@id\":\"https:\/\/www.rkmega.com\/#organization\"},\"potentialAction\":[{\"@type\":\"SearchAction\",\"target\":{\"@type\":\"EntryPoint\",\"urlTemplate\":\"https:\/\/www.rkmega.com\/?s={search_term_string}\"},\"query-input\":{\"@type\":\"PropertyValueSpecification\",\"valueRequired\":true,\"valueName\":\"search_term_string\"}}],\"inLanguage\":\"pt-BR\"},{\"@type\":\"Organization\",\"@id\":\"https:\/\/www.rkmega.com\/#organization\",\"name\":\"RKMEGA\",\"url\":\"https:\/\/www.rkmega.com\/\",\"logo\":{\"@type\":\"ImageObject\",\"inLanguage\":\"pt-BR\",\"@id\":\"https:\/\/www.rkmega.com\/#\/schema\/logo\/image\/\",\"url\":\"https:\/\/www.rkmega.com\/wp-content\/uploads\/2024\/12\/cropped-LOGO180X60-2.png\",\"contentUrl\":\"https:\/\/www.rkmega.com\/wp-content\/uploads\/2024\/12\/cropped-LOGO180X60-2.png\",\"width\":180,\"height\":60,\"caption\":\"RKMEGA\"},\"image\":{\"@id\":\"https:\/\/www.rkmega.com\/#\/schema\/logo\/image\/\"}}]}<\/script>\n<!-- \/ Yoast SEO plugin. -->","yoast_head_json":{"title":"Model: RK-M240 - LED Solution Provider | OEM&amp;ODM | 15+ Years","robots":{"index":"index","follow":"follow","max-snippet":"max-snippet:-1","max-image-preview":"max-image-preview:large","max-video-preview":"max-video-preview:-1"},"canonical":"https:\/\/www.rkmega.com\/pt\/produto\/rk-m240\/","og_locale":"pt_BR","og_type":"article","og_title":"Model: RK-M240 - LED Solution Provider | OEM&amp;ODM | 15+ Years","og_description":"Digital encryption frequency-hopping wireless transmission technology ensures good confidentiality of the speaking content, high fidelity, and a high signal-to-noise ratio. The use of a unique new anti-howling single-direction high-sensitivity condenser microphone capsule makes the conference sound nearly perfect. It operates on the globally available 2.4G ISM band (2400-2483MHz), allowing for free movement within the signal coverage area. The independently developed data communication algorithm ensures that the system response speed within the signal range is not affected by the number of participating units. Users can flexibly add or remove participating units, with a maximum of 250 microphone units available, including a number of chairperson units not exceeding 250. It features various meeting speaking modes such as round-robin 1-2-3, restricted 1-2-3, and chairperson-exclusive modes. The main control unit can be connected to an external video control unit to achieve video tracking of the participating units in the conference room.","og_url":"https:\/\/www.rkmega.com\/pt\/produto\/rk-m240\/","og_site_name":"LED Solution Provider | OEM&amp;ODM | 15+ Years","article_modified_time":"2025-04-23T10:01:58+00:00","og_image":[{"width":1600,"height":1200,"url":"https:\/\/www.rkmega.com\/wp-content\/uploads\/2024\/12\/2.4GHz-Wireless-Meeting-System-RK-M240-.jpg","type":"image\/jpeg"}],"twitter_card":"summary_large_image","schema":{"@context":"https:\/\/schema.org","@graph":[{"@type":"WebPage","@id":"https:\/\/www.rkmega.com\/product\/rk-m240\/","url":"https:\/\/www.rkmega.com\/product\/rk-m240\/","name":"Model: RK-M240 - LED Solution Provider | OEM&amp;ODM | 15+ Years","isPartOf":{"@id":"https:\/\/www.rkmega.com\/#website"},"primaryImageOfPage":{"@id":"https:\/\/www.rkmega.com\/product\/rk-m240\/#primaryimage"},"image":{"@id":"https:\/\/www.rkmega.com\/product\/rk-m240\/#primaryimage"},"thumbnailUrl":"https:\/\/www.rkmega.com\/wp-content\/uploads\/2024\/12\/2.4GHz-Wireless-Meeting-System-RK-M240-.jpg","datePublished":"2024-12-31T07:45:07+00:00","dateModified":"2025-04-23T10:01:58+00:00","breadcrumb":{"@id":"https:\/\/www.rkmega.com\/product\/rk-m240\/#breadcrumb"},"inLanguage":"pt-BR","potentialAction":[{"@type":"ReadAction","target":["https:\/\/www.rkmega.com\/product\/rk-m240\/"]}]},{"@type":"ImageObject","inLanguage":"pt-BR","@id":"https:\/\/www.rkmega.com\/product\/rk-m240\/#primaryimage","url":"https:\/\/www.rkmega.com\/wp-content\/uploads\/2024\/12\/2.4GHz-Wireless-Meeting-System-RK-M240-.jpg","contentUrl":"https:\/\/www.rkmega.com\/wp-content\/uploads\/2024\/12\/2.4GHz-Wireless-Meeting-System-RK-M240-.jpg","width":1600,"height":1200},{"@type":"BreadcrumbList","@id":"https:\/\/www.rkmega.com\/product\/rk-m240\/#breadcrumb","itemListElement":[{"@type":"ListItem","position":1,"name":"Home","item":"https:\/\/www.rkmega.com\/"},{"@type":"ListItem","position":2,"name":"Store","item":"https:\/\/www.rkmega.com\/store\/"},{"@type":"ListItem","position":3,"name":"Model: RK-M240"}]},{"@type":"WebSite","@id":"https:\/\/www.rkmega.com\/#website","url":"https:\/\/www.rkmega.com\/","name":"LED DISPLAY","description":"","publisher":{"@id":"https:\/\/www.rkmega.com\/#organization"},"potentialAction":[{"@type":"SearchAction","target":{"@type":"EntryPoint","urlTemplate":"https:\/\/www.rkmega.com\/?s={search_term_string}"},"query-input":{"@type":"PropertyValueSpecification","valueRequired":true,"valueName":"search_term_string"}}],"inLanguage":"pt-BR"},{"@type":"Organization","@id":"https:\/\/www.rkmega.com\/#organization","name":"RKMEGA","url":"https:\/\/www.rkmega.com\/","logo":{"@type":"ImageObject","inLanguage":"pt-BR","@id":"https:\/\/www.rkmega.com\/#\/schema\/logo\/image\/","url":"https:\/\/www.rkmega.com\/wp-content\/uploads\/2024\/12\/cropped-LOGO180X60-2.png","contentUrl":"https:\/\/www.rkmega.com\/wp-content\/uploads\/2024\/12\/cropped-LOGO180X60-2.png","width":180,"height":60,"caption":"RKMEGA"},"image":{"@id":"https:\/\/www.rkmega.com\/#\/schema\/logo\/image\/"}}]}},"_links":{"self":[{"href":"https:\/\/www.rkmega.com\/pt\/wp-json\/wp\/v2\/product\/5738","targetHints":{"allow":["GET"]}}],"collection":[{"href":"https:\/\/www.rkmega.com\/pt\/wp-json\/wp\/v2\/product"}],"about":[{"href":"https:\/\/www.rkmega.com\/pt\/wp-json\/wp\/v2\/types\/product"}],"replies":[{"embeddable":true,"href":"https:\/\/www.rkmega.com\/pt\/wp-json\/wp\/v2\/comments?post=5738"}],"version-history":[{"count":2,"href":"https:\/\/www.rkmega.com\/pt\/wp-json\/wp\/v2\/product\/5738\/revisions"}],"predecessor-version":[{"id":6259,"href":"https:\/\/www.rkmega.com\/pt\/wp-json\/wp\/v2\/product\/5738\/revisions\/6259"}],"wp:featuredmedia":[{"embeddable":true,"href":"https:\/\/www.rkmega.com\/pt\/wp-json\/wp\/v2\/media\/5739"}],"wp:attachment":[{"href":"https:\/\/www.rkmega.com\/pt\/wp-json\/wp\/v2\/media?parent=5738"}],"wp:term":[{"taxonomy":"product_cat","embeddable":true,"href":"https:\/\/www.rkmega.com\/pt\/wp-json\/wp\/v2\/product_cat?post=5738"},{"taxonomy":"product_tag","embeddable":true,"href":"https:\/\/www.rkmega.com\/pt\/wp-json\/wp\/v2\/product_tag?post=5738"}],"curies":[{"name":"wp","href":"https:\/\/api.w.org\/{rel}","templated":true}]}}