{"id":5747,"date":"2024-12-31T15:51:27","date_gmt":"2024-12-31T07:51:27","guid":{"rendered":"https:\/\/www.rkmega.com\/?post_type=product&#038;p=5747"},"modified":"2025-04-23T18:01:15","modified_gmt":"2025-04-23T10:01:15","slug":"8-channel-mixing-console","status":"publish","type":"product","link":"https:\/\/www.rkmega.com\/pt\/produto\/8-channel-mixing-console\/","title":{"rendered":"Modelo: console de mixagem de 8 canais"},"content":{"rendered":"<table>\n<tbody>\n<tr>\n<td width=\"178\"><strong><b>Nome do par\u00e2metro<\/b><\/strong><\/td>\n<td width=\"401\"><strong><b>Valor do par\u00e2metro<\/b><\/strong><\/td>\n<\/tr>\n<tr>\n<td width=\"178\">N\u00edvel m\u00e1ximo de sa\u00edda<\/td>\n<td width=\"401\">19dBm (1KHz, THD=0,5%)<\/td>\n<\/tr>\n<tr>\n<td width=\"178\">Ru\u00eddo residual<\/td>\n<td width=\"401\">-75dB<\/td>\n<\/tr>\n<tr>\n<td width=\"178\">Rela\u00e7\u00e3o sinal-ru\u00eddo<\/td>\n<td width=\"401\">71dB<\/td>\n<\/tr>\n<tr>\n<td width=\"178\">Tens\u00e3o de entrada da fonte de ru\u00eddo equivalente<\/td>\n<td width=\"401\">-12dBm<\/td>\n<\/tr>\n<tr>\n<td width=\"178\">Pot\u00eancia de sa\u00edda do fone de ouvido<\/td>\n<td width=\"401\">40mW (1KHz, THD=0,5%, 200\u03a9)<\/td>\n<\/tr>\n<tr>\n<td width=\"178\">Equaliza\u00e7\u00e3o\/Frequ\u00eancia baixa:<\/td>\n<td width=\"401\">80Hz \u00b115dB<\/td>\n<\/tr>\n<tr>\n<td width=\"178\">Equaliza\u00e7\u00e3o\/Frequ\u00eancia m\u00e9dia:<\/td>\n<td width=\"401\">2,5KHz \u00b115dB<\/td>\n<\/tr>\n<tr>\n<td width=\"178\">Equaliza\u00e7\u00e3o\/Alta frequ\u00eancia:<\/td>\n<td width=\"401\">12KHz \u00b115dB<\/td>\n<\/tr>\n<tr>\n<td width=\"178\">Controle de ganho\/Mono<\/td>\n<td width=\"401\">-55dB a 0dB<\/td>\n<\/tr>\n<tr>\n<td width=\"178\">Controle de ganho\/est\u00e9reo<\/td>\n<td width=\"401\">-10dB a 0dB<\/td>\n<\/tr>\n<tr>\n<td width=\"178\">Resposta de frequ\u00eancia<\/td>\n<td width=\"401\">20Hz a 20KHz (+1dB, -3dB)<\/td>\n<\/tr>\n<tr>\n<td width=\"178\">Distor\u00e7\u00e3o harm\u00f4nica total + ru\u00eddo<\/td>\n<td width=\"401\">\u22640,05% (1KHz, 0,775V)<\/td>\n<\/tr>\n<tr>\n<td width=\"178\">Pot\u00eancia nominal<\/td>\n<td width=\"401\">25W<\/td>\n<\/tr>\n<tr>\n<td width=\"178\">Tens\u00e3o da fonte de alimenta\u00e7\u00e3o<\/td>\n<td width=\"401\">AC220V-240V\/50Hz-60Hz<\/td>\n<\/tr>\n<tr>\n<td width=\"178\">Dimens\u00f5es do dispositivo LxPxA<\/td>\n<td width=\"401\">330 mm x 400 mm x 90 mm<\/td>\n<\/tr>\n<tr>\n<td width=\"178\">Peso<\/td>\n<td width=\"401\">4,4 kg<\/td>\n<\/tr>\n<\/tbody>\n<\/table>","protected":false},"excerpt":{"rendered":"<p>O mixer de 8 canais vem com 4 canais mono e 4 entradas de microfone, al\u00e9m de 2 entradas est\u00e9reo.<\/p>\n<p>Os microfones s\u00e3o controlados por um grupo de chaves phantom 48V.<\/p>\n<p>Alimentado por uma fonte de alimenta\u00e7\u00e3o phantom de 48 V.<\/p>\n<p>As entradas mono s\u00e3o equipadas com pr\u00e9-amplificadores de microfone de alta qualidade.<\/p>\n<p>Possui 2 sa\u00eddas de grupo e 2 sa\u00eddas auxiliares.<\/p>\n<p>Processador de efeito de reverbera\u00e7\u00e3o digital profissional incorporado.<\/p>\n<p>Cada canal tem um equalizador param\u00e9trico de 3 bandas para frequ\u00eancias altas, m\u00e9dias e baixas.<\/p>\n<p>A tela de n\u00edvel do monitor est\u00e1 inclu\u00edda.<\/p>\n<p>Projetado com uma fonte de alimenta\u00e7\u00e3o externa de baixo ru\u00eddo.<\/p>\n<p>Equipado com fun\u00e7\u00f5es de entrada e sa\u00edda de grava\u00e7\u00e3o.<\/p>","protected":false},"featured_media":5748,"comment_status":"open","ping_status":"closed","template":"","meta":{"site-sidebar-layout":"default","site-content-layout":"","ast-site-content-layout":"default","site-content-style":"default","site-sidebar-style":"default","ast-global-header-display":"","ast-banner-title-visibility":"","ast-main-header-display":"","ast-hfb-above-header-display":"","ast-hfb-below-header-display":"","ast-hfb-mobile-header-display":"","site-post-title":"","ast-breadcrumbs-content":"","ast-featured-img":"","footer-sml-layout":"","theme-transparent-header-meta":"default","adv-header-id-meta":"","stick-header-meta":"","header-above-stick-meta":"","header-main-stick-meta":"","header-below-stick-meta":"","astra-migrate-meta-layouts":"set","ast-page-background-enabled":"default","ast-page-background-meta":{"desktop":{"background-color":"","background-image":"","background-repeat":"repeat","background-position":"center center","background-size":"auto","background-attachment":"scroll","background-type":"","background-media":"","overlay-type":"","overlay-color":"","overlay-opacity":"","overlay-gradient":""},"tablet":{"background-color":"","background-image":"","background-repeat":"repeat","background-position":"center center","background-size":"auto","background-attachment":"scroll","background-type":"","background-media":"","overlay-type":"","overlay-color":"","overlay-opacity":"","overlay-gradient":""},"mobile":{"background-color":"","background-image":"","background-repeat":"repeat","background-position":"center center","background-size":"auto","background-attachment":"scroll","background-type":"","background-media":"","overlay-type":"","overlay-color":"","overlay-opacity":"","overlay-gradient":""}},"ast-content-background-meta":{"desktop":{"background-color":"var(--ast-global-color-5)","background-image":"","background-repeat":"repeat","background-position":"center center","background-size":"auto","background-attachment":"scroll","background-type":"","background-media":"","overlay-type":"","overlay-color":"","overlay-opacity":"","overlay-gradient":""},"tablet":{"background-color":"var(--ast-global-color-5)","background-image":"","background-repeat":"repeat","background-position":"center center","background-size":"auto","background-attachment":"scroll","background-type":"","background-media":"","overlay-type":"","overlay-color":"","overlay-opacity":"","overlay-gradient":""},"mobile":{"background-color":"var(--ast-global-color-5)","background-image":"","background-repeat":"repeat","background-position":"center center","background-size":"auto","background-attachment":"scroll","background-type":"","background-media":"","overlay-type":"","overlay-color":"","overlay-opacity":"","overlay-gradient":""}}},"product_cat":[82],"product_tag":[],"class_list":{"0":"post-5747","1":"product","2":"type-product","3":"status-publish","4":"has-post-thumbnail","6":"product_cat-mixing-table","7":"desktop-align-left","8":"tablet-align-left","9":"mobile-align-left","11":"first","12":"instock","13":"shipping-taxable","14":"product-type-simple"},"yoast_head":"<!-- This site is optimized with the Yoast SEO plugin v24.9 - https:\/\/yoast.com\/wordpress\/plugins\/seo\/ -->\n<title>Model: 8-channel mixing console - LED Solution Provider | OEM&amp;ODM | 15+ Years<\/title>\n<meta name=\"robots\" content=\"index, follow, max-snippet:-1, max-image-preview:large, max-video-preview:-1\" \/>\n<link rel=\"canonical\" href=\"https:\/\/www.rkmega.com\/pt\/produto\/8-channel-mixing-console\/\" \/>\n<meta property=\"og:locale\" content=\"pt_BR\" \/>\n<meta property=\"og:type\" content=\"article\" \/>\n<meta property=\"og:title\" content=\"Model: 8-channel mixing console - LED Solution Provider | OEM&amp;ODM | 15+ Years\" \/>\n<meta property=\"og:description\" content=\"The 8-channel mixer comes with 4 mono channels and 4 microphone inputs, along with 2 stereo inputs.  The microphones are controlled by a group of phantom 48V switches.  Powered by 48V phantom power supply.  Mono inputs are equipped with high-quality microphone preamplifiers.  Features 2 group outputs and 2 auxiliary outputs.  Built-in professional digital reverb effect processor.  Each channel has a 3-band parametric equalizer for high, mid, and low frequencies.  Monitor level display is included.  Designed with an external low-noise power supply.  Equipped with recording input and output functions.\" \/>\n<meta property=\"og:url\" content=\"https:\/\/www.rkmega.com\/pt\/produto\/8-channel-mixing-console\/\" \/>\n<meta property=\"og:site_name\" content=\"LED Solution Provider | OEM&amp;ODM | 15+ Years\" \/>\n<meta property=\"article:modified_time\" content=\"2025-04-23T10:01:15+00:00\" \/>\n<meta property=\"og:image\" content=\"https:\/\/www.rkmega.com\/wp-content\/uploads\/2024\/12\/8-channel-mixing-console-.jpg\" \/>\n\t<meta property=\"og:image:width\" content=\"1600\" \/>\n\t<meta property=\"og:image:height\" content=\"1200\" \/>\n\t<meta property=\"og:image:type\" content=\"image\/jpeg\" \/>\n<meta name=\"twitter:card\" content=\"summary_large_image\" \/>\n<script type=\"application\/ld+json\" class=\"yoast-schema-graph\">{\"@context\":\"https:\/\/schema.org\",\"@graph\":[{\"@type\":\"WebPage\",\"@id\":\"https:\/\/www.rkmega.com\/product\/8-channel-mixing-console\/\",\"url\":\"https:\/\/www.rkmega.com\/product\/8-channel-mixing-console\/\",\"name\":\"Model: 8-channel mixing console - LED Solution Provider | OEM&amp;ODM | 15+ Years\",\"isPartOf\":{\"@id\":\"https:\/\/www.rkmega.com\/#website\"},\"primaryImageOfPage\":{\"@id\":\"https:\/\/www.rkmega.com\/product\/8-channel-mixing-console\/#primaryimage\"},\"image\":{\"@id\":\"https:\/\/www.rkmega.com\/product\/8-channel-mixing-console\/#primaryimage\"},\"thumbnailUrl\":\"https:\/\/www.rkmega.com\/wp-content\/uploads\/2024\/12\/8-channel-mixing-console-.jpg\",\"datePublished\":\"2024-12-31T07:51:27+00:00\",\"dateModified\":\"2025-04-23T10:01:15+00:00\",\"breadcrumb\":{\"@id\":\"https:\/\/www.rkmega.com\/product\/8-channel-mixing-console\/#breadcrumb\"},\"inLanguage\":\"pt-BR\",\"potentialAction\":[{\"@type\":\"ReadAction\",\"target\":[\"https:\/\/www.rkmega.com\/product\/8-channel-mixing-console\/\"]}]},{\"@type\":\"ImageObject\",\"inLanguage\":\"pt-BR\",\"@id\":\"https:\/\/www.rkmega.com\/product\/8-channel-mixing-console\/#primaryimage\",\"url\":\"https:\/\/www.rkmega.com\/wp-content\/uploads\/2024\/12\/8-channel-mixing-console-.jpg\",\"contentUrl\":\"https:\/\/www.rkmega.com\/wp-content\/uploads\/2024\/12\/8-channel-mixing-console-.jpg\",\"width\":1600,\"height\":1200},{\"@type\":\"BreadcrumbList\",\"@id\":\"https:\/\/www.rkmega.com\/product\/8-channel-mixing-console\/#breadcrumb\",\"itemListElement\":[{\"@type\":\"ListItem\",\"position\":1,\"name\":\"Home\",\"item\":\"https:\/\/www.rkmega.com\/\"},{\"@type\":\"ListItem\",\"position\":2,\"name\":\"Store\",\"item\":\"https:\/\/www.rkmega.com\/store\/\"},{\"@type\":\"ListItem\",\"position\":3,\"name\":\"Model: 8-channel mixing console\"}]},{\"@type\":\"WebSite\",\"@id\":\"https:\/\/www.rkmega.com\/#website\",\"url\":\"https:\/\/www.rkmega.com\/\",\"name\":\"LED DISPLAY\",\"description\":\"\",\"publisher\":{\"@id\":\"https:\/\/www.rkmega.com\/#organization\"},\"potentialAction\":[{\"@type\":\"SearchAction\",\"target\":{\"@type\":\"EntryPoint\",\"urlTemplate\":\"https:\/\/www.rkmega.com\/?s={search_term_string}\"},\"query-input\":{\"@type\":\"PropertyValueSpecification\",\"valueRequired\":true,\"valueName\":\"search_term_string\"}}],\"inLanguage\":\"pt-BR\"},{\"@type\":\"Organization\",\"@id\":\"https:\/\/www.rkmega.com\/#organization\",\"name\":\"RKMEGA\",\"url\":\"https:\/\/www.rkmega.com\/\",\"logo\":{\"@type\":\"ImageObject\",\"inLanguage\":\"pt-BR\",\"@id\":\"https:\/\/www.rkmega.com\/#\/schema\/logo\/image\/\",\"url\":\"https:\/\/www.rkmega.com\/wp-content\/uploads\/2024\/12\/cropped-LOGO180X60-2.png\",\"contentUrl\":\"https:\/\/www.rkmega.com\/wp-content\/uploads\/2024\/12\/cropped-LOGO180X60-2.png\",\"width\":180,\"height\":60,\"caption\":\"RKMEGA\"},\"image\":{\"@id\":\"https:\/\/www.rkmega.com\/#\/schema\/logo\/image\/\"}}]}<\/script>\n<!-- \/ Yoast SEO plugin. -->","yoast_head_json":{"title":"Model: 8-channel mixing console - LED Solution Provider | OEM&amp;ODM | 15+ Years","robots":{"index":"index","follow":"follow","max-snippet":"max-snippet:-1","max-image-preview":"max-image-preview:large","max-video-preview":"max-video-preview:-1"},"canonical":"https:\/\/www.rkmega.com\/pt\/produto\/8-channel-mixing-console\/","og_locale":"pt_BR","og_type":"article","og_title":"Model: 8-channel mixing console - LED Solution Provider | OEM&amp;ODM | 15+ Years","og_description":"The 8-channel mixer comes with 4 mono channels and 4 microphone inputs, along with 2 stereo inputs.  The microphones are controlled by a group of phantom 48V switches.  Powered by 48V phantom power supply.  Mono inputs are equipped with high-quality microphone preamplifiers.  Features 2 group outputs and 2 auxiliary outputs.  Built-in professional digital reverb effect processor.  Each channel has a 3-band parametric equalizer for high, mid, and low frequencies.  Monitor level display is included.  Designed with an external low-noise power supply.  Equipped with recording input and output functions.","og_url":"https:\/\/www.rkmega.com\/pt\/produto\/8-channel-mixing-console\/","og_site_name":"LED Solution Provider | OEM&amp;ODM | 15+ Years","article_modified_time":"2025-04-23T10:01:15+00:00","og_image":[{"width":1600,"height":1200,"url":"https:\/\/www.rkmega.com\/wp-content\/uploads\/2024\/12\/8-channel-mixing-console-.jpg","type":"image\/jpeg"}],"twitter_card":"summary_large_image","schema":{"@context":"https:\/\/schema.org","@graph":[{"@type":"WebPage","@id":"https:\/\/www.rkmega.com\/product\/8-channel-mixing-console\/","url":"https:\/\/www.rkmega.com\/product\/8-channel-mixing-console\/","name":"Model: 8-channel mixing console - LED Solution Provider | OEM&amp;ODM | 15+ Years","isPartOf":{"@id":"https:\/\/www.rkmega.com\/#website"},"primaryImageOfPage":{"@id":"https:\/\/www.rkmega.com\/product\/8-channel-mixing-console\/#primaryimage"},"image":{"@id":"https:\/\/www.rkmega.com\/product\/8-channel-mixing-console\/#primaryimage"},"thumbnailUrl":"https:\/\/www.rkmega.com\/wp-content\/uploads\/2024\/12\/8-channel-mixing-console-.jpg","datePublished":"2024-12-31T07:51:27+00:00","dateModified":"2025-04-23T10:01:15+00:00","breadcrumb":{"@id":"https:\/\/www.rkmega.com\/product\/8-channel-mixing-console\/#breadcrumb"},"inLanguage":"pt-BR","potentialAction":[{"@type":"ReadAction","target":["https:\/\/www.rkmega.com\/product\/8-channel-mixing-console\/"]}]},{"@type":"ImageObject","inLanguage":"pt-BR","@id":"https:\/\/www.rkmega.com\/product\/8-channel-mixing-console\/#primaryimage","url":"https:\/\/www.rkmega.com\/wp-content\/uploads\/2024\/12\/8-channel-mixing-console-.jpg","contentUrl":"https:\/\/www.rkmega.com\/wp-content\/uploads\/2024\/12\/8-channel-mixing-console-.jpg","width":1600,"height":1200},{"@type":"BreadcrumbList","@id":"https:\/\/www.rkmega.com\/product\/8-channel-mixing-console\/#breadcrumb","itemListElement":[{"@type":"ListItem","position":1,"name":"Home","item":"https:\/\/www.rkmega.com\/"},{"@type":"ListItem","position":2,"name":"Store","item":"https:\/\/www.rkmega.com\/store\/"},{"@type":"ListItem","position":3,"name":"Model: 8-channel mixing console"}]},{"@type":"WebSite","@id":"https:\/\/www.rkmega.com\/#website","url":"https:\/\/www.rkmega.com\/","name":"LED DISPLAY","description":"","publisher":{"@id":"https:\/\/www.rkmega.com\/#organization"},"potentialAction":[{"@type":"SearchAction","target":{"@type":"EntryPoint","urlTemplate":"https:\/\/www.rkmega.com\/?s={search_term_string}"},"query-input":{"@type":"PropertyValueSpecification","valueRequired":true,"valueName":"search_term_string"}}],"inLanguage":"pt-BR"},{"@type":"Organization","@id":"https:\/\/www.rkmega.com\/#organization","name":"RKMEGA","url":"https:\/\/www.rkmega.com\/","logo":{"@type":"ImageObject","inLanguage":"pt-BR","@id":"https:\/\/www.rkmega.com\/#\/schema\/logo\/image\/","url":"https:\/\/www.rkmega.com\/wp-content\/uploads\/2024\/12\/cropped-LOGO180X60-2.png","contentUrl":"https:\/\/www.rkmega.com\/wp-content\/uploads\/2024\/12\/cropped-LOGO180X60-2.png","width":180,"height":60,"caption":"RKMEGA"},"image":{"@id":"https:\/\/www.rkmega.com\/#\/schema\/logo\/image\/"}}]}},"_links":{"self":[{"href":"https:\/\/www.rkmega.com\/pt\/wp-json\/wp\/v2\/product\/5747","targetHints":{"allow":["GET"]}}],"collection":[{"href":"https:\/\/www.rkmega.com\/pt\/wp-json\/wp\/v2\/product"}],"about":[{"href":"https:\/\/www.rkmega.com\/pt\/wp-json\/wp\/v2\/types\/product"}],"replies":[{"embeddable":true,"href":"https:\/\/www.rkmega.com\/pt\/wp-json\/wp\/v2\/comments?post=5747"}],"version-history":[{"count":2,"href":"https:\/\/www.rkmega.com\/pt\/wp-json\/wp\/v2\/product\/5747\/revisions"}],"predecessor-version":[{"id":6255,"href":"https:\/\/www.rkmega.com\/pt\/wp-json\/wp\/v2\/product\/5747\/revisions\/6255"}],"wp:featuredmedia":[{"embeddable":true,"href":"https:\/\/www.rkmega.com\/pt\/wp-json\/wp\/v2\/media\/5748"}],"wp:attachment":[{"href":"https:\/\/www.rkmega.com\/pt\/wp-json\/wp\/v2\/media?parent=5747"}],"wp:term":[{"taxonomy":"product_cat","embeddable":true,"href":"https:\/\/www.rkmega.com\/pt\/wp-json\/wp\/v2\/product_cat?post=5747"},{"taxonomy":"product_tag","embeddable":true,"href":"https:\/\/www.rkmega.com\/pt\/wp-json\/wp\/v2\/product_tag?post=5747"}],"curies":[{"name":"wp","href":"https:\/\/api.w.org\/{rel}","templated":true}]}}