{"id":5756,"date":"2024-12-31T15:57:14","date_gmt":"2024-12-31T07:57:14","guid":{"rendered":"https:\/\/www.rkmega.com\/?post_type=product&#038;p=5756"},"modified":"2025-04-23T17:58:38","modified_gmt":"2025-04-23T09:58:38","slug":"audio-processor","status":"publish","type":"product","link":"https:\/\/www.rkmega.com\/pt\/produto\/audio-processor\/","title":{"rendered":"Modelo: Processador de \u00e1udio"},"content":{"rendered":"<table>\n<tbody>\n<tr>\n<td width=\"107\"><\/td>\n<td colspan=\"5\" width=\"918\"><\/td>\n<\/tr>\n<tr>\n<td width=\"107\"><strong><b>Categoria de par\u00e2metro<\/b><\/strong><\/td>\n<td width=\"135\"><strong><b>Nome do par\u00e2metro<\/b><\/strong><\/td>\n<td width=\"191\"><strong><b>U<\/b><\/strong><strong><b>0404<\/b><\/strong><\/td>\n<td width=\"198\"><strong><b>U0808<\/b><\/strong><\/td>\n<td width=\"198\"><strong><b>U1212<\/b><\/strong><\/td>\n<td width=\"194\"><strong><b>U1616<\/b><\/strong><\/td>\n<\/tr>\n<tr>\n<td rowspan=\"10\" width=\"107\">Par\u00e2metros da unidade principal<\/td>\n<td width=\"135\">Canais de entrada<\/td>\n<td width=\"191\">4 entradas balanceadas de microfone\/linha, usando conectores Phoenix<\/td>\n<td width=\"198\">8 entradas balanceadas de microfone\/linha, usando conectores Phoenix<\/td>\n<td width=\"198\">12 entradas balanceadas de microfone\/linha, usando conectores Phoenix<\/td>\n<td width=\"194\">16 entradas balanceadas de microfone\/linha, usando conectores Phoenix<\/td>\n<\/tr>\n<tr>\n<td width=\"135\">Canais de sa\u00edda<\/td>\n<td width=\"191\">4 sa\u00eddas balanceadas, usando conectores Phoenix<\/td>\n<td width=\"198\">8 sa\u00eddas balanceadas, usando conectores Phoenix<\/td>\n<td width=\"198\">12 sa\u00eddas balanceadas, usando conectores Phoenix<\/td>\n<td width=\"194\">16 sa\u00eddas balanceadas, usando conectores Phoenix<\/td>\n<\/tr>\n<tr>\n<td width=\"135\">Imped\u00e2ncia de entrada<\/td>\n<td colspan=\"4\" width=\"782\">20k\u03a9 balanceado, 10k\u03a9 n\u00e3o balanceado<\/td>\n<\/tr>\n<tr>\n<td width=\"135\">Imped\u00e2ncia de sa\u00edda<\/td>\n<td colspan=\"4\" width=\"782\">Balanceado 100\u03a9, n\u00e3o balanceado 50\u03a9<\/td>\n<\/tr>\n<tr>\n<td width=\"135\">Taxa de rejei\u00e7\u00e3o de modo comum de entrada<\/td>\n<td colspan=\"4\" width=\"782\">\u226578dB (1kHz)<\/td>\n<\/tr>\n<tr>\n<td width=\"135\">Faixa din\u00e2mica de sa\u00edda<\/td>\n<td colspan=\"4\" width=\"782\">112dBu<\/td>\n<\/tr>\n<tr>\n<td width=\"135\">Resposta de frequ\u00eancia<\/td>\n<td colspan=\"4\" width=\"782\">20Hz-20kHz (\u00b10,5dB)<\/td>\n<\/tr>\n<tr>\n<td width=\"135\">Rela\u00e7\u00e3o sinal-ru\u00eddo<\/td>\n<td colspan=\"4\" width=\"782\">&gt;90dB@1kHz 0dBu<\/td>\n<\/tr>\n<tr>\n<td width=\"135\">Distor\u00e7\u00e3o harm\u00f4nica total<\/td>\n<td colspan=\"4\" width=\"782\">&lt;0,002% OUTPUT (THD+N=0dBu\/1kHz)<\/td>\n<\/tr>\n<tr>\n<td width=\"135\">Separa\u00e7\u00e3o de canais<\/td>\n<td colspan=\"4\" width=\"782\">&gt;100dB (1kHz)<\/td>\n<\/tr>\n<tr>\n<td rowspan=\"4\" width=\"107\">Par\u00e2metros f\u00edsicos<\/td>\n<td width=\"135\">Consumo de energia<\/td>\n<td colspan=\"4\" width=\"782\">\u226445W<\/td>\n<\/tr>\n<tr>\n<td width=\"135\">Fonte de alimenta\u00e7\u00e3o<\/td>\n<td colspan=\"4\" width=\"782\">AC110V\/220V 50\/60Hz<\/td>\n<\/tr>\n<tr>\n<td width=\"135\">Dimens\u00f5es do produto (largura x profundidade x altura)<\/td>\n<td colspan=\"4\" width=\"782\">482 mm x 260 mm x 44 mm<\/td>\n<\/tr>\n<tr>\n<td width=\"135\">Peso l\u00edquido<\/td>\n<td colspan=\"4\" width=\"782\">2,2 KG<\/td>\n<\/tr>\n<\/tbody>\n<\/table>","protected":false},"excerpt":{"rendered":"<ul>\n<li>Fun\u00e7\u00e3o de exibi\u00e7\u00e3o de uivos com feedback visual, suprimindo efetivamente a forma\u00e7\u00e3o de mais pontos de uivos.<\/li>\n<li>Gerador de c\u00f3digo de controle central incorporado, sem necessidade de aplicar f\u00f3rmulas manualmente para editar o c\u00f3digo.<\/li>\n<li>Fun\u00e7\u00e3o de mixagem de matriz com todos os recursos, com uma fun\u00e7\u00e3o exclusiva de ajuste de matriz baseada em componentes.<\/li>\n<li>Gerador de sinal integrado, mixagem autom\u00e1tica (AM), controle autom\u00e1tico de ganho (AGC), supress\u00e3o de feedback (AFC), cancelamento de eco (AEC) e cancelamento de ru\u00eddo (ANC) como algoritmos principais.<\/li>\n<li>Por canal de entrada: pr\u00e9-amplifica\u00e7\u00e3o, gerador de sinal, expansor, compressor, equaliza\u00e7\u00e3o param\u00e9trica de 5 bandas.<\/li>\n<li>Por canal de sa\u00edda: Equalizador gr\u00e1fico de 31 bandas com equaliza\u00e7\u00e3o param\u00e9trica completa de 8 bandas comut\u00e1vel, unidade de atraso, crossover, limitador.<\/li>\n<li>Fun\u00e7\u00e3o integrada de rastreamento autom\u00e1tico da c\u00e2mera para facilitar a videoconfer\u00eancia; suporta fun\u00e7\u00f5es de cena predefinidas; mem\u00f3ria de prote\u00e7\u00e3o autom\u00e1tica em caso de falta de energia.<\/li>\n<li>Interface de controle serial bidirecional RS-485; capaz de controlar outros dispositivos externos, como matrizes de v\u00eddeo, c\u00e2meras e outros dispositivos RS-485, ou receber controle RS-485 de terceiros.<\/li>\n<li>Pode se conectar a dispositivos de controle por meio de interfaces USB, WiFi e TCP\/IP, e cada entrada fornece alimenta\u00e7\u00e3o fantasma de +48 VCC e 10 mA.<\/li>\n<li>Suporta entrada\/sa\u00edda l\u00f3gica de 8 canais, controle de entrada de tens\u00e3o de 4 canais (compat\u00edvel com rel\u00e9s ou potenci\u00f4metros anal\u00f3gicos vari\u00e1veis) por meio da interface de controle GPIO.<\/li>\n<\/ul>","protected":false},"featured_media":5757,"comment_status":"open","ping_status":"closed","template":"","meta":{"site-sidebar-layout":"default","site-content-layout":"","ast-site-content-layout":"default","site-content-style":"default","site-sidebar-style":"default","ast-global-header-display":"","ast-banner-title-visibility":"","ast-main-header-display":"","ast-hfb-above-header-display":"","ast-hfb-below-header-display":"","ast-hfb-mobile-header-display":"","site-post-title":"","ast-breadcrumbs-content":"","ast-featured-img":"","footer-sml-layout":"","theme-transparent-header-meta":"default","adv-header-id-meta":"","stick-header-meta":"","header-above-stick-meta":"","header-main-stick-meta":"","header-below-stick-meta":"","astra-migrate-meta-layouts":"set","ast-page-background-enabled":"default","ast-page-background-meta":{"desktop":{"background-color":"","background-image":"","background-repeat":"repeat","background-position":"center center","background-size":"auto","background-attachment":"scroll","background-type":"","background-media":"","overlay-type":"","overlay-color":"","overlay-opacity":"","overlay-gradient":""},"tablet":{"background-color":"","background-image":"","background-repeat":"repeat","background-position":"center center","background-size":"auto","background-attachment":"scroll","background-type":"","background-media":"","overlay-type":"","overlay-color":"","overlay-opacity":"","overlay-gradient":""},"mobile":{"background-color":"","background-image":"","background-repeat":"repeat","background-position":"center center","background-size":"auto","background-attachment":"scroll","background-type":"","background-media":"","overlay-type":"","overlay-color":"","overlay-opacity":"","overlay-gradient":""}},"ast-content-background-meta":{"desktop":{"background-color":"var(--ast-global-color-5)","background-image":"","background-repeat":"repeat","background-position":"center center","background-size":"auto","background-attachment":"scroll","background-type":"","background-media":"","overlay-type":"","overlay-color":"","overlay-opacity":"","overlay-gradient":""},"tablet":{"background-color":"var(--ast-global-color-5)","background-image":"","background-repeat":"repeat","background-position":"center center","background-size":"auto","background-attachment":"scroll","background-type":"","background-media":"","overlay-type":"","overlay-color":"","overlay-opacity":"","overlay-gradient":""},"mobile":{"background-color":"var(--ast-global-color-5)","background-image":"","background-repeat":"repeat","background-position":"center center","background-size":"auto","background-attachment":"scroll","background-type":"","background-media":"","overlay-type":"","overlay-color":"","overlay-opacity":"","overlay-gradient":""}}},"product_cat":[81],"product_tag":[],"class_list":{"0":"post-5756","1":"product","2":"type-product","3":"status-publish","4":"has-post-thumbnail","6":"product_cat-audio-processor","7":"desktop-align-left","8":"tablet-align-left","9":"mobile-align-left","11":"first","12":"instock","13":"shipping-taxable","14":"product-type-simple"},"yoast_head":"<!-- This site is optimized with the Yoast SEO plugin v24.9 - https:\/\/yoast.com\/wordpress\/plugins\/seo\/ -->\n<title>Model: Audio processor - LED Solution Provider | OEM&amp;ODM | 15+ Years<\/title>\n<meta name=\"robots\" content=\"index, follow, max-snippet:-1, max-image-preview:large, max-video-preview:-1\" \/>\n<link rel=\"canonical\" href=\"https:\/\/www.rkmega.com\/pt\/produto\/audio-processor\/\" \/>\n<meta property=\"og:locale\" content=\"pt_BR\" \/>\n<meta property=\"og:type\" content=\"article\" \/>\n<meta property=\"og:title\" content=\"Model: Audio processor - LED Solution Provider | OEM&amp;ODM | 15+ Years\" \/>\n<meta property=\"og:description\" content=\"Visual feedback howling display function, effectively suppressing the formation of more howling points.  Built-in central control code generator, no need to manually apply formulas to edit code.  Full-featured matrix mixing function, with a unique component-based matrix adjustment function.  Built-in signal generator, automatic mixing (AM), automatic gain control (AGC), feedback suppression (AFC), echo cancellation (AEC), and noise cancellation (ANC) as main algorithms.  Per input channel: preamplification, signal generator, expander, compressor, 5-band parametric equalization.  Per output channel: 31-band graphic equalizer with switchable 8-band full parametric equalization, delay unit, crossover, limiter.  Built-in automatic camera tracking function for easy video conferencing; supports scene preset functions; automatic protection memory in case of power failure.  RS-485 bidirectional serial control interface; capable of controlling other external devices such as video matrices, cameras, and other RS-485 devices, or receiving third-party RS-485 control.  Can connect to control devices via USB, WiFi, TCP\/IP interfaces, and each input provides +48 VDC 10 mA phantom power.  Supports 8-channel logic input\/output, 4-channel voltage input control (compatible with relays or analog variable potentiometers) through GPIO control interface.\" \/>\n<meta property=\"og:url\" content=\"https:\/\/www.rkmega.com\/pt\/produto\/audio-processor\/\" \/>\n<meta property=\"og:site_name\" content=\"LED Solution Provider | OEM&amp;ODM | 15+ Years\" \/>\n<meta property=\"article:modified_time\" content=\"2025-04-23T09:58:38+00:00\" \/>\n<meta property=\"og:image\" content=\"https:\/\/www.rkmega.com\/wp-content\/uploads\/2024\/12\/Audio-processor-.jpg\" \/>\n\t<meta property=\"og:image:width\" content=\"1600\" \/>\n\t<meta property=\"og:image:height\" content=\"1200\" \/>\n\t<meta property=\"og:image:type\" content=\"image\/jpeg\" \/>\n<meta name=\"twitter:card\" content=\"summary_large_image\" \/>\n<meta name=\"twitter:label1\" content=\"Est. tempo de leitura\" \/>\n\t<meta name=\"twitter:data1\" content=\"1 minuto\" \/>\n<script type=\"application\/ld+json\" class=\"yoast-schema-graph\">{\"@context\":\"https:\/\/schema.org\",\"@graph\":[{\"@type\":\"WebPage\",\"@id\":\"https:\/\/www.rkmega.com\/product\/audio-processor\/\",\"url\":\"https:\/\/www.rkmega.com\/product\/audio-processor\/\",\"name\":\"Model: Audio processor - LED Solution Provider | OEM&amp;ODM | 15+ Years\",\"isPartOf\":{\"@id\":\"https:\/\/www.rkmega.com\/#website\"},\"primaryImageOfPage\":{\"@id\":\"https:\/\/www.rkmega.com\/product\/audio-processor\/#primaryimage\"},\"image\":{\"@id\":\"https:\/\/www.rkmega.com\/product\/audio-processor\/#primaryimage\"},\"thumbnailUrl\":\"https:\/\/www.rkmega.com\/wp-content\/uploads\/2024\/12\/Audio-processor-.jpg\",\"datePublished\":\"2024-12-31T07:57:14+00:00\",\"dateModified\":\"2025-04-23T09:58:38+00:00\",\"breadcrumb\":{\"@id\":\"https:\/\/www.rkmega.com\/product\/audio-processor\/#breadcrumb\"},\"inLanguage\":\"pt-BR\",\"potentialAction\":[{\"@type\":\"ReadAction\",\"target\":[\"https:\/\/www.rkmega.com\/product\/audio-processor\/\"]}]},{\"@type\":\"ImageObject\",\"inLanguage\":\"pt-BR\",\"@id\":\"https:\/\/www.rkmega.com\/product\/audio-processor\/#primaryimage\",\"url\":\"https:\/\/www.rkmega.com\/wp-content\/uploads\/2024\/12\/Audio-processor-.jpg\",\"contentUrl\":\"https:\/\/www.rkmega.com\/wp-content\/uploads\/2024\/12\/Audio-processor-.jpg\",\"width\":1600,\"height\":1200},{\"@type\":\"BreadcrumbList\",\"@id\":\"https:\/\/www.rkmega.com\/product\/audio-processor\/#breadcrumb\",\"itemListElement\":[{\"@type\":\"ListItem\",\"position\":1,\"name\":\"Home\",\"item\":\"https:\/\/www.rkmega.com\/\"},{\"@type\":\"ListItem\",\"position\":2,\"name\":\"Store\",\"item\":\"https:\/\/www.rkmega.com\/store\/\"},{\"@type\":\"ListItem\",\"position\":3,\"name\":\"Model: Audio processor\"}]},{\"@type\":\"WebSite\",\"@id\":\"https:\/\/www.rkmega.com\/#website\",\"url\":\"https:\/\/www.rkmega.com\/\",\"name\":\"LED DISPLAY\",\"description\":\"\",\"publisher\":{\"@id\":\"https:\/\/www.rkmega.com\/#organization\"},\"potentialAction\":[{\"@type\":\"SearchAction\",\"target\":{\"@type\":\"EntryPoint\",\"urlTemplate\":\"https:\/\/www.rkmega.com\/?s={search_term_string}\"},\"query-input\":{\"@type\":\"PropertyValueSpecification\",\"valueRequired\":true,\"valueName\":\"search_term_string\"}}],\"inLanguage\":\"pt-BR\"},{\"@type\":\"Organization\",\"@id\":\"https:\/\/www.rkmega.com\/#organization\",\"name\":\"RKMEGA\",\"url\":\"https:\/\/www.rkmega.com\/\",\"logo\":{\"@type\":\"ImageObject\",\"inLanguage\":\"pt-BR\",\"@id\":\"https:\/\/www.rkmega.com\/#\/schema\/logo\/image\/\",\"url\":\"https:\/\/www.rkmega.com\/wp-content\/uploads\/2024\/12\/cropped-LOGO180X60-2.png\",\"contentUrl\":\"https:\/\/www.rkmega.com\/wp-content\/uploads\/2024\/12\/cropped-LOGO180X60-2.png\",\"width\":180,\"height\":60,\"caption\":\"RKMEGA\"},\"image\":{\"@id\":\"https:\/\/www.rkmega.com\/#\/schema\/logo\/image\/\"}}]}<\/script>\n<!-- \/ Yoast SEO plugin. -->","yoast_head_json":{"title":"Model: Audio processor - LED Solution Provider | OEM&amp;ODM | 15+ Years","robots":{"index":"index","follow":"follow","max-snippet":"max-snippet:-1","max-image-preview":"max-image-preview:large","max-video-preview":"max-video-preview:-1"},"canonical":"https:\/\/www.rkmega.com\/pt\/produto\/audio-processor\/","og_locale":"pt_BR","og_type":"article","og_title":"Model: Audio processor - LED Solution Provider | OEM&amp;ODM | 15+ Years","og_description":"Visual feedback howling display function, effectively suppressing the formation of more howling points.  Built-in central control code generator, no need to manually apply formulas to edit code.  Full-featured matrix mixing function, with a unique component-based matrix adjustment function.  Built-in signal generator, automatic mixing (AM), automatic gain control (AGC), feedback suppression (AFC), echo cancellation (AEC), and noise cancellation (ANC) as main algorithms.  Per input channel: preamplification, signal generator, expander, compressor, 5-band parametric equalization.  Per output channel: 31-band graphic equalizer with switchable 8-band full parametric equalization, delay unit, crossover, limiter.  Built-in automatic camera tracking function for easy video conferencing; supports scene preset functions; automatic protection memory in case of power failure.  RS-485 bidirectional serial control interface; capable of controlling other external devices such as video matrices, cameras, and other RS-485 devices, or receiving third-party RS-485 control.  Can connect to control devices via USB, WiFi, TCP\/IP interfaces, and each input provides +48 VDC 10 mA phantom power.  Supports 8-channel logic input\/output, 4-channel voltage input control (compatible with relays or analog variable potentiometers) through GPIO control interface.","og_url":"https:\/\/www.rkmega.com\/pt\/produto\/audio-processor\/","og_site_name":"LED Solution Provider | OEM&amp;ODM | 15+ Years","article_modified_time":"2025-04-23T09:58:38+00:00","og_image":[{"width":1600,"height":1200,"url":"https:\/\/www.rkmega.com\/wp-content\/uploads\/2024\/12\/Audio-processor-.jpg","type":"image\/jpeg"}],"twitter_card":"summary_large_image","twitter_misc":{"Est. tempo de leitura":"1 minuto"},"schema":{"@context":"https:\/\/schema.org","@graph":[{"@type":"WebPage","@id":"https:\/\/www.rkmega.com\/product\/audio-processor\/","url":"https:\/\/www.rkmega.com\/product\/audio-processor\/","name":"Model: Audio processor - LED Solution Provider | OEM&amp;ODM | 15+ Years","isPartOf":{"@id":"https:\/\/www.rkmega.com\/#website"},"primaryImageOfPage":{"@id":"https:\/\/www.rkmega.com\/product\/audio-processor\/#primaryimage"},"image":{"@id":"https:\/\/www.rkmega.com\/product\/audio-processor\/#primaryimage"},"thumbnailUrl":"https:\/\/www.rkmega.com\/wp-content\/uploads\/2024\/12\/Audio-processor-.jpg","datePublished":"2024-12-31T07:57:14+00:00","dateModified":"2025-04-23T09:58:38+00:00","breadcrumb":{"@id":"https:\/\/www.rkmega.com\/product\/audio-processor\/#breadcrumb"},"inLanguage":"pt-BR","potentialAction":[{"@type":"ReadAction","target":["https:\/\/www.rkmega.com\/product\/audio-processor\/"]}]},{"@type":"ImageObject","inLanguage":"pt-BR","@id":"https:\/\/www.rkmega.com\/product\/audio-processor\/#primaryimage","url":"https:\/\/www.rkmega.com\/wp-content\/uploads\/2024\/12\/Audio-processor-.jpg","contentUrl":"https:\/\/www.rkmega.com\/wp-content\/uploads\/2024\/12\/Audio-processor-.jpg","width":1600,"height":1200},{"@type":"BreadcrumbList","@id":"https:\/\/www.rkmega.com\/product\/audio-processor\/#breadcrumb","itemListElement":[{"@type":"ListItem","position":1,"name":"Home","item":"https:\/\/www.rkmega.com\/"},{"@type":"ListItem","position":2,"name":"Store","item":"https:\/\/www.rkmega.com\/store\/"},{"@type":"ListItem","position":3,"name":"Model: Audio processor"}]},{"@type":"WebSite","@id":"https:\/\/www.rkmega.com\/#website","url":"https:\/\/www.rkmega.com\/","name":"LED DISPLAY","description":"","publisher":{"@id":"https:\/\/www.rkmega.com\/#organization"},"potentialAction":[{"@type":"SearchAction","target":{"@type":"EntryPoint","urlTemplate":"https:\/\/www.rkmega.com\/?s={search_term_string}"},"query-input":{"@type":"PropertyValueSpecification","valueRequired":true,"valueName":"search_term_string"}}],"inLanguage":"pt-BR"},{"@type":"Organization","@id":"https:\/\/www.rkmega.com\/#organization","name":"RKMEGA","url":"https:\/\/www.rkmega.com\/","logo":{"@type":"ImageObject","inLanguage":"pt-BR","@id":"https:\/\/www.rkmega.com\/#\/schema\/logo\/image\/","url":"https:\/\/www.rkmega.com\/wp-content\/uploads\/2024\/12\/cropped-LOGO180X60-2.png","contentUrl":"https:\/\/www.rkmega.com\/wp-content\/uploads\/2024\/12\/cropped-LOGO180X60-2.png","width":180,"height":60,"caption":"RKMEGA"},"image":{"@id":"https:\/\/www.rkmega.com\/#\/schema\/logo\/image\/"}}]}},"_links":{"self":[{"href":"https:\/\/www.rkmega.com\/pt\/wp-json\/wp\/v2\/product\/5756","targetHints":{"allow":["GET"]}}],"collection":[{"href":"https:\/\/www.rkmega.com\/pt\/wp-json\/wp\/v2\/product"}],"about":[{"href":"https:\/\/www.rkmega.com\/pt\/wp-json\/wp\/v2\/types\/product"}],"replies":[{"embeddable":true,"href":"https:\/\/www.rkmega.com\/pt\/wp-json\/wp\/v2\/comments?post=5756"}],"version-history":[{"count":2,"href":"https:\/\/www.rkmega.com\/pt\/wp-json\/wp\/v2\/product\/5756\/revisions"}],"predecessor-version":[{"id":6252,"href":"https:\/\/www.rkmega.com\/pt\/wp-json\/wp\/v2\/product\/5756\/revisions\/6252"}],"wp:featuredmedia":[{"embeddable":true,"href":"https:\/\/www.rkmega.com\/pt\/wp-json\/wp\/v2\/media\/5757"}],"wp:attachment":[{"href":"https:\/\/www.rkmega.com\/pt\/wp-json\/wp\/v2\/media?parent=5756"}],"wp:term":[{"taxonomy":"product_cat","embeddable":true,"href":"https:\/\/www.rkmega.com\/pt\/wp-json\/wp\/v2\/product_cat?post=5756"},{"taxonomy":"product_tag","embeddable":true,"href":"https:\/\/www.rkmega.com\/pt\/wp-json\/wp\/v2\/product_tag?post=5756"}],"curies":[{"name":"wp","href":"https:\/\/api.w.org\/{rel}","templated":true}]}}