{"id":5775,"date":"2024-12-31T16:08:58","date_gmt":"2024-12-31T08:08:58","guid":{"rendered":"https:\/\/www.rkmega.com\/?post_type=product&#038;p=5775"},"modified":"2025-04-23T17:57:26","modified_gmt":"2025-04-23T09:57:26","slug":"rk-hd41300","status":"publish","type":"product","link":"https:\/\/www.rkmega.com\/pt\/produto\/rk-hd41300\/","title":{"rendered":"Modelo: RK-HD41300"},"content":{"rendered":"<table>\n<tbody>\n<tr>\n<td><strong><b>Nome do par\u00e2metro<\/b><\/strong><\/td>\n<td><strong><b>Valor do par\u00e2metro<\/b><\/strong><\/td>\n<\/tr>\n<tr>\n<td>Pot\u00eancia nominal em 8\u03a9<\/td>\n<td>4x1300W<\/td>\n<\/tr>\n<tr>\n<td>Pot\u00eancia nominal em 4\u03a9<\/td>\n<td>4x2350W<\/td>\n<\/tr>\n<tr>\n<td>Pot\u00eancia nominal (ponte de 8\u03a9)<\/td>\n<td>2x3900W<\/td>\n<\/tr>\n<tr>\n<td>Sensibilidade de entrada<\/td>\n<td>0.775V\/1.0V\/1.2V\/1.4V<\/td>\n<\/tr>\n<tr>\n<td>Resposta de frequ\u00eancia<\/td>\n<td>15Hz-30kHz: +\/-1dB<\/td>\n<\/tr>\n<tr>\n<td>Imped\u00e2ncia de entrada<\/td>\n<td>20k\u03a9 (BALANCED) \/ 10k\u03a9 (UNBALANCED)<\/td>\n<\/tr>\n<tr>\n<td>Distor\u00e7\u00e3o (THD+N)<\/td>\n<td>&lt;0,1% a 8\u03a9 1kHz<\/td>\n<\/tr>\n<tr>\n<td>Isolamento de canal (1kHz)<\/td>\n<td>60dB (8\u03a9\/1kHz)<\/td>\n<\/tr>\n<tr>\n<td>Tens\u00e3o operacional<\/td>\n<td>220V\/50HZ\/60HZ<\/td>\n<\/tr>\n<tr>\n<td>Taxa de varia\u00e7\u00e3o<\/td>\n<td>28V\/us<\/td>\n<\/tr>\n<tr>\n<td>Fator de amortecimento<\/td>\n<td>Maior que 350\/8\u03a9<\/td>\n<\/tr>\n<tr>\n<td>Fus\u00edvel de energia<\/td>\n<td>20A<\/td>\n<\/tr>\n<tr>\n<td>Rela\u00e7\u00e3o sinal\/ru\u00eddo (ponderada A)<\/td>\n<td>100dB<\/td>\n<\/tr>\n<tr>\n<td>Dimens\u00f5es da m\u00e1quina<\/td>\n<td>482 mm x 265 mm (300 mm, incluindo a al\u00e7a) x 88 mm<\/td>\n<\/tr>\n<tr>\n<td>Peso l\u00edquido<\/td>\n<td>13KG<\/td>\n<\/tr>\n<\/tbody>\n<\/table>","protected":false},"excerpt":{"rendered":"<p>A unidade utiliza materiais magn\u00e9ticos avan\u00e7ados importados, que possuem forte resist\u00eancia \u00e0 satura\u00e7\u00e3o magn\u00e9tica, oferecendo alta efici\u00eancia de sa\u00edda, sa\u00edda potente e opera\u00e7\u00e3o est\u00e1vel.<\/p>\n<p>O layout interno de toda a m\u00e1quina foi cientificamente projetado para o fluxo de ar, com dissipadores de calor de alum\u00ednio de alta efici\u00eancia e ventiladores de resfriamento de velocidade vari\u00e1vel, garantindo que o amplificador opere em temperaturas mais baixas.<\/p>\n<p>Um circuito de prote\u00e7\u00e3o abrangente garante a seguran\u00e7a do equipamento, incluindo prote\u00e7\u00e3o de sa\u00edda CC, prote\u00e7\u00e3o contra sobrecarga, prote\u00e7\u00e3o contra curto-circuito e prote\u00e7\u00e3o contra superaquecimento.<\/p>\n<p>Ele apresenta um design com baixa distor\u00e7\u00e3o, banda de frequ\u00eancia ampla, baixo ru\u00eddo e circuitos limitadores de distor\u00e7\u00e3o de corte.<\/p>\n<p>O uso de um sistema avan\u00e7ado de fonte de alimenta\u00e7\u00e3o de modo de comuta\u00e7\u00e3o de ponte completa com um circuito de prote\u00e7\u00e3o abrangente.<\/p>","protected":false},"featured_media":5776,"comment_status":"open","ping_status":"closed","template":"","meta":{"site-sidebar-layout":"default","site-content-layout":"","ast-site-content-layout":"default","site-content-style":"default","site-sidebar-style":"default","ast-global-header-display":"","ast-banner-title-visibility":"","ast-main-header-display":"","ast-hfb-above-header-display":"","ast-hfb-below-header-display":"","ast-hfb-mobile-header-display":"","site-post-title":"","ast-breadcrumbs-content":"","ast-featured-img":"","footer-sml-layout":"","theme-transparent-header-meta":"default","adv-header-id-meta":"","stick-header-meta":"","header-above-stick-meta":"","header-main-stick-meta":"","header-below-stick-meta":"","astra-migrate-meta-layouts":"set","ast-page-background-enabled":"default","ast-page-background-meta":{"desktop":{"background-color":"","background-image":"","background-repeat":"repeat","background-position":"center center","background-size":"auto","background-attachment":"scroll","background-type":"","background-media":"","overlay-type":"","overlay-color":"","overlay-opacity":"","overlay-gradient":""},"tablet":{"background-color":"","background-image":"","background-repeat":"repeat","background-position":"center center","background-size":"auto","background-attachment":"scroll","background-type":"","background-media":"","overlay-type":"","overlay-color":"","overlay-opacity":"","overlay-gradient":""},"mobile":{"background-color":"","background-image":"","background-repeat":"repeat","background-position":"center center","background-size":"auto","background-attachment":"scroll","background-type":"","background-media":"","overlay-type":"","overlay-color":"","overlay-opacity":"","overlay-gradient":""}},"ast-content-background-meta":{"desktop":{"background-color":"var(--ast-global-color-5)","background-image":"","background-repeat":"repeat","background-position":"center center","background-size":"auto","background-attachment":"scroll","background-type":"","background-media":"","overlay-type":"","overlay-color":"","overlay-opacity":"","overlay-gradient":""},"tablet":{"background-color":"var(--ast-global-color-5)","background-image":"","background-repeat":"repeat","background-position":"center center","background-size":"auto","background-attachment":"scroll","background-type":"","background-media":"","overlay-type":"","overlay-color":"","overlay-opacity":"","overlay-gradient":""},"mobile":{"background-color":"var(--ast-global-color-5)","background-image":"","background-repeat":"repeat","background-position":"center center","background-size":"auto","background-attachment":"scroll","background-type":"","background-media":"","overlay-type":"","overlay-color":"","overlay-opacity":"","overlay-gradient":""}}},"product_cat":[86],"product_tag":[],"class_list":{"0":"post-5775","1":"product","2":"type-product","3":"status-publish","4":"has-post-thumbnail","6":"product_cat-sound-system","7":"desktop-align-left","8":"tablet-align-left","9":"mobile-align-left","11":"first","12":"instock","13":"shipping-taxable","14":"product-type-simple"},"yoast_head":"<!-- This site is optimized with the Yoast SEO plugin v24.9 - https:\/\/yoast.com\/wordpress\/plugins\/seo\/ -->\n<title>Model: RK-HD41300 - LED Solution Provider | OEM&amp;ODM | 15+ Years<\/title>\n<meta name=\"robots\" content=\"index, follow, max-snippet:-1, max-image-preview:large, max-video-preview:-1\" \/>\n<link rel=\"canonical\" href=\"https:\/\/www.rkmega.com\/pt\/produto\/rk-hd41300\/\" \/>\n<meta property=\"og:locale\" content=\"pt_BR\" \/>\n<meta property=\"og:type\" content=\"article\" \/>\n<meta property=\"og:title\" content=\"Model: RK-HD41300 - LED Solution Provider | OEM&amp;ODM | 15+ Years\" \/>\n<meta property=\"og:description\" content=\"The unit utilizes advanced magnetic materials imported, which possess strong resistance to magnetic saturation, offering high output efficiency, powerful output, and stable operation.  The internal layout of the entire machine is scientifically designed for airflow, with high-efficiency aluminum heat sinks and variable-speed cooling fans ensuring the amplifier operates at lower temperatures.  A comprehensive protection circuit ensures the safety of the equipment, including DC output protection, overload protection, short circuit protection, and overheating protection.  It features a design with low distortion, wide frequency band, low noise, and clipping distortion limiting circuits.  The use of an advanced full-bridge switch-mode power supply system with a comprehensive protection circuit.\" \/>\n<meta property=\"og:url\" content=\"https:\/\/www.rkmega.com\/pt\/produto\/rk-hd41300\/\" \/>\n<meta property=\"og:site_name\" content=\"LED Solution Provider | OEM&amp;ODM | 15+ Years\" \/>\n<meta property=\"article:modified_time\" content=\"2025-04-23T09:57:26+00:00\" \/>\n<meta property=\"og:image\" content=\"https:\/\/www.rkmega.com\/wp-content\/uploads\/2024\/12\/Quad-Channel-Amp-1300W-RK-HD41300-.jpg\" \/>\n\t<meta property=\"og:image:width\" content=\"1600\" \/>\n\t<meta property=\"og:image:height\" content=\"1200\" \/>\n\t<meta property=\"og:image:type\" content=\"image\/jpeg\" \/>\n<meta name=\"twitter:card\" content=\"summary_large_image\" \/>\n<script type=\"application\/ld+json\" class=\"yoast-schema-graph\">{\"@context\":\"https:\/\/schema.org\",\"@graph\":[{\"@type\":\"WebPage\",\"@id\":\"https:\/\/www.rkmega.com\/product\/rk-hd41300\/\",\"url\":\"https:\/\/www.rkmega.com\/product\/rk-hd41300\/\",\"name\":\"Model: RK-HD41300 - LED Solution Provider | OEM&amp;ODM | 15+ Years\",\"isPartOf\":{\"@id\":\"https:\/\/www.rkmega.com\/#website\"},\"primaryImageOfPage\":{\"@id\":\"https:\/\/www.rkmega.com\/product\/rk-hd41300\/#primaryimage\"},\"image\":{\"@id\":\"https:\/\/www.rkmega.com\/product\/rk-hd41300\/#primaryimage\"},\"thumbnailUrl\":\"https:\/\/www.rkmega.com\/wp-content\/uploads\/2024\/12\/Quad-Channel-Amp-1300W-RK-HD41300-.jpg\",\"datePublished\":\"2024-12-31T08:08:58+00:00\",\"dateModified\":\"2025-04-23T09:57:26+00:00\",\"breadcrumb\":{\"@id\":\"https:\/\/www.rkmega.com\/product\/rk-hd41300\/#breadcrumb\"},\"inLanguage\":\"pt-BR\",\"potentialAction\":[{\"@type\":\"ReadAction\",\"target\":[\"https:\/\/www.rkmega.com\/product\/rk-hd41300\/\"]}]},{\"@type\":\"ImageObject\",\"inLanguage\":\"pt-BR\",\"@id\":\"https:\/\/www.rkmega.com\/product\/rk-hd41300\/#primaryimage\",\"url\":\"https:\/\/www.rkmega.com\/wp-content\/uploads\/2024\/12\/Quad-Channel-Amp-1300W-RK-HD41300-.jpg\",\"contentUrl\":\"https:\/\/www.rkmega.com\/wp-content\/uploads\/2024\/12\/Quad-Channel-Amp-1300W-RK-HD41300-.jpg\",\"width\":1600,\"height\":1200},{\"@type\":\"BreadcrumbList\",\"@id\":\"https:\/\/www.rkmega.com\/product\/rk-hd41300\/#breadcrumb\",\"itemListElement\":[{\"@type\":\"ListItem\",\"position\":1,\"name\":\"Home\",\"item\":\"https:\/\/www.rkmega.com\/\"},{\"@type\":\"ListItem\",\"position\":2,\"name\":\"Store\",\"item\":\"https:\/\/www.rkmega.com\/store\/\"},{\"@type\":\"ListItem\",\"position\":3,\"name\":\"Model: RK-HD41300\"}]},{\"@type\":\"WebSite\",\"@id\":\"https:\/\/www.rkmega.com\/#website\",\"url\":\"https:\/\/www.rkmega.com\/\",\"name\":\"LED DISPLAY\",\"description\":\"\",\"publisher\":{\"@id\":\"https:\/\/www.rkmega.com\/#organization\"},\"potentialAction\":[{\"@type\":\"SearchAction\",\"target\":{\"@type\":\"EntryPoint\",\"urlTemplate\":\"https:\/\/www.rkmega.com\/?s={search_term_string}\"},\"query-input\":{\"@type\":\"PropertyValueSpecification\",\"valueRequired\":true,\"valueName\":\"search_term_string\"}}],\"inLanguage\":\"pt-BR\"},{\"@type\":\"Organization\",\"@id\":\"https:\/\/www.rkmega.com\/#organization\",\"name\":\"RKMEGA\",\"url\":\"https:\/\/www.rkmega.com\/\",\"logo\":{\"@type\":\"ImageObject\",\"inLanguage\":\"pt-BR\",\"@id\":\"https:\/\/www.rkmega.com\/#\/schema\/logo\/image\/\",\"url\":\"https:\/\/www.rkmega.com\/wp-content\/uploads\/2024\/12\/cropped-LOGO180X60-2.png\",\"contentUrl\":\"https:\/\/www.rkmega.com\/wp-content\/uploads\/2024\/12\/cropped-LOGO180X60-2.png\",\"width\":180,\"height\":60,\"caption\":\"RKMEGA\"},\"image\":{\"@id\":\"https:\/\/www.rkmega.com\/#\/schema\/logo\/image\/\"}}]}<\/script>\n<!-- \/ Yoast SEO plugin. -->","yoast_head_json":{"title":"Model: RK-HD41300 - LED Solution Provider | OEM&amp;ODM | 15+ Years","robots":{"index":"index","follow":"follow","max-snippet":"max-snippet:-1","max-image-preview":"max-image-preview:large","max-video-preview":"max-video-preview:-1"},"canonical":"https:\/\/www.rkmega.com\/pt\/produto\/rk-hd41300\/","og_locale":"pt_BR","og_type":"article","og_title":"Model: RK-HD41300 - LED Solution Provider | OEM&amp;ODM | 15+ Years","og_description":"The unit utilizes advanced magnetic materials imported, which possess strong resistance to magnetic saturation, offering high output efficiency, powerful output, and stable operation.  The internal layout of the entire machine is scientifically designed for airflow, with high-efficiency aluminum heat sinks and variable-speed cooling fans ensuring the amplifier operates at lower temperatures.  A comprehensive protection circuit ensures the safety of the equipment, including DC output protection, overload protection, short circuit protection, and overheating protection.  It features a design with low distortion, wide frequency band, low noise, and clipping distortion limiting circuits.  The use of an advanced full-bridge switch-mode power supply system with a comprehensive protection circuit.","og_url":"https:\/\/www.rkmega.com\/pt\/produto\/rk-hd41300\/","og_site_name":"LED Solution Provider | OEM&amp;ODM | 15+ Years","article_modified_time":"2025-04-23T09:57:26+00:00","og_image":[{"width":1600,"height":1200,"url":"https:\/\/www.rkmega.com\/wp-content\/uploads\/2024\/12\/Quad-Channel-Amp-1300W-RK-HD41300-.jpg","type":"image\/jpeg"}],"twitter_card":"summary_large_image","schema":{"@context":"https:\/\/schema.org","@graph":[{"@type":"WebPage","@id":"https:\/\/www.rkmega.com\/product\/rk-hd41300\/","url":"https:\/\/www.rkmega.com\/product\/rk-hd41300\/","name":"Model: RK-HD41300 - LED Solution Provider | OEM&amp;ODM | 15+ Years","isPartOf":{"@id":"https:\/\/www.rkmega.com\/#website"},"primaryImageOfPage":{"@id":"https:\/\/www.rkmega.com\/product\/rk-hd41300\/#primaryimage"},"image":{"@id":"https:\/\/www.rkmega.com\/product\/rk-hd41300\/#primaryimage"},"thumbnailUrl":"https:\/\/www.rkmega.com\/wp-content\/uploads\/2024\/12\/Quad-Channel-Amp-1300W-RK-HD41300-.jpg","datePublished":"2024-12-31T08:08:58+00:00","dateModified":"2025-04-23T09:57:26+00:00","breadcrumb":{"@id":"https:\/\/www.rkmega.com\/product\/rk-hd41300\/#breadcrumb"},"inLanguage":"pt-BR","potentialAction":[{"@type":"ReadAction","target":["https:\/\/www.rkmega.com\/product\/rk-hd41300\/"]}]},{"@type":"ImageObject","inLanguage":"pt-BR","@id":"https:\/\/www.rkmega.com\/product\/rk-hd41300\/#primaryimage","url":"https:\/\/www.rkmega.com\/wp-content\/uploads\/2024\/12\/Quad-Channel-Amp-1300W-RK-HD41300-.jpg","contentUrl":"https:\/\/www.rkmega.com\/wp-content\/uploads\/2024\/12\/Quad-Channel-Amp-1300W-RK-HD41300-.jpg","width":1600,"height":1200},{"@type":"BreadcrumbList","@id":"https:\/\/www.rkmega.com\/product\/rk-hd41300\/#breadcrumb","itemListElement":[{"@type":"ListItem","position":1,"name":"Home","item":"https:\/\/www.rkmega.com\/"},{"@type":"ListItem","position":2,"name":"Store","item":"https:\/\/www.rkmega.com\/store\/"},{"@type":"ListItem","position":3,"name":"Model: RK-HD41300"}]},{"@type":"WebSite","@id":"https:\/\/www.rkmega.com\/#website","url":"https:\/\/www.rkmega.com\/","name":"LED DISPLAY","description":"","publisher":{"@id":"https:\/\/www.rkmega.com\/#organization"},"potentialAction":[{"@type":"SearchAction","target":{"@type":"EntryPoint","urlTemplate":"https:\/\/www.rkmega.com\/?s={search_term_string}"},"query-input":{"@type":"PropertyValueSpecification","valueRequired":true,"valueName":"search_term_string"}}],"inLanguage":"pt-BR"},{"@type":"Organization","@id":"https:\/\/www.rkmega.com\/#organization","name":"RKMEGA","url":"https:\/\/www.rkmega.com\/","logo":{"@type":"ImageObject","inLanguage":"pt-BR","@id":"https:\/\/www.rkmega.com\/#\/schema\/logo\/image\/","url":"https:\/\/www.rkmega.com\/wp-content\/uploads\/2024\/12\/cropped-LOGO180X60-2.png","contentUrl":"https:\/\/www.rkmega.com\/wp-content\/uploads\/2024\/12\/cropped-LOGO180X60-2.png","width":180,"height":60,"caption":"RKMEGA"},"image":{"@id":"https:\/\/www.rkmega.com\/#\/schema\/logo\/image\/"}}]}},"_links":{"self":[{"href":"https:\/\/www.rkmega.com\/pt\/wp-json\/wp\/v2\/product\/5775","targetHints":{"allow":["GET"]}}],"collection":[{"href":"https:\/\/www.rkmega.com\/pt\/wp-json\/wp\/v2\/product"}],"about":[{"href":"https:\/\/www.rkmega.com\/pt\/wp-json\/wp\/v2\/types\/product"}],"replies":[{"embeddable":true,"href":"https:\/\/www.rkmega.com\/pt\/wp-json\/wp\/v2\/comments?post=5775"}],"version-history":[{"count":2,"href":"https:\/\/www.rkmega.com\/pt\/wp-json\/wp\/v2\/product\/5775\/revisions"}],"predecessor-version":[{"id":6246,"href":"https:\/\/www.rkmega.com\/pt\/wp-json\/wp\/v2\/product\/5775\/revisions\/6246"}],"wp:featuredmedia":[{"embeddable":true,"href":"https:\/\/www.rkmega.com\/pt\/wp-json\/wp\/v2\/media\/5776"}],"wp:attachment":[{"href":"https:\/\/www.rkmega.com\/pt\/wp-json\/wp\/v2\/media?parent=5775"}],"wp:term":[{"taxonomy":"product_cat","embeddable":true,"href":"https:\/\/www.rkmega.com\/pt\/wp-json\/wp\/v2\/product_cat?post=5775"},{"taxonomy":"product_tag","embeddable":true,"href":"https:\/\/www.rkmega.com\/pt\/wp-json\/wp\/v2\/product_tag?post=5775"}],"curies":[{"name":"wp","href":"https:\/\/api.w.org\/{rel}","templated":true}]}}