{"id":5778,"date":"2024-12-31T16:10:06","date_gmt":"2024-12-31T08:10:06","guid":{"rendered":"https:\/\/www.rkmega.com\/?post_type=product&#038;p=5778"},"modified":"2025-04-23T17:57:06","modified_gmt":"2025-04-23T09:57:06","slug":"rk-md1500","status":"publish","type":"product","link":"https:\/\/www.rkmega.com\/pt\/produto\/rk-md1500\/","title":{"rendered":"Modelo: RK-MD1500"},"content":{"rendered":"<table>\n<tbody>\n<tr>\n<td><strong><b>Nome do par\u00e2metro<\/b><\/strong><\/td>\n<td><strong><b>Valor do par\u00e2metro<\/b><\/strong><\/td>\n<\/tr>\n<tr>\n<td>Pot\u00eancia nominal em 8\u03a9<\/td>\n<td>2x1500W<\/td>\n<\/tr>\n<tr>\n<td>Pot\u00eancia nominal em 4\u03a9<\/td>\n<td>2x2400W<\/td>\n<\/tr>\n<tr>\n<td>Pot\u00eancia em ponte a 8\u03a9<\/td>\n<td>4800W<\/td>\n<\/tr>\n<tr>\n<td>Resposta de frequ\u00eancia<\/td>\n<td>20Hz-20kHz: +\/-1dB<\/td>\n<\/tr>\n<tr>\n<td>Distor\u00e7\u00e3o harm\u00f4nica<\/td>\n<td>&lt;0,1%<\/td>\n<\/tr>\n<tr>\n<td>Taxa de varia\u00e7\u00e3o<\/td>\n<td>25V\/us<\/td>\n<\/tr>\n<tr>\n<td>Fator de amortecimento<\/td>\n<td>\u2265300 (1kHz, 8\u03a9)<\/td>\n<\/tr>\n<tr>\n<td>Sensibilidade de entrada<\/td>\n<td>23dB, 26dB, 29dB, 32dB, 35dB, 38dB, 41dB, 44dB (oito op\u00e7\u00f5es dispon\u00edveis)<\/td>\n<\/tr>\n<tr>\n<td>Imped\u00e2ncia de entrada<\/td>\n<td>20k\u03a9 balanceado \/ 10k\u03a9 n\u00e3o balanceado<\/td>\n<\/tr>\n<tr>\n<td>Rela\u00e7\u00e3o sinal-ru\u00eddo<\/td>\n<td>\u2265100dB (pondera\u00e7\u00e3o A)<\/td>\n<\/tr>\n<tr>\n<td>Ganho de tens\u00e3o<\/td>\n<td>30dB<\/td>\n<\/tr>\n<tr>\n<td>Faixa din\u00e2mica<\/td>\n<td>&gt;90dB<\/td>\n<\/tr>\n<tr>\n<td>Conector de entrada<\/td>\n<td>XLR macho e f\u00eamea<\/td>\n<\/tr>\n<tr>\n<td>Conector de sa\u00edda<\/td>\n<td>Postos de liga\u00e7\u00e3o, SPEAKON<\/td>\n<\/tr>\n<tr>\n<td>Necessidade de energia<\/td>\n<td>AC220V ~ 50-60Hz<\/td>\n<\/tr>\n<tr>\n<td>Faixa de tens\u00e3o<\/td>\n<td>AC190-250V ~ 50-60Hz<\/td>\n<\/tr>\n<tr>\n<td>Circuito de prote\u00e7\u00e3o<\/td>\n<td>Partida suave, prote\u00e7\u00e3o CC, prote\u00e7\u00e3o contra curto-circuito\/sobrecarga, anti-impacto e limitador<\/td>\n<\/tr>\n<tr>\n<td>Dimens\u00f5es da m\u00e1quina<\/td>\n<td>482 mm x 395 mm x 88 mm<\/td>\n<\/tr>\n<tr>\n<td>Peso l\u00edquido<\/td>\n<td>21Kg<\/td>\n<\/tr>\n<\/tbody>\n<\/table>","protected":false},"excerpt":{"rendered":"<p>Essa unidade emprega a tecnologia de circuito de topologia Classe AB, conhecida por sua convers\u00e3o de energia de alta efici\u00eancia e layout de circuito sofisticado. Ela apresenta um projeto de transformador toroidal de pot\u00eancia ultra-alta fabricado com materiais de n\u00facleo importados e \u00e9 equipada com um capacitor eletrol\u00edtico de capacidade ultra-alta de 10000\u03bcF (microfarad) para fornecer ao amplificador energia est\u00e1vel e ampla, garantindo sa\u00edda de pot\u00eancia cont\u00ednua e alta densidade de pot\u00eancia. O sistema de resfriamento \u00e9 altamente eficiente, com um sistema de orienta\u00e7\u00e3o de ar interno que direciona o fluxo de ar da frente para tr\u00e1s, e a velocidade do ventilador aumenta automaticamente com o aumento da temperatura interna para melhorar a dissipa\u00e7\u00e3o de calor. Os recursos abrangentes de prote\u00e7\u00e3o incluem: partida suave, prote\u00e7\u00e3o contra corrente cont\u00ednua, prote\u00e7\u00e3o contra superaquecimento e sobrecarga, anti-impacto e limita\u00e7\u00e3o. O painel frontal \u00e9 equipado com bot\u00f5es precisos de controle de volume e inclui luzes indicadoras de falha, recorte, sinal e status de energia.<\/p>","protected":false},"featured_media":5779,"comment_status":"open","ping_status":"closed","template":"","meta":{"site-sidebar-layout":"default","site-content-layout":"","ast-site-content-layout":"default","site-content-style":"default","site-sidebar-style":"default","ast-global-header-display":"","ast-banner-title-visibility":"","ast-main-header-display":"","ast-hfb-above-header-display":"","ast-hfb-below-header-display":"","ast-hfb-mobile-header-display":"","site-post-title":"","ast-breadcrumbs-content":"","ast-featured-img":"","footer-sml-layout":"","theme-transparent-header-meta":"default","adv-header-id-meta":"","stick-header-meta":"","header-above-stick-meta":"","header-main-stick-meta":"","header-below-stick-meta":"","astra-migrate-meta-layouts":"set","ast-page-background-enabled":"default","ast-page-background-meta":{"desktop":{"background-color":"","background-image":"","background-repeat":"repeat","background-position":"center center","background-size":"auto","background-attachment":"scroll","background-type":"","background-media":"","overlay-type":"","overlay-color":"","overlay-opacity":"","overlay-gradient":""},"tablet":{"background-color":"","background-image":"","background-repeat":"repeat","background-position":"center center","background-size":"auto","background-attachment":"scroll","background-type":"","background-media":"","overlay-type":"","overlay-color":"","overlay-opacity":"","overlay-gradient":""},"mobile":{"background-color":"","background-image":"","background-repeat":"repeat","background-position":"center center","background-size":"auto","background-attachment":"scroll","background-type":"","background-media":"","overlay-type":"","overlay-color":"","overlay-opacity":"","overlay-gradient":""}},"ast-content-background-meta":{"desktop":{"background-color":"var(--ast-global-color-5)","background-image":"","background-repeat":"repeat","background-position":"center center","background-size":"auto","background-attachment":"scroll","background-type":"","background-media":"","overlay-type":"","overlay-color":"","overlay-opacity":"","overlay-gradient":""},"tablet":{"background-color":"var(--ast-global-color-5)","background-image":"","background-repeat":"repeat","background-position":"center center","background-size":"auto","background-attachment":"scroll","background-type":"","background-media":"","overlay-type":"","overlay-color":"","overlay-opacity":"","overlay-gradient":""},"mobile":{"background-color":"var(--ast-global-color-5)","background-image":"","background-repeat":"repeat","background-position":"center center","background-size":"auto","background-attachment":"scroll","background-type":"","background-media":"","overlay-type":"","overlay-color":"","overlay-opacity":"","overlay-gradient":""}}},"product_cat":[86],"product_tag":[],"class_list":{"0":"post-5778","1":"product","2":"type-product","3":"status-publish","4":"has-post-thumbnail","6":"product_cat-sound-system","7":"desktop-align-left","8":"tablet-align-left","9":"mobile-align-left","11":"first","12":"instock","13":"shipping-taxable","14":"product-type-simple"},"yoast_head":"<!-- This site is optimized with the Yoast SEO plugin v24.9 - https:\/\/yoast.com\/wordpress\/plugins\/seo\/ -->\n<title>Model: RK-MD1500 - LED Solution Provider | OEM&amp;ODM | 15+ Years<\/title>\n<meta name=\"robots\" content=\"index, follow, max-snippet:-1, max-image-preview:large, max-video-preview:-1\" \/>\n<link rel=\"canonical\" href=\"https:\/\/www.rkmega.com\/pt\/produto\/rk-md1500\/\" \/>\n<meta property=\"og:locale\" content=\"pt_BR\" \/>\n<meta property=\"og:type\" content=\"article\" \/>\n<meta property=\"og:title\" content=\"Model: RK-MD1500 - LED Solution Provider | OEM&amp;ODM | 15+ Years\" \/>\n<meta property=\"og:description\" content=\"This unit employs Class AB topology circuit technology, which is known for its high-efficiency power conversion and sophisticated circuit layout. It features an ultra-high power toroidal transformer design manufactured with imported core materials, and is equipped with a 10000\u03bcF (microfarad) ultra-high capacity electrolytic capacitor to supply the amplifier with stable and ample energy, ensuring continuous power output and high power density. The cooling system is highly efficient, with an internal air guidance system that directs airflow from front to back, and the fan speed increases automatically with the rise in internal temperature to enhance heat dissipation. Comprehensive protection features include: soft start, direct current protection, overheating and overload protection, anti-impact, and limiting. The front panel is equipped with precise volume control knobs, and includes indicator lights for fault, clipping, signal, and power status.\" \/>\n<meta property=\"og:url\" content=\"https:\/\/www.rkmega.com\/pt\/produto\/rk-md1500\/\" \/>\n<meta property=\"og:site_name\" content=\"LED Solution Provider | OEM&amp;ODM | 15+ Years\" \/>\n<meta property=\"article:modified_time\" content=\"2025-04-23T09:57:06+00:00\" \/>\n<meta property=\"og:image\" content=\"https:\/\/www.rkmega.com\/wp-content\/uploads\/2024\/12\/Dual-Channel-Amp-1500W-RK-MD1500-.jpg\" \/>\n\t<meta property=\"og:image:width\" content=\"1600\" \/>\n\t<meta property=\"og:image:height\" content=\"1200\" \/>\n\t<meta property=\"og:image:type\" content=\"image\/jpeg\" \/>\n<meta name=\"twitter:card\" content=\"summary_large_image\" \/>\n<meta name=\"twitter:label1\" content=\"Est. tempo de leitura\" \/>\n\t<meta name=\"twitter:data1\" content=\"1 minuto\" \/>\n<script type=\"application\/ld+json\" class=\"yoast-schema-graph\">{\"@context\":\"https:\/\/schema.org\",\"@graph\":[{\"@type\":\"WebPage\",\"@id\":\"https:\/\/www.rkmega.com\/product\/rk-md1500\/\",\"url\":\"https:\/\/www.rkmega.com\/product\/rk-md1500\/\",\"name\":\"Model: RK-MD1500 - LED Solution Provider | OEM&amp;ODM | 15+ Years\",\"isPartOf\":{\"@id\":\"https:\/\/www.rkmega.com\/#website\"},\"primaryImageOfPage\":{\"@id\":\"https:\/\/www.rkmega.com\/product\/rk-md1500\/#primaryimage\"},\"image\":{\"@id\":\"https:\/\/www.rkmega.com\/product\/rk-md1500\/#primaryimage\"},\"thumbnailUrl\":\"https:\/\/www.rkmega.com\/wp-content\/uploads\/2024\/12\/Dual-Channel-Amp-1500W-RK-MD1500-.jpg\",\"datePublished\":\"2024-12-31T08:10:06+00:00\",\"dateModified\":\"2025-04-23T09:57:06+00:00\",\"breadcrumb\":{\"@id\":\"https:\/\/www.rkmega.com\/product\/rk-md1500\/#breadcrumb\"},\"inLanguage\":\"pt-BR\",\"potentialAction\":[{\"@type\":\"ReadAction\",\"target\":[\"https:\/\/www.rkmega.com\/product\/rk-md1500\/\"]}]},{\"@type\":\"ImageObject\",\"inLanguage\":\"pt-BR\",\"@id\":\"https:\/\/www.rkmega.com\/product\/rk-md1500\/#primaryimage\",\"url\":\"https:\/\/www.rkmega.com\/wp-content\/uploads\/2024\/12\/Dual-Channel-Amp-1500W-RK-MD1500-.jpg\",\"contentUrl\":\"https:\/\/www.rkmega.com\/wp-content\/uploads\/2024\/12\/Dual-Channel-Amp-1500W-RK-MD1500-.jpg\",\"width\":1600,\"height\":1200},{\"@type\":\"BreadcrumbList\",\"@id\":\"https:\/\/www.rkmega.com\/product\/rk-md1500\/#breadcrumb\",\"itemListElement\":[{\"@type\":\"ListItem\",\"position\":1,\"name\":\"Home\",\"item\":\"https:\/\/www.rkmega.com\/\"},{\"@type\":\"ListItem\",\"position\":2,\"name\":\"Store\",\"item\":\"https:\/\/www.rkmega.com\/store\/\"},{\"@type\":\"ListItem\",\"position\":3,\"name\":\"Model: RK-MD1500\"}]},{\"@type\":\"WebSite\",\"@id\":\"https:\/\/www.rkmega.com\/#website\",\"url\":\"https:\/\/www.rkmega.com\/\",\"name\":\"LED DISPLAY\",\"description\":\"\",\"publisher\":{\"@id\":\"https:\/\/www.rkmega.com\/#organization\"},\"potentialAction\":[{\"@type\":\"SearchAction\",\"target\":{\"@type\":\"EntryPoint\",\"urlTemplate\":\"https:\/\/www.rkmega.com\/?s={search_term_string}\"},\"query-input\":{\"@type\":\"PropertyValueSpecification\",\"valueRequired\":true,\"valueName\":\"search_term_string\"}}],\"inLanguage\":\"pt-BR\"},{\"@type\":\"Organization\",\"@id\":\"https:\/\/www.rkmega.com\/#organization\",\"name\":\"RKMEGA\",\"url\":\"https:\/\/www.rkmega.com\/\",\"logo\":{\"@type\":\"ImageObject\",\"inLanguage\":\"pt-BR\",\"@id\":\"https:\/\/www.rkmega.com\/#\/schema\/logo\/image\/\",\"url\":\"https:\/\/www.rkmega.com\/wp-content\/uploads\/2024\/12\/cropped-LOGO180X60-2.png\",\"contentUrl\":\"https:\/\/www.rkmega.com\/wp-content\/uploads\/2024\/12\/cropped-LOGO180X60-2.png\",\"width\":180,\"height\":60,\"caption\":\"RKMEGA\"},\"image\":{\"@id\":\"https:\/\/www.rkmega.com\/#\/schema\/logo\/image\/\"}}]}<\/script>\n<!-- \/ Yoast SEO plugin. -->","yoast_head_json":{"title":"Model: RK-MD1500 - LED Solution Provider | OEM&amp;ODM | 15+ Years","robots":{"index":"index","follow":"follow","max-snippet":"max-snippet:-1","max-image-preview":"max-image-preview:large","max-video-preview":"max-video-preview:-1"},"canonical":"https:\/\/www.rkmega.com\/pt\/produto\/rk-md1500\/","og_locale":"pt_BR","og_type":"article","og_title":"Model: RK-MD1500 - LED Solution Provider | OEM&amp;ODM | 15+ Years","og_description":"This unit employs Class AB topology circuit technology, which is known for its high-efficiency power conversion and sophisticated circuit layout. It features an ultra-high power toroidal transformer design manufactured with imported core materials, and is equipped with a 10000\u03bcF (microfarad) ultra-high capacity electrolytic capacitor to supply the amplifier with stable and ample energy, ensuring continuous power output and high power density. The cooling system is highly efficient, with an internal air guidance system that directs airflow from front to back, and the fan speed increases automatically with the rise in internal temperature to enhance heat dissipation. Comprehensive protection features include: soft start, direct current protection, overheating and overload protection, anti-impact, and limiting. The front panel is equipped with precise volume control knobs, and includes indicator lights for fault, clipping, signal, and power status.","og_url":"https:\/\/www.rkmega.com\/pt\/produto\/rk-md1500\/","og_site_name":"LED Solution Provider | OEM&amp;ODM | 15+ Years","article_modified_time":"2025-04-23T09:57:06+00:00","og_image":[{"width":1600,"height":1200,"url":"https:\/\/www.rkmega.com\/wp-content\/uploads\/2024\/12\/Dual-Channel-Amp-1500W-RK-MD1500-.jpg","type":"image\/jpeg"}],"twitter_card":"summary_large_image","twitter_misc":{"Est. tempo de leitura":"1 minuto"},"schema":{"@context":"https:\/\/schema.org","@graph":[{"@type":"WebPage","@id":"https:\/\/www.rkmega.com\/product\/rk-md1500\/","url":"https:\/\/www.rkmega.com\/product\/rk-md1500\/","name":"Model: RK-MD1500 - LED Solution Provider | OEM&amp;ODM | 15+ Years","isPartOf":{"@id":"https:\/\/www.rkmega.com\/#website"},"primaryImageOfPage":{"@id":"https:\/\/www.rkmega.com\/product\/rk-md1500\/#primaryimage"},"image":{"@id":"https:\/\/www.rkmega.com\/product\/rk-md1500\/#primaryimage"},"thumbnailUrl":"https:\/\/www.rkmega.com\/wp-content\/uploads\/2024\/12\/Dual-Channel-Amp-1500W-RK-MD1500-.jpg","datePublished":"2024-12-31T08:10:06+00:00","dateModified":"2025-04-23T09:57:06+00:00","breadcrumb":{"@id":"https:\/\/www.rkmega.com\/product\/rk-md1500\/#breadcrumb"},"inLanguage":"pt-BR","potentialAction":[{"@type":"ReadAction","target":["https:\/\/www.rkmega.com\/product\/rk-md1500\/"]}]},{"@type":"ImageObject","inLanguage":"pt-BR","@id":"https:\/\/www.rkmega.com\/product\/rk-md1500\/#primaryimage","url":"https:\/\/www.rkmega.com\/wp-content\/uploads\/2024\/12\/Dual-Channel-Amp-1500W-RK-MD1500-.jpg","contentUrl":"https:\/\/www.rkmega.com\/wp-content\/uploads\/2024\/12\/Dual-Channel-Amp-1500W-RK-MD1500-.jpg","width":1600,"height":1200},{"@type":"BreadcrumbList","@id":"https:\/\/www.rkmega.com\/product\/rk-md1500\/#breadcrumb","itemListElement":[{"@type":"ListItem","position":1,"name":"Home","item":"https:\/\/www.rkmega.com\/"},{"@type":"ListItem","position":2,"name":"Store","item":"https:\/\/www.rkmega.com\/store\/"},{"@type":"ListItem","position":3,"name":"Model: RK-MD1500"}]},{"@type":"WebSite","@id":"https:\/\/www.rkmega.com\/#website","url":"https:\/\/www.rkmega.com\/","name":"LED DISPLAY","description":"","publisher":{"@id":"https:\/\/www.rkmega.com\/#organization"},"potentialAction":[{"@type":"SearchAction","target":{"@type":"EntryPoint","urlTemplate":"https:\/\/www.rkmega.com\/?s={search_term_string}"},"query-input":{"@type":"PropertyValueSpecification","valueRequired":true,"valueName":"search_term_string"}}],"inLanguage":"pt-BR"},{"@type":"Organization","@id":"https:\/\/www.rkmega.com\/#organization","name":"RKMEGA","url":"https:\/\/www.rkmega.com\/","logo":{"@type":"ImageObject","inLanguage":"pt-BR","@id":"https:\/\/www.rkmega.com\/#\/schema\/logo\/image\/","url":"https:\/\/www.rkmega.com\/wp-content\/uploads\/2024\/12\/cropped-LOGO180X60-2.png","contentUrl":"https:\/\/www.rkmega.com\/wp-content\/uploads\/2024\/12\/cropped-LOGO180X60-2.png","width":180,"height":60,"caption":"RKMEGA"},"image":{"@id":"https:\/\/www.rkmega.com\/#\/schema\/logo\/image\/"}}]}},"_links":{"self":[{"href":"https:\/\/www.rkmega.com\/pt\/wp-json\/wp\/v2\/product\/5778","targetHints":{"allow":["GET"]}}],"collection":[{"href":"https:\/\/www.rkmega.com\/pt\/wp-json\/wp\/v2\/product"}],"about":[{"href":"https:\/\/www.rkmega.com\/pt\/wp-json\/wp\/v2\/types\/product"}],"replies":[{"embeddable":true,"href":"https:\/\/www.rkmega.com\/pt\/wp-json\/wp\/v2\/comments?post=5778"}],"version-history":[{"count":2,"href":"https:\/\/www.rkmega.com\/pt\/wp-json\/wp\/v2\/product\/5778\/revisions"}],"predecessor-version":[{"id":6245,"href":"https:\/\/www.rkmega.com\/pt\/wp-json\/wp\/v2\/product\/5778\/revisions\/6245"}],"wp:featuredmedia":[{"embeddable":true,"href":"https:\/\/www.rkmega.com\/pt\/wp-json\/wp\/v2\/media\/5779"}],"wp:attachment":[{"href":"https:\/\/www.rkmega.com\/pt\/wp-json\/wp\/v2\/media?parent=5778"}],"wp:term":[{"taxonomy":"product_cat","embeddable":true,"href":"https:\/\/www.rkmega.com\/pt\/wp-json\/wp\/v2\/product_cat?post=5778"},{"taxonomy":"product_tag","embeddable":true,"href":"https:\/\/www.rkmega.com\/pt\/wp-json\/wp\/v2\/product_tag?post=5778"}],"curies":[{"name":"wp","href":"https:\/\/api.w.org\/{rel}","templated":true}]}}