{"id":5790,"date":"2024-12-31T16:14:41","date_gmt":"2024-12-31T08:14:41","guid":{"rendered":"https:\/\/www.rkmega.com\/?post_type=product&#038;p=5790"},"modified":"2025-04-23T17:55:57","modified_gmt":"2025-04-23T09:55:57","slug":"rk-qf10","status":"publish","type":"product","link":"https:\/\/www.rkmega.com\/pt\/produto\/rk-qf10\/","title":{"rendered":"Modelo: RK-QF10"},"content":{"rendered":"<table>\n<tbody>\n<tr>\n<td><strong><b>Nome do par\u00e2metro<\/b><\/strong><\/td>\n<td><strong><b>Valor do par\u00e2metro<\/b><\/strong><\/td>\n<\/tr>\n<tr>\n<td>Tipo de sistema<\/td>\n<td>Reflexo de graves com crossover de 2 vias<\/td>\n<\/tr>\n<tr>\n<td>Modo Crossover<\/td>\n<td>Crossover embutido<\/td>\n<\/tr>\n<tr>\n<td>Aplica\u00e7\u00e3o do produto<\/td>\n<td>Sal\u00f5es multiuso, sal\u00f5es de banquetes, salas de confer\u00eancia, clubes de performance, sistemas de \u00e1udio educacionais e outros locais<\/td>\n<\/tr>\n<tr>\n<td>Configura\u00e7\u00e3o do driver<\/td>\n<td>Driver de baixa frequ\u00eancia de ferrite 10\u2033x1, driver de alta frequ\u00eancia de ferrite 1\u2033x1<\/td>\n<\/tr>\n<tr>\n<td>Faixa de frequ\u00eancia (-10 dB)<\/td>\n<td>50 Hz - 20 KHz<\/td>\n<\/tr>\n<tr>\n<td>Resposta de frequ\u00eancia (\u00b13 dB)<\/td>\n<td>85 Hz - 20 KHz<\/td>\n<\/tr>\n<tr>\n<td>Pot\u00eancia nominal<\/td>\n<td>200W\/400W\/800W (cont\u00ednuo\/sinal de m\u00fasica\/pico)<\/td>\n<\/tr>\n<tr>\n<td>Imped\u00e2ncia nominal<\/td>\n<td>8\u03a9<\/td>\n<\/tr>\n<tr>\n<td>Sensibilidade<\/td>\n<td>94 dB<\/td>\n<\/tr>\n<tr>\n<td>Diretividade<\/td>\n<td>70\u00b0 x 100\u00b0 (HxV)<\/td>\n<\/tr>\n<tr>\n<td>N\u00edvel m\u00e1ximo de press\u00e3o sonora<\/td>\n<td>117dB@200w (120dB@400w)<\/td>\n<\/tr>\n<tr>\n<td>Conector<\/td>\n<td>Alto-falante NL4X2<\/td>\n<\/tr>\n<tr>\n<td>Tratamento de superf\u00edcie<\/td>\n<td>Tinta preta \u00e0 base de \u00e1gua<\/td>\n<\/tr>\n<tr>\n<td>Peso (cada)<\/td>\n<td>9,7 kg<\/td>\n<\/tr>\n<tr>\n<td>Dimens\u00f5es do gabinete (AxLxP)<\/td>\n<td>495 mm x 268 (200) mm x 262 mm<\/td>\n<\/tr>\n<\/tbody>\n<\/table>","protected":false},"excerpt":{"rendered":"<p>O alto-falante utiliza um gabinete trapezoidal robusto e de baixa resson\u00e2ncia que \u00e9 duro e pesado, oferecendo excelentes caracter\u00edsticas de amortecimento de baixa frequ\u00eancia, baixa colora\u00e7\u00e3o sonora e aumentando significativamente a pureza do som.<\/p>\n<p>Ele apresenta um driver de baixa frequ\u00eancia de ferrite que mant\u00e9m a delicadeza original do som e, ao mesmo tempo, proporciona uma sa\u00edda de baixa frequ\u00eancia mais potente.<\/p>\n<p>A alta efici\u00eancia de convers\u00e3o facilita o emparelhamento com amplificadores de pot\u00eancia, tornando os problemas de condu\u00e7\u00e3o facilmente gerenci\u00e1veis.<\/p>\n<p>Ele tem um circuito de crossover integrado rigorosamente projetado que oferece desempenho superior de divis\u00e3o de frequ\u00eancia de sinal.<\/p>\n<p>Equipado com um circuito de prote\u00e7\u00e3o din\u00e2mica de alta frequ\u00eancia, ele garante prote\u00e7\u00e3o eficaz para o alto-falante em condi\u00e7\u00f5es de alta sa\u00edda cont\u00ednua.<\/p>","protected":false},"featured_media":5791,"comment_status":"open","ping_status":"closed","template":"","meta":{"site-sidebar-layout":"default","site-content-layout":"","ast-site-content-layout":"default","site-content-style":"default","site-sidebar-style":"default","ast-global-header-display":"","ast-banner-title-visibility":"","ast-main-header-display":"","ast-hfb-above-header-display":"","ast-hfb-below-header-display":"","ast-hfb-mobile-header-display":"","site-post-title":"","ast-breadcrumbs-content":"","ast-featured-img":"","footer-sml-layout":"","theme-transparent-header-meta":"default","adv-header-id-meta":"","stick-header-meta":"","header-above-stick-meta":"","header-main-stick-meta":"","header-below-stick-meta":"","astra-migrate-meta-layouts":"set","ast-page-background-enabled":"default","ast-page-background-meta":{"desktop":{"background-color":"","background-image":"","background-repeat":"repeat","background-position":"center center","background-size":"auto","background-attachment":"scroll","background-type":"","background-media":"","overlay-type":"","overlay-color":"","overlay-opacity":"","overlay-gradient":""},"tablet":{"background-color":"","background-image":"","background-repeat":"repeat","background-position":"center center","background-size":"auto","background-attachment":"scroll","background-type":"","background-media":"","overlay-type":"","overlay-color":"","overlay-opacity":"","overlay-gradient":""},"mobile":{"background-color":"","background-image":"","background-repeat":"repeat","background-position":"center center","background-size":"auto","background-attachment":"scroll","background-type":"","background-media":"","overlay-type":"","overlay-color":"","overlay-opacity":"","overlay-gradient":""}},"ast-content-background-meta":{"desktop":{"background-color":"var(--ast-global-color-5)","background-image":"","background-repeat":"repeat","background-position":"center center","background-size":"auto","background-attachment":"scroll","background-type":"","background-media":"","overlay-type":"","overlay-color":"","overlay-opacity":"","overlay-gradient":""},"tablet":{"background-color":"var(--ast-global-color-5)","background-image":"","background-repeat":"repeat","background-position":"center center","background-size":"auto","background-attachment":"scroll","background-type":"","background-media":"","overlay-type":"","overlay-color":"","overlay-opacity":"","overlay-gradient":""},"mobile":{"background-color":"var(--ast-global-color-5)","background-image":"","background-repeat":"repeat","background-position":"center center","background-size":"auto","background-attachment":"scroll","background-type":"","background-media":"","overlay-type":"","overlay-color":"","overlay-opacity":"","overlay-gradient":""}}},"product_cat":[86],"product_tag":[],"class_list":{"0":"post-5790","1":"product","2":"type-product","3":"status-publish","4":"has-post-thumbnail","6":"product_cat-sound-system","7":"desktop-align-left","8":"tablet-align-left","9":"mobile-align-left","11":"first","12":"instock","13":"shipping-taxable","14":"product-type-simple"},"yoast_head":"<!-- This site is optimized with the Yoast SEO plugin v24.9 - https:\/\/yoast.com\/wordpress\/plugins\/seo\/ -->\n<title>Model: RK-QF10 - LED Solution Provider | OEM&amp;ODM | 15+ Years<\/title>\n<meta name=\"robots\" content=\"index, follow, max-snippet:-1, max-image-preview:large, max-video-preview:-1\" \/>\n<link rel=\"canonical\" href=\"https:\/\/www.rkmega.com\/pt\/produto\/rk-qf10\/\" \/>\n<meta property=\"og:locale\" content=\"pt_BR\" \/>\n<meta property=\"og:type\" content=\"article\" \/>\n<meta property=\"og:title\" content=\"Model: RK-QF10 - LED Solution Provider | OEM&amp;ODM | 15+ Years\" \/>\n<meta property=\"og:description\" content=\"The speaker utilizes a robust, low-resonance trapezoidal enclosure that is hard and heavy, offering excellent low-frequency damping characteristics, low sound coloration, and significantly enhancing the purity of the sound.  It features a ferrite low-frequency driver that maintains the original delicacy of the sound while also providing more powerful low-frequency output.  The high conversion efficiency makes it easier to pair with power amplifiers, making driving issues easily manageable.  It has a rigorously designed built-in crossover circuit that offers superior signal frequency division performance.  Equipped with a high-frequency dynamic protection circuit, it ensures effective protection for the speaker under continuous high-output conditions.\" \/>\n<meta property=\"og:url\" content=\"https:\/\/www.rkmega.com\/pt\/produto\/rk-qf10\/\" \/>\n<meta property=\"og:site_name\" content=\"LED Solution Provider | OEM&amp;ODM | 15+ Years\" \/>\n<meta property=\"article:modified_time\" content=\"2025-04-23T09:55:57+00:00\" \/>\n<meta property=\"og:image\" content=\"https:\/\/www.rkmega.com\/wp-content\/uploads\/2024\/12\/10-inch-Full-Range-Speaker-RK-QF10.jpg\" \/>\n\t<meta property=\"og:image:width\" content=\"1600\" \/>\n\t<meta property=\"og:image:height\" content=\"1200\" \/>\n\t<meta property=\"og:image:type\" content=\"image\/jpeg\" \/>\n<meta name=\"twitter:card\" content=\"summary_large_image\" \/>\n<script type=\"application\/ld+json\" class=\"yoast-schema-graph\">{\"@context\":\"https:\/\/schema.org\",\"@graph\":[{\"@type\":\"WebPage\",\"@id\":\"https:\/\/www.rkmega.com\/product\/rk-qf10\/\",\"url\":\"https:\/\/www.rkmega.com\/product\/rk-qf10\/\",\"name\":\"Model: RK-QF10 - LED Solution Provider | OEM&amp;ODM | 15+ Years\",\"isPartOf\":{\"@id\":\"https:\/\/www.rkmega.com\/#website\"},\"primaryImageOfPage\":{\"@id\":\"https:\/\/www.rkmega.com\/product\/rk-qf10\/#primaryimage\"},\"image\":{\"@id\":\"https:\/\/www.rkmega.com\/product\/rk-qf10\/#primaryimage\"},\"thumbnailUrl\":\"https:\/\/www.rkmega.com\/wp-content\/uploads\/2024\/12\/10-inch-Full-Range-Speaker-RK-QF10.jpg\",\"datePublished\":\"2024-12-31T08:14:41+00:00\",\"dateModified\":\"2025-04-23T09:55:57+00:00\",\"breadcrumb\":{\"@id\":\"https:\/\/www.rkmega.com\/product\/rk-qf10\/#breadcrumb\"},\"inLanguage\":\"pt-BR\",\"potentialAction\":[{\"@type\":\"ReadAction\",\"target\":[\"https:\/\/www.rkmega.com\/product\/rk-qf10\/\"]}]},{\"@type\":\"ImageObject\",\"inLanguage\":\"pt-BR\",\"@id\":\"https:\/\/www.rkmega.com\/product\/rk-qf10\/#primaryimage\",\"url\":\"https:\/\/www.rkmega.com\/wp-content\/uploads\/2024\/12\/10-inch-Full-Range-Speaker-RK-QF10.jpg\",\"contentUrl\":\"https:\/\/www.rkmega.com\/wp-content\/uploads\/2024\/12\/10-inch-Full-Range-Speaker-RK-QF10.jpg\",\"width\":1600,\"height\":1200},{\"@type\":\"BreadcrumbList\",\"@id\":\"https:\/\/www.rkmega.com\/product\/rk-qf10\/#breadcrumb\",\"itemListElement\":[{\"@type\":\"ListItem\",\"position\":1,\"name\":\"Home\",\"item\":\"https:\/\/www.rkmega.com\/\"},{\"@type\":\"ListItem\",\"position\":2,\"name\":\"Store\",\"item\":\"https:\/\/www.rkmega.com\/store\/\"},{\"@type\":\"ListItem\",\"position\":3,\"name\":\"Model: RK-QF10\"}]},{\"@type\":\"WebSite\",\"@id\":\"https:\/\/www.rkmega.com\/#website\",\"url\":\"https:\/\/www.rkmega.com\/\",\"name\":\"LED DISPLAY\",\"description\":\"\",\"publisher\":{\"@id\":\"https:\/\/www.rkmega.com\/#organization\"},\"potentialAction\":[{\"@type\":\"SearchAction\",\"target\":{\"@type\":\"EntryPoint\",\"urlTemplate\":\"https:\/\/www.rkmega.com\/?s={search_term_string}\"},\"query-input\":{\"@type\":\"PropertyValueSpecification\",\"valueRequired\":true,\"valueName\":\"search_term_string\"}}],\"inLanguage\":\"pt-BR\"},{\"@type\":\"Organization\",\"@id\":\"https:\/\/www.rkmega.com\/#organization\",\"name\":\"RKMEGA\",\"url\":\"https:\/\/www.rkmega.com\/\",\"logo\":{\"@type\":\"ImageObject\",\"inLanguage\":\"pt-BR\",\"@id\":\"https:\/\/www.rkmega.com\/#\/schema\/logo\/image\/\",\"url\":\"https:\/\/www.rkmega.com\/wp-content\/uploads\/2024\/12\/cropped-LOGO180X60-2.png\",\"contentUrl\":\"https:\/\/www.rkmega.com\/wp-content\/uploads\/2024\/12\/cropped-LOGO180X60-2.png\",\"width\":180,\"height\":60,\"caption\":\"RKMEGA\"},\"image\":{\"@id\":\"https:\/\/www.rkmega.com\/#\/schema\/logo\/image\/\"}}]}<\/script>\n<!-- \/ Yoast SEO plugin. -->","yoast_head_json":{"title":"Model: RK-QF10 - LED Solution Provider | OEM&amp;ODM | 15+ Years","robots":{"index":"index","follow":"follow","max-snippet":"max-snippet:-1","max-image-preview":"max-image-preview:large","max-video-preview":"max-video-preview:-1"},"canonical":"https:\/\/www.rkmega.com\/pt\/produto\/rk-qf10\/","og_locale":"pt_BR","og_type":"article","og_title":"Model: RK-QF10 - LED Solution Provider | OEM&amp;ODM | 15+ Years","og_description":"The speaker utilizes a robust, low-resonance trapezoidal enclosure that is hard and heavy, offering excellent low-frequency damping characteristics, low sound coloration, and significantly enhancing the purity of the sound.  It features a ferrite low-frequency driver that maintains the original delicacy of the sound while also providing more powerful low-frequency output.  The high conversion efficiency makes it easier to pair with power amplifiers, making driving issues easily manageable.  It has a rigorously designed built-in crossover circuit that offers superior signal frequency division performance.  Equipped with a high-frequency dynamic protection circuit, it ensures effective protection for the speaker under continuous high-output conditions.","og_url":"https:\/\/www.rkmega.com\/pt\/produto\/rk-qf10\/","og_site_name":"LED Solution Provider | OEM&amp;ODM | 15+ Years","article_modified_time":"2025-04-23T09:55:57+00:00","og_image":[{"width":1600,"height":1200,"url":"https:\/\/www.rkmega.com\/wp-content\/uploads\/2024\/12\/10-inch-Full-Range-Speaker-RK-QF10.jpg","type":"image\/jpeg"}],"twitter_card":"summary_large_image","schema":{"@context":"https:\/\/schema.org","@graph":[{"@type":"WebPage","@id":"https:\/\/www.rkmega.com\/product\/rk-qf10\/","url":"https:\/\/www.rkmega.com\/product\/rk-qf10\/","name":"Model: RK-QF10 - LED Solution Provider | OEM&amp;ODM | 15+ Years","isPartOf":{"@id":"https:\/\/www.rkmega.com\/#website"},"primaryImageOfPage":{"@id":"https:\/\/www.rkmega.com\/product\/rk-qf10\/#primaryimage"},"image":{"@id":"https:\/\/www.rkmega.com\/product\/rk-qf10\/#primaryimage"},"thumbnailUrl":"https:\/\/www.rkmega.com\/wp-content\/uploads\/2024\/12\/10-inch-Full-Range-Speaker-RK-QF10.jpg","datePublished":"2024-12-31T08:14:41+00:00","dateModified":"2025-04-23T09:55:57+00:00","breadcrumb":{"@id":"https:\/\/www.rkmega.com\/product\/rk-qf10\/#breadcrumb"},"inLanguage":"pt-BR","potentialAction":[{"@type":"ReadAction","target":["https:\/\/www.rkmega.com\/product\/rk-qf10\/"]}]},{"@type":"ImageObject","inLanguage":"pt-BR","@id":"https:\/\/www.rkmega.com\/product\/rk-qf10\/#primaryimage","url":"https:\/\/www.rkmega.com\/wp-content\/uploads\/2024\/12\/10-inch-Full-Range-Speaker-RK-QF10.jpg","contentUrl":"https:\/\/www.rkmega.com\/wp-content\/uploads\/2024\/12\/10-inch-Full-Range-Speaker-RK-QF10.jpg","width":1600,"height":1200},{"@type":"BreadcrumbList","@id":"https:\/\/www.rkmega.com\/product\/rk-qf10\/#breadcrumb","itemListElement":[{"@type":"ListItem","position":1,"name":"Home","item":"https:\/\/www.rkmega.com\/"},{"@type":"ListItem","position":2,"name":"Store","item":"https:\/\/www.rkmega.com\/store\/"},{"@type":"ListItem","position":3,"name":"Model: RK-QF10"}]},{"@type":"WebSite","@id":"https:\/\/www.rkmega.com\/#website","url":"https:\/\/www.rkmega.com\/","name":"LED DISPLAY","description":"","publisher":{"@id":"https:\/\/www.rkmega.com\/#organization"},"potentialAction":[{"@type":"SearchAction","target":{"@type":"EntryPoint","urlTemplate":"https:\/\/www.rkmega.com\/?s={search_term_string}"},"query-input":{"@type":"PropertyValueSpecification","valueRequired":true,"valueName":"search_term_string"}}],"inLanguage":"pt-BR"},{"@type":"Organization","@id":"https:\/\/www.rkmega.com\/#organization","name":"RKMEGA","url":"https:\/\/www.rkmega.com\/","logo":{"@type":"ImageObject","inLanguage":"pt-BR","@id":"https:\/\/www.rkmega.com\/#\/schema\/logo\/image\/","url":"https:\/\/www.rkmega.com\/wp-content\/uploads\/2024\/12\/cropped-LOGO180X60-2.png","contentUrl":"https:\/\/www.rkmega.com\/wp-content\/uploads\/2024\/12\/cropped-LOGO180X60-2.png","width":180,"height":60,"caption":"RKMEGA"},"image":{"@id":"https:\/\/www.rkmega.com\/#\/schema\/logo\/image\/"}}]}},"_links":{"self":[{"href":"https:\/\/www.rkmega.com\/pt\/wp-json\/wp\/v2\/product\/5790","targetHints":{"allow":["GET"]}}],"collection":[{"href":"https:\/\/www.rkmega.com\/pt\/wp-json\/wp\/v2\/product"}],"about":[{"href":"https:\/\/www.rkmega.com\/pt\/wp-json\/wp\/v2\/types\/product"}],"replies":[{"embeddable":true,"href":"https:\/\/www.rkmega.com\/pt\/wp-json\/wp\/v2\/comments?post=5790"}],"version-history":[{"count":2,"href":"https:\/\/www.rkmega.com\/pt\/wp-json\/wp\/v2\/product\/5790\/revisions"}],"predecessor-version":[{"id":6241,"href":"https:\/\/www.rkmega.com\/pt\/wp-json\/wp\/v2\/product\/5790\/revisions\/6241"}],"wp:featuredmedia":[{"embeddable":true,"href":"https:\/\/www.rkmega.com\/pt\/wp-json\/wp\/v2\/media\/5791"}],"wp:attachment":[{"href":"https:\/\/www.rkmega.com\/pt\/wp-json\/wp\/v2\/media?parent=5790"}],"wp:term":[{"taxonomy":"product_cat","embeddable":true,"href":"https:\/\/www.rkmega.com\/pt\/wp-json\/wp\/v2\/product_cat?post=5790"},{"taxonomy":"product_tag","embeddable":true,"href":"https:\/\/www.rkmega.com\/pt\/wp-json\/wp\/v2\/product_tag?post=5790"}],"curies":[{"name":"wp","href":"https:\/\/api.w.org\/{rel}","templated":true}]}}