{"id":6399,"date":"2025-06-11T16:53:11","date_gmt":"2025-06-11T08:53:11","guid":{"rendered":"https:\/\/www.rkmega.com\/?post_type=product&#038;p=6399"},"modified":"2025-06-12T17:00:12","modified_gmt":"2025-06-12T09:00:12","slug":"cob-rental","status":"publish","type":"product","link":"https:\/\/www.rkmega.com\/pt\/produto\/cob-rental\/","title":{"rendered":"Display de aluguel COB-XR"},"content":{"rendered":"<h3>1\u3001<strong>M\u00f3dulo\u00a0<\/strong><\/h3>\n<table>\n<tbody>\n<tr>\n<td colspan=\"2\" width=\"158\"><strong>Tipo de LED<\/strong><\/td>\n<td width=\"158\">Flip-Chip COB<\/td>\n<td width=\"153\"><strong>Composi\u00e7\u00e3o de pixels<\/strong><\/td>\n<td width=\"153\">1R1G1B<\/td>\n<\/tr>\n<tr>\n<td colspan=\"5\" width=\"623\"><img fetchpriority=\"high\" decoding=\"async\" class=\"wp-image-6400 aligncenter\" src=\"https:\/\/www.rkmega.com\/wp-content\/uploads\/2025\/06\/\u56fe\u72474.png\" alt=\"\" width=\"576\" height=\"274\" srcset=\"https:\/\/www.rkmega.com\/wp-content\/uploads\/2025\/06\/\u56fe\u72474.png 847w, https:\/\/www.rkmega.com\/wp-content\/uploads\/2025\/06\/\u56fe\u72474-300x143.png 300w, https:\/\/www.rkmega.com\/wp-content\/uploads\/2025\/06\/\u56fe\u72474-768x365.png 768w, https:\/\/www.rkmega.com\/wp-content\/uploads\/2025\/06\/\u56fe\u72474-18x9.png 18w, https:\/\/www.rkmega.com\/wp-content\/uploads\/2025\/06\/\u56fe\u72474-600x285.png 600w\" sizes=\"(max-width: 576px) 100vw, 576px\" \/><\/td>\n<\/tr>\n<tr>\n<td width=\"53\">1<\/td>\n<td colspan=\"2\" width=\"263\">Pixel Pitch<\/td>\n<td colspan=\"2\" width=\"306\">P1.953mm<strong><b>\u00a04H fosco<\/b><\/strong><\/td>\n<\/tr>\n<tr>\n<td width=\"53\">2<\/td>\n<td colspan=\"2\" width=\"263\">Resolu\u00e7\u00f5es do m\u00f3dulo (L x A)<\/td>\n<td colspan=\"2\" width=\"306\">128\u00d7128pixels<\/td>\n<\/tr>\n<tr>\n<td width=\"53\">3<\/td>\n<td colspan=\"2\" width=\"263\">Tamanho do m\u00f3dulo (L x A)<\/td>\n<td colspan=\"2\" width=\"306\">250\u00d7250 mm<\/td>\n<\/tr>\n<tr>\n<td width=\"53\">4<\/td>\n<td colspan=\"2\" width=\"263\">M\u00f3dulo Pacote de LED<\/td>\n<td colspan=\"2\" width=\"306\">C\u00e1todo comum do flip-chip COB<\/td>\n<\/tr>\n<tr>\n<td width=\"53\">5<\/td>\n<td colspan=\"2\" width=\"263\">Planicidade do m\u00f3dulo<\/td>\n<td colspan=\"2\" width=\"306\">\uff1c0,1 mm<\/td>\n<\/tr>\n<tr>\n<td width=\"53\"><strong><b><a name=\"_Toc19312\"><\/a>6<\/b><\/strong><\/td>\n<td colspan=\"2\" width=\"263\"><strong><b>Cores da dispers\u00e3o<\/b><\/strong><\/td>\n<td colspan=\"2\" width=\"306\"><strong><b>4,4 trilh\u00f5es<\/b><\/strong><\/td>\n<\/tr>\n<tr>\n<td width=\"53\"><strong><b>7<\/b><\/strong><\/td>\n<td colspan=\"2\" width=\"263\"><strong><b>Densidade (ponto\/\u33a1\uff09)<\/b><\/strong><\/td>\n<td colspan=\"2\" width=\"306\"><strong><b>262144<\/b><\/strong><\/td>\n<\/tr>\n<\/tbody>\n<\/table>\n<h3>2\u3001<strong>Gabinete\u00a0<\/strong><\/h3>\n<table>\n<tbody>\n<tr>\n<td colspan=\"3\" width=\"623\">\n<p style=\"text-align: center;\"><img decoding=\"async\" class=\"alignnone wp-image-6410\" src=\"https:\/\/www.rkmega.com\/wp-content\/uploads\/2025\/06\/\u5fae\u4fe1\u56fe\u7247_20250611162428_7466.jpg\" alt=\"\" width=\"146\" height=\"257\" srcset=\"https:\/\/www.rkmega.com\/wp-content\/uploads\/2025\/06\/\u5fae\u4fe1\u56fe\u7247_20250611162428_7466.jpg 819w, https:\/\/www.rkmega.com\/wp-content\/uploads\/2025\/06\/\u5fae\u4fe1\u56fe\u7247_20250611162428_7466-171x300.jpg 171w, https:\/\/www.rkmega.com\/wp-content\/uploads\/2025\/06\/\u5fae\u4fe1\u56fe\u7247_20250611162428_7466-582x1024.jpg 582w, https:\/\/www.rkmega.com\/wp-content\/uploads\/2025\/06\/\u5fae\u4fe1\u56fe\u7247_20250611162428_7466-768x1350.jpg 768w, https:\/\/www.rkmega.com\/wp-content\/uploads\/2025\/06\/\u5fae\u4fe1\u56fe\u7247_20250611162428_7466-7x12.jpg 7w, https:\/\/www.rkmega.com\/wp-content\/uploads\/2025\/06\/\u5fae\u4fe1\u56fe\u7247_20250611162428_7466-300x527.jpg 300w, https:\/\/www.rkmega.com\/wp-content\/uploads\/2025\/06\/\u5fae\u4fe1\u56fe\u7247_20250611162428_7466-600x1055.jpg 600w\" sizes=\"(max-width: 146px) 100vw, 146px\" \/> <img decoding=\"async\" class=\"alignnone wp-image-6409\" src=\"https:\/\/www.rkmega.com\/wp-content\/uploads\/2025\/06\/\u5fae\u4fe1\u56fe\u7247_20250611162426_7464.png\" alt=\"\" width=\"254\" height=\"254\" srcset=\"https:\/\/www.rkmega.com\/wp-content\/uploads\/2025\/06\/\u5fae\u4fe1\u56fe\u7247_20250611162426_7464.png 1920w, https:\/\/www.rkmega.com\/wp-content\/uploads\/2025\/06\/\u5fae\u4fe1\u56fe\u7247_20250611162426_7464-300x300.png 300w, https:\/\/www.rkmega.com\/wp-content\/uploads\/2025\/06\/\u5fae\u4fe1\u56fe\u7247_20250611162426_7464-1024x1024.png 1024w, https:\/\/www.rkmega.com\/wp-content\/uploads\/2025\/06\/\u5fae\u4fe1\u56fe\u7247_20250611162426_7464-150x150.png 150w, https:\/\/www.rkmega.com\/wp-content\/uploads\/2025\/06\/\u5fae\u4fe1\u56fe\u7247_20250611162426_7464-768x768.png 768w, https:\/\/www.rkmega.com\/wp-content\/uploads\/2025\/06\/\u5fae\u4fe1\u56fe\u7247_20250611162426_7464-1536x1536.png 1536w, https:\/\/www.rkmega.com\/wp-content\/uploads\/2025\/06\/\u5fae\u4fe1\u56fe\u7247_20250611162426_7464-12x12.png 12w, https:\/\/www.rkmega.com\/wp-content\/uploads\/2025\/06\/\u5fae\u4fe1\u56fe\u7247_20250611162426_7464-600x600.png 600w, https:\/\/www.rkmega.com\/wp-content\/uploads\/2025\/06\/\u5fae\u4fe1\u56fe\u7247_20250611162426_7464-100x100.png 100w\" sizes=\"(max-width: 254px) 100vw, 254px\" \/><\/p>\n<\/td>\n<\/tr>\n<tr>\n<td width=\"53\">1<\/td>\n<td width=\"263\">Resolu\u00e7\u00f5es do gabinete (L x A)<\/td>\n<td width=\"306\">256\u00d7256pixels<\/td>\n<\/tr>\n<tr>\n<td width=\"53\">2<\/td>\n<td width=\"263\">Disposi\u00e7\u00e3o dos m\u00f3dulos<\/td>\n<td width=\"306\">2\u00d72<\/td>\n<\/tr>\n<tr>\n<td width=\"53\">3<\/td>\n<td width=\"263\">Brilho (nits)<\/td>\n<td width=\"306\"><strong>2000nit<\/strong><\/td>\n<\/tr>\n<tr>\n<td width=\"53\">4<\/td>\n<td width=\"263\">\u00c2ngulo de visualiza\u00e7\u00e3o (H \/ V)<\/td>\n<td width=\"306\">Horizontal 170\u00b0 \/ Vertical 170\u00b0<\/td>\n<\/tr>\n<tr>\n<td width=\"53\">5<\/td>\n<td width=\"263\">Contraste m\u00e1ximo<\/td>\n<td width=\"306\">20000:1<\/td>\n<\/tr>\n<tr>\n<td width=\"53\">6<\/td>\n<td width=\"263\">Tamanho do gabinete (L x A x T)<\/td>\n<td width=\"306\">500mm\u00d7500mm\u00d789mm<\/td>\n<\/tr>\n<tr>\n<td width=\"53\">7<\/td>\n<td width=\"263\">Peso<\/td>\n<td width=\"306\">7,8 kg \/ gabinete<\/td>\n<\/tr>\n<tr>\n<td width=\"53\">8<\/td>\n<td width=\"263\">Material do gabinete<\/td>\n<td width=\"306\">Alum\u00ednio fundido\u00a0<strong><b>com capacidade de curva (min-10\u00b0~+10\u00b0)<\/b><\/strong><\/td>\n<\/tr>\n<tr>\n<td width=\"53\">9<\/td>\n<td width=\"263\">Planicidade do gabinete<\/td>\n<td width=\"306\">\uff1c0,1 mm<\/td>\n<\/tr>\n<tr>\n<td width=\"53\">10<\/td>\n<td width=\"263\">Modo de manuten\u00e7\u00e3o do gabinete<\/td>\n<td width=\"306\">Servi\u00e7o frontal ou traseiro<\/td>\n<\/tr>\n<tr>\n<td width=\"53\"><a name=\"_Toc6664\"><\/a>11<\/td>\n<td width=\"263\"><strong><b>Modo de conex\u00e3o<\/b><\/strong><\/td>\n<td width=\"306\"><strong><b>Sem cabos<\/b><\/strong><\/td>\n<\/tr>\n<tr>\n<td width=\"53\">12<\/td>\n<td width=\"263\"><strong><b>Fonte de alimenta\u00e7\u00e3o<\/b><\/strong><\/td>\n<td width=\"306\"><strong><b>Meanwell com certifica\u00e7\u00e3o CE<\/b><\/strong><\/td>\n<\/tr>\n<\/tbody>\n<\/table>\n<h3>3\u3001<strong>Sistema de controle\u00a0<\/strong><\/h3>\n<table>\n<tbody>\n<tr>\n<td width=\"53\">1<\/td>\n<td width=\"263\">Escala de cinza<\/td>\n<td width=\"320\"><strong>22BIT<\/strong><\/td>\n<\/tr>\n<tr>\n<td width=\"53\">2<\/td>\n<td width=\"263\">Tipo de motorista<\/td>\n<td width=\"320\">16 Varredura<\/td>\n<\/tr>\n<tr>\n<td width=\"53\">3<\/td>\n<td width=\"263\">Taxa de quadros<\/td>\n<td width=\"320\"><strong><b>120FPS<\/b><\/strong><\/td>\n<\/tr>\n<tr>\n<td width=\"53\">4<\/td>\n<td width=\"263\">Taxa de atualiza\u00e7\u00e3o<\/td>\n<td width=\"320\"><strong><b>7680HZ<\/b><\/strong><\/td>\n<\/tr>\n<tr>\n<td width=\"53\">5<\/td>\n<td width=\"263\">Temperatura de cor<\/td>\n<td width=\"320\">2000K-9500K<\/td>\n<\/tr>\n<tr>\n<td width=\"53\">6<\/td>\n<td width=\"263\">Controle de brilho<\/td>\n<td width=\"320\">Controle manual \/ autom\u00e1tico \/ programado<\/td>\n<\/tr>\n<tr>\n<td width=\"53\">7<\/td>\n<td width=\"263\">Corre\u00e7\u00e3o de pixels<\/td>\n<td width=\"320\">Ajuste de brilho e cor<\/td>\n<\/tr>\n<tr>\n<td width=\"53\"><a name=\"_Toc22598\"><\/a>8<\/td>\n<td width=\"263\">Modo de controle<\/td>\n<td width=\"320\">Controle de sincroniza\u00e7\u00e3o<\/td>\n<\/tr>\n<tr>\n<td width=\"53\">9<\/td>\n<td width=\"263\">Dist\u00e2ncia de controle<\/td>\n<td width=\"320\"><strong><b>Cabo CATS=\uff1c100m; fibra monomodo=<\/b><\/strong><strong><b>10%~<\/b><\/strong><strong><b>8<\/b><\/strong><strong><b>0% RH<\/b><\/strong><strong><b>10KM)<\/b><\/strong><\/td>\n<\/tr>\n<tr>\n<td width=\"53\">10<\/td>\n<td width=\"263\">Interface de software<\/td>\n<td width=\"320\">Windows XP \/7\/8\/10<\/td>\n<\/tr>\n<tr>\n<td width=\"53\">11<\/td>\n<td width=\"263\">Sinal de entrada<\/td>\n<td width=\"320\">Entrada de cabo<\/td>\n<\/tr>\n<tr>\n<td width=\"53\">12<\/td>\n<td width=\"263\"><strong><b>Sistema de controle de LED<\/b><\/strong><\/td>\n<td width=\"320\"><strong><b>Nova A10S-PRO<\/b><\/strong><\/td>\n<\/tr>\n<\/tbody>\n<\/table>\n<h3>4\u3001<strong>Opera\u00e7\u00e3o da tela\u00a0<\/strong><\/h3>\n<table>\n<tbody>\n<tr>\n<td width=\"53\">1<\/td>\n<td width=\"263\">Tens\u00e3o de trabalho<\/td>\n<td width=\"306\">100~240VAC\uff0850~60Hz\uff09<\/td>\n<\/tr>\n<tr>\n<td width=\"53\">2<\/td>\n<td width=\"263\">Pot\u00eancia de pico<\/td>\n<td width=\"306\">\u2264680W\/\u33a1<\/td>\n<\/tr>\n<tr>\n<td width=\"53\">3<\/td>\n<td width=\"263\">Pot\u00eancia m\u00e9dia<\/td>\n<td width=\"306\">\u2264230W\/\u33a1<\/td>\n<\/tr>\n<tr>\n<td width=\"53\">4<\/td>\n<td width=\"263\">Horas de trabalho cont\u00ednuo (horas)<\/td>\n<td width=\"306\">\u22657\u00d724 horas, suporta exibi\u00e7\u00e3o cont\u00ednua<\/td>\n<\/tr>\n<tr>\n<td width=\"53\">5<\/td>\n<td width=\"263\">MTBF (horas)<\/td>\n<td width=\"306\">\u226510000 horas<\/td>\n<\/tr>\n<tr>\n<td width=\"53\">6<\/td>\n<td width=\"263\">Vida \u00fatil do LED<\/td>\n<td width=\"306\">100.000 horas<\/td>\n<\/tr>\n<tr>\n<td width=\"53\">7<\/td>\n<td width=\"263\">Temperatura de armazenamento<\/td>\n<td width=\"306\">-20\u2103~60\u2103<\/td>\n<\/tr>\n<tr>\n<td width=\"53\">8<\/td>\n<td width=\"263\">Temperatura operacional<\/td>\n<td width=\"306\">-20 \u2103~45\u2103<\/td>\n<\/tr>\n<tr>\n<td width=\"53\">9<\/td>\n<td width=\"263\">Umidade de armazenamento<\/td>\n<td width=\"306\">10%~85% RH<\/td>\n<\/tr>\n<tr>\n<td width=\"53\">10<\/td>\n<td width=\"263\">Umidade operacional<\/td>\n<td width=\"306\">10%~95% RH<\/td>\n<\/tr>\n<\/tbody>\n<\/table>\n<p>&nbsp;<\/p>\n<p>Observa\u00e7\u00e3o: Pode haver algumas altera\u00e7\u00f5es dependendo dos diferentes projetos<\/p>","protected":false},"excerpt":{"rendered":"<p><strong><b>Especifica\u00e7\u00e3o<\/b><\/strong><\/p>\n<p><strong><u><b>Visor de aluguel de COB de c\u00e1todo comum flip-chip<\/b><\/u><\/strong><\/p>\n<p><strong><u><b>P1.953 500mm\u00d7500mm Alum\u00ednio fundido sob press\u00e3o\uff08V1.0\uff09<\/b><\/u><\/strong><\/p>","protected":false},"featured_media":6421,"comment_status":"open","ping_status":"closed","template":"","meta":{"site-sidebar-layout":"default","site-content-layout":"","ast-site-content-layout":"default","site-content-style":"default","site-sidebar-style":"default","ast-global-header-display":"","ast-banner-title-visibility":"","ast-main-header-display":"","ast-hfb-above-header-display":"","ast-hfb-below-header-display":"","ast-hfb-mobile-header-display":"","site-post-title":"","ast-breadcrumbs-content":"","ast-featured-img":"","footer-sml-layout":"","theme-transparent-header-meta":"default","adv-header-id-meta":"","stick-header-meta":"","header-above-stick-meta":"","header-main-stick-meta":"","header-below-stick-meta":"","astra-migrate-meta-layouts":"set","ast-page-background-enabled":"default","ast-page-background-meta":{"desktop":{"background-color":"","background-image":"","background-repeat":"repeat","background-position":"center center","background-size":"auto","background-attachment":"scroll","background-type":"","background-media":"","overlay-type":"","overlay-color":"","overlay-opacity":"","overlay-gradient":""},"tablet":{"background-color":"","background-image":"","background-repeat":"repeat","background-position":"center center","background-size":"auto","background-attachment":"scroll","background-type":"","background-media":"","overlay-type":"","overlay-color":"","overlay-opacity":"","overlay-gradient":""},"mobile":{"background-color":"","background-image":"","background-repeat":"repeat","background-position":"center center","background-size":"auto","background-attachment":"scroll","background-type":"","background-media":"","overlay-type":"","overlay-color":"","overlay-opacity":"","overlay-gradient":""}},"ast-content-background-meta":{"desktop":{"background-color":"var(--ast-global-color-5)","background-image":"","background-repeat":"repeat","background-position":"center center","background-size":"auto","background-attachment":"scroll","background-type":"","background-media":"","overlay-type":"","overlay-color":"","overlay-opacity":"","overlay-gradient":""},"tablet":{"background-color":"var(--ast-global-color-5)","background-image":"","background-repeat":"repeat","background-position":"center center","background-size":"auto","background-attachment":"scroll","background-type":"","background-media":"","overlay-type":"","overlay-color":"","overlay-opacity":"","overlay-gradient":""},"mobile":{"background-color":"var(--ast-global-color-5)","background-image":"","background-repeat":"repeat","background-position":"center center","background-size":"auto","background-attachment":"scroll","background-type":"","background-media":"","overlay-type":"","overlay-color":"","overlay-opacity":"","overlay-gradient":""}}},"product_cat":[91,57],"product_tag":[],"class_list":{"0":"post-6399","1":"product","2":"type-product","3":"status-publish","4":"has-post-thumbnail","6":"product_cat-cob-series","7":"product_cat-display-screen","8":"desktop-align-left","9":"tablet-align-left","10":"mobile-align-left","12":"first","13":"instock","14":"shipping-taxable","15":"product-type-simple"},"yoast_head":"<!-- This site is optimized with the Yoast SEO plugin v24.9 - https:\/\/yoast.com\/wordpress\/plugins\/seo\/ -->\n<title>COB Rental Display-XR - LED Solution Provider | OEM&amp;ODM | 15+ Years<\/title>\n<meta name=\"robots\" content=\"index, follow, max-snippet:-1, max-image-preview:large, max-video-preview:-1\" \/>\n<link rel=\"canonical\" href=\"https:\/\/www.rkmega.com\/pt\/produto\/cob-rental\/\" \/>\n<meta property=\"og:locale\" content=\"pt_BR\" \/>\n<meta property=\"og:type\" content=\"article\" \/>\n<meta property=\"og:title\" content=\"COB Rental Display-XR - LED Solution Provider | OEM&amp;ODM | 15+ Years\" \/>\n<meta property=\"og:description\" content=\"Specification  Flip-chip Common Cathode COB Rental Display  P1.953 500mm\u00d7500mm Die Casting Aluminum\uff08V1.0\uff09\" \/>\n<meta property=\"og:url\" content=\"https:\/\/www.rkmega.com\/pt\/produto\/cob-rental\/\" \/>\n<meta property=\"og:site_name\" content=\"LED Solution Provider | OEM&amp;ODM | 15+ Years\" \/>\n<meta property=\"article:modified_time\" content=\"2025-06-12T09:00:12+00:00\" \/>\n<meta property=\"og:image\" content=\"https:\/\/www.rkmega.com\/wp-content\/uploads\/2025\/06\/LED-\u6d4b\u8bd5\u4e3b\u56feA.jpg\" \/>\n\t<meta property=\"og:image:width\" content=\"1024\" \/>\n\t<meta property=\"og:image:height\" content=\"768\" \/>\n\t<meta property=\"og:image:type\" content=\"image\/jpeg\" \/>\n<meta name=\"twitter:card\" content=\"summary_large_image\" \/>\n<meta name=\"twitter:label1\" content=\"Est. tempo de leitura\" \/>\n\t<meta name=\"twitter:data1\" content=\"3 minutos\" \/>\n<script type=\"application\/ld+json\" class=\"yoast-schema-graph\">{\"@context\":\"https:\/\/schema.org\",\"@graph\":[{\"@type\":\"WebPage\",\"@id\":\"https:\/\/www.rkmega.com\/product\/cob-rental\/\",\"url\":\"https:\/\/www.rkmega.com\/product\/cob-rental\/\",\"name\":\"COB Rental Display-XR - LED Solution Provider | OEM&amp;ODM | 15+ Years\",\"isPartOf\":{\"@id\":\"https:\/\/www.rkmega.com\/#website\"},\"primaryImageOfPage\":{\"@id\":\"https:\/\/www.rkmega.com\/product\/cob-rental\/#primaryimage\"},\"image\":{\"@id\":\"https:\/\/www.rkmega.com\/product\/cob-rental\/#primaryimage\"},\"thumbnailUrl\":\"https:\/\/www.rkmega.com\/wp-content\/uploads\/2025\/06\/LED-\u6d4b\u8bd5\u4e3b\u56feA.jpg\",\"datePublished\":\"2025-06-11T08:53:11+00:00\",\"dateModified\":\"2025-06-12T09:00:12+00:00\",\"breadcrumb\":{\"@id\":\"https:\/\/www.rkmega.com\/product\/cob-rental\/#breadcrumb\"},\"inLanguage\":\"pt-BR\",\"potentialAction\":[{\"@type\":\"ReadAction\",\"target\":[\"https:\/\/www.rkmega.com\/product\/cob-rental\/\"]}]},{\"@type\":\"ImageObject\",\"inLanguage\":\"pt-BR\",\"@id\":\"https:\/\/www.rkmega.com\/product\/cob-rental\/#primaryimage\",\"url\":\"https:\/\/www.rkmega.com\/wp-content\/uploads\/2025\/06\/LED-\u6d4b\u8bd5\u4e3b\u56feA.jpg\",\"contentUrl\":\"https:\/\/www.rkmega.com\/wp-content\/uploads\/2025\/06\/LED-\u6d4b\u8bd5\u4e3b\u56feA.jpg\",\"width\":1024,\"height\":768},{\"@type\":\"BreadcrumbList\",\"@id\":\"https:\/\/www.rkmega.com\/product\/cob-rental\/#breadcrumb\",\"itemListElement\":[{\"@type\":\"ListItem\",\"position\":1,\"name\":\"Home\",\"item\":\"https:\/\/www.rkmega.com\/\"},{\"@type\":\"ListItem\",\"position\":2,\"name\":\"Store\",\"item\":\"https:\/\/www.rkmega.com\/store\/\"},{\"@type\":\"ListItem\",\"position\":3,\"name\":\"COB Rental Display-XR\"}]},{\"@type\":\"WebSite\",\"@id\":\"https:\/\/www.rkmega.com\/#website\",\"url\":\"https:\/\/www.rkmega.com\/\",\"name\":\"LED DISPLAY\",\"description\":\"\",\"publisher\":{\"@id\":\"https:\/\/www.rkmega.com\/#organization\"},\"potentialAction\":[{\"@type\":\"SearchAction\",\"target\":{\"@type\":\"EntryPoint\",\"urlTemplate\":\"https:\/\/www.rkmega.com\/?s={search_term_string}\"},\"query-input\":{\"@type\":\"PropertyValueSpecification\",\"valueRequired\":true,\"valueName\":\"search_term_string\"}}],\"inLanguage\":\"pt-BR\"},{\"@type\":\"Organization\",\"@id\":\"https:\/\/www.rkmega.com\/#organization\",\"name\":\"RKMEGA\",\"url\":\"https:\/\/www.rkmega.com\/\",\"logo\":{\"@type\":\"ImageObject\",\"inLanguage\":\"pt-BR\",\"@id\":\"https:\/\/www.rkmega.com\/#\/schema\/logo\/image\/\",\"url\":\"https:\/\/www.rkmega.com\/wp-content\/uploads\/2024\/12\/cropped-LOGO180X60-2.png\",\"contentUrl\":\"https:\/\/www.rkmega.com\/wp-content\/uploads\/2024\/12\/cropped-LOGO180X60-2.png\",\"width\":180,\"height\":60,\"caption\":\"RKMEGA\"},\"image\":{\"@id\":\"https:\/\/www.rkmega.com\/#\/schema\/logo\/image\/\"}}]}<\/script>\n<!-- \/ Yoast SEO plugin. -->","yoast_head_json":{"title":"COB Rental Display-XR - LED Solution Provider | OEM&amp;ODM | 15+ Years","robots":{"index":"index","follow":"follow","max-snippet":"max-snippet:-1","max-image-preview":"max-image-preview:large","max-video-preview":"max-video-preview:-1"},"canonical":"https:\/\/www.rkmega.com\/pt\/produto\/cob-rental\/","og_locale":"pt_BR","og_type":"article","og_title":"COB Rental Display-XR - LED Solution Provider | OEM&amp;ODM | 15+ Years","og_description":"Specification  Flip-chip Common Cathode COB Rental Display  P1.953 500mm\u00d7500mm Die Casting Aluminum\uff08V1.0\uff09","og_url":"https:\/\/www.rkmega.com\/pt\/produto\/cob-rental\/","og_site_name":"LED Solution Provider | OEM&amp;ODM | 15+ Years","article_modified_time":"2025-06-12T09:00:12+00:00","og_image":[{"width":1024,"height":768,"url":"https:\/\/www.rkmega.com\/wp-content\/uploads\/2025\/06\/LED-\u6d4b\u8bd5\u4e3b\u56feA.jpg","type":"image\/jpeg"}],"twitter_card":"summary_large_image","twitter_misc":{"Est. tempo de leitura":"3 minutos"},"schema":{"@context":"https:\/\/schema.org","@graph":[{"@type":"WebPage","@id":"https:\/\/www.rkmega.com\/product\/cob-rental\/","url":"https:\/\/www.rkmega.com\/product\/cob-rental\/","name":"COB Rental Display-XR - LED Solution Provider | OEM&amp;ODM | 15+ Years","isPartOf":{"@id":"https:\/\/www.rkmega.com\/#website"},"primaryImageOfPage":{"@id":"https:\/\/www.rkmega.com\/product\/cob-rental\/#primaryimage"},"image":{"@id":"https:\/\/www.rkmega.com\/product\/cob-rental\/#primaryimage"},"thumbnailUrl":"https:\/\/www.rkmega.com\/wp-content\/uploads\/2025\/06\/LED-\u6d4b\u8bd5\u4e3b\u56feA.jpg","datePublished":"2025-06-11T08:53:11+00:00","dateModified":"2025-06-12T09:00:12+00:00","breadcrumb":{"@id":"https:\/\/www.rkmega.com\/product\/cob-rental\/#breadcrumb"},"inLanguage":"pt-BR","potentialAction":[{"@type":"ReadAction","target":["https:\/\/www.rkmega.com\/product\/cob-rental\/"]}]},{"@type":"ImageObject","inLanguage":"pt-BR","@id":"https:\/\/www.rkmega.com\/product\/cob-rental\/#primaryimage","url":"https:\/\/www.rkmega.com\/wp-content\/uploads\/2025\/06\/LED-\u6d4b\u8bd5\u4e3b\u56feA.jpg","contentUrl":"https:\/\/www.rkmega.com\/wp-content\/uploads\/2025\/06\/LED-\u6d4b\u8bd5\u4e3b\u56feA.jpg","width":1024,"height":768},{"@type":"BreadcrumbList","@id":"https:\/\/www.rkmega.com\/product\/cob-rental\/#breadcrumb","itemListElement":[{"@type":"ListItem","position":1,"name":"Home","item":"https:\/\/www.rkmega.com\/"},{"@type":"ListItem","position":2,"name":"Store","item":"https:\/\/www.rkmega.com\/store\/"},{"@type":"ListItem","position":3,"name":"COB Rental Display-XR"}]},{"@type":"WebSite","@id":"https:\/\/www.rkmega.com\/#website","url":"https:\/\/www.rkmega.com\/","name":"LED DISPLAY","description":"","publisher":{"@id":"https:\/\/www.rkmega.com\/#organization"},"potentialAction":[{"@type":"SearchAction","target":{"@type":"EntryPoint","urlTemplate":"https:\/\/www.rkmega.com\/?s={search_term_string}"},"query-input":{"@type":"PropertyValueSpecification","valueRequired":true,"valueName":"search_term_string"}}],"inLanguage":"pt-BR"},{"@type":"Organization","@id":"https:\/\/www.rkmega.com\/#organization","name":"RKMEGA","url":"https:\/\/www.rkmega.com\/","logo":{"@type":"ImageObject","inLanguage":"pt-BR","@id":"https:\/\/www.rkmega.com\/#\/schema\/logo\/image\/","url":"https:\/\/www.rkmega.com\/wp-content\/uploads\/2024\/12\/cropped-LOGO180X60-2.png","contentUrl":"https:\/\/www.rkmega.com\/wp-content\/uploads\/2024\/12\/cropped-LOGO180X60-2.png","width":180,"height":60,"caption":"RKMEGA"},"image":{"@id":"https:\/\/www.rkmega.com\/#\/schema\/logo\/image\/"}}]}},"_links":{"self":[{"href":"https:\/\/www.rkmega.com\/pt\/wp-json\/wp\/v2\/product\/6399","targetHints":{"allow":["GET"]}}],"collection":[{"href":"https:\/\/www.rkmega.com\/pt\/wp-json\/wp\/v2\/product"}],"about":[{"href":"https:\/\/www.rkmega.com\/pt\/wp-json\/wp\/v2\/types\/product"}],"replies":[{"embeddable":true,"href":"https:\/\/www.rkmega.com\/pt\/wp-json\/wp\/v2\/comments?post=6399"}],"version-history":[{"count":5,"href":"https:\/\/www.rkmega.com\/pt\/wp-json\/wp\/v2\/product\/6399\/revisions"}],"predecessor-version":[{"id":6443,"href":"https:\/\/www.rkmega.com\/pt\/wp-json\/wp\/v2\/product\/6399\/revisions\/6443"}],"wp:featuredmedia":[{"embeddable":true,"href":"https:\/\/www.rkmega.com\/pt\/wp-json\/wp\/v2\/media\/6421"}],"wp:attachment":[{"href":"https:\/\/www.rkmega.com\/pt\/wp-json\/wp\/v2\/media?parent=6399"}],"wp:term":[{"taxonomy":"product_cat","embeddable":true,"href":"https:\/\/www.rkmega.com\/pt\/wp-json\/wp\/v2\/product_cat?post=6399"},{"taxonomy":"product_tag","embeddable":true,"href":"https:\/\/www.rkmega.com\/pt\/wp-json\/wp\/v2\/product_tag?post=6399"}],"curies":[{"name":"wp","href":"https:\/\/api.w.org\/{rel}","templated":true}]}}